{"id":103448,"date":"2026-02-06T12:47:18","date_gmt":"2026-02-06T11:47:18","guid":{"rendered":"https:\/\/truusk.store\/?post_type=product&#038;p=103448"},"modified":"2026-03-12T09:39:24","modified_gmt":"2026-03-12T08:39:24","slug":"truusk-familjetalt-for-5-6-personer-latt-att-bara-matt-455x22x18m-ljusgra-svart","status":"publish","type":"product","link":"https:\/\/truusk.store\/sv\/produkt\/truusk-familjetalt-for-5-6-personer-latt-att-bara-matt-455x22x18m-ljusgra-svart\/","title":{"rendered":"TRUUSK Familjet\u00e4lt f\u00f6r 5-6 Personer &#8211; L\u00e4tt att B\u00e4ra &#8211; M\u00e5tt 4,55&#215;2,2&#215;1,8m &#8211; Ljusgr\u00e5\/Svart"},"content":{"rendered":"<p>Detta 5-6 personers tunnelst\u00e4lt \u00e4r idealiskt f\u00f6r campingresor, \u00f6vernattningar eller vandringar. Det rymliga t\u00e4ltet erbjuder tillr\u00e4ckligt med utrymme f\u00f6r par eller familjer och det v\u00e4derbest\u00e4ndiga \u00f6verdraget skyddar dem p\u00e5 din resa fr\u00e5n elementen och farlig UV-str\u00e5lning. Campingt\u00e4ltets h\u00f6gkvalitativa material \u00e4r rostbest\u00e4ndiga och h\u00e5llbara. I leveransen ing\u00e5r t\u00e4ltspikar och en transportv\u00e4ska f\u00f6r enkel transport.<\/p>\n<p>Beskrivning:<\/p>\n<ul>\n<li> \u00d6verdraget \u00e4r vattent\u00e4tt och UV-resistent<\/li>\n<li> N\u00e4t design skyddar mot elementen<\/li>\n<li> Inkl. b\u00e4rv\u00e4ska f\u00f6r enkel transport<\/li>\n<li> Krok f\u00f6r campinglampor<\/li>\n<li> Avtagbart ytter\u00f6verdrag f\u00f6r att \u00f6ppna takf\u00f6nster<\/li>\n<li> Rymlig nog f\u00f6r 5-6 personer<\/li>\n<li> H\u00f6gkvalitativt material av campingt\u00e4ltet h\u00e5ller i \u00e5ratal<\/li>\n<li> Inkl. t\u00e4ltspikar<\/li>\n<li> St\u00e5l och glasfiber ram \u00e4r robust och rostbest\u00e4ndig<\/li>\n<li> Extra fickor med f\u00f6rvaringsutrymme f\u00f6r sm\u00e5saker<\/li>\n<li> 3-s\u00e4songers tunnelst\u00e4lt: Idealiskt f\u00f6r v\u00e5r, sommar och h\u00f6st<\/li>\n<li> Inte l\u00e4mplig f\u00f6r extremt v\u00e4der<\/li>\n<li> Inte l\u00e4mplig f\u00f6r extremt l\u00e5ga temperaturer<\/li>\n<li> Obs: utan distansh\u00e5llare<\/li>\n<\/ul>\n<p> Tekniska data:<\/p>\n<ul>\n<li> F\u00e4rg: Ljusgr\u00e5+Svart<\/li>\n<li> Material: Polyester, Oxford, glasfiber, st\u00e5l<\/li>\n<li> Totala dimensioner: 4,55L x 2,2B x 1,8H m<\/li>\n<li> D\u00f6rrdimensioner: 1,36B x 1,3H m<\/li>\n<\/ul>\n<p>Leveransinneh\u00e5ll:<\/p>\n<ul>\n<li> 1 x Campingt\u00e4lt<\/li>\n<li> 14 x T\u00e4ltspikar<\/li>\n<li> 6 x T\u00e4ltlinor<\/li>\n<li> 1 x B\u00e4rv\u00e4ska<\/li>\n<li> 1 x Monteringsanvisning<\/li>\n<\/ul>\n","protected":false},"excerpt":{"rendered":"<p>Detta 5-6 personers tunnelst\u00e4lt \u00e4r idealiskt f\u00f6r campingresor, \u00f6vernattningar eller vandringar. Det rymliga t\u00e4ltet erbjuder tillr\u00e4ckligt med utrymme f\u00f6r par&#8230;<\/p>\n","protected":false},"featured_media":103438,"template":"","meta":[],"product_brand":[],"product_cat":[648,647,650],"product_tag":[],"class_list":{"0":"post-103448","1":"product","2":"type-product","3":"status-publish","4":"has-post-thumbnail","6":"product_cat-camping-tillbehor","7":"product_cat-sport-fritid","8":"product_cat-talt","10":"first","11":"instock","12":"sale","13":"taxable","14":"shipping-taxable","15":"purchasable","16":"product-type-simple"},"yoast_head":"<!-- This site is optimized with the Yoast SEO plugin v25.4 - https:\/\/yoast.com\/wordpress\/plugins\/seo\/ -->\n<title>TRUUSK Familjet\u00e4lt f\u00f6r 5-6 Personer - L\u00e4tt att B\u00e4ra - M\u00e5tt 4,55x2,2x1,8m - Ljusgr\u00e5\/Svart - TRUUSK - Hem, Tr\u00e4dg\u00e5rd &amp; Fritid<\/title>\n<meta name=\"robots\" content=\"index, follow, max-snippet:-1, max-image-preview:large, max-video-preview:-1\" \/>\n<link rel=\"canonical\" href=\"https:\/\/truusk.store\/sv\/produkt\/truusk-familjetalt-for-5-6-personer-latt-att-bara-matt-455x22x18m-ljusgra-svart\/\" \/>\n<meta property=\"og:locale\" content=\"sv_SE\" \/>\n<meta property=\"og:type\" content=\"article\" \/>\n<meta property=\"og:title\" content=\"TRUUSK Familjet\u00e4lt f\u00f6r 5-6 Personer - L\u00e4tt att B\u00e4ra - M\u00e5tt 4,55x2,2x1,8m - Ljusgr\u00e5\/Svart - TRUUSK - Hem, Tr\u00e4dg\u00e5rd &amp; Fritid\" \/>\n<meta property=\"og:description\" content=\"Detta 5-6 personers tunnelst\u00e4lt \u00e4r idealiskt f\u00f6r campingresor, \u00f6vernattningar eller vandringar. Det rymliga t\u00e4ltet erbjuder tillr\u00e4ckligt med utrymme f\u00f6r par...\" \/>\n<meta property=\"og:url\" content=\"https:\/\/truusk.store\/sv\/produkt\/truusk-familjetalt-for-5-6-personer-latt-att-bara-matt-455x22x18m-ljusgra-svart\/\" \/>\n<meta property=\"og:site_name\" content=\"TRUUSK - Hem, Tr\u00e4dg\u00e5rd &amp; Fritid\" \/>\n<meta property=\"article:modified_time\" content=\"2026-03-12T08:39:24+00:00\" \/>\n<meta property=\"og:image\" content=\"https:\/\/i0.wp.com\/truusk.se\/wp-content\/uploads\/2026\/02\/campingtalt-for-5-6-personer-familjetalt-barvaska-455x22x18m-ljusgra-svart-1.webp?fit=2000%2C2000&ssl=1\" \/>\n\t<meta property=\"og:image:width\" content=\"2000\" \/>\n\t<meta property=\"og:image:height\" content=\"2000\" \/>\n\t<meta property=\"og:image:type\" content=\"image\/webp\" \/>\n<meta name=\"twitter:card\" content=\"summary_large_image\" \/>\n<meta name=\"twitter:label1\" content=\"Ber\u00e4knad l\u00e4stid\" \/>\n\t<meta name=\"twitter:data1\" content=\"1 minut\" \/>\n<!-- \/ Yoast SEO plugin. -->","yoast_head_json":{"title":"TRUUSK Familjet\u00e4lt f\u00f6r 5-6 Personer - L\u00e4tt att B\u00e4ra - M\u00e5tt 4,55x2,2x1,8m - Ljusgr\u00e5\/Svart - TRUUSK - Hem, Tr\u00e4dg\u00e5rd &amp; Fritid","robots":{"index":"index","follow":"follow","max-snippet":"max-snippet:-1","max-image-preview":"max-image-preview:large","max-video-preview":"max-video-preview:-1"},"canonical":"https:\/\/truusk.store\/sv\/produkt\/truusk-familjetalt-for-5-6-personer-latt-att-bara-matt-455x22x18m-ljusgra-svart\/","og_locale":"sv_SE","og_type":"article","og_title":"TRUUSK Familjet\u00e4lt f\u00f6r 5-6 Personer - L\u00e4tt att B\u00e4ra - M\u00e5tt 4,55x2,2x1,8m - Ljusgr\u00e5\/Svart - TRUUSK - Hem, Tr\u00e4dg\u00e5rd &amp; Fritid","og_description":"Detta 5-6 personers tunnelst\u00e4lt \u00e4r idealiskt f\u00f6r campingresor, \u00f6vernattningar eller vandringar. Det rymliga t\u00e4ltet erbjuder tillr\u00e4ckligt med utrymme f\u00f6r par...","og_url":"https:\/\/truusk.store\/sv\/produkt\/truusk-familjetalt-for-5-6-personer-latt-att-bara-matt-455x22x18m-ljusgra-svart\/","og_site_name":"TRUUSK - Hem, Tr\u00e4dg\u00e5rd &amp; Fritid","article_modified_time":"2026-03-12T08:39:24+00:00","og_image":[{"width":2000,"height":2000,"url":"https:\/\/i0.wp.com\/truusk.se\/wp-content\/uploads\/2026\/02\/campingtalt-for-5-6-personer-familjetalt-barvaska-455x22x18m-ljusgra-svart-1.webp?fit=2000%2C2000&ssl=1","type":"image\/webp"}],"twitter_card":"summary_large_image","twitter_misc":{"Ber\u00e4knad l\u00e4stid":"1 minut"},"schema":{"@context":"https:\/\/schema.org","@graph":[{"@type":"WebPage","@id":"https:\/\/truusk.store\/sv\/produkt\/truusk-familjetalt-for-5-6-personer-latt-att-bara-matt-455x22x18m-ljusgra-svart\/","url":"https:\/\/truusk.store\/sv\/produkt\/truusk-familjetalt-for-5-6-personer-latt-att-bara-matt-455x22x18m-ljusgra-svart\/","name":"TRUUSK Familjet\u00e4lt f\u00f6r 5-6 Personer - L\u00e4tt att B\u00e4ra - M\u00e5tt 4,55x2,2x1,8m - Ljusgr\u00e5\/Svart - TRUUSK - Hem, Tr\u00e4dg\u00e5rd &amp; Fritid","isPartOf":{"@id":"https:\/\/truusk.store\/sv\/#website"},"primaryImageOfPage":{"@id":"https:\/\/truusk.store\/sv\/produkt\/truusk-familjetalt-for-5-6-personer-latt-att-bara-matt-455x22x18m-ljusgra-svart\/#primaryimage"},"image":{"@id":"https:\/\/truusk.store\/sv\/produkt\/truusk-familjetalt-for-5-6-personer-latt-att-bara-matt-455x22x18m-ljusgra-svart\/#primaryimage"},"thumbnailUrl":"https:\/\/i0.wp.com\/truusk.store\/wp-content\/uploads\/2026\/02\/campingtalt-for-5-6-personer-familjetalt-barvaska-455x22x18m-ljusgra-svart-1.webp?fit=2000%2C2000&ssl=1","datePublished":"2026-02-06T11:47:18+00:00","dateModified":"2026-03-12T08:39:24+00:00","breadcrumb":{"@id":"https:\/\/truusk.store\/sv\/produkt\/truusk-familjetalt-for-5-6-personer-latt-att-bara-matt-455x22x18m-ljusgra-svart\/#breadcrumb"},"inLanguage":"sv-SE","potentialAction":[{"@type":"ReadAction","target":["https:\/\/truusk.store\/sv\/produkt\/truusk-familjetalt-for-5-6-personer-latt-att-bara-matt-455x22x18m-ljusgra-svart\/"]}]},{"@type":"ImageObject","inLanguage":"sv-SE","@id":"https:\/\/truusk.store\/sv\/produkt\/truusk-familjetalt-for-5-6-personer-latt-att-bara-matt-455x22x18m-ljusgra-svart\/#primaryimage","url":"https:\/\/i0.wp.com\/truusk.store\/wp-content\/uploads\/2026\/02\/campingtalt-for-5-6-personer-familjetalt-barvaska-455x22x18m-ljusgra-svart-1.webp?fit=2000%2C2000&ssl=1","contentUrl":"https:\/\/i0.wp.com\/truusk.store\/wp-content\/uploads\/2026\/02\/campingtalt-for-5-6-personer-familjetalt-barvaska-455x22x18m-ljusgra-svart-1.webp?fit=2000%2C2000&ssl=1","width":2000,"height":2000},{"@type":"BreadcrumbList","@id":"https:\/\/truusk.store\/sv\/produkt\/truusk-familjetalt-for-5-6-personer-latt-att-bara-matt-455x22x18m-ljusgra-svart\/#breadcrumb","itemListElement":[{"@type":"ListItem","position":1,"name":"Home","item":"https:\/\/truusk.store\/sv\/"},{"@type":"ListItem","position":2,"name":"Shop","item":"https:\/\/truusk.store\/shop\/"},{"@type":"ListItem","position":3,"name":"TRUUSK Familjet\u00e4lt f\u00f6r 5-6 Personer &#8211; L\u00e4tt att B\u00e4ra &#8211; M\u00e5tt 4,55&#215;2,2&#215;1,8m &#8211; Ljusgr\u00e5\/Svart"}]},{"@type":"WebSite","@id":"https:\/\/truusk.store\/sv\/#website","url":"https:\/\/truusk.store\/sv\/","name":"TRUUSK - Hem, Tr\u00e4dg\u00e5rd & Fritid","description":"","publisher":{"@id":"https:\/\/truusk.store\/sv\/#organization"},"potentialAction":[{"@type":"SearchAction","target":{"@type":"EntryPoint","urlTemplate":"https:\/\/truusk.store\/sv\/?s={search_term_string}"},"query-input":{"@type":"PropertyValueSpecification","valueRequired":true,"valueName":"search_term_string"}}],"inLanguage":"sv-SE"},{"@type":"Organization","@id":"https:\/\/truusk.store\/sv\/#organization","name":"TRUUSK - Hem, Tr\u00e4dg\u00e5rd & Fritid","url":"https:\/\/truusk.store\/sv\/","logo":{"@type":"ImageObject","inLanguage":"sv-SE","@id":"https:\/\/truusk.store\/sv\/#\/schema\/logo\/image\/","url":"https:\/\/i0.wp.com\/truusk.store\/wp-content\/uploads\/2026\/03\/cropped-TRUUSK.png?fit=2032%2C917&ssl=1","contentUrl":"https:\/\/i0.wp.com\/truusk.store\/wp-content\/uploads\/2026\/03\/cropped-TRUUSK.png?fit=2032%2C917&ssl=1","width":2032,"height":917,"caption":"TRUUSK - Hem, Tr\u00e4dg\u00e5rd & Fritid"},"image":{"@id":"https:\/\/truusk.store\/sv\/#\/schema\/logo\/image\/"}}]}},"jetpack_sharing_enabled":true,"_links":{"self":[{"href":"https:\/\/truusk.store\/sv\/wp-json\/wp\/v2\/product\/103448","targetHints":{"allow":["GET"]}}],"collection":[{"href":"https:\/\/truusk.store\/sv\/wp-json\/wp\/v2\/product"}],"about":[{"href":"https:\/\/truusk.store\/sv\/wp-json\/wp\/v2\/types\/product"}],"wp:featuredmedia":[{"embeddable":true,"href":"https:\/\/truusk.store\/sv\/wp-json\/wp\/v2\/media\/103438"}],"wp:attachment":[{"href":"https:\/\/truusk.store\/sv\/wp-json\/wp\/v2\/media?parent=103448"}],"wp:term":[{"taxonomy":"product_brand","embeddable":true,"href":"https:\/\/truusk.store\/sv\/wp-json\/wp\/v2\/product_brand?post=103448"},{"taxonomy":"product_cat","embeddable":true,"href":"https:\/\/truusk.store\/sv\/wp-json\/wp\/v2\/product_cat?post=103448"},{"taxonomy":"product_tag","embeddable":true,"href":"https:\/\/truusk.store\/sv\/wp-json\/wp\/v2\/product_tag?post=103448"}],"curies":[{"name":"wp","href":"https:\/\/api.w.org\/{rel}","templated":true}]}}