{"id":103458,"date":"2026-02-06T12:55:44","date_gmt":"2026-02-06T11:55:44","guid":{"rendered":"https:\/\/truusk.store\/product\/tradgardspaviljong-33-x-4-m-tradgardstalt-med-natgardiner-tvastegstak-konstladeroverdrag-metallram-ljusgra\/"},"modified":"2026-03-12T09:46:36","modified_gmt":"2026-03-12T08:46:36","slug":"truusk-tradgardspaviljong-33-x-4-m-natgardiner-tvastegstak-konstladeroverdrag-metallram-ljusgra","status":"publish","type":"product","link":"https:\/\/truusk.store\/sv\/produkt\/truusk-tradgardspaviljong-33-x-4-m-natgardiner-tvastegstak-konstladeroverdrag-metallram-ljusgra\/","title":{"rendered":"TRUUSK Tr\u00e4dg\u00e5rdspaviljong 3,3 x 4 m &#8211; N\u00e4tgardiner &#8211; Tv\u00e5stegstak &#8211; Konstl\u00e4der\u00f6verdrag &#8211; Metallram &#8211; Ljusgr\u00e5"},"content":{"rendered":"<p>Upplev tjusningen med [BRAND NAME] tr\u00e4dg\u00e5rdspaviljongen med dess eleganta tv\u00e5stegs b\u00e5gtak, som erbjuder f\u00f6rb\u00e4ttrad luftcirkulation och en modern look. Dra nytta av UV20+ skyddet genom taket belagt med konstl\u00e4der och paviljongens n\u00e4tgardiner med myggn\u00e4t. Perfekt f\u00f6r varje tr\u00e4dg\u00e5rd eller terrass, erbjuder denna stabila paviljong med 13 m\u00b2 tillr\u00e4ckligt med utrymme f\u00f6r olika evenemang med v\u00e4nner och familj.<\/p>\n<p>Beskrivning:<\/p>\n<ul>\n<li> Paviljongens tv\u00e5stegs b\u00e5gtak \u00f6kar sk\u00f6nheten och f\u00f6rb\u00e4ttrar luftcirkulationen<\/li>\n<li> N\u00e4tet i paviljongens takventiler h\u00e5ller insekter borta<\/li>\n<li> Belagd med konstl\u00e4der f\u00f6r UV20+ skydd, erbjuder skugga och komfort<\/li>\n<li> Pulverlackerade metallpelare och stora f\u00f6tter ger stabilitet<\/li>\n<li> Dr\u00e4neringsh\u00e5l i den v\u00e4derbest\u00e4ndiga tr\u00e4dg\u00e5rdspaviljongen f\u00f6rhindrar vattenansamlingar<\/li>\n<li> Inneh\u00e5ller markankare och skruvar f\u00f6r m\u00e5ngsidiga monteringsalternativ<\/li>\n<li> Den rymliga storleken p\u00e5 3,3 x 4 m rymmer bekv\u00e4mt 8-10 personer<\/li>\n<li> Det rekommenderas att mer \u00e4n 2 personer gemensamt utf\u00f6r monteringen<\/li>\n<\/ul>\n<p> Tekniska specifikationer:<\/p>\n<ul>\n<li> F\u00e4rg: Ljusgr\u00e5<\/li>\n<li> Material: F\u00f6rzinkat metall, polyester<\/li>\n<li> Totala dimensioner: 395L x 330B x 294H cm<\/li>\n<li> Takfotsh\u00f6jd: 197H cm<\/li>\n<li> Pelaravst\u00e5nd: 348L x 290B cm<\/li>\n<li> Pelarstorlek: 6L x 6B cm<\/li>\n<li> Fotstorlek: 14L x 14B cm<\/li>\n<li> Vindstyrka: 4-5<\/li>\n<li> Sn\u00f6belastning: 5-10 kg<\/li>\n<\/ul>\n<p>Leveransinneh\u00e5ll:<\/p>\n<ul>\n<li> 1 x Metallpaviljong<\/li>\n<li> 16 x Markspik<\/li>\n<li> 8 x Expansionsplugg<\/li>\n<li> 1 x Handbok<\/li>\n<li>Viktigt: Vi levererar artikeln kostnadsfritt till trottoarkanten. Var v\u00e4nlig och se till att adressen och telefonnumret \u00e4r korrekt.<\/li>\n<\/ul>\n","protected":false},"excerpt":{"rendered":"<p>Upplev tjusningen med [BRAND NAME] tr\u00e4dg\u00e5rdspaviljongen med dess eleganta tv\u00e5stegs b\u00e5gtak, som erbjuder f\u00f6rb\u00e4ttrad luftcirkulation och en modern look. Dra&#8230;<\/p>\n","protected":false},"featured_media":103449,"template":"","meta":[],"product_brand":[],"product_cat":[477,858,476],"product_tag":[],"class_list":{"0":"post-103458","1":"product","2":"type-product","3":"status-publish","4":"has-post-thumbnail","6":"product_cat-paviljonger-partytalt","7":"product_cat-tradgard-terrass","8":"product_cat-tradgardspaviljonger","10":"first","11":"instock","12":"sale","13":"taxable","14":"shipping-taxable","15":"purchasable","16":"product-type-simple"},"yoast_head":"<!-- This site is optimized with the Yoast SEO plugin v25.4 - https:\/\/yoast.com\/wordpress\/plugins\/seo\/ -->\n<title>TRUUSK Tr\u00e4dg\u00e5rdspaviljong 3,3 x 4 m - N\u00e4tgardiner - Tv\u00e5stegstak - Konstl\u00e4der\u00f6verdrag - Metallram - Ljusgr\u00e5 - TRUUSK - Hem, Tr\u00e4dg\u00e5rd &amp; Fritid<\/title>\n<meta name=\"robots\" content=\"index, follow, max-snippet:-1, max-image-preview:large, max-video-preview:-1\" \/>\n<link rel=\"canonical\" href=\"https:\/\/truusk.store\/sv\/produkt\/truusk-tradgardspaviljong-33-x-4-m-natgardiner-tvastegstak-konstladeroverdrag-metallram-ljusgra\/\" \/>\n<meta property=\"og:locale\" content=\"sv_SE\" \/>\n<meta property=\"og:type\" content=\"article\" \/>\n<meta property=\"og:title\" content=\"TRUUSK Tr\u00e4dg\u00e5rdspaviljong 3,3 x 4 m - N\u00e4tgardiner - Tv\u00e5stegstak - Konstl\u00e4der\u00f6verdrag - Metallram - Ljusgr\u00e5 - TRUUSK - Hem, Tr\u00e4dg\u00e5rd &amp; Fritid\" \/>\n<meta property=\"og:description\" content=\"Upplev tjusningen med [BRAND NAME] tr\u00e4dg\u00e5rdspaviljongen med dess eleganta tv\u00e5stegs b\u00e5gtak, som erbjuder f\u00f6rb\u00e4ttrad luftcirkulation och en modern look. Dra...\" \/>\n<meta property=\"og:url\" content=\"https:\/\/truusk.store\/sv\/produkt\/truusk-tradgardspaviljong-33-x-4-m-natgardiner-tvastegstak-konstladeroverdrag-metallram-ljusgra\/\" \/>\n<meta property=\"og:site_name\" content=\"TRUUSK - Hem, Tr\u00e4dg\u00e5rd &amp; Fritid\" \/>\n<meta property=\"article:modified_time\" content=\"2026-03-12T08:46:36+00:00\" \/>\n<meta property=\"og:image\" content=\"https:\/\/i0.wp.com\/truusk.se\/wp-content\/uploads\/2026\/02\/tradgardspaviljong-33-x-4-m-tradgardstalt-med-natgardiner-tvastegstak-konstladeroverdrag-metallram-ljusgra-1.webp?fit=2000%2C2000&ssl=1\" \/>\n\t<meta property=\"og:image:width\" content=\"2000\" \/>\n\t<meta property=\"og:image:height\" content=\"2000\" \/>\n\t<meta property=\"og:image:type\" content=\"image\/webp\" \/>\n<meta name=\"twitter:card\" content=\"summary_large_image\" \/>\n<meta name=\"twitter:label1\" content=\"Ber\u00e4knad l\u00e4stid\" \/>\n\t<meta name=\"twitter:data1\" content=\"1 minut\" \/>\n<!-- \/ Yoast SEO plugin. -->","yoast_head_json":{"title":"TRUUSK Tr\u00e4dg\u00e5rdspaviljong 3,3 x 4 m - N\u00e4tgardiner - Tv\u00e5stegstak - Konstl\u00e4der\u00f6verdrag - Metallram - Ljusgr\u00e5 - TRUUSK - Hem, Tr\u00e4dg\u00e5rd &amp; Fritid","robots":{"index":"index","follow":"follow","max-snippet":"max-snippet:-1","max-image-preview":"max-image-preview:large","max-video-preview":"max-video-preview:-1"},"canonical":"https:\/\/truusk.store\/sv\/produkt\/truusk-tradgardspaviljong-33-x-4-m-natgardiner-tvastegstak-konstladeroverdrag-metallram-ljusgra\/","og_locale":"sv_SE","og_type":"article","og_title":"TRUUSK Tr\u00e4dg\u00e5rdspaviljong 3,3 x 4 m - N\u00e4tgardiner - Tv\u00e5stegstak - Konstl\u00e4der\u00f6verdrag - Metallram - Ljusgr\u00e5 - TRUUSK - Hem, Tr\u00e4dg\u00e5rd &amp; Fritid","og_description":"Upplev tjusningen med [BRAND NAME] tr\u00e4dg\u00e5rdspaviljongen med dess eleganta tv\u00e5stegs b\u00e5gtak, som erbjuder f\u00f6rb\u00e4ttrad luftcirkulation och en modern look. Dra...","og_url":"https:\/\/truusk.store\/sv\/produkt\/truusk-tradgardspaviljong-33-x-4-m-natgardiner-tvastegstak-konstladeroverdrag-metallram-ljusgra\/","og_site_name":"TRUUSK - Hem, Tr\u00e4dg\u00e5rd &amp; Fritid","article_modified_time":"2026-03-12T08:46:36+00:00","og_image":[{"width":2000,"height":2000,"url":"https:\/\/i0.wp.com\/truusk.se\/wp-content\/uploads\/2026\/02\/tradgardspaviljong-33-x-4-m-tradgardstalt-med-natgardiner-tvastegstak-konstladeroverdrag-metallram-ljusgra-1.webp?fit=2000%2C2000&ssl=1","type":"image\/webp"}],"twitter_card":"summary_large_image","twitter_misc":{"Ber\u00e4knad l\u00e4stid":"1 minut"},"schema":{"@context":"https:\/\/schema.org","@graph":[{"@type":"WebPage","@id":"https:\/\/truusk.store\/sv\/produkt\/truusk-tradgardspaviljong-33-x-4-m-natgardiner-tvastegstak-konstladeroverdrag-metallram-ljusgra\/","url":"https:\/\/truusk.store\/sv\/produkt\/truusk-tradgardspaviljong-33-x-4-m-natgardiner-tvastegstak-konstladeroverdrag-metallram-ljusgra\/","name":"TRUUSK Tr\u00e4dg\u00e5rdspaviljong 3,3 x 4 m - N\u00e4tgardiner - Tv\u00e5stegstak - Konstl\u00e4der\u00f6verdrag - Metallram - Ljusgr\u00e5 - TRUUSK - Hem, Tr\u00e4dg\u00e5rd &amp; Fritid","isPartOf":{"@id":"https:\/\/truusk.store\/sv\/#website"},"primaryImageOfPage":{"@id":"https:\/\/truusk.store\/sv\/produkt\/truusk-tradgardspaviljong-33-x-4-m-natgardiner-tvastegstak-konstladeroverdrag-metallram-ljusgra\/#primaryimage"},"image":{"@id":"https:\/\/truusk.store\/sv\/produkt\/truusk-tradgardspaviljong-33-x-4-m-natgardiner-tvastegstak-konstladeroverdrag-metallram-ljusgra\/#primaryimage"},"thumbnailUrl":"https:\/\/i0.wp.com\/truusk.store\/wp-content\/uploads\/2026\/02\/tradgardspaviljong-33-x-4-m-tradgardstalt-med-natgardiner-tvastegstak-konstladeroverdrag-metallram-ljusgra-1.webp?fit=2000%2C2000&ssl=1","datePublished":"2026-02-06T11:55:44+00:00","dateModified":"2026-03-12T08:46:36+00:00","breadcrumb":{"@id":"https:\/\/truusk.store\/sv\/produkt\/truusk-tradgardspaviljong-33-x-4-m-natgardiner-tvastegstak-konstladeroverdrag-metallram-ljusgra\/#breadcrumb"},"inLanguage":"sv-SE","potentialAction":[{"@type":"ReadAction","target":["https:\/\/truusk.store\/sv\/produkt\/truusk-tradgardspaviljong-33-x-4-m-natgardiner-tvastegstak-konstladeroverdrag-metallram-ljusgra\/"]}]},{"@type":"ImageObject","inLanguage":"sv-SE","@id":"https:\/\/truusk.store\/sv\/produkt\/truusk-tradgardspaviljong-33-x-4-m-natgardiner-tvastegstak-konstladeroverdrag-metallram-ljusgra\/#primaryimage","url":"https:\/\/i0.wp.com\/truusk.store\/wp-content\/uploads\/2026\/02\/tradgardspaviljong-33-x-4-m-tradgardstalt-med-natgardiner-tvastegstak-konstladeroverdrag-metallram-ljusgra-1.webp?fit=2000%2C2000&ssl=1","contentUrl":"https:\/\/i0.wp.com\/truusk.store\/wp-content\/uploads\/2026\/02\/tradgardspaviljong-33-x-4-m-tradgardstalt-med-natgardiner-tvastegstak-konstladeroverdrag-metallram-ljusgra-1.webp?fit=2000%2C2000&ssl=1","width":2000,"height":2000},{"@type":"BreadcrumbList","@id":"https:\/\/truusk.store\/sv\/produkt\/truusk-tradgardspaviljong-33-x-4-m-natgardiner-tvastegstak-konstladeroverdrag-metallram-ljusgra\/#breadcrumb","itemListElement":[{"@type":"ListItem","position":1,"name":"Home","item":"https:\/\/truusk.store\/sv\/"},{"@type":"ListItem","position":2,"name":"Shop","item":"https:\/\/truusk.store\/shop\/"},{"@type":"ListItem","position":3,"name":"TRUUSK Tr\u00e4dg\u00e5rdspaviljong 3,3 x 4 m &#8211; N\u00e4tgardiner &#8211; Tv\u00e5stegstak &#8211; Konstl\u00e4der\u00f6verdrag &#8211; Metallram &#8211; Ljusgr\u00e5"}]},{"@type":"WebSite","@id":"https:\/\/truusk.store\/sv\/#website","url":"https:\/\/truusk.store\/sv\/","name":"TRUUSK - Hem, Tr\u00e4dg\u00e5rd & Fritid","description":"","publisher":{"@id":"https:\/\/truusk.store\/sv\/#organization"},"potentialAction":[{"@type":"SearchAction","target":{"@type":"EntryPoint","urlTemplate":"https:\/\/truusk.store\/sv\/?s={search_term_string}"},"query-input":{"@type":"PropertyValueSpecification","valueRequired":true,"valueName":"search_term_string"}}],"inLanguage":"sv-SE"},{"@type":"Organization","@id":"https:\/\/truusk.store\/sv\/#organization","name":"TRUUSK - Hem, Tr\u00e4dg\u00e5rd & Fritid","url":"https:\/\/truusk.store\/sv\/","logo":{"@type":"ImageObject","inLanguage":"sv-SE","@id":"https:\/\/truusk.store\/sv\/#\/schema\/logo\/image\/","url":"https:\/\/i0.wp.com\/truusk.store\/wp-content\/uploads\/2026\/03\/cropped-TRUUSK.png?fit=2032%2C917&ssl=1","contentUrl":"https:\/\/i0.wp.com\/truusk.store\/wp-content\/uploads\/2026\/03\/cropped-TRUUSK.png?fit=2032%2C917&ssl=1","width":2032,"height":917,"caption":"TRUUSK - Hem, Tr\u00e4dg\u00e5rd & Fritid"},"image":{"@id":"https:\/\/truusk.store\/sv\/#\/schema\/logo\/image\/"}}]}},"jetpack_sharing_enabled":true,"_links":{"self":[{"href":"https:\/\/truusk.store\/sv\/wp-json\/wp\/v2\/product\/103458","targetHints":{"allow":["GET"]}}],"collection":[{"href":"https:\/\/truusk.store\/sv\/wp-json\/wp\/v2\/product"}],"about":[{"href":"https:\/\/truusk.store\/sv\/wp-json\/wp\/v2\/types\/product"}],"wp:featuredmedia":[{"embeddable":true,"href":"https:\/\/truusk.store\/sv\/wp-json\/wp\/v2\/media\/103449"}],"wp:attachment":[{"href":"https:\/\/truusk.store\/sv\/wp-json\/wp\/v2\/media?parent=103458"}],"wp:term":[{"taxonomy":"product_brand","embeddable":true,"href":"https:\/\/truusk.store\/sv\/wp-json\/wp\/v2\/product_brand?post=103458"},{"taxonomy":"product_cat","embeddable":true,"href":"https:\/\/truusk.store\/sv\/wp-json\/wp\/v2\/product_cat?post=103458"},{"taxonomy":"product_tag","embeddable":true,"href":"https:\/\/truusk.store\/sv\/wp-json\/wp\/v2\/product_tag?post=103458"}],"curies":[{"name":"wp","href":"https:\/\/api.w.org\/{rel}","templated":true}]}}