{"id":103469,"date":"2026-02-06T12:58:23","date_gmt":"2026-02-06T11:58:23","guid":{"rendered":"https:\/\/truusk.store\/product\/rottingsstol-utomhusstol-tradgardsstol-pe-rotting-89-cm-x-75-cm-x-143-cm-grasvart\/"},"modified":"2026-03-12T08:40:33","modified_gmt":"2026-03-12T07:40:33","slug":"truusk-rotting-utomhusstol-tradgardsstol-pe-rotting-89x75x143-cm-grasvart","status":"publish","type":"product","link":"https:\/\/truusk.store\/sv\/produkt\/truusk-rotting-utomhusstol-tradgardsstol-pe-rotting-89x75x143-cm-grasvart\/","title":{"rendered":"TRUUSK Rotting Utomhusstol Tr\u00e4dg\u00e5rdsstol &#8211; PE-rotting &#8211; 89x75x143 cm &#8211; Gr\u00e5+Svart"},"content":{"rendered":"<p>Uppt\u00e4ck charmen med [BRAND NAME] Rattan-tr\u00e4dg\u00e5rdsstol, som kombinerar elegansen i Rattan-v\u00e4vningen med o\u00f6vertr\u00e4ffad komfort. Denna tr\u00e4dg\u00e5rdsstol \u00e4r utrustad med en 14 cm tjock sittdyna och en bekv\u00e4m 8 cm tjock huvudst\u00f6d som tar din avkoppling till en ny niv\u00e5. Med sin robusta st\u00e5lram, som \u00e4r inlindad med PE-Rattan, och de justerbara fotst\u00f6den passar denna korgstol perfekt till alla tr\u00e4dg\u00e5rdssoffor eller solstolar.<\/p>\n<p>Beskrivning:<\/p>\n<ul>\n<li> Rattan-v\u00e4vningseffekten ger tr\u00e4dg\u00e5rden ett charmigt utseende<\/li>\n<li> Den 14 cm tjocka sittdynan p\u00e5 korgstolen ger extra komfort<\/li>\n<li> Det 8 cm mjuka huvudst\u00f6det st\u00f6der avslappnat lata<\/li>\n<li> PE-Rattan p\u00e5 st\u00e5lram \u00f6kar h\u00e5llbarheten<\/li>\n<li> Justerbara f\u00f6tter p\u00e5 tr\u00e4dg\u00e5rdsstolen ger stabilitet p\u00e5 oj\u00e4mna ytor<\/li>\n<li> St\u00f6der upp till 120 kg f\u00f6r ett brett spektrum av anv\u00e4ndare<\/li>\n<li> Montering kr\u00e4vs<\/li>\n<\/ul>\n<p> Tekniska data:<\/p>\n<ul>\n<li> F\u00e4rg: Gr\u00e5+Svart<\/li>\n<li> Material: St\u00e5l, PE Rattan, Polyester, Skum<\/li>\n<li> Totala dimensioner: 89B x 75T x 143H cm<\/li>\n<li> Sitsstorlek: 50B x 52T cm<\/li>\n<li> Sitth\u00f6jd (utan kudde): 33 cm<\/li>\n<li> Tjocklek p\u00e5 kudden: Sits: 14 cm, Huvudst\u00f6d: 8 cm<\/li>\n<li> Viktkapacitet: 120 kg<\/li>\n<\/ul>\n<p>Leveransinneh\u00e5ll:<\/p>\n<ul>\n<li> 1 x Rattan Fritidsstol<\/li>\n<li> 2 x Sittdynor<\/li>\n<li> 1 x Huvudst\u00f6d<\/li>\n<li> 1 x Manual<\/li>\n<\/ul>\n","protected":false},"excerpt":{"rendered":"<p>Uppt\u00e4ck charmen med [BRAND NAME] Rattan-tr\u00e4dg\u00e5rdsstol, som kombinerar elegansen i Rattan-v\u00e4vningen med o\u00f6vertr\u00e4ffad komfort. Denna tr\u00e4dg\u00e5rdsstol \u00e4r utrustad med en&#8230;<\/p>\n","protected":false},"featured_media":103459,"template":"","meta":[],"product_brand":[],"product_cat":[858,450,452],"product_tag":[],"class_list":{"0":"post-103469","1":"product","2":"type-product","3":"status-publish","4":"has-post-thumbnail","6":"product_cat-tradgard-terrass","7":"product_cat-tradgardsmobler","8":"product_cat-tradgardsstolar","10":"first","11":"instock","12":"sale","13":"taxable","14":"shipping-taxable","15":"purchasable","16":"product-type-simple"},"yoast_head":"<!-- This site is optimized with the Yoast SEO plugin v25.4 - https:\/\/yoast.com\/wordpress\/plugins\/seo\/ -->\n<title>TRUUSK Rotting Utomhusstol Tr\u00e4dg\u00e5rdsstol - PE-rotting - 89x75x143 cm - Gr\u00e5+Svart - TRUUSK - Hem, Tr\u00e4dg\u00e5rd &amp; Fritid<\/title>\n<meta name=\"robots\" content=\"index, follow, max-snippet:-1, max-image-preview:large, max-video-preview:-1\" \/>\n<link rel=\"canonical\" href=\"https:\/\/truusk.store\/sv\/produkt\/truusk-rotting-utomhusstol-tradgardsstol-pe-rotting-89x75x143-cm-grasvart\/\" \/>\n<meta property=\"og:locale\" content=\"sv_SE\" \/>\n<meta property=\"og:type\" content=\"article\" \/>\n<meta property=\"og:title\" content=\"TRUUSK Rotting Utomhusstol Tr\u00e4dg\u00e5rdsstol - PE-rotting - 89x75x143 cm - Gr\u00e5+Svart - TRUUSK - Hem, Tr\u00e4dg\u00e5rd &amp; Fritid\" \/>\n<meta property=\"og:description\" content=\"Uppt\u00e4ck charmen med [BRAND NAME] Rattan-tr\u00e4dg\u00e5rdsstol, som kombinerar elegansen i Rattan-v\u00e4vningen med o\u00f6vertr\u00e4ffad komfort. Denna tr\u00e4dg\u00e5rdsstol \u00e4r utrustad med en...\" \/>\n<meta property=\"og:url\" content=\"https:\/\/truusk.store\/sv\/produkt\/truusk-rotting-utomhusstol-tradgardsstol-pe-rotting-89x75x143-cm-grasvart\/\" \/>\n<meta property=\"og:site_name\" content=\"TRUUSK - Hem, Tr\u00e4dg\u00e5rd &amp; Fritid\" \/>\n<meta property=\"article:modified_time\" content=\"2026-03-12T07:40:33+00:00\" \/>\n<meta property=\"og:image\" content=\"https:\/\/i0.wp.com\/truusk.se\/wp-content\/uploads\/2026\/02\/rottingsstol-utomhusstol-tradgardsstol-pe-rotting-89-cm-x-75-cm-x-143-cm-grasvart-1.webp?fit=2000%2C2000&ssl=1\" \/>\n\t<meta property=\"og:image:width\" content=\"2000\" \/>\n\t<meta property=\"og:image:height\" content=\"2000\" \/>\n\t<meta property=\"og:image:type\" content=\"image\/webp\" \/>\n<meta name=\"twitter:card\" content=\"summary_large_image\" \/>\n<meta name=\"twitter:label1\" content=\"Ber\u00e4knad l\u00e4stid\" \/>\n\t<meta name=\"twitter:data1\" content=\"1 minut\" \/>\n<!-- \/ Yoast SEO plugin. -->","yoast_head_json":{"title":"TRUUSK Rotting Utomhusstol Tr\u00e4dg\u00e5rdsstol - PE-rotting - 89x75x143 cm - Gr\u00e5+Svart - TRUUSK - Hem, Tr\u00e4dg\u00e5rd &amp; Fritid","robots":{"index":"index","follow":"follow","max-snippet":"max-snippet:-1","max-image-preview":"max-image-preview:large","max-video-preview":"max-video-preview:-1"},"canonical":"https:\/\/truusk.store\/sv\/produkt\/truusk-rotting-utomhusstol-tradgardsstol-pe-rotting-89x75x143-cm-grasvart\/","og_locale":"sv_SE","og_type":"article","og_title":"TRUUSK Rotting Utomhusstol Tr\u00e4dg\u00e5rdsstol - PE-rotting - 89x75x143 cm - Gr\u00e5+Svart - TRUUSK - Hem, Tr\u00e4dg\u00e5rd &amp; Fritid","og_description":"Uppt\u00e4ck charmen med [BRAND NAME] Rattan-tr\u00e4dg\u00e5rdsstol, som kombinerar elegansen i Rattan-v\u00e4vningen med o\u00f6vertr\u00e4ffad komfort. Denna tr\u00e4dg\u00e5rdsstol \u00e4r utrustad med en...","og_url":"https:\/\/truusk.store\/sv\/produkt\/truusk-rotting-utomhusstol-tradgardsstol-pe-rotting-89x75x143-cm-grasvart\/","og_site_name":"TRUUSK - Hem, Tr\u00e4dg\u00e5rd &amp; Fritid","article_modified_time":"2026-03-12T07:40:33+00:00","og_image":[{"width":2000,"height":2000,"url":"https:\/\/i0.wp.com\/truusk.se\/wp-content\/uploads\/2026\/02\/rottingsstol-utomhusstol-tradgardsstol-pe-rotting-89-cm-x-75-cm-x-143-cm-grasvart-1.webp?fit=2000%2C2000&ssl=1","type":"image\/webp"}],"twitter_card":"summary_large_image","twitter_misc":{"Ber\u00e4knad l\u00e4stid":"1 minut"},"schema":{"@context":"https:\/\/schema.org","@graph":[{"@type":"WebPage","@id":"https:\/\/truusk.store\/sv\/produkt\/truusk-rotting-utomhusstol-tradgardsstol-pe-rotting-89x75x143-cm-grasvart\/","url":"https:\/\/truusk.store\/sv\/produkt\/truusk-rotting-utomhusstol-tradgardsstol-pe-rotting-89x75x143-cm-grasvart\/","name":"TRUUSK Rotting Utomhusstol Tr\u00e4dg\u00e5rdsstol - PE-rotting - 89x75x143 cm - Gr\u00e5+Svart - TRUUSK - Hem, Tr\u00e4dg\u00e5rd &amp; Fritid","isPartOf":{"@id":"https:\/\/truusk.store\/sv\/#website"},"primaryImageOfPage":{"@id":"https:\/\/truusk.store\/sv\/produkt\/truusk-rotting-utomhusstol-tradgardsstol-pe-rotting-89x75x143-cm-grasvart\/#primaryimage"},"image":{"@id":"https:\/\/truusk.store\/sv\/produkt\/truusk-rotting-utomhusstol-tradgardsstol-pe-rotting-89x75x143-cm-grasvart\/#primaryimage"},"thumbnailUrl":"https:\/\/i0.wp.com\/truusk.store\/wp-content\/uploads\/2026\/02\/rottingsstol-utomhusstol-tradgardsstol-pe-rotting-89-cm-x-75-cm-x-143-cm-grasvart-1.webp?fit=2000%2C2000&ssl=1","datePublished":"2026-02-06T11:58:23+00:00","dateModified":"2026-03-12T07:40:33+00:00","breadcrumb":{"@id":"https:\/\/truusk.store\/sv\/produkt\/truusk-rotting-utomhusstol-tradgardsstol-pe-rotting-89x75x143-cm-grasvart\/#breadcrumb"},"inLanguage":"sv-SE","potentialAction":[{"@type":"ReadAction","target":["https:\/\/truusk.store\/sv\/produkt\/truusk-rotting-utomhusstol-tradgardsstol-pe-rotting-89x75x143-cm-grasvart\/"]}]},{"@type":"ImageObject","inLanguage":"sv-SE","@id":"https:\/\/truusk.store\/sv\/produkt\/truusk-rotting-utomhusstol-tradgardsstol-pe-rotting-89x75x143-cm-grasvart\/#primaryimage","url":"https:\/\/i0.wp.com\/truusk.store\/wp-content\/uploads\/2026\/02\/rottingsstol-utomhusstol-tradgardsstol-pe-rotting-89-cm-x-75-cm-x-143-cm-grasvart-1.webp?fit=2000%2C2000&ssl=1","contentUrl":"https:\/\/i0.wp.com\/truusk.store\/wp-content\/uploads\/2026\/02\/rottingsstol-utomhusstol-tradgardsstol-pe-rotting-89-cm-x-75-cm-x-143-cm-grasvart-1.webp?fit=2000%2C2000&ssl=1","width":2000,"height":2000},{"@type":"BreadcrumbList","@id":"https:\/\/truusk.store\/sv\/produkt\/truusk-rotting-utomhusstol-tradgardsstol-pe-rotting-89x75x143-cm-grasvart\/#breadcrumb","itemListElement":[{"@type":"ListItem","position":1,"name":"Home","item":"https:\/\/truusk.store\/sv\/"},{"@type":"ListItem","position":2,"name":"Shop","item":"https:\/\/truusk.store\/shop\/"},{"@type":"ListItem","position":3,"name":"TRUUSK Rotting Utomhusstol Tr\u00e4dg\u00e5rdsstol &#8211; PE-rotting &#8211; 89x75x143 cm &#8211; Gr\u00e5+Svart"}]},{"@type":"WebSite","@id":"https:\/\/truusk.store\/sv\/#website","url":"https:\/\/truusk.store\/sv\/","name":"TRUUSK - Hem, Tr\u00e4dg\u00e5rd & Fritid","description":"","publisher":{"@id":"https:\/\/truusk.store\/sv\/#organization"},"potentialAction":[{"@type":"SearchAction","target":{"@type":"EntryPoint","urlTemplate":"https:\/\/truusk.store\/sv\/?s={search_term_string}"},"query-input":{"@type":"PropertyValueSpecification","valueRequired":true,"valueName":"search_term_string"}}],"inLanguage":"sv-SE"},{"@type":"Organization","@id":"https:\/\/truusk.store\/sv\/#organization","name":"TRUUSK - Hem, Tr\u00e4dg\u00e5rd & Fritid","url":"https:\/\/truusk.store\/sv\/","logo":{"@type":"ImageObject","inLanguage":"sv-SE","@id":"https:\/\/truusk.store\/sv\/#\/schema\/logo\/image\/","url":"https:\/\/i0.wp.com\/truusk.store\/wp-content\/uploads\/2026\/03\/cropped-TRUUSK.png?fit=2032%2C917&ssl=1","contentUrl":"https:\/\/i0.wp.com\/truusk.store\/wp-content\/uploads\/2026\/03\/cropped-TRUUSK.png?fit=2032%2C917&ssl=1","width":2032,"height":917,"caption":"TRUUSK - Hem, Tr\u00e4dg\u00e5rd & Fritid"},"image":{"@id":"https:\/\/truusk.store\/sv\/#\/schema\/logo\/image\/"}}]}},"jetpack_sharing_enabled":true,"_links":{"self":[{"href":"https:\/\/truusk.store\/sv\/wp-json\/wp\/v2\/product\/103469","targetHints":{"allow":["GET"]}}],"collection":[{"href":"https:\/\/truusk.store\/sv\/wp-json\/wp\/v2\/product"}],"about":[{"href":"https:\/\/truusk.store\/sv\/wp-json\/wp\/v2\/types\/product"}],"wp:featuredmedia":[{"embeddable":true,"href":"https:\/\/truusk.store\/sv\/wp-json\/wp\/v2\/media\/103459"}],"wp:attachment":[{"href":"https:\/\/truusk.store\/sv\/wp-json\/wp\/v2\/media?parent=103469"}],"wp:term":[{"taxonomy":"product_brand","embeddable":true,"href":"https:\/\/truusk.store\/sv\/wp-json\/wp\/v2\/product_brand?post=103469"},{"taxonomy":"product_cat","embeddable":true,"href":"https:\/\/truusk.store\/sv\/wp-json\/wp\/v2\/product_cat?post=103469"},{"taxonomy":"product_tag","embeddable":true,"href":"https:\/\/truusk.store\/sv\/wp-json\/wp\/v2\/product_tag?post=103469"}],"curies":[{"name":"wp","href":"https:\/\/api.w.org\/{rel}","templated":true}]}}