{"id":103478,"date":"2026-02-06T12:59:20","date_gmt":"2026-02-06T11:59:20","guid":{"rendered":"https:\/\/truusk.store\/?post_type=product&#038;p=103478"},"modified":"2026-03-12T08:40:53","modified_gmt":"2026-03-12T07:40:53","slug":"truusk-hollywoodgunga-tradgardsgunga-2-sits-med-soltak-175-x-112-x-158-cm-beige","status":"publish","type":"product","link":"https:\/\/truusk.store\/sv\/produkt\/truusk-hollywoodgunga-tradgardsgunga-2-sits-med-soltak-175-x-112-x-158-cm-beige\/","title":{"rendered":"TRUUSK Hollywoodgunga &#8211; Tr\u00e4dg\u00e5rdsgunga &#8211; 2-sits &#8211; Med Soltak &#8211; 175 x 112 x 158 cm &#8211; Beige"},"content":{"rendered":"<p>P\u00e5 din romantiska, mjukt vadderade Hollywood-gunga kan du lugnt starta kv\u00e4llen och tillbringa tid med familj och v\u00e4nner. F\u00f6r att skydda mot stark solstr\u00e5lning \u00e4r tr\u00e4dg\u00e5rdsgungan utrustad med ett vattenavvisande soltak, vars lutning kan justeras individuellt. Mellan sittplatserna p\u00e5 gungan finns en ficka och 2 muggst\u00e4ll, s\u00e5 att du alltid har dina tillh\u00f6righeter till hands. Njut av lugna stunder med dina n\u00e4ra och k\u00e4ra eller ensam.<\/p>\n<p>Beskrivning:<\/p>\n<ul>\n<li> Hollywood-gunga f\u00f6r upp till 2 personer<\/li>\n<li> L\u00e4mplig f\u00f6r utomhusbruk som tr\u00e4dg\u00e5rd, terrass, balkong<\/li>\n<li> Stabil och stadig konstruktion av tr\u00e4dg\u00e5rdsgungan i pulverlackerat metall<\/li>\n<li> Lutningsbart tak av vattenavvisande polyester<\/li>\n<li> Sittplats och ryggst\u00f6d p\u00e5 gungan \u00e4r mjukt och tjockt vadderade, f\u00f6r optimal sittkomfort<\/li>\n<li> Med muggst\u00e4ll och ficka mellan b\u00e5da sittplatserna<\/li>\n<li> Med 4 halkfria f\u00f6tter av plast<\/li>\n<li> Snabb och enkel montering<\/li>\n<\/ul>\n<p> Tekniska data:<\/p>\n<ul>\n<li> F\u00e4rg: Beige<\/li>\n<li> Material: Metall, Polyester<\/li>\n<li> Totala m\u00e5tt: 175L x 112B x 158H cm<\/li>\n<li> Sittplats: 50B x 48T cm<\/li>\n<li> Sitt h\u00f6jd: 48 cm<\/li>\n<li> Tjocklek p\u00e5 stoppning: 5 cm<\/li>\n<li> Max. belastningskapacitet: 180 kg<\/li>\n<\/ul>\n<p>Leveransinneh\u00e5ll:<\/p>\n<ul>\n<li> 1 x Hollywood-gunga<\/li>\n<li> 1 x Monteringsanvisning<\/li>\n<\/ul>\n","protected":false},"excerpt":{"rendered":"<p>P\u00e5 din romantiska, mjukt vadderade Hollywood-gunga kan du lugnt starta kv\u00e4llen och tillbringa tid med familj och v\u00e4nner. F\u00f6r att&#8230;<\/p>\n","protected":false},"featured_media":103468,"template":"","meta":[],"product_brand":[],"product_cat":[453,858,450],"product_tag":[],"class_list":{"0":"post-103478","1":"product","2":"type-product","3":"status-publish","4":"has-post-thumbnail","6":"product_cat-hollywood-gungor","7":"product_cat-tradgard-terrass","8":"product_cat-tradgardsmobler","10":"first","11":"instock","12":"sale","13":"taxable","14":"shipping-taxable","15":"purchasable","16":"product-type-simple"},"yoast_head":"<!-- This site is optimized with the Yoast SEO plugin v25.4 - https:\/\/yoast.com\/wordpress\/plugins\/seo\/ -->\n<title>TRUUSK Hollywoodgunga - Tr\u00e4dg\u00e5rdsgunga - 2-sits - Med Soltak - 175 x 112 x 158 cm - Beige - TRUUSK - Hem, Tr\u00e4dg\u00e5rd &amp; Fritid<\/title>\n<meta name=\"robots\" content=\"index, follow, max-snippet:-1, max-image-preview:large, max-video-preview:-1\" \/>\n<link rel=\"canonical\" href=\"https:\/\/truusk.store\/sv\/produkt\/truusk-hollywoodgunga-tradgardsgunga-2-sits-med-soltak-175-x-112-x-158-cm-beige\/\" \/>\n<meta property=\"og:locale\" content=\"sv_SE\" \/>\n<meta property=\"og:type\" content=\"article\" \/>\n<meta property=\"og:title\" content=\"TRUUSK Hollywoodgunga - Tr\u00e4dg\u00e5rdsgunga - 2-sits - Med Soltak - 175 x 112 x 158 cm - Beige - TRUUSK - Hem, Tr\u00e4dg\u00e5rd &amp; Fritid\" \/>\n<meta property=\"og:description\" content=\"P\u00e5 din romantiska, mjukt vadderade Hollywood-gunga kan du lugnt starta kv\u00e4llen och tillbringa tid med familj och v\u00e4nner. F\u00f6r att...\" \/>\n<meta property=\"og:url\" content=\"https:\/\/truusk.store\/sv\/produkt\/truusk-hollywoodgunga-tradgardsgunga-2-sits-med-soltak-175-x-112-x-158-cm-beige\/\" \/>\n<meta property=\"og:site_name\" content=\"TRUUSK - Hem, Tr\u00e4dg\u00e5rd &amp; Fritid\" \/>\n<meta property=\"article:modified_time\" content=\"2026-03-12T07:40:53+00:00\" \/>\n<meta property=\"og:image\" content=\"https:\/\/i0.wp.com\/truusk.se\/wp-content\/uploads\/2026\/02\/hollywoodgunga-tradgardsgunga-2-sits-gunga-med-soltak-175-x-112-x-158-cm-beige-1.webp?fit=2000%2C2000&ssl=1\" \/>\n\t<meta property=\"og:image:width\" content=\"2000\" \/>\n\t<meta property=\"og:image:height\" content=\"2000\" \/>\n\t<meta property=\"og:image:type\" content=\"image\/webp\" \/>\n<meta name=\"twitter:card\" content=\"summary_large_image\" \/>\n<meta name=\"twitter:label1\" content=\"Ber\u00e4knad l\u00e4stid\" \/>\n\t<meta name=\"twitter:data1\" content=\"1 minut\" \/>\n<!-- \/ Yoast SEO plugin. -->","yoast_head_json":{"title":"TRUUSK Hollywoodgunga - Tr\u00e4dg\u00e5rdsgunga - 2-sits - Med Soltak - 175 x 112 x 158 cm - Beige - TRUUSK - Hem, Tr\u00e4dg\u00e5rd &amp; Fritid","robots":{"index":"index","follow":"follow","max-snippet":"max-snippet:-1","max-image-preview":"max-image-preview:large","max-video-preview":"max-video-preview:-1"},"canonical":"https:\/\/truusk.store\/sv\/produkt\/truusk-hollywoodgunga-tradgardsgunga-2-sits-med-soltak-175-x-112-x-158-cm-beige\/","og_locale":"sv_SE","og_type":"article","og_title":"TRUUSK Hollywoodgunga - Tr\u00e4dg\u00e5rdsgunga - 2-sits - Med Soltak - 175 x 112 x 158 cm - Beige - TRUUSK - Hem, Tr\u00e4dg\u00e5rd &amp; Fritid","og_description":"P\u00e5 din romantiska, mjukt vadderade Hollywood-gunga kan du lugnt starta kv\u00e4llen och tillbringa tid med familj och v\u00e4nner. F\u00f6r att...","og_url":"https:\/\/truusk.store\/sv\/produkt\/truusk-hollywoodgunga-tradgardsgunga-2-sits-med-soltak-175-x-112-x-158-cm-beige\/","og_site_name":"TRUUSK - Hem, Tr\u00e4dg\u00e5rd &amp; Fritid","article_modified_time":"2026-03-12T07:40:53+00:00","og_image":[{"width":2000,"height":2000,"url":"https:\/\/i0.wp.com\/truusk.se\/wp-content\/uploads\/2026\/02\/hollywoodgunga-tradgardsgunga-2-sits-gunga-med-soltak-175-x-112-x-158-cm-beige-1.webp?fit=2000%2C2000&ssl=1","type":"image\/webp"}],"twitter_card":"summary_large_image","twitter_misc":{"Ber\u00e4knad l\u00e4stid":"1 minut"},"schema":{"@context":"https:\/\/schema.org","@graph":[{"@type":"WebPage","@id":"https:\/\/truusk.store\/sv\/produkt\/truusk-hollywoodgunga-tradgardsgunga-2-sits-med-soltak-175-x-112-x-158-cm-beige\/","url":"https:\/\/truusk.store\/sv\/produkt\/truusk-hollywoodgunga-tradgardsgunga-2-sits-med-soltak-175-x-112-x-158-cm-beige\/","name":"TRUUSK Hollywoodgunga - Tr\u00e4dg\u00e5rdsgunga - 2-sits - Med Soltak - 175 x 112 x 158 cm - Beige - TRUUSK - Hem, Tr\u00e4dg\u00e5rd &amp; Fritid","isPartOf":{"@id":"https:\/\/truusk.store\/sv\/#website"},"primaryImageOfPage":{"@id":"https:\/\/truusk.store\/sv\/produkt\/truusk-hollywoodgunga-tradgardsgunga-2-sits-med-soltak-175-x-112-x-158-cm-beige\/#primaryimage"},"image":{"@id":"https:\/\/truusk.store\/sv\/produkt\/truusk-hollywoodgunga-tradgardsgunga-2-sits-med-soltak-175-x-112-x-158-cm-beige\/#primaryimage"},"thumbnailUrl":"https:\/\/i0.wp.com\/truusk.store\/wp-content\/uploads\/2026\/02\/hollywoodgunga-tradgardsgunga-2-sits-gunga-med-soltak-175-x-112-x-158-cm-beige-1.webp?fit=2000%2C2000&ssl=1","datePublished":"2026-02-06T11:59:20+00:00","dateModified":"2026-03-12T07:40:53+00:00","breadcrumb":{"@id":"https:\/\/truusk.store\/sv\/produkt\/truusk-hollywoodgunga-tradgardsgunga-2-sits-med-soltak-175-x-112-x-158-cm-beige\/#breadcrumb"},"inLanguage":"sv-SE","potentialAction":[{"@type":"ReadAction","target":["https:\/\/truusk.store\/sv\/produkt\/truusk-hollywoodgunga-tradgardsgunga-2-sits-med-soltak-175-x-112-x-158-cm-beige\/"]}]},{"@type":"ImageObject","inLanguage":"sv-SE","@id":"https:\/\/truusk.store\/sv\/produkt\/truusk-hollywoodgunga-tradgardsgunga-2-sits-med-soltak-175-x-112-x-158-cm-beige\/#primaryimage","url":"https:\/\/i0.wp.com\/truusk.store\/wp-content\/uploads\/2026\/02\/hollywoodgunga-tradgardsgunga-2-sits-gunga-med-soltak-175-x-112-x-158-cm-beige-1.webp?fit=2000%2C2000&ssl=1","contentUrl":"https:\/\/i0.wp.com\/truusk.store\/wp-content\/uploads\/2026\/02\/hollywoodgunga-tradgardsgunga-2-sits-gunga-med-soltak-175-x-112-x-158-cm-beige-1.webp?fit=2000%2C2000&ssl=1","width":2000,"height":2000},{"@type":"BreadcrumbList","@id":"https:\/\/truusk.store\/sv\/produkt\/truusk-hollywoodgunga-tradgardsgunga-2-sits-med-soltak-175-x-112-x-158-cm-beige\/#breadcrumb","itemListElement":[{"@type":"ListItem","position":1,"name":"Home","item":"https:\/\/truusk.store\/sv\/"},{"@type":"ListItem","position":2,"name":"Shop","item":"https:\/\/truusk.store\/shop\/"},{"@type":"ListItem","position":3,"name":"TRUUSK Hollywoodgunga &#8211; Tr\u00e4dg\u00e5rdsgunga &#8211; 2-sits &#8211; Med Soltak &#8211; 175 x 112 x 158 cm &#8211; Beige"}]},{"@type":"WebSite","@id":"https:\/\/truusk.store\/sv\/#website","url":"https:\/\/truusk.store\/sv\/","name":"TRUUSK - Hem, Tr\u00e4dg\u00e5rd & Fritid","description":"","publisher":{"@id":"https:\/\/truusk.store\/sv\/#organization"},"potentialAction":[{"@type":"SearchAction","target":{"@type":"EntryPoint","urlTemplate":"https:\/\/truusk.store\/sv\/?s={search_term_string}"},"query-input":{"@type":"PropertyValueSpecification","valueRequired":true,"valueName":"search_term_string"}}],"inLanguage":"sv-SE"},{"@type":"Organization","@id":"https:\/\/truusk.store\/sv\/#organization","name":"TRUUSK - Hem, Tr\u00e4dg\u00e5rd & Fritid","url":"https:\/\/truusk.store\/sv\/","logo":{"@type":"ImageObject","inLanguage":"sv-SE","@id":"https:\/\/truusk.store\/sv\/#\/schema\/logo\/image\/","url":"https:\/\/i0.wp.com\/truusk.store\/wp-content\/uploads\/2026\/03\/cropped-TRUUSK.png?fit=2032%2C917&ssl=1","contentUrl":"https:\/\/i0.wp.com\/truusk.store\/wp-content\/uploads\/2026\/03\/cropped-TRUUSK.png?fit=2032%2C917&ssl=1","width":2032,"height":917,"caption":"TRUUSK - Hem, Tr\u00e4dg\u00e5rd & Fritid"},"image":{"@id":"https:\/\/truusk.store\/sv\/#\/schema\/logo\/image\/"}}]}},"jetpack_sharing_enabled":true,"_links":{"self":[{"href":"https:\/\/truusk.store\/sv\/wp-json\/wp\/v2\/product\/103478","targetHints":{"allow":["GET"]}}],"collection":[{"href":"https:\/\/truusk.store\/sv\/wp-json\/wp\/v2\/product"}],"about":[{"href":"https:\/\/truusk.store\/sv\/wp-json\/wp\/v2\/types\/product"}],"wp:featuredmedia":[{"embeddable":true,"href":"https:\/\/truusk.store\/sv\/wp-json\/wp\/v2\/media\/103468"}],"wp:attachment":[{"href":"https:\/\/truusk.store\/sv\/wp-json\/wp\/v2\/media?parent=103478"}],"wp:term":[{"taxonomy":"product_brand","embeddable":true,"href":"https:\/\/truusk.store\/sv\/wp-json\/wp\/v2\/product_brand?post=103478"},{"taxonomy":"product_cat","embeddable":true,"href":"https:\/\/truusk.store\/sv\/wp-json\/wp\/v2\/product_cat?post=103478"},{"taxonomy":"product_tag","embeddable":true,"href":"https:\/\/truusk.store\/sv\/wp-json\/wp\/v2\/product_tag?post=103478"}],"curies":[{"name":"wp","href":"https:\/\/api.w.org\/{rel}","templated":true}]}}