{"id":103498,"date":"2026-02-06T13:03:55","date_gmt":"2026-02-06T12:03:55","guid":{"rendered":"https:\/\/truusk.store\/product\/2-delat-set-med-stapelbara-sidobord-runda-tradgardsbord-vaderbestandiga-balkongbord-i-stal-utrymmesbesparande-morkgra\/"},"modified":"2026-03-12T08:43:18","modified_gmt":"2026-03-12T07:43:18","slug":"truusk-2-delat-set-med-stapelbara-sidobord-runda-tradgardsbord-i-stal-vaderbestandiga-balkongbord-utrymmesbesparande","status":"publish","type":"product","link":"https:\/\/truusk.store\/sv\/produkt\/truusk-2-delat-set-med-stapelbara-sidobord-runda-tradgardsbord-i-stal-vaderbestandiga-balkongbord-utrymmesbesparande\/","title":{"rendered":"TRUUSK 2-delat Set med Stapelbara Sidobord &#8211; Runda Tr\u00e4dg\u00e5rdsbord i St\u00e5l &#8211; V\u00e4derbest\u00e4ndiga Balkongbord &#8211; Utrymmesbesparande &#8211;"},"content":{"rendered":"<p>Upplev den eleganta, utrymmesbesparande charmen med [BRAND NAME] utomhus runda tr\u00e4dg\u00e5rdsbordssats. Denna tv\u00e5delade, minimalistiska balkongbordssats sm\u00e4lter s\u00f6ml\u00f6st in i alla milj\u00f6er och kan staplas inuti varandra f\u00f6r att spara utrymme. Tillverkad av pulverlackerat st\u00e5l, det motst\u00e5r rost och b\u00e4r enkelt upp till 50 kg. De l\u00e4ttsk\u00f6tta ytorna p\u00e5 balkongbordet garanterar enkel reng\u00f6ring. Idealisk f\u00f6r stilfull avkoppling utomhus!<\/p>\n<p>Beskrivning:<\/p>\n<ul>\n<li> Tv\u00e5delad balkongbordssats med minimalistisk design f\u00f6rb\u00e4ttrar utomhusdekorationen<\/li>\n<li> M\u00e5ngsidigt anv\u00e4ndbar i olika milj\u00f6er<\/li>\n<li> Utrymmesbesparande stapling och enkel \u00e5tkomst av balkongbordet genom inb\u00f6rdes design<\/li>\n<li> Pulverlackerat st\u00e5l p\u00e5 balkongbordet erbjuder rostbest\u00e4ndighet och h\u00e5llbarhet<\/li>\n<li> Sl\u00e4ta ytor m\u00f6jligg\u00f6r snabb och enkel reng\u00f6ring<\/li>\n<li> Justerbara fotdynor ger extra stabilitet p\u00e5 oj\u00e4mna ytor<\/li>\n<li> Montering kr\u00e4vs<\/li>\n<\/ul>\n<p> Tekniska data:<\/p>\n<ul>\n<li> F\u00e4rg: M\u00f6rkgr\u00e5<\/li>\n<li> Material: St\u00e5l<\/li>\n<li> Totala dimensioner: \u00d860 x 51H cm (stor), \u00d848 x 46H cm (liten)<\/li>\n<li> B\u00e4rkapacitet: 50 kg<\/li>\n<\/ul>\n<p>Leveransinneh\u00e5ll:<\/p>\n<ul>\n<li> 2 x Terrassbord<\/li>\n<li> 1 x Bruksanvisning<\/li>\n<\/ul>\n","protected":false},"excerpt":{"rendered":"<p>Upplev den eleganta, utrymmesbesparande charmen med [BRAND NAME] utomhus runda tr\u00e4dg\u00e5rdsbordssats. Denna tv\u00e5delade, minimalistiska balkongbordssats sm\u00e4lter s\u00f6ml\u00f6st in i alla&#8230;<\/p>\n","protected":false},"featured_media":103489,"template":"","meta":[],"product_brand":[],"product_cat":[858,457,450],"product_tag":[],"class_list":{"0":"post-103498","1":"product","2":"type-product","3":"status-publish","4":"has-post-thumbnail","6":"product_cat-tradgard-terrass","7":"product_cat-tradgardsbord","8":"product_cat-tradgardsmobler","10":"first","11":"instock","12":"sale","13":"taxable","14":"shipping-taxable","15":"purchasable","16":"product-type-simple"},"yoast_head":"<!-- This site is optimized with the Yoast SEO plugin v25.4 - https:\/\/yoast.com\/wordpress\/plugins\/seo\/ -->\n<title>TRUUSK 2-delat Set med Stapelbara Sidobord - Runda Tr\u00e4dg\u00e5rdsbord i St\u00e5l - V\u00e4derbest\u00e4ndiga Balkongbord - Utrymmesbesparande - TRUUSK - Hem, Tr\u00e4dg\u00e5rd &amp; Fritid<\/title>\n<meta name=\"robots\" content=\"index, follow, max-snippet:-1, max-image-preview:large, max-video-preview:-1\" \/>\n<link rel=\"canonical\" href=\"https:\/\/truusk.store\/sv\/produkt\/truusk-2-delat-set-med-stapelbara-sidobord-runda-tradgardsbord-i-stal-vaderbestandiga-balkongbord-utrymmesbesparande\/\" \/>\n<meta property=\"og:locale\" content=\"sv_SE\" \/>\n<meta property=\"og:type\" content=\"article\" \/>\n<meta property=\"og:title\" content=\"TRUUSK 2-delat Set med Stapelbara Sidobord - Runda Tr\u00e4dg\u00e5rdsbord i St\u00e5l - V\u00e4derbest\u00e4ndiga Balkongbord - Utrymmesbesparande - TRUUSK - Hem, Tr\u00e4dg\u00e5rd &amp; Fritid\" \/>\n<meta property=\"og:description\" content=\"Upplev den eleganta, utrymmesbesparande charmen med [BRAND NAME] utomhus runda tr\u00e4dg\u00e5rdsbordssats. Denna tv\u00e5delade, minimalistiska balkongbordssats sm\u00e4lter s\u00f6ml\u00f6st in i alla...\" \/>\n<meta property=\"og:url\" content=\"https:\/\/truusk.store\/sv\/produkt\/truusk-2-delat-set-med-stapelbara-sidobord-runda-tradgardsbord-i-stal-vaderbestandiga-balkongbord-utrymmesbesparande\/\" \/>\n<meta property=\"og:site_name\" content=\"TRUUSK - Hem, Tr\u00e4dg\u00e5rd &amp; Fritid\" \/>\n<meta property=\"article:modified_time\" content=\"2026-03-12T07:43:18+00:00\" \/>\n<meta property=\"og:image\" content=\"https:\/\/i0.wp.com\/truusk.se\/wp-content\/uploads\/2026\/02\/2-delat-set-med-stapelbara-sidobord-runda-tradgardsbord-vaderbestandiga-balkongbord-i-stal-utrymmesbesparande-morkgra-1.webp?fit=2000%2C2000&ssl=1\" \/>\n\t<meta property=\"og:image:width\" content=\"2000\" \/>\n\t<meta property=\"og:image:height\" content=\"2000\" \/>\n\t<meta property=\"og:image:type\" content=\"image\/webp\" \/>\n<meta name=\"twitter:card\" content=\"summary_large_image\" \/>\n<meta name=\"twitter:label1\" content=\"Ber\u00e4knad l\u00e4stid\" \/>\n\t<meta name=\"twitter:data1\" content=\"1 minut\" \/>\n<!-- \/ Yoast SEO plugin. -->","yoast_head_json":{"title":"TRUUSK 2-delat Set med Stapelbara Sidobord - Runda Tr\u00e4dg\u00e5rdsbord i St\u00e5l - V\u00e4derbest\u00e4ndiga Balkongbord - Utrymmesbesparande - TRUUSK - Hem, Tr\u00e4dg\u00e5rd &amp; Fritid","robots":{"index":"index","follow":"follow","max-snippet":"max-snippet:-1","max-image-preview":"max-image-preview:large","max-video-preview":"max-video-preview:-1"},"canonical":"https:\/\/truusk.store\/sv\/produkt\/truusk-2-delat-set-med-stapelbara-sidobord-runda-tradgardsbord-i-stal-vaderbestandiga-balkongbord-utrymmesbesparande\/","og_locale":"sv_SE","og_type":"article","og_title":"TRUUSK 2-delat Set med Stapelbara Sidobord - Runda Tr\u00e4dg\u00e5rdsbord i St\u00e5l - V\u00e4derbest\u00e4ndiga Balkongbord - Utrymmesbesparande - TRUUSK - Hem, Tr\u00e4dg\u00e5rd &amp; Fritid","og_description":"Upplev den eleganta, utrymmesbesparande charmen med [BRAND NAME] utomhus runda tr\u00e4dg\u00e5rdsbordssats. Denna tv\u00e5delade, minimalistiska balkongbordssats sm\u00e4lter s\u00f6ml\u00f6st in i alla...","og_url":"https:\/\/truusk.store\/sv\/produkt\/truusk-2-delat-set-med-stapelbara-sidobord-runda-tradgardsbord-i-stal-vaderbestandiga-balkongbord-utrymmesbesparande\/","og_site_name":"TRUUSK - Hem, Tr\u00e4dg\u00e5rd &amp; Fritid","article_modified_time":"2026-03-12T07:43:18+00:00","og_image":[{"width":2000,"height":2000,"url":"https:\/\/i0.wp.com\/truusk.se\/wp-content\/uploads\/2026\/02\/2-delat-set-med-stapelbara-sidobord-runda-tradgardsbord-vaderbestandiga-balkongbord-i-stal-utrymmesbesparande-morkgra-1.webp?fit=2000%2C2000&ssl=1","type":"image\/webp"}],"twitter_card":"summary_large_image","twitter_misc":{"Ber\u00e4knad l\u00e4stid":"1 minut"},"schema":{"@context":"https:\/\/schema.org","@graph":[{"@type":"WebPage","@id":"https:\/\/truusk.store\/sv\/produkt\/truusk-2-delat-set-med-stapelbara-sidobord-runda-tradgardsbord-i-stal-vaderbestandiga-balkongbord-utrymmesbesparande\/","url":"https:\/\/truusk.store\/sv\/produkt\/truusk-2-delat-set-med-stapelbara-sidobord-runda-tradgardsbord-i-stal-vaderbestandiga-balkongbord-utrymmesbesparande\/","name":"TRUUSK 2-delat Set med Stapelbara Sidobord - Runda Tr\u00e4dg\u00e5rdsbord i St\u00e5l - V\u00e4derbest\u00e4ndiga Balkongbord - Utrymmesbesparande - TRUUSK - Hem, Tr\u00e4dg\u00e5rd &amp; Fritid","isPartOf":{"@id":"https:\/\/truusk.store\/sv\/#website"},"primaryImageOfPage":{"@id":"https:\/\/truusk.store\/sv\/produkt\/truusk-2-delat-set-med-stapelbara-sidobord-runda-tradgardsbord-i-stal-vaderbestandiga-balkongbord-utrymmesbesparande\/#primaryimage"},"image":{"@id":"https:\/\/truusk.store\/sv\/produkt\/truusk-2-delat-set-med-stapelbara-sidobord-runda-tradgardsbord-i-stal-vaderbestandiga-balkongbord-utrymmesbesparande\/#primaryimage"},"thumbnailUrl":"https:\/\/i0.wp.com\/truusk.store\/wp-content\/uploads\/2026\/02\/2-delat-set-med-stapelbara-sidobord-runda-tradgardsbord-vaderbestandiga-balkongbord-i-stal-utrymmesbesparande-morkgra-1.webp?fit=2000%2C2000&ssl=1","datePublished":"2026-02-06T12:03:55+00:00","dateModified":"2026-03-12T07:43:18+00:00","breadcrumb":{"@id":"https:\/\/truusk.store\/sv\/produkt\/truusk-2-delat-set-med-stapelbara-sidobord-runda-tradgardsbord-i-stal-vaderbestandiga-balkongbord-utrymmesbesparande\/#breadcrumb"},"inLanguage":"sv-SE","potentialAction":[{"@type":"ReadAction","target":["https:\/\/truusk.store\/sv\/produkt\/truusk-2-delat-set-med-stapelbara-sidobord-runda-tradgardsbord-i-stal-vaderbestandiga-balkongbord-utrymmesbesparande\/"]}]},{"@type":"ImageObject","inLanguage":"sv-SE","@id":"https:\/\/truusk.store\/sv\/produkt\/truusk-2-delat-set-med-stapelbara-sidobord-runda-tradgardsbord-i-stal-vaderbestandiga-balkongbord-utrymmesbesparande\/#primaryimage","url":"https:\/\/i0.wp.com\/truusk.store\/wp-content\/uploads\/2026\/02\/2-delat-set-med-stapelbara-sidobord-runda-tradgardsbord-vaderbestandiga-balkongbord-i-stal-utrymmesbesparande-morkgra-1.webp?fit=2000%2C2000&ssl=1","contentUrl":"https:\/\/i0.wp.com\/truusk.store\/wp-content\/uploads\/2026\/02\/2-delat-set-med-stapelbara-sidobord-runda-tradgardsbord-vaderbestandiga-balkongbord-i-stal-utrymmesbesparande-morkgra-1.webp?fit=2000%2C2000&ssl=1","width":2000,"height":2000},{"@type":"BreadcrumbList","@id":"https:\/\/truusk.store\/sv\/produkt\/truusk-2-delat-set-med-stapelbara-sidobord-runda-tradgardsbord-i-stal-vaderbestandiga-balkongbord-utrymmesbesparande\/#breadcrumb","itemListElement":[{"@type":"ListItem","position":1,"name":"Home","item":"https:\/\/truusk.store\/sv\/"},{"@type":"ListItem","position":2,"name":"Shop","item":"https:\/\/truusk.store\/shop\/"},{"@type":"ListItem","position":3,"name":"TRUUSK 2-delat Set med Stapelbara Sidobord &#8211; Runda Tr\u00e4dg\u00e5rdsbord i St\u00e5l &#8211; V\u00e4derbest\u00e4ndiga Balkongbord &#8211; Utrymmesbesparande &#8211;"}]},{"@type":"WebSite","@id":"https:\/\/truusk.store\/sv\/#website","url":"https:\/\/truusk.store\/sv\/","name":"TRUUSK - Hem, Tr\u00e4dg\u00e5rd & Fritid","description":"","publisher":{"@id":"https:\/\/truusk.store\/sv\/#organization"},"potentialAction":[{"@type":"SearchAction","target":{"@type":"EntryPoint","urlTemplate":"https:\/\/truusk.store\/sv\/?s={search_term_string}"},"query-input":{"@type":"PropertyValueSpecification","valueRequired":true,"valueName":"search_term_string"}}],"inLanguage":"sv-SE"},{"@type":"Organization","@id":"https:\/\/truusk.store\/sv\/#organization","name":"TRUUSK - Hem, Tr\u00e4dg\u00e5rd & Fritid","url":"https:\/\/truusk.store\/sv\/","logo":{"@type":"ImageObject","inLanguage":"sv-SE","@id":"https:\/\/truusk.store\/sv\/#\/schema\/logo\/image\/","url":"https:\/\/i0.wp.com\/truusk.store\/wp-content\/uploads\/2026\/03\/cropped-TRUUSK.png?fit=2032%2C917&ssl=1","contentUrl":"https:\/\/i0.wp.com\/truusk.store\/wp-content\/uploads\/2026\/03\/cropped-TRUUSK.png?fit=2032%2C917&ssl=1","width":2032,"height":917,"caption":"TRUUSK - Hem, Tr\u00e4dg\u00e5rd & Fritid"},"image":{"@id":"https:\/\/truusk.store\/sv\/#\/schema\/logo\/image\/"}}]}},"jetpack_sharing_enabled":true,"_links":{"self":[{"href":"https:\/\/truusk.store\/sv\/wp-json\/wp\/v2\/product\/103498","targetHints":{"allow":["GET"]}}],"collection":[{"href":"https:\/\/truusk.store\/sv\/wp-json\/wp\/v2\/product"}],"about":[{"href":"https:\/\/truusk.store\/sv\/wp-json\/wp\/v2\/types\/product"}],"wp:featuredmedia":[{"embeddable":true,"href":"https:\/\/truusk.store\/sv\/wp-json\/wp\/v2\/media\/103489"}],"wp:attachment":[{"href":"https:\/\/truusk.store\/sv\/wp-json\/wp\/v2\/media?parent=103498"}],"wp:term":[{"taxonomy":"product_brand","embeddable":true,"href":"https:\/\/truusk.store\/sv\/wp-json\/wp\/v2\/product_brand?post=103498"},{"taxonomy":"product_cat","embeddable":true,"href":"https:\/\/truusk.store\/sv\/wp-json\/wp\/v2\/product_cat?post=103498"},{"taxonomy":"product_tag","embeddable":true,"href":"https:\/\/truusk.store\/sv\/wp-json\/wp\/v2\/product_tag?post=103498"}],"curies":[{"name":"wp","href":"https:\/\/api.w.org\/{rel}","templated":true}]}}