{"id":103535,"date":"2026-02-06T20:20:55","date_gmt":"2026-02-06T19:20:55","guid":{"rendered":"https:\/\/truusk.store\/product\/85-cm-utomhusfontan-4-stegs-dekorativ-fontan-konstgjord-vattenfall-med-led-belysning-och-pump-gra\/"},"modified":"2026-03-12T09:46:55","modified_gmt":"2026-03-12T08:46:55","slug":"truusk-85-cm-utomhusfontan-4-stegs-dekorativ-fontan-konstgjord-vattenfall-led-belysning-och-pump-gra","status":"publish","type":"product","link":"https:\/\/truusk.store\/sv\/produkt\/truusk-85-cm-utomhusfontan-4-stegs-dekorativ-fontan-konstgjord-vattenfall-led-belysning-och-pump-gra\/","title":{"rendered":"TRUUSK 85 Cm Utomhusfont\u00e4n &#8211; 4-stegs Dekorativ Font\u00e4n &#8211; Konstgjord Vattenfall &#8211; LED-belysning Och Pump &#8211; Gr\u00e5"},"content":{"rendered":"<p>F\u00f6rvandla din tr\u00e4dg\u00e5rd till en fridfull oas med [BRAND NAME] tr\u00e4dg\u00e5rdsfont\u00e4n f\u00f6r utomhusbruk. Den fyra v\u00e5ningar h\u00f6ga tr\u00e4dg\u00e5rdsfont\u00e4nen med f\u00f6rtrollande LED-lampor och justerbart vattenfl\u00f6de skapar en f\u00f6rtrollande atmosf\u00e4r i alla utomhusomr\u00e5den. Den medf\u00f6ljande pumpen f\u00f6r font\u00e4nen s\u00e4kerst\u00e4ller en sj\u00e4lvst\u00e4ndig vattencirkulation f\u00f6r konstant plaskande och dess gr\u00e5a skal i naturstensutseende f\u00f6rh\u00f6jer varje terrass och tr\u00e4dg\u00e5rd p\u00e5 ett stilfullt s\u00e4tt.<\/p>\n<p>Beskrivning:<\/p>\n<ul>\n<li> Fyrv\u00e5nings vattenfall med 18 LED-lampor i tr\u00e4dg\u00e5rdsfont\u00e4nen f\u00f6r en f\u00e4ngslande atmosf\u00e4r<\/li>\n<li> Den medf\u00f6ljande pumpen f\u00f6r tr\u00e4dg\u00e5rdsfont\u00e4nen s\u00e4kerst\u00e4ller en smidig vattencirkulation<\/li>\n<li> Naturligt gr\u00e5a skal av font\u00e4nen ger en naturlig estetik<\/li>\n<li> V\u00e4derbest\u00e4ndigt harts garanterar h\u00e5llbarhet utomhus<\/li>\n<li> F\u00f6rsk\u00f6nar terrass, tr\u00e4dg\u00e5rd och balkong<\/li>\n<li> Montering kr\u00e4vs<\/li>\n<\/ul>\n<p> Tekniska data:<\/p>\n<ul>\n<li> F\u00e4rg: Gr\u00e5<\/li>\n<li> Material: Konstharts<\/li>\n<li> Totala dimensioner: 38L x 36B x 85H cm<\/li>\n<li> Sk\u00e5lens h\u00f6jd: 32\/50\/68\/85 cm<\/li>\n<li> Ing\u00e5ngssp\u00e4nning: AC 230-240 V, 50 Hz<\/li>\n<li> Utg\u00e5ngssp\u00e4nning: AC 12 V<\/li>\n<li> Pumpens varvtal: 3600 varv\/min<\/li>\n<li> LED-ljusinformation: Modell: F5, F\u00e4rgtemperatur: 3100-3500K, Lumen: 18-20LM<\/li>\n<li> Kabell\u00e4ngd: 300 cm<\/li>\n<\/ul>\n<p>Leveransinneh\u00e5ll:<\/p>\n<ul>\n<li> 1 x Vattenspel<\/li>\n<li> 1 x Vattenpump<\/li>\n<li> 1 x Handbok<\/li>\n<\/ul>\n","protected":false},"excerpt":{"rendered":"<p>F\u00f6rvandla din tr\u00e4dg\u00e5rd till en fridfull oas med [BRAND NAME] tr\u00e4dg\u00e5rdsfont\u00e4n f\u00f6r utomhusbruk. Den fyra v\u00e5ningar h\u00f6ga tr\u00e4dg\u00e5rdsfont\u00e4nen med f\u00f6rtrollande&#8230;<\/p>\n","protected":false},"featured_media":103519,"template":"","meta":[],"product_brand":[],"product_cat":[1108,858,464],"product_tag":[],"class_list":{"0":"post-103535","1":"product","2":"type-product","3":"status-publish","4":"has-post-thumbnail","6":"product_cat-fontaner","7":"product_cat-tradgard-terrass","8":"product_cat-tradgardsdekoration","10":"first","11":"instock","12":"sale","13":"taxable","14":"shipping-taxable","15":"purchasable","16":"product-type-simple"},"yoast_head":"<!-- This site is optimized with the Yoast SEO plugin v25.4 - https:\/\/yoast.com\/wordpress\/plugins\/seo\/ -->\n<title>TRUUSK 85 Cm Utomhusfont\u00e4n - 4-stegs Dekorativ Font\u00e4n - Konstgjord Vattenfall - LED-belysning Och Pump - Gr\u00e5 - TRUUSK - Hem, Tr\u00e4dg\u00e5rd &amp; Fritid<\/title>\n<meta name=\"robots\" content=\"index, follow, max-snippet:-1, max-image-preview:large, max-video-preview:-1\" \/>\n<link rel=\"canonical\" href=\"https:\/\/truusk.store\/sv\/produkt\/truusk-85-cm-utomhusfontan-4-stegs-dekorativ-fontan-konstgjord-vattenfall-led-belysning-och-pump-gra\/\" \/>\n<meta property=\"og:locale\" content=\"sv_SE\" \/>\n<meta property=\"og:type\" content=\"article\" \/>\n<meta property=\"og:title\" content=\"TRUUSK 85 Cm Utomhusfont\u00e4n - 4-stegs Dekorativ Font\u00e4n - Konstgjord Vattenfall - LED-belysning Och Pump - Gr\u00e5 - TRUUSK - Hem, Tr\u00e4dg\u00e5rd &amp; Fritid\" \/>\n<meta property=\"og:description\" content=\"F\u00f6rvandla din tr\u00e4dg\u00e5rd till en fridfull oas med [BRAND NAME] tr\u00e4dg\u00e5rdsfont\u00e4n f\u00f6r utomhusbruk. Den fyra v\u00e5ningar h\u00f6ga tr\u00e4dg\u00e5rdsfont\u00e4nen med f\u00f6rtrollande...\" \/>\n<meta property=\"og:url\" content=\"https:\/\/truusk.store\/sv\/produkt\/truusk-85-cm-utomhusfontan-4-stegs-dekorativ-fontan-konstgjord-vattenfall-led-belysning-och-pump-gra\/\" \/>\n<meta property=\"og:site_name\" content=\"TRUUSK - Hem, Tr\u00e4dg\u00e5rd &amp; Fritid\" \/>\n<meta property=\"article:modified_time\" content=\"2026-03-12T08:46:55+00:00\" \/>\n<meta property=\"og:image\" content=\"https:\/\/i0.wp.com\/truusk.se\/wp-content\/uploads\/2026\/02\/85-cm-utomhusfontan-4-stegs-dekorativ-fontan-konstgjord-vattenfall-med-led-belysning-och-pump-gra-1.webp?fit=2000%2C2000&ssl=1\" \/>\n\t<meta property=\"og:image:width\" content=\"2000\" \/>\n\t<meta property=\"og:image:height\" content=\"2000\" \/>\n\t<meta property=\"og:image:type\" content=\"image\/webp\" \/>\n<meta name=\"twitter:card\" content=\"summary_large_image\" \/>\n<meta name=\"twitter:label1\" content=\"Ber\u00e4knad l\u00e4stid\" \/>\n\t<meta name=\"twitter:data1\" content=\"1 minut\" \/>\n<!-- \/ Yoast SEO plugin. -->","yoast_head_json":{"title":"TRUUSK 85 Cm Utomhusfont\u00e4n - 4-stegs Dekorativ Font\u00e4n - Konstgjord Vattenfall - LED-belysning Och Pump - Gr\u00e5 - TRUUSK - Hem, Tr\u00e4dg\u00e5rd &amp; Fritid","robots":{"index":"index","follow":"follow","max-snippet":"max-snippet:-1","max-image-preview":"max-image-preview:large","max-video-preview":"max-video-preview:-1"},"canonical":"https:\/\/truusk.store\/sv\/produkt\/truusk-85-cm-utomhusfontan-4-stegs-dekorativ-fontan-konstgjord-vattenfall-led-belysning-och-pump-gra\/","og_locale":"sv_SE","og_type":"article","og_title":"TRUUSK 85 Cm Utomhusfont\u00e4n - 4-stegs Dekorativ Font\u00e4n - Konstgjord Vattenfall - LED-belysning Och Pump - Gr\u00e5 - TRUUSK - Hem, Tr\u00e4dg\u00e5rd &amp; Fritid","og_description":"F\u00f6rvandla din tr\u00e4dg\u00e5rd till en fridfull oas med [BRAND NAME] tr\u00e4dg\u00e5rdsfont\u00e4n f\u00f6r utomhusbruk. Den fyra v\u00e5ningar h\u00f6ga tr\u00e4dg\u00e5rdsfont\u00e4nen med f\u00f6rtrollande...","og_url":"https:\/\/truusk.store\/sv\/produkt\/truusk-85-cm-utomhusfontan-4-stegs-dekorativ-fontan-konstgjord-vattenfall-led-belysning-och-pump-gra\/","og_site_name":"TRUUSK - Hem, Tr\u00e4dg\u00e5rd &amp; Fritid","article_modified_time":"2026-03-12T08:46:55+00:00","og_image":[{"width":2000,"height":2000,"url":"https:\/\/i0.wp.com\/truusk.se\/wp-content\/uploads\/2026\/02\/85-cm-utomhusfontan-4-stegs-dekorativ-fontan-konstgjord-vattenfall-med-led-belysning-och-pump-gra-1.webp?fit=2000%2C2000&ssl=1","type":"image\/webp"}],"twitter_card":"summary_large_image","twitter_misc":{"Ber\u00e4knad l\u00e4stid":"1 minut"},"schema":{"@context":"https:\/\/schema.org","@graph":[{"@type":"WebPage","@id":"https:\/\/truusk.store\/sv\/produkt\/truusk-85-cm-utomhusfontan-4-stegs-dekorativ-fontan-konstgjord-vattenfall-led-belysning-och-pump-gra\/","url":"https:\/\/truusk.store\/sv\/produkt\/truusk-85-cm-utomhusfontan-4-stegs-dekorativ-fontan-konstgjord-vattenfall-led-belysning-och-pump-gra\/","name":"TRUUSK 85 Cm Utomhusfont\u00e4n - 4-stegs Dekorativ Font\u00e4n - Konstgjord Vattenfall - LED-belysning Och Pump - Gr\u00e5 - TRUUSK - Hem, Tr\u00e4dg\u00e5rd &amp; Fritid","isPartOf":{"@id":"https:\/\/truusk.store\/sv\/#website"},"primaryImageOfPage":{"@id":"https:\/\/truusk.store\/sv\/produkt\/truusk-85-cm-utomhusfontan-4-stegs-dekorativ-fontan-konstgjord-vattenfall-led-belysning-och-pump-gra\/#primaryimage"},"image":{"@id":"https:\/\/truusk.store\/sv\/produkt\/truusk-85-cm-utomhusfontan-4-stegs-dekorativ-fontan-konstgjord-vattenfall-led-belysning-och-pump-gra\/#primaryimage"},"thumbnailUrl":"https:\/\/i0.wp.com\/truusk.store\/wp-content\/uploads\/2026\/02\/85-cm-utomhusfontan-4-stegs-dekorativ-fontan-konstgjord-vattenfall-med-led-belysning-och-pump-gra-1.webp?fit=2000%2C2000&ssl=1","datePublished":"2026-02-06T19:20:55+00:00","dateModified":"2026-03-12T08:46:55+00:00","breadcrumb":{"@id":"https:\/\/truusk.store\/sv\/produkt\/truusk-85-cm-utomhusfontan-4-stegs-dekorativ-fontan-konstgjord-vattenfall-led-belysning-och-pump-gra\/#breadcrumb"},"inLanguage":"sv-SE","potentialAction":[{"@type":"ReadAction","target":["https:\/\/truusk.store\/sv\/produkt\/truusk-85-cm-utomhusfontan-4-stegs-dekorativ-fontan-konstgjord-vattenfall-led-belysning-och-pump-gra\/"]}]},{"@type":"ImageObject","inLanguage":"sv-SE","@id":"https:\/\/truusk.store\/sv\/produkt\/truusk-85-cm-utomhusfontan-4-stegs-dekorativ-fontan-konstgjord-vattenfall-led-belysning-och-pump-gra\/#primaryimage","url":"https:\/\/i0.wp.com\/truusk.store\/wp-content\/uploads\/2026\/02\/85-cm-utomhusfontan-4-stegs-dekorativ-fontan-konstgjord-vattenfall-med-led-belysning-och-pump-gra-1.webp?fit=2000%2C2000&ssl=1","contentUrl":"https:\/\/i0.wp.com\/truusk.store\/wp-content\/uploads\/2026\/02\/85-cm-utomhusfontan-4-stegs-dekorativ-fontan-konstgjord-vattenfall-med-led-belysning-och-pump-gra-1.webp?fit=2000%2C2000&ssl=1","width":2000,"height":2000},{"@type":"BreadcrumbList","@id":"https:\/\/truusk.store\/sv\/produkt\/truusk-85-cm-utomhusfontan-4-stegs-dekorativ-fontan-konstgjord-vattenfall-led-belysning-och-pump-gra\/#breadcrumb","itemListElement":[{"@type":"ListItem","position":1,"name":"Home","item":"https:\/\/truusk.store\/sv\/"},{"@type":"ListItem","position":2,"name":"Shop","item":"https:\/\/truusk.store\/shop\/"},{"@type":"ListItem","position":3,"name":"TRUUSK 85 Cm Utomhusfont\u00e4n &#8211; 4-stegs Dekorativ Font\u00e4n &#8211; Konstgjord Vattenfall &#8211; LED-belysning Och Pump &#8211; Gr\u00e5"}]},{"@type":"WebSite","@id":"https:\/\/truusk.store\/sv\/#website","url":"https:\/\/truusk.store\/sv\/","name":"TRUUSK - Hem, Tr\u00e4dg\u00e5rd & Fritid","description":"","publisher":{"@id":"https:\/\/truusk.store\/sv\/#organization"},"potentialAction":[{"@type":"SearchAction","target":{"@type":"EntryPoint","urlTemplate":"https:\/\/truusk.store\/sv\/?s={search_term_string}"},"query-input":{"@type":"PropertyValueSpecification","valueRequired":true,"valueName":"search_term_string"}}],"inLanguage":"sv-SE"},{"@type":"Organization","@id":"https:\/\/truusk.store\/sv\/#organization","name":"TRUUSK - Hem, Tr\u00e4dg\u00e5rd & Fritid","url":"https:\/\/truusk.store\/sv\/","logo":{"@type":"ImageObject","inLanguage":"sv-SE","@id":"https:\/\/truusk.store\/sv\/#\/schema\/logo\/image\/","url":"https:\/\/i0.wp.com\/truusk.store\/wp-content\/uploads\/2026\/03\/cropped-TRUUSK.png?fit=2032%2C917&ssl=1","contentUrl":"https:\/\/i0.wp.com\/truusk.store\/wp-content\/uploads\/2026\/03\/cropped-TRUUSK.png?fit=2032%2C917&ssl=1","width":2032,"height":917,"caption":"TRUUSK - Hem, Tr\u00e4dg\u00e5rd & Fritid"},"image":{"@id":"https:\/\/truusk.store\/sv\/#\/schema\/logo\/image\/"}}]}},"jetpack_sharing_enabled":true,"_links":{"self":[{"href":"https:\/\/truusk.store\/sv\/wp-json\/wp\/v2\/product\/103535","targetHints":{"allow":["GET"]}}],"collection":[{"href":"https:\/\/truusk.store\/sv\/wp-json\/wp\/v2\/product"}],"about":[{"href":"https:\/\/truusk.store\/sv\/wp-json\/wp\/v2\/types\/product"}],"wp:featuredmedia":[{"embeddable":true,"href":"https:\/\/truusk.store\/sv\/wp-json\/wp\/v2\/media\/103519"}],"wp:attachment":[{"href":"https:\/\/truusk.store\/sv\/wp-json\/wp\/v2\/media?parent=103535"}],"wp:term":[{"taxonomy":"product_brand","embeddable":true,"href":"https:\/\/truusk.store\/sv\/wp-json\/wp\/v2\/product_brand?post=103535"},{"taxonomy":"product_cat","embeddable":true,"href":"https:\/\/truusk.store\/sv\/wp-json\/wp\/v2\/product_cat?post=103535"},{"taxonomy":"product_tag","embeddable":true,"href":"https:\/\/truusk.store\/sv\/wp-json\/wp\/v2\/product_tag?post=103535"}],"curies":[{"name":"wp","href":"https:\/\/api.w.org\/{rel}","templated":true}]}}