{"id":103548,"date":"2026-02-09T04:06:38","date_gmt":"2026-02-09T03:06:38","guid":{"rendered":"https:\/\/truusk.store\/product\/adirondack-stol-vaderbestandig-adirondack-stol-i-tra-utomhus-tradgardsstol-med-hog-ryggstod-och-armstod\/"},"modified":"2026-03-12T08:59:25","modified_gmt":"2026-03-12T07:59:25","slug":"truusk-vaderbestandig-adirondack-tradgardsstol-hog-ryggstod-armstod-tra-utomhus-khaki","status":"publish","type":"product","link":"https:\/\/truusk.store\/sv\/produkt\/truusk-vaderbestandig-adirondack-tradgardsstol-hog-ryggstod-armstod-tra-utomhus-khaki\/","title":{"rendered":"TRUUSK V\u00e4derbest\u00e4ndig Adirondack Tr\u00e4dg\u00e5rdsstol &#8211; H\u00f6g Ryggst\u00f6d &#8211; Armst\u00f6d &#8211; Tr\u00e4 Utomhus &#8211; Khaki"},"content":{"rendered":"<p>Slappna av stilfullt i din tr\u00e4dg\u00e5rd med Adirondack tr\u00e4stolen fr\u00e5n [BRAND NAME]. Den h\u00f6ga, b\u00f6jda ryggst\u00f6det, breda armst\u00f6d och gener\u00f6sa sittplats erbjuder maximal komfort. Det lamellformade designen ger ventilation och en sval sittk\u00e4nsla. Luta dig tillbaka och njut av avkopplande timmar i solen eller skuggan med denna bekv\u00e4ma Adirondack-stol fr\u00e5n [BRAND NAME].<\/p>\n<p>Beskrivning:<\/p>\n<ul>\n<li> Tillverkad av massivt tr\u00e4 med lackerad yta<\/li>\n<li> Bred sits, fasta armst\u00f6d och fl\u00e4ktformad h\u00f6g ryggst\u00f6d f\u00f6r exceptionell komfort<\/li>\n<li> Lamelldesignen p\u00e5 Adirondack-stolen m\u00f6jligg\u00f6r snabb avrinning av regnvatten och \u00e4r l\u00e4tt att underh\u00e5lla<\/li>\n<li> Perfekt f\u00f6r veranda, balkong, tr\u00e4dg\u00e5rd eller var du \u00e4n beh\u00f6ver det<\/li>\n<li> Montering kr\u00e4vs<\/li>\n<\/ul>\n<p> Tekniska specifikationer:<\/p>\n<ul>\n<li> F\u00e4rg: Ljusgr\u00e5<\/li>\n<li> Material: Grantr\u00e4<\/li>\n<li> Totala m\u00e5tt: 78B x 89D x 88H cm<\/li>\n<li> Sitsstorlek: 51B x 48D cm<\/li>\n<li> Sitth\u00f6jd: 37 cm (fram), 24 cm (bak)<\/li>\n<li> Storlek p\u00e5 ryggst\u00f6d: 45B x 75L x 1,5D cm<\/li>\n<li> B\u00e4rkapacitet: 150 kg<\/li>\n<\/ul>\n<p>Leverans inneh\u00e5ller:<\/p>\n<ul>\n<li> 1 x Adirondack-stol<\/li>\n<li> 1 x Instruktioner<\/li>\n<\/ul>\n","protected":false},"excerpt":{"rendered":"<p>Slappna av stilfullt i din tr\u00e4dg\u00e5rd med Adirondack tr\u00e4stolen fr\u00e5n [BRAND NAME]. Den h\u00f6ga, b\u00f6jda ryggst\u00f6det, breda armst\u00f6d och gener\u00f6sa&#8230;<\/p>\n","protected":false},"featured_media":103539,"template":"","meta":[],"product_brand":[],"product_cat":[858,450,452],"product_tag":[],"class_list":{"0":"post-103548","1":"product","2":"type-product","3":"status-publish","4":"has-post-thumbnail","6":"product_cat-tradgard-terrass","7":"product_cat-tradgardsmobler","8":"product_cat-tradgardsstolar","10":"first","11":"instock","12":"sale","13":"taxable","14":"shipping-taxable","15":"purchasable","16":"product-type-simple"},"yoast_head":"<!-- This site is optimized with the Yoast SEO plugin v25.4 - https:\/\/yoast.com\/wordpress\/plugins\/seo\/ -->\n<title>TRUUSK V\u00e4derbest\u00e4ndig Adirondack Tr\u00e4dg\u00e5rdsstol - H\u00f6g Ryggst\u00f6d - Armst\u00f6d - Tr\u00e4 Utomhus - Khaki - TRUUSK - Hem, Tr\u00e4dg\u00e5rd &amp; Fritid<\/title>\n<meta name=\"robots\" content=\"index, follow, max-snippet:-1, max-image-preview:large, max-video-preview:-1\" \/>\n<link rel=\"canonical\" href=\"https:\/\/truusk.store\/sv\/produkt\/truusk-vaderbestandig-adirondack-tradgardsstol-hog-ryggstod-armstod-tra-utomhus-khaki\/\" \/>\n<meta property=\"og:locale\" content=\"sv_SE\" \/>\n<meta property=\"og:type\" content=\"article\" \/>\n<meta property=\"og:title\" content=\"TRUUSK V\u00e4derbest\u00e4ndig Adirondack Tr\u00e4dg\u00e5rdsstol - H\u00f6g Ryggst\u00f6d - Armst\u00f6d - Tr\u00e4 Utomhus - Khaki - TRUUSK - Hem, Tr\u00e4dg\u00e5rd &amp; Fritid\" \/>\n<meta property=\"og:description\" content=\"Slappna av stilfullt i din tr\u00e4dg\u00e5rd med Adirondack tr\u00e4stolen fr\u00e5n [BRAND NAME]. Den h\u00f6ga, b\u00f6jda ryggst\u00f6det, breda armst\u00f6d och gener\u00f6sa...\" \/>\n<meta property=\"og:url\" content=\"https:\/\/truusk.store\/sv\/produkt\/truusk-vaderbestandig-adirondack-tradgardsstol-hog-ryggstod-armstod-tra-utomhus-khaki\/\" \/>\n<meta property=\"og:site_name\" content=\"TRUUSK - Hem, Tr\u00e4dg\u00e5rd &amp; Fritid\" \/>\n<meta property=\"article:modified_time\" content=\"2026-03-12T07:59:25+00:00\" \/>\n<meta property=\"og:image\" content=\"https:\/\/i0.wp.com\/truusk.se\/wp-content\/uploads\/2026\/02\/adirondack-stol-vaderbestandig-adirondack-stol-i-tra-utomhus-tradgardsstol-med-hog-ryggstod-och-armstod-1.webp?fit=2000%2C2000&ssl=1\" \/>\n\t<meta property=\"og:image:width\" content=\"2000\" \/>\n\t<meta property=\"og:image:height\" content=\"2000\" \/>\n\t<meta property=\"og:image:type\" content=\"image\/webp\" \/>\n<meta name=\"twitter:card\" content=\"summary_large_image\" \/>\n<meta name=\"twitter:label1\" content=\"Ber\u00e4knad l\u00e4stid\" \/>\n\t<meta name=\"twitter:data1\" content=\"1 minut\" \/>\n<!-- \/ Yoast SEO plugin. -->","yoast_head_json":{"title":"TRUUSK V\u00e4derbest\u00e4ndig Adirondack Tr\u00e4dg\u00e5rdsstol - H\u00f6g Ryggst\u00f6d - Armst\u00f6d - Tr\u00e4 Utomhus - Khaki - TRUUSK - Hem, Tr\u00e4dg\u00e5rd &amp; Fritid","robots":{"index":"index","follow":"follow","max-snippet":"max-snippet:-1","max-image-preview":"max-image-preview:large","max-video-preview":"max-video-preview:-1"},"canonical":"https:\/\/truusk.store\/sv\/produkt\/truusk-vaderbestandig-adirondack-tradgardsstol-hog-ryggstod-armstod-tra-utomhus-khaki\/","og_locale":"sv_SE","og_type":"article","og_title":"TRUUSK V\u00e4derbest\u00e4ndig Adirondack Tr\u00e4dg\u00e5rdsstol - H\u00f6g Ryggst\u00f6d - Armst\u00f6d - Tr\u00e4 Utomhus - Khaki - TRUUSK - Hem, Tr\u00e4dg\u00e5rd &amp; Fritid","og_description":"Slappna av stilfullt i din tr\u00e4dg\u00e5rd med Adirondack tr\u00e4stolen fr\u00e5n [BRAND NAME]. Den h\u00f6ga, b\u00f6jda ryggst\u00f6det, breda armst\u00f6d och gener\u00f6sa...","og_url":"https:\/\/truusk.store\/sv\/produkt\/truusk-vaderbestandig-adirondack-tradgardsstol-hog-ryggstod-armstod-tra-utomhus-khaki\/","og_site_name":"TRUUSK - Hem, Tr\u00e4dg\u00e5rd &amp; Fritid","article_modified_time":"2026-03-12T07:59:25+00:00","og_image":[{"width":2000,"height":2000,"url":"https:\/\/i0.wp.com\/truusk.se\/wp-content\/uploads\/2026\/02\/adirondack-stol-vaderbestandig-adirondack-stol-i-tra-utomhus-tradgardsstol-med-hog-ryggstod-och-armstod-1.webp?fit=2000%2C2000&ssl=1","type":"image\/webp"}],"twitter_card":"summary_large_image","twitter_misc":{"Ber\u00e4knad l\u00e4stid":"1 minut"},"schema":{"@context":"https:\/\/schema.org","@graph":[{"@type":"WebPage","@id":"https:\/\/truusk.store\/sv\/produkt\/truusk-vaderbestandig-adirondack-tradgardsstol-hog-ryggstod-armstod-tra-utomhus-khaki\/","url":"https:\/\/truusk.store\/sv\/produkt\/truusk-vaderbestandig-adirondack-tradgardsstol-hog-ryggstod-armstod-tra-utomhus-khaki\/","name":"TRUUSK V\u00e4derbest\u00e4ndig Adirondack Tr\u00e4dg\u00e5rdsstol - H\u00f6g Ryggst\u00f6d - Armst\u00f6d - Tr\u00e4 Utomhus - Khaki - TRUUSK - Hem, Tr\u00e4dg\u00e5rd &amp; Fritid","isPartOf":{"@id":"https:\/\/truusk.store\/sv\/#website"},"primaryImageOfPage":{"@id":"https:\/\/truusk.store\/sv\/produkt\/truusk-vaderbestandig-adirondack-tradgardsstol-hog-ryggstod-armstod-tra-utomhus-khaki\/#primaryimage"},"image":{"@id":"https:\/\/truusk.store\/sv\/produkt\/truusk-vaderbestandig-adirondack-tradgardsstol-hog-ryggstod-armstod-tra-utomhus-khaki\/#primaryimage"},"thumbnailUrl":"https:\/\/i0.wp.com\/truusk.store\/wp-content\/uploads\/2026\/02\/adirondack-stol-vaderbestandig-adirondack-stol-i-tra-utomhus-tradgardsstol-med-hog-ryggstod-och-armstod-1.webp?fit=2000%2C2000&ssl=1","datePublished":"2026-02-09T03:06:38+00:00","dateModified":"2026-03-12T07:59:25+00:00","breadcrumb":{"@id":"https:\/\/truusk.store\/sv\/produkt\/truusk-vaderbestandig-adirondack-tradgardsstol-hog-ryggstod-armstod-tra-utomhus-khaki\/#breadcrumb"},"inLanguage":"sv-SE","potentialAction":[{"@type":"ReadAction","target":["https:\/\/truusk.store\/sv\/produkt\/truusk-vaderbestandig-adirondack-tradgardsstol-hog-ryggstod-armstod-tra-utomhus-khaki\/"]}]},{"@type":"ImageObject","inLanguage":"sv-SE","@id":"https:\/\/truusk.store\/sv\/produkt\/truusk-vaderbestandig-adirondack-tradgardsstol-hog-ryggstod-armstod-tra-utomhus-khaki\/#primaryimage","url":"https:\/\/i0.wp.com\/truusk.store\/wp-content\/uploads\/2026\/02\/adirondack-stol-vaderbestandig-adirondack-stol-i-tra-utomhus-tradgardsstol-med-hog-ryggstod-och-armstod-1.webp?fit=2000%2C2000&ssl=1","contentUrl":"https:\/\/i0.wp.com\/truusk.store\/wp-content\/uploads\/2026\/02\/adirondack-stol-vaderbestandig-adirondack-stol-i-tra-utomhus-tradgardsstol-med-hog-ryggstod-och-armstod-1.webp?fit=2000%2C2000&ssl=1","width":2000,"height":2000},{"@type":"BreadcrumbList","@id":"https:\/\/truusk.store\/sv\/produkt\/truusk-vaderbestandig-adirondack-tradgardsstol-hog-ryggstod-armstod-tra-utomhus-khaki\/#breadcrumb","itemListElement":[{"@type":"ListItem","position":1,"name":"Home","item":"https:\/\/truusk.store\/sv\/"},{"@type":"ListItem","position":2,"name":"Shop","item":"https:\/\/truusk.store\/shop\/"},{"@type":"ListItem","position":3,"name":"TRUUSK V\u00e4derbest\u00e4ndig Adirondack Tr\u00e4dg\u00e5rdsstol &#8211; H\u00f6g Ryggst\u00f6d &#8211; Armst\u00f6d &#8211; Tr\u00e4 Utomhus &#8211; Khaki"}]},{"@type":"WebSite","@id":"https:\/\/truusk.store\/sv\/#website","url":"https:\/\/truusk.store\/sv\/","name":"TRUUSK - Hem, Tr\u00e4dg\u00e5rd & Fritid","description":"","publisher":{"@id":"https:\/\/truusk.store\/sv\/#organization"},"potentialAction":[{"@type":"SearchAction","target":{"@type":"EntryPoint","urlTemplate":"https:\/\/truusk.store\/sv\/?s={search_term_string}"},"query-input":{"@type":"PropertyValueSpecification","valueRequired":true,"valueName":"search_term_string"}}],"inLanguage":"sv-SE"},{"@type":"Organization","@id":"https:\/\/truusk.store\/sv\/#organization","name":"TRUUSK - Hem, Tr\u00e4dg\u00e5rd & Fritid","url":"https:\/\/truusk.store\/sv\/","logo":{"@type":"ImageObject","inLanguage":"sv-SE","@id":"https:\/\/truusk.store\/sv\/#\/schema\/logo\/image\/","url":"https:\/\/i0.wp.com\/truusk.store\/wp-content\/uploads\/2026\/03\/cropped-TRUUSK.png?fit=2032%2C917&ssl=1","contentUrl":"https:\/\/i0.wp.com\/truusk.store\/wp-content\/uploads\/2026\/03\/cropped-TRUUSK.png?fit=2032%2C917&ssl=1","width":2032,"height":917,"caption":"TRUUSK - Hem, Tr\u00e4dg\u00e5rd & Fritid"},"image":{"@id":"https:\/\/truusk.store\/sv\/#\/schema\/logo\/image\/"}}]}},"jetpack_sharing_enabled":true,"_links":{"self":[{"href":"https:\/\/truusk.store\/sv\/wp-json\/wp\/v2\/product\/103548","targetHints":{"allow":["GET"]}}],"collection":[{"href":"https:\/\/truusk.store\/sv\/wp-json\/wp\/v2\/product"}],"about":[{"href":"https:\/\/truusk.store\/sv\/wp-json\/wp\/v2\/types\/product"}],"wp:featuredmedia":[{"embeddable":true,"href":"https:\/\/truusk.store\/sv\/wp-json\/wp\/v2\/media\/103539"}],"wp:attachment":[{"href":"https:\/\/truusk.store\/sv\/wp-json\/wp\/v2\/media?parent=103548"}],"wp:term":[{"taxonomy":"product_brand","embeddable":true,"href":"https:\/\/truusk.store\/sv\/wp-json\/wp\/v2\/product_brand?post=103548"},{"taxonomy":"product_cat","embeddable":true,"href":"https:\/\/truusk.store\/sv\/wp-json\/wp\/v2\/product_cat?post=103548"},{"taxonomy":"product_tag","embeddable":true,"href":"https:\/\/truusk.store\/sv\/wp-json\/wp\/v2\/product_tag?post=103548"}],"curies":[{"name":"wp","href":"https:\/\/api.w.org\/{rel}","templated":true}]}}