{"id":103584,"date":"2026-02-09T04:17:35","date_gmt":"2026-02-09T03:17:35","guid":{"rendered":"https:\/\/truusk.store\/product\/rutschbil-med-skjutstang-mercedes-benz-g350-rutschfordon-med-ratt-3-i-1-skjutbil-for-18-36-manader-barn-svart\/"},"modified":"2026-03-12T09:06:36","modified_gmt":"2026-03-12T08:06:36","slug":"truusk-rutschbil-med-skjutstang-mercedes-benz-g350-3-i-1-rutschfordon-for-18-36-manader-svart","status":"publish","type":"product","link":"https:\/\/truusk.store\/sv\/produkt\/truusk-rutschbil-med-skjutstang-mercedes-benz-g350-3-i-1-rutschfordon-for-18-36-manader-svart\/","title":{"rendered":"TRUUSK Rutschbil med Skjutst\u00e5ng &#8211; Mercedes-Benz G350 &#8211; 3-i-1 Rutschfordon &#8211; F\u00f6r 18-36 M\u00e5nader &#8211; Svart"},"content":{"rendered":"<p>Har du l\u00e4nge letat efter ett fantastiskt rutschfordon? D\u00e5 beh\u00f6ver du inte leta l\u00e4ngre! Denna licensierade rutschbil har ett r\u00f6rligt ratt och en signalhorn och ger ditt barn en realistisk och underh\u00e5llande k\u00f6rupplevelse. Den bekv\u00e4ma s\u00e4tet har en fotst\u00f6d, en skyddsb\u00e5ge, ett solskydd och en ryggst\u00f6d som fr\u00e4mjar en h\u00e4lsosam sittst\u00e4llning och skyddar ryggraden. Perfekt f\u00f6r ditt barns utveckling och n\u00f6je!<\/p>\n<p>Beskrivning:<\/p>\n<ul>\n<li> 3-i-1-design: G\u00e5bil, rutschbil och skjutbil<\/li>\n<li> R\u00f6rligt ratt med signalhorn f\u00f6r en realistisk och rolig k\u00e4nsla<\/li>\n<li> Bekv\u00e4mt s\u00e4te med fotst\u00f6d, skyddsb\u00e5ge och solskydd<\/li>\n<li> F\u00f6rvaringsutrymme under s\u00e4tet f\u00f6r leksaker<\/li>\n<li> L\u00e4mplig f\u00f6r barn fr\u00e5n 18-36 m\u00e5nader<\/li>\n<li> Montering kr\u00e4vs<\/li>\n<\/ul>\n<p> Tekniska data:<\/p>\n<ul>\n<li> F\u00e4rg: Svart<\/li>\n<li> Totala m\u00e5tt: 85,5L x 40,5B x 95H cm<\/li>\n<li> Sits h\u00f6jd: 25 cm<\/li>\n<li> L\u00e4mplig \u00e5lder: 18-36 m\u00e5nader<\/li>\n<li> B\u00e4rkapacitet: 25 kg<\/li>\n<\/ul>\n<p>Leverans inneh\u00e5ller:<\/p>\n<ul>\n<li>1 x Rutschbil<\/li>\n<li>1 x Instruktioner<\/li>\n<\/ul>\n","protected":false},"excerpt":{"rendered":"<p>Har du l\u00e4nge letat efter ett fantastiskt rutschfordon? D\u00e5 beh\u00f6ver du inte leta l\u00e4ngre! Denna licensierade rutschbil har ett r\u00f6rligt&#8230;<\/p>\n","protected":false},"featured_media":103569,"template":"","meta":[],"product_brand":[],"product_cat":[880,952,610],"product_tag":[],"class_list":{"0":"post-103584","1":"product","2":"type-product","3":"status-publish","4":"has-post-thumbnail","6":"product_cat-baby-barn-2","7":"product_cat-balanscyklar-och-akfordon","8":"product_cat-barnfordon","10":"first","11":"instock","12":"sale","13":"taxable","14":"shipping-taxable","15":"purchasable","16":"product-type-simple"},"yoast_head":"<!-- This site is optimized with the Yoast SEO plugin v25.4 - https:\/\/yoast.com\/wordpress\/plugins\/seo\/ -->\n<title>TRUUSK Rutschbil med Skjutst\u00e5ng - Mercedes-Benz G350 - 3-i-1 Rutschfordon - F\u00f6r 18-36 M\u00e5nader - Svart - TRUUSK - Hem, Tr\u00e4dg\u00e5rd &amp; Fritid<\/title>\n<meta name=\"robots\" content=\"index, follow, max-snippet:-1, max-image-preview:large, max-video-preview:-1\" \/>\n<link rel=\"canonical\" href=\"https:\/\/truusk.store\/sv\/produkt\/truusk-rutschbil-med-skjutstang-mercedes-benz-g350-3-i-1-rutschfordon-for-18-36-manader-svart\/\" \/>\n<meta property=\"og:locale\" content=\"sv_SE\" \/>\n<meta property=\"og:type\" content=\"article\" \/>\n<meta property=\"og:title\" content=\"TRUUSK Rutschbil med Skjutst\u00e5ng - Mercedes-Benz G350 - 3-i-1 Rutschfordon - F\u00f6r 18-36 M\u00e5nader - Svart - TRUUSK - Hem, Tr\u00e4dg\u00e5rd &amp; Fritid\" \/>\n<meta property=\"og:description\" content=\"Har du l\u00e4nge letat efter ett fantastiskt rutschfordon? D\u00e5 beh\u00f6ver du inte leta l\u00e4ngre! Denna licensierade rutschbil har ett r\u00f6rligt...\" \/>\n<meta property=\"og:url\" content=\"https:\/\/truusk.store\/sv\/produkt\/truusk-rutschbil-med-skjutstang-mercedes-benz-g350-3-i-1-rutschfordon-for-18-36-manader-svart\/\" \/>\n<meta property=\"og:site_name\" content=\"TRUUSK - Hem, Tr\u00e4dg\u00e5rd &amp; Fritid\" \/>\n<meta property=\"article:modified_time\" content=\"2026-03-12T08:06:36+00:00\" \/>\n<meta property=\"og:image\" content=\"https:\/\/i0.wp.com\/truusk.se\/wp-content\/uploads\/2026\/02\/rutschbil-med-skjutstang-mercedes-benz-g350-rutschfordon-med-ratt-3-i-1-skjutbil-for-18-36-manader-barn-svart-1.webp?fit=2000%2C2000&ssl=1\" \/>\n\t<meta property=\"og:image:width\" content=\"2000\" \/>\n\t<meta property=\"og:image:height\" content=\"2000\" \/>\n\t<meta property=\"og:image:type\" content=\"image\/webp\" \/>\n<meta name=\"twitter:card\" content=\"summary_large_image\" \/>\n<meta name=\"twitter:label1\" content=\"Ber\u00e4knad l\u00e4stid\" \/>\n\t<meta name=\"twitter:data1\" content=\"1 minut\" \/>\n<!-- \/ Yoast SEO plugin. -->","yoast_head_json":{"title":"TRUUSK Rutschbil med Skjutst\u00e5ng - Mercedes-Benz G350 - 3-i-1 Rutschfordon - F\u00f6r 18-36 M\u00e5nader - Svart - TRUUSK - Hem, Tr\u00e4dg\u00e5rd &amp; Fritid","robots":{"index":"index","follow":"follow","max-snippet":"max-snippet:-1","max-image-preview":"max-image-preview:large","max-video-preview":"max-video-preview:-1"},"canonical":"https:\/\/truusk.store\/sv\/produkt\/truusk-rutschbil-med-skjutstang-mercedes-benz-g350-3-i-1-rutschfordon-for-18-36-manader-svart\/","og_locale":"sv_SE","og_type":"article","og_title":"TRUUSK Rutschbil med Skjutst\u00e5ng - Mercedes-Benz G350 - 3-i-1 Rutschfordon - F\u00f6r 18-36 M\u00e5nader - Svart - TRUUSK - Hem, Tr\u00e4dg\u00e5rd &amp; Fritid","og_description":"Har du l\u00e4nge letat efter ett fantastiskt rutschfordon? D\u00e5 beh\u00f6ver du inte leta l\u00e4ngre! Denna licensierade rutschbil har ett r\u00f6rligt...","og_url":"https:\/\/truusk.store\/sv\/produkt\/truusk-rutschbil-med-skjutstang-mercedes-benz-g350-3-i-1-rutschfordon-for-18-36-manader-svart\/","og_site_name":"TRUUSK - Hem, Tr\u00e4dg\u00e5rd &amp; Fritid","article_modified_time":"2026-03-12T08:06:36+00:00","og_image":[{"width":2000,"height":2000,"url":"https:\/\/i0.wp.com\/truusk.se\/wp-content\/uploads\/2026\/02\/rutschbil-med-skjutstang-mercedes-benz-g350-rutschfordon-med-ratt-3-i-1-skjutbil-for-18-36-manader-barn-svart-1.webp?fit=2000%2C2000&ssl=1","type":"image\/webp"}],"twitter_card":"summary_large_image","twitter_misc":{"Ber\u00e4knad l\u00e4stid":"1 minut"},"schema":{"@context":"https:\/\/schema.org","@graph":[{"@type":"WebPage","@id":"https:\/\/truusk.store\/sv\/produkt\/truusk-rutschbil-med-skjutstang-mercedes-benz-g350-3-i-1-rutschfordon-for-18-36-manader-svart\/","url":"https:\/\/truusk.store\/sv\/produkt\/truusk-rutschbil-med-skjutstang-mercedes-benz-g350-3-i-1-rutschfordon-for-18-36-manader-svart\/","name":"TRUUSK Rutschbil med Skjutst\u00e5ng - Mercedes-Benz G350 - 3-i-1 Rutschfordon - F\u00f6r 18-36 M\u00e5nader - Svart - TRUUSK - Hem, Tr\u00e4dg\u00e5rd &amp; Fritid","isPartOf":{"@id":"https:\/\/truusk.store\/sv\/#website"},"primaryImageOfPage":{"@id":"https:\/\/truusk.store\/sv\/produkt\/truusk-rutschbil-med-skjutstang-mercedes-benz-g350-3-i-1-rutschfordon-for-18-36-manader-svart\/#primaryimage"},"image":{"@id":"https:\/\/truusk.store\/sv\/produkt\/truusk-rutschbil-med-skjutstang-mercedes-benz-g350-3-i-1-rutschfordon-for-18-36-manader-svart\/#primaryimage"},"thumbnailUrl":"https:\/\/i0.wp.com\/truusk.store\/wp-content\/uploads\/2026\/02\/rutschbil-med-skjutstang-mercedes-benz-g350-rutschfordon-med-ratt-3-i-1-skjutbil-for-18-36-manader-barn-svart-1.webp?fit=2000%2C2000&ssl=1","datePublished":"2026-02-09T03:17:35+00:00","dateModified":"2026-03-12T08:06:36+00:00","breadcrumb":{"@id":"https:\/\/truusk.store\/sv\/produkt\/truusk-rutschbil-med-skjutstang-mercedes-benz-g350-3-i-1-rutschfordon-for-18-36-manader-svart\/#breadcrumb"},"inLanguage":"sv-SE","potentialAction":[{"@type":"ReadAction","target":["https:\/\/truusk.store\/sv\/produkt\/truusk-rutschbil-med-skjutstang-mercedes-benz-g350-3-i-1-rutschfordon-for-18-36-manader-svart\/"]}]},{"@type":"ImageObject","inLanguage":"sv-SE","@id":"https:\/\/truusk.store\/sv\/produkt\/truusk-rutschbil-med-skjutstang-mercedes-benz-g350-3-i-1-rutschfordon-for-18-36-manader-svart\/#primaryimage","url":"https:\/\/i0.wp.com\/truusk.store\/wp-content\/uploads\/2026\/02\/rutschbil-med-skjutstang-mercedes-benz-g350-rutschfordon-med-ratt-3-i-1-skjutbil-for-18-36-manader-barn-svart-1.webp?fit=2000%2C2000&ssl=1","contentUrl":"https:\/\/i0.wp.com\/truusk.store\/wp-content\/uploads\/2026\/02\/rutschbil-med-skjutstang-mercedes-benz-g350-rutschfordon-med-ratt-3-i-1-skjutbil-for-18-36-manader-barn-svart-1.webp?fit=2000%2C2000&ssl=1","width":2000,"height":2000},{"@type":"BreadcrumbList","@id":"https:\/\/truusk.store\/sv\/produkt\/truusk-rutschbil-med-skjutstang-mercedes-benz-g350-3-i-1-rutschfordon-for-18-36-manader-svart\/#breadcrumb","itemListElement":[{"@type":"ListItem","position":1,"name":"Home","item":"https:\/\/truusk.store\/sv\/"},{"@type":"ListItem","position":2,"name":"Shop","item":"https:\/\/truusk.store\/shop\/"},{"@type":"ListItem","position":3,"name":"TRUUSK Rutschbil med Skjutst\u00e5ng &#8211; Mercedes-Benz G350 &#8211; 3-i-1 Rutschfordon &#8211; F\u00f6r 18-36 M\u00e5nader &#8211; Svart"}]},{"@type":"WebSite","@id":"https:\/\/truusk.store\/sv\/#website","url":"https:\/\/truusk.store\/sv\/","name":"TRUUSK - Hem, Tr\u00e4dg\u00e5rd & Fritid","description":"","publisher":{"@id":"https:\/\/truusk.store\/sv\/#organization"},"potentialAction":[{"@type":"SearchAction","target":{"@type":"EntryPoint","urlTemplate":"https:\/\/truusk.store\/sv\/?s={search_term_string}"},"query-input":{"@type":"PropertyValueSpecification","valueRequired":true,"valueName":"search_term_string"}}],"inLanguage":"sv-SE"},{"@type":"Organization","@id":"https:\/\/truusk.store\/sv\/#organization","name":"TRUUSK - Hem, Tr\u00e4dg\u00e5rd & Fritid","url":"https:\/\/truusk.store\/sv\/","logo":{"@type":"ImageObject","inLanguage":"sv-SE","@id":"https:\/\/truusk.store\/sv\/#\/schema\/logo\/image\/","url":"https:\/\/i0.wp.com\/truusk.store\/wp-content\/uploads\/2026\/03\/cropped-TRUUSK.png?fit=2032%2C917&ssl=1","contentUrl":"https:\/\/i0.wp.com\/truusk.store\/wp-content\/uploads\/2026\/03\/cropped-TRUUSK.png?fit=2032%2C917&ssl=1","width":2032,"height":917,"caption":"TRUUSK - Hem, Tr\u00e4dg\u00e5rd & Fritid"},"image":{"@id":"https:\/\/truusk.store\/sv\/#\/schema\/logo\/image\/"}}]}},"jetpack_sharing_enabled":true,"_links":{"self":[{"href":"https:\/\/truusk.store\/sv\/wp-json\/wp\/v2\/product\/103584","targetHints":{"allow":["GET"]}}],"collection":[{"href":"https:\/\/truusk.store\/sv\/wp-json\/wp\/v2\/product"}],"about":[{"href":"https:\/\/truusk.store\/sv\/wp-json\/wp\/v2\/types\/product"}],"wp:featuredmedia":[{"embeddable":true,"href":"https:\/\/truusk.store\/sv\/wp-json\/wp\/v2\/media\/103569"}],"wp:attachment":[{"href":"https:\/\/truusk.store\/sv\/wp-json\/wp\/v2\/media?parent=103584"}],"wp:term":[{"taxonomy":"product_brand","embeddable":true,"href":"https:\/\/truusk.store\/sv\/wp-json\/wp\/v2\/product_brand?post=103584"},{"taxonomy":"product_cat","embeddable":true,"href":"https:\/\/truusk.store\/sv\/wp-json\/wp\/v2\/product_cat?post=103584"},{"taxonomy":"product_tag","embeddable":true,"href":"https:\/\/truusk.store\/sv\/wp-json\/wp\/v2\/product_tag?post=103584"}],"curies":[{"name":"wp","href":"https:\/\/api.w.org\/{rel}","templated":true}]}}