{"id":103598,"date":"2026-02-09T04:22:24","date_gmt":"2026-02-09T03:22:24","guid":{"rendered":"https:\/\/truusk.store\/product\/utomhusbasketkorg-for-ungdomar-160-210-cm-hojdjusterbart-basketstall-med-hjul\/"},"modified":"2026-03-12T09:09:26","modified_gmt":"2026-03-12T08:09:26","slug":"truusk-justerbart-utomhusbasketstall-for-ungdomar-160-210-cm-med-hjul-enkel-att-justera-robust-design-svart","status":"publish","type":"product","link":"https:\/\/truusk.store\/sv\/produkt\/truusk-justerbart-utomhusbasketstall-for-ungdomar-160-210-cm-med-hjul-enkel-att-justera-robust-design-svart\/","title":{"rendered":"TRUUSK Justerbart Utomhusbasketst\u00e4ll f\u00f6r Ungdomar &#8211; 160-210 cm &#8211; Med Hjul &#8211; Enkel Att Justera &#8211; Robust Design &#8211; Svart"},"content":{"rendered":"<p>Upplev basketn\u00f6je med [BRAND NAME] utomhusbasketkorg. Den stabila st\u00e5lramen \u00e4r h\u00f6jdjusterbar fr\u00e5n 197,5-245 cm &#8211; idealisk f\u00f6r olika storlekar och \u00e5ldersgrupper. Basketkorgen kan justeras fr\u00e5n 160-210 cm. Den stora basen kan fyllas med vatten eller sand f\u00f6r att s\u00e4kerst\u00e4lla stabilitet. Tack vare tv\u00e5 hjul och en bollh\u00e5llare p\u00e5 baksidan, \u00e4r bollen s\u00e4ker och l\u00e4ttillg\u00e4nglig.<\/p>\n<p> Beskrivning:<\/p>\n<ul>\n<li> H\u00f6jdjusterbar, s\u00e5 att alla \u00e5ldersgrupper kan ha kul<\/li>\n<li> Solid st\u00e5lram med PE-bakv\u00e4gg f\u00f6r inomhusbasketkorg f\u00f6r en l\u00e5ngvarig struktur<\/li>\n<li> Fyll basen med sand eller vatten f\u00f6r att fixera den ordentligt p\u00e5 marken<\/li>\n<li> Inbyggda hjul f\u00f6r enkel r\u00f6relse<\/li>\n<li> En bollh\u00e5llare f\u00f6r att h\u00e5lla din basketboll p\u00e5 plats<\/li>\n<li> Montering kr\u00e4vs<\/li>\n<\/ul>\n<p> Tekniska data:<\/p>\n<ul>\n<li> F\u00e4rg: Svart<\/li>\n<li> Material: St\u00e5l, PE, HDPE<\/li>\n<li> Ring: \u00d838 cm<\/li>\n<li> Bakv\u00e4gg: 70B x 2T x 45H cm. Total h\u00f6jd: 197,5-254 cm. Basketring: 160-210H cm. Bas: 76L x 48B x 15H cm<\/li>\n<li> Bas kapacitet: 35 kg vatten, 40 kg sand eller 45 kg vatten-sand-blandning<\/li>\n<\/ul>\n<p> Leverans inneh\u00e5ller:<\/p>\n<ul>\n<li> 1 x Basketkorgst\u00e4ll<\/li>\n<li> 1 x Instruktioner<\/li>\n<\/ul>\n","protected":false},"excerpt":{"rendered":"<p>Upplev basketn\u00f6je med [BRAND NAME] utomhusbasketkorg. Den stabila st\u00e5lramen \u00e4r h\u00f6jdjusterbar fr\u00e5n 197,5-245 cm &#8211; idealisk f\u00f6r olika storlekar och&#8230;<\/p>\n","protected":false},"featured_media":103589,"template":"","meta":[],"product_brand":[],"product_cat":[880,939,953,616],"product_tag":[],"class_list":{"0":"post-103598","1":"product","2":"type-product","3":"status-publish","4":"has-post-thumbnail","6":"product_cat-baby-barn-2","7":"product_cat-barnsport","8":"product_cat-basketballstander","9":"product_cat-utomhusleksaker","11":"first","12":"instock","13":"sale","14":"taxable","15":"shipping-taxable","16":"purchasable","17":"product-type-simple"},"yoast_head":"<!-- This site is optimized with the Yoast SEO plugin v25.4 - https:\/\/yoast.com\/wordpress\/plugins\/seo\/ -->\n<title>TRUUSK Justerbart Utomhusbasketst\u00e4ll f\u00f6r Ungdomar - 160-210 cm - Med Hjul - Enkel Att Justera - Robust Design - Svart - TRUUSK - Hem, Tr\u00e4dg\u00e5rd &amp; Fritid<\/title>\n<meta name=\"robots\" content=\"index, follow, max-snippet:-1, max-image-preview:large, max-video-preview:-1\" \/>\n<link rel=\"canonical\" href=\"https:\/\/truusk.store\/sv\/produkt\/truusk-justerbart-utomhusbasketstall-for-ungdomar-160-210-cm-med-hjul-enkel-att-justera-robust-design-svart\/\" \/>\n<meta property=\"og:locale\" content=\"sv_SE\" \/>\n<meta property=\"og:type\" content=\"article\" \/>\n<meta property=\"og:title\" content=\"TRUUSK Justerbart Utomhusbasketst\u00e4ll f\u00f6r Ungdomar - 160-210 cm - Med Hjul - Enkel Att Justera - Robust Design - Svart - TRUUSK - Hem, Tr\u00e4dg\u00e5rd &amp; Fritid\" \/>\n<meta property=\"og:description\" content=\"Upplev basketn\u00f6je med [BRAND NAME] utomhusbasketkorg. Den stabila st\u00e5lramen \u00e4r h\u00f6jdjusterbar fr\u00e5n 197,5-245 cm &#8211; idealisk f\u00f6r olika storlekar och...\" \/>\n<meta property=\"og:url\" content=\"https:\/\/truusk.store\/sv\/produkt\/truusk-justerbart-utomhusbasketstall-for-ungdomar-160-210-cm-med-hjul-enkel-att-justera-robust-design-svart\/\" \/>\n<meta property=\"og:site_name\" content=\"TRUUSK - Hem, Tr\u00e4dg\u00e5rd &amp; Fritid\" \/>\n<meta property=\"article:modified_time\" content=\"2026-03-12T08:09:26+00:00\" \/>\n<meta property=\"og:image\" content=\"https:\/\/i0.wp.com\/truusk.se\/wp-content\/uploads\/2026\/02\/utomhusbasketkorg-for-ungdomar-160-210-cm-hojdjusterbart-basketstall-med-hjul-1.webp?fit=2000%2C2000&ssl=1\" \/>\n\t<meta property=\"og:image:width\" content=\"2000\" \/>\n\t<meta property=\"og:image:height\" content=\"2000\" \/>\n\t<meta property=\"og:image:type\" content=\"image\/webp\" \/>\n<meta name=\"twitter:card\" content=\"summary_large_image\" \/>\n<meta name=\"twitter:label1\" content=\"Ber\u00e4knad l\u00e4stid\" \/>\n\t<meta name=\"twitter:data1\" content=\"1 minut\" \/>\n<!-- \/ Yoast SEO plugin. -->","yoast_head_json":{"title":"TRUUSK Justerbart Utomhusbasketst\u00e4ll f\u00f6r Ungdomar - 160-210 cm - Med Hjul - Enkel Att Justera - Robust Design - Svart - TRUUSK - Hem, Tr\u00e4dg\u00e5rd &amp; Fritid","robots":{"index":"index","follow":"follow","max-snippet":"max-snippet:-1","max-image-preview":"max-image-preview:large","max-video-preview":"max-video-preview:-1"},"canonical":"https:\/\/truusk.store\/sv\/produkt\/truusk-justerbart-utomhusbasketstall-for-ungdomar-160-210-cm-med-hjul-enkel-att-justera-robust-design-svart\/","og_locale":"sv_SE","og_type":"article","og_title":"TRUUSK Justerbart Utomhusbasketst\u00e4ll f\u00f6r Ungdomar - 160-210 cm - Med Hjul - Enkel Att Justera - Robust Design - Svart - TRUUSK - Hem, Tr\u00e4dg\u00e5rd &amp; Fritid","og_description":"Upplev basketn\u00f6je med [BRAND NAME] utomhusbasketkorg. Den stabila st\u00e5lramen \u00e4r h\u00f6jdjusterbar fr\u00e5n 197,5-245 cm &#8211; idealisk f\u00f6r olika storlekar och...","og_url":"https:\/\/truusk.store\/sv\/produkt\/truusk-justerbart-utomhusbasketstall-for-ungdomar-160-210-cm-med-hjul-enkel-att-justera-robust-design-svart\/","og_site_name":"TRUUSK - Hem, Tr\u00e4dg\u00e5rd &amp; Fritid","article_modified_time":"2026-03-12T08:09:26+00:00","og_image":[{"width":2000,"height":2000,"url":"https:\/\/i0.wp.com\/truusk.se\/wp-content\/uploads\/2026\/02\/utomhusbasketkorg-for-ungdomar-160-210-cm-hojdjusterbart-basketstall-med-hjul-1.webp?fit=2000%2C2000&ssl=1","type":"image\/webp"}],"twitter_card":"summary_large_image","twitter_misc":{"Ber\u00e4knad l\u00e4stid":"1 minut"},"schema":{"@context":"https:\/\/schema.org","@graph":[{"@type":"WebPage","@id":"https:\/\/truusk.store\/sv\/produkt\/truusk-justerbart-utomhusbasketstall-for-ungdomar-160-210-cm-med-hjul-enkel-att-justera-robust-design-svart\/","url":"https:\/\/truusk.store\/sv\/produkt\/truusk-justerbart-utomhusbasketstall-for-ungdomar-160-210-cm-med-hjul-enkel-att-justera-robust-design-svart\/","name":"TRUUSK Justerbart Utomhusbasketst\u00e4ll f\u00f6r Ungdomar - 160-210 cm - Med Hjul - Enkel Att Justera - Robust Design - Svart - TRUUSK - Hem, Tr\u00e4dg\u00e5rd &amp; Fritid","isPartOf":{"@id":"https:\/\/truusk.store\/sv\/#website"},"primaryImageOfPage":{"@id":"https:\/\/truusk.store\/sv\/produkt\/truusk-justerbart-utomhusbasketstall-for-ungdomar-160-210-cm-med-hjul-enkel-att-justera-robust-design-svart\/#primaryimage"},"image":{"@id":"https:\/\/truusk.store\/sv\/produkt\/truusk-justerbart-utomhusbasketstall-for-ungdomar-160-210-cm-med-hjul-enkel-att-justera-robust-design-svart\/#primaryimage"},"thumbnailUrl":"https:\/\/i0.wp.com\/truusk.store\/wp-content\/uploads\/2026\/02\/utomhusbasketkorg-for-ungdomar-160-210-cm-hojdjusterbart-basketstall-med-hjul-1.webp?fit=2000%2C2000&ssl=1","datePublished":"2026-02-09T03:22:24+00:00","dateModified":"2026-03-12T08:09:26+00:00","breadcrumb":{"@id":"https:\/\/truusk.store\/sv\/produkt\/truusk-justerbart-utomhusbasketstall-for-ungdomar-160-210-cm-med-hjul-enkel-att-justera-robust-design-svart\/#breadcrumb"},"inLanguage":"sv-SE","potentialAction":[{"@type":"ReadAction","target":["https:\/\/truusk.store\/sv\/produkt\/truusk-justerbart-utomhusbasketstall-for-ungdomar-160-210-cm-med-hjul-enkel-att-justera-robust-design-svart\/"]}]},{"@type":"ImageObject","inLanguage":"sv-SE","@id":"https:\/\/truusk.store\/sv\/produkt\/truusk-justerbart-utomhusbasketstall-for-ungdomar-160-210-cm-med-hjul-enkel-att-justera-robust-design-svart\/#primaryimage","url":"https:\/\/i0.wp.com\/truusk.store\/wp-content\/uploads\/2026\/02\/utomhusbasketkorg-for-ungdomar-160-210-cm-hojdjusterbart-basketstall-med-hjul-1.webp?fit=2000%2C2000&ssl=1","contentUrl":"https:\/\/i0.wp.com\/truusk.store\/wp-content\/uploads\/2026\/02\/utomhusbasketkorg-for-ungdomar-160-210-cm-hojdjusterbart-basketstall-med-hjul-1.webp?fit=2000%2C2000&ssl=1","width":2000,"height":2000},{"@type":"BreadcrumbList","@id":"https:\/\/truusk.store\/sv\/produkt\/truusk-justerbart-utomhusbasketstall-for-ungdomar-160-210-cm-med-hjul-enkel-att-justera-robust-design-svart\/#breadcrumb","itemListElement":[{"@type":"ListItem","position":1,"name":"Home","item":"https:\/\/truusk.store\/sv\/"},{"@type":"ListItem","position":2,"name":"Shop","item":"https:\/\/truusk.store\/shop\/"},{"@type":"ListItem","position":3,"name":"TRUUSK Justerbart Utomhusbasketst\u00e4ll f\u00f6r Ungdomar &#8211; 160-210 cm &#8211; Med Hjul &#8211; Enkel Att Justera &#8211; Robust Design &#8211; Svart"}]},{"@type":"WebSite","@id":"https:\/\/truusk.store\/sv\/#website","url":"https:\/\/truusk.store\/sv\/","name":"TRUUSK - Hem, Tr\u00e4dg\u00e5rd & Fritid","description":"","publisher":{"@id":"https:\/\/truusk.store\/sv\/#organization"},"potentialAction":[{"@type":"SearchAction","target":{"@type":"EntryPoint","urlTemplate":"https:\/\/truusk.store\/sv\/?s={search_term_string}"},"query-input":{"@type":"PropertyValueSpecification","valueRequired":true,"valueName":"search_term_string"}}],"inLanguage":"sv-SE"},{"@type":"Organization","@id":"https:\/\/truusk.store\/sv\/#organization","name":"TRUUSK - Hem, Tr\u00e4dg\u00e5rd & Fritid","url":"https:\/\/truusk.store\/sv\/","logo":{"@type":"ImageObject","inLanguage":"sv-SE","@id":"https:\/\/truusk.store\/sv\/#\/schema\/logo\/image\/","url":"https:\/\/i0.wp.com\/truusk.store\/wp-content\/uploads\/2026\/03\/cropped-TRUUSK.png?fit=2032%2C917&ssl=1","contentUrl":"https:\/\/i0.wp.com\/truusk.store\/wp-content\/uploads\/2026\/03\/cropped-TRUUSK.png?fit=2032%2C917&ssl=1","width":2032,"height":917,"caption":"TRUUSK - Hem, Tr\u00e4dg\u00e5rd & Fritid"},"image":{"@id":"https:\/\/truusk.store\/sv\/#\/schema\/logo\/image\/"}}]}},"jetpack_sharing_enabled":true,"_links":{"self":[{"href":"https:\/\/truusk.store\/sv\/wp-json\/wp\/v2\/product\/103598","targetHints":{"allow":["GET"]}}],"collection":[{"href":"https:\/\/truusk.store\/sv\/wp-json\/wp\/v2\/product"}],"about":[{"href":"https:\/\/truusk.store\/sv\/wp-json\/wp\/v2\/types\/product"}],"wp:featuredmedia":[{"embeddable":true,"href":"https:\/\/truusk.store\/sv\/wp-json\/wp\/v2\/media\/103589"}],"wp:attachment":[{"href":"https:\/\/truusk.store\/sv\/wp-json\/wp\/v2\/media?parent=103598"}],"wp:term":[{"taxonomy":"product_brand","embeddable":true,"href":"https:\/\/truusk.store\/sv\/wp-json\/wp\/v2\/product_brand?post=103598"},{"taxonomy":"product_cat","embeddable":true,"href":"https:\/\/truusk.store\/sv\/wp-json\/wp\/v2\/product_cat?post=103598"},{"taxonomy":"product_tag","embeddable":true,"href":"https:\/\/truusk.store\/sv\/wp-json\/wp\/v2\/product_tag?post=103598"}],"curies":[{"name":"wp","href":"https:\/\/api.w.org\/{rel}","templated":true}]}}