{"id":103608,"date":"2026-02-09T04:26:15","date_gmt":"2026-02-09T03:26:15","guid":{"rendered":"https:\/\/truusk.store\/product\/hopfallbar-solsang-med-tradgardsliggare-huvudkudde-solstol-med-5-faldigt-justerbart-ryggstod-barbar-vaska-ljusgra\/"},"modified":"2026-03-12T09:12:26","modified_gmt":"2026-03-12T08:12:26","slug":"truusk-hopfallbar-solsang-med-tradgardsliggare-justerbart-ryggstod-barbar-vaska-ljusgra","status":"publish","type":"product","link":"https:\/\/truusk.store\/sv\/produkt\/truusk-hopfallbar-solsang-med-tradgardsliggare-justerbart-ryggstod-barbar-vaska-ljusgra\/","title":{"rendered":"TRUUSK Hopf\u00e4llbar Sols\u00e4ng Med Tr\u00e4dg\u00e5rdsliggare &#8211; Justerbart Ryggst\u00f6d &#8211; B\u00e4rbar V\u00e4ska &#8211; Ljusgr\u00e5"},"content":{"rendered":"<p>Om det \u00e4r n\u00e5got du beh\u00f6ver p\u00e5 stranden denna sommar, s\u00e5 \u00e4r det de hopf\u00e4llbara strandstolarna fr\u00e5n [BRAND NAME]. Med sin robusta st\u00e5lram och behagliga tyg\u00f6verdrag \u00e4r de en verklig f\u00f6rb\u00e4ttring j\u00e4mf\u00f6rt med de vanliga strandstolarna. Den hopf\u00e4llbara strandstolen kan snabbt f\u00e4llas ihop och levereras med en b\u00e4rv\u00e4ska. Tack vare den mjuka stoppningen st\u00f6ds kroppen optimalt, s\u00e5 att du kan njuta av din strandsemester bekv\u00e4mt.<\/p>\n<p>Beskrivning:<\/p>\n<ul>\n<li> Kan f\u00e4llas ihop till ett kompakt format f\u00f6r transport och f\u00f6rvaring<\/li>\n<li> Lounge-stolarna p\u00e5 den hopf\u00e4llbara strandstolen erbjuder absolut avkoppling<\/li>\n<li> Justerbar ryggst\u00f6d<\/li>\n<li> Slitstarkt \u00f6verdrag av Oxford-polyester<\/li>\n<li> Kudde f\u00f6r extra komfort (ej avtagbar)<\/li>\n<li> Inklusive b\u00e4rv\u00e4ska<\/li>\n<li> Idealisk f\u00f6r solbad, pooler, str\u00e4nder, etc.<\/li>\n<li> Hopf\u00e4llbar design med b\u00e4rv\u00e4ska f\u00f6r enkel transport<\/li>\n<\/ul>\n<p> Tekniska data:<\/p>\n<ul>\n<li> F\u00e4rg: Ljusgr\u00e5<\/li>\n<li> Material: St\u00e5l, PE-tyg, EPE-ull<\/li>\n<li> M\u00e5tt: 134L x 48B x 33-43H cm<\/li>\n<li> Sittm\u00e5tt: 48L x 89B cm<\/li>\n<li> M\u00e5tt (hopf\u00e4lld): 49,5L x 48B x 3,5H cm<\/li>\n<\/ul>\n<p>Leveransinneh\u00e5ll:<\/p>\n<ul>\n<li> 2 x Strandmatta<\/li>\n<li> 1 x B\u00e4rv\u00e4ska<\/li>\n<\/ul>\n","protected":false},"excerpt":{"rendered":"<p>Om det \u00e4r n\u00e5got du beh\u00f6ver p\u00e5 stranden denna sommar, s\u00e5 \u00e4r det de hopf\u00e4llbara strandstolarna fr\u00e5n [BRAND NAME]. Med&#8230;<\/p>\n","protected":false},"featured_media":103599,"template":"","meta":[],"product_brand":[],"product_cat":[451,858,450],"product_tag":[],"class_list":{"0":"post-103608","1":"product","2":"type-product","3":"status-publish","4":"has-post-thumbnail","6":"product_cat-solstolar","7":"product_cat-tradgard-terrass","8":"product_cat-tradgardsmobler","10":"first","11":"instock","12":"sale","13":"taxable","14":"shipping-taxable","15":"purchasable","16":"product-type-simple"},"yoast_head":"<!-- This site is optimized with the Yoast SEO plugin v25.4 - https:\/\/yoast.com\/wordpress\/plugins\/seo\/ -->\n<title>TRUUSK Hopf\u00e4llbar Sols\u00e4ng Med Tr\u00e4dg\u00e5rdsliggare - Justerbart Ryggst\u00f6d - B\u00e4rbar V\u00e4ska - Ljusgr\u00e5 - TRUUSK - Hem, Tr\u00e4dg\u00e5rd &amp; Fritid<\/title>\n<meta name=\"robots\" content=\"index, follow, max-snippet:-1, max-image-preview:large, max-video-preview:-1\" \/>\n<link rel=\"canonical\" href=\"https:\/\/truusk.store\/sv\/produkt\/truusk-hopfallbar-solsang-med-tradgardsliggare-justerbart-ryggstod-barbar-vaska-ljusgra\/\" \/>\n<meta property=\"og:locale\" content=\"sv_SE\" \/>\n<meta property=\"og:type\" content=\"article\" \/>\n<meta property=\"og:title\" content=\"TRUUSK Hopf\u00e4llbar Sols\u00e4ng Med Tr\u00e4dg\u00e5rdsliggare - Justerbart Ryggst\u00f6d - B\u00e4rbar V\u00e4ska - Ljusgr\u00e5 - TRUUSK - Hem, Tr\u00e4dg\u00e5rd &amp; Fritid\" \/>\n<meta property=\"og:description\" content=\"Om det \u00e4r n\u00e5got du beh\u00f6ver p\u00e5 stranden denna sommar, s\u00e5 \u00e4r det de hopf\u00e4llbara strandstolarna fr\u00e5n [BRAND NAME]. Med...\" \/>\n<meta property=\"og:url\" content=\"https:\/\/truusk.store\/sv\/produkt\/truusk-hopfallbar-solsang-med-tradgardsliggare-justerbart-ryggstod-barbar-vaska-ljusgra\/\" \/>\n<meta property=\"og:site_name\" content=\"TRUUSK - Hem, Tr\u00e4dg\u00e5rd &amp; Fritid\" \/>\n<meta property=\"article:modified_time\" content=\"2026-03-12T08:12:26+00:00\" \/>\n<meta property=\"og:image\" content=\"https:\/\/i0.wp.com\/truusk.se\/wp-content\/uploads\/2026\/02\/hopfallbar-solsang-med-tradgardsliggare-huvudkudde-solstol-med-5-faldigt-justerbart-ryggstod-barbar-vaska-ljusgra-1.webp?fit=2000%2C2000&ssl=1\" \/>\n\t<meta property=\"og:image:width\" content=\"2000\" \/>\n\t<meta property=\"og:image:height\" content=\"2000\" \/>\n\t<meta property=\"og:image:type\" content=\"image\/webp\" \/>\n<meta name=\"twitter:card\" content=\"summary_large_image\" \/>\n<meta name=\"twitter:label1\" content=\"Ber\u00e4knad l\u00e4stid\" \/>\n\t<meta name=\"twitter:data1\" content=\"1 minut\" \/>\n<!-- \/ Yoast SEO plugin. -->","yoast_head_json":{"title":"TRUUSK Hopf\u00e4llbar Sols\u00e4ng Med Tr\u00e4dg\u00e5rdsliggare - Justerbart Ryggst\u00f6d - B\u00e4rbar V\u00e4ska - Ljusgr\u00e5 - TRUUSK - Hem, Tr\u00e4dg\u00e5rd &amp; Fritid","robots":{"index":"index","follow":"follow","max-snippet":"max-snippet:-1","max-image-preview":"max-image-preview:large","max-video-preview":"max-video-preview:-1"},"canonical":"https:\/\/truusk.store\/sv\/produkt\/truusk-hopfallbar-solsang-med-tradgardsliggare-justerbart-ryggstod-barbar-vaska-ljusgra\/","og_locale":"sv_SE","og_type":"article","og_title":"TRUUSK Hopf\u00e4llbar Sols\u00e4ng Med Tr\u00e4dg\u00e5rdsliggare - Justerbart Ryggst\u00f6d - B\u00e4rbar V\u00e4ska - Ljusgr\u00e5 - TRUUSK - Hem, Tr\u00e4dg\u00e5rd &amp; Fritid","og_description":"Om det \u00e4r n\u00e5got du beh\u00f6ver p\u00e5 stranden denna sommar, s\u00e5 \u00e4r det de hopf\u00e4llbara strandstolarna fr\u00e5n [BRAND NAME]. Med...","og_url":"https:\/\/truusk.store\/sv\/produkt\/truusk-hopfallbar-solsang-med-tradgardsliggare-justerbart-ryggstod-barbar-vaska-ljusgra\/","og_site_name":"TRUUSK - Hem, Tr\u00e4dg\u00e5rd &amp; Fritid","article_modified_time":"2026-03-12T08:12:26+00:00","og_image":[{"width":2000,"height":2000,"url":"https:\/\/i0.wp.com\/truusk.se\/wp-content\/uploads\/2026\/02\/hopfallbar-solsang-med-tradgardsliggare-huvudkudde-solstol-med-5-faldigt-justerbart-ryggstod-barbar-vaska-ljusgra-1.webp?fit=2000%2C2000&ssl=1","type":"image\/webp"}],"twitter_card":"summary_large_image","twitter_misc":{"Ber\u00e4knad l\u00e4stid":"1 minut"},"schema":{"@context":"https:\/\/schema.org","@graph":[{"@type":"WebPage","@id":"https:\/\/truusk.store\/sv\/produkt\/truusk-hopfallbar-solsang-med-tradgardsliggare-justerbart-ryggstod-barbar-vaska-ljusgra\/","url":"https:\/\/truusk.store\/sv\/produkt\/truusk-hopfallbar-solsang-med-tradgardsliggare-justerbart-ryggstod-barbar-vaska-ljusgra\/","name":"TRUUSK Hopf\u00e4llbar Sols\u00e4ng Med Tr\u00e4dg\u00e5rdsliggare - Justerbart Ryggst\u00f6d - B\u00e4rbar V\u00e4ska - Ljusgr\u00e5 - TRUUSK - Hem, Tr\u00e4dg\u00e5rd &amp; Fritid","isPartOf":{"@id":"https:\/\/truusk.store\/sv\/#website"},"primaryImageOfPage":{"@id":"https:\/\/truusk.store\/sv\/produkt\/truusk-hopfallbar-solsang-med-tradgardsliggare-justerbart-ryggstod-barbar-vaska-ljusgra\/#primaryimage"},"image":{"@id":"https:\/\/truusk.store\/sv\/produkt\/truusk-hopfallbar-solsang-med-tradgardsliggare-justerbart-ryggstod-barbar-vaska-ljusgra\/#primaryimage"},"thumbnailUrl":"https:\/\/i0.wp.com\/truusk.store\/wp-content\/uploads\/2026\/02\/hopfallbar-solsang-med-tradgardsliggare-huvudkudde-solstol-med-5-faldigt-justerbart-ryggstod-barbar-vaska-ljusgra-1.webp?fit=2000%2C2000&ssl=1","datePublished":"2026-02-09T03:26:15+00:00","dateModified":"2026-03-12T08:12:26+00:00","breadcrumb":{"@id":"https:\/\/truusk.store\/sv\/produkt\/truusk-hopfallbar-solsang-med-tradgardsliggare-justerbart-ryggstod-barbar-vaska-ljusgra\/#breadcrumb"},"inLanguage":"sv-SE","potentialAction":[{"@type":"ReadAction","target":["https:\/\/truusk.store\/sv\/produkt\/truusk-hopfallbar-solsang-med-tradgardsliggare-justerbart-ryggstod-barbar-vaska-ljusgra\/"]}]},{"@type":"ImageObject","inLanguage":"sv-SE","@id":"https:\/\/truusk.store\/sv\/produkt\/truusk-hopfallbar-solsang-med-tradgardsliggare-justerbart-ryggstod-barbar-vaska-ljusgra\/#primaryimage","url":"https:\/\/i0.wp.com\/truusk.store\/wp-content\/uploads\/2026\/02\/hopfallbar-solsang-med-tradgardsliggare-huvudkudde-solstol-med-5-faldigt-justerbart-ryggstod-barbar-vaska-ljusgra-1.webp?fit=2000%2C2000&ssl=1","contentUrl":"https:\/\/i0.wp.com\/truusk.store\/wp-content\/uploads\/2026\/02\/hopfallbar-solsang-med-tradgardsliggare-huvudkudde-solstol-med-5-faldigt-justerbart-ryggstod-barbar-vaska-ljusgra-1.webp?fit=2000%2C2000&ssl=1","width":2000,"height":2000},{"@type":"BreadcrumbList","@id":"https:\/\/truusk.store\/sv\/produkt\/truusk-hopfallbar-solsang-med-tradgardsliggare-justerbart-ryggstod-barbar-vaska-ljusgra\/#breadcrumb","itemListElement":[{"@type":"ListItem","position":1,"name":"Home","item":"https:\/\/truusk.store\/sv\/"},{"@type":"ListItem","position":2,"name":"Shop","item":"https:\/\/truusk.store\/shop\/"},{"@type":"ListItem","position":3,"name":"TRUUSK Hopf\u00e4llbar Sols\u00e4ng Med Tr\u00e4dg\u00e5rdsliggare &#8211; Justerbart Ryggst\u00f6d &#8211; B\u00e4rbar V\u00e4ska &#8211; Ljusgr\u00e5"}]},{"@type":"WebSite","@id":"https:\/\/truusk.store\/sv\/#website","url":"https:\/\/truusk.store\/sv\/","name":"TRUUSK - Hem, Tr\u00e4dg\u00e5rd & Fritid","description":"","publisher":{"@id":"https:\/\/truusk.store\/sv\/#organization"},"potentialAction":[{"@type":"SearchAction","target":{"@type":"EntryPoint","urlTemplate":"https:\/\/truusk.store\/sv\/?s={search_term_string}"},"query-input":{"@type":"PropertyValueSpecification","valueRequired":true,"valueName":"search_term_string"}}],"inLanguage":"sv-SE"},{"@type":"Organization","@id":"https:\/\/truusk.store\/sv\/#organization","name":"TRUUSK - Hem, Tr\u00e4dg\u00e5rd & Fritid","url":"https:\/\/truusk.store\/sv\/","logo":{"@type":"ImageObject","inLanguage":"sv-SE","@id":"https:\/\/truusk.store\/sv\/#\/schema\/logo\/image\/","url":"https:\/\/i0.wp.com\/truusk.store\/wp-content\/uploads\/2026\/03\/cropped-TRUUSK.png?fit=2032%2C917&ssl=1","contentUrl":"https:\/\/i0.wp.com\/truusk.store\/wp-content\/uploads\/2026\/03\/cropped-TRUUSK.png?fit=2032%2C917&ssl=1","width":2032,"height":917,"caption":"TRUUSK - Hem, Tr\u00e4dg\u00e5rd & Fritid"},"image":{"@id":"https:\/\/truusk.store\/sv\/#\/schema\/logo\/image\/"}}]}},"jetpack_sharing_enabled":true,"_links":{"self":[{"href":"https:\/\/truusk.store\/sv\/wp-json\/wp\/v2\/product\/103608","targetHints":{"allow":["GET"]}}],"collection":[{"href":"https:\/\/truusk.store\/sv\/wp-json\/wp\/v2\/product"}],"about":[{"href":"https:\/\/truusk.store\/sv\/wp-json\/wp\/v2\/types\/product"}],"wp:featuredmedia":[{"embeddable":true,"href":"https:\/\/truusk.store\/sv\/wp-json\/wp\/v2\/media\/103599"}],"wp:attachment":[{"href":"https:\/\/truusk.store\/sv\/wp-json\/wp\/v2\/media?parent=103608"}],"wp:term":[{"taxonomy":"product_brand","embeddable":true,"href":"https:\/\/truusk.store\/sv\/wp-json\/wp\/v2\/product_brand?post=103608"},{"taxonomy":"product_cat","embeddable":true,"href":"https:\/\/truusk.store\/sv\/wp-json\/wp\/v2\/product_cat?post=103608"},{"taxonomy":"product_tag","embeddable":true,"href":"https:\/\/truusk.store\/sv\/wp-json\/wp\/v2\/product_tag?post=103608"}],"curies":[{"name":"wp","href":"https:\/\/api.w.org\/{rel}","templated":true}]}}