{"id":103638,"date":"2026-02-09T04:34:35","date_gmt":"2026-02-09T03:34:35","guid":{"rendered":"https:\/\/truusk.store\/product\/hogbadd-vaderbestandig-malning-4-hjul-naturligt-tra-89-x-48-x-47-cm\/"},"modified":"2026-03-12T09:20:31","modified_gmt":"2026-03-12T08:20:31","slug":"truusk-hundbadd-med-vaderbestandigt-overdrag-naturlig-traram-4-hjul-matt-89-x-48-x-47-cm","status":"publish","type":"product","link":"https:\/\/truusk.store\/sv\/produkt\/truusk-hundbadd-med-vaderbestandigt-overdrag-naturlig-traram-4-hjul-matt-89-x-48-x-47-cm\/","title":{"rendered":"TRUUSK Hundb\u00e4dd med V\u00e4derbest\u00e4ndigt \u00d6verdrag &#8211; Naturlig Tr\u00e4ram &#8211; 4 Hjul &#8211; M\u00e5tt 89 x 48 x 47 cm"},"content":{"rendered":"<p>Det [BRAND NAME] h\u00f6ga b\u00e4dd \u00e4r en v\u00e4rdefull f\u00f6ljeslagare f\u00f6r alla tr\u00e4dg\u00e5rds\u00e4lskare. Det \u00e4r tillverkat av massivt, h\u00e5llbart grantr\u00e4 och har en v\u00e4derbest\u00e4ndig skyddslack f\u00f6r att garantera en l\u00e5ng livsl\u00e4ngd. Det \u00e4r ocks\u00e5 mycket mobilt, eftersom det \u00e4r utrustat med fyra hjul och tv\u00e5 bromsar. Det har ocks\u00e5 en tygfodring med dr\u00e4neringsh\u00e5l p\u00e5 botten f\u00f6r att f\u00f6rhindra \u00f6vervattning. Skaffa [BRAND NAME] h\u00f6ga b\u00e4dd nu och upplev en framg\u00e5ngsrik tr\u00e4dg\u00e5rdss\u00e4song!<\/p>\n<p>Beskrivning:<\/p>\n<ul>\n<li> Tillverkad av massivt, h\u00e5llbart grantr\u00e4<\/li>\n<li> Har en v\u00e4derbest\u00e4ndig skyddslack<\/li>\n<li> Mycket mobil: med fyra hjul och tv\u00e5 bromsar<\/li>\n<li> Tygfodring med dr\u00e4neringsh\u00e5l p\u00e5 botten av balkongh\u00f6gb\u00e4dden f\u00f6r att f\u00f6rhindra \u00f6vervattning<\/li>\n<li> Denna balkong \u00f6rtb\u00e4dd erbjuder gott om plats f\u00f6r dina v\u00e4xter att v\u00e4xa och frodas<\/li>\n<li> Enkel montering kr\u00e4vs<\/li>\n<\/ul>\n<p> Tekniska data:<\/p>\n<ul>\n<li> F\u00e4rg: Naturtr\u00e4<\/li>\n<li> Material: Grantr\u00e4<\/li>\n<li> Totala m\u00e5tt: 89L x 48B x 47H cm<\/li>\n<li> Inre m\u00e5tt: 83L x 42B x 35H cm<\/li>\n<li> B\u00e4rkapacitet: 35 kg<\/li>\n<\/ul>\n<p>Leveransinneh\u00e5ll:<\/p>\n<ul>\n<li> 1 x Planteringsl\u00e5da<\/li>\n<li> 1 x Instruktioner<\/li>\n<\/ul>\n","protected":false},"excerpt":{"rendered":"<p>Det [BRAND NAME] h\u00f6ga b\u00e4dd \u00e4r en v\u00e4rdefull f\u00f6ljeslagare f\u00f6r alla tr\u00e4dg\u00e5rds\u00e4lskare. Det \u00e4r tillverkat av massivt, h\u00e5llbart grantr\u00e4 och&#8230;<\/p>\n","protected":false},"featured_media":103629,"template":"","meta":[],"product_brand":[],"product_cat":[924,858,443],"product_tag":[],"class_list":{"0":"post-103638","1":"product","2":"type-product","3":"status-publish","4":"has-post-thumbnail","6":"product_cat-plantkarl","7":"product_cat-tradgard-terrass","8":"product_cat-vaxthus-tradgardsskotsel","10":"first","11":"instock","12":"sale","13":"taxable","14":"shipping-taxable","15":"purchasable","16":"product-type-simple"},"yoast_head":"<!-- This site is optimized with the Yoast SEO plugin v25.4 - https:\/\/yoast.com\/wordpress\/plugins\/seo\/ -->\n<title>TRUUSK Hundb\u00e4dd med V\u00e4derbest\u00e4ndigt \u00d6verdrag - Naturlig Tr\u00e4ram - 4 Hjul - M\u00e5tt 89 x 48 x 47 cm - TRUUSK - Hem, Tr\u00e4dg\u00e5rd &amp; Fritid<\/title>\n<meta name=\"robots\" content=\"index, follow, max-snippet:-1, max-image-preview:large, max-video-preview:-1\" \/>\n<link rel=\"canonical\" href=\"https:\/\/truusk.store\/sv\/produkt\/truusk-hundbadd-med-vaderbestandigt-overdrag-naturlig-traram-4-hjul-matt-89-x-48-x-47-cm\/\" \/>\n<meta property=\"og:locale\" content=\"sv_SE\" \/>\n<meta property=\"og:type\" content=\"article\" \/>\n<meta property=\"og:title\" content=\"TRUUSK Hundb\u00e4dd med V\u00e4derbest\u00e4ndigt \u00d6verdrag - Naturlig Tr\u00e4ram - 4 Hjul - M\u00e5tt 89 x 48 x 47 cm - TRUUSK - Hem, Tr\u00e4dg\u00e5rd &amp; Fritid\" \/>\n<meta property=\"og:description\" content=\"Det [BRAND NAME] h\u00f6ga b\u00e4dd \u00e4r en v\u00e4rdefull f\u00f6ljeslagare f\u00f6r alla tr\u00e4dg\u00e5rds\u00e4lskare. Det \u00e4r tillverkat av massivt, h\u00e5llbart grantr\u00e4 och...\" \/>\n<meta property=\"og:url\" content=\"https:\/\/truusk.store\/sv\/produkt\/truusk-hundbadd-med-vaderbestandigt-overdrag-naturlig-traram-4-hjul-matt-89-x-48-x-47-cm\/\" \/>\n<meta property=\"og:site_name\" content=\"TRUUSK - Hem, Tr\u00e4dg\u00e5rd &amp; Fritid\" \/>\n<meta property=\"article:modified_time\" content=\"2026-03-12T08:20:31+00:00\" \/>\n<meta property=\"og:image\" content=\"https:\/\/i0.wp.com\/truusk.se\/wp-content\/uploads\/2026\/02\/hogbadd-vaderbestandig-malning-4-hjul-naturligt-tra-89-x-48-x-47-cm-1.webp?fit=2000%2C2000&ssl=1\" \/>\n\t<meta property=\"og:image:width\" content=\"2000\" \/>\n\t<meta property=\"og:image:height\" content=\"2000\" \/>\n\t<meta property=\"og:image:type\" content=\"image\/webp\" \/>\n<meta name=\"twitter:card\" content=\"summary_large_image\" \/>\n<meta name=\"twitter:label1\" content=\"Ber\u00e4knad l\u00e4stid\" \/>\n\t<meta name=\"twitter:data1\" content=\"1 minut\" \/>\n<!-- \/ Yoast SEO plugin. -->","yoast_head_json":{"title":"TRUUSK Hundb\u00e4dd med V\u00e4derbest\u00e4ndigt \u00d6verdrag - Naturlig Tr\u00e4ram - 4 Hjul - M\u00e5tt 89 x 48 x 47 cm - TRUUSK - Hem, Tr\u00e4dg\u00e5rd &amp; Fritid","robots":{"index":"index","follow":"follow","max-snippet":"max-snippet:-1","max-image-preview":"max-image-preview:large","max-video-preview":"max-video-preview:-1"},"canonical":"https:\/\/truusk.store\/sv\/produkt\/truusk-hundbadd-med-vaderbestandigt-overdrag-naturlig-traram-4-hjul-matt-89-x-48-x-47-cm\/","og_locale":"sv_SE","og_type":"article","og_title":"TRUUSK Hundb\u00e4dd med V\u00e4derbest\u00e4ndigt \u00d6verdrag - Naturlig Tr\u00e4ram - 4 Hjul - M\u00e5tt 89 x 48 x 47 cm - TRUUSK - Hem, Tr\u00e4dg\u00e5rd &amp; Fritid","og_description":"Det [BRAND NAME] h\u00f6ga b\u00e4dd \u00e4r en v\u00e4rdefull f\u00f6ljeslagare f\u00f6r alla tr\u00e4dg\u00e5rds\u00e4lskare. Det \u00e4r tillverkat av massivt, h\u00e5llbart grantr\u00e4 och...","og_url":"https:\/\/truusk.store\/sv\/produkt\/truusk-hundbadd-med-vaderbestandigt-overdrag-naturlig-traram-4-hjul-matt-89-x-48-x-47-cm\/","og_site_name":"TRUUSK - Hem, Tr\u00e4dg\u00e5rd &amp; Fritid","article_modified_time":"2026-03-12T08:20:31+00:00","og_image":[{"width":2000,"height":2000,"url":"https:\/\/i0.wp.com\/truusk.se\/wp-content\/uploads\/2026\/02\/hogbadd-vaderbestandig-malning-4-hjul-naturligt-tra-89-x-48-x-47-cm-1.webp?fit=2000%2C2000&ssl=1","type":"image\/webp"}],"twitter_card":"summary_large_image","twitter_misc":{"Ber\u00e4knad l\u00e4stid":"1 minut"},"schema":{"@context":"https:\/\/schema.org","@graph":[{"@type":"WebPage","@id":"https:\/\/truusk.store\/sv\/produkt\/truusk-hundbadd-med-vaderbestandigt-overdrag-naturlig-traram-4-hjul-matt-89-x-48-x-47-cm\/","url":"https:\/\/truusk.store\/sv\/produkt\/truusk-hundbadd-med-vaderbestandigt-overdrag-naturlig-traram-4-hjul-matt-89-x-48-x-47-cm\/","name":"TRUUSK Hundb\u00e4dd med V\u00e4derbest\u00e4ndigt \u00d6verdrag - Naturlig Tr\u00e4ram - 4 Hjul - M\u00e5tt 89 x 48 x 47 cm - TRUUSK - Hem, Tr\u00e4dg\u00e5rd &amp; Fritid","isPartOf":{"@id":"https:\/\/truusk.store\/sv\/#website"},"primaryImageOfPage":{"@id":"https:\/\/truusk.store\/sv\/produkt\/truusk-hundbadd-med-vaderbestandigt-overdrag-naturlig-traram-4-hjul-matt-89-x-48-x-47-cm\/#primaryimage"},"image":{"@id":"https:\/\/truusk.store\/sv\/produkt\/truusk-hundbadd-med-vaderbestandigt-overdrag-naturlig-traram-4-hjul-matt-89-x-48-x-47-cm\/#primaryimage"},"thumbnailUrl":"https:\/\/i0.wp.com\/truusk.store\/wp-content\/uploads\/2026\/02\/hogbadd-vaderbestandig-malning-4-hjul-naturligt-tra-89-x-48-x-47-cm-1.webp?fit=2000%2C2000&ssl=1","datePublished":"2026-02-09T03:34:35+00:00","dateModified":"2026-03-12T08:20:31+00:00","breadcrumb":{"@id":"https:\/\/truusk.store\/sv\/produkt\/truusk-hundbadd-med-vaderbestandigt-overdrag-naturlig-traram-4-hjul-matt-89-x-48-x-47-cm\/#breadcrumb"},"inLanguage":"sv-SE","potentialAction":[{"@type":"ReadAction","target":["https:\/\/truusk.store\/sv\/produkt\/truusk-hundbadd-med-vaderbestandigt-overdrag-naturlig-traram-4-hjul-matt-89-x-48-x-47-cm\/"]}]},{"@type":"ImageObject","inLanguage":"sv-SE","@id":"https:\/\/truusk.store\/sv\/produkt\/truusk-hundbadd-med-vaderbestandigt-overdrag-naturlig-traram-4-hjul-matt-89-x-48-x-47-cm\/#primaryimage","url":"https:\/\/i0.wp.com\/truusk.store\/wp-content\/uploads\/2026\/02\/hogbadd-vaderbestandig-malning-4-hjul-naturligt-tra-89-x-48-x-47-cm-1.webp?fit=2000%2C2000&ssl=1","contentUrl":"https:\/\/i0.wp.com\/truusk.store\/wp-content\/uploads\/2026\/02\/hogbadd-vaderbestandig-malning-4-hjul-naturligt-tra-89-x-48-x-47-cm-1.webp?fit=2000%2C2000&ssl=1","width":2000,"height":2000},{"@type":"BreadcrumbList","@id":"https:\/\/truusk.store\/sv\/produkt\/truusk-hundbadd-med-vaderbestandigt-overdrag-naturlig-traram-4-hjul-matt-89-x-48-x-47-cm\/#breadcrumb","itemListElement":[{"@type":"ListItem","position":1,"name":"Home","item":"https:\/\/truusk.store\/sv\/"},{"@type":"ListItem","position":2,"name":"Shop","item":"https:\/\/truusk.store\/shop\/"},{"@type":"ListItem","position":3,"name":"TRUUSK Hundb\u00e4dd med V\u00e4derbest\u00e4ndigt \u00d6verdrag &#8211; Naturlig Tr\u00e4ram &#8211; 4 Hjul &#8211; M\u00e5tt 89 x 48 x 47 cm"}]},{"@type":"WebSite","@id":"https:\/\/truusk.store\/sv\/#website","url":"https:\/\/truusk.store\/sv\/","name":"TRUUSK - Hem, Tr\u00e4dg\u00e5rd & Fritid","description":"","publisher":{"@id":"https:\/\/truusk.store\/sv\/#organization"},"potentialAction":[{"@type":"SearchAction","target":{"@type":"EntryPoint","urlTemplate":"https:\/\/truusk.store\/sv\/?s={search_term_string}"},"query-input":{"@type":"PropertyValueSpecification","valueRequired":true,"valueName":"search_term_string"}}],"inLanguage":"sv-SE"},{"@type":"Organization","@id":"https:\/\/truusk.store\/sv\/#organization","name":"TRUUSK - Hem, Tr\u00e4dg\u00e5rd & Fritid","url":"https:\/\/truusk.store\/sv\/","logo":{"@type":"ImageObject","inLanguage":"sv-SE","@id":"https:\/\/truusk.store\/sv\/#\/schema\/logo\/image\/","url":"https:\/\/i0.wp.com\/truusk.store\/wp-content\/uploads\/2026\/03\/cropped-TRUUSK.png?fit=2032%2C917&ssl=1","contentUrl":"https:\/\/i0.wp.com\/truusk.store\/wp-content\/uploads\/2026\/03\/cropped-TRUUSK.png?fit=2032%2C917&ssl=1","width":2032,"height":917,"caption":"TRUUSK - Hem, Tr\u00e4dg\u00e5rd & Fritid"},"image":{"@id":"https:\/\/truusk.store\/sv\/#\/schema\/logo\/image\/"}}]}},"jetpack_sharing_enabled":true,"_links":{"self":[{"href":"https:\/\/truusk.store\/sv\/wp-json\/wp\/v2\/product\/103638","targetHints":{"allow":["GET"]}}],"collection":[{"href":"https:\/\/truusk.store\/sv\/wp-json\/wp\/v2\/product"}],"about":[{"href":"https:\/\/truusk.store\/sv\/wp-json\/wp\/v2\/types\/product"}],"wp:featuredmedia":[{"embeddable":true,"href":"https:\/\/truusk.store\/sv\/wp-json\/wp\/v2\/media\/103629"}],"wp:attachment":[{"href":"https:\/\/truusk.store\/sv\/wp-json\/wp\/v2\/media?parent=103638"}],"wp:term":[{"taxonomy":"product_brand","embeddable":true,"href":"https:\/\/truusk.store\/sv\/wp-json\/wp\/v2\/product_brand?post=103638"},{"taxonomy":"product_cat","embeddable":true,"href":"https:\/\/truusk.store\/sv\/wp-json\/wp\/v2\/product_cat?post=103638"},{"taxonomy":"product_tag","embeddable":true,"href":"https:\/\/truusk.store\/sv\/wp-json\/wp\/v2\/product_tag?post=103638"}],"curies":[{"name":"wp","href":"https:\/\/api.w.org\/{rel}","templated":true}]}}