{"id":103668,"date":"2026-02-09T04:38:10","date_gmt":"2026-02-09T03:38:10","guid":{"rendered":"https:\/\/truusk.store\/product\/2-pack-solsang-vikbar-tradgardssang-med-5-stegs-justerbar-ryggstod-upp-till-120kg-belastning\/"},"modified":"2026-03-12T09:24:29","modified_gmt":"2026-03-12T08:24:29","slug":"truusk-2-pack-hopfallbar-tradgardssang-5-stegs-justerbart-ryggstod-upp-till-120kg-belastning","status":"publish","type":"product","link":"https:\/\/truusk.store\/sv\/produkt\/truusk-2-pack-hopfallbar-tradgardssang-5-stegs-justerbart-ryggstod-upp-till-120kg-belastning\/","title":{"rendered":"TRUUSK 2-pack Hopf\u00e4llbar Tr\u00e4dg\u00e5rdss\u00e4ng &#8211; 5-stegs Justerbart Ryggst\u00f6d &#8211; Upp Till 120kg Belastning"},"content":{"rendered":"<p>2-set solstol fr\u00e5n [BRAND NAME] f\u00f6r tv\u00e5 personer ger dig och en v\u00e4n bekv\u00e4m solbadning utomhus. De hopf\u00e4llbara tr\u00e4dg\u00e5rdsstolarna har justerbara ryggst\u00f6d med fem positioner &#8211; v\u00e4lj din favoritvinkel. Pulverlackerade st\u00e5lstommar ger stabilitet och styrka. Utomhuss\u00e4ngen \u00e4r l\u00e4tt att f\u00e4lla ihop och enkel att transportera och f\u00f6rvara.<\/p>\n<p>Beskrivning:<\/p>\n<ul>\n<li> Set med tv\u00e5 tr\u00e4dg\u00e5rdsstolar, idealiskt f\u00f6r att koppla av med en v\u00e4n<\/li>\n<li> Ryggst\u00f6det kan justeras i fem olika positioner<\/li>\n<li> Robust och stabil pulverlackerad st\u00e5lram<\/li>\n<li> Hopf\u00e4llbar design av tr\u00e4dg\u00e5rdsstolen f\u00f6r enkel transport och platsbesparande f\u00f6rvaring<\/li>\n<li> Andningsbart Oxford-tyg, snabbtorkande och h\u00e5ller sig svalt p\u00e5 sommaren<\/li>\n<li> Maximal belastning 120 kg, ingen montering kr\u00e4vs<\/li>\n<\/ul>\n<p> Tekniska data:<\/p>\n<ul>\n<li> F\u00e4rg: Bl\u00e5+Svart<\/li>\n<li> Material: St\u00e5l, Oxfordtyg<\/li>\n<li> Lutande dimensioner: (Fullst\u00e4ndig) 188L x 56B x 28H cm<\/li>\n<li> Hopf\u00e4llda dimensioner: 70L x 56B x 13H cm<\/li>\n<li> Sitsstorlek: 56B x 120T x 28H cm<\/li>\n<li> Ryggst\u00f6dsdimensioner: 70L x 56B cm<\/li>\n<li> Justerbar ryggvinkel: 180\u00b0, 160\u00b0, 140\u00b0, 120\u00b0, 100\u00b0<\/li>\n<li> Ryggst\u00f6dsh\u00f6jd fr\u00e5n golvet: 28 cm, 52 cm, 67 cm, 78 cm, 84 cm<\/li>\n<li> Belastningskapacitet: 120 kg<\/li>\n<\/ul>\n<p>Leveransinneh\u00e5ll:<\/p>\n<ul>\n<li> 2 x solstol<\/li>\n<li> 1 x instruktion<\/li>\n<\/ul>\n","protected":false},"excerpt":{"rendered":"<p>2-set solstol fr\u00e5n [BRAND NAME] f\u00f6r tv\u00e5 personer ger dig och en v\u00e4n bekv\u00e4m solbadning utomhus. De hopf\u00e4llbara tr\u00e4dg\u00e5rdsstolarna har&#8230;<\/p>\n","protected":false},"featured_media":103659,"template":"","meta":[],"product_brand":[],"product_cat":[451,858,450],"product_tag":[],"class_list":{"0":"post-103668","1":"product","2":"type-product","3":"status-publish","4":"has-post-thumbnail","6":"product_cat-solstolar","7":"product_cat-tradgard-terrass","8":"product_cat-tradgardsmobler","10":"first","11":"instock","12":"sale","13":"taxable","14":"shipping-taxable","15":"purchasable","16":"product-type-simple"},"yoast_head":"<!-- This site is optimized with the Yoast SEO plugin v25.4 - https:\/\/yoast.com\/wordpress\/plugins\/seo\/ -->\n<title>TRUUSK 2-pack Hopf\u00e4llbar Tr\u00e4dg\u00e5rdss\u00e4ng - 5-stegs Justerbart Ryggst\u00f6d - Upp Till 120kg Belastning - TRUUSK - Hem, Tr\u00e4dg\u00e5rd &amp; Fritid<\/title>\n<meta name=\"robots\" content=\"index, follow, max-snippet:-1, max-image-preview:large, max-video-preview:-1\" \/>\n<link rel=\"canonical\" href=\"https:\/\/truusk.store\/sv\/produkt\/truusk-2-pack-hopfallbar-tradgardssang-5-stegs-justerbart-ryggstod-upp-till-120kg-belastning\/\" \/>\n<meta property=\"og:locale\" content=\"sv_SE\" \/>\n<meta property=\"og:type\" content=\"article\" \/>\n<meta property=\"og:title\" content=\"TRUUSK 2-pack Hopf\u00e4llbar Tr\u00e4dg\u00e5rdss\u00e4ng - 5-stegs Justerbart Ryggst\u00f6d - Upp Till 120kg Belastning - TRUUSK - Hem, Tr\u00e4dg\u00e5rd &amp; Fritid\" \/>\n<meta property=\"og:description\" content=\"2-set solstol fr\u00e5n [BRAND NAME] f\u00f6r tv\u00e5 personer ger dig och en v\u00e4n bekv\u00e4m solbadning utomhus. De hopf\u00e4llbara tr\u00e4dg\u00e5rdsstolarna har...\" \/>\n<meta property=\"og:url\" content=\"https:\/\/truusk.store\/sv\/produkt\/truusk-2-pack-hopfallbar-tradgardssang-5-stegs-justerbart-ryggstod-upp-till-120kg-belastning\/\" \/>\n<meta property=\"og:site_name\" content=\"TRUUSK - Hem, Tr\u00e4dg\u00e5rd &amp; Fritid\" \/>\n<meta property=\"article:modified_time\" content=\"2026-03-12T08:24:29+00:00\" \/>\n<meta property=\"og:image\" content=\"https:\/\/i0.wp.com\/truusk.se\/wp-content\/uploads\/2026\/02\/2-pack-solsang-vikbar-tradgardssang-med-5-stegs-justerbar-ryggstod-upp-till-120kg-belastning-1.webp?fit=2000%2C2000&ssl=1\" \/>\n\t<meta property=\"og:image:width\" content=\"2000\" \/>\n\t<meta property=\"og:image:height\" content=\"2000\" \/>\n\t<meta property=\"og:image:type\" content=\"image\/webp\" \/>\n<meta name=\"twitter:card\" content=\"summary_large_image\" \/>\n<meta name=\"twitter:label1\" content=\"Ber\u00e4knad l\u00e4stid\" \/>\n\t<meta name=\"twitter:data1\" content=\"1 minut\" \/>\n<!-- \/ Yoast SEO plugin. -->","yoast_head_json":{"title":"TRUUSK 2-pack Hopf\u00e4llbar Tr\u00e4dg\u00e5rdss\u00e4ng - 5-stegs Justerbart Ryggst\u00f6d - Upp Till 120kg Belastning - TRUUSK - Hem, Tr\u00e4dg\u00e5rd &amp; Fritid","robots":{"index":"index","follow":"follow","max-snippet":"max-snippet:-1","max-image-preview":"max-image-preview:large","max-video-preview":"max-video-preview:-1"},"canonical":"https:\/\/truusk.store\/sv\/produkt\/truusk-2-pack-hopfallbar-tradgardssang-5-stegs-justerbart-ryggstod-upp-till-120kg-belastning\/","og_locale":"sv_SE","og_type":"article","og_title":"TRUUSK 2-pack Hopf\u00e4llbar Tr\u00e4dg\u00e5rdss\u00e4ng - 5-stegs Justerbart Ryggst\u00f6d - Upp Till 120kg Belastning - TRUUSK - Hem, Tr\u00e4dg\u00e5rd &amp; Fritid","og_description":"2-set solstol fr\u00e5n [BRAND NAME] f\u00f6r tv\u00e5 personer ger dig och en v\u00e4n bekv\u00e4m solbadning utomhus. De hopf\u00e4llbara tr\u00e4dg\u00e5rdsstolarna har...","og_url":"https:\/\/truusk.store\/sv\/produkt\/truusk-2-pack-hopfallbar-tradgardssang-5-stegs-justerbart-ryggstod-upp-till-120kg-belastning\/","og_site_name":"TRUUSK - Hem, Tr\u00e4dg\u00e5rd &amp; Fritid","article_modified_time":"2026-03-12T08:24:29+00:00","og_image":[{"width":2000,"height":2000,"url":"https:\/\/i0.wp.com\/truusk.se\/wp-content\/uploads\/2026\/02\/2-pack-solsang-vikbar-tradgardssang-med-5-stegs-justerbar-ryggstod-upp-till-120kg-belastning-1.webp?fit=2000%2C2000&ssl=1","type":"image\/webp"}],"twitter_card":"summary_large_image","twitter_misc":{"Ber\u00e4knad l\u00e4stid":"1 minut"},"schema":{"@context":"https:\/\/schema.org","@graph":[{"@type":"WebPage","@id":"https:\/\/truusk.store\/sv\/produkt\/truusk-2-pack-hopfallbar-tradgardssang-5-stegs-justerbart-ryggstod-upp-till-120kg-belastning\/","url":"https:\/\/truusk.store\/sv\/produkt\/truusk-2-pack-hopfallbar-tradgardssang-5-stegs-justerbart-ryggstod-upp-till-120kg-belastning\/","name":"TRUUSK 2-pack Hopf\u00e4llbar Tr\u00e4dg\u00e5rdss\u00e4ng - 5-stegs Justerbart Ryggst\u00f6d - Upp Till 120kg Belastning - TRUUSK - Hem, Tr\u00e4dg\u00e5rd &amp; Fritid","isPartOf":{"@id":"https:\/\/truusk.store\/sv\/#website"},"primaryImageOfPage":{"@id":"https:\/\/truusk.store\/sv\/produkt\/truusk-2-pack-hopfallbar-tradgardssang-5-stegs-justerbart-ryggstod-upp-till-120kg-belastning\/#primaryimage"},"image":{"@id":"https:\/\/truusk.store\/sv\/produkt\/truusk-2-pack-hopfallbar-tradgardssang-5-stegs-justerbart-ryggstod-upp-till-120kg-belastning\/#primaryimage"},"thumbnailUrl":"https:\/\/i0.wp.com\/truusk.store\/wp-content\/uploads\/2026\/02\/2-pack-solsang-vikbar-tradgardssang-med-5-stegs-justerbar-ryggstod-upp-till-120kg-belastning-1.webp?fit=2000%2C2000&ssl=1","datePublished":"2026-02-09T03:38:10+00:00","dateModified":"2026-03-12T08:24:29+00:00","breadcrumb":{"@id":"https:\/\/truusk.store\/sv\/produkt\/truusk-2-pack-hopfallbar-tradgardssang-5-stegs-justerbart-ryggstod-upp-till-120kg-belastning\/#breadcrumb"},"inLanguage":"sv-SE","potentialAction":[{"@type":"ReadAction","target":["https:\/\/truusk.store\/sv\/produkt\/truusk-2-pack-hopfallbar-tradgardssang-5-stegs-justerbart-ryggstod-upp-till-120kg-belastning\/"]}]},{"@type":"ImageObject","inLanguage":"sv-SE","@id":"https:\/\/truusk.store\/sv\/produkt\/truusk-2-pack-hopfallbar-tradgardssang-5-stegs-justerbart-ryggstod-upp-till-120kg-belastning\/#primaryimage","url":"https:\/\/i0.wp.com\/truusk.store\/wp-content\/uploads\/2026\/02\/2-pack-solsang-vikbar-tradgardssang-med-5-stegs-justerbar-ryggstod-upp-till-120kg-belastning-1.webp?fit=2000%2C2000&ssl=1","contentUrl":"https:\/\/i0.wp.com\/truusk.store\/wp-content\/uploads\/2026\/02\/2-pack-solsang-vikbar-tradgardssang-med-5-stegs-justerbar-ryggstod-upp-till-120kg-belastning-1.webp?fit=2000%2C2000&ssl=1","width":2000,"height":2000},{"@type":"BreadcrumbList","@id":"https:\/\/truusk.store\/sv\/produkt\/truusk-2-pack-hopfallbar-tradgardssang-5-stegs-justerbart-ryggstod-upp-till-120kg-belastning\/#breadcrumb","itemListElement":[{"@type":"ListItem","position":1,"name":"Home","item":"https:\/\/truusk.store\/sv\/"},{"@type":"ListItem","position":2,"name":"Shop","item":"https:\/\/truusk.store\/shop\/"},{"@type":"ListItem","position":3,"name":"TRUUSK 2-pack Hopf\u00e4llbar Tr\u00e4dg\u00e5rdss\u00e4ng &#8211; 5-stegs Justerbart Ryggst\u00f6d &#8211; Upp Till 120kg Belastning"}]},{"@type":"WebSite","@id":"https:\/\/truusk.store\/sv\/#website","url":"https:\/\/truusk.store\/sv\/","name":"TRUUSK - Hem, Tr\u00e4dg\u00e5rd & Fritid","description":"","publisher":{"@id":"https:\/\/truusk.store\/sv\/#organization"},"potentialAction":[{"@type":"SearchAction","target":{"@type":"EntryPoint","urlTemplate":"https:\/\/truusk.store\/sv\/?s={search_term_string}"},"query-input":{"@type":"PropertyValueSpecification","valueRequired":true,"valueName":"search_term_string"}}],"inLanguage":"sv-SE"},{"@type":"Organization","@id":"https:\/\/truusk.store\/sv\/#organization","name":"TRUUSK - Hem, Tr\u00e4dg\u00e5rd & Fritid","url":"https:\/\/truusk.store\/sv\/","logo":{"@type":"ImageObject","inLanguage":"sv-SE","@id":"https:\/\/truusk.store\/sv\/#\/schema\/logo\/image\/","url":"https:\/\/i0.wp.com\/truusk.store\/wp-content\/uploads\/2026\/03\/cropped-TRUUSK.png?fit=2032%2C917&ssl=1","contentUrl":"https:\/\/i0.wp.com\/truusk.store\/wp-content\/uploads\/2026\/03\/cropped-TRUUSK.png?fit=2032%2C917&ssl=1","width":2032,"height":917,"caption":"TRUUSK - Hem, Tr\u00e4dg\u00e5rd & Fritid"},"image":{"@id":"https:\/\/truusk.store\/sv\/#\/schema\/logo\/image\/"}}]}},"jetpack_sharing_enabled":true,"_links":{"self":[{"href":"https:\/\/truusk.store\/sv\/wp-json\/wp\/v2\/product\/103668","targetHints":{"allow":["GET"]}}],"collection":[{"href":"https:\/\/truusk.store\/sv\/wp-json\/wp\/v2\/product"}],"about":[{"href":"https:\/\/truusk.store\/sv\/wp-json\/wp\/v2\/types\/product"}],"wp:featuredmedia":[{"embeddable":true,"href":"https:\/\/truusk.store\/sv\/wp-json\/wp\/v2\/media\/103659"}],"wp:attachment":[{"href":"https:\/\/truusk.store\/sv\/wp-json\/wp\/v2\/media?parent=103668"}],"wp:term":[{"taxonomy":"product_brand","embeddable":true,"href":"https:\/\/truusk.store\/sv\/wp-json\/wp\/v2\/product_brand?post=103668"},{"taxonomy":"product_cat","embeddable":true,"href":"https:\/\/truusk.store\/sv\/wp-json\/wp\/v2\/product_cat?post=103668"},{"taxonomy":"product_tag","embeddable":true,"href":"https:\/\/truusk.store\/sv\/wp-json\/wp\/v2\/product_tag?post=103668"}],"curies":[{"name":"wp","href":"https:\/\/api.w.org\/{rel}","templated":true}]}}