{"id":103682,"date":"2026-02-09T04:42:16","date_gmt":"2026-02-09T03:42:16","guid":{"rendered":"https:\/\/truusk.store\/product\/husdjurslopbur-lekstaket-for-valpar-och-sma-hundar-med-dorr-lamplig-for-inomhus-och-utomhus-61-cm-svart\/"},"modified":"2026-03-12T09:33:21","modified_gmt":"2026-03-12T08:33:21","slug":"truusk-husdjurslopbur-lekstaket-for-valpar-och-sma-hundar-med-dorr-inomhus-och-utomhus-61-cm-svart","status":"publish","type":"product","link":"https:\/\/truusk.store\/sv\/produkt\/truusk-husdjurslopbur-lekstaket-for-valpar-och-sma-hundar-med-dorr-inomhus-och-utomhus-61-cm-svart\/","title":{"rendered":"TRUUSK Husdjursl\u00f6pbur &#8211; Lekstaket f\u00f6r Valpar och Sm\u00e5 Hundar &#8211; Med D\u00f6rr &#8211; Inomhus och Utomhus &#8211; 61 cm &#8211; Svart"},"content":{"rendered":"<p> [BRAND NAME] lekhage g\u00f6r lektid s\u00e4krare f\u00f6r mindre husdjur. Flexibelt anv\u00e4ndbar, kan det formas till en \u00e5ttkant, kvadrat eller rektangel och anpassas till varje rum eller tr\u00e4dg\u00e5rd. F\u00f6r mer utrymme kan det enkelt kombineras med ett annat exemplar, vilket skapar extra lek- och avkopplingsutrymme.<\/p>\n<p>Beskrivning:<\/p>\n<ul>\n<li> Kan l\u00e4tt formas till en \u00e5ttkantig, kvadratisk eller rektangul\u00e4r form<\/li>\n<li> Tillverkad av stark metalltr\u00e5d<\/li>\n<li> Varje panel \u00e4r f\u00e4st med spikar i marken f\u00f6r extra stabilitet<\/li>\n<li> D\u00f6rr med tv\u00e5 bultar f\u00f6r \u00f6kad s\u00e4kerhet<\/li>\n<li> L\u00e4tt och bekv\u00e4m att flytta<\/li>\n<li> L\u00e4mplig f\u00f6r sm\u00e5 hundar med en skulderh\u00f6jd p\u00e5 upp till 31 cm och en vikt p\u00e5 mindre \u00e4n 10 kg<\/li>\n<li> Montering kr\u00e4vs<\/li>\n<li> OBS: F\u00f6r att ut\u00f6ka ditt husdjurs lekomr\u00e5de, k\u00f6p samma produkt tv\u00e5 g\u00e5nger och kombinera de tv\u00e5 modellerna med varandra<\/li>\n<\/ul>\n<p> Tekniska specifikationer:<\/p>\n<ul>\n<li> F\u00e4rg: Svart<\/li>\n<li> Material: Metall<\/li>\n<li> Enskild panel: 61L x 61B cm<\/li>\n<li> D\u00f6rr: 38,3B x 46H cm<\/li>\n<\/ul>\n<p>Ing\u00e5r i leveransen:<\/p>\n<ul>\n<li> 1 x Husdjursl\u00f6pning<\/li>\n<li> 1 x Bruksanvisning<\/li>\n<\/ul>\n","protected":false},"excerpt":{"rendered":"<p>[BRAND NAME] lekhage g\u00f6r lektid s\u00e4krare f\u00f6r mindre husdjur. Flexibelt anv\u00e4ndbar, kan det formas till en \u00e5ttkant, kvadrat eller rektangel&#8230;<\/p>\n","protected":false},"featured_media":103669,"template":"","meta":[],"product_brand":[],"product_cat":[878,948,574],"product_tag":[],"class_list":{"0":"post-103682","1":"product","2":"type-product","3":"status-publish","4":"has-post-thumbnail","6":"product_cat-djurbehov","7":"product_cat-hundgaller-skiljevaggar","8":"product_cat-hundtillbehor","10":"first","11":"instock","12":"sale","13":"taxable","14":"shipping-taxable","15":"purchasable","16":"product-type-simple"},"yoast_head":"<!-- This site is optimized with the Yoast SEO plugin v25.4 - https:\/\/yoast.com\/wordpress\/plugins\/seo\/ -->\n<title>TRUUSK Husdjursl\u00f6pbur - Lekstaket f\u00f6r Valpar och Sm\u00e5 Hundar - Med D\u00f6rr - Inomhus och Utomhus - 61 cm - Svart - TRUUSK - Hem, Tr\u00e4dg\u00e5rd &amp; Fritid<\/title>\n<meta name=\"robots\" content=\"index, follow, max-snippet:-1, max-image-preview:large, max-video-preview:-1\" \/>\n<link rel=\"canonical\" href=\"https:\/\/truusk.store\/sv\/produkt\/truusk-husdjurslopbur-lekstaket-for-valpar-och-sma-hundar-med-dorr-inomhus-och-utomhus-61-cm-svart\/\" \/>\n<meta property=\"og:locale\" content=\"sv_SE\" \/>\n<meta property=\"og:type\" content=\"article\" \/>\n<meta property=\"og:title\" content=\"TRUUSK Husdjursl\u00f6pbur - Lekstaket f\u00f6r Valpar och Sm\u00e5 Hundar - Med D\u00f6rr - Inomhus och Utomhus - 61 cm - Svart - TRUUSK - Hem, Tr\u00e4dg\u00e5rd &amp; Fritid\" \/>\n<meta property=\"og:description\" content=\"[BRAND NAME] lekhage g\u00f6r lektid s\u00e4krare f\u00f6r mindre husdjur. Flexibelt anv\u00e4ndbar, kan det formas till en \u00e5ttkant, kvadrat eller rektangel...\" \/>\n<meta property=\"og:url\" content=\"https:\/\/truusk.store\/sv\/produkt\/truusk-husdjurslopbur-lekstaket-for-valpar-och-sma-hundar-med-dorr-inomhus-och-utomhus-61-cm-svart\/\" \/>\n<meta property=\"og:site_name\" content=\"TRUUSK - Hem, Tr\u00e4dg\u00e5rd &amp; Fritid\" \/>\n<meta property=\"article:modified_time\" content=\"2026-03-12T08:33:21+00:00\" \/>\n<meta property=\"og:image\" content=\"https:\/\/i0.wp.com\/truusk.se\/wp-content\/uploads\/2026\/02\/husdjurslopbur-lekstaket-for-valpar-och-sma-hundar-med-dorr-lamplig-for-inomhus-och-utomhus-61-cm-svart-1.webp?fit=2000%2C2000&ssl=1\" \/>\n\t<meta property=\"og:image:width\" content=\"2000\" \/>\n\t<meta property=\"og:image:height\" content=\"2000\" \/>\n\t<meta property=\"og:image:type\" content=\"image\/webp\" \/>\n<meta name=\"twitter:card\" content=\"summary_large_image\" \/>\n<meta name=\"twitter:label1\" content=\"Ber\u00e4knad l\u00e4stid\" \/>\n\t<meta name=\"twitter:data1\" content=\"1 minut\" \/>\n<!-- \/ Yoast SEO plugin. -->","yoast_head_json":{"title":"TRUUSK Husdjursl\u00f6pbur - Lekstaket f\u00f6r Valpar och Sm\u00e5 Hundar - Med D\u00f6rr - Inomhus och Utomhus - 61 cm - Svart - TRUUSK - Hem, Tr\u00e4dg\u00e5rd &amp; Fritid","robots":{"index":"index","follow":"follow","max-snippet":"max-snippet:-1","max-image-preview":"max-image-preview:large","max-video-preview":"max-video-preview:-1"},"canonical":"https:\/\/truusk.store\/sv\/produkt\/truusk-husdjurslopbur-lekstaket-for-valpar-och-sma-hundar-med-dorr-inomhus-och-utomhus-61-cm-svart\/","og_locale":"sv_SE","og_type":"article","og_title":"TRUUSK Husdjursl\u00f6pbur - Lekstaket f\u00f6r Valpar och Sm\u00e5 Hundar - Med D\u00f6rr - Inomhus och Utomhus - 61 cm - Svart - TRUUSK - Hem, Tr\u00e4dg\u00e5rd &amp; Fritid","og_description":"[BRAND NAME] lekhage g\u00f6r lektid s\u00e4krare f\u00f6r mindre husdjur. Flexibelt anv\u00e4ndbar, kan det formas till en \u00e5ttkant, kvadrat eller rektangel...","og_url":"https:\/\/truusk.store\/sv\/produkt\/truusk-husdjurslopbur-lekstaket-for-valpar-och-sma-hundar-med-dorr-inomhus-och-utomhus-61-cm-svart\/","og_site_name":"TRUUSK - Hem, Tr\u00e4dg\u00e5rd &amp; Fritid","article_modified_time":"2026-03-12T08:33:21+00:00","og_image":[{"width":2000,"height":2000,"url":"https:\/\/i0.wp.com\/truusk.se\/wp-content\/uploads\/2026\/02\/husdjurslopbur-lekstaket-for-valpar-och-sma-hundar-med-dorr-lamplig-for-inomhus-och-utomhus-61-cm-svart-1.webp?fit=2000%2C2000&ssl=1","type":"image\/webp"}],"twitter_card":"summary_large_image","twitter_misc":{"Ber\u00e4knad l\u00e4stid":"1 minut"},"schema":{"@context":"https:\/\/schema.org","@graph":[{"@type":"WebPage","@id":"https:\/\/truusk.store\/sv\/produkt\/truusk-husdjurslopbur-lekstaket-for-valpar-och-sma-hundar-med-dorr-inomhus-och-utomhus-61-cm-svart\/","url":"https:\/\/truusk.store\/sv\/produkt\/truusk-husdjurslopbur-lekstaket-for-valpar-och-sma-hundar-med-dorr-inomhus-och-utomhus-61-cm-svart\/","name":"TRUUSK Husdjursl\u00f6pbur - Lekstaket f\u00f6r Valpar och Sm\u00e5 Hundar - Med D\u00f6rr - Inomhus och Utomhus - 61 cm - Svart - TRUUSK - Hem, Tr\u00e4dg\u00e5rd &amp; Fritid","isPartOf":{"@id":"https:\/\/truusk.store\/sv\/#website"},"primaryImageOfPage":{"@id":"https:\/\/truusk.store\/sv\/produkt\/truusk-husdjurslopbur-lekstaket-for-valpar-och-sma-hundar-med-dorr-inomhus-och-utomhus-61-cm-svart\/#primaryimage"},"image":{"@id":"https:\/\/truusk.store\/sv\/produkt\/truusk-husdjurslopbur-lekstaket-for-valpar-och-sma-hundar-med-dorr-inomhus-och-utomhus-61-cm-svart\/#primaryimage"},"thumbnailUrl":"https:\/\/i0.wp.com\/truusk.store\/wp-content\/uploads\/2026\/02\/husdjurslopbur-lekstaket-for-valpar-och-sma-hundar-med-dorr-lamplig-for-inomhus-och-utomhus-61-cm-svart-1.webp?fit=2000%2C2000&ssl=1","datePublished":"2026-02-09T03:42:16+00:00","dateModified":"2026-03-12T08:33:21+00:00","breadcrumb":{"@id":"https:\/\/truusk.store\/sv\/produkt\/truusk-husdjurslopbur-lekstaket-for-valpar-och-sma-hundar-med-dorr-inomhus-och-utomhus-61-cm-svart\/#breadcrumb"},"inLanguage":"sv-SE","potentialAction":[{"@type":"ReadAction","target":["https:\/\/truusk.store\/sv\/produkt\/truusk-husdjurslopbur-lekstaket-for-valpar-och-sma-hundar-med-dorr-inomhus-och-utomhus-61-cm-svart\/"]}]},{"@type":"ImageObject","inLanguage":"sv-SE","@id":"https:\/\/truusk.store\/sv\/produkt\/truusk-husdjurslopbur-lekstaket-for-valpar-och-sma-hundar-med-dorr-inomhus-och-utomhus-61-cm-svart\/#primaryimage","url":"https:\/\/i0.wp.com\/truusk.store\/wp-content\/uploads\/2026\/02\/husdjurslopbur-lekstaket-for-valpar-och-sma-hundar-med-dorr-lamplig-for-inomhus-och-utomhus-61-cm-svart-1.webp?fit=2000%2C2000&ssl=1","contentUrl":"https:\/\/i0.wp.com\/truusk.store\/wp-content\/uploads\/2026\/02\/husdjurslopbur-lekstaket-for-valpar-och-sma-hundar-med-dorr-lamplig-for-inomhus-och-utomhus-61-cm-svart-1.webp?fit=2000%2C2000&ssl=1","width":2000,"height":2000},{"@type":"BreadcrumbList","@id":"https:\/\/truusk.store\/sv\/produkt\/truusk-husdjurslopbur-lekstaket-for-valpar-och-sma-hundar-med-dorr-inomhus-och-utomhus-61-cm-svart\/#breadcrumb","itemListElement":[{"@type":"ListItem","position":1,"name":"Home","item":"https:\/\/truusk.store\/sv\/"},{"@type":"ListItem","position":2,"name":"Shop","item":"https:\/\/truusk.store\/shop\/"},{"@type":"ListItem","position":3,"name":"TRUUSK Husdjursl\u00f6pbur &#8211; Lekstaket f\u00f6r Valpar och Sm\u00e5 Hundar &#8211; Med D\u00f6rr &#8211; Inomhus och Utomhus &#8211; 61 cm &#8211; Svart"}]},{"@type":"WebSite","@id":"https:\/\/truusk.store\/sv\/#website","url":"https:\/\/truusk.store\/sv\/","name":"TRUUSK - Hem, Tr\u00e4dg\u00e5rd & Fritid","description":"","publisher":{"@id":"https:\/\/truusk.store\/sv\/#organization"},"potentialAction":[{"@type":"SearchAction","target":{"@type":"EntryPoint","urlTemplate":"https:\/\/truusk.store\/sv\/?s={search_term_string}"},"query-input":{"@type":"PropertyValueSpecification","valueRequired":true,"valueName":"search_term_string"}}],"inLanguage":"sv-SE"},{"@type":"Organization","@id":"https:\/\/truusk.store\/sv\/#organization","name":"TRUUSK - Hem, Tr\u00e4dg\u00e5rd & Fritid","url":"https:\/\/truusk.store\/sv\/","logo":{"@type":"ImageObject","inLanguage":"sv-SE","@id":"https:\/\/truusk.store\/sv\/#\/schema\/logo\/image\/","url":"https:\/\/i0.wp.com\/truusk.store\/wp-content\/uploads\/2026\/03\/cropped-TRUUSK.png?fit=2032%2C917&ssl=1","contentUrl":"https:\/\/i0.wp.com\/truusk.store\/wp-content\/uploads\/2026\/03\/cropped-TRUUSK.png?fit=2032%2C917&ssl=1","width":2032,"height":917,"caption":"TRUUSK - Hem, Tr\u00e4dg\u00e5rd & Fritid"},"image":{"@id":"https:\/\/truusk.store\/sv\/#\/schema\/logo\/image\/"}}]}},"jetpack_sharing_enabled":true,"_links":{"self":[{"href":"https:\/\/truusk.store\/sv\/wp-json\/wp\/v2\/product\/103682","targetHints":{"allow":["GET"]}}],"collection":[{"href":"https:\/\/truusk.store\/sv\/wp-json\/wp\/v2\/product"}],"about":[{"href":"https:\/\/truusk.store\/sv\/wp-json\/wp\/v2\/types\/product"}],"wp:featuredmedia":[{"embeddable":true,"href":"https:\/\/truusk.store\/sv\/wp-json\/wp\/v2\/media\/103669"}],"wp:attachment":[{"href":"https:\/\/truusk.store\/sv\/wp-json\/wp\/v2\/media?parent=103682"}],"wp:term":[{"taxonomy":"product_brand","embeddable":true,"href":"https:\/\/truusk.store\/sv\/wp-json\/wp\/v2\/product_brand?post=103682"},{"taxonomy":"product_cat","embeddable":true,"href":"https:\/\/truusk.store\/sv\/wp-json\/wp\/v2\/product_cat?post=103682"},{"taxonomy":"product_tag","embeddable":true,"href":"https:\/\/truusk.store\/sv\/wp-json\/wp\/v2\/product_tag?post=103682"}],"curies":[{"name":"wp","href":"https:\/\/api.w.org\/{rel}","templated":true}]}}