{"id":103708,"date":"2026-02-09T04:45:06","date_gmt":"2026-02-09T03:45:06","guid":{"rendered":"https:\/\/truusk.store\/product\/5-vanings-vaxtstallning-145-cm-hog-blomstallning-med-hjul-krukor-vaxthylla-i-stal-brun\/"},"modified":"2026-03-12T09:34:23","modified_gmt":"2026-03-12T08:34:23","slug":"truusk-5-vanings-vaxtstallning-145-cm-hog-med-hjul-och-krukor-vaxthylla-i-stal-brun","status":"publish","type":"product","link":"https:\/\/truusk.store\/sv\/produkt\/truusk-5-vanings-vaxtstallning-145-cm-hog-med-hjul-och-krukor-vaxthylla-i-stal-brun\/","title":{"rendered":"TRUUSK 5-v\u00e5nings V\u00e4xtst\u00e4llning &#8211; 145 cm h\u00f6g &#8211; Med hjul och krukor &#8211; V\u00e4xthylla i st\u00e5l &#8211; Brun"},"content":{"rendered":"<p>En v\u00e4xttrappa \u00e4r ett b\u00e4ttre s\u00e4tt att odla v\u00e4xter hemma. Blomhyllan fr\u00e5n [BRAND NAME] \u00e4r b\u00e5de praktisk och dekorativt utformad. Tack vare den h\u00f6jda planteringsytan \u00e4r dina v\u00e4xter skyddade mot ogr\u00e4s, vattenstagnation och andra o\u00f6nskade p\u00e5verkningar. Den h\u00f6jda designen p\u00e5 v\u00e4xtst\u00e4llet \u00e4r idealisk f\u00f6r att visa upp dina v\u00e4xter och den perfekta l\u00f6sningen f\u00f6r omr\u00e5den med begr\u00e4nsat utrymme. F\u00f6rsk\u00f6na din tr\u00e4dg\u00e5rd, din terrass, din balkong eller din veranda.<\/p>\n<p>Beskrivning:<\/p>\n<ul>\n<li> V\u00e4xttrappa med 5 planteringsl\u00e5dor<\/li>\n<li> Den vertikala utf\u00f6randet \u00e4r idealiskt f\u00f6r tr\u00e5nga utrymmen<\/li>\n<li> B\u00f6jning undviks genom r\u00e4tt h\u00f6jd<\/li>\n<li> Avloppsh\u00e5len i botten av blomst\u00e4llningen s\u00e4kerst\u00e4ller snabb dr\u00e4nering<\/li>\n<li> Krukorna p\u00e5 blomhyllan \u00e4r stapelbara, vilket sparar utrymme vid f\u00f6rvaring och transport<\/li>\n<li> St\u00e5lramen och plastbeh\u00e5llarna \u00e4r l\u00e4mpliga f\u00f6r utomhusbruk<\/li>\n<\/ul>\n<p> Tekniska data:<\/p>\n<ul>\n<li> F\u00e4rg: Brun<\/li>\n<li> Material: St\u00e5l, plast<\/li>\n<li> Totala dimensioner: 65B x 67T x 145H cm<\/li>\n<li> Planteringsk\u00e4rl inre dimensioner: 56\/47,5B x 18\/9T x 15,5H cm<\/li>\n<li> V\u00e4xth\u00f6jd till marken: 143 cm, 118 cm, 92,5 cm, 67 cm, 41 cm<\/li>\n<li> Storlek p\u00e5 avloppsh\u00e5let: \u00d812 mm<\/li>\n<li> Viktkapacitet: Enstaka planterare: 10 kg<\/li>\n<\/ul>\n<p>Leveransinneh\u00e5ll:<\/p>\n<ul>\n<li> 1 x Blomhylla;<\/li>\n<\/ul>\n","protected":false},"excerpt":{"rendered":"<p>En v\u00e4xttrappa \u00e4r ett b\u00e4ttre s\u00e4tt att odla v\u00e4xter hemma. Blomhyllan fr\u00e5n [BRAND NAME] \u00e4r b\u00e5de praktisk och dekorativt utformad&#8230;.<\/p>\n","protected":false},"featured_media":103699,"template":"","meta":[],"product_brand":[],"product_cat":[884,448,858,443],"product_tag":[],"class_list":{"0":"post-103708","1":"product","2":"type-product","3":"status-publish","4":"has-post-thumbnail","6":"product_cat-pflanzentreppen","7":"product_cat-plantera-trappor-hyllor","8":"product_cat-tradgard-terrass","9":"product_cat-vaxthus-tradgardsskotsel","11":"first","12":"instock","13":"sale","14":"taxable","15":"shipping-taxable","16":"purchasable","17":"product-type-simple"},"yoast_head":"<!-- This site is optimized with the Yoast SEO plugin v25.4 - https:\/\/yoast.com\/wordpress\/plugins\/seo\/ -->\n<title>TRUUSK 5-v\u00e5nings V\u00e4xtst\u00e4llning - 145 cm h\u00f6g - Med hjul och krukor - V\u00e4xthylla i st\u00e5l - Brun - TRUUSK - Hem, Tr\u00e4dg\u00e5rd &amp; Fritid<\/title>\n<meta name=\"robots\" content=\"index, follow, max-snippet:-1, max-image-preview:large, max-video-preview:-1\" \/>\n<link rel=\"canonical\" href=\"https:\/\/truusk.store\/sv\/produkt\/truusk-5-vanings-vaxtstallning-145-cm-hog-med-hjul-och-krukor-vaxthylla-i-stal-brun\/\" \/>\n<meta property=\"og:locale\" content=\"sv_SE\" \/>\n<meta property=\"og:type\" content=\"article\" \/>\n<meta property=\"og:title\" content=\"TRUUSK 5-v\u00e5nings V\u00e4xtst\u00e4llning - 145 cm h\u00f6g - Med hjul och krukor - V\u00e4xthylla i st\u00e5l - Brun - TRUUSK - Hem, Tr\u00e4dg\u00e5rd &amp; Fritid\" \/>\n<meta property=\"og:description\" content=\"En v\u00e4xttrappa \u00e4r ett b\u00e4ttre s\u00e4tt att odla v\u00e4xter hemma. Blomhyllan fr\u00e5n [BRAND NAME] \u00e4r b\u00e5de praktisk och dekorativt utformad....\" \/>\n<meta property=\"og:url\" content=\"https:\/\/truusk.store\/sv\/produkt\/truusk-5-vanings-vaxtstallning-145-cm-hog-med-hjul-och-krukor-vaxthylla-i-stal-brun\/\" \/>\n<meta property=\"og:site_name\" content=\"TRUUSK - Hem, Tr\u00e4dg\u00e5rd &amp; Fritid\" \/>\n<meta property=\"article:modified_time\" content=\"2026-03-12T08:34:23+00:00\" \/>\n<meta property=\"og:image\" content=\"https:\/\/i0.wp.com\/truusk.se\/wp-content\/uploads\/2026\/02\/5-vanings-vaxtstallning-145-cm-hog-blomstallning-med-hjul-krukor-vaxthylla-i-stal-brun-1.webp?fit=2000%2C2000&ssl=1\" \/>\n\t<meta property=\"og:image:width\" content=\"2000\" \/>\n\t<meta property=\"og:image:height\" content=\"2000\" \/>\n\t<meta property=\"og:image:type\" content=\"image\/webp\" \/>\n<meta name=\"twitter:card\" content=\"summary_large_image\" \/>\n<meta name=\"twitter:label1\" content=\"Ber\u00e4knad l\u00e4stid\" \/>\n\t<meta name=\"twitter:data1\" content=\"1 minut\" \/>\n<!-- \/ Yoast SEO plugin. -->","yoast_head_json":{"title":"TRUUSK 5-v\u00e5nings V\u00e4xtst\u00e4llning - 145 cm h\u00f6g - Med hjul och krukor - V\u00e4xthylla i st\u00e5l - Brun - TRUUSK - Hem, Tr\u00e4dg\u00e5rd &amp; Fritid","robots":{"index":"index","follow":"follow","max-snippet":"max-snippet:-1","max-image-preview":"max-image-preview:large","max-video-preview":"max-video-preview:-1"},"canonical":"https:\/\/truusk.store\/sv\/produkt\/truusk-5-vanings-vaxtstallning-145-cm-hog-med-hjul-och-krukor-vaxthylla-i-stal-brun\/","og_locale":"sv_SE","og_type":"article","og_title":"TRUUSK 5-v\u00e5nings V\u00e4xtst\u00e4llning - 145 cm h\u00f6g - Med hjul och krukor - V\u00e4xthylla i st\u00e5l - Brun - TRUUSK - Hem, Tr\u00e4dg\u00e5rd &amp; Fritid","og_description":"En v\u00e4xttrappa \u00e4r ett b\u00e4ttre s\u00e4tt att odla v\u00e4xter hemma. Blomhyllan fr\u00e5n [BRAND NAME] \u00e4r b\u00e5de praktisk och dekorativt utformad....","og_url":"https:\/\/truusk.store\/sv\/produkt\/truusk-5-vanings-vaxtstallning-145-cm-hog-med-hjul-och-krukor-vaxthylla-i-stal-brun\/","og_site_name":"TRUUSK - Hem, Tr\u00e4dg\u00e5rd &amp; Fritid","article_modified_time":"2026-03-12T08:34:23+00:00","og_image":[{"width":2000,"height":2000,"url":"https:\/\/i0.wp.com\/truusk.se\/wp-content\/uploads\/2026\/02\/5-vanings-vaxtstallning-145-cm-hog-blomstallning-med-hjul-krukor-vaxthylla-i-stal-brun-1.webp?fit=2000%2C2000&ssl=1","type":"image\/webp"}],"twitter_card":"summary_large_image","twitter_misc":{"Ber\u00e4knad l\u00e4stid":"1 minut"},"schema":{"@context":"https:\/\/schema.org","@graph":[{"@type":"WebPage","@id":"https:\/\/truusk.store\/sv\/produkt\/truusk-5-vanings-vaxtstallning-145-cm-hog-med-hjul-och-krukor-vaxthylla-i-stal-brun\/","url":"https:\/\/truusk.store\/sv\/produkt\/truusk-5-vanings-vaxtstallning-145-cm-hog-med-hjul-och-krukor-vaxthylla-i-stal-brun\/","name":"TRUUSK 5-v\u00e5nings V\u00e4xtst\u00e4llning - 145 cm h\u00f6g - Med hjul och krukor - V\u00e4xthylla i st\u00e5l - Brun - TRUUSK - Hem, Tr\u00e4dg\u00e5rd &amp; Fritid","isPartOf":{"@id":"https:\/\/truusk.store\/sv\/#website"},"primaryImageOfPage":{"@id":"https:\/\/truusk.store\/sv\/produkt\/truusk-5-vanings-vaxtstallning-145-cm-hog-med-hjul-och-krukor-vaxthylla-i-stal-brun\/#primaryimage"},"image":{"@id":"https:\/\/truusk.store\/sv\/produkt\/truusk-5-vanings-vaxtstallning-145-cm-hog-med-hjul-och-krukor-vaxthylla-i-stal-brun\/#primaryimage"},"thumbnailUrl":"https:\/\/i0.wp.com\/truusk.store\/wp-content\/uploads\/2026\/02\/5-vanings-vaxtstallning-145-cm-hog-blomstallning-med-hjul-krukor-vaxthylla-i-stal-brun-1.webp?fit=2000%2C2000&ssl=1","datePublished":"2026-02-09T03:45:06+00:00","dateModified":"2026-03-12T08:34:23+00:00","breadcrumb":{"@id":"https:\/\/truusk.store\/sv\/produkt\/truusk-5-vanings-vaxtstallning-145-cm-hog-med-hjul-och-krukor-vaxthylla-i-stal-brun\/#breadcrumb"},"inLanguage":"sv-SE","potentialAction":[{"@type":"ReadAction","target":["https:\/\/truusk.store\/sv\/produkt\/truusk-5-vanings-vaxtstallning-145-cm-hog-med-hjul-och-krukor-vaxthylla-i-stal-brun\/"]}]},{"@type":"ImageObject","inLanguage":"sv-SE","@id":"https:\/\/truusk.store\/sv\/produkt\/truusk-5-vanings-vaxtstallning-145-cm-hog-med-hjul-och-krukor-vaxthylla-i-stal-brun\/#primaryimage","url":"https:\/\/i0.wp.com\/truusk.store\/wp-content\/uploads\/2026\/02\/5-vanings-vaxtstallning-145-cm-hog-blomstallning-med-hjul-krukor-vaxthylla-i-stal-brun-1.webp?fit=2000%2C2000&ssl=1","contentUrl":"https:\/\/i0.wp.com\/truusk.store\/wp-content\/uploads\/2026\/02\/5-vanings-vaxtstallning-145-cm-hog-blomstallning-med-hjul-krukor-vaxthylla-i-stal-brun-1.webp?fit=2000%2C2000&ssl=1","width":2000,"height":2000},{"@type":"BreadcrumbList","@id":"https:\/\/truusk.store\/sv\/produkt\/truusk-5-vanings-vaxtstallning-145-cm-hog-med-hjul-och-krukor-vaxthylla-i-stal-brun\/#breadcrumb","itemListElement":[{"@type":"ListItem","position":1,"name":"Home","item":"https:\/\/truusk.store\/sv\/"},{"@type":"ListItem","position":2,"name":"Shop","item":"https:\/\/truusk.store\/shop\/"},{"@type":"ListItem","position":3,"name":"TRUUSK 5-v\u00e5nings V\u00e4xtst\u00e4llning &#8211; 145 cm h\u00f6g &#8211; Med hjul och krukor &#8211; V\u00e4xthylla i st\u00e5l &#8211; Brun"}]},{"@type":"WebSite","@id":"https:\/\/truusk.store\/sv\/#website","url":"https:\/\/truusk.store\/sv\/","name":"TRUUSK - Hem, Tr\u00e4dg\u00e5rd & Fritid","description":"","publisher":{"@id":"https:\/\/truusk.store\/sv\/#organization"},"potentialAction":[{"@type":"SearchAction","target":{"@type":"EntryPoint","urlTemplate":"https:\/\/truusk.store\/sv\/?s={search_term_string}"},"query-input":{"@type":"PropertyValueSpecification","valueRequired":true,"valueName":"search_term_string"}}],"inLanguage":"sv-SE"},{"@type":"Organization","@id":"https:\/\/truusk.store\/sv\/#organization","name":"TRUUSK - Hem, Tr\u00e4dg\u00e5rd & Fritid","url":"https:\/\/truusk.store\/sv\/","logo":{"@type":"ImageObject","inLanguage":"sv-SE","@id":"https:\/\/truusk.store\/sv\/#\/schema\/logo\/image\/","url":"https:\/\/i0.wp.com\/truusk.store\/wp-content\/uploads\/2026\/03\/cropped-TRUUSK.png?fit=2032%2C917&ssl=1","contentUrl":"https:\/\/i0.wp.com\/truusk.store\/wp-content\/uploads\/2026\/03\/cropped-TRUUSK.png?fit=2032%2C917&ssl=1","width":2032,"height":917,"caption":"TRUUSK - Hem, Tr\u00e4dg\u00e5rd & Fritid"},"image":{"@id":"https:\/\/truusk.store\/sv\/#\/schema\/logo\/image\/"}}]}},"jetpack_sharing_enabled":true,"_links":{"self":[{"href":"https:\/\/truusk.store\/sv\/wp-json\/wp\/v2\/product\/103708","targetHints":{"allow":["GET"]}}],"collection":[{"href":"https:\/\/truusk.store\/sv\/wp-json\/wp\/v2\/product"}],"about":[{"href":"https:\/\/truusk.store\/sv\/wp-json\/wp\/v2\/types\/product"}],"wp:featuredmedia":[{"embeddable":true,"href":"https:\/\/truusk.store\/sv\/wp-json\/wp\/v2\/media\/103699"}],"wp:attachment":[{"href":"https:\/\/truusk.store\/sv\/wp-json\/wp\/v2\/media?parent=103708"}],"wp:term":[{"taxonomy":"product_brand","embeddable":true,"href":"https:\/\/truusk.store\/sv\/wp-json\/wp\/v2\/product_brand?post=103708"},{"taxonomy":"product_cat","embeddable":true,"href":"https:\/\/truusk.store\/sv\/wp-json\/wp\/v2\/product_cat?post=103708"},{"taxonomy":"product_tag","embeddable":true,"href":"https:\/\/truusk.store\/sv\/wp-json\/wp\/v2\/product_tag?post=103708"}],"curies":[{"name":"wp","href":"https:\/\/api.w.org\/{rel}","templated":true}]}}