{"id":103742,"date":"2026-02-09T04:47:56","date_gmt":"2026-02-09T03:47:56","guid":{"rendered":"https:\/\/truusk.store\/product\/fagelbur-papegojburen-med-3-dorrar-2-sittstanger-360-hjul-matkopp-hylla-frisittning-625x625x156cm-vit\/"},"modified":"2026-03-12T09:35:37","modified_gmt":"2026-03-12T08:35:37","slug":"truusk-papegojburen-med-3-dorrar-2-sittstanger-360-hjul-matkopp-hylla-frisittning-625x625x156cm-vit","status":"publish","type":"product","link":"https:\/\/truusk.store\/sv\/produkt\/truusk-papegojburen-med-3-dorrar-2-sittstanger-360-hjul-matkopp-hylla-frisittning-625x625x156cm-vit\/","title":{"rendered":"TRUUSK Papegojburen Med 3 D\u00f6rrar &#8211; 2 Sittst\u00e4nger &#8211; 360\u00b0 Hjul &#8211; Matkopp &#8211; Hylla &#8211; Frisittning &#8211; 62,5&#215;62,5x156cm &#8211; Vit"},"content":{"rendered":"<p>H\u00e5ll ditt husdjur aktivt och s\u00e4kert med ett inomhus f\u00e5gelbur-startset fr\u00e5n [BRAND NAME]. Denna undulatbur \u00e4r utrustad med 4 rostfria sk\u00e5lar, 2 sittst\u00e4nger och en b\u00f6jd stege, vilket skapar en livlig och sp\u00e4nnande atmosf\u00e4r. Tillverkad av h\u00f6gkvalitativt st\u00e5l, garanterar detta f\u00e5gelburset m\u00e5nga \u00e5rs anv\u00e4ndning och gl\u00e4dje. De utdragbara sk\u00e5larna \u00e4r designade f\u00f6r att f\u00e5nga upp f\u00e5gelmat och underl\u00e4tta reng\u00f6ring.<\/p>\n<p>Beskrivning:<\/p>\n<ul>\n<li> Tv\u00e5 tr\u00e4 sittst\u00e4nger och en b\u00f6jd stege som ger f\u00e5glarna k\u00e4nslan av att sitta p\u00e5 en gren<\/li>\n<li> St\u00e5lram, robust nog att st\u00e5 emot f\u00e5glarnas n\u00e4bbar<\/li>\n<li> F\u00f6rvaringsgaller f\u00f6r djurtillbeh\u00f6r<\/li>\n<li> Flera d\u00f6rrar f\u00f6r enkel \u00e5tkomst och rutinarbeten<\/li>\n<li> Skjutd\u00f6rrar f\u00f6r mat, f\u00f6r att l\u00e4gga till mat och undvika spill<\/li>\n<li> Bur med 4 hjul, l\u00e4tt att flytta<\/li>\n<li> Montering kr\u00e4vs<\/li>\n<\/ul>\n<p> Tekniska specifikationer:<\/p>\n<ul>\n<li> F\u00e4rg: Vit<\/li>\n<li> Material: St\u00e5l<\/li>\n<li> Totala m\u00e5tt: 62,5L x 62,5B x 156H cm<\/li>\n<li> Burm\u00e5tt: (inuti) 45L x 45B x 68H cm<\/li>\n<li> D\u00f6rrm\u00e5tt: 19L x 53B cm (huvudd\u00f6rr), 15L x 10B cm (sidod\u00f6rrar)<\/li>\n<li> Sk\u00e5lm\u00e5tt: 44L x 43B cm<\/li>\n<li> Gallermellanrum: 1,85 cm<\/li>\n<\/ul>\n<p>Leveransinneh\u00e5ll:<\/p>\n<ul>\n<li> 1 x papegojburen<\/li>\n<li> 1 x instruktionsmanual<\/li>\n<\/ul>\n","protected":false},"excerpt":{"rendered":"<p>H\u00e5ll ditt husdjur aktivt och s\u00e4kert med ett inomhus f\u00e5gelbur-startset fr\u00e5n [BRAND NAME]. Denna undulatbur \u00e4r utrustad med 4 rostfria&#8230;<\/p>\n","protected":false},"featured_media":103727,"template":"","meta":[],"product_brand":[],"product_cat":[878,604,601],"product_tag":[],"class_list":{"0":"post-103742","1":"product","2":"type-product","3":"status-publish","4":"has-post-thumbnail","6":"product_cat-djurbehov","7":"product_cat-fagelburar","8":"product_cat-fageltillbehor","10":"first","11":"instock","12":"sale","13":"taxable","14":"shipping-taxable","15":"purchasable","16":"product-type-simple"},"yoast_head":"<!-- This site is optimized with the Yoast SEO plugin v25.4 - https:\/\/yoast.com\/wordpress\/plugins\/seo\/ -->\n<title>TRUUSK Papegojburen Med 3 D\u00f6rrar - 2 Sittst\u00e4nger - 360\u00b0 Hjul - Matkopp - Hylla - Frisittning - 62,5x62,5x156cm - Vit - TRUUSK - Hem, Tr\u00e4dg\u00e5rd &amp; Fritid<\/title>\n<meta name=\"robots\" content=\"index, follow, max-snippet:-1, max-image-preview:large, max-video-preview:-1\" \/>\n<link rel=\"canonical\" href=\"https:\/\/truusk.store\/sv\/produkt\/truusk-papegojburen-med-3-dorrar-2-sittstanger-360-hjul-matkopp-hylla-frisittning-625x625x156cm-vit\/\" \/>\n<meta property=\"og:locale\" content=\"sv_SE\" \/>\n<meta property=\"og:type\" content=\"article\" \/>\n<meta property=\"og:title\" content=\"TRUUSK Papegojburen Med 3 D\u00f6rrar - 2 Sittst\u00e4nger - 360\u00b0 Hjul - Matkopp - Hylla - Frisittning - 62,5x62,5x156cm - Vit - TRUUSK - Hem, Tr\u00e4dg\u00e5rd &amp; Fritid\" \/>\n<meta property=\"og:description\" content=\"H\u00e5ll ditt husdjur aktivt och s\u00e4kert med ett inomhus f\u00e5gelbur-startset fr\u00e5n [BRAND NAME]. Denna undulatbur \u00e4r utrustad med 4 rostfria...\" \/>\n<meta property=\"og:url\" content=\"https:\/\/truusk.store\/sv\/produkt\/truusk-papegojburen-med-3-dorrar-2-sittstanger-360-hjul-matkopp-hylla-frisittning-625x625x156cm-vit\/\" \/>\n<meta property=\"og:site_name\" content=\"TRUUSK - Hem, Tr\u00e4dg\u00e5rd &amp; Fritid\" \/>\n<meta property=\"article:modified_time\" content=\"2026-03-12T08:35:37+00:00\" \/>\n<meta property=\"og:image\" content=\"https:\/\/i0.wp.com\/truusk.se\/wp-content\/uploads\/2026\/02\/fagelbur-papegojburen-med-3-dorrar-2-sittstanger-360-hjul-matkopp-hylla-frisittning-625x625x156cm-vit-1.webp?fit=2000%2C2000&ssl=1\" \/>\n\t<meta property=\"og:image:width\" content=\"2000\" \/>\n\t<meta property=\"og:image:height\" content=\"2000\" \/>\n\t<meta property=\"og:image:type\" content=\"image\/webp\" \/>\n<meta name=\"twitter:card\" content=\"summary_large_image\" \/>\n<meta name=\"twitter:label1\" content=\"Ber\u00e4knad l\u00e4stid\" \/>\n\t<meta name=\"twitter:data1\" content=\"1 minut\" \/>\n<!-- \/ Yoast SEO plugin. -->","yoast_head_json":{"title":"TRUUSK Papegojburen Med 3 D\u00f6rrar - 2 Sittst\u00e4nger - 360\u00b0 Hjul - Matkopp - Hylla - Frisittning - 62,5x62,5x156cm - Vit - TRUUSK - Hem, Tr\u00e4dg\u00e5rd &amp; Fritid","robots":{"index":"index","follow":"follow","max-snippet":"max-snippet:-1","max-image-preview":"max-image-preview:large","max-video-preview":"max-video-preview:-1"},"canonical":"https:\/\/truusk.store\/sv\/produkt\/truusk-papegojburen-med-3-dorrar-2-sittstanger-360-hjul-matkopp-hylla-frisittning-625x625x156cm-vit\/","og_locale":"sv_SE","og_type":"article","og_title":"TRUUSK Papegojburen Med 3 D\u00f6rrar - 2 Sittst\u00e4nger - 360\u00b0 Hjul - Matkopp - Hylla - Frisittning - 62,5x62,5x156cm - Vit - TRUUSK - Hem, Tr\u00e4dg\u00e5rd &amp; Fritid","og_description":"H\u00e5ll ditt husdjur aktivt och s\u00e4kert med ett inomhus f\u00e5gelbur-startset fr\u00e5n [BRAND NAME]. Denna undulatbur \u00e4r utrustad med 4 rostfria...","og_url":"https:\/\/truusk.store\/sv\/produkt\/truusk-papegojburen-med-3-dorrar-2-sittstanger-360-hjul-matkopp-hylla-frisittning-625x625x156cm-vit\/","og_site_name":"TRUUSK - Hem, Tr\u00e4dg\u00e5rd &amp; Fritid","article_modified_time":"2026-03-12T08:35:37+00:00","og_image":[{"width":2000,"height":2000,"url":"https:\/\/i0.wp.com\/truusk.se\/wp-content\/uploads\/2026\/02\/fagelbur-papegojburen-med-3-dorrar-2-sittstanger-360-hjul-matkopp-hylla-frisittning-625x625x156cm-vit-1.webp?fit=2000%2C2000&ssl=1","type":"image\/webp"}],"twitter_card":"summary_large_image","twitter_misc":{"Ber\u00e4knad l\u00e4stid":"1 minut"},"schema":{"@context":"https:\/\/schema.org","@graph":[{"@type":"WebPage","@id":"https:\/\/truusk.store\/sv\/produkt\/truusk-papegojburen-med-3-dorrar-2-sittstanger-360-hjul-matkopp-hylla-frisittning-625x625x156cm-vit\/","url":"https:\/\/truusk.store\/sv\/produkt\/truusk-papegojburen-med-3-dorrar-2-sittstanger-360-hjul-matkopp-hylla-frisittning-625x625x156cm-vit\/","name":"TRUUSK Papegojburen Med 3 D\u00f6rrar - 2 Sittst\u00e4nger - 360\u00b0 Hjul - Matkopp - Hylla - Frisittning - 62,5x62,5x156cm - Vit - TRUUSK - Hem, Tr\u00e4dg\u00e5rd &amp; Fritid","isPartOf":{"@id":"https:\/\/truusk.store\/sv\/#website"},"primaryImageOfPage":{"@id":"https:\/\/truusk.store\/sv\/produkt\/truusk-papegojburen-med-3-dorrar-2-sittstanger-360-hjul-matkopp-hylla-frisittning-625x625x156cm-vit\/#primaryimage"},"image":{"@id":"https:\/\/truusk.store\/sv\/produkt\/truusk-papegojburen-med-3-dorrar-2-sittstanger-360-hjul-matkopp-hylla-frisittning-625x625x156cm-vit\/#primaryimage"},"thumbnailUrl":"https:\/\/i0.wp.com\/truusk.store\/wp-content\/uploads\/2026\/02\/fagelbur-papegojburen-med-3-dorrar-2-sittstanger-360-hjul-matkopp-hylla-frisittning-625x625x156cm-vit-1.webp?fit=2000%2C2000&ssl=1","datePublished":"2026-02-09T03:47:56+00:00","dateModified":"2026-03-12T08:35:37+00:00","breadcrumb":{"@id":"https:\/\/truusk.store\/sv\/produkt\/truusk-papegojburen-med-3-dorrar-2-sittstanger-360-hjul-matkopp-hylla-frisittning-625x625x156cm-vit\/#breadcrumb"},"inLanguage":"sv-SE","potentialAction":[{"@type":"ReadAction","target":["https:\/\/truusk.store\/sv\/produkt\/truusk-papegojburen-med-3-dorrar-2-sittstanger-360-hjul-matkopp-hylla-frisittning-625x625x156cm-vit\/"]}]},{"@type":"ImageObject","inLanguage":"sv-SE","@id":"https:\/\/truusk.store\/sv\/produkt\/truusk-papegojburen-med-3-dorrar-2-sittstanger-360-hjul-matkopp-hylla-frisittning-625x625x156cm-vit\/#primaryimage","url":"https:\/\/i0.wp.com\/truusk.store\/wp-content\/uploads\/2026\/02\/fagelbur-papegojburen-med-3-dorrar-2-sittstanger-360-hjul-matkopp-hylla-frisittning-625x625x156cm-vit-1.webp?fit=2000%2C2000&ssl=1","contentUrl":"https:\/\/i0.wp.com\/truusk.store\/wp-content\/uploads\/2026\/02\/fagelbur-papegojburen-med-3-dorrar-2-sittstanger-360-hjul-matkopp-hylla-frisittning-625x625x156cm-vit-1.webp?fit=2000%2C2000&ssl=1","width":2000,"height":2000},{"@type":"BreadcrumbList","@id":"https:\/\/truusk.store\/sv\/produkt\/truusk-papegojburen-med-3-dorrar-2-sittstanger-360-hjul-matkopp-hylla-frisittning-625x625x156cm-vit\/#breadcrumb","itemListElement":[{"@type":"ListItem","position":1,"name":"Home","item":"https:\/\/truusk.store\/sv\/"},{"@type":"ListItem","position":2,"name":"Shop","item":"https:\/\/truusk.store\/shop\/"},{"@type":"ListItem","position":3,"name":"TRUUSK Papegojburen Med 3 D\u00f6rrar &#8211; 2 Sittst\u00e4nger &#8211; 360\u00b0 Hjul &#8211; Matkopp &#8211; Hylla &#8211; Frisittning &#8211; 62,5&#215;62,5x156cm &#8211; Vit"}]},{"@type":"WebSite","@id":"https:\/\/truusk.store\/sv\/#website","url":"https:\/\/truusk.store\/sv\/","name":"TRUUSK - Hem, Tr\u00e4dg\u00e5rd & Fritid","description":"","publisher":{"@id":"https:\/\/truusk.store\/sv\/#organization"},"potentialAction":[{"@type":"SearchAction","target":{"@type":"EntryPoint","urlTemplate":"https:\/\/truusk.store\/sv\/?s={search_term_string}"},"query-input":{"@type":"PropertyValueSpecification","valueRequired":true,"valueName":"search_term_string"}}],"inLanguage":"sv-SE"},{"@type":"Organization","@id":"https:\/\/truusk.store\/sv\/#organization","name":"TRUUSK - Hem, Tr\u00e4dg\u00e5rd & Fritid","url":"https:\/\/truusk.store\/sv\/","logo":{"@type":"ImageObject","inLanguage":"sv-SE","@id":"https:\/\/truusk.store\/sv\/#\/schema\/logo\/image\/","url":"https:\/\/i0.wp.com\/truusk.store\/wp-content\/uploads\/2026\/03\/cropped-TRUUSK.png?fit=2032%2C917&ssl=1","contentUrl":"https:\/\/i0.wp.com\/truusk.store\/wp-content\/uploads\/2026\/03\/cropped-TRUUSK.png?fit=2032%2C917&ssl=1","width":2032,"height":917,"caption":"TRUUSK - Hem, Tr\u00e4dg\u00e5rd & Fritid"},"image":{"@id":"https:\/\/truusk.store\/sv\/#\/schema\/logo\/image\/"}}]}},"jetpack_sharing_enabled":true,"_links":{"self":[{"href":"https:\/\/truusk.store\/sv\/wp-json\/wp\/v2\/product\/103742","targetHints":{"allow":["GET"]}}],"collection":[{"href":"https:\/\/truusk.store\/sv\/wp-json\/wp\/v2\/product"}],"about":[{"href":"https:\/\/truusk.store\/sv\/wp-json\/wp\/v2\/types\/product"}],"wp:featuredmedia":[{"embeddable":true,"href":"https:\/\/truusk.store\/sv\/wp-json\/wp\/v2\/media\/103727"}],"wp:attachment":[{"href":"https:\/\/truusk.store\/sv\/wp-json\/wp\/v2\/media?parent=103742"}],"wp:term":[{"taxonomy":"product_brand","embeddable":true,"href":"https:\/\/truusk.store\/sv\/wp-json\/wp\/v2\/product_brand?post=103742"},{"taxonomy":"product_cat","embeddable":true,"href":"https:\/\/truusk.store\/sv\/wp-json\/wp\/v2\/product_cat?post=103742"},{"taxonomy":"product_tag","embeddable":true,"href":"https:\/\/truusk.store\/sv\/wp-json\/wp\/v2\/product_tag?post=103742"}],"curies":[{"name":"wp","href":"https:\/\/api.w.org\/{rel}","templated":true}]}}