{"id":103748,"date":"2026-02-09T04:48:33","date_gmt":"2026-02-09T03:48:33","guid":{"rendered":"https:\/\/truusk.store\/product\/tomatvaxthus-med-rullport-nat-fonster-lutande-tak-196-x-77-x-197-cm-vit\/"},"modified":"2026-03-12T09:36:07","modified_gmt":"2026-03-12T08:36:07","slug":"truusk-tomatvaxthus-med-rullport-nat-fonster-lutande-tak-196-x-77-x-197-cm-vit","status":"publish","type":"product","link":"https:\/\/truusk.store\/sv\/produkt\/truusk-tomatvaxthus-med-rullport-nat-fonster-lutande-tak-196-x-77-x-197-cm-vit\/","title":{"rendered":"TRUUSK Tomatv\u00e4xthus &#8211; Med Rullport &#8211; N\u00e4t-f\u00f6nster &#8211; Lutande Tak &#8211; 196 x 77 x 197 cm &#8211; Vit"},"content":{"rendered":"<p>Odla en m\u00e4ngd olika v\u00e4xter och gr\u00f6nsaker i detta [BRAND NAME] v\u00e4xthus med m\u00e5tten 77 x 196 cm. Plast\u00f6verdraget p\u00e5 tomatv\u00e4xthuset ger ett s\u00e4kert skydd, medan d\u00f6rren med dragkedja m\u00f6jligg\u00f6r enkel tillg\u00e5ng. Tv\u00e5 f\u00f6nster ger frisk luft vid behov.<\/p>\n<p>Beskrivning:<\/p>\n<ul>\n<li> Plast\u00f6verdraget skyddar v\u00e4xterna inuti mot yttre v\u00e4derf\u00f6rh\u00e5llanden.<\/li>\n<li> Med dragkedja och upprullningsbar d\u00f6rr f\u00f6r enkel tillg\u00e5ng. Tv\u00e5 mesh-f\u00f6nster ger ventilation.<\/li>\n<li> \u00d6verl\u00e5nga t\u00e4ckkanter p\u00e5 tomatv\u00e4xthuset kan gr\u00e4vas ner i marken.<\/li>\n<li> F\u00f6rankringslinor och markpinnar f\u00f6r tomat-t\u00e4ltet ing\u00e5r f\u00f6r att s\u00e4kra det i marken.<\/li>\n<li> Enkel att montera.<\/li>\n<\/ul>\n<p> Tekniska data:<\/p>\n<ul>\n<li> F\u00e4rg: Vit<\/li>\n<li> Material: Polyeten, St\u00e5l<\/li>\n<li> Totala dimensioner: 196L x 77B x 197\/178H cm<\/li>\n<li> D\u00f6rrstorlek: 140B x 178H cm<\/li>\n<li> F\u00f6nsterstorlek: 32,5B x 32,5H cm<\/li>\n<li> Ramens bredd: 10 cm<\/li>\n<\/ul>\n<p>Ing\u00e5r i leveransen:<\/p>\n<ul>\n<li> 1 x V\u00e4xthus<\/li>\n<li> 4 x F\u00f6rankringslina<\/li>\n<li> 4 x Markpinnar<\/li>\n<li> 1 x Instruktioner<\/li>\n<\/ul>\n","protected":false},"excerpt":{"rendered":"<p>Odla en m\u00e4ngd olika v\u00e4xter och gr\u00f6nsaker i detta [BRAND NAME] v\u00e4xthus med m\u00e5tten 77 x 196 cm. Plast\u00f6verdraget p\u00e5&#8230;<\/p>\n","protected":false},"featured_media":103735,"template":"","meta":[],"product_brand":[],"product_cat":[923,858,443],"product_tag":[],"class_list":{"0":"post-103748","1":"product","2":"type-product","3":"status-publish","4":"has-post-thumbnail","6":"product_cat-plastfilm-vaxthus","7":"product_cat-tradgard-terrass","8":"product_cat-vaxthus-tradgardsskotsel","10":"first","11":"instock","12":"sale","13":"taxable","14":"shipping-taxable","15":"purchasable","16":"product-type-simple"},"yoast_head":"<!-- This site is optimized with the Yoast SEO plugin v25.4 - https:\/\/yoast.com\/wordpress\/plugins\/seo\/ -->\n<title>TRUUSK Tomatv\u00e4xthus - Med Rullport - N\u00e4t-f\u00f6nster - Lutande Tak - 196 x 77 x 197 cm - Vit - TRUUSK - Hem, Tr\u00e4dg\u00e5rd &amp; Fritid<\/title>\n<meta name=\"robots\" content=\"index, follow, max-snippet:-1, max-image-preview:large, max-video-preview:-1\" \/>\n<link rel=\"canonical\" href=\"https:\/\/truusk.store\/sv\/produkt\/truusk-tomatvaxthus-med-rullport-nat-fonster-lutande-tak-196-x-77-x-197-cm-vit\/\" \/>\n<meta property=\"og:locale\" content=\"sv_SE\" \/>\n<meta property=\"og:type\" content=\"article\" \/>\n<meta property=\"og:title\" content=\"TRUUSK Tomatv\u00e4xthus - Med Rullport - N\u00e4t-f\u00f6nster - Lutande Tak - 196 x 77 x 197 cm - Vit - TRUUSK - Hem, Tr\u00e4dg\u00e5rd &amp; Fritid\" \/>\n<meta property=\"og:description\" content=\"Odla en m\u00e4ngd olika v\u00e4xter och gr\u00f6nsaker i detta [BRAND NAME] v\u00e4xthus med m\u00e5tten 77 x 196 cm. Plast\u00f6verdraget p\u00e5...\" \/>\n<meta property=\"og:url\" content=\"https:\/\/truusk.store\/sv\/produkt\/truusk-tomatvaxthus-med-rullport-nat-fonster-lutande-tak-196-x-77-x-197-cm-vit\/\" \/>\n<meta property=\"og:site_name\" content=\"TRUUSK - Hem, Tr\u00e4dg\u00e5rd &amp; Fritid\" \/>\n<meta property=\"article:modified_time\" content=\"2026-03-12T08:36:07+00:00\" \/>\n<meta property=\"og:image\" content=\"https:\/\/i0.wp.com\/truusk.se\/wp-content\/uploads\/2026\/02\/tomatvaxthus-med-rullport-nat-fonster-lutande-tak-196-x-77-x-197-cm-vit-1.webp?fit=2000%2C2000&ssl=1\" \/>\n\t<meta property=\"og:image:width\" content=\"2000\" \/>\n\t<meta property=\"og:image:height\" content=\"2000\" \/>\n\t<meta property=\"og:image:type\" content=\"image\/webp\" \/>\n<meta name=\"twitter:card\" content=\"summary_large_image\" \/>\n<meta name=\"twitter:label1\" content=\"Ber\u00e4knad l\u00e4stid\" \/>\n\t<meta name=\"twitter:data1\" content=\"1 minut\" \/>\n<!-- \/ Yoast SEO plugin. -->","yoast_head_json":{"title":"TRUUSK Tomatv\u00e4xthus - Med Rullport - N\u00e4t-f\u00f6nster - Lutande Tak - 196 x 77 x 197 cm - Vit - TRUUSK - Hem, Tr\u00e4dg\u00e5rd &amp; Fritid","robots":{"index":"index","follow":"follow","max-snippet":"max-snippet:-1","max-image-preview":"max-image-preview:large","max-video-preview":"max-video-preview:-1"},"canonical":"https:\/\/truusk.store\/sv\/produkt\/truusk-tomatvaxthus-med-rullport-nat-fonster-lutande-tak-196-x-77-x-197-cm-vit\/","og_locale":"sv_SE","og_type":"article","og_title":"TRUUSK Tomatv\u00e4xthus - Med Rullport - N\u00e4t-f\u00f6nster - Lutande Tak - 196 x 77 x 197 cm - Vit - TRUUSK - Hem, Tr\u00e4dg\u00e5rd &amp; Fritid","og_description":"Odla en m\u00e4ngd olika v\u00e4xter och gr\u00f6nsaker i detta [BRAND NAME] v\u00e4xthus med m\u00e5tten 77 x 196 cm. Plast\u00f6verdraget p\u00e5...","og_url":"https:\/\/truusk.store\/sv\/produkt\/truusk-tomatvaxthus-med-rullport-nat-fonster-lutande-tak-196-x-77-x-197-cm-vit\/","og_site_name":"TRUUSK - Hem, Tr\u00e4dg\u00e5rd &amp; Fritid","article_modified_time":"2026-03-12T08:36:07+00:00","og_image":[{"width":2000,"height":2000,"url":"https:\/\/i0.wp.com\/truusk.se\/wp-content\/uploads\/2026\/02\/tomatvaxthus-med-rullport-nat-fonster-lutande-tak-196-x-77-x-197-cm-vit-1.webp?fit=2000%2C2000&ssl=1","type":"image\/webp"}],"twitter_card":"summary_large_image","twitter_misc":{"Ber\u00e4knad l\u00e4stid":"1 minut"},"schema":{"@context":"https:\/\/schema.org","@graph":[{"@type":"WebPage","@id":"https:\/\/truusk.store\/sv\/produkt\/truusk-tomatvaxthus-med-rullport-nat-fonster-lutande-tak-196-x-77-x-197-cm-vit\/","url":"https:\/\/truusk.store\/sv\/produkt\/truusk-tomatvaxthus-med-rullport-nat-fonster-lutande-tak-196-x-77-x-197-cm-vit\/","name":"TRUUSK Tomatv\u00e4xthus - Med Rullport - N\u00e4t-f\u00f6nster - Lutande Tak - 196 x 77 x 197 cm - Vit - TRUUSK - Hem, Tr\u00e4dg\u00e5rd &amp; Fritid","isPartOf":{"@id":"https:\/\/truusk.store\/sv\/#website"},"primaryImageOfPage":{"@id":"https:\/\/truusk.store\/sv\/produkt\/truusk-tomatvaxthus-med-rullport-nat-fonster-lutande-tak-196-x-77-x-197-cm-vit\/#primaryimage"},"image":{"@id":"https:\/\/truusk.store\/sv\/produkt\/truusk-tomatvaxthus-med-rullport-nat-fonster-lutande-tak-196-x-77-x-197-cm-vit\/#primaryimage"},"thumbnailUrl":"https:\/\/i0.wp.com\/truusk.store\/wp-content\/uploads\/2026\/02\/tomatvaxthus-med-rullport-nat-fonster-lutande-tak-196-x-77-x-197-cm-vit-1.webp?fit=2000%2C2000&ssl=1","datePublished":"2026-02-09T03:48:33+00:00","dateModified":"2026-03-12T08:36:07+00:00","breadcrumb":{"@id":"https:\/\/truusk.store\/sv\/produkt\/truusk-tomatvaxthus-med-rullport-nat-fonster-lutande-tak-196-x-77-x-197-cm-vit\/#breadcrumb"},"inLanguage":"sv-SE","potentialAction":[{"@type":"ReadAction","target":["https:\/\/truusk.store\/sv\/produkt\/truusk-tomatvaxthus-med-rullport-nat-fonster-lutande-tak-196-x-77-x-197-cm-vit\/"]}]},{"@type":"ImageObject","inLanguage":"sv-SE","@id":"https:\/\/truusk.store\/sv\/produkt\/truusk-tomatvaxthus-med-rullport-nat-fonster-lutande-tak-196-x-77-x-197-cm-vit\/#primaryimage","url":"https:\/\/i0.wp.com\/truusk.store\/wp-content\/uploads\/2026\/02\/tomatvaxthus-med-rullport-nat-fonster-lutande-tak-196-x-77-x-197-cm-vit-1.webp?fit=2000%2C2000&ssl=1","contentUrl":"https:\/\/i0.wp.com\/truusk.store\/wp-content\/uploads\/2026\/02\/tomatvaxthus-med-rullport-nat-fonster-lutande-tak-196-x-77-x-197-cm-vit-1.webp?fit=2000%2C2000&ssl=1","width":2000,"height":2000},{"@type":"BreadcrumbList","@id":"https:\/\/truusk.store\/sv\/produkt\/truusk-tomatvaxthus-med-rullport-nat-fonster-lutande-tak-196-x-77-x-197-cm-vit\/#breadcrumb","itemListElement":[{"@type":"ListItem","position":1,"name":"Home","item":"https:\/\/truusk.store\/sv\/"},{"@type":"ListItem","position":2,"name":"Shop","item":"https:\/\/truusk.store\/shop\/"},{"@type":"ListItem","position":3,"name":"TRUUSK Tomatv\u00e4xthus &#8211; Med Rullport &#8211; N\u00e4t-f\u00f6nster &#8211; Lutande Tak &#8211; 196 x 77 x 197 cm &#8211; Vit"}]},{"@type":"WebSite","@id":"https:\/\/truusk.store\/sv\/#website","url":"https:\/\/truusk.store\/sv\/","name":"TRUUSK - Hem, Tr\u00e4dg\u00e5rd & Fritid","description":"","publisher":{"@id":"https:\/\/truusk.store\/sv\/#organization"},"potentialAction":[{"@type":"SearchAction","target":{"@type":"EntryPoint","urlTemplate":"https:\/\/truusk.store\/sv\/?s={search_term_string}"},"query-input":{"@type":"PropertyValueSpecification","valueRequired":true,"valueName":"search_term_string"}}],"inLanguage":"sv-SE"},{"@type":"Organization","@id":"https:\/\/truusk.store\/sv\/#organization","name":"TRUUSK - Hem, Tr\u00e4dg\u00e5rd & Fritid","url":"https:\/\/truusk.store\/sv\/","logo":{"@type":"ImageObject","inLanguage":"sv-SE","@id":"https:\/\/truusk.store\/sv\/#\/schema\/logo\/image\/","url":"https:\/\/i0.wp.com\/truusk.store\/wp-content\/uploads\/2026\/03\/cropped-TRUUSK.png?fit=2032%2C917&ssl=1","contentUrl":"https:\/\/i0.wp.com\/truusk.store\/wp-content\/uploads\/2026\/03\/cropped-TRUUSK.png?fit=2032%2C917&ssl=1","width":2032,"height":917,"caption":"TRUUSK - Hem, Tr\u00e4dg\u00e5rd & Fritid"},"image":{"@id":"https:\/\/truusk.store\/sv\/#\/schema\/logo\/image\/"}}]}},"jetpack_sharing_enabled":true,"_links":{"self":[{"href":"https:\/\/truusk.store\/sv\/wp-json\/wp\/v2\/product\/103748","targetHints":{"allow":["GET"]}}],"collection":[{"href":"https:\/\/truusk.store\/sv\/wp-json\/wp\/v2\/product"}],"about":[{"href":"https:\/\/truusk.store\/sv\/wp-json\/wp\/v2\/types\/product"}],"wp:featuredmedia":[{"embeddable":true,"href":"https:\/\/truusk.store\/sv\/wp-json\/wp\/v2\/media\/103735"}],"wp:attachment":[{"href":"https:\/\/truusk.store\/sv\/wp-json\/wp\/v2\/media?parent=103748"}],"wp:term":[{"taxonomy":"product_brand","embeddable":true,"href":"https:\/\/truusk.store\/sv\/wp-json\/wp\/v2\/product_brand?post=103748"},{"taxonomy":"product_cat","embeddable":true,"href":"https:\/\/truusk.store\/sv\/wp-json\/wp\/v2\/product_cat?post=103748"},{"taxonomy":"product_tag","embeddable":true,"href":"https:\/\/truusk.store\/sv\/wp-json\/wp\/v2\/product_tag?post=103748"}],"curies":[{"name":"wp","href":"https:\/\/api.w.org\/{rel}","templated":true}]}}