{"id":103758,"date":"2026-02-09T04:50:06","date_gmt":"2026-02-09T03:50:06","guid":{"rendered":"https:\/\/truusk.store\/product\/vaxthus-3-x-2-x-2-m-med-plastfolie-4-natventiler-bred-rullbar-dragkedjadorr-myggnat-uv-resistent\/"},"modified":"2026-03-12T09:36:32","modified_gmt":"2026-03-12T08:36:32","slug":"truusk-vaxthus-3x2x2-m-plastfolie-4-natventiler-rullbar-dragkedjadorr-myggnat-uv-resistent","status":"publish","type":"product","link":"https:\/\/truusk.store\/sv\/produkt\/truusk-vaxthus-3x2x2-m-plastfolie-4-natventiler-rullbar-dragkedjadorr-myggnat-uv-resistent\/","title":{"rendered":"TRUUSK V\u00e4xthus 3x2x2 m &#8211; Plastfolie &#8211; 4 n\u00e4tventiler &#8211; Rullbar dragkedjad\u00f6rr &#8211; Myggn\u00e4t &#8211; UV-resistent"},"content":{"rendered":"<p>F\u00f6rl\u00e4ng odlings\u00e4songen detta \u00e5r och fram\u00f6ver med [BRAND NAME] foliev\u00e4xthus. Den galvaniserade st\u00e5lramen med spetsigt tak \u00e4r l\u00e4mplig f\u00f6r utomhusbruk och f\u00f6rhindrar att presenningen h\u00e4nger och att ramen rostar. Det rymliga inre av folietunneln \u00e4r utm\u00e4rkt f\u00f6r att rymma en m\u00e4ngd olika v\u00e4xter &#8211; den \u00f6ppna designen g\u00f6r att du kan utforma interi\u00f6ren precis som du vill.<\/p>\n<p>Beskrivning:<\/p>\n<ul>\n<li> PE-\u00f6verdraget erbjuder UV- och l\u00e4tt v\u00e4derskydd inuti, s\u00e5 att v\u00e4xterna kan v\u00e4xa bra<\/li>\n<li> Upprullningsbar d\u00f6rr och f\u00f6nster p\u00e5 folietunneln f\u00f6r enkel tillg\u00e5ng och ventilation inuti<\/li>\n<li> N\u00e4tbildsk\u00e4rmar p\u00e5 f\u00f6nstren f\u00f6r att h\u00e5lla ventilation och o\u00f6nskade g\u00e4ster borta<\/li>\n<li> Galvaniserad st\u00e5lram p\u00e5 folietunneln f\u00f6r h\u00f6g stabilitet<\/li>\n<li> Spetsigt tak f\u00f6r att f\u00f6rhindra att presenningen h\u00e4nger<\/li>\n<li> F\u00f6rl\u00e4ngda kanter f\u00f6r att gr\u00e4va ner i marken, inklusive sp\u00e4nnlinor och t\u00e4ltspikar<\/li>\n<li> Montering kr\u00e4vs, rekommenderas f\u00f6r tv\u00e5 till tre personer<\/li>\n<\/ul>\n<p> Tekniska data:<\/p>\n<ul>\n<li> F\u00e4rg: Vit<\/li>\n<li> Material: Galvaniserat st\u00e5l, Polyeten<\/li>\n<li> Totala dimensioner: 200B x 300T x 200H cm<\/li>\n<li> F\u00f6nsterdimensioner: 60B x 40H cm<\/li>\n<li> D\u00f6rrdimensioner: 100B x 165H cm<\/li>\n<li> Ut\u00f6kad kantbredd: 10 cm<\/li>\n<li> Vinds\u00e4kerhetsniv\u00e5: (vid fullst\u00e4ndig fasts\u00e4ttning) Niv\u00e5 4<\/li>\n<\/ul>\n<p>Leveransinneh\u00e5ll:<\/p>\n<ul>\n<li> 1 x v\u00e4xthus<\/li>\n<li> 4 x jordspett<\/li>\n<li> 4 x sp\u00e4nnlina<\/li>\n<li> 1 x handbok<\/li>\n<\/ul>\n","protected":false},"excerpt":{"rendered":"<p>F\u00f6rl\u00e4ng odlings\u00e4songen detta \u00e5r och fram\u00f6ver med [BRAND NAME] foliev\u00e4xthus. Den galvaniserade st\u00e5lramen med spetsigt tak \u00e4r l\u00e4mplig f\u00f6r utomhusbruk&#8230;<\/p>\n","protected":false},"featured_media":103749,"template":"","meta":[],"product_brand":[],"product_cat":[903,858,443],"product_tag":[],"class_list":{"0":"post-103758","1":"product","2":"type-product","3":"status-publish","4":"has-post-thumbnail","6":"product_cat-plastvaxthus","7":"product_cat-tradgard-terrass","8":"product_cat-vaxthus-tradgardsskotsel","10":"first","11":"instock","12":"sale","13":"taxable","14":"shipping-taxable","15":"purchasable","16":"product-type-simple"},"yoast_head":"<!-- This site is optimized with the Yoast SEO plugin v25.4 - https:\/\/yoast.com\/wordpress\/plugins\/seo\/ -->\n<title>TRUUSK V\u00e4xthus 3x2x2 m - Plastfolie - 4 n\u00e4tventiler - Rullbar dragkedjad\u00f6rr - Myggn\u00e4t - UV-resistent - TRUUSK - Hem, Tr\u00e4dg\u00e5rd &amp; Fritid<\/title>\n<meta name=\"robots\" content=\"index, follow, max-snippet:-1, max-image-preview:large, max-video-preview:-1\" \/>\n<link rel=\"canonical\" href=\"https:\/\/truusk.store\/sv\/produkt\/truusk-vaxthus-3x2x2-m-plastfolie-4-natventiler-rullbar-dragkedjadorr-myggnat-uv-resistent\/\" \/>\n<meta property=\"og:locale\" content=\"sv_SE\" \/>\n<meta property=\"og:type\" content=\"article\" \/>\n<meta property=\"og:title\" content=\"TRUUSK V\u00e4xthus 3x2x2 m - Plastfolie - 4 n\u00e4tventiler - Rullbar dragkedjad\u00f6rr - Myggn\u00e4t - UV-resistent - TRUUSK - Hem, Tr\u00e4dg\u00e5rd &amp; Fritid\" \/>\n<meta property=\"og:description\" content=\"F\u00f6rl\u00e4ng odlings\u00e4songen detta \u00e5r och fram\u00f6ver med [BRAND NAME] foliev\u00e4xthus. Den galvaniserade st\u00e5lramen med spetsigt tak \u00e4r l\u00e4mplig f\u00f6r utomhusbruk...\" \/>\n<meta property=\"og:url\" content=\"https:\/\/truusk.store\/sv\/produkt\/truusk-vaxthus-3x2x2-m-plastfolie-4-natventiler-rullbar-dragkedjadorr-myggnat-uv-resistent\/\" \/>\n<meta property=\"og:site_name\" content=\"TRUUSK - Hem, Tr\u00e4dg\u00e5rd &amp; Fritid\" \/>\n<meta property=\"article:modified_time\" content=\"2026-03-12T08:36:32+00:00\" \/>\n<meta property=\"og:image\" content=\"https:\/\/i0.wp.com\/truusk.se\/wp-content\/uploads\/2026\/02\/vaxthus-3-x-2-x-2-m-med-plastfolie-4-natventiler-bred-rullbar-dragkedjadorr-myggnat-uv-resistent-1.webp?fit=2000%2C2000&ssl=1\" \/>\n\t<meta property=\"og:image:width\" content=\"2000\" \/>\n\t<meta property=\"og:image:height\" content=\"2000\" \/>\n\t<meta property=\"og:image:type\" content=\"image\/webp\" \/>\n<meta name=\"twitter:card\" content=\"summary_large_image\" \/>\n<meta name=\"twitter:label1\" content=\"Ber\u00e4knad l\u00e4stid\" \/>\n\t<meta name=\"twitter:data1\" content=\"1 minut\" \/>\n<!-- \/ Yoast SEO plugin. -->","yoast_head_json":{"title":"TRUUSK V\u00e4xthus 3x2x2 m - Plastfolie - 4 n\u00e4tventiler - Rullbar dragkedjad\u00f6rr - Myggn\u00e4t - UV-resistent - TRUUSK - Hem, Tr\u00e4dg\u00e5rd &amp; Fritid","robots":{"index":"index","follow":"follow","max-snippet":"max-snippet:-1","max-image-preview":"max-image-preview:large","max-video-preview":"max-video-preview:-1"},"canonical":"https:\/\/truusk.store\/sv\/produkt\/truusk-vaxthus-3x2x2-m-plastfolie-4-natventiler-rullbar-dragkedjadorr-myggnat-uv-resistent\/","og_locale":"sv_SE","og_type":"article","og_title":"TRUUSK V\u00e4xthus 3x2x2 m - Plastfolie - 4 n\u00e4tventiler - Rullbar dragkedjad\u00f6rr - Myggn\u00e4t - UV-resistent - TRUUSK - Hem, Tr\u00e4dg\u00e5rd &amp; Fritid","og_description":"F\u00f6rl\u00e4ng odlings\u00e4songen detta \u00e5r och fram\u00f6ver med [BRAND NAME] foliev\u00e4xthus. Den galvaniserade st\u00e5lramen med spetsigt tak \u00e4r l\u00e4mplig f\u00f6r utomhusbruk...","og_url":"https:\/\/truusk.store\/sv\/produkt\/truusk-vaxthus-3x2x2-m-plastfolie-4-natventiler-rullbar-dragkedjadorr-myggnat-uv-resistent\/","og_site_name":"TRUUSK - Hem, Tr\u00e4dg\u00e5rd &amp; Fritid","article_modified_time":"2026-03-12T08:36:32+00:00","og_image":[{"width":2000,"height":2000,"url":"https:\/\/i0.wp.com\/truusk.se\/wp-content\/uploads\/2026\/02\/vaxthus-3-x-2-x-2-m-med-plastfolie-4-natventiler-bred-rullbar-dragkedjadorr-myggnat-uv-resistent-1.webp?fit=2000%2C2000&ssl=1","type":"image\/webp"}],"twitter_card":"summary_large_image","twitter_misc":{"Ber\u00e4knad l\u00e4stid":"1 minut"},"schema":{"@context":"https:\/\/schema.org","@graph":[{"@type":"WebPage","@id":"https:\/\/truusk.store\/sv\/produkt\/truusk-vaxthus-3x2x2-m-plastfolie-4-natventiler-rullbar-dragkedjadorr-myggnat-uv-resistent\/","url":"https:\/\/truusk.store\/sv\/produkt\/truusk-vaxthus-3x2x2-m-plastfolie-4-natventiler-rullbar-dragkedjadorr-myggnat-uv-resistent\/","name":"TRUUSK V\u00e4xthus 3x2x2 m - Plastfolie - 4 n\u00e4tventiler - Rullbar dragkedjad\u00f6rr - Myggn\u00e4t - UV-resistent - TRUUSK - Hem, Tr\u00e4dg\u00e5rd &amp; Fritid","isPartOf":{"@id":"https:\/\/truusk.store\/sv\/#website"},"primaryImageOfPage":{"@id":"https:\/\/truusk.store\/sv\/produkt\/truusk-vaxthus-3x2x2-m-plastfolie-4-natventiler-rullbar-dragkedjadorr-myggnat-uv-resistent\/#primaryimage"},"image":{"@id":"https:\/\/truusk.store\/sv\/produkt\/truusk-vaxthus-3x2x2-m-plastfolie-4-natventiler-rullbar-dragkedjadorr-myggnat-uv-resistent\/#primaryimage"},"thumbnailUrl":"https:\/\/i0.wp.com\/truusk.store\/wp-content\/uploads\/2026\/02\/vaxthus-3-x-2-x-2-m-med-plastfolie-4-natventiler-bred-rullbar-dragkedjadorr-myggnat-uv-resistent-1.webp?fit=2000%2C2000&ssl=1","datePublished":"2026-02-09T03:50:06+00:00","dateModified":"2026-03-12T08:36:32+00:00","breadcrumb":{"@id":"https:\/\/truusk.store\/sv\/produkt\/truusk-vaxthus-3x2x2-m-plastfolie-4-natventiler-rullbar-dragkedjadorr-myggnat-uv-resistent\/#breadcrumb"},"inLanguage":"sv-SE","potentialAction":[{"@type":"ReadAction","target":["https:\/\/truusk.store\/sv\/produkt\/truusk-vaxthus-3x2x2-m-plastfolie-4-natventiler-rullbar-dragkedjadorr-myggnat-uv-resistent\/"]}]},{"@type":"ImageObject","inLanguage":"sv-SE","@id":"https:\/\/truusk.store\/sv\/produkt\/truusk-vaxthus-3x2x2-m-plastfolie-4-natventiler-rullbar-dragkedjadorr-myggnat-uv-resistent\/#primaryimage","url":"https:\/\/i0.wp.com\/truusk.store\/wp-content\/uploads\/2026\/02\/vaxthus-3-x-2-x-2-m-med-plastfolie-4-natventiler-bred-rullbar-dragkedjadorr-myggnat-uv-resistent-1.webp?fit=2000%2C2000&ssl=1","contentUrl":"https:\/\/i0.wp.com\/truusk.store\/wp-content\/uploads\/2026\/02\/vaxthus-3-x-2-x-2-m-med-plastfolie-4-natventiler-bred-rullbar-dragkedjadorr-myggnat-uv-resistent-1.webp?fit=2000%2C2000&ssl=1","width":2000,"height":2000},{"@type":"BreadcrumbList","@id":"https:\/\/truusk.store\/sv\/produkt\/truusk-vaxthus-3x2x2-m-plastfolie-4-natventiler-rullbar-dragkedjadorr-myggnat-uv-resistent\/#breadcrumb","itemListElement":[{"@type":"ListItem","position":1,"name":"Home","item":"https:\/\/truusk.store\/sv\/"},{"@type":"ListItem","position":2,"name":"Shop","item":"https:\/\/truusk.store\/shop\/"},{"@type":"ListItem","position":3,"name":"TRUUSK V\u00e4xthus 3x2x2 m &#8211; Plastfolie &#8211; 4 n\u00e4tventiler &#8211; Rullbar dragkedjad\u00f6rr &#8211; Myggn\u00e4t &#8211; UV-resistent"}]},{"@type":"WebSite","@id":"https:\/\/truusk.store\/sv\/#website","url":"https:\/\/truusk.store\/sv\/","name":"TRUUSK - Hem, Tr\u00e4dg\u00e5rd & Fritid","description":"","publisher":{"@id":"https:\/\/truusk.store\/sv\/#organization"},"potentialAction":[{"@type":"SearchAction","target":{"@type":"EntryPoint","urlTemplate":"https:\/\/truusk.store\/sv\/?s={search_term_string}"},"query-input":{"@type":"PropertyValueSpecification","valueRequired":true,"valueName":"search_term_string"}}],"inLanguage":"sv-SE"},{"@type":"Organization","@id":"https:\/\/truusk.store\/sv\/#organization","name":"TRUUSK - Hem, Tr\u00e4dg\u00e5rd & Fritid","url":"https:\/\/truusk.store\/sv\/","logo":{"@type":"ImageObject","inLanguage":"sv-SE","@id":"https:\/\/truusk.store\/sv\/#\/schema\/logo\/image\/","url":"https:\/\/i0.wp.com\/truusk.store\/wp-content\/uploads\/2026\/03\/cropped-TRUUSK.png?fit=2032%2C917&ssl=1","contentUrl":"https:\/\/i0.wp.com\/truusk.store\/wp-content\/uploads\/2026\/03\/cropped-TRUUSK.png?fit=2032%2C917&ssl=1","width":2032,"height":917,"caption":"TRUUSK - Hem, Tr\u00e4dg\u00e5rd & Fritid"},"image":{"@id":"https:\/\/truusk.store\/sv\/#\/schema\/logo\/image\/"}}]}},"jetpack_sharing_enabled":true,"_links":{"self":[{"href":"https:\/\/truusk.store\/sv\/wp-json\/wp\/v2\/product\/103758","targetHints":{"allow":["GET"]}}],"collection":[{"href":"https:\/\/truusk.store\/sv\/wp-json\/wp\/v2\/product"}],"about":[{"href":"https:\/\/truusk.store\/sv\/wp-json\/wp\/v2\/types\/product"}],"wp:featuredmedia":[{"embeddable":true,"href":"https:\/\/truusk.store\/sv\/wp-json\/wp\/v2\/media\/103749"}],"wp:attachment":[{"href":"https:\/\/truusk.store\/sv\/wp-json\/wp\/v2\/media?parent=103758"}],"wp:term":[{"taxonomy":"product_brand","embeddable":true,"href":"https:\/\/truusk.store\/sv\/wp-json\/wp\/v2\/product_brand?post=103758"},{"taxonomy":"product_cat","embeddable":true,"href":"https:\/\/truusk.store\/sv\/wp-json\/wp\/v2\/product_cat?post=103758"},{"taxonomy":"product_tag","embeddable":true,"href":"https:\/\/truusk.store\/sv\/wp-json\/wp\/v2\/product_tag?post=103758"}],"curies":[{"name":"wp","href":"https:\/\/api.w.org\/{rel}","templated":true}]}}