{"id":103768,"date":"2026-02-09T04:51:43","date_gmt":"2026-02-09T03:51:43","guid":{"rendered":"https:\/\/truusk.store\/product\/2-pack-solstolar-hopfallbara-tradgardsstolar-med-solskydd-5-stegs-justerbar-ryggstod-morkgra\/"},"modified":"2026-03-12T09:38:14","modified_gmt":"2026-03-12T08:38:14","slug":"truusk-solstolar-2-pack-hopfallbara-tradgardsstolar-solskydd-5-stegs-justerbar-ryggstod-morkgra","status":"publish","type":"product","link":"https:\/\/truusk.store\/sv\/produkt\/truusk-solstolar-2-pack-hopfallbara-tradgardsstolar-solskydd-5-stegs-justerbar-ryggstod-morkgra\/","title":{"rendered":"TRUUSK Solstolar 2-pack &#8211; Hopf\u00e4llbara tr\u00e4dg\u00e5rdsstolar &#8211; Solskydd &#8211; 5-stegs justerbar ryggst\u00f6d &#8211; M\u00f6rkgr\u00e5"},"content":{"rendered":"<p>Vill du ta med dig resortkomforten \u00f6verallt? Med [BRAND NAME] \u00e4r det m\u00f6jligt! Tv\u00e5 hopf\u00e4llbara solstolar l\u00e5ter dig och en v\u00e4n bekv\u00e4mt slappna av p\u00e5 stranden, vid camping eller poolen. Fem justerbara ryggst\u00f6dspositioner och en solskydd g\u00f6r det m\u00f6jligt att sola perfekt. Det andningsbara Oxford-tyget ger en behagligt sval avkoppling &#8211; perfekt f\u00f6r sommaren!<\/p>\n<p>Beskrivning:<\/p>\n<ul>\n<li> F\u00f6r tv\u00e5 personer att koppla av eller sola vid poolen tillsammans<\/li>\n<li> Ryggst\u00f6det kan justeras i 5 positioner f\u00f6r att hitta den perfekta solvinkeln<\/li>\n<li> Justerbart solskydd p\u00e5 den hopf\u00e4llbara solstolen skyddar dina \u00f6gon fr\u00e5n intensivt solljus<\/li>\n<li> Andningsbart Oxford-tyg torkar snabbt och h\u00e5ller svalt p\u00e5 sommaren<\/li>\n<li> Robust, vattent\u00e4tt och pulverlackerat st\u00e5lram<\/li>\n<li> Hopf\u00e4llbar design p\u00e5 den hopf\u00e4llbara solstolen f\u00f6r enkel transport<\/li>\n<li> Idealisk f\u00f6r tr\u00e4dg\u00e5rd, balkong, pool eller strand<\/li>\n<li> Endast solskyddet beh\u00f6ver monteras<\/li>\n<\/ul>\n<p> Tekniska data:<\/p>\n<ul>\n<li> F\u00e4rg: M\u00f6rkgr\u00e5<\/li>\n<li> Material: Metall, Oxford-tyg (100 % polyester)<\/li>\n<li> Totala dimensioner: 190L x 56B x 28H cm<\/li>\n<li> Hopf\u00e4lld storlek: 70L x 56B x 13H cm<\/li>\n<li> Sitsstorlek: 56B x 120T cm<\/li>\n<li> Sitth\u00f6jd: (utan kudde) 28 cm<\/li>\n<li> Ryggst\u00f6dsstorlek: 70L x 56B cm<\/li>\n<li> Justerbar ryggst\u00f6dsh\u00f6jd: (fr\u00e5n golvet) 33\/47\/61\/75\/81 cm<\/li>\n<li> Ryggst\u00f6dets justeringsvinkel: 180\/160\/140\/120\/100 grader<\/li>\n<li> B\u00e4rkapacitet: 120 kg<\/li>\n<\/ul>\n<p>Leverans inneh\u00e5ller:<\/p>\n<ul>\n<li> 2 x solstolar<\/li>\n<li> 1 x instruktioner<\/li>\n<\/ul>\n","protected":false},"excerpt":{"rendered":"<p>Vill du ta med dig resortkomforten \u00f6verallt? Med [BRAND NAME] \u00e4r det m\u00f6jligt! Tv\u00e5 hopf\u00e4llbara solstolar l\u00e5ter dig och en&#8230;<\/p>\n","protected":false},"featured_media":103759,"template":"","meta":[],"product_brand":[],"product_cat":[451,858,450],"product_tag":[],"class_list":{"0":"post-103768","1":"product","2":"type-product","3":"status-publish","4":"has-post-thumbnail","6":"product_cat-solstolar","7":"product_cat-tradgard-terrass","8":"product_cat-tradgardsmobler","10":"first","11":"instock","12":"sale","13":"taxable","14":"shipping-taxable","15":"purchasable","16":"product-type-simple"},"yoast_head":"<!-- This site is optimized with the Yoast SEO plugin v25.4 - https:\/\/yoast.com\/wordpress\/plugins\/seo\/ -->\n<title>TRUUSK Solstolar 2-pack - Hopf\u00e4llbara tr\u00e4dg\u00e5rdsstolar - Solskydd - 5-stegs justerbar ryggst\u00f6d - M\u00f6rkgr\u00e5 - TRUUSK - Hem, Tr\u00e4dg\u00e5rd &amp; Fritid<\/title>\n<meta name=\"robots\" content=\"index, follow, max-snippet:-1, max-image-preview:large, max-video-preview:-1\" \/>\n<link rel=\"canonical\" href=\"https:\/\/truusk.store\/sv\/produkt\/truusk-solstolar-2-pack-hopfallbara-tradgardsstolar-solskydd-5-stegs-justerbar-ryggstod-morkgra\/\" \/>\n<meta property=\"og:locale\" content=\"sv_SE\" \/>\n<meta property=\"og:type\" content=\"article\" \/>\n<meta property=\"og:title\" content=\"TRUUSK Solstolar 2-pack - Hopf\u00e4llbara tr\u00e4dg\u00e5rdsstolar - Solskydd - 5-stegs justerbar ryggst\u00f6d - M\u00f6rkgr\u00e5 - TRUUSK - Hem, Tr\u00e4dg\u00e5rd &amp; Fritid\" \/>\n<meta property=\"og:description\" content=\"Vill du ta med dig resortkomforten \u00f6verallt? Med [BRAND NAME] \u00e4r det m\u00f6jligt! Tv\u00e5 hopf\u00e4llbara solstolar l\u00e5ter dig och en...\" \/>\n<meta property=\"og:url\" content=\"https:\/\/truusk.store\/sv\/produkt\/truusk-solstolar-2-pack-hopfallbara-tradgardsstolar-solskydd-5-stegs-justerbar-ryggstod-morkgra\/\" \/>\n<meta property=\"og:site_name\" content=\"TRUUSK - Hem, Tr\u00e4dg\u00e5rd &amp; Fritid\" \/>\n<meta property=\"article:modified_time\" content=\"2026-03-12T08:38:14+00:00\" \/>\n<meta property=\"og:image\" content=\"https:\/\/i0.wp.com\/truusk.se\/wp-content\/uploads\/2026\/02\/2-pack-solstolar-hopfallbara-tradgardsstolar-med-solskydd-5-stegs-justerbar-ryggstod-morkgra-1.webp?fit=2000%2C2000&ssl=1\" \/>\n\t<meta property=\"og:image:width\" content=\"2000\" \/>\n\t<meta property=\"og:image:height\" content=\"2000\" \/>\n\t<meta property=\"og:image:type\" content=\"image\/webp\" \/>\n<meta name=\"twitter:card\" content=\"summary_large_image\" \/>\n<meta name=\"twitter:label1\" content=\"Ber\u00e4knad l\u00e4stid\" \/>\n\t<meta name=\"twitter:data1\" content=\"1 minut\" \/>\n<!-- \/ Yoast SEO plugin. -->","yoast_head_json":{"title":"TRUUSK Solstolar 2-pack - Hopf\u00e4llbara tr\u00e4dg\u00e5rdsstolar - Solskydd - 5-stegs justerbar ryggst\u00f6d - M\u00f6rkgr\u00e5 - TRUUSK - Hem, Tr\u00e4dg\u00e5rd &amp; Fritid","robots":{"index":"index","follow":"follow","max-snippet":"max-snippet:-1","max-image-preview":"max-image-preview:large","max-video-preview":"max-video-preview:-1"},"canonical":"https:\/\/truusk.store\/sv\/produkt\/truusk-solstolar-2-pack-hopfallbara-tradgardsstolar-solskydd-5-stegs-justerbar-ryggstod-morkgra\/","og_locale":"sv_SE","og_type":"article","og_title":"TRUUSK Solstolar 2-pack - Hopf\u00e4llbara tr\u00e4dg\u00e5rdsstolar - Solskydd - 5-stegs justerbar ryggst\u00f6d - M\u00f6rkgr\u00e5 - TRUUSK - Hem, Tr\u00e4dg\u00e5rd &amp; Fritid","og_description":"Vill du ta med dig resortkomforten \u00f6verallt? Med [BRAND NAME] \u00e4r det m\u00f6jligt! Tv\u00e5 hopf\u00e4llbara solstolar l\u00e5ter dig och en...","og_url":"https:\/\/truusk.store\/sv\/produkt\/truusk-solstolar-2-pack-hopfallbara-tradgardsstolar-solskydd-5-stegs-justerbar-ryggstod-morkgra\/","og_site_name":"TRUUSK - Hem, Tr\u00e4dg\u00e5rd &amp; Fritid","article_modified_time":"2026-03-12T08:38:14+00:00","og_image":[{"width":2000,"height":2000,"url":"https:\/\/i0.wp.com\/truusk.se\/wp-content\/uploads\/2026\/02\/2-pack-solstolar-hopfallbara-tradgardsstolar-med-solskydd-5-stegs-justerbar-ryggstod-morkgra-1.webp?fit=2000%2C2000&ssl=1","type":"image\/webp"}],"twitter_card":"summary_large_image","twitter_misc":{"Ber\u00e4knad l\u00e4stid":"1 minut"},"schema":{"@context":"https:\/\/schema.org","@graph":[{"@type":"WebPage","@id":"https:\/\/truusk.store\/sv\/produkt\/truusk-solstolar-2-pack-hopfallbara-tradgardsstolar-solskydd-5-stegs-justerbar-ryggstod-morkgra\/","url":"https:\/\/truusk.store\/sv\/produkt\/truusk-solstolar-2-pack-hopfallbara-tradgardsstolar-solskydd-5-stegs-justerbar-ryggstod-morkgra\/","name":"TRUUSK Solstolar 2-pack - Hopf\u00e4llbara tr\u00e4dg\u00e5rdsstolar - Solskydd - 5-stegs justerbar ryggst\u00f6d - M\u00f6rkgr\u00e5 - TRUUSK - Hem, Tr\u00e4dg\u00e5rd &amp; Fritid","isPartOf":{"@id":"https:\/\/truusk.store\/sv\/#website"},"primaryImageOfPage":{"@id":"https:\/\/truusk.store\/sv\/produkt\/truusk-solstolar-2-pack-hopfallbara-tradgardsstolar-solskydd-5-stegs-justerbar-ryggstod-morkgra\/#primaryimage"},"image":{"@id":"https:\/\/truusk.store\/sv\/produkt\/truusk-solstolar-2-pack-hopfallbara-tradgardsstolar-solskydd-5-stegs-justerbar-ryggstod-morkgra\/#primaryimage"},"thumbnailUrl":"https:\/\/i0.wp.com\/truusk.store\/wp-content\/uploads\/2026\/02\/2-pack-solstolar-hopfallbara-tradgardsstolar-med-solskydd-5-stegs-justerbar-ryggstod-morkgra-1.webp?fit=2000%2C2000&ssl=1","datePublished":"2026-02-09T03:51:43+00:00","dateModified":"2026-03-12T08:38:14+00:00","breadcrumb":{"@id":"https:\/\/truusk.store\/sv\/produkt\/truusk-solstolar-2-pack-hopfallbara-tradgardsstolar-solskydd-5-stegs-justerbar-ryggstod-morkgra\/#breadcrumb"},"inLanguage":"sv-SE","potentialAction":[{"@type":"ReadAction","target":["https:\/\/truusk.store\/sv\/produkt\/truusk-solstolar-2-pack-hopfallbara-tradgardsstolar-solskydd-5-stegs-justerbar-ryggstod-morkgra\/"]}]},{"@type":"ImageObject","inLanguage":"sv-SE","@id":"https:\/\/truusk.store\/sv\/produkt\/truusk-solstolar-2-pack-hopfallbara-tradgardsstolar-solskydd-5-stegs-justerbar-ryggstod-morkgra\/#primaryimage","url":"https:\/\/i0.wp.com\/truusk.store\/wp-content\/uploads\/2026\/02\/2-pack-solstolar-hopfallbara-tradgardsstolar-med-solskydd-5-stegs-justerbar-ryggstod-morkgra-1.webp?fit=2000%2C2000&ssl=1","contentUrl":"https:\/\/i0.wp.com\/truusk.store\/wp-content\/uploads\/2026\/02\/2-pack-solstolar-hopfallbara-tradgardsstolar-med-solskydd-5-stegs-justerbar-ryggstod-morkgra-1.webp?fit=2000%2C2000&ssl=1","width":2000,"height":2000},{"@type":"BreadcrumbList","@id":"https:\/\/truusk.store\/sv\/produkt\/truusk-solstolar-2-pack-hopfallbara-tradgardsstolar-solskydd-5-stegs-justerbar-ryggstod-morkgra\/#breadcrumb","itemListElement":[{"@type":"ListItem","position":1,"name":"Home","item":"https:\/\/truusk.store\/sv\/"},{"@type":"ListItem","position":2,"name":"Shop","item":"https:\/\/truusk.store\/shop\/"},{"@type":"ListItem","position":3,"name":"TRUUSK Solstolar 2-pack &#8211; Hopf\u00e4llbara tr\u00e4dg\u00e5rdsstolar &#8211; Solskydd &#8211; 5-stegs justerbar ryggst\u00f6d &#8211; M\u00f6rkgr\u00e5"}]},{"@type":"WebSite","@id":"https:\/\/truusk.store\/sv\/#website","url":"https:\/\/truusk.store\/sv\/","name":"TRUUSK - Hem, Tr\u00e4dg\u00e5rd & Fritid","description":"","publisher":{"@id":"https:\/\/truusk.store\/sv\/#organization"},"potentialAction":[{"@type":"SearchAction","target":{"@type":"EntryPoint","urlTemplate":"https:\/\/truusk.store\/sv\/?s={search_term_string}"},"query-input":{"@type":"PropertyValueSpecification","valueRequired":true,"valueName":"search_term_string"}}],"inLanguage":"sv-SE"},{"@type":"Organization","@id":"https:\/\/truusk.store\/sv\/#organization","name":"TRUUSK - Hem, Tr\u00e4dg\u00e5rd & Fritid","url":"https:\/\/truusk.store\/sv\/","logo":{"@type":"ImageObject","inLanguage":"sv-SE","@id":"https:\/\/truusk.store\/sv\/#\/schema\/logo\/image\/","url":"https:\/\/i0.wp.com\/truusk.store\/wp-content\/uploads\/2026\/03\/cropped-TRUUSK.png?fit=2032%2C917&ssl=1","contentUrl":"https:\/\/i0.wp.com\/truusk.store\/wp-content\/uploads\/2026\/03\/cropped-TRUUSK.png?fit=2032%2C917&ssl=1","width":2032,"height":917,"caption":"TRUUSK - Hem, Tr\u00e4dg\u00e5rd & Fritid"},"image":{"@id":"https:\/\/truusk.store\/sv\/#\/schema\/logo\/image\/"}}]}},"jetpack_sharing_enabled":true,"_links":{"self":[{"href":"https:\/\/truusk.store\/sv\/wp-json\/wp\/v2\/product\/103768","targetHints":{"allow":["GET"]}}],"collection":[{"href":"https:\/\/truusk.store\/sv\/wp-json\/wp\/v2\/product"}],"about":[{"href":"https:\/\/truusk.store\/sv\/wp-json\/wp\/v2\/types\/product"}],"wp:featuredmedia":[{"embeddable":true,"href":"https:\/\/truusk.store\/sv\/wp-json\/wp\/v2\/media\/103759"}],"wp:attachment":[{"href":"https:\/\/truusk.store\/sv\/wp-json\/wp\/v2\/media?parent=103768"}],"wp:term":[{"taxonomy":"product_brand","embeddable":true,"href":"https:\/\/truusk.store\/sv\/wp-json\/wp\/v2\/product_brand?post=103768"},{"taxonomy":"product_cat","embeddable":true,"href":"https:\/\/truusk.store\/sv\/wp-json\/wp\/v2\/product_cat?post=103768"},{"taxonomy":"product_tag","embeddable":true,"href":"https:\/\/truusk.store\/sv\/wp-json\/wp\/v2\/product_tag?post=103768"}],"curies":[{"name":"wp","href":"https:\/\/api.w.org\/{rel}","templated":true}]}}