{"id":103788,"date":"2026-02-09T04:53:58","date_gmt":"2026-02-09T03:53:58","guid":{"rendered":"https:\/\/truusk.store\/product\/hogbadd-i-stal-planteringsbadd-med-oppen-botten-tidig-badd-tradgardsbadd-240-x-60-x-30-cm-for-tradgard-balkong\/"},"modified":"2026-03-12T09:38:18","modified_gmt":"2026-03-12T08:38:18","slug":"truusk-hogbadd-i-stal-planteringsbadd-med-oppen-botten-tidig-badd-240-x-60-x-30-cm-for-tradgard-och-balkong","status":"publish","type":"product","link":"https:\/\/truusk.store\/sv\/produkt\/truusk-hogbadd-i-stal-planteringsbadd-med-oppen-botten-tidig-badd-240-x-60-x-30-cm-for-tradgard-och-balkong\/","title":{"rendered":"TRUUSK H\u00f6gb\u00e4dd i St\u00e5l &#8211; Planteringsb\u00e4dd med \u00f6ppen botten &#8211; Tidig b\u00e4dd &#8211; 240 x 60 x 30 cm &#8211; F\u00f6r tr\u00e4dg\u00e5rd och balkong"},"content":{"rendered":"<p>Har du olika typer av v\u00e4xter eller blommor som du vill h\u00e5lla organiserade? D\u00e5 \u00e4r [BRAND NAME] h\u00f6gkvarter precis r\u00e4tt f\u00f6r dig. Du kan odla v\u00e4xter, gr\u00f6nsaker, blommor och mycket mer i ett omr\u00e5de av ditt val. F\u00f6r stabilitet \u00e4r det tillverkat av st\u00e5l. Med en storlek p\u00e5 240 x 60 cm erbjuder balkongens h\u00f6gkvarter tillr\u00e4ckligt med utrymme f\u00f6r att v\u00e4xa och \u00e4r helt \u00f6ppen inuti s\u00e5 att r\u00f6tterna har tillr\u00e4ckligt med utrymme.<\/p>\n<p>Beskrivning:<\/p>\n<ul>\n<li> \u00d6ppen botten av balkongens h\u00f6gkvarter f\u00f6r direkt kontakt med marken. Ingen vattenansamling i marken<\/li>\n<li> Pulverlackerade varmgalvaniserade st\u00e5lkarmar inneb\u00e4r robusta strukturer<\/li>\n<li> Flera inre st\u00f6dst\u00e4nger f\u00f6rst\u00e4rker strukturen<\/li>\n<li> Platta toppar: s\u00e4kert att ta emot och b\u00e4ra<\/li>\n<li> 4 skyddsh\u00f6rn av \u00f6rttr\u00e4dg\u00e5rden f\u00f6rhindrar skador genom olyckor<\/li>\n<li> Tr\u00e4kornsoverflaten ger en naturlig k\u00e4nsla<\/li>\n<li> Enkel att montera<\/li>\n<\/ul>\n<p> Tekniska data:<\/p>\n<ul>\n<li> F\u00e4rg: Gr\u00f6n<\/li>\n<li> Material: Galvaniserat st\u00e5l<\/li>\n<li> Totala dimensioner: 240L x 60B x 30H cm<\/li>\n<li> Planteringsomr\u00e5de: 237L x 57B x 30H cm<\/li>\n<\/ul>\n<p>Leveransinneh\u00e5ll:<\/p>\n<ul>\n<li> 1 x h\u00f6gkvarter<\/li>\n<li> 4 x anslutningsf\u00e4lt<\/li>\n<li> 1 x handbok<\/li>\n<\/ul>\n","protected":false},"excerpt":{"rendered":"<p>Har du olika typer av v\u00e4xter eller blommor som du vill h\u00e5lla organiserade? D\u00e5 \u00e4r [BRAND NAME] h\u00f6gkvarter precis r\u00e4tt&#8230;<\/p>\n","protected":false},"featured_media":103771,"template":"","meta":[],"product_brand":[],"product_cat":[924,858,443],"product_tag":[],"class_list":{"0":"post-103788","1":"product","2":"type-product","3":"status-publish","4":"has-post-thumbnail","6":"product_cat-plantkarl","7":"product_cat-tradgard-terrass","8":"product_cat-vaxthus-tradgardsskotsel","10":"first","11":"instock","12":"sale","13":"taxable","14":"shipping-taxable","15":"purchasable","16":"product-type-simple"},"yoast_head":"<!-- This site is optimized with the Yoast SEO plugin v25.4 - https:\/\/yoast.com\/wordpress\/plugins\/seo\/ -->\n<title>TRUUSK H\u00f6gb\u00e4dd i St\u00e5l - Planteringsb\u00e4dd med \u00f6ppen botten - Tidig b\u00e4dd - 240 x 60 x 30 cm - F\u00f6r tr\u00e4dg\u00e5rd och balkong - TRUUSK - Hem, Tr\u00e4dg\u00e5rd &amp; Fritid<\/title>\n<meta name=\"robots\" content=\"index, follow, max-snippet:-1, max-image-preview:large, max-video-preview:-1\" \/>\n<link rel=\"canonical\" href=\"https:\/\/truusk.store\/sv\/produkt\/truusk-hogbadd-i-stal-planteringsbadd-med-oppen-botten-tidig-badd-240-x-60-x-30-cm-for-tradgard-och-balkong\/\" \/>\n<meta property=\"og:locale\" content=\"sv_SE\" \/>\n<meta property=\"og:type\" content=\"article\" \/>\n<meta property=\"og:title\" content=\"TRUUSK H\u00f6gb\u00e4dd i St\u00e5l - Planteringsb\u00e4dd med \u00f6ppen botten - Tidig b\u00e4dd - 240 x 60 x 30 cm - F\u00f6r tr\u00e4dg\u00e5rd och balkong - TRUUSK - Hem, Tr\u00e4dg\u00e5rd &amp; Fritid\" \/>\n<meta property=\"og:description\" content=\"Har du olika typer av v\u00e4xter eller blommor som du vill h\u00e5lla organiserade? D\u00e5 \u00e4r [BRAND NAME] h\u00f6gkvarter precis r\u00e4tt...\" \/>\n<meta property=\"og:url\" content=\"https:\/\/truusk.store\/sv\/produkt\/truusk-hogbadd-i-stal-planteringsbadd-med-oppen-botten-tidig-badd-240-x-60-x-30-cm-for-tradgard-och-balkong\/\" \/>\n<meta property=\"og:site_name\" content=\"TRUUSK - Hem, Tr\u00e4dg\u00e5rd &amp; Fritid\" \/>\n<meta property=\"article:modified_time\" content=\"2026-03-12T08:38:18+00:00\" \/>\n<meta property=\"og:image\" content=\"https:\/\/i0.wp.com\/truusk.se\/wp-content\/uploads\/2026\/02\/hogbadd-i-stal-planteringsbadd-med-oppen-botten-tidig-badd-tradgardsbadd-240-x-60-x-30-cm-for-tradgard-balkong-1.webp?fit=2000%2C2000&ssl=1\" \/>\n\t<meta property=\"og:image:width\" content=\"2000\" \/>\n\t<meta property=\"og:image:height\" content=\"2000\" \/>\n\t<meta property=\"og:image:type\" content=\"image\/webp\" \/>\n<meta name=\"twitter:card\" content=\"summary_large_image\" \/>\n<meta name=\"twitter:label1\" content=\"Ber\u00e4knad l\u00e4stid\" \/>\n\t<meta name=\"twitter:data1\" content=\"1 minut\" \/>\n<!-- \/ Yoast SEO plugin. -->","yoast_head_json":{"title":"TRUUSK H\u00f6gb\u00e4dd i St\u00e5l - Planteringsb\u00e4dd med \u00f6ppen botten - Tidig b\u00e4dd - 240 x 60 x 30 cm - F\u00f6r tr\u00e4dg\u00e5rd och balkong - TRUUSK - Hem, Tr\u00e4dg\u00e5rd &amp; Fritid","robots":{"index":"index","follow":"follow","max-snippet":"max-snippet:-1","max-image-preview":"max-image-preview:large","max-video-preview":"max-video-preview:-1"},"canonical":"https:\/\/truusk.store\/sv\/produkt\/truusk-hogbadd-i-stal-planteringsbadd-med-oppen-botten-tidig-badd-240-x-60-x-30-cm-for-tradgard-och-balkong\/","og_locale":"sv_SE","og_type":"article","og_title":"TRUUSK H\u00f6gb\u00e4dd i St\u00e5l - Planteringsb\u00e4dd med \u00f6ppen botten - Tidig b\u00e4dd - 240 x 60 x 30 cm - F\u00f6r tr\u00e4dg\u00e5rd och balkong - TRUUSK - Hem, Tr\u00e4dg\u00e5rd &amp; Fritid","og_description":"Har du olika typer av v\u00e4xter eller blommor som du vill h\u00e5lla organiserade? D\u00e5 \u00e4r [BRAND NAME] h\u00f6gkvarter precis r\u00e4tt...","og_url":"https:\/\/truusk.store\/sv\/produkt\/truusk-hogbadd-i-stal-planteringsbadd-med-oppen-botten-tidig-badd-240-x-60-x-30-cm-for-tradgard-och-balkong\/","og_site_name":"TRUUSK - Hem, Tr\u00e4dg\u00e5rd &amp; Fritid","article_modified_time":"2026-03-12T08:38:18+00:00","og_image":[{"width":2000,"height":2000,"url":"https:\/\/i0.wp.com\/truusk.se\/wp-content\/uploads\/2026\/02\/hogbadd-i-stal-planteringsbadd-med-oppen-botten-tidig-badd-tradgardsbadd-240-x-60-x-30-cm-for-tradgard-balkong-1.webp?fit=2000%2C2000&ssl=1","type":"image\/webp"}],"twitter_card":"summary_large_image","twitter_misc":{"Ber\u00e4knad l\u00e4stid":"1 minut"},"schema":{"@context":"https:\/\/schema.org","@graph":[{"@type":"WebPage","@id":"https:\/\/truusk.store\/sv\/produkt\/truusk-hogbadd-i-stal-planteringsbadd-med-oppen-botten-tidig-badd-240-x-60-x-30-cm-for-tradgard-och-balkong\/","url":"https:\/\/truusk.store\/sv\/produkt\/truusk-hogbadd-i-stal-planteringsbadd-med-oppen-botten-tidig-badd-240-x-60-x-30-cm-for-tradgard-och-balkong\/","name":"TRUUSK H\u00f6gb\u00e4dd i St\u00e5l - Planteringsb\u00e4dd med \u00f6ppen botten - Tidig b\u00e4dd - 240 x 60 x 30 cm - F\u00f6r tr\u00e4dg\u00e5rd och balkong - TRUUSK - Hem, Tr\u00e4dg\u00e5rd &amp; Fritid","isPartOf":{"@id":"https:\/\/truusk.store\/sv\/#website"},"primaryImageOfPage":{"@id":"https:\/\/truusk.store\/sv\/produkt\/truusk-hogbadd-i-stal-planteringsbadd-med-oppen-botten-tidig-badd-240-x-60-x-30-cm-for-tradgard-och-balkong\/#primaryimage"},"image":{"@id":"https:\/\/truusk.store\/sv\/produkt\/truusk-hogbadd-i-stal-planteringsbadd-med-oppen-botten-tidig-badd-240-x-60-x-30-cm-for-tradgard-och-balkong\/#primaryimage"},"thumbnailUrl":"https:\/\/i0.wp.com\/truusk.store\/wp-content\/uploads\/2026\/02\/hogbadd-i-stal-planteringsbadd-med-oppen-botten-tidig-badd-tradgardsbadd-240-x-60-x-30-cm-for-tradgard-balkong-1.webp?fit=2000%2C2000&ssl=1","datePublished":"2026-02-09T03:53:58+00:00","dateModified":"2026-03-12T08:38:18+00:00","breadcrumb":{"@id":"https:\/\/truusk.store\/sv\/produkt\/truusk-hogbadd-i-stal-planteringsbadd-med-oppen-botten-tidig-badd-240-x-60-x-30-cm-for-tradgard-och-balkong\/#breadcrumb"},"inLanguage":"sv-SE","potentialAction":[{"@type":"ReadAction","target":["https:\/\/truusk.store\/sv\/produkt\/truusk-hogbadd-i-stal-planteringsbadd-med-oppen-botten-tidig-badd-240-x-60-x-30-cm-for-tradgard-och-balkong\/"]}]},{"@type":"ImageObject","inLanguage":"sv-SE","@id":"https:\/\/truusk.store\/sv\/produkt\/truusk-hogbadd-i-stal-planteringsbadd-med-oppen-botten-tidig-badd-240-x-60-x-30-cm-for-tradgard-och-balkong\/#primaryimage","url":"https:\/\/i0.wp.com\/truusk.store\/wp-content\/uploads\/2026\/02\/hogbadd-i-stal-planteringsbadd-med-oppen-botten-tidig-badd-tradgardsbadd-240-x-60-x-30-cm-for-tradgard-balkong-1.webp?fit=2000%2C2000&ssl=1","contentUrl":"https:\/\/i0.wp.com\/truusk.store\/wp-content\/uploads\/2026\/02\/hogbadd-i-stal-planteringsbadd-med-oppen-botten-tidig-badd-tradgardsbadd-240-x-60-x-30-cm-for-tradgard-balkong-1.webp?fit=2000%2C2000&ssl=1","width":2000,"height":2000},{"@type":"BreadcrumbList","@id":"https:\/\/truusk.store\/sv\/produkt\/truusk-hogbadd-i-stal-planteringsbadd-med-oppen-botten-tidig-badd-240-x-60-x-30-cm-for-tradgard-och-balkong\/#breadcrumb","itemListElement":[{"@type":"ListItem","position":1,"name":"Home","item":"https:\/\/truusk.store\/sv\/"},{"@type":"ListItem","position":2,"name":"Shop","item":"https:\/\/truusk.store\/shop\/"},{"@type":"ListItem","position":3,"name":"TRUUSK H\u00f6gb\u00e4dd i St\u00e5l &#8211; Planteringsb\u00e4dd med \u00f6ppen botten &#8211; Tidig b\u00e4dd &#8211; 240 x 60 x 30 cm &#8211; F\u00f6r tr\u00e4dg\u00e5rd och balkong"}]},{"@type":"WebSite","@id":"https:\/\/truusk.store\/sv\/#website","url":"https:\/\/truusk.store\/sv\/","name":"TRUUSK - Hem, Tr\u00e4dg\u00e5rd & Fritid","description":"","publisher":{"@id":"https:\/\/truusk.store\/sv\/#organization"},"potentialAction":[{"@type":"SearchAction","target":{"@type":"EntryPoint","urlTemplate":"https:\/\/truusk.store\/sv\/?s={search_term_string}"},"query-input":{"@type":"PropertyValueSpecification","valueRequired":true,"valueName":"search_term_string"}}],"inLanguage":"sv-SE"},{"@type":"Organization","@id":"https:\/\/truusk.store\/sv\/#organization","name":"TRUUSK - Hem, Tr\u00e4dg\u00e5rd & Fritid","url":"https:\/\/truusk.store\/sv\/","logo":{"@type":"ImageObject","inLanguage":"sv-SE","@id":"https:\/\/truusk.store\/sv\/#\/schema\/logo\/image\/","url":"https:\/\/i0.wp.com\/truusk.store\/wp-content\/uploads\/2026\/03\/cropped-TRUUSK.png?fit=2032%2C917&ssl=1","contentUrl":"https:\/\/i0.wp.com\/truusk.store\/wp-content\/uploads\/2026\/03\/cropped-TRUUSK.png?fit=2032%2C917&ssl=1","width":2032,"height":917,"caption":"TRUUSK - Hem, Tr\u00e4dg\u00e5rd & Fritid"},"image":{"@id":"https:\/\/truusk.store\/sv\/#\/schema\/logo\/image\/"}}]}},"jetpack_sharing_enabled":true,"_links":{"self":[{"href":"https:\/\/truusk.store\/sv\/wp-json\/wp\/v2\/product\/103788","targetHints":{"allow":["GET"]}}],"collection":[{"href":"https:\/\/truusk.store\/sv\/wp-json\/wp\/v2\/product"}],"about":[{"href":"https:\/\/truusk.store\/sv\/wp-json\/wp\/v2\/types\/product"}],"wp:featuredmedia":[{"embeddable":true,"href":"https:\/\/truusk.store\/sv\/wp-json\/wp\/v2\/media\/103771"}],"wp:attachment":[{"href":"https:\/\/truusk.store\/sv\/wp-json\/wp\/v2\/media?parent=103788"}],"wp:term":[{"taxonomy":"product_brand","embeddable":true,"href":"https:\/\/truusk.store\/sv\/wp-json\/wp\/v2\/product_brand?post=103788"},{"taxonomy":"product_cat","embeddable":true,"href":"https:\/\/truusk.store\/sv\/wp-json\/wp\/v2\/product_cat?post=103788"},{"taxonomy":"product_tag","embeddable":true,"href":"https:\/\/truusk.store\/sv\/wp-json\/wp\/v2\/product_tag?post=103788"}],"curies":[{"name":"wp","href":"https:\/\/api.w.org\/{rel}","templated":true}]}}