{"id":103808,"date":"2026-02-09T04:55:59","date_gmt":"2026-02-09T03:55:59","guid":{"rendered":"https:\/\/truusk.store\/product\/2-pack-sidovaggar-for-paviljong-3x3-3x6-vattentata-sidodelar-med-fonster-morkgron\/"},"modified":"2026-03-12T09:38:40","modified_gmt":"2026-03-12T08:38:40","slug":"truusk-2-pack-vattentata-sidovaggar-for-paviljong-3x3-3x6-med-fonster-morkgron","status":"publish","type":"product","link":"https:\/\/truusk.store\/sv\/produkt\/truusk-2-pack-vattentata-sidovaggar-for-paviljong-3x3-3x6-med-fonster-morkgron\/","title":{"rendered":"TRUUSK 2-pack Vattent\u00e4ta Sidov\u00e4ggar f\u00f6r Paviljong 3&#215;3\/3&#215;6 &#8211; Med F\u00f6nster &#8211; M\u00f6rkgr\u00f6n"},"content":{"rendered":"<p>Har du en tr\u00e4dg\u00e5rdspaviljong utan sidov\u00e4ggar? Eller vill du byta ut dina paviljongv\u00e4ggar? [BRAND NAME] paviljong sidov\u00e4ggssats \u00e4r perfekt f\u00f6r dig! M\u00e5tt: 293&#215;193 cm, passar f\u00f6r 3&#215;3 m eller 6&#215;3 m paviljonger. Tillverkad av vattent\u00e4tt, solljusbest\u00e4ndigt PE, perfekt f\u00f6r mer privatliv vid tr\u00e4dg\u00e5rdsfester, f\u00f6retagsevenemang eller middagar. Dekorativa f\u00f6nster ger ett behagligt ljusinsl\u00e4pp.<\/p>\n<p>Beskrivning:<\/p>\n<ul>\n<li> Passar f\u00f6r 3 x 3 m och 3 x 6 m paviljongramar<\/li>\n<li> F\u00f6nstren p\u00e5 paviljongens sidov\u00e4ggar sl\u00e4pper in mycket ljus<\/li>\n<li> PE-plast: h\u00e5llbar och l\u00e4mplig f\u00f6r utomhusbruk<\/li>\n<li> Tv\u00e5 stycken per f\u00f6rpackning<\/li>\n<li> Kardborreband f\u00f6r enkel installation.<\/li>\n<\/ul>\n<p>Tekniska data:<\/p>\n<ul>\n<li> F\u00e4rg: M\u00f6rkgr\u00f6n<\/li>\n<li> Material: PE<\/li>\n<li> Enskilda panelm\u00e5tt: 293B x 193H cm<\/li>\n<li> F\u00f6nsterstorlek: 180L x 100B cm<\/li>\n<li> Designad f\u00f6r ett 3&#215;3(m) eller 3x6m paviljongt\u00e4lt<\/li>\n<\/ul>\n<p>Leveransinneh\u00e5ll:<\/p>\n<ul>\n<li> 2 x sidov\u00e4ggar;<\/li>\n<\/ul>\n","protected":false},"excerpt":{"rendered":"<p>Har du en tr\u00e4dg\u00e5rdspaviljong utan sidov\u00e4ggar? Eller vill du byta ut dina paviljongv\u00e4ggar? [BRAND NAME] paviljong sidov\u00e4ggssats \u00e4r perfekt f\u00f6r&#8230;<\/p>\n","protected":false},"featured_media":103793,"template":"","meta":[],"product_brand":[],"product_cat":[1060,858,476],"product_tag":[],"class_list":{"0":"post-103808","1":"product","2":"type-product","3":"status-publish","4":"has-post-thumbnail","6":"product_cat-tillbehor-for-paviljonger","7":"product_cat-tradgard-terrass","8":"product_cat-tradgardspaviljonger","10":"first","11":"instock","12":"sale","13":"taxable","14":"shipping-taxable","15":"purchasable","16":"product-type-simple"},"yoast_head":"<!-- This site is optimized with the Yoast SEO plugin v25.4 - https:\/\/yoast.com\/wordpress\/plugins\/seo\/ -->\n<title>TRUUSK 2-pack Vattent\u00e4ta Sidov\u00e4ggar f\u00f6r Paviljong 3x3\/3x6 - Med F\u00f6nster - M\u00f6rkgr\u00f6n - TRUUSK - Hem, Tr\u00e4dg\u00e5rd &amp; Fritid<\/title>\n<meta name=\"robots\" content=\"index, follow, max-snippet:-1, max-image-preview:large, max-video-preview:-1\" \/>\n<link rel=\"canonical\" href=\"https:\/\/truusk.store\/sv\/produkt\/truusk-2-pack-vattentata-sidovaggar-for-paviljong-3x3-3x6-med-fonster-morkgron\/\" \/>\n<meta property=\"og:locale\" content=\"sv_SE\" \/>\n<meta property=\"og:type\" content=\"article\" \/>\n<meta property=\"og:title\" content=\"TRUUSK 2-pack Vattent\u00e4ta Sidov\u00e4ggar f\u00f6r Paviljong 3x3\/3x6 - Med F\u00f6nster - M\u00f6rkgr\u00f6n - TRUUSK - Hem, Tr\u00e4dg\u00e5rd &amp; Fritid\" \/>\n<meta property=\"og:description\" content=\"Har du en tr\u00e4dg\u00e5rdspaviljong utan sidov\u00e4ggar? Eller vill du byta ut dina paviljongv\u00e4ggar? [BRAND NAME] paviljong sidov\u00e4ggssats \u00e4r perfekt f\u00f6r...\" \/>\n<meta property=\"og:url\" content=\"https:\/\/truusk.store\/sv\/produkt\/truusk-2-pack-vattentata-sidovaggar-for-paviljong-3x3-3x6-med-fonster-morkgron\/\" \/>\n<meta property=\"og:site_name\" content=\"TRUUSK - Hem, Tr\u00e4dg\u00e5rd &amp; Fritid\" \/>\n<meta property=\"article:modified_time\" content=\"2026-03-12T08:38:40+00:00\" \/>\n<meta property=\"og:image\" content=\"https:\/\/i0.wp.com\/truusk.se\/wp-content\/uploads\/2026\/02\/2-pack-sidovaggar-for-paviljong-3x3-3x6-vattentata-sidodelar-med-fonster-morkgron-1.webp?fit=2000%2C2000&ssl=1\" \/>\n\t<meta property=\"og:image:width\" content=\"2000\" \/>\n\t<meta property=\"og:image:height\" content=\"2000\" \/>\n\t<meta property=\"og:image:type\" content=\"image\/webp\" \/>\n<meta name=\"twitter:card\" content=\"summary_large_image\" \/>\n<meta name=\"twitter:label1\" content=\"Ber\u00e4knad l\u00e4stid\" \/>\n\t<meta name=\"twitter:data1\" content=\"1 minut\" \/>\n<!-- \/ Yoast SEO plugin. -->","yoast_head_json":{"title":"TRUUSK 2-pack Vattent\u00e4ta Sidov\u00e4ggar f\u00f6r Paviljong 3x3\/3x6 - Med F\u00f6nster - M\u00f6rkgr\u00f6n - TRUUSK - Hem, Tr\u00e4dg\u00e5rd &amp; Fritid","robots":{"index":"index","follow":"follow","max-snippet":"max-snippet:-1","max-image-preview":"max-image-preview:large","max-video-preview":"max-video-preview:-1"},"canonical":"https:\/\/truusk.store\/sv\/produkt\/truusk-2-pack-vattentata-sidovaggar-for-paviljong-3x3-3x6-med-fonster-morkgron\/","og_locale":"sv_SE","og_type":"article","og_title":"TRUUSK 2-pack Vattent\u00e4ta Sidov\u00e4ggar f\u00f6r Paviljong 3x3\/3x6 - Med F\u00f6nster - M\u00f6rkgr\u00f6n - TRUUSK - Hem, Tr\u00e4dg\u00e5rd &amp; Fritid","og_description":"Har du en tr\u00e4dg\u00e5rdspaviljong utan sidov\u00e4ggar? Eller vill du byta ut dina paviljongv\u00e4ggar? [BRAND NAME] paviljong sidov\u00e4ggssats \u00e4r perfekt f\u00f6r...","og_url":"https:\/\/truusk.store\/sv\/produkt\/truusk-2-pack-vattentata-sidovaggar-for-paviljong-3x3-3x6-med-fonster-morkgron\/","og_site_name":"TRUUSK - Hem, Tr\u00e4dg\u00e5rd &amp; Fritid","article_modified_time":"2026-03-12T08:38:40+00:00","og_image":[{"width":2000,"height":2000,"url":"https:\/\/i0.wp.com\/truusk.se\/wp-content\/uploads\/2026\/02\/2-pack-sidovaggar-for-paviljong-3x3-3x6-vattentata-sidodelar-med-fonster-morkgron-1.webp?fit=2000%2C2000&ssl=1","type":"image\/webp"}],"twitter_card":"summary_large_image","twitter_misc":{"Ber\u00e4knad l\u00e4stid":"1 minut"},"schema":{"@context":"https:\/\/schema.org","@graph":[{"@type":"WebPage","@id":"https:\/\/truusk.store\/sv\/produkt\/truusk-2-pack-vattentata-sidovaggar-for-paviljong-3x3-3x6-med-fonster-morkgron\/","url":"https:\/\/truusk.store\/sv\/produkt\/truusk-2-pack-vattentata-sidovaggar-for-paviljong-3x3-3x6-med-fonster-morkgron\/","name":"TRUUSK 2-pack Vattent\u00e4ta Sidov\u00e4ggar f\u00f6r Paviljong 3x3\/3x6 - Med F\u00f6nster - M\u00f6rkgr\u00f6n - TRUUSK - Hem, Tr\u00e4dg\u00e5rd &amp; Fritid","isPartOf":{"@id":"https:\/\/truusk.store\/sv\/#website"},"primaryImageOfPage":{"@id":"https:\/\/truusk.store\/sv\/produkt\/truusk-2-pack-vattentata-sidovaggar-for-paviljong-3x3-3x6-med-fonster-morkgron\/#primaryimage"},"image":{"@id":"https:\/\/truusk.store\/sv\/produkt\/truusk-2-pack-vattentata-sidovaggar-for-paviljong-3x3-3x6-med-fonster-morkgron\/#primaryimage"},"thumbnailUrl":"https:\/\/i0.wp.com\/truusk.store\/wp-content\/uploads\/2026\/02\/2-pack-sidovaggar-for-paviljong-3x3-3x6-vattentata-sidodelar-med-fonster-morkgron-1.webp?fit=2000%2C2000&ssl=1","datePublished":"2026-02-09T03:55:59+00:00","dateModified":"2026-03-12T08:38:40+00:00","breadcrumb":{"@id":"https:\/\/truusk.store\/sv\/produkt\/truusk-2-pack-vattentata-sidovaggar-for-paviljong-3x3-3x6-med-fonster-morkgron\/#breadcrumb"},"inLanguage":"sv-SE","potentialAction":[{"@type":"ReadAction","target":["https:\/\/truusk.store\/sv\/produkt\/truusk-2-pack-vattentata-sidovaggar-for-paviljong-3x3-3x6-med-fonster-morkgron\/"]}]},{"@type":"ImageObject","inLanguage":"sv-SE","@id":"https:\/\/truusk.store\/sv\/produkt\/truusk-2-pack-vattentata-sidovaggar-for-paviljong-3x3-3x6-med-fonster-morkgron\/#primaryimage","url":"https:\/\/i0.wp.com\/truusk.store\/wp-content\/uploads\/2026\/02\/2-pack-sidovaggar-for-paviljong-3x3-3x6-vattentata-sidodelar-med-fonster-morkgron-1.webp?fit=2000%2C2000&ssl=1","contentUrl":"https:\/\/i0.wp.com\/truusk.store\/wp-content\/uploads\/2026\/02\/2-pack-sidovaggar-for-paviljong-3x3-3x6-vattentata-sidodelar-med-fonster-morkgron-1.webp?fit=2000%2C2000&ssl=1","width":2000,"height":2000},{"@type":"BreadcrumbList","@id":"https:\/\/truusk.store\/sv\/produkt\/truusk-2-pack-vattentata-sidovaggar-for-paviljong-3x3-3x6-med-fonster-morkgron\/#breadcrumb","itemListElement":[{"@type":"ListItem","position":1,"name":"Home","item":"https:\/\/truusk.store\/sv\/"},{"@type":"ListItem","position":2,"name":"Shop","item":"https:\/\/truusk.store\/shop\/"},{"@type":"ListItem","position":3,"name":"TRUUSK 2-pack Vattent\u00e4ta Sidov\u00e4ggar f\u00f6r Paviljong 3&#215;3\/3&#215;6 &#8211; Med F\u00f6nster &#8211; M\u00f6rkgr\u00f6n"}]},{"@type":"WebSite","@id":"https:\/\/truusk.store\/sv\/#website","url":"https:\/\/truusk.store\/sv\/","name":"TRUUSK - Hem, Tr\u00e4dg\u00e5rd & Fritid","description":"","publisher":{"@id":"https:\/\/truusk.store\/sv\/#organization"},"potentialAction":[{"@type":"SearchAction","target":{"@type":"EntryPoint","urlTemplate":"https:\/\/truusk.store\/sv\/?s={search_term_string}"},"query-input":{"@type":"PropertyValueSpecification","valueRequired":true,"valueName":"search_term_string"}}],"inLanguage":"sv-SE"},{"@type":"Organization","@id":"https:\/\/truusk.store\/sv\/#organization","name":"TRUUSK - Hem, Tr\u00e4dg\u00e5rd & Fritid","url":"https:\/\/truusk.store\/sv\/","logo":{"@type":"ImageObject","inLanguage":"sv-SE","@id":"https:\/\/truusk.store\/sv\/#\/schema\/logo\/image\/","url":"https:\/\/i0.wp.com\/truusk.store\/wp-content\/uploads\/2026\/03\/cropped-TRUUSK.png?fit=2032%2C917&ssl=1","contentUrl":"https:\/\/i0.wp.com\/truusk.store\/wp-content\/uploads\/2026\/03\/cropped-TRUUSK.png?fit=2032%2C917&ssl=1","width":2032,"height":917,"caption":"TRUUSK - Hem, Tr\u00e4dg\u00e5rd & Fritid"},"image":{"@id":"https:\/\/truusk.store\/sv\/#\/schema\/logo\/image\/"}}]}},"jetpack_sharing_enabled":true,"_links":{"self":[{"href":"https:\/\/truusk.store\/sv\/wp-json\/wp\/v2\/product\/103808","targetHints":{"allow":["GET"]}}],"collection":[{"href":"https:\/\/truusk.store\/sv\/wp-json\/wp\/v2\/product"}],"about":[{"href":"https:\/\/truusk.store\/sv\/wp-json\/wp\/v2\/types\/product"}],"wp:featuredmedia":[{"embeddable":true,"href":"https:\/\/truusk.store\/sv\/wp-json\/wp\/v2\/media\/103793"}],"wp:attachment":[{"href":"https:\/\/truusk.store\/sv\/wp-json\/wp\/v2\/media?parent=103808"}],"wp:term":[{"taxonomy":"product_brand","embeddable":true,"href":"https:\/\/truusk.store\/sv\/wp-json\/wp\/v2\/product_brand?post=103808"},{"taxonomy":"product_cat","embeddable":true,"href":"https:\/\/truusk.store\/sv\/wp-json\/wp\/v2\/product_cat?post=103808"},{"taxonomy":"product_tag","embeddable":true,"href":"https:\/\/truusk.store\/sv\/wp-json\/wp\/v2\/product_tag?post=103808"}],"curies":[{"name":"wp","href":"https:\/\/api.w.org\/{rel}","templated":true}]}}