{"id":103821,"date":"2026-02-09T04:59:06","date_gmt":"2026-02-09T03:59:06","guid":{"rendered":"https:\/\/truusk.store\/product\/vagg-spegel-50-x-70-cm-ram-i-trautseende-enkel-montering-inkl-skruvar\/"},"modified":"2026-03-12T09:40:32","modified_gmt":"2026-03-12T08:40:32","slug":"truusk-vagg-spegel-50-x-70-cm-ram-i-trautseende-enkel-montering-inkl-skruvar","status":"publish","type":"product","link":"https:\/\/truusk.store\/sv\/produkt\/truusk-vagg-spegel-50-x-70-cm-ram-i-trautseende-enkel-montering-inkl-skruvar\/","title":{"rendered":"TRUUSK V\u00e4gg Spegel &#8211; 50 x 70 cm &#8211; Ram i tr\u00e4utseende &#8211; Enkel montering &#8211; Inkl. skruvar"},"content":{"rendered":"<p>V\u00e5r rektangul\u00e4ra [BRAND NAME] v\u00e4ggspegel tillf\u00f6r elegans och charm till dina utrymmen. Med sina gener\u00f6sa dimensioner p\u00e5 50 x 70 cm och den moderna MDF-ramen \u00e4r denna rektangul\u00e4ra spegel den perfekta komplementet till ditt vardagsrum, sovrum eller entr\u00e9omr\u00e5de. Den reflekterar inte bara ljus, utan ocks\u00e5 din personlighet och skapar en inbjudande atmosf\u00e4r. S\u00e4tt accenter i din inredning och njut av den tidl\u00f6sa estetiken.<\/p>\n<p>Beskrivning:<\/p>\n<ul>\n<li> Denna v\u00e4ggspegel ger en dekorativ accent till ditt hem och lyser upp ditt interi\u00f6r<\/li>\n<li> Ram och f\u00e4ste f\u00f6r hallens spegel \u00e4r gjorda av MDF f\u00f6r l\u00e5ngvarig anv\u00e4ndning<\/li>\n<li> Tv\u00e5 monteringsalternativ: v\u00e4ggmontering eller upph\u00e4ngning<\/li>\n<li> Utrustad med 4 krokar p\u00e5 baksidan f\u00f6r enkel montering p\u00e5 v\u00e4ggen, b\u00e5de horisontellt och vertikalt<\/li>\n<li> Idealisk f\u00f6r korridorer, badrum, vardagsrum eller sovrum &#8211; en subtil, elegant och tidl\u00f6s till\u00e4gg som passar till alla inredningsstilar<\/li>\n<\/ul>\n<p> Tekniska data:<\/p>\n<ul>\n<li> F\u00e4rg: Vit<\/li>\n<li> Material: MDF, Glas<\/li>\n<li> Totala dimensioner: 50L x 70H cm<\/li>\n<li> Speglens djup: 20 mm<\/li>\n<li> Glasets tjocklek: 2 mm<\/li>\n<\/ul>\n<p>Leveransinneh\u00e5ll:<\/p>\n<ul>\n<li> 1 x V\u00e4ggspegel<\/li>\n<li> 1 x Skruvset<\/li>\n<li> 1 x Handbok<\/li>\n<\/ul>\n","protected":false},"excerpt":{"rendered":"<p>V\u00e5r rektangul\u00e4ra [BRAND NAME] v\u00e4ggspegel tillf\u00f6r elegans och charm till dina utrymmen. Med sina gener\u00f6sa dimensioner p\u00e5 50 x 70&#8230;<\/p>\n","protected":false},"featured_media":103809,"template":"","meta":[],"product_brand":[],"product_cat":[962,871,721],"product_tag":[],"class_list":{"0":"post-103821","1":"product","2":"type-product","3":"status-publish","4":"has-post-thumbnail","6":"product_cat-dekoration","7":"product_cat-hus-hem","8":"product_cat-spegel","10":"first","11":"instock","12":"sale","13":"taxable","14":"shipping-taxable","15":"purchasable","16":"product-type-simple"},"yoast_head":"<!-- This site is optimized with the Yoast SEO plugin v25.4 - https:\/\/yoast.com\/wordpress\/plugins\/seo\/ -->\n<title>TRUUSK V\u00e4gg Spegel - 50 x 70 cm - Ram i tr\u00e4utseende - Enkel montering - Inkl. skruvar - TRUUSK - Hem, Tr\u00e4dg\u00e5rd &amp; Fritid<\/title>\n<meta name=\"robots\" content=\"index, follow, max-snippet:-1, max-image-preview:large, max-video-preview:-1\" \/>\n<link rel=\"canonical\" href=\"https:\/\/truusk.store\/sv\/produkt\/truusk-vagg-spegel-50-x-70-cm-ram-i-trautseende-enkel-montering-inkl-skruvar\/\" \/>\n<meta property=\"og:locale\" content=\"sv_SE\" \/>\n<meta property=\"og:type\" content=\"article\" \/>\n<meta property=\"og:title\" content=\"TRUUSK V\u00e4gg Spegel - 50 x 70 cm - Ram i tr\u00e4utseende - Enkel montering - Inkl. skruvar - TRUUSK - Hem, Tr\u00e4dg\u00e5rd &amp; Fritid\" \/>\n<meta property=\"og:description\" content=\"V\u00e5r rektangul\u00e4ra [BRAND NAME] v\u00e4ggspegel tillf\u00f6r elegans och charm till dina utrymmen. Med sina gener\u00f6sa dimensioner p\u00e5 50 x 70...\" \/>\n<meta property=\"og:url\" content=\"https:\/\/truusk.store\/sv\/produkt\/truusk-vagg-spegel-50-x-70-cm-ram-i-trautseende-enkel-montering-inkl-skruvar\/\" \/>\n<meta property=\"og:site_name\" content=\"TRUUSK - Hem, Tr\u00e4dg\u00e5rd &amp; Fritid\" \/>\n<meta property=\"article:modified_time\" content=\"2026-03-12T08:40:32+00:00\" \/>\n<meta property=\"og:image\" content=\"https:\/\/i0.wp.com\/truusk.se\/wp-content\/uploads\/2026\/02\/vagg-spegel-50-x-70-cm-ram-i-trautseende-enkel-montering-inkl-skruvar-1.webp?fit=2000%2C2000&ssl=1\" \/>\n\t<meta property=\"og:image:width\" content=\"2000\" \/>\n\t<meta property=\"og:image:height\" content=\"2000\" \/>\n\t<meta property=\"og:image:type\" content=\"image\/webp\" \/>\n<meta name=\"twitter:card\" content=\"summary_large_image\" \/>\n<meta name=\"twitter:label1\" content=\"Ber\u00e4knad l\u00e4stid\" \/>\n\t<meta name=\"twitter:data1\" content=\"1 minut\" \/>\n<!-- \/ Yoast SEO plugin. -->","yoast_head_json":{"title":"TRUUSK V\u00e4gg Spegel - 50 x 70 cm - Ram i tr\u00e4utseende - Enkel montering - Inkl. skruvar - TRUUSK - Hem, Tr\u00e4dg\u00e5rd &amp; Fritid","robots":{"index":"index","follow":"follow","max-snippet":"max-snippet:-1","max-image-preview":"max-image-preview:large","max-video-preview":"max-video-preview:-1"},"canonical":"https:\/\/truusk.store\/sv\/produkt\/truusk-vagg-spegel-50-x-70-cm-ram-i-trautseende-enkel-montering-inkl-skruvar\/","og_locale":"sv_SE","og_type":"article","og_title":"TRUUSK V\u00e4gg Spegel - 50 x 70 cm - Ram i tr\u00e4utseende - Enkel montering - Inkl. skruvar - TRUUSK - Hem, Tr\u00e4dg\u00e5rd &amp; Fritid","og_description":"V\u00e5r rektangul\u00e4ra [BRAND NAME] v\u00e4ggspegel tillf\u00f6r elegans och charm till dina utrymmen. Med sina gener\u00f6sa dimensioner p\u00e5 50 x 70...","og_url":"https:\/\/truusk.store\/sv\/produkt\/truusk-vagg-spegel-50-x-70-cm-ram-i-trautseende-enkel-montering-inkl-skruvar\/","og_site_name":"TRUUSK - Hem, Tr\u00e4dg\u00e5rd &amp; Fritid","article_modified_time":"2026-03-12T08:40:32+00:00","og_image":[{"width":2000,"height":2000,"url":"https:\/\/i0.wp.com\/truusk.se\/wp-content\/uploads\/2026\/02\/vagg-spegel-50-x-70-cm-ram-i-trautseende-enkel-montering-inkl-skruvar-1.webp?fit=2000%2C2000&ssl=1","type":"image\/webp"}],"twitter_card":"summary_large_image","twitter_misc":{"Ber\u00e4knad l\u00e4stid":"1 minut"},"schema":{"@context":"https:\/\/schema.org","@graph":[{"@type":"WebPage","@id":"https:\/\/truusk.store\/sv\/produkt\/truusk-vagg-spegel-50-x-70-cm-ram-i-trautseende-enkel-montering-inkl-skruvar\/","url":"https:\/\/truusk.store\/sv\/produkt\/truusk-vagg-spegel-50-x-70-cm-ram-i-trautseende-enkel-montering-inkl-skruvar\/","name":"TRUUSK V\u00e4gg Spegel - 50 x 70 cm - Ram i tr\u00e4utseende - Enkel montering - Inkl. skruvar - TRUUSK - Hem, Tr\u00e4dg\u00e5rd &amp; Fritid","isPartOf":{"@id":"https:\/\/truusk.store\/sv\/#website"},"primaryImageOfPage":{"@id":"https:\/\/truusk.store\/sv\/produkt\/truusk-vagg-spegel-50-x-70-cm-ram-i-trautseende-enkel-montering-inkl-skruvar\/#primaryimage"},"image":{"@id":"https:\/\/truusk.store\/sv\/produkt\/truusk-vagg-spegel-50-x-70-cm-ram-i-trautseende-enkel-montering-inkl-skruvar\/#primaryimage"},"thumbnailUrl":"https:\/\/i0.wp.com\/truusk.store\/wp-content\/uploads\/2026\/02\/vagg-spegel-50-x-70-cm-ram-i-trautseende-enkel-montering-inkl-skruvar-1.webp?fit=2000%2C2000&ssl=1","datePublished":"2026-02-09T03:59:06+00:00","dateModified":"2026-03-12T08:40:32+00:00","breadcrumb":{"@id":"https:\/\/truusk.store\/sv\/produkt\/truusk-vagg-spegel-50-x-70-cm-ram-i-trautseende-enkel-montering-inkl-skruvar\/#breadcrumb"},"inLanguage":"sv-SE","potentialAction":[{"@type":"ReadAction","target":["https:\/\/truusk.store\/sv\/produkt\/truusk-vagg-spegel-50-x-70-cm-ram-i-trautseende-enkel-montering-inkl-skruvar\/"]}]},{"@type":"ImageObject","inLanguage":"sv-SE","@id":"https:\/\/truusk.store\/sv\/produkt\/truusk-vagg-spegel-50-x-70-cm-ram-i-trautseende-enkel-montering-inkl-skruvar\/#primaryimage","url":"https:\/\/i0.wp.com\/truusk.store\/wp-content\/uploads\/2026\/02\/vagg-spegel-50-x-70-cm-ram-i-trautseende-enkel-montering-inkl-skruvar-1.webp?fit=2000%2C2000&ssl=1","contentUrl":"https:\/\/i0.wp.com\/truusk.store\/wp-content\/uploads\/2026\/02\/vagg-spegel-50-x-70-cm-ram-i-trautseende-enkel-montering-inkl-skruvar-1.webp?fit=2000%2C2000&ssl=1","width":2000,"height":2000},{"@type":"BreadcrumbList","@id":"https:\/\/truusk.store\/sv\/produkt\/truusk-vagg-spegel-50-x-70-cm-ram-i-trautseende-enkel-montering-inkl-skruvar\/#breadcrumb","itemListElement":[{"@type":"ListItem","position":1,"name":"Home","item":"https:\/\/truusk.store\/sv\/"},{"@type":"ListItem","position":2,"name":"Shop","item":"https:\/\/truusk.store\/shop\/"},{"@type":"ListItem","position":3,"name":"TRUUSK V\u00e4gg Spegel &#8211; 50 x 70 cm &#8211; Ram i tr\u00e4utseende &#8211; Enkel montering &#8211; Inkl. skruvar"}]},{"@type":"WebSite","@id":"https:\/\/truusk.store\/sv\/#website","url":"https:\/\/truusk.store\/sv\/","name":"TRUUSK - Hem, Tr\u00e4dg\u00e5rd & Fritid","description":"","publisher":{"@id":"https:\/\/truusk.store\/sv\/#organization"},"potentialAction":[{"@type":"SearchAction","target":{"@type":"EntryPoint","urlTemplate":"https:\/\/truusk.store\/sv\/?s={search_term_string}"},"query-input":{"@type":"PropertyValueSpecification","valueRequired":true,"valueName":"search_term_string"}}],"inLanguage":"sv-SE"},{"@type":"Organization","@id":"https:\/\/truusk.store\/sv\/#organization","name":"TRUUSK - Hem, Tr\u00e4dg\u00e5rd & Fritid","url":"https:\/\/truusk.store\/sv\/","logo":{"@type":"ImageObject","inLanguage":"sv-SE","@id":"https:\/\/truusk.store\/sv\/#\/schema\/logo\/image\/","url":"https:\/\/i0.wp.com\/truusk.store\/wp-content\/uploads\/2026\/03\/cropped-TRUUSK.png?fit=2032%2C917&ssl=1","contentUrl":"https:\/\/i0.wp.com\/truusk.store\/wp-content\/uploads\/2026\/03\/cropped-TRUUSK.png?fit=2032%2C917&ssl=1","width":2032,"height":917,"caption":"TRUUSK - Hem, Tr\u00e4dg\u00e5rd & Fritid"},"image":{"@id":"https:\/\/truusk.store\/sv\/#\/schema\/logo\/image\/"}}]}},"jetpack_sharing_enabled":true,"_links":{"self":[{"href":"https:\/\/truusk.store\/sv\/wp-json\/wp\/v2\/product\/103821","targetHints":{"allow":["GET"]}}],"collection":[{"href":"https:\/\/truusk.store\/sv\/wp-json\/wp\/v2\/product"}],"about":[{"href":"https:\/\/truusk.store\/sv\/wp-json\/wp\/v2\/types\/product"}],"wp:featuredmedia":[{"embeddable":true,"href":"https:\/\/truusk.store\/sv\/wp-json\/wp\/v2\/media\/103809"}],"wp:attachment":[{"href":"https:\/\/truusk.store\/sv\/wp-json\/wp\/v2\/media?parent=103821"}],"wp:term":[{"taxonomy":"product_brand","embeddable":true,"href":"https:\/\/truusk.store\/sv\/wp-json\/wp\/v2\/product_brand?post=103821"},{"taxonomy":"product_cat","embeddable":true,"href":"https:\/\/truusk.store\/sv\/wp-json\/wp\/v2\/product_cat?post=103821"},{"taxonomy":"product_tag","embeddable":true,"href":"https:\/\/truusk.store\/sv\/wp-json\/wp\/v2\/product_tag?post=103821"}],"curies":[{"name":"wp","href":"https:\/\/api.w.org\/{rel}","templated":true}]}}