{"id":103848,"date":"2026-02-09T05:06:39","date_gmt":"2026-02-09T04:06:39","guid":{"rendered":"https:\/\/truusk.store\/product\/hogbadd-med-klatterstod-3-stegs-blomlada-med-nonwoven-grantra-brun-95-x-95-x-110-cm\/"},"modified":"2026-03-12T09:45:27","modified_gmt":"2026-03-12T08:45:27","slug":"truusk-kattbadd-med-klatterstod-3-stegs-blomlada-nonwoven-grantra-brun-95-x-95-x-110-cm","status":"publish","type":"product","link":"https:\/\/truusk.store\/sv\/produkt\/truusk-kattbadd-med-klatterstod-3-stegs-blomlada-nonwoven-grantra-brun-95-x-95-x-110-cm\/","title":{"rendered":"TRUUSK Kattb\u00e4dd med kl\u00e4tterst\u00f6d &#8211; 3-stegs bloml\u00e5da &#8211; Nonwoven grantr\u00e4 &#8211; Brun &#8211; 95 x 95 x 110 cm"},"content":{"rendered":"<p>Det \u00e4r dags att f\u00f6rvandla tr\u00e4dg\u00e5rdsarbete till tr\u00e4dg\u00e5rdsn\u00f6je! Med denna bloml\u00e5da med kl\u00e4tterst\u00f6d fr\u00e5n [BRAND NAME] kan du separera v\u00e4xter efter jordtyp eller sort och p\u00e5 s\u00e5 s\u00e4tt skapa en stilfull och praktisk tr\u00e4dg\u00e5rdsdekoration. En smart planteringsl\u00e5da med kl\u00e4tterst\u00f6d som du snabbt kan fylla med dina favoritblommor, \u00f6rter, b\u00e4r och gr\u00f6nsaker. Den ger ditt favoritgr\u00f6nt det extra skydd det beh\u00f6ver och kombinerar form och funktion.<\/p>\n<p>Beskrivning:<\/p>\n<ul>\n<li> St\u00f6d f\u00f6r kl\u00e4tterv\u00e4xter<\/li>\n<li> Tre olika djupa planteringsomr\u00e5den i \u00f6rttr\u00e4dg\u00e5rden f\u00f6r olika v\u00e4xtarter<\/li>\n<li> Robust naturtr\u00e4ram av gran<\/li>\n<li> Med skyddande bel\u00e4ggning f\u00f6r utomhusbruk<\/li>\n<li> Nonwoven av h\u00f6gkvalitativt material gynnar r\u00f6tter och jord<\/li>\n<li> Gott om planteringsyta f\u00f6r olika v\u00e4xter<\/li>\n<li> Montering kr\u00e4vs<\/li>\n<\/ul>\n<p> Tekniska data:<\/p>\n<ul>\n<li> F\u00e4rg: Naturtr\u00e4<\/li>\n<li> Material: Gran<\/li>\n<li> Totala dimensioner: 95L x 95B x 110H cm<\/li>\n<li> Inre dimensioner planteringsl\u00e5da: (Fr\u00e5n topp till botten) 82B x 24T x 9H cm, 82B x 53T x 9H cm, 82B x 82T x 18H cm<\/li>\n<li> Yta kl\u00e4tterst\u00f6d: 82B x 95H cm<\/li>\n<\/ul>\n<p>Leveransinneh\u00e5ll:<\/p>\n<ul>\n<li> 1 x h\u00f6gkvalitativt blomsterst\u00f6d<\/li>\n<li> 1 x handbok<\/li>\n<\/ul>\n","protected":false},"excerpt":{"rendered":"<p>Det \u00e4r dags att f\u00f6rvandla tr\u00e4dg\u00e5rdsarbete till tr\u00e4dg\u00e5rdsn\u00f6je! Med denna bloml\u00e5da med kl\u00e4tterst\u00f6d fr\u00e5n [BRAND NAME] kan du separera v\u00e4xter&#8230;<\/p>\n","protected":false},"featured_media":103839,"template":"","meta":[],"product_brand":[],"product_cat":[924,858,443],"product_tag":[],"class_list":{"0":"post-103848","1":"product","2":"type-product","3":"status-publish","4":"has-post-thumbnail","6":"product_cat-plantkarl","7":"product_cat-tradgard-terrass","8":"product_cat-vaxthus-tradgardsskotsel","10":"first","11":"instock","12":"sale","13":"taxable","14":"shipping-taxable","15":"purchasable","16":"product-type-simple"},"yoast_head":"<!-- This site is optimized with the Yoast SEO plugin v25.4 - https:\/\/yoast.com\/wordpress\/plugins\/seo\/ -->\n<title>TRUUSK Kattb\u00e4dd med kl\u00e4tterst\u00f6d - 3-stegs bloml\u00e5da - Nonwoven grantr\u00e4 - Brun - 95 x 95 x 110 cm - TRUUSK - Hem, Tr\u00e4dg\u00e5rd &amp; Fritid<\/title>\n<meta name=\"robots\" content=\"index, follow, max-snippet:-1, max-image-preview:large, max-video-preview:-1\" \/>\n<link rel=\"canonical\" href=\"https:\/\/truusk.store\/sv\/produkt\/truusk-kattbadd-med-klatterstod-3-stegs-blomlada-nonwoven-grantra-brun-95-x-95-x-110-cm\/\" \/>\n<meta property=\"og:locale\" content=\"sv_SE\" \/>\n<meta property=\"og:type\" content=\"article\" \/>\n<meta property=\"og:title\" content=\"TRUUSK Kattb\u00e4dd med kl\u00e4tterst\u00f6d - 3-stegs bloml\u00e5da - Nonwoven grantr\u00e4 - Brun - 95 x 95 x 110 cm - TRUUSK - Hem, Tr\u00e4dg\u00e5rd &amp; Fritid\" \/>\n<meta property=\"og:description\" content=\"Det \u00e4r dags att f\u00f6rvandla tr\u00e4dg\u00e5rdsarbete till tr\u00e4dg\u00e5rdsn\u00f6je! Med denna bloml\u00e5da med kl\u00e4tterst\u00f6d fr\u00e5n [BRAND NAME] kan du separera v\u00e4xter...\" \/>\n<meta property=\"og:url\" content=\"https:\/\/truusk.store\/sv\/produkt\/truusk-kattbadd-med-klatterstod-3-stegs-blomlada-nonwoven-grantra-brun-95-x-95-x-110-cm\/\" \/>\n<meta property=\"og:site_name\" content=\"TRUUSK - Hem, Tr\u00e4dg\u00e5rd &amp; Fritid\" \/>\n<meta property=\"article:modified_time\" content=\"2026-03-12T08:45:27+00:00\" \/>\n<meta property=\"og:image\" content=\"https:\/\/i0.wp.com\/truusk.se\/wp-content\/uploads\/2026\/02\/hogbadd-med-klatterstod-3-stegs-blomlada-med-nonwoven-grantra-brun-95-x-95-x-110-cm-1.webp?fit=2000%2C2000&ssl=1\" \/>\n\t<meta property=\"og:image:width\" content=\"2000\" \/>\n\t<meta property=\"og:image:height\" content=\"2000\" \/>\n\t<meta property=\"og:image:type\" content=\"image\/webp\" \/>\n<meta name=\"twitter:card\" content=\"summary_large_image\" \/>\n<meta name=\"twitter:label1\" content=\"Ber\u00e4knad l\u00e4stid\" \/>\n\t<meta name=\"twitter:data1\" content=\"1 minut\" \/>\n<!-- \/ Yoast SEO plugin. -->","yoast_head_json":{"title":"TRUUSK Kattb\u00e4dd med kl\u00e4tterst\u00f6d - 3-stegs bloml\u00e5da - Nonwoven grantr\u00e4 - Brun - 95 x 95 x 110 cm - TRUUSK - Hem, Tr\u00e4dg\u00e5rd &amp; Fritid","robots":{"index":"index","follow":"follow","max-snippet":"max-snippet:-1","max-image-preview":"max-image-preview:large","max-video-preview":"max-video-preview:-1"},"canonical":"https:\/\/truusk.store\/sv\/produkt\/truusk-kattbadd-med-klatterstod-3-stegs-blomlada-nonwoven-grantra-brun-95-x-95-x-110-cm\/","og_locale":"sv_SE","og_type":"article","og_title":"TRUUSK Kattb\u00e4dd med kl\u00e4tterst\u00f6d - 3-stegs bloml\u00e5da - Nonwoven grantr\u00e4 - Brun - 95 x 95 x 110 cm - TRUUSK - Hem, Tr\u00e4dg\u00e5rd &amp; Fritid","og_description":"Det \u00e4r dags att f\u00f6rvandla tr\u00e4dg\u00e5rdsarbete till tr\u00e4dg\u00e5rdsn\u00f6je! Med denna bloml\u00e5da med kl\u00e4tterst\u00f6d fr\u00e5n [BRAND NAME] kan du separera v\u00e4xter...","og_url":"https:\/\/truusk.store\/sv\/produkt\/truusk-kattbadd-med-klatterstod-3-stegs-blomlada-nonwoven-grantra-brun-95-x-95-x-110-cm\/","og_site_name":"TRUUSK - Hem, Tr\u00e4dg\u00e5rd &amp; Fritid","article_modified_time":"2026-03-12T08:45:27+00:00","og_image":[{"width":2000,"height":2000,"url":"https:\/\/i0.wp.com\/truusk.se\/wp-content\/uploads\/2026\/02\/hogbadd-med-klatterstod-3-stegs-blomlada-med-nonwoven-grantra-brun-95-x-95-x-110-cm-1.webp?fit=2000%2C2000&ssl=1","type":"image\/webp"}],"twitter_card":"summary_large_image","twitter_misc":{"Ber\u00e4knad l\u00e4stid":"1 minut"},"schema":{"@context":"https:\/\/schema.org","@graph":[{"@type":"WebPage","@id":"https:\/\/truusk.store\/sv\/produkt\/truusk-kattbadd-med-klatterstod-3-stegs-blomlada-nonwoven-grantra-brun-95-x-95-x-110-cm\/","url":"https:\/\/truusk.store\/sv\/produkt\/truusk-kattbadd-med-klatterstod-3-stegs-blomlada-nonwoven-grantra-brun-95-x-95-x-110-cm\/","name":"TRUUSK Kattb\u00e4dd med kl\u00e4tterst\u00f6d - 3-stegs bloml\u00e5da - Nonwoven grantr\u00e4 - Brun - 95 x 95 x 110 cm - TRUUSK - Hem, Tr\u00e4dg\u00e5rd &amp; Fritid","isPartOf":{"@id":"https:\/\/truusk.store\/sv\/#website"},"primaryImageOfPage":{"@id":"https:\/\/truusk.store\/sv\/produkt\/truusk-kattbadd-med-klatterstod-3-stegs-blomlada-nonwoven-grantra-brun-95-x-95-x-110-cm\/#primaryimage"},"image":{"@id":"https:\/\/truusk.store\/sv\/produkt\/truusk-kattbadd-med-klatterstod-3-stegs-blomlada-nonwoven-grantra-brun-95-x-95-x-110-cm\/#primaryimage"},"thumbnailUrl":"https:\/\/i0.wp.com\/truusk.store\/wp-content\/uploads\/2026\/02\/hogbadd-med-klatterstod-3-stegs-blomlada-med-nonwoven-grantra-brun-95-x-95-x-110-cm-1.webp?fit=2000%2C2000&ssl=1","datePublished":"2026-02-09T04:06:39+00:00","dateModified":"2026-03-12T08:45:27+00:00","breadcrumb":{"@id":"https:\/\/truusk.store\/sv\/produkt\/truusk-kattbadd-med-klatterstod-3-stegs-blomlada-nonwoven-grantra-brun-95-x-95-x-110-cm\/#breadcrumb"},"inLanguage":"sv-SE","potentialAction":[{"@type":"ReadAction","target":["https:\/\/truusk.store\/sv\/produkt\/truusk-kattbadd-med-klatterstod-3-stegs-blomlada-nonwoven-grantra-brun-95-x-95-x-110-cm\/"]}]},{"@type":"ImageObject","inLanguage":"sv-SE","@id":"https:\/\/truusk.store\/sv\/produkt\/truusk-kattbadd-med-klatterstod-3-stegs-blomlada-nonwoven-grantra-brun-95-x-95-x-110-cm\/#primaryimage","url":"https:\/\/i0.wp.com\/truusk.store\/wp-content\/uploads\/2026\/02\/hogbadd-med-klatterstod-3-stegs-blomlada-med-nonwoven-grantra-brun-95-x-95-x-110-cm-1.webp?fit=2000%2C2000&ssl=1","contentUrl":"https:\/\/i0.wp.com\/truusk.store\/wp-content\/uploads\/2026\/02\/hogbadd-med-klatterstod-3-stegs-blomlada-med-nonwoven-grantra-brun-95-x-95-x-110-cm-1.webp?fit=2000%2C2000&ssl=1","width":2000,"height":2000},{"@type":"BreadcrumbList","@id":"https:\/\/truusk.store\/sv\/produkt\/truusk-kattbadd-med-klatterstod-3-stegs-blomlada-nonwoven-grantra-brun-95-x-95-x-110-cm\/#breadcrumb","itemListElement":[{"@type":"ListItem","position":1,"name":"Home","item":"https:\/\/truusk.store\/sv\/"},{"@type":"ListItem","position":2,"name":"Shop","item":"https:\/\/truusk.store\/shop\/"},{"@type":"ListItem","position":3,"name":"TRUUSK Kattb\u00e4dd med kl\u00e4tterst\u00f6d &#8211; 3-stegs bloml\u00e5da &#8211; Nonwoven grantr\u00e4 &#8211; Brun &#8211; 95 x 95 x 110 cm"}]},{"@type":"WebSite","@id":"https:\/\/truusk.store\/sv\/#website","url":"https:\/\/truusk.store\/sv\/","name":"TRUUSK - Hem, Tr\u00e4dg\u00e5rd & Fritid","description":"","publisher":{"@id":"https:\/\/truusk.store\/sv\/#organization"},"potentialAction":[{"@type":"SearchAction","target":{"@type":"EntryPoint","urlTemplate":"https:\/\/truusk.store\/sv\/?s={search_term_string}"},"query-input":{"@type":"PropertyValueSpecification","valueRequired":true,"valueName":"search_term_string"}}],"inLanguage":"sv-SE"},{"@type":"Organization","@id":"https:\/\/truusk.store\/sv\/#organization","name":"TRUUSK - Hem, Tr\u00e4dg\u00e5rd & Fritid","url":"https:\/\/truusk.store\/sv\/","logo":{"@type":"ImageObject","inLanguage":"sv-SE","@id":"https:\/\/truusk.store\/sv\/#\/schema\/logo\/image\/","url":"https:\/\/i0.wp.com\/truusk.store\/wp-content\/uploads\/2026\/03\/cropped-TRUUSK.png?fit=2032%2C917&ssl=1","contentUrl":"https:\/\/i0.wp.com\/truusk.store\/wp-content\/uploads\/2026\/03\/cropped-TRUUSK.png?fit=2032%2C917&ssl=1","width":2032,"height":917,"caption":"TRUUSK - Hem, Tr\u00e4dg\u00e5rd & Fritid"},"image":{"@id":"https:\/\/truusk.store\/sv\/#\/schema\/logo\/image\/"}}]}},"jetpack_sharing_enabled":true,"_links":{"self":[{"href":"https:\/\/truusk.store\/sv\/wp-json\/wp\/v2\/product\/103848","targetHints":{"allow":["GET"]}}],"collection":[{"href":"https:\/\/truusk.store\/sv\/wp-json\/wp\/v2\/product"}],"about":[{"href":"https:\/\/truusk.store\/sv\/wp-json\/wp\/v2\/types\/product"}],"wp:featuredmedia":[{"embeddable":true,"href":"https:\/\/truusk.store\/sv\/wp-json\/wp\/v2\/media\/103839"}],"wp:attachment":[{"href":"https:\/\/truusk.store\/sv\/wp-json\/wp\/v2\/media?parent=103848"}],"wp:term":[{"taxonomy":"product_brand","embeddable":true,"href":"https:\/\/truusk.store\/sv\/wp-json\/wp\/v2\/product_brand?post=103848"},{"taxonomy":"product_cat","embeddable":true,"href":"https:\/\/truusk.store\/sv\/wp-json\/wp\/v2\/product_cat?post=103848"},{"taxonomy":"product_tag","embeddable":true,"href":"https:\/\/truusk.store\/sv\/wp-json\/wp\/v2\/product_tag?post=103848"}],"curies":[{"name":"wp","href":"https:\/\/api.w.org\/{rel}","templated":true}]}}