{"id":103899,"date":"2026-02-09T05:14:03","date_gmt":"2026-02-09T04:14:03","guid":{"rendered":"https:\/\/truusk.store\/product\/bistro-set-3-delat-vadertaligt-tradgardsmobelset-med-glasbord-stapelbara-tradgardsstolar-svart\/"},"modified":"2026-03-12T08:40:59","modified_gmt":"2026-03-12T07:40:59","slug":"truusk-3-delat-vadertaligt-bistro-set-glasbord-stapelbara-tradgardsstolar-svart","status":"publish","type":"product","link":"https:\/\/truusk.store\/sv\/produkt\/truusk-3-delat-vadertaligt-bistro-set-glasbord-stapelbara-tradgardsstolar-svart\/","title":{"rendered":"TRUUSK 3-delat V\u00e4dert\u00e5ligt Bistro-set &#8211; Glasbord &#8211; Stapelbara Tr\u00e4dg\u00e5rdsstolar &#8211; Svart"},"content":{"rendered":"<p>F\u00f6rsk\u00f6na din utomhusomr\u00e5de med [BRAND NAME] balkongm\u00f6belset &#8211; ett charmigt caf\u00e9- eller stilfullt lounge-tillskott f\u00f6r kompakta utrymmen. Balkongm\u00f6belsetet inneh\u00e5ller tv\u00e5 stapelbara stolar och ett runt glasbord. Robusta, pulverlackerade st\u00e5lstommar, andningsbart n\u00e4ttyg, lutande h\u00f6g rygg och b\u00f6jda armst\u00f6d g\u00f6r det till det perfekta valet f\u00f6r samtal, avkoppling och solnedg\u00e5ngar.<\/p>\n<p>Beskrivning:<\/p>\n<ul>\n<li> Kompakt balkongm\u00f6belset med tv\u00e5 stolar och ett runt bord<\/li>\n<li> Stapelbar design sparar utrymme n\u00e4r den inte anv\u00e4nds<\/li>\n<li> St\u00e5lstomme med pulverlackering f\u00f6r h\u00e5llbarhet<\/li>\n<li> Andningsbart n\u00e4ttyg f\u00f6r sval, luftig sittkomfort<\/li>\n<li> B\u00f6jda armst\u00f6d och h\u00f6g, lutande ryggst\u00f6d f\u00f6r avkopplande sittning<\/li>\n<li> Bord med h\u00e4rdat glasplatta och v\u00e5gm\u00f6nster, stilfullt och l\u00e4tt att reng\u00f6ra<\/li>\n<li> Skyddsf\u00f6tter f\u00f6rhindrar skador p\u00e5 golvet<\/li>\n<li> Montering kr\u00e4vs<\/li>\n<\/ul>\n<p> Tekniska data:<\/p>\n<ul>\n<li> F\u00e4rg: Svart<\/li>\n<li> Material: Metall, h\u00e4rdat glas, Textilene (100 % polyester)<\/li>\n<li> Stolens dimensioner: 54B x 71D x 93H cm<\/li>\n<li> Bordets dimensioner: \u00d860 x 71H cm<\/li>\n<li> Sits: 44,5B x 45D cm<\/li>\n<li> Sitth\u00f6jd: 43 cm (utan kudde)<\/li>\n<li> Ryggst\u00f6dets storlek: 44,5 B x 58 H cm<\/li>\n<li> B\u00e4rkapacitet: 120 kg (stol), 50 kg (bord)<\/li>\n<\/ul>\n<p>Leveransinneh\u00e5ll:<\/p>\n<ul>\n<li> 1 x Bord<\/li>\n<li> 2 x Stolar<\/li>\n<li> 1 x Instruktioner<\/li>\n<\/ul>\n","protected":false},"excerpt":{"rendered":"<p>F\u00f6rsk\u00f6na din utomhusomr\u00e5de med [BRAND NAME] balkongm\u00f6belset &#8211; ett charmigt caf\u00e9- eller stilfullt lounge-tillskott f\u00f6r kompakta utrymmen. Balkongm\u00f6belsetet inneh\u00e5ller tv\u00e5&#8230;<\/p>\n","protected":false},"featured_media":103887,"template":"","meta":[],"product_brand":[],"product_cat":[858,450,456],"product_tag":[],"class_list":{"0":"post-103899","1":"product","2":"type-product","3":"status-publish","4":"has-post-thumbnail","6":"product_cat-tradgard-terrass","7":"product_cat-tradgardsmobler","8":"product_cat-tradgardsmobler-set","10":"first","11":"instock","12":"sale","13":"taxable","14":"shipping-taxable","15":"purchasable","16":"product-type-simple"},"yoast_head":"<!-- This site is optimized with the Yoast SEO plugin v25.4 - https:\/\/yoast.com\/wordpress\/plugins\/seo\/ -->\n<title>TRUUSK 3-delat V\u00e4dert\u00e5ligt Bistro-set - Glasbord - Stapelbara Tr\u00e4dg\u00e5rdsstolar - Svart - TRUUSK - Hem, Tr\u00e4dg\u00e5rd &amp; Fritid<\/title>\n<meta name=\"robots\" content=\"index, follow, max-snippet:-1, max-image-preview:large, max-video-preview:-1\" \/>\n<link rel=\"canonical\" href=\"https:\/\/truusk.store\/sv\/produkt\/truusk-3-delat-vadertaligt-bistro-set-glasbord-stapelbara-tradgardsstolar-svart\/\" \/>\n<meta property=\"og:locale\" content=\"sv_SE\" \/>\n<meta property=\"og:type\" content=\"article\" \/>\n<meta property=\"og:title\" content=\"TRUUSK 3-delat V\u00e4dert\u00e5ligt Bistro-set - Glasbord - Stapelbara Tr\u00e4dg\u00e5rdsstolar - Svart - TRUUSK - Hem, Tr\u00e4dg\u00e5rd &amp; Fritid\" \/>\n<meta property=\"og:description\" content=\"F\u00f6rsk\u00f6na din utomhusomr\u00e5de med [BRAND NAME] balkongm\u00f6belset &#8211; ett charmigt caf\u00e9- eller stilfullt lounge-tillskott f\u00f6r kompakta utrymmen. Balkongm\u00f6belsetet inneh\u00e5ller tv\u00e5...\" \/>\n<meta property=\"og:url\" content=\"https:\/\/truusk.store\/sv\/produkt\/truusk-3-delat-vadertaligt-bistro-set-glasbord-stapelbara-tradgardsstolar-svart\/\" \/>\n<meta property=\"og:site_name\" content=\"TRUUSK - Hem, Tr\u00e4dg\u00e5rd &amp; Fritid\" \/>\n<meta property=\"article:modified_time\" content=\"2026-03-12T07:40:59+00:00\" \/>\n<meta property=\"og:image\" content=\"https:\/\/i0.wp.com\/truusk.se\/wp-content\/uploads\/2026\/02\/bistro-set-3-delat-vadertaligt-tradgardsmobelset-med-glasbord-stapelbara-tradgardsstolar-svart-1.webp?fit=2000%2C2000&ssl=1\" \/>\n\t<meta property=\"og:image:width\" content=\"2000\" \/>\n\t<meta property=\"og:image:height\" content=\"2000\" \/>\n\t<meta property=\"og:image:type\" content=\"image\/webp\" \/>\n<meta name=\"twitter:card\" content=\"summary_large_image\" \/>\n<meta name=\"twitter:label1\" content=\"Ber\u00e4knad l\u00e4stid\" \/>\n\t<meta name=\"twitter:data1\" content=\"1 minut\" \/>\n<!-- \/ Yoast SEO plugin. -->","yoast_head_json":{"title":"TRUUSK 3-delat V\u00e4dert\u00e5ligt Bistro-set - Glasbord - Stapelbara Tr\u00e4dg\u00e5rdsstolar - Svart - TRUUSK - Hem, Tr\u00e4dg\u00e5rd &amp; Fritid","robots":{"index":"index","follow":"follow","max-snippet":"max-snippet:-1","max-image-preview":"max-image-preview:large","max-video-preview":"max-video-preview:-1"},"canonical":"https:\/\/truusk.store\/sv\/produkt\/truusk-3-delat-vadertaligt-bistro-set-glasbord-stapelbara-tradgardsstolar-svart\/","og_locale":"sv_SE","og_type":"article","og_title":"TRUUSK 3-delat V\u00e4dert\u00e5ligt Bistro-set - Glasbord - Stapelbara Tr\u00e4dg\u00e5rdsstolar - Svart - TRUUSK - Hem, Tr\u00e4dg\u00e5rd &amp; Fritid","og_description":"F\u00f6rsk\u00f6na din utomhusomr\u00e5de med [BRAND NAME] balkongm\u00f6belset &#8211; ett charmigt caf\u00e9- eller stilfullt lounge-tillskott f\u00f6r kompakta utrymmen. Balkongm\u00f6belsetet inneh\u00e5ller tv\u00e5...","og_url":"https:\/\/truusk.store\/sv\/produkt\/truusk-3-delat-vadertaligt-bistro-set-glasbord-stapelbara-tradgardsstolar-svart\/","og_site_name":"TRUUSK - Hem, Tr\u00e4dg\u00e5rd &amp; Fritid","article_modified_time":"2026-03-12T07:40:59+00:00","og_image":[{"width":2000,"height":2000,"url":"https:\/\/i0.wp.com\/truusk.se\/wp-content\/uploads\/2026\/02\/bistro-set-3-delat-vadertaligt-tradgardsmobelset-med-glasbord-stapelbara-tradgardsstolar-svart-1.webp?fit=2000%2C2000&ssl=1","type":"image\/webp"}],"twitter_card":"summary_large_image","twitter_misc":{"Ber\u00e4knad l\u00e4stid":"1 minut"},"schema":{"@context":"https:\/\/schema.org","@graph":[{"@type":"WebPage","@id":"https:\/\/truusk.store\/sv\/produkt\/truusk-3-delat-vadertaligt-bistro-set-glasbord-stapelbara-tradgardsstolar-svart\/","url":"https:\/\/truusk.store\/sv\/produkt\/truusk-3-delat-vadertaligt-bistro-set-glasbord-stapelbara-tradgardsstolar-svart\/","name":"TRUUSK 3-delat V\u00e4dert\u00e5ligt Bistro-set - Glasbord - Stapelbara Tr\u00e4dg\u00e5rdsstolar - Svart - TRUUSK - Hem, Tr\u00e4dg\u00e5rd &amp; Fritid","isPartOf":{"@id":"https:\/\/truusk.store\/sv\/#website"},"primaryImageOfPage":{"@id":"https:\/\/truusk.store\/sv\/produkt\/truusk-3-delat-vadertaligt-bistro-set-glasbord-stapelbara-tradgardsstolar-svart\/#primaryimage"},"image":{"@id":"https:\/\/truusk.store\/sv\/produkt\/truusk-3-delat-vadertaligt-bistro-set-glasbord-stapelbara-tradgardsstolar-svart\/#primaryimage"},"thumbnailUrl":"https:\/\/i0.wp.com\/truusk.store\/wp-content\/uploads\/2026\/02\/bistro-set-3-delat-vadertaligt-tradgardsmobelset-med-glasbord-stapelbara-tradgardsstolar-svart-1.webp?fit=2000%2C2000&ssl=1","datePublished":"2026-02-09T04:14:03+00:00","dateModified":"2026-03-12T07:40:59+00:00","breadcrumb":{"@id":"https:\/\/truusk.store\/sv\/produkt\/truusk-3-delat-vadertaligt-bistro-set-glasbord-stapelbara-tradgardsstolar-svart\/#breadcrumb"},"inLanguage":"sv-SE","potentialAction":[{"@type":"ReadAction","target":["https:\/\/truusk.store\/sv\/produkt\/truusk-3-delat-vadertaligt-bistro-set-glasbord-stapelbara-tradgardsstolar-svart\/"]}]},{"@type":"ImageObject","inLanguage":"sv-SE","@id":"https:\/\/truusk.store\/sv\/produkt\/truusk-3-delat-vadertaligt-bistro-set-glasbord-stapelbara-tradgardsstolar-svart\/#primaryimage","url":"https:\/\/i0.wp.com\/truusk.store\/wp-content\/uploads\/2026\/02\/bistro-set-3-delat-vadertaligt-tradgardsmobelset-med-glasbord-stapelbara-tradgardsstolar-svart-1.webp?fit=2000%2C2000&ssl=1","contentUrl":"https:\/\/i0.wp.com\/truusk.store\/wp-content\/uploads\/2026\/02\/bistro-set-3-delat-vadertaligt-tradgardsmobelset-med-glasbord-stapelbara-tradgardsstolar-svart-1.webp?fit=2000%2C2000&ssl=1","width":2000,"height":2000},{"@type":"BreadcrumbList","@id":"https:\/\/truusk.store\/sv\/produkt\/truusk-3-delat-vadertaligt-bistro-set-glasbord-stapelbara-tradgardsstolar-svart\/#breadcrumb","itemListElement":[{"@type":"ListItem","position":1,"name":"Home","item":"https:\/\/truusk.store\/sv\/"},{"@type":"ListItem","position":2,"name":"Shop","item":"https:\/\/truusk.store\/shop\/"},{"@type":"ListItem","position":3,"name":"TRUUSK 3-delat V\u00e4dert\u00e5ligt Bistro-set &#8211; Glasbord &#8211; Stapelbara Tr\u00e4dg\u00e5rdsstolar &#8211; Svart"}]},{"@type":"WebSite","@id":"https:\/\/truusk.store\/sv\/#website","url":"https:\/\/truusk.store\/sv\/","name":"TRUUSK - Hem, Tr\u00e4dg\u00e5rd & Fritid","description":"","publisher":{"@id":"https:\/\/truusk.store\/sv\/#organization"},"potentialAction":[{"@type":"SearchAction","target":{"@type":"EntryPoint","urlTemplate":"https:\/\/truusk.store\/sv\/?s={search_term_string}"},"query-input":{"@type":"PropertyValueSpecification","valueRequired":true,"valueName":"search_term_string"}}],"inLanguage":"sv-SE"},{"@type":"Organization","@id":"https:\/\/truusk.store\/sv\/#organization","name":"TRUUSK - Hem, Tr\u00e4dg\u00e5rd & Fritid","url":"https:\/\/truusk.store\/sv\/","logo":{"@type":"ImageObject","inLanguage":"sv-SE","@id":"https:\/\/truusk.store\/sv\/#\/schema\/logo\/image\/","url":"https:\/\/i0.wp.com\/truusk.store\/wp-content\/uploads\/2026\/03\/cropped-TRUUSK.png?fit=2032%2C917&ssl=1","contentUrl":"https:\/\/i0.wp.com\/truusk.store\/wp-content\/uploads\/2026\/03\/cropped-TRUUSK.png?fit=2032%2C917&ssl=1","width":2032,"height":917,"caption":"TRUUSK - Hem, Tr\u00e4dg\u00e5rd & Fritid"},"image":{"@id":"https:\/\/truusk.store\/sv\/#\/schema\/logo\/image\/"}}]}},"jetpack_sharing_enabled":true,"_links":{"self":[{"href":"https:\/\/truusk.store\/sv\/wp-json\/wp\/v2\/product\/103899","targetHints":{"allow":["GET"]}}],"collection":[{"href":"https:\/\/truusk.store\/sv\/wp-json\/wp\/v2\/product"}],"about":[{"href":"https:\/\/truusk.store\/sv\/wp-json\/wp\/v2\/types\/product"}],"wp:featuredmedia":[{"embeddable":true,"href":"https:\/\/truusk.store\/sv\/wp-json\/wp\/v2\/media\/103887"}],"wp:attachment":[{"href":"https:\/\/truusk.store\/sv\/wp-json\/wp\/v2\/media?parent=103899"}],"wp:term":[{"taxonomy":"product_brand","embeddable":true,"href":"https:\/\/truusk.store\/sv\/wp-json\/wp\/v2\/product_brand?post=103899"},{"taxonomy":"product_cat","embeddable":true,"href":"https:\/\/truusk.store\/sv\/wp-json\/wp\/v2\/product_cat?post=103899"},{"taxonomy":"product_tag","embeddable":true,"href":"https:\/\/truusk.store\/sv\/wp-json\/wp\/v2\/product_tag?post=103899"}],"curies":[{"name":"wp","href":"https:\/\/api.w.org\/{rel}","templated":true}]}}