{"id":103935,"date":"2026-02-09T05:20:36","date_gmt":"2026-02-09T04:20:36","guid":{"rendered":"https:\/\/truusk.store\/product\/solstol-tradgardsstol-med-sidobord-i-tralook-solstol-med-5-faldigt-justerbart-ryggstod-ljusgra\/"},"modified":"2026-03-12T08:43:08","modified_gmt":"2026-03-12T07:43:08","slug":"truusk-tradgardsstol-med-sidobord-i-tralook-5-faldigt-justerbart-ryggstod-ljusgra-2","status":"publish","type":"product","link":"https:\/\/truusk.store\/sv\/produkt\/truusk-tradgardsstol-med-sidobord-i-tralook-5-faldigt-justerbart-ryggstod-ljusgra-2\/","title":{"rendered":"TRUUSK Tr\u00e4dg\u00e5rdsstol Med Sidobord I Tr\u00e4look &#8211; 5-faldigt Justerbart Ryggst\u00f6d &#8211; Ljusgr\u00e5"},"content":{"rendered":"<p>Upplev ultimat komfort med [BRAND NAME] v\u00e4derbest\u00e4ndiga tr\u00e4dg\u00e5rdss\u00e4ngset, perfekt f\u00f6r ren avkoppling! V\u00e4lj din perfekta h\u00f6jd fr\u00e5n 32 cm till 88 cm med 5 justerbara lutningsniv\u00e5er p\u00e5 balkongloungen. Ergonomiska armst\u00f6d och ett f\u00e4llbart sidobord \u00f6kar din komfort. Denna v\u00e4derbest\u00e4ndiga, tr\u00e4liknande plastsaunalounge \u00e4r den perfekta partnern f\u00f6r avkopplande timmar i tr\u00e4dg\u00e5rden eller vid solbad.<\/p>\n<p>Beskrivning:<\/p>\n<ul>\n<li> Fem justeringsm\u00f6jligheter f\u00f6r saunaloungen f\u00f6r ryggst\u00f6dets h\u00f6jd<\/li>\n<li> Ergonomiska armst\u00f6d p\u00e5 sols\u00e4ngen ger bekv\u00e4mt st\u00f6d f\u00f6r dina armar<\/li>\n<li> F\u00e4llbart sidobord p\u00e5 sols\u00e4ngen h\u00e5ller snacks och drycker inom r\u00e4ckh\u00e5ll<\/li>\n<li> Vattent\u00e4t polypropenkonstruktion motst\u00e5r yttre p\u00e5verkan<\/li>\n<li> Yta i tr\u00e4utseende f\u00f6rb\u00e4ttrar din utomhusdekoration<\/li>\n<li> Montering kr\u00e4vs<\/li>\n<\/ul>\n<p> Tekniska data:<\/p>\n<ul>\n<li> F\u00e4rg: Ljusgr\u00e5<\/li>\n<li> Material: Plast<\/li>\n<li> Totala dimensioner: 79L x 158B x 88H cm<\/li>\n<li> Liggyta: 79B x 188T x 29H cm<\/li>\n<li> Sidobordsdimensioner: 39B x 18T cm<\/li>\n<li> Bordsh\u00f6jd fr\u00e5n marken: 41 cm<\/li>\n<li> Sittm\u00e5tt: 62B x 120T cm<\/li>\n<li> Sitth\u00f6jd (utan kudde): 29 cm<\/li>\n<li> Ryggm\u00e5tt: 67L x 62B cm<\/li>\n<li> Ryggst\u00f6dsh\u00f6jd fr\u00e5n marken: 32\/45\/62\/76\/88 cm<\/li>\n<li> Armst\u00f6dsdimensioner: 8B x 63T cm<\/li>\n<li> Armst\u00f6dsh\u00f6jd fr\u00e5n marken: 45 cm<\/li>\n<li> Belastningskapacitet: 120 kg<\/li>\n<\/ul>\n<p>Leveransinneh\u00e5ll:<\/p>\n<ul>\n<li> 1 x Utomhuslounge stol<\/li>\n<li> 1 x Bruksanvisning<\/li>\n<\/ul>\n","protected":false},"excerpt":{"rendered":"<p>Upplev ultimat komfort med [BRAND NAME] v\u00e4derbest\u00e4ndiga tr\u00e4dg\u00e5rdss\u00e4ngset, perfekt f\u00f6r ren avkoppling! V\u00e4lj din perfekta h\u00f6jd fr\u00e5n 32 cm till&#8230;<\/p>\n","protected":false},"featured_media":103926,"template":"","meta":[],"product_brand":[],"product_cat":[451,858,450],"product_tag":[],"class_list":{"0":"post-103935","1":"product","2":"type-product","3":"status-publish","4":"has-post-thumbnail","6":"product_cat-solstolar","7":"product_cat-tradgard-terrass","8":"product_cat-tradgardsmobler","10":"first","11":"instock","12":"sale","13":"taxable","14":"shipping-taxable","15":"purchasable","16":"product-type-simple"},"yoast_head":"<!-- This site is optimized with the Yoast SEO plugin v25.4 - https:\/\/yoast.com\/wordpress\/plugins\/seo\/ -->\n<title>TRUUSK Tr\u00e4dg\u00e5rdsstol Med Sidobord I Tr\u00e4look - 5-faldigt Justerbart Ryggst\u00f6d - Ljusgr\u00e5 - TRUUSK - Hem, Tr\u00e4dg\u00e5rd &amp; Fritid<\/title>\n<meta name=\"robots\" content=\"index, follow, max-snippet:-1, max-image-preview:large, max-video-preview:-1\" \/>\n<link rel=\"canonical\" href=\"https:\/\/truusk.store\/sv\/produkt\/truusk-tradgardsstol-med-sidobord-i-tralook-5-faldigt-justerbart-ryggstod-ljusgra-2\/\" \/>\n<meta property=\"og:locale\" content=\"sv_SE\" \/>\n<meta property=\"og:type\" content=\"article\" \/>\n<meta property=\"og:title\" content=\"TRUUSK Tr\u00e4dg\u00e5rdsstol Med Sidobord I Tr\u00e4look - 5-faldigt Justerbart Ryggst\u00f6d - Ljusgr\u00e5 - TRUUSK - Hem, Tr\u00e4dg\u00e5rd &amp; Fritid\" \/>\n<meta property=\"og:description\" content=\"Upplev ultimat komfort med [BRAND NAME] v\u00e4derbest\u00e4ndiga tr\u00e4dg\u00e5rdss\u00e4ngset, perfekt f\u00f6r ren avkoppling! V\u00e4lj din perfekta h\u00f6jd fr\u00e5n 32 cm till...\" \/>\n<meta property=\"og:url\" content=\"https:\/\/truusk.store\/sv\/produkt\/truusk-tradgardsstol-med-sidobord-i-tralook-5-faldigt-justerbart-ryggstod-ljusgra-2\/\" \/>\n<meta property=\"og:site_name\" content=\"TRUUSK - Hem, Tr\u00e4dg\u00e5rd &amp; Fritid\" \/>\n<meta property=\"article:modified_time\" content=\"2026-03-12T07:43:08+00:00\" \/>\n<meta property=\"og:image\" content=\"https:\/\/i0.wp.com\/truusk.se\/wp-content\/uploads\/2026\/02\/solstol-tradgardsstol-med-sidobord-i-tralook-solstol-med-5-faldigt-justerbart-ryggstod-ljusgra-1.webp?fit=2000%2C2000&ssl=1\" \/>\n\t<meta property=\"og:image:width\" content=\"2000\" \/>\n\t<meta property=\"og:image:height\" content=\"2000\" \/>\n\t<meta property=\"og:image:type\" content=\"image\/webp\" \/>\n<meta name=\"twitter:card\" content=\"summary_large_image\" \/>\n<meta name=\"twitter:label1\" content=\"Ber\u00e4knad l\u00e4stid\" \/>\n\t<meta name=\"twitter:data1\" content=\"1 minut\" \/>\n<!-- \/ Yoast SEO plugin. -->","yoast_head_json":{"title":"TRUUSK Tr\u00e4dg\u00e5rdsstol Med Sidobord I Tr\u00e4look - 5-faldigt Justerbart Ryggst\u00f6d - Ljusgr\u00e5 - TRUUSK - Hem, Tr\u00e4dg\u00e5rd &amp; Fritid","robots":{"index":"index","follow":"follow","max-snippet":"max-snippet:-1","max-image-preview":"max-image-preview:large","max-video-preview":"max-video-preview:-1"},"canonical":"https:\/\/truusk.store\/sv\/produkt\/truusk-tradgardsstol-med-sidobord-i-tralook-5-faldigt-justerbart-ryggstod-ljusgra-2\/","og_locale":"sv_SE","og_type":"article","og_title":"TRUUSK Tr\u00e4dg\u00e5rdsstol Med Sidobord I Tr\u00e4look - 5-faldigt Justerbart Ryggst\u00f6d - Ljusgr\u00e5 - TRUUSK - Hem, Tr\u00e4dg\u00e5rd &amp; Fritid","og_description":"Upplev ultimat komfort med [BRAND NAME] v\u00e4derbest\u00e4ndiga tr\u00e4dg\u00e5rdss\u00e4ngset, perfekt f\u00f6r ren avkoppling! V\u00e4lj din perfekta h\u00f6jd fr\u00e5n 32 cm till...","og_url":"https:\/\/truusk.store\/sv\/produkt\/truusk-tradgardsstol-med-sidobord-i-tralook-5-faldigt-justerbart-ryggstod-ljusgra-2\/","og_site_name":"TRUUSK - Hem, Tr\u00e4dg\u00e5rd &amp; Fritid","article_modified_time":"2026-03-12T07:43:08+00:00","og_image":[{"width":2000,"height":2000,"url":"https:\/\/i0.wp.com\/truusk.se\/wp-content\/uploads\/2026\/02\/solstol-tradgardsstol-med-sidobord-i-tralook-solstol-med-5-faldigt-justerbart-ryggstod-ljusgra-1.webp?fit=2000%2C2000&ssl=1","type":"image\/webp"}],"twitter_card":"summary_large_image","twitter_misc":{"Ber\u00e4knad l\u00e4stid":"1 minut"},"schema":{"@context":"https:\/\/schema.org","@graph":[{"@type":"WebPage","@id":"https:\/\/truusk.store\/sv\/produkt\/truusk-tradgardsstol-med-sidobord-i-tralook-5-faldigt-justerbart-ryggstod-ljusgra-2\/","url":"https:\/\/truusk.store\/sv\/produkt\/truusk-tradgardsstol-med-sidobord-i-tralook-5-faldigt-justerbart-ryggstod-ljusgra-2\/","name":"TRUUSK Tr\u00e4dg\u00e5rdsstol Med Sidobord I Tr\u00e4look - 5-faldigt Justerbart Ryggst\u00f6d - Ljusgr\u00e5 - TRUUSK - Hem, Tr\u00e4dg\u00e5rd &amp; Fritid","isPartOf":{"@id":"https:\/\/truusk.store\/sv\/#website"},"primaryImageOfPage":{"@id":"https:\/\/truusk.store\/sv\/produkt\/truusk-tradgardsstol-med-sidobord-i-tralook-5-faldigt-justerbart-ryggstod-ljusgra-2\/#primaryimage"},"image":{"@id":"https:\/\/truusk.store\/sv\/produkt\/truusk-tradgardsstol-med-sidobord-i-tralook-5-faldigt-justerbart-ryggstod-ljusgra-2\/#primaryimage"},"thumbnailUrl":"https:\/\/i0.wp.com\/truusk.store\/wp-content\/uploads\/2026\/02\/solstol-tradgardsstol-med-sidobord-i-tralook-solstol-med-5-faldigt-justerbart-ryggstod-ljusgra-1.webp?fit=2000%2C2000&ssl=1","datePublished":"2026-02-09T04:20:36+00:00","dateModified":"2026-03-12T07:43:08+00:00","breadcrumb":{"@id":"https:\/\/truusk.store\/sv\/produkt\/truusk-tradgardsstol-med-sidobord-i-tralook-5-faldigt-justerbart-ryggstod-ljusgra-2\/#breadcrumb"},"inLanguage":"sv-SE","potentialAction":[{"@type":"ReadAction","target":["https:\/\/truusk.store\/sv\/produkt\/truusk-tradgardsstol-med-sidobord-i-tralook-5-faldigt-justerbart-ryggstod-ljusgra-2\/"]}]},{"@type":"ImageObject","inLanguage":"sv-SE","@id":"https:\/\/truusk.store\/sv\/produkt\/truusk-tradgardsstol-med-sidobord-i-tralook-5-faldigt-justerbart-ryggstod-ljusgra-2\/#primaryimage","url":"https:\/\/i0.wp.com\/truusk.store\/wp-content\/uploads\/2026\/02\/solstol-tradgardsstol-med-sidobord-i-tralook-solstol-med-5-faldigt-justerbart-ryggstod-ljusgra-1.webp?fit=2000%2C2000&ssl=1","contentUrl":"https:\/\/i0.wp.com\/truusk.store\/wp-content\/uploads\/2026\/02\/solstol-tradgardsstol-med-sidobord-i-tralook-solstol-med-5-faldigt-justerbart-ryggstod-ljusgra-1.webp?fit=2000%2C2000&ssl=1","width":2000,"height":2000},{"@type":"BreadcrumbList","@id":"https:\/\/truusk.store\/sv\/produkt\/truusk-tradgardsstol-med-sidobord-i-tralook-5-faldigt-justerbart-ryggstod-ljusgra-2\/#breadcrumb","itemListElement":[{"@type":"ListItem","position":1,"name":"Home","item":"https:\/\/truusk.store\/sv\/"},{"@type":"ListItem","position":2,"name":"Shop","item":"https:\/\/truusk.store\/shop\/"},{"@type":"ListItem","position":3,"name":"TRUUSK Tr\u00e4dg\u00e5rdsstol Med Sidobord I Tr\u00e4look &#8211; 5-faldigt Justerbart Ryggst\u00f6d &#8211; Ljusgr\u00e5"}]},{"@type":"WebSite","@id":"https:\/\/truusk.store\/sv\/#website","url":"https:\/\/truusk.store\/sv\/","name":"TRUUSK - Hem, Tr\u00e4dg\u00e5rd & Fritid","description":"","publisher":{"@id":"https:\/\/truusk.store\/sv\/#organization"},"potentialAction":[{"@type":"SearchAction","target":{"@type":"EntryPoint","urlTemplate":"https:\/\/truusk.store\/sv\/?s={search_term_string}"},"query-input":{"@type":"PropertyValueSpecification","valueRequired":true,"valueName":"search_term_string"}}],"inLanguage":"sv-SE"},{"@type":"Organization","@id":"https:\/\/truusk.store\/sv\/#organization","name":"TRUUSK - Hem, Tr\u00e4dg\u00e5rd & Fritid","url":"https:\/\/truusk.store\/sv\/","logo":{"@type":"ImageObject","inLanguage":"sv-SE","@id":"https:\/\/truusk.store\/sv\/#\/schema\/logo\/image\/","url":"https:\/\/i0.wp.com\/truusk.store\/wp-content\/uploads\/2026\/03\/cropped-TRUUSK.png?fit=2032%2C917&ssl=1","contentUrl":"https:\/\/i0.wp.com\/truusk.store\/wp-content\/uploads\/2026\/03\/cropped-TRUUSK.png?fit=2032%2C917&ssl=1","width":2032,"height":917,"caption":"TRUUSK - Hem, Tr\u00e4dg\u00e5rd & Fritid"},"image":{"@id":"https:\/\/truusk.store\/sv\/#\/schema\/logo\/image\/"}}]}},"jetpack_sharing_enabled":true,"_links":{"self":[{"href":"https:\/\/truusk.store\/sv\/wp-json\/wp\/v2\/product\/103935","targetHints":{"allow":["GET"]}}],"collection":[{"href":"https:\/\/truusk.store\/sv\/wp-json\/wp\/v2\/product"}],"about":[{"href":"https:\/\/truusk.store\/sv\/wp-json\/wp\/v2\/types\/product"}],"wp:featuredmedia":[{"embeddable":true,"href":"https:\/\/truusk.store\/sv\/wp-json\/wp\/v2\/media\/103926"}],"wp:attachment":[{"href":"https:\/\/truusk.store\/sv\/wp-json\/wp\/v2\/media?parent=103935"}],"wp:term":[{"taxonomy":"product_brand","embeddable":true,"href":"https:\/\/truusk.store\/sv\/wp-json\/wp\/v2\/product_brand?post=103935"},{"taxonomy":"product_cat","embeddable":true,"href":"https:\/\/truusk.store\/sv\/wp-json\/wp\/v2\/product_cat?post=103935"},{"taxonomy":"product_tag","embeddable":true,"href":"https:\/\/truusk.store\/sv\/wp-json\/wp\/v2\/product_tag?post=103935"}],"curies":[{"name":"wp","href":"https:\/\/api.w.org\/{rel}","templated":true}]}}