{"id":103970,"date":"2026-02-09T05:26:46","date_gmt":"2026-02-09T04:26:46","guid":{"rendered":"https:\/\/truusk.store\/product\/elektrisk-bil-for-barn-12v-barnbil-med-fjarrkontroll-led-ljus-musik-3-hastigheter-3-6-ar-vit\/"},"modified":"2026-03-12T08:46:22","modified_gmt":"2026-03-12T07:46:22","slug":"truusk-elektrisk-bil-for-barn-12v-med-fjarrkontroll-led-ljus-musik-3-hastigheter-3-6-ar-vit","status":"publish","type":"product","link":"https:\/\/truusk.store\/sv\/produkt\/truusk-elektrisk-bil-for-barn-12v-med-fjarrkontroll-led-ljus-musik-3-hastigheter-3-6-ar-vit\/","title":{"rendered":"TRUUSK Elektrisk Bil f\u00f6r Barn &#8211; 12V med Fj\u00e4rrkontroll &#8211; LED-ljus &#8211; Musik &#8211; 3 Hastigheter &#8211; 3-6 \u00e5r &#8211; Vit"},"content":{"rendered":"<p>Varje utflykt med familjen blir till ett of\u00f6rgl\u00f6mligt \u00e4ventyr med denna [BRAND NAME] barns elbil, inspirerad av den stiliga Mercedes-Benz GLC Coup\u00e9. Upplev ditt barns entusiasm, s\u00e4kert p\u00e5 v\u00e4g tack vare mjuk acceleration och fast s\u00e4kerhetsb\u00e4lte. Tack vare tv\u00e5 25W motorer och ett 12V batteri erbjuder den elektriska barnbilen upp till \u00e5ttio minuters k\u00f6rning utan avbrott.<\/p>\n<p>Beskrivning:<\/p>\n<ul>\n<li> Officiellt licensierad Mercedes-Benz GLC Coup\u00e9-design, stilren och realistisk<\/li>\n<li> Soft-start-teknologi f\u00f6rhindrar pl\u00f6tslig acceleration och s\u00e4kerst\u00e4ller s\u00e4krare k\u00f6rning<\/li>\n<li> Tv\u00e5 25W motorer och ett 12V batteri ger stark prestanda och uth\u00e5llighet<\/li>\n<li> 2,4G fj\u00e4rrkontroll och manuellt l\u00e4ge, flexibelt f\u00f6r barn och f\u00f6r\u00e4ldrar<\/li>\n<li> MP3-spelare, horn och musikknappar p\u00e5 elbilen f\u00f6r extra underh\u00e5llningsv\u00e4rde<\/li>\n<li> Ljusa LED-str\u00e5lkastare och batteriindikator \u00f6kar realism och s\u00e4kerhet<\/li>\n<li> Robust plast- och metallkonstruktion b\u00e4r upp till 25 kg, l\u00e4mplig f\u00f6r barn fr\u00e5n 3-6 \u00e5r<\/li>\n<li> Montering kr\u00e4vs<\/li>\n<\/ul>\n<p> Tekniska data:<\/p>\n<ul>\n<li> F\u00e4rg: Vit<\/li>\n<li> Material: Plast, Metall<\/li>\n<li> Totala dimensioner: 105L x 68B x 50H cm<\/li>\n<li> Hastighet: 3-5 km\/h<\/li>\n<li> Sitsstorlek: 33B x 18T cm<\/li>\n<li> Sits h\u00f6jd: 16 cm<\/li>\n<li> Plasthjulstorlek: \u00d822 cm<\/li>\n<li> Fj\u00e4rrkontrollavst\u00e5nd: \u226415 m<\/li>\n<li> Motor: 2 x 12V, 25W<\/li>\n<li> Batteri: 12V 4,5Ah<\/li>\n<li> F\u00f6rsta laddningstid: 8-10 timmar<\/li>\n<li> F\u00f6ljande laddningstid: 8-10 timmar<\/li>\n<li> Anv\u00e4ndningstid: 60-80 minuter<\/li>\n<li> Rekommenderad \u00e5lder: 3-6 \u00e5r<\/li>\n<li> Maximal belastning: 25 kg<\/li>\n<li> Registreringsskyltstorlek: 12,5L x 2,5B cm<\/li>\n<li> OBS: Kr\u00e4vs 2 x 1,5V AAA batterier ing\u00e5r inte<\/li>\n<\/ul>\n<p>Leveransinneh\u00e5ll:<\/p>\n<ul>\n<li> 1 x Elektrisk barnbil<\/li>\n<li> 1 x Fj\u00e4rrkontroll<\/li>\n<li> 1 x Laddare<\/li>\n<li> 1 x Bruksanvisning<\/li>\n<\/ul>\n","protected":false},"excerpt":{"rendered":"<p>Varje utflykt med familjen blir till ett of\u00f6rgl\u00f6mligt \u00e4ventyr med denna [BRAND NAME] barns elbil, inspirerad av den stiliga Mercedes-Benz&#8230;<\/p>\n","protected":false},"featured_media":103956,"template":"","meta":[],"product_brand":[],"product_cat":[880,610,1066],"product_tag":[],"class_list":{"0":"post-103970","1":"product","2":"type-product","3":"status-publish","4":"has-post-thumbnail","6":"product_cat-baby-barn-2","7":"product_cat-barnfordon","8":"product_cat-barns-elbilar","10":"first","11":"instock","12":"sale","13":"taxable","14":"shipping-taxable","15":"purchasable","16":"product-type-simple"},"yoast_head":"<!-- This site is optimized with the Yoast SEO plugin v25.4 - https:\/\/yoast.com\/wordpress\/plugins\/seo\/ -->\n<title>TRUUSK Elektrisk Bil f\u00f6r Barn - 12V med Fj\u00e4rrkontroll - LED-ljus - Musik - 3 Hastigheter - 3-6 \u00e5r - Vit - TRUUSK - Hem, Tr\u00e4dg\u00e5rd &amp; Fritid<\/title>\n<meta name=\"robots\" content=\"index, follow, max-snippet:-1, max-image-preview:large, max-video-preview:-1\" \/>\n<link rel=\"canonical\" href=\"https:\/\/truusk.store\/sv\/produkt\/truusk-elektrisk-bil-for-barn-12v-med-fjarrkontroll-led-ljus-musik-3-hastigheter-3-6-ar-vit\/\" \/>\n<meta property=\"og:locale\" content=\"sv_SE\" \/>\n<meta property=\"og:type\" content=\"article\" \/>\n<meta property=\"og:title\" content=\"TRUUSK Elektrisk Bil f\u00f6r Barn - 12V med Fj\u00e4rrkontroll - LED-ljus - Musik - 3 Hastigheter - 3-6 \u00e5r - Vit - TRUUSK - Hem, Tr\u00e4dg\u00e5rd &amp; Fritid\" \/>\n<meta property=\"og:description\" content=\"Varje utflykt med familjen blir till ett of\u00f6rgl\u00f6mligt \u00e4ventyr med denna [BRAND NAME] barns elbil, inspirerad av den stiliga Mercedes-Benz...\" \/>\n<meta property=\"og:url\" content=\"https:\/\/truusk.store\/sv\/produkt\/truusk-elektrisk-bil-for-barn-12v-med-fjarrkontroll-led-ljus-musik-3-hastigheter-3-6-ar-vit\/\" \/>\n<meta property=\"og:site_name\" content=\"TRUUSK - Hem, Tr\u00e4dg\u00e5rd &amp; Fritid\" \/>\n<meta property=\"article:modified_time\" content=\"2026-03-12T07:46:22+00:00\" \/>\n<meta property=\"og:image\" content=\"https:\/\/i0.wp.com\/truusk.se\/wp-content\/uploads\/2026\/02\/elektrisk-bil-for-barn-12v-barnbil-med-fjarrkontroll-led-ljus-musik-3-hastigheter-3-6-ar-vit-1.webp?fit=2000%2C2000&ssl=1\" \/>\n\t<meta property=\"og:image:width\" content=\"2000\" \/>\n\t<meta property=\"og:image:height\" content=\"2000\" \/>\n\t<meta property=\"og:image:type\" content=\"image\/webp\" \/>\n<meta name=\"twitter:card\" content=\"summary_large_image\" \/>\n<meta name=\"twitter:label1\" content=\"Ber\u00e4knad l\u00e4stid\" \/>\n\t<meta name=\"twitter:data1\" content=\"1 minut\" \/>\n<!-- \/ Yoast SEO plugin. -->","yoast_head_json":{"title":"TRUUSK Elektrisk Bil f\u00f6r Barn - 12V med Fj\u00e4rrkontroll - LED-ljus - Musik - 3 Hastigheter - 3-6 \u00e5r - Vit - TRUUSK - Hem, Tr\u00e4dg\u00e5rd &amp; Fritid","robots":{"index":"index","follow":"follow","max-snippet":"max-snippet:-1","max-image-preview":"max-image-preview:large","max-video-preview":"max-video-preview:-1"},"canonical":"https:\/\/truusk.store\/sv\/produkt\/truusk-elektrisk-bil-for-barn-12v-med-fjarrkontroll-led-ljus-musik-3-hastigheter-3-6-ar-vit\/","og_locale":"sv_SE","og_type":"article","og_title":"TRUUSK Elektrisk Bil f\u00f6r Barn - 12V med Fj\u00e4rrkontroll - LED-ljus - Musik - 3 Hastigheter - 3-6 \u00e5r - Vit - TRUUSK - Hem, Tr\u00e4dg\u00e5rd &amp; Fritid","og_description":"Varje utflykt med familjen blir till ett of\u00f6rgl\u00f6mligt \u00e4ventyr med denna [BRAND NAME] barns elbil, inspirerad av den stiliga Mercedes-Benz...","og_url":"https:\/\/truusk.store\/sv\/produkt\/truusk-elektrisk-bil-for-barn-12v-med-fjarrkontroll-led-ljus-musik-3-hastigheter-3-6-ar-vit\/","og_site_name":"TRUUSK - Hem, Tr\u00e4dg\u00e5rd &amp; Fritid","article_modified_time":"2026-03-12T07:46:22+00:00","og_image":[{"width":2000,"height":2000,"url":"https:\/\/i0.wp.com\/truusk.se\/wp-content\/uploads\/2026\/02\/elektrisk-bil-for-barn-12v-barnbil-med-fjarrkontroll-led-ljus-musik-3-hastigheter-3-6-ar-vit-1.webp?fit=2000%2C2000&ssl=1","type":"image\/webp"}],"twitter_card":"summary_large_image","twitter_misc":{"Ber\u00e4knad l\u00e4stid":"1 minut"},"schema":{"@context":"https:\/\/schema.org","@graph":[{"@type":"WebPage","@id":"https:\/\/truusk.store\/sv\/produkt\/truusk-elektrisk-bil-for-barn-12v-med-fjarrkontroll-led-ljus-musik-3-hastigheter-3-6-ar-vit\/","url":"https:\/\/truusk.store\/sv\/produkt\/truusk-elektrisk-bil-for-barn-12v-med-fjarrkontroll-led-ljus-musik-3-hastigheter-3-6-ar-vit\/","name":"TRUUSK Elektrisk Bil f\u00f6r Barn - 12V med Fj\u00e4rrkontroll - LED-ljus - Musik - 3 Hastigheter - 3-6 \u00e5r - Vit - TRUUSK - Hem, Tr\u00e4dg\u00e5rd &amp; Fritid","isPartOf":{"@id":"https:\/\/truusk.store\/sv\/#website"},"primaryImageOfPage":{"@id":"https:\/\/truusk.store\/sv\/produkt\/truusk-elektrisk-bil-for-barn-12v-med-fjarrkontroll-led-ljus-musik-3-hastigheter-3-6-ar-vit\/#primaryimage"},"image":{"@id":"https:\/\/truusk.store\/sv\/produkt\/truusk-elektrisk-bil-for-barn-12v-med-fjarrkontroll-led-ljus-musik-3-hastigheter-3-6-ar-vit\/#primaryimage"},"thumbnailUrl":"https:\/\/i0.wp.com\/truusk.store\/wp-content\/uploads\/2026\/02\/elektrisk-bil-for-barn-12v-barnbil-med-fjarrkontroll-led-ljus-musik-3-hastigheter-3-6-ar-vit-1.webp?fit=2000%2C2000&ssl=1","datePublished":"2026-02-09T04:26:46+00:00","dateModified":"2026-03-12T07:46:22+00:00","breadcrumb":{"@id":"https:\/\/truusk.store\/sv\/produkt\/truusk-elektrisk-bil-for-barn-12v-med-fjarrkontroll-led-ljus-musik-3-hastigheter-3-6-ar-vit\/#breadcrumb"},"inLanguage":"sv-SE","potentialAction":[{"@type":"ReadAction","target":["https:\/\/truusk.store\/sv\/produkt\/truusk-elektrisk-bil-for-barn-12v-med-fjarrkontroll-led-ljus-musik-3-hastigheter-3-6-ar-vit\/"]}]},{"@type":"ImageObject","inLanguage":"sv-SE","@id":"https:\/\/truusk.store\/sv\/produkt\/truusk-elektrisk-bil-for-barn-12v-med-fjarrkontroll-led-ljus-musik-3-hastigheter-3-6-ar-vit\/#primaryimage","url":"https:\/\/i0.wp.com\/truusk.store\/wp-content\/uploads\/2026\/02\/elektrisk-bil-for-barn-12v-barnbil-med-fjarrkontroll-led-ljus-musik-3-hastigheter-3-6-ar-vit-1.webp?fit=2000%2C2000&ssl=1","contentUrl":"https:\/\/i0.wp.com\/truusk.store\/wp-content\/uploads\/2026\/02\/elektrisk-bil-for-barn-12v-barnbil-med-fjarrkontroll-led-ljus-musik-3-hastigheter-3-6-ar-vit-1.webp?fit=2000%2C2000&ssl=1","width":2000,"height":2000},{"@type":"BreadcrumbList","@id":"https:\/\/truusk.store\/sv\/produkt\/truusk-elektrisk-bil-for-barn-12v-med-fjarrkontroll-led-ljus-musik-3-hastigheter-3-6-ar-vit\/#breadcrumb","itemListElement":[{"@type":"ListItem","position":1,"name":"Home","item":"https:\/\/truusk.store\/sv\/"},{"@type":"ListItem","position":2,"name":"Shop","item":"https:\/\/truusk.store\/shop\/"},{"@type":"ListItem","position":3,"name":"TRUUSK Elektrisk Bil f\u00f6r Barn &#8211; 12V med Fj\u00e4rrkontroll &#8211; LED-ljus &#8211; Musik &#8211; 3 Hastigheter &#8211; 3-6 \u00e5r &#8211; Vit"}]},{"@type":"WebSite","@id":"https:\/\/truusk.store\/sv\/#website","url":"https:\/\/truusk.store\/sv\/","name":"TRUUSK - Hem, Tr\u00e4dg\u00e5rd & Fritid","description":"","publisher":{"@id":"https:\/\/truusk.store\/sv\/#organization"},"potentialAction":[{"@type":"SearchAction","target":{"@type":"EntryPoint","urlTemplate":"https:\/\/truusk.store\/sv\/?s={search_term_string}"},"query-input":{"@type":"PropertyValueSpecification","valueRequired":true,"valueName":"search_term_string"}}],"inLanguage":"sv-SE"},{"@type":"Organization","@id":"https:\/\/truusk.store\/sv\/#organization","name":"TRUUSK - Hem, Tr\u00e4dg\u00e5rd & Fritid","url":"https:\/\/truusk.store\/sv\/","logo":{"@type":"ImageObject","inLanguage":"sv-SE","@id":"https:\/\/truusk.store\/sv\/#\/schema\/logo\/image\/","url":"https:\/\/i0.wp.com\/truusk.store\/wp-content\/uploads\/2026\/03\/cropped-TRUUSK.png?fit=2032%2C917&ssl=1","contentUrl":"https:\/\/i0.wp.com\/truusk.store\/wp-content\/uploads\/2026\/03\/cropped-TRUUSK.png?fit=2032%2C917&ssl=1","width":2032,"height":917,"caption":"TRUUSK - Hem, Tr\u00e4dg\u00e5rd & Fritid"},"image":{"@id":"https:\/\/truusk.store\/sv\/#\/schema\/logo\/image\/"}}]}},"jetpack_sharing_enabled":true,"_links":{"self":[{"href":"https:\/\/truusk.store\/sv\/wp-json\/wp\/v2\/product\/103970","targetHints":{"allow":["GET"]}}],"collection":[{"href":"https:\/\/truusk.store\/sv\/wp-json\/wp\/v2\/product"}],"about":[{"href":"https:\/\/truusk.store\/sv\/wp-json\/wp\/v2\/types\/product"}],"wp:featuredmedia":[{"embeddable":true,"href":"https:\/\/truusk.store\/sv\/wp-json\/wp\/v2\/media\/103956"}],"wp:attachment":[{"href":"https:\/\/truusk.store\/sv\/wp-json\/wp\/v2\/media?parent=103970"}],"wp:term":[{"taxonomy":"product_brand","embeddable":true,"href":"https:\/\/truusk.store\/sv\/wp-json\/wp\/v2\/product_brand?post=103970"},{"taxonomy":"product_cat","embeddable":true,"href":"https:\/\/truusk.store\/sv\/wp-json\/wp\/v2\/product_cat?post=103970"},{"taxonomy":"product_tag","embeddable":true,"href":"https:\/\/truusk.store\/sv\/wp-json\/wp\/v2\/product_tag?post=103970"}],"curies":[{"name":"wp","href":"https:\/\/api.w.org\/{rel}","templated":true}]}}