{"id":103975,"date":"2026-02-09T05:27:11","date_gmt":"2026-02-09T04:27:11","guid":{"rendered":"https:\/\/truusk.store\/product\/multifunktionsvagn-rullvagn-koksvagn-3-hyllor-4-hjul-45-cm-x-306-cm-x-79-cm-svart\/"},"modified":"2026-03-12T08:46:32","modified_gmt":"2026-03-12T07:46:32","slug":"truusk-multifunktionsvagn-koksvagn-med-3-hyllor-fyra-hjul-45-cm-x-306-cm-x-79-cm-svart","status":"publish","type":"product","link":"https:\/\/truusk.store\/sv\/produkt\/truusk-multifunktionsvagn-koksvagn-med-3-hyllor-fyra-hjul-45-cm-x-306-cm-x-79-cm-svart\/","title":{"rendered":"TRUUSK Multifunktionsvagn &#8211; K\u00f6ksvagn med 3 hyllor &#8211; Fyra hjul &#8211; 45 cm x 30,6 cm x 79 cm &#8211; Svart"},"content":{"rendered":"<p>Den h\u00e4r kompakta rullvagnen fr\u00e5n [BRAND NAME] \u00e4r idealisk f\u00f6r sm\u00e5 utrymmen d\u00e4r mer f\u00f6rvaringsutrymme beh\u00f6vs. Gallerkorgarna och sidohakarna erbjuder gott om plats f\u00f6r olika livsmedel eller tillbeh\u00f6r. Utrustad med l\u00e4ttdragna handtag f\u00f6r enkel transport. Fyra smidiga hjul med tv\u00e5 bromsar g\u00f6r det m\u00f6jligt f\u00f6r dig att flytta serveringsvagnen var du \u00e4n beh\u00f6ver den. Den kan anv\u00e4ndas som badrumsvagn, servicevagn, k\u00f6ksvagn och tv\u00e4ttvagn.<\/p>\n<p>Beskrivning:<\/p>\n<ul>\n<li> 3 hyllor p\u00e5 f\u00f6rvaringsvagnen f\u00f6r f\u00f6rn\u00f6denheter och tillbeh\u00f6r<\/li>\n<li> 4 smidiga hjul f\u00f6r r\u00f6rlighet, varav 2 \u00e4r l\u00e5sbara<\/li>\n<li> Inbyggda handtag f\u00f6r bekv\u00e4m hantering<\/li>\n<li> Den lackerade st\u00e5lramen p\u00e5 nischvagnen \u00e4r robust och l\u00e4tt att reng\u00f6ra<\/li>\n<li> Montering kr\u00e4vs<\/li>\n<\/ul>\n<p> Tekniska specifikationer:<\/p>\n<ul>\n<li> F\u00e4rg: Svart<\/li>\n<li> Material: St\u00e5l<\/li>\n<li> Totala dimensioner: 45L x 30,6B x 79H cm<\/li>\n<li> Storlek p\u00e5 f\u00f6rvaringskorg: (stor)41,5B x 30,6T x 7,5H cm<\/li>\n<li> Storlek p\u00e5 f\u00f6rvaringskorg: (medium)40,5B x 29,6T x 7H cm<\/li>\n<li> Storlek p\u00e5 f\u00f6rvaringskorg: (liten)39,5B x 28,6T x 6,5H cm<\/li>\n<li> Viktkapacitet: 9kg (totalt), 3kg (per niv\u00e5)<\/li>\n<\/ul>\n<p>Leveransinneh\u00e5ll:<\/p>\n<ul>\n<li> 1 x K\u00f6ksvagn<\/li>\n<li> 1 x Manual<\/li>\n<\/ul>\n","protected":false},"excerpt":{"rendered":"<p>Den h\u00e4r kompakta rullvagnen fr\u00e5n [BRAND NAME] \u00e4r idealisk f\u00f6r sm\u00e5 utrymmen d\u00e4r mer f\u00f6rvaringsutrymme beh\u00f6vs. Gallerkorgarna och sidohakarna erbjuder&#8230;<\/p>\n","protected":false},"featured_media":103961,"template":"","meta":[],"product_brand":[],"product_cat":[871,889,503],"product_tag":[],"class_list":{"0":"post-103975","1":"product","2":"type-product","3":"status-publish","4":"has-post-thumbnail","6":"product_cat-hus-hem","7":"product_cat-kok-matsal","8":"product_cat-serveringsvagn","10":"first","11":"instock","12":"sale","13":"taxable","14":"shipping-taxable","15":"purchasable","16":"product-type-simple"},"yoast_head":"<!-- This site is optimized with the Yoast SEO plugin v25.4 - https:\/\/yoast.com\/wordpress\/plugins\/seo\/ -->\n<title>TRUUSK Multifunktionsvagn - K\u00f6ksvagn med 3 hyllor - Fyra hjul - 45 cm x 30,6 cm x 79 cm - Svart - TRUUSK - Hem, Tr\u00e4dg\u00e5rd &amp; Fritid<\/title>\n<meta name=\"robots\" content=\"index, follow, max-snippet:-1, max-image-preview:large, max-video-preview:-1\" \/>\n<link rel=\"canonical\" href=\"https:\/\/truusk.store\/sv\/produkt\/truusk-multifunktionsvagn-koksvagn-med-3-hyllor-fyra-hjul-45-cm-x-306-cm-x-79-cm-svart\/\" \/>\n<meta property=\"og:locale\" content=\"sv_SE\" \/>\n<meta property=\"og:type\" content=\"article\" \/>\n<meta property=\"og:title\" content=\"TRUUSK Multifunktionsvagn - K\u00f6ksvagn med 3 hyllor - Fyra hjul - 45 cm x 30,6 cm x 79 cm - Svart - TRUUSK - Hem, Tr\u00e4dg\u00e5rd &amp; Fritid\" \/>\n<meta property=\"og:description\" content=\"Den h\u00e4r kompakta rullvagnen fr\u00e5n [BRAND NAME] \u00e4r idealisk f\u00f6r sm\u00e5 utrymmen d\u00e4r mer f\u00f6rvaringsutrymme beh\u00f6vs. Gallerkorgarna och sidohakarna erbjuder...\" \/>\n<meta property=\"og:url\" content=\"https:\/\/truusk.store\/sv\/produkt\/truusk-multifunktionsvagn-koksvagn-med-3-hyllor-fyra-hjul-45-cm-x-306-cm-x-79-cm-svart\/\" \/>\n<meta property=\"og:site_name\" content=\"TRUUSK - Hem, Tr\u00e4dg\u00e5rd &amp; Fritid\" \/>\n<meta property=\"article:modified_time\" content=\"2026-03-12T07:46:32+00:00\" \/>\n<meta property=\"og:image\" content=\"https:\/\/i0.wp.com\/truusk.se\/wp-content\/uploads\/2026\/02\/multifunktionsvagn-rullvagn-koksvagn-3-hyllor-4-hjul-45-cm-x-306-cm-x-79-cm-svart-1.webp?fit=2000%2C2000&ssl=1\" \/>\n\t<meta property=\"og:image:width\" content=\"2000\" \/>\n\t<meta property=\"og:image:height\" content=\"2000\" \/>\n\t<meta property=\"og:image:type\" content=\"image\/webp\" \/>\n<meta name=\"twitter:card\" content=\"summary_large_image\" \/>\n<meta name=\"twitter:label1\" content=\"Ber\u00e4knad l\u00e4stid\" \/>\n\t<meta name=\"twitter:data1\" content=\"1 minut\" \/>\n<!-- \/ Yoast SEO plugin. -->","yoast_head_json":{"title":"TRUUSK Multifunktionsvagn - K\u00f6ksvagn med 3 hyllor - Fyra hjul - 45 cm x 30,6 cm x 79 cm - Svart - TRUUSK - Hem, Tr\u00e4dg\u00e5rd &amp; Fritid","robots":{"index":"index","follow":"follow","max-snippet":"max-snippet:-1","max-image-preview":"max-image-preview:large","max-video-preview":"max-video-preview:-1"},"canonical":"https:\/\/truusk.store\/sv\/produkt\/truusk-multifunktionsvagn-koksvagn-med-3-hyllor-fyra-hjul-45-cm-x-306-cm-x-79-cm-svart\/","og_locale":"sv_SE","og_type":"article","og_title":"TRUUSK Multifunktionsvagn - K\u00f6ksvagn med 3 hyllor - Fyra hjul - 45 cm x 30,6 cm x 79 cm - Svart - TRUUSK - Hem, Tr\u00e4dg\u00e5rd &amp; Fritid","og_description":"Den h\u00e4r kompakta rullvagnen fr\u00e5n [BRAND NAME] \u00e4r idealisk f\u00f6r sm\u00e5 utrymmen d\u00e4r mer f\u00f6rvaringsutrymme beh\u00f6vs. Gallerkorgarna och sidohakarna erbjuder...","og_url":"https:\/\/truusk.store\/sv\/produkt\/truusk-multifunktionsvagn-koksvagn-med-3-hyllor-fyra-hjul-45-cm-x-306-cm-x-79-cm-svart\/","og_site_name":"TRUUSK - Hem, Tr\u00e4dg\u00e5rd &amp; Fritid","article_modified_time":"2026-03-12T07:46:32+00:00","og_image":[{"width":2000,"height":2000,"url":"https:\/\/i0.wp.com\/truusk.se\/wp-content\/uploads\/2026\/02\/multifunktionsvagn-rullvagn-koksvagn-3-hyllor-4-hjul-45-cm-x-306-cm-x-79-cm-svart-1.webp?fit=2000%2C2000&ssl=1","type":"image\/webp"}],"twitter_card":"summary_large_image","twitter_misc":{"Ber\u00e4knad l\u00e4stid":"1 minut"},"schema":{"@context":"https:\/\/schema.org","@graph":[{"@type":"WebPage","@id":"https:\/\/truusk.store\/sv\/produkt\/truusk-multifunktionsvagn-koksvagn-med-3-hyllor-fyra-hjul-45-cm-x-306-cm-x-79-cm-svart\/","url":"https:\/\/truusk.store\/sv\/produkt\/truusk-multifunktionsvagn-koksvagn-med-3-hyllor-fyra-hjul-45-cm-x-306-cm-x-79-cm-svart\/","name":"TRUUSK Multifunktionsvagn - K\u00f6ksvagn med 3 hyllor - Fyra hjul - 45 cm x 30,6 cm x 79 cm - Svart - TRUUSK - Hem, Tr\u00e4dg\u00e5rd &amp; Fritid","isPartOf":{"@id":"https:\/\/truusk.store\/sv\/#website"},"primaryImageOfPage":{"@id":"https:\/\/truusk.store\/sv\/produkt\/truusk-multifunktionsvagn-koksvagn-med-3-hyllor-fyra-hjul-45-cm-x-306-cm-x-79-cm-svart\/#primaryimage"},"image":{"@id":"https:\/\/truusk.store\/sv\/produkt\/truusk-multifunktionsvagn-koksvagn-med-3-hyllor-fyra-hjul-45-cm-x-306-cm-x-79-cm-svart\/#primaryimage"},"thumbnailUrl":"https:\/\/i0.wp.com\/truusk.store\/wp-content\/uploads\/2026\/02\/multifunktionsvagn-rullvagn-koksvagn-3-hyllor-4-hjul-45-cm-x-306-cm-x-79-cm-svart-1.webp?fit=2000%2C2000&ssl=1","datePublished":"2026-02-09T04:27:11+00:00","dateModified":"2026-03-12T07:46:32+00:00","breadcrumb":{"@id":"https:\/\/truusk.store\/sv\/produkt\/truusk-multifunktionsvagn-koksvagn-med-3-hyllor-fyra-hjul-45-cm-x-306-cm-x-79-cm-svart\/#breadcrumb"},"inLanguage":"sv-SE","potentialAction":[{"@type":"ReadAction","target":["https:\/\/truusk.store\/sv\/produkt\/truusk-multifunktionsvagn-koksvagn-med-3-hyllor-fyra-hjul-45-cm-x-306-cm-x-79-cm-svart\/"]}]},{"@type":"ImageObject","inLanguage":"sv-SE","@id":"https:\/\/truusk.store\/sv\/produkt\/truusk-multifunktionsvagn-koksvagn-med-3-hyllor-fyra-hjul-45-cm-x-306-cm-x-79-cm-svart\/#primaryimage","url":"https:\/\/i0.wp.com\/truusk.store\/wp-content\/uploads\/2026\/02\/multifunktionsvagn-rullvagn-koksvagn-3-hyllor-4-hjul-45-cm-x-306-cm-x-79-cm-svart-1.webp?fit=2000%2C2000&ssl=1","contentUrl":"https:\/\/i0.wp.com\/truusk.store\/wp-content\/uploads\/2026\/02\/multifunktionsvagn-rullvagn-koksvagn-3-hyllor-4-hjul-45-cm-x-306-cm-x-79-cm-svart-1.webp?fit=2000%2C2000&ssl=1","width":2000,"height":2000},{"@type":"BreadcrumbList","@id":"https:\/\/truusk.store\/sv\/produkt\/truusk-multifunktionsvagn-koksvagn-med-3-hyllor-fyra-hjul-45-cm-x-306-cm-x-79-cm-svart\/#breadcrumb","itemListElement":[{"@type":"ListItem","position":1,"name":"Home","item":"https:\/\/truusk.store\/sv\/"},{"@type":"ListItem","position":2,"name":"Shop","item":"https:\/\/truusk.store\/shop\/"},{"@type":"ListItem","position":3,"name":"TRUUSK Multifunktionsvagn &#8211; K\u00f6ksvagn med 3 hyllor &#8211; Fyra hjul &#8211; 45 cm x 30,6 cm x 79 cm &#8211; Svart"}]},{"@type":"WebSite","@id":"https:\/\/truusk.store\/sv\/#website","url":"https:\/\/truusk.store\/sv\/","name":"TRUUSK - Hem, Tr\u00e4dg\u00e5rd & Fritid","description":"","publisher":{"@id":"https:\/\/truusk.store\/sv\/#organization"},"potentialAction":[{"@type":"SearchAction","target":{"@type":"EntryPoint","urlTemplate":"https:\/\/truusk.store\/sv\/?s={search_term_string}"},"query-input":{"@type":"PropertyValueSpecification","valueRequired":true,"valueName":"search_term_string"}}],"inLanguage":"sv-SE"},{"@type":"Organization","@id":"https:\/\/truusk.store\/sv\/#organization","name":"TRUUSK - Hem, Tr\u00e4dg\u00e5rd & Fritid","url":"https:\/\/truusk.store\/sv\/","logo":{"@type":"ImageObject","inLanguage":"sv-SE","@id":"https:\/\/truusk.store\/sv\/#\/schema\/logo\/image\/","url":"https:\/\/i0.wp.com\/truusk.store\/wp-content\/uploads\/2026\/03\/cropped-TRUUSK.png?fit=2032%2C917&ssl=1","contentUrl":"https:\/\/i0.wp.com\/truusk.store\/wp-content\/uploads\/2026\/03\/cropped-TRUUSK.png?fit=2032%2C917&ssl=1","width":2032,"height":917,"caption":"TRUUSK - Hem, Tr\u00e4dg\u00e5rd & Fritid"},"image":{"@id":"https:\/\/truusk.store\/sv\/#\/schema\/logo\/image\/"}}]}},"jetpack_sharing_enabled":true,"_links":{"self":[{"href":"https:\/\/truusk.store\/sv\/wp-json\/wp\/v2\/product\/103975","targetHints":{"allow":["GET"]}}],"collection":[{"href":"https:\/\/truusk.store\/sv\/wp-json\/wp\/v2\/product"}],"about":[{"href":"https:\/\/truusk.store\/sv\/wp-json\/wp\/v2\/types\/product"}],"wp:featuredmedia":[{"embeddable":true,"href":"https:\/\/truusk.store\/sv\/wp-json\/wp\/v2\/media\/103961"}],"wp:attachment":[{"href":"https:\/\/truusk.store\/sv\/wp-json\/wp\/v2\/media?parent=103975"}],"wp:term":[{"taxonomy":"product_brand","embeddable":true,"href":"https:\/\/truusk.store\/sv\/wp-json\/wp\/v2\/product_brand?post=103975"},{"taxonomy":"product_cat","embeddable":true,"href":"https:\/\/truusk.store\/sv\/wp-json\/wp\/v2\/product_cat?post=103975"},{"taxonomy":"product_tag","embeddable":true,"href":"https:\/\/truusk.store\/sv\/wp-json\/wp\/v2\/product_tag?post=103975"}],"curies":[{"name":"wp","href":"https:\/\/api.w.org\/{rel}","templated":true}]}}