{"id":103988,"date":"2026-02-09T05:28:06","date_gmt":"2026-02-09T04:28:06","guid":{"rendered":"https:\/\/truusk.store\/product\/terrarium-for-reptiler-glasterrarium-48l-med-frontventilation-stenbakvagg-vridlas-50-x-30-x-35-cm-svart\/"},"modified":"2026-03-12T08:46:38","modified_gmt":"2026-03-12T07:46:38","slug":"truusk-terrarium-for-reptiler-48l-glasterrarium-frontventilation-stenbakvagg-vridlas-50x30x35-cm-svart","status":"publish","type":"product","link":"https:\/\/truusk.store\/sv\/produkt\/truusk-terrarium-for-reptiler-48l-glasterrarium-frontventilation-stenbakvagg-vridlas-50x30x35-cm-svart\/","title":{"rendered":"TRUUSK Terrarium f\u00f6r Reptiler &#8211; 48L &#8211; Glasterrarium &#8211; Frontventilation &#8211; Stenbakv\u00e4gg &#8211; Vridl\u00e5s &#8211; 50x30x35 cm &#8211; Svart"},"content":{"rendered":"<p>Ett elegant glasterrarium f\u00f6r en klar syn p\u00e5 ditt reptils livsmilj\u00f6. Frontd\u00f6rren med s\u00e4ker knappl\u00e5s f\u00f6rhindrar rymningar, medan det ventilerade mesh-toppen ger optimal luftcirkulation. Idealisk f\u00f6r \u00f6dlor, ormar, grodor, sk\u00f6ldpaddor, landsk\u00f6ldpaddor och andra reptiler, med en strukturerad klippbakgrund f\u00f6r naturlig design som efterliknar den naturliga livsmilj\u00f6n.<\/p>\n<p>Beskrivning:<\/p>\n<ul>\n<li> Klippbakgrunden i vivariet l\u00e4gger till naturlig estetik<\/li>\n<li> Kabel\u00f6ppningar underl\u00e4ttar installation av utrustning<\/li>\n<li> Separat d\u00f6rr\u00f6ppning och knappl\u00e5s f\u00f6rhindrar utbrott<\/li>\n<li> Glasterrarium f\u00f6rb\u00e4ttrar den visuella upplevelsen<\/li>\n<li> Djup vattent\u00e4t botten, 7,5 cm, l\u00e4mplig f\u00f6r fuktiga inst\u00e4llningar<\/li>\n<li> H\u00f6jd botten m\u00f6jligg\u00f6r effektiv anv\u00e4ndning av substratv\u00e4rmare<\/li>\n<li> Ventilerat lock och extra ventilations\u00f6ppningar ger optimal luftcirkulation<\/li>\n<li> Ingen montering kr\u00e4vs<\/li>\n<\/ul>\n<p> Tekniska specifikationer:<\/p>\n<ul>\n<li> F\u00e4rg: Svart<\/li>\n<li> Material: H\u00e4rdad glas, st\u00e5ltr\u00e5d, ABS<\/li>\n<li> Totala dimensioner: 50L x 30B x 35H cm<\/li>\n<li> Volym: 48L<\/li>\n<li> Enkel frontd\u00f6rr: 24B x 22H cm<\/li>\n<li> Tr\u00e5dn\u00e4tslock: 47L x 26B cm<\/li>\n<li> Bakv\u00e4gg: 27B x 26,8H cm<\/li>\n<li> Markfrig\u00e5ng: 1 cm<\/li>\n<li> Obs: Reptiler och andra dekorationer ing\u00e5r inte<\/li>\n<\/ul>\n<p>Leveransinneh\u00e5ll:<\/p>\n<ul>\n<li> 1 x Reptill\u00e5da<\/li>\n<li> 1 x Handbok<\/li>\n<\/ul>\n","protected":false},"excerpt":{"rendered":"<p>Ett elegant glasterrarium f\u00f6r en klar syn p\u00e5 ditt reptils livsmilj\u00f6. Frontd\u00f6rren med s\u00e4ker knappl\u00e5s f\u00f6rhindrar rymningar, medan det ventilerade&#8230;<\/p>\n","protected":false},"featured_media":103976,"template":"","meta":[],"product_brand":[],"product_cat":[878,928,597],"product_tag":[],"class_list":{"0":"post-103988","1":"product","2":"type-product","3":"status-publish","4":"has-post-thumbnail","6":"product_cat-djurbehov","7":"product_cat-frigangshagn","8":"product_cat-sma-djurtillbehor","10":"first","11":"instock","12":"sale","13":"taxable","14":"shipping-taxable","15":"purchasable","16":"product-type-simple"},"yoast_head":"<!-- This site is optimized with the Yoast SEO plugin v25.4 - https:\/\/yoast.com\/wordpress\/plugins\/seo\/ -->\n<title>TRUUSK Terrarium f\u00f6r Reptiler - 48L - Glasterrarium - Frontventilation - Stenbakv\u00e4gg - Vridl\u00e5s - 50x30x35 cm - Svart - TRUUSK - Hem, Tr\u00e4dg\u00e5rd &amp; Fritid<\/title>\n<meta name=\"robots\" content=\"index, follow, max-snippet:-1, max-image-preview:large, max-video-preview:-1\" \/>\n<link rel=\"canonical\" href=\"https:\/\/truusk.store\/sv\/produkt\/truusk-terrarium-for-reptiler-48l-glasterrarium-frontventilation-stenbakvagg-vridlas-50x30x35-cm-svart\/\" \/>\n<meta property=\"og:locale\" content=\"sv_SE\" \/>\n<meta property=\"og:type\" content=\"article\" \/>\n<meta property=\"og:title\" content=\"TRUUSK Terrarium f\u00f6r Reptiler - 48L - Glasterrarium - Frontventilation - Stenbakv\u00e4gg - Vridl\u00e5s - 50x30x35 cm - Svart - TRUUSK - Hem, Tr\u00e4dg\u00e5rd &amp; Fritid\" \/>\n<meta property=\"og:description\" content=\"Ett elegant glasterrarium f\u00f6r en klar syn p\u00e5 ditt reptils livsmilj\u00f6. Frontd\u00f6rren med s\u00e4ker knappl\u00e5s f\u00f6rhindrar rymningar, medan det ventilerade...\" \/>\n<meta property=\"og:url\" content=\"https:\/\/truusk.store\/sv\/produkt\/truusk-terrarium-for-reptiler-48l-glasterrarium-frontventilation-stenbakvagg-vridlas-50x30x35-cm-svart\/\" \/>\n<meta property=\"og:site_name\" content=\"TRUUSK - Hem, Tr\u00e4dg\u00e5rd &amp; Fritid\" \/>\n<meta property=\"article:modified_time\" content=\"2026-03-12T07:46:38+00:00\" \/>\n<meta property=\"og:image\" content=\"https:\/\/i0.wp.com\/truusk.se\/wp-content\/uploads\/2026\/02\/terrarium-for-reptiler-glasterrarium-48l-med-frontventilation-stenbakvagg-vridlas-50-x-30-x-35-cm-svart-1.webp?fit=2000%2C2000&ssl=1\" \/>\n\t<meta property=\"og:image:width\" content=\"2000\" \/>\n\t<meta property=\"og:image:height\" content=\"2000\" \/>\n\t<meta property=\"og:image:type\" content=\"image\/webp\" \/>\n<meta name=\"twitter:card\" content=\"summary_large_image\" \/>\n<meta name=\"twitter:label1\" content=\"Ber\u00e4knad l\u00e4stid\" \/>\n\t<meta name=\"twitter:data1\" content=\"1 minut\" \/>\n<!-- \/ Yoast SEO plugin. -->","yoast_head_json":{"title":"TRUUSK Terrarium f\u00f6r Reptiler - 48L - Glasterrarium - Frontventilation - Stenbakv\u00e4gg - Vridl\u00e5s - 50x30x35 cm - Svart - TRUUSK - Hem, Tr\u00e4dg\u00e5rd &amp; Fritid","robots":{"index":"index","follow":"follow","max-snippet":"max-snippet:-1","max-image-preview":"max-image-preview:large","max-video-preview":"max-video-preview:-1"},"canonical":"https:\/\/truusk.store\/sv\/produkt\/truusk-terrarium-for-reptiler-48l-glasterrarium-frontventilation-stenbakvagg-vridlas-50x30x35-cm-svart\/","og_locale":"sv_SE","og_type":"article","og_title":"TRUUSK Terrarium f\u00f6r Reptiler - 48L - Glasterrarium - Frontventilation - Stenbakv\u00e4gg - Vridl\u00e5s - 50x30x35 cm - Svart - TRUUSK - Hem, Tr\u00e4dg\u00e5rd &amp; Fritid","og_description":"Ett elegant glasterrarium f\u00f6r en klar syn p\u00e5 ditt reptils livsmilj\u00f6. Frontd\u00f6rren med s\u00e4ker knappl\u00e5s f\u00f6rhindrar rymningar, medan det ventilerade...","og_url":"https:\/\/truusk.store\/sv\/produkt\/truusk-terrarium-for-reptiler-48l-glasterrarium-frontventilation-stenbakvagg-vridlas-50x30x35-cm-svart\/","og_site_name":"TRUUSK - Hem, Tr\u00e4dg\u00e5rd &amp; Fritid","article_modified_time":"2026-03-12T07:46:38+00:00","og_image":[{"width":2000,"height":2000,"url":"https:\/\/i0.wp.com\/truusk.se\/wp-content\/uploads\/2026\/02\/terrarium-for-reptiler-glasterrarium-48l-med-frontventilation-stenbakvagg-vridlas-50-x-30-x-35-cm-svart-1.webp?fit=2000%2C2000&ssl=1","type":"image\/webp"}],"twitter_card":"summary_large_image","twitter_misc":{"Ber\u00e4knad l\u00e4stid":"1 minut"},"schema":{"@context":"https:\/\/schema.org","@graph":[{"@type":"WebPage","@id":"https:\/\/truusk.store\/sv\/produkt\/truusk-terrarium-for-reptiler-48l-glasterrarium-frontventilation-stenbakvagg-vridlas-50x30x35-cm-svart\/","url":"https:\/\/truusk.store\/sv\/produkt\/truusk-terrarium-for-reptiler-48l-glasterrarium-frontventilation-stenbakvagg-vridlas-50x30x35-cm-svart\/","name":"TRUUSK Terrarium f\u00f6r Reptiler - 48L - Glasterrarium - Frontventilation - Stenbakv\u00e4gg - Vridl\u00e5s - 50x30x35 cm - Svart - TRUUSK - Hem, Tr\u00e4dg\u00e5rd &amp; Fritid","isPartOf":{"@id":"https:\/\/truusk.store\/sv\/#website"},"primaryImageOfPage":{"@id":"https:\/\/truusk.store\/sv\/produkt\/truusk-terrarium-for-reptiler-48l-glasterrarium-frontventilation-stenbakvagg-vridlas-50x30x35-cm-svart\/#primaryimage"},"image":{"@id":"https:\/\/truusk.store\/sv\/produkt\/truusk-terrarium-for-reptiler-48l-glasterrarium-frontventilation-stenbakvagg-vridlas-50x30x35-cm-svart\/#primaryimage"},"thumbnailUrl":"https:\/\/i0.wp.com\/truusk.store\/wp-content\/uploads\/2026\/02\/terrarium-for-reptiler-glasterrarium-48l-med-frontventilation-stenbakvagg-vridlas-50-x-30-x-35-cm-svart-1.webp?fit=2000%2C2000&ssl=1","datePublished":"2026-02-09T04:28:06+00:00","dateModified":"2026-03-12T07:46:38+00:00","breadcrumb":{"@id":"https:\/\/truusk.store\/sv\/produkt\/truusk-terrarium-for-reptiler-48l-glasterrarium-frontventilation-stenbakvagg-vridlas-50x30x35-cm-svart\/#breadcrumb"},"inLanguage":"sv-SE","potentialAction":[{"@type":"ReadAction","target":["https:\/\/truusk.store\/sv\/produkt\/truusk-terrarium-for-reptiler-48l-glasterrarium-frontventilation-stenbakvagg-vridlas-50x30x35-cm-svart\/"]}]},{"@type":"ImageObject","inLanguage":"sv-SE","@id":"https:\/\/truusk.store\/sv\/produkt\/truusk-terrarium-for-reptiler-48l-glasterrarium-frontventilation-stenbakvagg-vridlas-50x30x35-cm-svart\/#primaryimage","url":"https:\/\/i0.wp.com\/truusk.store\/wp-content\/uploads\/2026\/02\/terrarium-for-reptiler-glasterrarium-48l-med-frontventilation-stenbakvagg-vridlas-50-x-30-x-35-cm-svart-1.webp?fit=2000%2C2000&ssl=1","contentUrl":"https:\/\/i0.wp.com\/truusk.store\/wp-content\/uploads\/2026\/02\/terrarium-for-reptiler-glasterrarium-48l-med-frontventilation-stenbakvagg-vridlas-50-x-30-x-35-cm-svart-1.webp?fit=2000%2C2000&ssl=1","width":2000,"height":2000},{"@type":"BreadcrumbList","@id":"https:\/\/truusk.store\/sv\/produkt\/truusk-terrarium-for-reptiler-48l-glasterrarium-frontventilation-stenbakvagg-vridlas-50x30x35-cm-svart\/#breadcrumb","itemListElement":[{"@type":"ListItem","position":1,"name":"Home","item":"https:\/\/truusk.store\/sv\/"},{"@type":"ListItem","position":2,"name":"Shop","item":"https:\/\/truusk.store\/shop\/"},{"@type":"ListItem","position":3,"name":"TRUUSK Terrarium f\u00f6r Reptiler &#8211; 48L &#8211; Glasterrarium &#8211; Frontventilation &#8211; Stenbakv\u00e4gg &#8211; Vridl\u00e5s &#8211; 50x30x35 cm &#8211; Svart"}]},{"@type":"WebSite","@id":"https:\/\/truusk.store\/sv\/#website","url":"https:\/\/truusk.store\/sv\/","name":"TRUUSK - Hem, Tr\u00e4dg\u00e5rd & Fritid","description":"","publisher":{"@id":"https:\/\/truusk.store\/sv\/#organization"},"potentialAction":[{"@type":"SearchAction","target":{"@type":"EntryPoint","urlTemplate":"https:\/\/truusk.store\/sv\/?s={search_term_string}"},"query-input":{"@type":"PropertyValueSpecification","valueRequired":true,"valueName":"search_term_string"}}],"inLanguage":"sv-SE"},{"@type":"Organization","@id":"https:\/\/truusk.store\/sv\/#organization","name":"TRUUSK - Hem, Tr\u00e4dg\u00e5rd & Fritid","url":"https:\/\/truusk.store\/sv\/","logo":{"@type":"ImageObject","inLanguage":"sv-SE","@id":"https:\/\/truusk.store\/sv\/#\/schema\/logo\/image\/","url":"https:\/\/i0.wp.com\/truusk.store\/wp-content\/uploads\/2026\/03\/cropped-TRUUSK.png?fit=2032%2C917&ssl=1","contentUrl":"https:\/\/i0.wp.com\/truusk.store\/wp-content\/uploads\/2026\/03\/cropped-TRUUSK.png?fit=2032%2C917&ssl=1","width":2032,"height":917,"caption":"TRUUSK - Hem, Tr\u00e4dg\u00e5rd & Fritid"},"image":{"@id":"https:\/\/truusk.store\/sv\/#\/schema\/logo\/image\/"}}]}},"jetpack_sharing_enabled":true,"_links":{"self":[{"href":"https:\/\/truusk.store\/sv\/wp-json\/wp\/v2\/product\/103988","targetHints":{"allow":["GET"]}}],"collection":[{"href":"https:\/\/truusk.store\/sv\/wp-json\/wp\/v2\/product"}],"about":[{"href":"https:\/\/truusk.store\/sv\/wp-json\/wp\/v2\/types\/product"}],"wp:featuredmedia":[{"embeddable":true,"href":"https:\/\/truusk.store\/sv\/wp-json\/wp\/v2\/media\/103976"}],"wp:attachment":[{"href":"https:\/\/truusk.store\/sv\/wp-json\/wp\/v2\/media?parent=103988"}],"wp:term":[{"taxonomy":"product_brand","embeddable":true,"href":"https:\/\/truusk.store\/sv\/wp-json\/wp\/v2\/product_brand?post=103988"},{"taxonomy":"product_cat","embeddable":true,"href":"https:\/\/truusk.store\/sv\/wp-json\/wp\/v2\/product_cat?post=103988"},{"taxonomy":"product_tag","embeddable":true,"href":"https:\/\/truusk.store\/sv\/wp-json\/wp\/v2\/product_tag?post=103988"}],"curies":[{"name":"wp","href":"https:\/\/api.w.org\/{rel}","templated":true}]}}