{"id":104005,"date":"2026-02-09T05:29:48","date_gmt":"2026-02-09T04:29:48","guid":{"rendered":"https:\/\/truusk.store\/product\/modern-fatolj-accentstol-med-bred-sits-och-tjock-stoppning-chenille-polstrad-stol-for-vardagsrummet-beige\/"},"modified":"2026-03-12T08:46:47","modified_gmt":"2026-03-12T07:46:47","slug":"truusk-modern-accentstol-med-bred-sits-och-tjock-stoppning-chenille-polstrad-for-vardagsrummet-beige","status":"publish","type":"product","link":"https:\/\/truusk.store\/sv\/produkt\/truusk-modern-accentstol-med-bred-sits-och-tjock-stoppning-chenille-polstrad-for-vardagsrummet-beige\/","title":{"rendered":"TRUUSK Modern Accentstol med Bred Sits och Tjock Stoppning &#8211; Chenille-Polstrad &#8211; F\u00f6r Vardagsrummet &#8211; Beige"},"content":{"rendered":"<p>Efter en l\u00e5ng dag kan det vara stelt och oroligt att sitta i en f\u00e5t\u00f6lj utan st\u00f6d. [BRAND NAME] f\u00e5t\u00f6ljen f\u00f6rvandlar ditt vardagsrum med molnmjuk chenillekomfort och en 18 cm tjock sits av h\u00f6gdensitetsskum som ger mjukt st\u00f6d f\u00f6r l\u00e4sning, avkoppling eller lugna stunder. Den gener\u00f6sa sittytan p\u00e5 66 x 55 cm och de moderna kromaccenterna skapar en mysig och samtidigt stilfull oas som g\u00f6r daglig avkoppling enkel och lyxig.<\/p>\n<p>Beskrivning:<\/p>\n<ul>\n<li> Den mjuka chenillestoffet p\u00e5 sminkstolen med h\u00f6gdensitetsskum ger daglig komfort som p\u00e5 moln<\/li>\n<li> Stor 66 x 55 cm sits med 18 cm stoppning ger gener\u00f6st st\u00f6d f\u00f6r l\u00e4sning eller avkoppling<\/li>\n<li> 15 cm ryggst\u00f6d och stoppade armst\u00f6d ger ergonomiskt sittande med l\u00e4tthet<\/li>\n<li> Modern kromram med dubbel s\u00f6mrad ger en chic, samtida stil<\/li>\n<li> F\u00f6rst\u00e4rkt flerskiktsplatta och st\u00e5lram b\u00e4r upp till 120 kg<\/li>\n<li> Halkfria fotdynor p\u00e5 l\u00e4sf\u00e5t\u00f6ljen skyddar golvet och ger stabilitet till f\u00e5t\u00f6ljen<\/li>\n<li> Montering kr\u00e4vs<\/li>\n<\/ul>\n<p> Tekniska data:<\/p>\n<ul>\n<li> F\u00e4rg: Beige<\/li>\n<li> Material: Tyg med chenille-look (100% polyester), st\u00e5l, skum, flerskiktsplatta<\/li>\n<li> Totala dimensioner: 76B x 75D x 76H cm<\/li>\n<li> Sitsstorlek: 66B x 55D x 43H cm<\/li>\n<li> Ryggst\u00f6d: 68B x 39H cm<\/li>\n<li> Tjocklek: 18 cm (sits), 15 cm (ryggst\u00f6d)<\/li>\n<li> Armst\u00f6dsh\u00f6jd till sits: 20 cm<\/li>\n<li> Maximal belastning: 120 kg<\/li>\n<\/ul>\n<p>Leveransinneh\u00e5ll:<\/p>\n<ul>\n<li> 1 x F\u00e5t\u00f6lj<\/li>\n<li> 1 x Instruktioner<\/li>\n<\/ul>\n","protected":false},"excerpt":{"rendered":"<p>Efter en l\u00e5ng dag kan det vara stelt och oroligt att sitta i en f\u00e5t\u00f6lj utan st\u00f6d. [BRAND NAME] f\u00e5t\u00f6ljen&#8230;<\/p>\n","protected":false},"featured_media":103996,"template":"","meta":[],"product_brand":[],"product_cat":[938,871,937,910],"product_tag":[],"class_list":{"0":"post-104005","1":"product","2":"type-product","3":"status-publish","4":"has-post-thumbnail","6":"product_cat-einzelsofas","7":"product_cat-hus-hem","8":"product_cat-soffor","9":"product_cat-vardagsrum","11":"first","12":"instock","13":"sale","14":"taxable","15":"shipping-taxable","16":"purchasable","17":"product-type-simple"},"yoast_head":"<!-- This site is optimized with the Yoast SEO plugin v25.4 - https:\/\/yoast.com\/wordpress\/plugins\/seo\/ -->\n<title>TRUUSK Modern Accentstol med Bred Sits och Tjock Stoppning - Chenille-Polstrad - F\u00f6r Vardagsrummet - Beige - TRUUSK - Hem, Tr\u00e4dg\u00e5rd &amp; Fritid<\/title>\n<meta name=\"robots\" content=\"index, follow, max-snippet:-1, max-image-preview:large, max-video-preview:-1\" \/>\n<link rel=\"canonical\" href=\"https:\/\/truusk.store\/sv\/produkt\/truusk-modern-accentstol-med-bred-sits-och-tjock-stoppning-chenille-polstrad-for-vardagsrummet-beige\/\" \/>\n<meta property=\"og:locale\" content=\"sv_SE\" \/>\n<meta property=\"og:type\" content=\"article\" \/>\n<meta property=\"og:title\" content=\"TRUUSK Modern Accentstol med Bred Sits och Tjock Stoppning - Chenille-Polstrad - F\u00f6r Vardagsrummet - Beige - TRUUSK - Hem, Tr\u00e4dg\u00e5rd &amp; Fritid\" \/>\n<meta property=\"og:description\" content=\"Efter en l\u00e5ng dag kan det vara stelt och oroligt att sitta i en f\u00e5t\u00f6lj utan st\u00f6d. [BRAND NAME] f\u00e5t\u00f6ljen...\" \/>\n<meta property=\"og:url\" content=\"https:\/\/truusk.store\/sv\/produkt\/truusk-modern-accentstol-med-bred-sits-och-tjock-stoppning-chenille-polstrad-for-vardagsrummet-beige\/\" \/>\n<meta property=\"og:site_name\" content=\"TRUUSK - Hem, Tr\u00e4dg\u00e5rd &amp; Fritid\" \/>\n<meta property=\"article:modified_time\" content=\"2026-03-12T07:46:47+00:00\" \/>\n<meta property=\"og:image\" content=\"https:\/\/i0.wp.com\/truusk.se\/wp-content\/uploads\/2026\/02\/modern-fatolj-accentstol-med-bred-sits-och-tjock-stoppning-chenille-polstrad-stol-for-vardagsrummet-beige-1.webp?fit=2000%2C2000&ssl=1\" \/>\n\t<meta property=\"og:image:width\" content=\"2000\" \/>\n\t<meta property=\"og:image:height\" content=\"2000\" \/>\n\t<meta property=\"og:image:type\" content=\"image\/webp\" \/>\n<meta name=\"twitter:card\" content=\"summary_large_image\" \/>\n<meta name=\"twitter:label1\" content=\"Ber\u00e4knad l\u00e4stid\" \/>\n\t<meta name=\"twitter:data1\" content=\"1 minut\" \/>\n<!-- \/ Yoast SEO plugin. -->","yoast_head_json":{"title":"TRUUSK Modern Accentstol med Bred Sits och Tjock Stoppning - Chenille-Polstrad - F\u00f6r Vardagsrummet - Beige - TRUUSK - Hem, Tr\u00e4dg\u00e5rd &amp; Fritid","robots":{"index":"index","follow":"follow","max-snippet":"max-snippet:-1","max-image-preview":"max-image-preview:large","max-video-preview":"max-video-preview:-1"},"canonical":"https:\/\/truusk.store\/sv\/produkt\/truusk-modern-accentstol-med-bred-sits-och-tjock-stoppning-chenille-polstrad-for-vardagsrummet-beige\/","og_locale":"sv_SE","og_type":"article","og_title":"TRUUSK Modern Accentstol med Bred Sits och Tjock Stoppning - Chenille-Polstrad - F\u00f6r Vardagsrummet - Beige - TRUUSK - Hem, Tr\u00e4dg\u00e5rd &amp; Fritid","og_description":"Efter en l\u00e5ng dag kan det vara stelt och oroligt att sitta i en f\u00e5t\u00f6lj utan st\u00f6d. [BRAND NAME] f\u00e5t\u00f6ljen...","og_url":"https:\/\/truusk.store\/sv\/produkt\/truusk-modern-accentstol-med-bred-sits-och-tjock-stoppning-chenille-polstrad-for-vardagsrummet-beige\/","og_site_name":"TRUUSK - Hem, Tr\u00e4dg\u00e5rd &amp; Fritid","article_modified_time":"2026-03-12T07:46:47+00:00","og_image":[{"width":2000,"height":2000,"url":"https:\/\/i0.wp.com\/truusk.se\/wp-content\/uploads\/2026\/02\/modern-fatolj-accentstol-med-bred-sits-och-tjock-stoppning-chenille-polstrad-stol-for-vardagsrummet-beige-1.webp?fit=2000%2C2000&ssl=1","type":"image\/webp"}],"twitter_card":"summary_large_image","twitter_misc":{"Ber\u00e4knad l\u00e4stid":"1 minut"},"schema":{"@context":"https:\/\/schema.org","@graph":[{"@type":"WebPage","@id":"https:\/\/truusk.store\/sv\/produkt\/truusk-modern-accentstol-med-bred-sits-och-tjock-stoppning-chenille-polstrad-for-vardagsrummet-beige\/","url":"https:\/\/truusk.store\/sv\/produkt\/truusk-modern-accentstol-med-bred-sits-och-tjock-stoppning-chenille-polstrad-for-vardagsrummet-beige\/","name":"TRUUSK Modern Accentstol med Bred Sits och Tjock Stoppning - Chenille-Polstrad - F\u00f6r Vardagsrummet - Beige - TRUUSK - Hem, Tr\u00e4dg\u00e5rd &amp; Fritid","isPartOf":{"@id":"https:\/\/truusk.store\/sv\/#website"},"primaryImageOfPage":{"@id":"https:\/\/truusk.store\/sv\/produkt\/truusk-modern-accentstol-med-bred-sits-och-tjock-stoppning-chenille-polstrad-for-vardagsrummet-beige\/#primaryimage"},"image":{"@id":"https:\/\/truusk.store\/sv\/produkt\/truusk-modern-accentstol-med-bred-sits-och-tjock-stoppning-chenille-polstrad-for-vardagsrummet-beige\/#primaryimage"},"thumbnailUrl":"https:\/\/i0.wp.com\/truusk.store\/wp-content\/uploads\/2026\/02\/modern-fatolj-accentstol-med-bred-sits-och-tjock-stoppning-chenille-polstrad-stol-for-vardagsrummet-beige-1.webp?fit=2000%2C2000&ssl=1","datePublished":"2026-02-09T04:29:48+00:00","dateModified":"2026-03-12T07:46:47+00:00","breadcrumb":{"@id":"https:\/\/truusk.store\/sv\/produkt\/truusk-modern-accentstol-med-bred-sits-och-tjock-stoppning-chenille-polstrad-for-vardagsrummet-beige\/#breadcrumb"},"inLanguage":"sv-SE","potentialAction":[{"@type":"ReadAction","target":["https:\/\/truusk.store\/sv\/produkt\/truusk-modern-accentstol-med-bred-sits-och-tjock-stoppning-chenille-polstrad-for-vardagsrummet-beige\/"]}]},{"@type":"ImageObject","inLanguage":"sv-SE","@id":"https:\/\/truusk.store\/sv\/produkt\/truusk-modern-accentstol-med-bred-sits-och-tjock-stoppning-chenille-polstrad-for-vardagsrummet-beige\/#primaryimage","url":"https:\/\/i0.wp.com\/truusk.store\/wp-content\/uploads\/2026\/02\/modern-fatolj-accentstol-med-bred-sits-och-tjock-stoppning-chenille-polstrad-stol-for-vardagsrummet-beige-1.webp?fit=2000%2C2000&ssl=1","contentUrl":"https:\/\/i0.wp.com\/truusk.store\/wp-content\/uploads\/2026\/02\/modern-fatolj-accentstol-med-bred-sits-och-tjock-stoppning-chenille-polstrad-stol-for-vardagsrummet-beige-1.webp?fit=2000%2C2000&ssl=1","width":2000,"height":2000},{"@type":"BreadcrumbList","@id":"https:\/\/truusk.store\/sv\/produkt\/truusk-modern-accentstol-med-bred-sits-och-tjock-stoppning-chenille-polstrad-for-vardagsrummet-beige\/#breadcrumb","itemListElement":[{"@type":"ListItem","position":1,"name":"Home","item":"https:\/\/truusk.store\/sv\/"},{"@type":"ListItem","position":2,"name":"Shop","item":"https:\/\/truusk.store\/shop\/"},{"@type":"ListItem","position":3,"name":"TRUUSK Modern Accentstol med Bred Sits och Tjock Stoppning &#8211; Chenille-Polstrad &#8211; F\u00f6r Vardagsrummet &#8211; Beige"}]},{"@type":"WebSite","@id":"https:\/\/truusk.store\/sv\/#website","url":"https:\/\/truusk.store\/sv\/","name":"TRUUSK - Hem, Tr\u00e4dg\u00e5rd & Fritid","description":"","publisher":{"@id":"https:\/\/truusk.store\/sv\/#organization"},"potentialAction":[{"@type":"SearchAction","target":{"@type":"EntryPoint","urlTemplate":"https:\/\/truusk.store\/sv\/?s={search_term_string}"},"query-input":{"@type":"PropertyValueSpecification","valueRequired":true,"valueName":"search_term_string"}}],"inLanguage":"sv-SE"},{"@type":"Organization","@id":"https:\/\/truusk.store\/sv\/#organization","name":"TRUUSK - Hem, Tr\u00e4dg\u00e5rd & Fritid","url":"https:\/\/truusk.store\/sv\/","logo":{"@type":"ImageObject","inLanguage":"sv-SE","@id":"https:\/\/truusk.store\/sv\/#\/schema\/logo\/image\/","url":"https:\/\/i0.wp.com\/truusk.store\/wp-content\/uploads\/2026\/03\/cropped-TRUUSK.png?fit=2032%2C917&ssl=1","contentUrl":"https:\/\/i0.wp.com\/truusk.store\/wp-content\/uploads\/2026\/03\/cropped-TRUUSK.png?fit=2032%2C917&ssl=1","width":2032,"height":917,"caption":"TRUUSK - Hem, Tr\u00e4dg\u00e5rd & Fritid"},"image":{"@id":"https:\/\/truusk.store\/sv\/#\/schema\/logo\/image\/"}}]}},"jetpack_sharing_enabled":true,"_links":{"self":[{"href":"https:\/\/truusk.store\/sv\/wp-json\/wp\/v2\/product\/104005","targetHints":{"allow":["GET"]}}],"collection":[{"href":"https:\/\/truusk.store\/sv\/wp-json\/wp\/v2\/product"}],"about":[{"href":"https:\/\/truusk.store\/sv\/wp-json\/wp\/v2\/types\/product"}],"wp:featuredmedia":[{"embeddable":true,"href":"https:\/\/truusk.store\/sv\/wp-json\/wp\/v2\/media\/103996"}],"wp:attachment":[{"href":"https:\/\/truusk.store\/sv\/wp-json\/wp\/v2\/media?parent=104005"}],"wp:term":[{"taxonomy":"product_brand","embeddable":true,"href":"https:\/\/truusk.store\/sv\/wp-json\/wp\/v2\/product_brand?post=104005"},{"taxonomy":"product_cat","embeddable":true,"href":"https:\/\/truusk.store\/sv\/wp-json\/wp\/v2\/product_cat?post=104005"},{"taxonomy":"product_tag","embeddable":true,"href":"https:\/\/truusk.store\/sv\/wp-json\/wp\/v2\/product_tag?post=104005"}],"curies":[{"name":"wp","href":"https:\/\/api.w.org\/{rel}","templated":true}]}}