{"id":104047,"date":"2026-02-09T05:34:28","date_gmt":"2026-02-09T04:34:28","guid":{"rendered":"https:\/\/truusk.store\/product\/multifunktionell-hantelbank-justerbar-lutande-och-platt-bank-med-6-stegs-ryggstod-3-stegs-sittplats-svart\/"},"modified":"2026-03-12T08:48:34","modified_gmt":"2026-03-12T07:48:34","slug":"truusk-multifunktionell-hantelbank-justerbar-lutande-och-platt-bank-6-stegs-ryggstod-3-stegs-sittplats-svart","status":"publish","type":"product","link":"https:\/\/truusk.store\/sv\/produkt\/truusk-multifunktionell-hantelbank-justerbar-lutande-och-platt-bank-6-stegs-ryggstod-3-stegs-sittplats-svart\/","title":{"rendered":"TRUUSK Multifunktionell Hantelb\u00e4nk &#8211; Justerbar Lutande och Platt B\u00e4nk &#8211; 6-stegs Ryggst\u00f6d &#8211; 3-stegs Sittplats &#8211; Svart"},"content":{"rendered":"<p>F\u00f6rb\u00e4ttra din hemtr\u00e4ning med [BRAND NAME] lutande, platta och negativa b\u00e4nk! Den 6-stegs ryggst\u00f6det och 3-stegs s\u00e4tet m\u00f6jligg\u00f6r riktade \u00f6vningar f\u00f6r alla muskelgrupper. Skapa ordning: vikth\u00e5llare f\u00f6r upp till 30 kg. Justerbara konstl\u00e4derdynor p\u00e5 lutningsb\u00e4nken ger komfort, inklusive 7-stegs armb\u00e5gspolstring f\u00f6r curls och 4-stegs justerbara fotledspolstringar f\u00f6r stabilitet.<\/p>\n<p>Beskrivning:<\/p>\n<ul>\n<li> 6-stegs ryggst\u00f6d och 3-sitsvinklar m\u00f6jligg\u00f6r individuella \u00f6vningar<\/li>\n<li> Snabba positions\u00e4ndringar av tr\u00e4ningsb\u00e4nken f\u00f6r tr\u00e4ning av br\u00f6st, axlar, rygg och armar<\/li>\n<li> St\u00e5lr\u00f6r erbjuder plats f\u00f6r upp till 30 kg viktskivor<\/li>\n<li> F\u00f6rvaring av viktskivor h\u00e5ller ditt hemgym snyggt och organiserat<\/li>\n<li> Konstl\u00e4derdynor erbjuder komfort och anpassningsf\u00f6rm\u00e5ga vid intensiva tr\u00e4ningspass<\/li>\n<li> Justerbara armb\u00e5gs- och fotdynor p\u00e5 tr\u00e4ningsb\u00e4nken anpassar sig till olika kroppsstorlekar och \u00f6vningar<\/li>\n<li> St\u00f6djer \u00f6vningar f\u00f6r \u00f6verkropp och underkropp f\u00f6r maximal tr\u00e4ningsvariation<\/li>\n<li> Robust st\u00e5lram h\u00e5ller upp till 150 kg och har halkfria fot\u00f6verdrag<\/li>\n<\/ul>\n<p> Tekniska data:<\/p>\n<ul>\n<li> F\u00e4rg: Svart<\/li>\n<li> Material: St\u00e5l, konstl\u00e4der<\/li>\n<li> Totala dimensioner: 180L x 68,5B x 93,5H cm<\/li>\n<li> Sitsstorlek: 35L x 29D cm<\/li>\n<li> Ryggstorlek: 64L x 28,5B cm<\/li>\n<li> Sits h\u00f6jdjustering: 49-68 cm<\/li>\n<li> Justerbar vinkel p\u00e5 ryggst\u00f6d: -15\u00b0, 180\u00b0, 15\u00b0, 30\u00b0, 60\u00b0, 90\u00b0<\/li>\n<li> Storlek p\u00e5 armb\u00e5gspolstring: 30L x 16B cm<\/li>\n<li> H\u00f6jd p\u00e5 armb\u00e5gspolstring: 81-93 cm<\/li>\n<li> Storlek p\u00e5 huvudkudde: 23L x 23B x 5D cm<\/li>\n<li> B\u00e4rf\u00f6rm\u00e5ga: 150 kg (med anv\u00e4ndare och hantlar)<\/li>\n<\/ul>\n<p>Leverans inneh\u00e5ller:<\/p>\n<ul>\n<li> 1 x Hantelb\u00e4nk<\/li>\n<li> 1 x Instruktioner<\/li>\n<\/ul>\n","protected":false},"excerpt":{"rendered":"<p>F\u00f6rb\u00e4ttra din hemtr\u00e4ning med [BRAND NAME] lutande, platta och negativa b\u00e4nk! Den 6-stegs ryggst\u00f6det och 3-stegs s\u00e4tet m\u00f6jligg\u00f6r riktade \u00f6vningar&#8230;<\/p>\n","protected":false},"featured_media":104036,"template":"","meta":[],"product_brand":[],"product_cat":[873,892,647,665],"product_tag":[],"class_list":{"0":"post-104047","1":"product","2":"type-product","3":"status-publish","4":"has-post-thumbnail","6":"product_cat-fitness-styrketraning","7":"product_cat-hantelbanke","8":"product_cat-sport-fritid","9":"product_cat-styrketraning","11":"first","12":"instock","13":"sale","14":"taxable","15":"shipping-taxable","16":"purchasable","17":"product-type-simple"},"yoast_head":"<!-- This site is optimized with the Yoast SEO plugin v25.4 - https:\/\/yoast.com\/wordpress\/plugins\/seo\/ -->\n<title>TRUUSK Multifunktionell Hantelb\u00e4nk - Justerbar Lutande och Platt B\u00e4nk - 6-stegs Ryggst\u00f6d - 3-stegs Sittplats - Svart - TRUUSK - Hem, Tr\u00e4dg\u00e5rd &amp; Fritid<\/title>\n<meta name=\"robots\" content=\"index, follow, max-snippet:-1, max-image-preview:large, max-video-preview:-1\" \/>\n<link rel=\"canonical\" href=\"https:\/\/truusk.store\/sv\/produkt\/truusk-multifunktionell-hantelbank-justerbar-lutande-och-platt-bank-6-stegs-ryggstod-3-stegs-sittplats-svart\/\" \/>\n<meta property=\"og:locale\" content=\"sv_SE\" \/>\n<meta property=\"og:type\" content=\"article\" \/>\n<meta property=\"og:title\" content=\"TRUUSK Multifunktionell Hantelb\u00e4nk - Justerbar Lutande och Platt B\u00e4nk - 6-stegs Ryggst\u00f6d - 3-stegs Sittplats - Svart - TRUUSK - Hem, Tr\u00e4dg\u00e5rd &amp; Fritid\" \/>\n<meta property=\"og:description\" content=\"F\u00f6rb\u00e4ttra din hemtr\u00e4ning med [BRAND NAME] lutande, platta och negativa b\u00e4nk! Den 6-stegs ryggst\u00f6det och 3-stegs s\u00e4tet m\u00f6jligg\u00f6r riktade \u00f6vningar...\" \/>\n<meta property=\"og:url\" content=\"https:\/\/truusk.store\/sv\/produkt\/truusk-multifunktionell-hantelbank-justerbar-lutande-och-platt-bank-6-stegs-ryggstod-3-stegs-sittplats-svart\/\" \/>\n<meta property=\"og:site_name\" content=\"TRUUSK - Hem, Tr\u00e4dg\u00e5rd &amp; Fritid\" \/>\n<meta property=\"article:modified_time\" content=\"2026-03-12T07:48:34+00:00\" \/>\n<meta property=\"og:image\" content=\"https:\/\/i0.wp.com\/truusk.se\/wp-content\/uploads\/2026\/02\/multifunktionell-hantelbank-justerbar-lutande-och-platt-bank-med-6-stegs-ryggstod-3-stegs-sittplats-svart-1.webp?fit=2000%2C2000&ssl=1\" \/>\n\t<meta property=\"og:image:width\" content=\"2000\" \/>\n\t<meta property=\"og:image:height\" content=\"2000\" \/>\n\t<meta property=\"og:image:type\" content=\"image\/webp\" \/>\n<meta name=\"twitter:card\" content=\"summary_large_image\" \/>\n<meta name=\"twitter:label1\" content=\"Ber\u00e4knad l\u00e4stid\" \/>\n\t<meta name=\"twitter:data1\" content=\"1 minut\" \/>\n<!-- \/ Yoast SEO plugin. -->","yoast_head_json":{"title":"TRUUSK Multifunktionell Hantelb\u00e4nk - Justerbar Lutande och Platt B\u00e4nk - 6-stegs Ryggst\u00f6d - 3-stegs Sittplats - Svart - TRUUSK - Hem, Tr\u00e4dg\u00e5rd &amp; Fritid","robots":{"index":"index","follow":"follow","max-snippet":"max-snippet:-1","max-image-preview":"max-image-preview:large","max-video-preview":"max-video-preview:-1"},"canonical":"https:\/\/truusk.store\/sv\/produkt\/truusk-multifunktionell-hantelbank-justerbar-lutande-och-platt-bank-6-stegs-ryggstod-3-stegs-sittplats-svart\/","og_locale":"sv_SE","og_type":"article","og_title":"TRUUSK Multifunktionell Hantelb\u00e4nk - Justerbar Lutande och Platt B\u00e4nk - 6-stegs Ryggst\u00f6d - 3-stegs Sittplats - Svart - TRUUSK - Hem, Tr\u00e4dg\u00e5rd &amp; Fritid","og_description":"F\u00f6rb\u00e4ttra din hemtr\u00e4ning med [BRAND NAME] lutande, platta och negativa b\u00e4nk! Den 6-stegs ryggst\u00f6det och 3-stegs s\u00e4tet m\u00f6jligg\u00f6r riktade \u00f6vningar...","og_url":"https:\/\/truusk.store\/sv\/produkt\/truusk-multifunktionell-hantelbank-justerbar-lutande-och-platt-bank-6-stegs-ryggstod-3-stegs-sittplats-svart\/","og_site_name":"TRUUSK - Hem, Tr\u00e4dg\u00e5rd &amp; Fritid","article_modified_time":"2026-03-12T07:48:34+00:00","og_image":[{"width":2000,"height":2000,"url":"https:\/\/i0.wp.com\/truusk.se\/wp-content\/uploads\/2026\/02\/multifunktionell-hantelbank-justerbar-lutande-och-platt-bank-med-6-stegs-ryggstod-3-stegs-sittplats-svart-1.webp?fit=2000%2C2000&ssl=1","type":"image\/webp"}],"twitter_card":"summary_large_image","twitter_misc":{"Ber\u00e4knad l\u00e4stid":"1 minut"},"schema":{"@context":"https:\/\/schema.org","@graph":[{"@type":"WebPage","@id":"https:\/\/truusk.store\/sv\/produkt\/truusk-multifunktionell-hantelbank-justerbar-lutande-och-platt-bank-6-stegs-ryggstod-3-stegs-sittplats-svart\/","url":"https:\/\/truusk.store\/sv\/produkt\/truusk-multifunktionell-hantelbank-justerbar-lutande-och-platt-bank-6-stegs-ryggstod-3-stegs-sittplats-svart\/","name":"TRUUSK Multifunktionell Hantelb\u00e4nk - Justerbar Lutande och Platt B\u00e4nk - 6-stegs Ryggst\u00f6d - 3-stegs Sittplats - Svart - TRUUSK - Hem, Tr\u00e4dg\u00e5rd &amp; Fritid","isPartOf":{"@id":"https:\/\/truusk.store\/sv\/#website"},"primaryImageOfPage":{"@id":"https:\/\/truusk.store\/sv\/produkt\/truusk-multifunktionell-hantelbank-justerbar-lutande-och-platt-bank-6-stegs-ryggstod-3-stegs-sittplats-svart\/#primaryimage"},"image":{"@id":"https:\/\/truusk.store\/sv\/produkt\/truusk-multifunktionell-hantelbank-justerbar-lutande-och-platt-bank-6-stegs-ryggstod-3-stegs-sittplats-svart\/#primaryimage"},"thumbnailUrl":"https:\/\/i0.wp.com\/truusk.store\/wp-content\/uploads\/2026\/02\/multifunktionell-hantelbank-justerbar-lutande-och-platt-bank-med-6-stegs-ryggstod-3-stegs-sittplats-svart-1.webp?fit=2000%2C2000&ssl=1","datePublished":"2026-02-09T04:34:28+00:00","dateModified":"2026-03-12T07:48:34+00:00","breadcrumb":{"@id":"https:\/\/truusk.store\/sv\/produkt\/truusk-multifunktionell-hantelbank-justerbar-lutande-och-platt-bank-6-stegs-ryggstod-3-stegs-sittplats-svart\/#breadcrumb"},"inLanguage":"sv-SE","potentialAction":[{"@type":"ReadAction","target":["https:\/\/truusk.store\/sv\/produkt\/truusk-multifunktionell-hantelbank-justerbar-lutande-och-platt-bank-6-stegs-ryggstod-3-stegs-sittplats-svart\/"]}]},{"@type":"ImageObject","inLanguage":"sv-SE","@id":"https:\/\/truusk.store\/sv\/produkt\/truusk-multifunktionell-hantelbank-justerbar-lutande-och-platt-bank-6-stegs-ryggstod-3-stegs-sittplats-svart\/#primaryimage","url":"https:\/\/i0.wp.com\/truusk.store\/wp-content\/uploads\/2026\/02\/multifunktionell-hantelbank-justerbar-lutande-och-platt-bank-med-6-stegs-ryggstod-3-stegs-sittplats-svart-1.webp?fit=2000%2C2000&ssl=1","contentUrl":"https:\/\/i0.wp.com\/truusk.store\/wp-content\/uploads\/2026\/02\/multifunktionell-hantelbank-justerbar-lutande-och-platt-bank-med-6-stegs-ryggstod-3-stegs-sittplats-svart-1.webp?fit=2000%2C2000&ssl=1","width":2000,"height":2000},{"@type":"BreadcrumbList","@id":"https:\/\/truusk.store\/sv\/produkt\/truusk-multifunktionell-hantelbank-justerbar-lutande-och-platt-bank-6-stegs-ryggstod-3-stegs-sittplats-svart\/#breadcrumb","itemListElement":[{"@type":"ListItem","position":1,"name":"Home","item":"https:\/\/truusk.store\/sv\/"},{"@type":"ListItem","position":2,"name":"Shop","item":"https:\/\/truusk.store\/shop\/"},{"@type":"ListItem","position":3,"name":"TRUUSK Multifunktionell Hantelb\u00e4nk &#8211; Justerbar Lutande och Platt B\u00e4nk &#8211; 6-stegs Ryggst\u00f6d &#8211; 3-stegs Sittplats &#8211; Svart"}]},{"@type":"WebSite","@id":"https:\/\/truusk.store\/sv\/#website","url":"https:\/\/truusk.store\/sv\/","name":"TRUUSK - Hem, Tr\u00e4dg\u00e5rd & Fritid","description":"","publisher":{"@id":"https:\/\/truusk.store\/sv\/#organization"},"potentialAction":[{"@type":"SearchAction","target":{"@type":"EntryPoint","urlTemplate":"https:\/\/truusk.store\/sv\/?s={search_term_string}"},"query-input":{"@type":"PropertyValueSpecification","valueRequired":true,"valueName":"search_term_string"}}],"inLanguage":"sv-SE"},{"@type":"Organization","@id":"https:\/\/truusk.store\/sv\/#organization","name":"TRUUSK - Hem, Tr\u00e4dg\u00e5rd & Fritid","url":"https:\/\/truusk.store\/sv\/","logo":{"@type":"ImageObject","inLanguage":"sv-SE","@id":"https:\/\/truusk.store\/sv\/#\/schema\/logo\/image\/","url":"https:\/\/i0.wp.com\/truusk.store\/wp-content\/uploads\/2026\/03\/cropped-TRUUSK.png?fit=2032%2C917&ssl=1","contentUrl":"https:\/\/i0.wp.com\/truusk.store\/wp-content\/uploads\/2026\/03\/cropped-TRUUSK.png?fit=2032%2C917&ssl=1","width":2032,"height":917,"caption":"TRUUSK - Hem, Tr\u00e4dg\u00e5rd & Fritid"},"image":{"@id":"https:\/\/truusk.store\/sv\/#\/schema\/logo\/image\/"}}]}},"jetpack_sharing_enabled":true,"_links":{"self":[{"href":"https:\/\/truusk.store\/sv\/wp-json\/wp\/v2\/product\/104047","targetHints":{"allow":["GET"]}}],"collection":[{"href":"https:\/\/truusk.store\/sv\/wp-json\/wp\/v2\/product"}],"about":[{"href":"https:\/\/truusk.store\/sv\/wp-json\/wp\/v2\/types\/product"}],"wp:featuredmedia":[{"embeddable":true,"href":"https:\/\/truusk.store\/sv\/wp-json\/wp\/v2\/media\/104036"}],"wp:attachment":[{"href":"https:\/\/truusk.store\/sv\/wp-json\/wp\/v2\/media?parent=104047"}],"wp:term":[{"taxonomy":"product_brand","embeddable":true,"href":"https:\/\/truusk.store\/sv\/wp-json\/wp\/v2\/product_brand?post=104047"},{"taxonomy":"product_cat","embeddable":true,"href":"https:\/\/truusk.store\/sv\/wp-json\/wp\/v2\/product_cat?post=104047"},{"taxonomy":"product_tag","embeddable":true,"href":"https:\/\/truusk.store\/sv\/wp-json\/wp\/v2\/product_tag?post=104047"}],"curies":[{"name":"wp","href":"https:\/\/api.w.org\/{rel}","templated":true}]}}