{"id":104055,"date":"2026-02-09T05:35:14","date_gmt":"2026-02-09T04:35:14","guid":{"rendered":"https:\/\/truusk.store\/product\/industriell-sekreterarskrivbord-med-hyllor-och-metallram-100-cm-naturligt-tra-och-svart\/"},"modified":"2026-03-12T08:48:48","modified_gmt":"2026-03-12T07:48:48","slug":"truusk-industriellt-sekreterarskrivbord-med-hyllor-metallram-100-cm-naturligt-tra-svart","status":"publish","type":"product","link":"https:\/\/truusk.store\/sv\/produkt\/truusk-industriellt-sekreterarskrivbord-med-hyllor-metallram-100-cm-naturligt-tra-svart\/","title":{"rendered":"TRUUSK Industriellt Sekreterarskrivbord &#8211; Med Hyllor &#8211; Metallram &#8211; 100 cm &#8211; Naturligt Tr\u00e4 &#8211; Svart"},"content":{"rendered":"<p>Att skapa en arbetsyta i ett litet utrymme kan vara sv\u00e5rt. [BRAND NAME] sekret\u00e4rskrivbord med 100 cm arbetsyta, fem \u00f6vre hyllor och ett sk\u00e5p med fyra fack ger ordning. Det \u00e4r hopf\u00e4llbart, utrymmeseffektivt och g\u00f6r varje rum funktionellt. Denna genomt\u00e4nkta design ger lugn och f\u00f6rb\u00e4ttrar din dagliga rutin.<\/p>\n<p>Beskrivning:<\/p>\n<ul>\n<li> Sekret\u00e4rskrivbord med en nedf\u00e4llbar d\u00f6rr som skapar en 100 cm bred arbetsyta<\/li>\n<li> Totalt nio fack erbjuder gott om f\u00f6rvaringsutrymme f\u00f6r arbetsmaterial och b\u00f6cker<\/li>\n<li> Nedre sk\u00e5pfacket har en justerbar hylla med tre positioner f\u00f6r individuellt anpassad organisation<\/li>\n<li> Kombinerar modern industriell stil med ett tr\u00e4utseende och en svart metallram<\/li>\n<li> Tillverkad av FSC-certifierad sp\u00e5nskiva och MDF-ram f\u00f6r h\u00e5llbarhet<\/li>\n<li> Metallben med justerbara fotdynor f\u00f6r stabilitet p\u00e5 oj\u00e4mna golv<\/li>\n<li> Montering kr\u00e4vs<\/li>\n<\/ul>\n<p> Tekniska specifikationer:<\/p>\n<ul>\n<li> F\u00e4rg: Naturtr\u00e4+Svart<\/li>\n<li> Material: Sp\u00e5nskiva, MDF, metall, aluminiumlegering<\/li>\n<li> Totala dimensioner: 100L x 40B x 115H cm<\/li>\n<li> Storlek p\u00e5 bordsskiva: 100L x 37B cm<\/li>\n<li> Hyllstorlek: 47,5B x 24T x 11H cm (V\u00e4nster), 47,5B x 24T x 17H cm (H\u00f6ger), 47,5B x 38T x 24,5H cm (Sk\u00e5p \u00d6ver), 47,5B x 38T x 28H cm (Sk\u00e5p Under)<\/li>\n<li> B\u00e4rkapacitet: 50 kg (Totalt), 5 kg (Bordsskiva), 5 kg (Hylla)<\/li>\n<\/ul>\n<p>Leverans inneh\u00e5ller:<\/p>\n<ul>\n<li> 1 x Sekret\u00e4rskrivbord<\/li>\n<li> 1 x Instruktioner<\/li>\n<\/ul>\n","protected":false},"excerpt":{"rendered":"<p>Att skapa en arbetsyta i ett litet utrymme kan vara sv\u00e5rt. [BRAND NAME] sekret\u00e4rskrivbord med 100 cm arbetsyta, fem \u00f6vre&#8230;<\/p>\n","protected":false},"featured_media":104043,"template":"","meta":[],"product_brand":[],"product_cat":[936,872,502],"product_tag":[],"class_list":{"0":"post-104055","1":"product","2":"type-product","3":"status-publish","4":"has-post-thumbnail","6":"product_cat-hem-boende","7":"product_cat-hemmakontor-arbetsplats","8":"product_cat-skrivbord","10":"first","11":"instock","12":"sale","13":"taxable","14":"shipping-taxable","15":"purchasable","16":"product-type-simple"},"yoast_head":"<!-- This site is optimized with the Yoast SEO plugin v25.4 - https:\/\/yoast.com\/wordpress\/plugins\/seo\/ -->\n<title>TRUUSK Industriellt Sekreterarskrivbord - Med Hyllor - Metallram - 100 cm - Naturligt Tr\u00e4 - Svart - TRUUSK - Hem, Tr\u00e4dg\u00e5rd &amp; Fritid<\/title>\n<meta name=\"robots\" content=\"index, follow, max-snippet:-1, max-image-preview:large, max-video-preview:-1\" \/>\n<link rel=\"canonical\" href=\"https:\/\/truusk.store\/sv\/produkt\/truusk-industriellt-sekreterarskrivbord-med-hyllor-metallram-100-cm-naturligt-tra-svart\/\" \/>\n<meta property=\"og:locale\" content=\"sv_SE\" \/>\n<meta property=\"og:type\" content=\"article\" \/>\n<meta property=\"og:title\" content=\"TRUUSK Industriellt Sekreterarskrivbord - Med Hyllor - Metallram - 100 cm - Naturligt Tr\u00e4 - Svart - TRUUSK - Hem, Tr\u00e4dg\u00e5rd &amp; Fritid\" \/>\n<meta property=\"og:description\" content=\"Att skapa en arbetsyta i ett litet utrymme kan vara sv\u00e5rt. [BRAND NAME] sekret\u00e4rskrivbord med 100 cm arbetsyta, fem \u00f6vre...\" \/>\n<meta property=\"og:url\" content=\"https:\/\/truusk.store\/sv\/produkt\/truusk-industriellt-sekreterarskrivbord-med-hyllor-metallram-100-cm-naturligt-tra-svart\/\" \/>\n<meta property=\"og:site_name\" content=\"TRUUSK - Hem, Tr\u00e4dg\u00e5rd &amp; Fritid\" \/>\n<meta property=\"article:modified_time\" content=\"2026-03-12T07:48:48+00:00\" \/>\n<meta property=\"og:image\" content=\"https:\/\/i0.wp.com\/truusk.se\/wp-content\/uploads\/2026\/02\/industriell-sekreterarskrivbord-med-hyllor-och-metallram-100-cm-naturligt-tra-och-svart-1.webp?fit=2000%2C2000&ssl=1\" \/>\n\t<meta property=\"og:image:width\" content=\"2000\" \/>\n\t<meta property=\"og:image:height\" content=\"2000\" \/>\n\t<meta property=\"og:image:type\" content=\"image\/webp\" \/>\n<meta name=\"twitter:card\" content=\"summary_large_image\" \/>\n<meta name=\"twitter:label1\" content=\"Ber\u00e4knad l\u00e4stid\" \/>\n\t<meta name=\"twitter:data1\" content=\"1 minut\" \/>\n<!-- \/ Yoast SEO plugin. -->","yoast_head_json":{"title":"TRUUSK Industriellt Sekreterarskrivbord - Med Hyllor - Metallram - 100 cm - Naturligt Tr\u00e4 - Svart - TRUUSK - Hem, Tr\u00e4dg\u00e5rd &amp; Fritid","robots":{"index":"index","follow":"follow","max-snippet":"max-snippet:-1","max-image-preview":"max-image-preview:large","max-video-preview":"max-video-preview:-1"},"canonical":"https:\/\/truusk.store\/sv\/produkt\/truusk-industriellt-sekreterarskrivbord-med-hyllor-metallram-100-cm-naturligt-tra-svart\/","og_locale":"sv_SE","og_type":"article","og_title":"TRUUSK Industriellt Sekreterarskrivbord - Med Hyllor - Metallram - 100 cm - Naturligt Tr\u00e4 - Svart - TRUUSK - Hem, Tr\u00e4dg\u00e5rd &amp; Fritid","og_description":"Att skapa en arbetsyta i ett litet utrymme kan vara sv\u00e5rt. [BRAND NAME] sekret\u00e4rskrivbord med 100 cm arbetsyta, fem \u00f6vre...","og_url":"https:\/\/truusk.store\/sv\/produkt\/truusk-industriellt-sekreterarskrivbord-med-hyllor-metallram-100-cm-naturligt-tra-svart\/","og_site_name":"TRUUSK - Hem, Tr\u00e4dg\u00e5rd &amp; Fritid","article_modified_time":"2026-03-12T07:48:48+00:00","og_image":[{"width":2000,"height":2000,"url":"https:\/\/i0.wp.com\/truusk.se\/wp-content\/uploads\/2026\/02\/industriell-sekreterarskrivbord-med-hyllor-och-metallram-100-cm-naturligt-tra-och-svart-1.webp?fit=2000%2C2000&ssl=1","type":"image\/webp"}],"twitter_card":"summary_large_image","twitter_misc":{"Ber\u00e4knad l\u00e4stid":"1 minut"},"schema":{"@context":"https:\/\/schema.org","@graph":[{"@type":"WebPage","@id":"https:\/\/truusk.store\/sv\/produkt\/truusk-industriellt-sekreterarskrivbord-med-hyllor-metallram-100-cm-naturligt-tra-svart\/","url":"https:\/\/truusk.store\/sv\/produkt\/truusk-industriellt-sekreterarskrivbord-med-hyllor-metallram-100-cm-naturligt-tra-svart\/","name":"TRUUSK Industriellt Sekreterarskrivbord - Med Hyllor - Metallram - 100 cm - Naturligt Tr\u00e4 - Svart - TRUUSK - Hem, Tr\u00e4dg\u00e5rd &amp; Fritid","isPartOf":{"@id":"https:\/\/truusk.store\/sv\/#website"},"primaryImageOfPage":{"@id":"https:\/\/truusk.store\/sv\/produkt\/truusk-industriellt-sekreterarskrivbord-med-hyllor-metallram-100-cm-naturligt-tra-svart\/#primaryimage"},"image":{"@id":"https:\/\/truusk.store\/sv\/produkt\/truusk-industriellt-sekreterarskrivbord-med-hyllor-metallram-100-cm-naturligt-tra-svart\/#primaryimage"},"thumbnailUrl":"https:\/\/i0.wp.com\/truusk.store\/wp-content\/uploads\/2026\/02\/industriell-sekreterarskrivbord-med-hyllor-och-metallram-100-cm-naturligt-tra-och-svart-1.webp?fit=2000%2C2000&ssl=1","datePublished":"2026-02-09T04:35:14+00:00","dateModified":"2026-03-12T07:48:48+00:00","breadcrumb":{"@id":"https:\/\/truusk.store\/sv\/produkt\/truusk-industriellt-sekreterarskrivbord-med-hyllor-metallram-100-cm-naturligt-tra-svart\/#breadcrumb"},"inLanguage":"sv-SE","potentialAction":[{"@type":"ReadAction","target":["https:\/\/truusk.store\/sv\/produkt\/truusk-industriellt-sekreterarskrivbord-med-hyllor-metallram-100-cm-naturligt-tra-svart\/"]}]},{"@type":"ImageObject","inLanguage":"sv-SE","@id":"https:\/\/truusk.store\/sv\/produkt\/truusk-industriellt-sekreterarskrivbord-med-hyllor-metallram-100-cm-naturligt-tra-svart\/#primaryimage","url":"https:\/\/i0.wp.com\/truusk.store\/wp-content\/uploads\/2026\/02\/industriell-sekreterarskrivbord-med-hyllor-och-metallram-100-cm-naturligt-tra-och-svart-1.webp?fit=2000%2C2000&ssl=1","contentUrl":"https:\/\/i0.wp.com\/truusk.store\/wp-content\/uploads\/2026\/02\/industriell-sekreterarskrivbord-med-hyllor-och-metallram-100-cm-naturligt-tra-och-svart-1.webp?fit=2000%2C2000&ssl=1","width":2000,"height":2000},{"@type":"BreadcrumbList","@id":"https:\/\/truusk.store\/sv\/produkt\/truusk-industriellt-sekreterarskrivbord-med-hyllor-metallram-100-cm-naturligt-tra-svart\/#breadcrumb","itemListElement":[{"@type":"ListItem","position":1,"name":"Home","item":"https:\/\/truusk.store\/sv\/"},{"@type":"ListItem","position":2,"name":"Shop","item":"https:\/\/truusk.store\/shop\/"},{"@type":"ListItem","position":3,"name":"TRUUSK Industriellt Sekreterarskrivbord &#8211; Med Hyllor &#8211; Metallram &#8211; 100 cm &#8211; Naturligt Tr\u00e4 &#8211; Svart"}]},{"@type":"WebSite","@id":"https:\/\/truusk.store\/sv\/#website","url":"https:\/\/truusk.store\/sv\/","name":"TRUUSK - Hem, Tr\u00e4dg\u00e5rd & Fritid","description":"","publisher":{"@id":"https:\/\/truusk.store\/sv\/#organization"},"potentialAction":[{"@type":"SearchAction","target":{"@type":"EntryPoint","urlTemplate":"https:\/\/truusk.store\/sv\/?s={search_term_string}"},"query-input":{"@type":"PropertyValueSpecification","valueRequired":true,"valueName":"search_term_string"}}],"inLanguage":"sv-SE"},{"@type":"Organization","@id":"https:\/\/truusk.store\/sv\/#organization","name":"TRUUSK - Hem, Tr\u00e4dg\u00e5rd & Fritid","url":"https:\/\/truusk.store\/sv\/","logo":{"@type":"ImageObject","inLanguage":"sv-SE","@id":"https:\/\/truusk.store\/sv\/#\/schema\/logo\/image\/","url":"https:\/\/i0.wp.com\/truusk.store\/wp-content\/uploads\/2026\/03\/cropped-TRUUSK.png?fit=2032%2C917&ssl=1","contentUrl":"https:\/\/i0.wp.com\/truusk.store\/wp-content\/uploads\/2026\/03\/cropped-TRUUSK.png?fit=2032%2C917&ssl=1","width":2032,"height":917,"caption":"TRUUSK - Hem, Tr\u00e4dg\u00e5rd & Fritid"},"image":{"@id":"https:\/\/truusk.store\/sv\/#\/schema\/logo\/image\/"}}]}},"jetpack_sharing_enabled":true,"_links":{"self":[{"href":"https:\/\/truusk.store\/sv\/wp-json\/wp\/v2\/product\/104055","targetHints":{"allow":["GET"]}}],"collection":[{"href":"https:\/\/truusk.store\/sv\/wp-json\/wp\/v2\/product"}],"about":[{"href":"https:\/\/truusk.store\/sv\/wp-json\/wp\/v2\/types\/product"}],"wp:featuredmedia":[{"embeddable":true,"href":"https:\/\/truusk.store\/sv\/wp-json\/wp\/v2\/media\/104043"}],"wp:attachment":[{"href":"https:\/\/truusk.store\/sv\/wp-json\/wp\/v2\/media?parent=104055"}],"wp:term":[{"taxonomy":"product_brand","embeddable":true,"href":"https:\/\/truusk.store\/sv\/wp-json\/wp\/v2\/product_brand?post=104055"},{"taxonomy":"product_cat","embeddable":true,"href":"https:\/\/truusk.store\/sv\/wp-json\/wp\/v2\/product_cat?post=104055"},{"taxonomy":"product_tag","embeddable":true,"href":"https:\/\/truusk.store\/sv\/wp-json\/wp\/v2\/product_tag?post=104055"}],"curies":[{"name":"wp","href":"https:\/\/api.w.org\/{rel}","templated":true}]}}