{"id":104095,"date":"2026-02-09T05:38:58","date_gmt":"2026-02-09T04:38:58","guid":{"rendered":"https:\/\/truusk.store\/product\/hojdjusterbar-hundskal-med-vattenskal-och-2-rostfria-stalskalar-for-sma-till-stora-hundar-svart\/"},"modified":"2026-03-12T08:50:21","modified_gmt":"2026-03-12T07:50:21","slug":"truusk-justerbar-hundskal-med-vattenskal-2-rostfria-stalskalar-for-sma-till-stora-hundar-svart","status":"publish","type":"product","link":"https:\/\/truusk.store\/sv\/produkt\/truusk-justerbar-hundskal-med-vattenskal-2-rostfria-stalskalar-for-sma-till-stora-hundar-svart\/","title":{"rendered":"TRUUSK Justerbar Hundsk\u00e5l med Vattensk\u00e5l &#8211; 2 Rostfria St\u00e5lsk\u00e5lar &#8211; F\u00f6r Sm\u00e5 till Stora Hundar &#8211; Svart"},"content":{"rendered":"<p>\u00c4r du orolig n\u00e4r din hund anstr\u00e4nger sig f\u00f6r att \u00e4ta fr\u00e5n en sk\u00e5l p\u00e5 golvet? Att reng\u00f6ra spilld mat\/vatten \u00e4r frustrerande. [BRAND NAME] H\u00f6jdjusterbar hundsk\u00e5l l\u00f6ser detta problem: Med justerbar h\u00f6jd skyddar den din hunds nacke och erbjuder en tredubbel smutsavvisande design med en st\u00e4nks\u00e4ker sk\u00e5l som h\u00e5ller golv rena och torra.<\/p>\n<p>Beskrivning:<\/p>\n<ul>\n<li> Har fyra h\u00f6jdinst\u00e4llningar fr\u00e5n 12 cm till 34 cm f\u00f6r bekv\u00e4m utfodring<\/li>\n<li> 2-liters vattensk\u00e5l med en flytande skiva f\u00f6rhindrar att ditt husdjurs ansikte blir bl\u00f6tt<\/li>\n<li> En upph\u00f6jd kant p\u00e5 1,3 cm och avloppsh\u00e5l h\u00e5ller golvet rent och fritt fr\u00e5n spill<\/li>\n<li> Denna hundmatsstation inneh\u00e5ller en 1,2-liters matsk\u00e5l och en 2-liters vattensk\u00e5l<\/li>\n<li> Tillverkad av vattent\u00e4t plast med halkskyddspads f\u00f6r extra stabilitet<\/li>\n<li> En liten utdragbar l\u00e5da underl\u00e4ttar \u00f6vervakning och reng\u00f6ring av spillt vatten<\/li>\n<li> Montering kr\u00e4vs<\/li>\n<\/ul>\n<p> Tekniska specifikationer:<\/p>\n<ul>\n<li> F\u00e4rg: Svart<\/li>\n<li> Material: Plast, rostfritt st\u00e5l (201)<\/li>\n<li> Totala dimensioner: 44L x 24B x 34,5H cm<\/li>\n<li> \u00d6vre sk\u00e5lens storlek: \u00d820 x 6H cm, \u00d820 x 9,4H cm<\/li>\n<\/ul>\n<p>Ing\u00e5r i leveransen:<\/p>\n<ul>\n<li> 2 x rostfria sk\u00e5lar<\/li>\n<li> 1 x matstation<\/li>\n<li> 1 x instruktionsbok<\/li>\n<\/ul>\n","protected":false},"excerpt":{"rendered":"<p>\u00c4r du orolig n\u00e4r din hund anstr\u00e4nger sig f\u00f6r att \u00e4ta fr\u00e5n en sk\u00e5l p\u00e5 golvet? Att reng\u00f6ra spilld mat\/vatten&#8230;<\/p>\n","protected":false},"featured_media":104083,"template":"","meta":[],"product_brand":[],"product_cat":[878,574,580],"product_tag":[],"class_list":{"0":"post-104095","1":"product","2":"type-product","3":"status-publish","4":"has-post-thumbnail","6":"product_cat-djurbehov","7":"product_cat-hundtillbehor","8":"product_cat-matskalar","10":"first","11":"instock","12":"sale","13":"taxable","14":"shipping-taxable","15":"purchasable","16":"product-type-simple"},"yoast_head":"<!-- This site is optimized with the Yoast SEO plugin v25.4 - https:\/\/yoast.com\/wordpress\/plugins\/seo\/ -->\n<title>TRUUSK Justerbar Hundsk\u00e5l med Vattensk\u00e5l - 2 Rostfria St\u00e5lsk\u00e5lar - F\u00f6r Sm\u00e5 till Stora Hundar - Svart - TRUUSK - Hem, Tr\u00e4dg\u00e5rd &amp; Fritid<\/title>\n<meta name=\"robots\" content=\"index, follow, max-snippet:-1, max-image-preview:large, max-video-preview:-1\" \/>\n<link rel=\"canonical\" href=\"https:\/\/truusk.store\/sv\/produkt\/truusk-justerbar-hundskal-med-vattenskal-2-rostfria-stalskalar-for-sma-till-stora-hundar-svart\/\" \/>\n<meta property=\"og:locale\" content=\"sv_SE\" \/>\n<meta property=\"og:type\" content=\"article\" \/>\n<meta property=\"og:title\" content=\"TRUUSK Justerbar Hundsk\u00e5l med Vattensk\u00e5l - 2 Rostfria St\u00e5lsk\u00e5lar - F\u00f6r Sm\u00e5 till Stora Hundar - Svart - TRUUSK - Hem, Tr\u00e4dg\u00e5rd &amp; Fritid\" \/>\n<meta property=\"og:description\" content=\"\u00c4r du orolig n\u00e4r din hund anstr\u00e4nger sig f\u00f6r att \u00e4ta fr\u00e5n en sk\u00e5l p\u00e5 golvet? Att reng\u00f6ra spilld mat\/vatten...\" \/>\n<meta property=\"og:url\" content=\"https:\/\/truusk.store\/sv\/produkt\/truusk-justerbar-hundskal-med-vattenskal-2-rostfria-stalskalar-for-sma-till-stora-hundar-svart\/\" \/>\n<meta property=\"og:site_name\" content=\"TRUUSK - Hem, Tr\u00e4dg\u00e5rd &amp; Fritid\" \/>\n<meta property=\"article:modified_time\" content=\"2026-03-12T07:50:21+00:00\" \/>\n<meta property=\"og:image\" content=\"https:\/\/i0.wp.com\/truusk.se\/wp-content\/uploads\/2026\/02\/hojdjusterbar-hundskal-med-vattenskal-och-2-rostfria-stalskalar-for-sma-till-stora-hundar-svart-1.webp?fit=2000%2C2000&ssl=1\" \/>\n\t<meta property=\"og:image:width\" content=\"2000\" \/>\n\t<meta property=\"og:image:height\" content=\"2000\" \/>\n\t<meta property=\"og:image:type\" content=\"image\/webp\" \/>\n<meta name=\"twitter:card\" content=\"summary_large_image\" \/>\n<meta name=\"twitter:label1\" content=\"Ber\u00e4knad l\u00e4stid\" \/>\n\t<meta name=\"twitter:data1\" content=\"1 minut\" \/>\n<!-- \/ Yoast SEO plugin. -->","yoast_head_json":{"title":"TRUUSK Justerbar Hundsk\u00e5l med Vattensk\u00e5l - 2 Rostfria St\u00e5lsk\u00e5lar - F\u00f6r Sm\u00e5 till Stora Hundar - Svart - TRUUSK - Hem, Tr\u00e4dg\u00e5rd &amp; Fritid","robots":{"index":"index","follow":"follow","max-snippet":"max-snippet:-1","max-image-preview":"max-image-preview:large","max-video-preview":"max-video-preview:-1"},"canonical":"https:\/\/truusk.store\/sv\/produkt\/truusk-justerbar-hundskal-med-vattenskal-2-rostfria-stalskalar-for-sma-till-stora-hundar-svart\/","og_locale":"sv_SE","og_type":"article","og_title":"TRUUSK Justerbar Hundsk\u00e5l med Vattensk\u00e5l - 2 Rostfria St\u00e5lsk\u00e5lar - F\u00f6r Sm\u00e5 till Stora Hundar - Svart - TRUUSK - Hem, Tr\u00e4dg\u00e5rd &amp; Fritid","og_description":"\u00c4r du orolig n\u00e4r din hund anstr\u00e4nger sig f\u00f6r att \u00e4ta fr\u00e5n en sk\u00e5l p\u00e5 golvet? Att reng\u00f6ra spilld mat\/vatten...","og_url":"https:\/\/truusk.store\/sv\/produkt\/truusk-justerbar-hundskal-med-vattenskal-2-rostfria-stalskalar-for-sma-till-stora-hundar-svart\/","og_site_name":"TRUUSK - Hem, Tr\u00e4dg\u00e5rd &amp; Fritid","article_modified_time":"2026-03-12T07:50:21+00:00","og_image":[{"width":2000,"height":2000,"url":"https:\/\/i0.wp.com\/truusk.se\/wp-content\/uploads\/2026\/02\/hojdjusterbar-hundskal-med-vattenskal-och-2-rostfria-stalskalar-for-sma-till-stora-hundar-svart-1.webp?fit=2000%2C2000&ssl=1","type":"image\/webp"}],"twitter_card":"summary_large_image","twitter_misc":{"Ber\u00e4knad l\u00e4stid":"1 minut"},"schema":{"@context":"https:\/\/schema.org","@graph":[{"@type":"WebPage","@id":"https:\/\/truusk.store\/sv\/produkt\/truusk-justerbar-hundskal-med-vattenskal-2-rostfria-stalskalar-for-sma-till-stora-hundar-svart\/","url":"https:\/\/truusk.store\/sv\/produkt\/truusk-justerbar-hundskal-med-vattenskal-2-rostfria-stalskalar-for-sma-till-stora-hundar-svart\/","name":"TRUUSK Justerbar Hundsk\u00e5l med Vattensk\u00e5l - 2 Rostfria St\u00e5lsk\u00e5lar - F\u00f6r Sm\u00e5 till Stora Hundar - Svart - TRUUSK - Hem, Tr\u00e4dg\u00e5rd &amp; Fritid","isPartOf":{"@id":"https:\/\/truusk.store\/sv\/#website"},"primaryImageOfPage":{"@id":"https:\/\/truusk.store\/sv\/produkt\/truusk-justerbar-hundskal-med-vattenskal-2-rostfria-stalskalar-for-sma-till-stora-hundar-svart\/#primaryimage"},"image":{"@id":"https:\/\/truusk.store\/sv\/produkt\/truusk-justerbar-hundskal-med-vattenskal-2-rostfria-stalskalar-for-sma-till-stora-hundar-svart\/#primaryimage"},"thumbnailUrl":"https:\/\/i0.wp.com\/truusk.store\/wp-content\/uploads\/2026\/02\/hojdjusterbar-hundskal-med-vattenskal-och-2-rostfria-stalskalar-for-sma-till-stora-hundar-svart-1.webp?fit=2000%2C2000&ssl=1","datePublished":"2026-02-09T04:38:58+00:00","dateModified":"2026-03-12T07:50:21+00:00","breadcrumb":{"@id":"https:\/\/truusk.store\/sv\/produkt\/truusk-justerbar-hundskal-med-vattenskal-2-rostfria-stalskalar-for-sma-till-stora-hundar-svart\/#breadcrumb"},"inLanguage":"sv-SE","potentialAction":[{"@type":"ReadAction","target":["https:\/\/truusk.store\/sv\/produkt\/truusk-justerbar-hundskal-med-vattenskal-2-rostfria-stalskalar-for-sma-till-stora-hundar-svart\/"]}]},{"@type":"ImageObject","inLanguage":"sv-SE","@id":"https:\/\/truusk.store\/sv\/produkt\/truusk-justerbar-hundskal-med-vattenskal-2-rostfria-stalskalar-for-sma-till-stora-hundar-svart\/#primaryimage","url":"https:\/\/i0.wp.com\/truusk.store\/wp-content\/uploads\/2026\/02\/hojdjusterbar-hundskal-med-vattenskal-och-2-rostfria-stalskalar-for-sma-till-stora-hundar-svart-1.webp?fit=2000%2C2000&ssl=1","contentUrl":"https:\/\/i0.wp.com\/truusk.store\/wp-content\/uploads\/2026\/02\/hojdjusterbar-hundskal-med-vattenskal-och-2-rostfria-stalskalar-for-sma-till-stora-hundar-svart-1.webp?fit=2000%2C2000&ssl=1","width":2000,"height":2000},{"@type":"BreadcrumbList","@id":"https:\/\/truusk.store\/sv\/produkt\/truusk-justerbar-hundskal-med-vattenskal-2-rostfria-stalskalar-for-sma-till-stora-hundar-svart\/#breadcrumb","itemListElement":[{"@type":"ListItem","position":1,"name":"Home","item":"https:\/\/truusk.store\/sv\/"},{"@type":"ListItem","position":2,"name":"Shop","item":"https:\/\/truusk.store\/shop\/"},{"@type":"ListItem","position":3,"name":"TRUUSK Justerbar Hundsk\u00e5l med Vattensk\u00e5l &#8211; 2 Rostfria St\u00e5lsk\u00e5lar &#8211; F\u00f6r Sm\u00e5 till Stora Hundar &#8211; Svart"}]},{"@type":"WebSite","@id":"https:\/\/truusk.store\/sv\/#website","url":"https:\/\/truusk.store\/sv\/","name":"TRUUSK - Hem, Tr\u00e4dg\u00e5rd & Fritid","description":"","publisher":{"@id":"https:\/\/truusk.store\/sv\/#organization"},"potentialAction":[{"@type":"SearchAction","target":{"@type":"EntryPoint","urlTemplate":"https:\/\/truusk.store\/sv\/?s={search_term_string}"},"query-input":{"@type":"PropertyValueSpecification","valueRequired":true,"valueName":"search_term_string"}}],"inLanguage":"sv-SE"},{"@type":"Organization","@id":"https:\/\/truusk.store\/sv\/#organization","name":"TRUUSK - Hem, Tr\u00e4dg\u00e5rd & Fritid","url":"https:\/\/truusk.store\/sv\/","logo":{"@type":"ImageObject","inLanguage":"sv-SE","@id":"https:\/\/truusk.store\/sv\/#\/schema\/logo\/image\/","url":"https:\/\/i0.wp.com\/truusk.store\/wp-content\/uploads\/2026\/03\/cropped-TRUUSK.png?fit=2032%2C917&ssl=1","contentUrl":"https:\/\/i0.wp.com\/truusk.store\/wp-content\/uploads\/2026\/03\/cropped-TRUUSK.png?fit=2032%2C917&ssl=1","width":2032,"height":917,"caption":"TRUUSK - Hem, Tr\u00e4dg\u00e5rd & Fritid"},"image":{"@id":"https:\/\/truusk.store\/sv\/#\/schema\/logo\/image\/"}}]}},"jetpack_sharing_enabled":true,"_links":{"self":[{"href":"https:\/\/truusk.store\/sv\/wp-json\/wp\/v2\/product\/104095","targetHints":{"allow":["GET"]}}],"collection":[{"href":"https:\/\/truusk.store\/sv\/wp-json\/wp\/v2\/product"}],"about":[{"href":"https:\/\/truusk.store\/sv\/wp-json\/wp\/v2\/types\/product"}],"wp:featuredmedia":[{"embeddable":true,"href":"https:\/\/truusk.store\/sv\/wp-json\/wp\/v2\/media\/104083"}],"wp:attachment":[{"href":"https:\/\/truusk.store\/sv\/wp-json\/wp\/v2\/media?parent=104095"}],"wp:term":[{"taxonomy":"product_brand","embeddable":true,"href":"https:\/\/truusk.store\/sv\/wp-json\/wp\/v2\/product_brand?post=104095"},{"taxonomy":"product_cat","embeddable":true,"href":"https:\/\/truusk.store\/sv\/wp-json\/wp\/v2\/product_cat?post=104095"},{"taxonomy":"product_tag","embeddable":true,"href":"https:\/\/truusk.store\/sv\/wp-json\/wp\/v2\/product_tag?post=104095"}],"curies":[{"name":"wp","href":"https:\/\/api.w.org\/{rel}","templated":true}]}}