{"id":104116,"date":"2026-02-09T05:41:28","date_gmt":"2026-02-09T04:41:28","guid":{"rendered":"https:\/\/truusk.store\/product\/vaxthus-med-pe-natfilm-vinterfast-folievaxthus-av-stal-drivhus-200-x-100-x-80-cm-vit\/"},"modified":"2026-03-12T09:01:44","modified_gmt":"2026-03-12T08:01:44","slug":"truusk-vaxthus-med-pe-natfilm-vinterfast-folievaxthus-av-stal-200-x-100-x-80-cm-vit","status":"publish","type":"product","link":"https:\/\/truusk.store\/sv\/produkt\/truusk-vaxthus-med-pe-natfilm-vinterfast-folievaxthus-av-stal-200-x-100-x-80-cm-vit\/","title":{"rendered":"TRUUSK V\u00e4xthus Med PE-n\u00e4tfilm &#8211; Vinterfast Foliev\u00e4xthus Av St\u00e5l &#8211; 200 x 100 x 80 cm &#8211; Vit"},"content":{"rendered":"<p>Vill du odla \u00e5ret runt? V\u00e4lj ett portabelt [BRAND NAME] v\u00e4xthus f\u00f6r tr\u00e4dg\u00e5rd eller terrass. Odla plantor, skapa tropiska f\u00f6rh\u00e5llanden och kontrollera v\u00e4rme och fuktighet med dragkedjed\u00f6rrar. L\u00e4tt, flexibelt och mobilt, skyddar det mot regn, kyla, vind, UV-str\u00e5lar, ogr\u00e4s och vilda djur. Perfekt f\u00f6r dina tr\u00e4dg\u00e5rdsbehov.<\/p>\n<p>Beskrivning:<\/p>\n<ul>\n<li> Idealisk f\u00f6r att f\u00f6rl\u00e4nga v\u00e4xters tillv\u00e4xtperiod och skydda mot yttre v\u00e4derf\u00f6rh\u00e5llanden<\/li>\n<li> Vattent\u00e4t PE och pulverlackerat st\u00e5l<\/li>\n<li> Upprullbar d\u00f6rr med dragkedja f\u00f6r enkel \u00e5tkomst och ventilation<\/li>\n<li> L\u00e4tt design av folietunneln m\u00f6jligg\u00f6r mobilitet f\u00f6r att \u00e4ndra plats<\/li>\n<li> Plastkopplingar av tomatv\u00e4xthuset \u00e4r l\u00e4tta att transportera och montera<\/li>\n<li> Enkel montering<\/li>\n<\/ul>\n<p> Tekniska data:<\/p>\n<ul>\n<li> F\u00e4rg: M\u00f6rkgr\u00f6n+Vit<\/li>\n<li> Material: St\u00e5l, PE<\/li>\n<li> Totala dimensioner: 200L x 100B x 80H cm<\/li>\n<li> D\u00f6rrstorlek: 140B x 115H cm<\/li>\n<li> Ut\u00f6kad t\u00e4ckningsbredd: 10 cm<\/li>\n<\/ul>\n<p>Leveransinneh\u00e5ll:<\/p>\n<ul>\n<li> 1 x V\u00e4xthus<\/li>\n<li> 1 x Instruktion<\/li>\n<\/ul>\n","protected":false},"excerpt":{"rendered":"<p>Vill du odla \u00e5ret runt? V\u00e4lj ett portabelt [BRAND NAME] v\u00e4xthus f\u00f6r tr\u00e4dg\u00e5rd eller terrass. Odla plantor, skapa tropiska f\u00f6rh\u00e5llanden&#8230;<\/p>\n","protected":false},"featured_media":104106,"template":"","meta":[],"product_brand":[],"product_cat":[923,858,443],"product_tag":[],"class_list":{"0":"post-104116","1":"product","2":"type-product","3":"status-publish","4":"has-post-thumbnail","6":"product_cat-plastfilm-vaxthus","7":"product_cat-tradgard-terrass","8":"product_cat-vaxthus-tradgardsskotsel","10":"first","11":"instock","12":"sale","13":"taxable","14":"shipping-taxable","15":"purchasable","16":"product-type-simple"},"yoast_head":"<!-- This site is optimized with the Yoast SEO plugin v25.4 - https:\/\/yoast.com\/wordpress\/plugins\/seo\/ -->\n<title>TRUUSK V\u00e4xthus Med PE-n\u00e4tfilm - Vinterfast Foliev\u00e4xthus Av St\u00e5l - 200 x 100 x 80 cm - Vit - TRUUSK - Hem, Tr\u00e4dg\u00e5rd &amp; Fritid<\/title>\n<meta name=\"robots\" content=\"index, follow, max-snippet:-1, max-image-preview:large, max-video-preview:-1\" \/>\n<link rel=\"canonical\" href=\"https:\/\/truusk.store\/sv\/produkt\/truusk-vaxthus-med-pe-natfilm-vinterfast-folievaxthus-av-stal-200-x-100-x-80-cm-vit\/\" \/>\n<meta property=\"og:locale\" content=\"sv_SE\" \/>\n<meta property=\"og:type\" content=\"article\" \/>\n<meta property=\"og:title\" content=\"TRUUSK V\u00e4xthus Med PE-n\u00e4tfilm - Vinterfast Foliev\u00e4xthus Av St\u00e5l - 200 x 100 x 80 cm - Vit - TRUUSK - Hem, Tr\u00e4dg\u00e5rd &amp; Fritid\" \/>\n<meta property=\"og:description\" content=\"Vill du odla \u00e5ret runt? V\u00e4lj ett portabelt [BRAND NAME] v\u00e4xthus f\u00f6r tr\u00e4dg\u00e5rd eller terrass. Odla plantor, skapa tropiska f\u00f6rh\u00e5llanden...\" \/>\n<meta property=\"og:url\" content=\"https:\/\/truusk.store\/sv\/produkt\/truusk-vaxthus-med-pe-natfilm-vinterfast-folievaxthus-av-stal-200-x-100-x-80-cm-vit\/\" \/>\n<meta property=\"og:site_name\" content=\"TRUUSK - Hem, Tr\u00e4dg\u00e5rd &amp; Fritid\" \/>\n<meta property=\"article:modified_time\" content=\"2026-03-12T08:01:44+00:00\" \/>\n<meta property=\"og:image\" content=\"https:\/\/i0.wp.com\/truusk.se\/wp-content\/uploads\/2026\/02\/vaxthus-med-pe-natfilm-vinterfast-folievaxthus-av-stal-drivhus-200-x-100-x-80-cm-vit-1.webp?fit=2000%2C2000&ssl=1\" \/>\n\t<meta property=\"og:image:width\" content=\"2000\" \/>\n\t<meta property=\"og:image:height\" content=\"2000\" \/>\n\t<meta property=\"og:image:type\" content=\"image\/webp\" \/>\n<meta name=\"twitter:card\" content=\"summary_large_image\" \/>\n<meta name=\"twitter:label1\" content=\"Ber\u00e4knad l\u00e4stid\" \/>\n\t<meta name=\"twitter:data1\" content=\"1 minut\" \/>\n<!-- \/ Yoast SEO plugin. -->","yoast_head_json":{"title":"TRUUSK V\u00e4xthus Med PE-n\u00e4tfilm - Vinterfast Foliev\u00e4xthus Av St\u00e5l - 200 x 100 x 80 cm - Vit - TRUUSK - Hem, Tr\u00e4dg\u00e5rd &amp; Fritid","robots":{"index":"index","follow":"follow","max-snippet":"max-snippet:-1","max-image-preview":"max-image-preview:large","max-video-preview":"max-video-preview:-1"},"canonical":"https:\/\/truusk.store\/sv\/produkt\/truusk-vaxthus-med-pe-natfilm-vinterfast-folievaxthus-av-stal-200-x-100-x-80-cm-vit\/","og_locale":"sv_SE","og_type":"article","og_title":"TRUUSK V\u00e4xthus Med PE-n\u00e4tfilm - Vinterfast Foliev\u00e4xthus Av St\u00e5l - 200 x 100 x 80 cm - Vit - TRUUSK - Hem, Tr\u00e4dg\u00e5rd &amp; Fritid","og_description":"Vill du odla \u00e5ret runt? V\u00e4lj ett portabelt [BRAND NAME] v\u00e4xthus f\u00f6r tr\u00e4dg\u00e5rd eller terrass. Odla plantor, skapa tropiska f\u00f6rh\u00e5llanden...","og_url":"https:\/\/truusk.store\/sv\/produkt\/truusk-vaxthus-med-pe-natfilm-vinterfast-folievaxthus-av-stal-200-x-100-x-80-cm-vit\/","og_site_name":"TRUUSK - Hem, Tr\u00e4dg\u00e5rd &amp; Fritid","article_modified_time":"2026-03-12T08:01:44+00:00","og_image":[{"width":2000,"height":2000,"url":"https:\/\/i0.wp.com\/truusk.se\/wp-content\/uploads\/2026\/02\/vaxthus-med-pe-natfilm-vinterfast-folievaxthus-av-stal-drivhus-200-x-100-x-80-cm-vit-1.webp?fit=2000%2C2000&ssl=1","type":"image\/webp"}],"twitter_card":"summary_large_image","twitter_misc":{"Ber\u00e4knad l\u00e4stid":"1 minut"},"schema":{"@context":"https:\/\/schema.org","@graph":[{"@type":"WebPage","@id":"https:\/\/truusk.store\/sv\/produkt\/truusk-vaxthus-med-pe-natfilm-vinterfast-folievaxthus-av-stal-200-x-100-x-80-cm-vit\/","url":"https:\/\/truusk.store\/sv\/produkt\/truusk-vaxthus-med-pe-natfilm-vinterfast-folievaxthus-av-stal-200-x-100-x-80-cm-vit\/","name":"TRUUSK V\u00e4xthus Med PE-n\u00e4tfilm - Vinterfast Foliev\u00e4xthus Av St\u00e5l - 200 x 100 x 80 cm - Vit - TRUUSK - Hem, Tr\u00e4dg\u00e5rd &amp; Fritid","isPartOf":{"@id":"https:\/\/truusk.store\/sv\/#website"},"primaryImageOfPage":{"@id":"https:\/\/truusk.store\/sv\/produkt\/truusk-vaxthus-med-pe-natfilm-vinterfast-folievaxthus-av-stal-200-x-100-x-80-cm-vit\/#primaryimage"},"image":{"@id":"https:\/\/truusk.store\/sv\/produkt\/truusk-vaxthus-med-pe-natfilm-vinterfast-folievaxthus-av-stal-200-x-100-x-80-cm-vit\/#primaryimage"},"thumbnailUrl":"https:\/\/i0.wp.com\/truusk.store\/wp-content\/uploads\/2026\/02\/vaxthus-med-pe-natfilm-vinterfast-folievaxthus-av-stal-drivhus-200-x-100-x-80-cm-vit-1.webp?fit=2000%2C2000&ssl=1","datePublished":"2026-02-09T04:41:28+00:00","dateModified":"2026-03-12T08:01:44+00:00","breadcrumb":{"@id":"https:\/\/truusk.store\/sv\/produkt\/truusk-vaxthus-med-pe-natfilm-vinterfast-folievaxthus-av-stal-200-x-100-x-80-cm-vit\/#breadcrumb"},"inLanguage":"sv-SE","potentialAction":[{"@type":"ReadAction","target":["https:\/\/truusk.store\/sv\/produkt\/truusk-vaxthus-med-pe-natfilm-vinterfast-folievaxthus-av-stal-200-x-100-x-80-cm-vit\/"]}]},{"@type":"ImageObject","inLanguage":"sv-SE","@id":"https:\/\/truusk.store\/sv\/produkt\/truusk-vaxthus-med-pe-natfilm-vinterfast-folievaxthus-av-stal-200-x-100-x-80-cm-vit\/#primaryimage","url":"https:\/\/i0.wp.com\/truusk.store\/wp-content\/uploads\/2026\/02\/vaxthus-med-pe-natfilm-vinterfast-folievaxthus-av-stal-drivhus-200-x-100-x-80-cm-vit-1.webp?fit=2000%2C2000&ssl=1","contentUrl":"https:\/\/i0.wp.com\/truusk.store\/wp-content\/uploads\/2026\/02\/vaxthus-med-pe-natfilm-vinterfast-folievaxthus-av-stal-drivhus-200-x-100-x-80-cm-vit-1.webp?fit=2000%2C2000&ssl=1","width":2000,"height":2000},{"@type":"BreadcrumbList","@id":"https:\/\/truusk.store\/sv\/produkt\/truusk-vaxthus-med-pe-natfilm-vinterfast-folievaxthus-av-stal-200-x-100-x-80-cm-vit\/#breadcrumb","itemListElement":[{"@type":"ListItem","position":1,"name":"Home","item":"https:\/\/truusk.store\/sv\/"},{"@type":"ListItem","position":2,"name":"Shop","item":"https:\/\/truusk.store\/shop\/"},{"@type":"ListItem","position":3,"name":"TRUUSK V\u00e4xthus Med PE-n\u00e4tfilm &#8211; Vinterfast Foliev\u00e4xthus Av St\u00e5l &#8211; 200 x 100 x 80 cm &#8211; Vit"}]},{"@type":"WebSite","@id":"https:\/\/truusk.store\/sv\/#website","url":"https:\/\/truusk.store\/sv\/","name":"TRUUSK - Hem, Tr\u00e4dg\u00e5rd & Fritid","description":"","publisher":{"@id":"https:\/\/truusk.store\/sv\/#organization"},"potentialAction":[{"@type":"SearchAction","target":{"@type":"EntryPoint","urlTemplate":"https:\/\/truusk.store\/sv\/?s={search_term_string}"},"query-input":{"@type":"PropertyValueSpecification","valueRequired":true,"valueName":"search_term_string"}}],"inLanguage":"sv-SE"},{"@type":"Organization","@id":"https:\/\/truusk.store\/sv\/#organization","name":"TRUUSK - Hem, Tr\u00e4dg\u00e5rd & Fritid","url":"https:\/\/truusk.store\/sv\/","logo":{"@type":"ImageObject","inLanguage":"sv-SE","@id":"https:\/\/truusk.store\/sv\/#\/schema\/logo\/image\/","url":"https:\/\/i0.wp.com\/truusk.store\/wp-content\/uploads\/2026\/03\/cropped-TRUUSK.png?fit=2032%2C917&ssl=1","contentUrl":"https:\/\/i0.wp.com\/truusk.store\/wp-content\/uploads\/2026\/03\/cropped-TRUUSK.png?fit=2032%2C917&ssl=1","width":2032,"height":917,"caption":"TRUUSK - Hem, Tr\u00e4dg\u00e5rd & Fritid"},"image":{"@id":"https:\/\/truusk.store\/sv\/#\/schema\/logo\/image\/"}}]}},"jetpack_sharing_enabled":true,"_links":{"self":[{"href":"https:\/\/truusk.store\/sv\/wp-json\/wp\/v2\/product\/104116","targetHints":{"allow":["GET"]}}],"collection":[{"href":"https:\/\/truusk.store\/sv\/wp-json\/wp\/v2\/product"}],"about":[{"href":"https:\/\/truusk.store\/sv\/wp-json\/wp\/v2\/types\/product"}],"wp:featuredmedia":[{"embeddable":true,"href":"https:\/\/truusk.store\/sv\/wp-json\/wp\/v2\/media\/104106"}],"wp:attachment":[{"href":"https:\/\/truusk.store\/sv\/wp-json\/wp\/v2\/media?parent=104116"}],"wp:term":[{"taxonomy":"product_brand","embeddable":true,"href":"https:\/\/truusk.store\/sv\/wp-json\/wp\/v2\/product_brand?post=104116"},{"taxonomy":"product_cat","embeddable":true,"href":"https:\/\/truusk.store\/sv\/wp-json\/wp\/v2\/product_cat?post=104116"},{"taxonomy":"product_tag","embeddable":true,"href":"https:\/\/truusk.store\/sv\/wp-json\/wp\/v2\/product_tag?post=104116"}],"curies":[{"name":"wp","href":"https:\/\/api.w.org\/{rel}","templated":true}]}}