{"id":104140,"date":"2026-02-09T05:43:27","date_gmt":"2026-02-09T04:43:27","guid":{"rendered":"https:\/\/truusk.store\/product\/vinterbestandigt-vaxthus-med-bagtak-jordankare-vaxthus-400-x-120-x-170cm-gron\/"},"modified":"2026-03-12T08:51:10","modified_gmt":"2026-03-12T07:51:10","slug":"truusk-vaderbestandigt-vaxthus-med-bagtak-jordankare-400-x-120-x-170cm-gron","status":"publish","type":"product","link":"https:\/\/truusk.store\/sv\/produkt\/truusk-vaderbestandigt-vaxthus-med-bagtak-jordankare-400-x-120-x-170cm-gron\/","title":{"rendered":"TRUUSK V\u00e4derbest\u00e4ndigt V\u00e4xthus med B\u00e5gtak &#8211; Jordankare &#8211; 400 x 120 x 170cm &#8211; Gr\u00f6n"},"content":{"rendered":"<p>Uppt\u00e4ck tomatv\u00e4xthuset som uppfyller alla dina \u00f6nskem\u00e5l! Detta speciellt utvecklade v\u00e4xthus fr\u00e5n [BRAND NAME] erbjuder gott om vertikalt utrymme f\u00f6r att odla tomater och andra v\u00e4xter. Dina v\u00e4xter skyddas mot regn och f\u00e5gelspillning tack vare det v\u00e4lvda taket med den vattent\u00e4ta presenningen. Du beh\u00f6ver inte oroa dig f\u00f6r stabiliteten: Anv\u00e4nd jordspett f\u00f6r att st\u00e4lla upp ramen vindskyddat och snart njuta av tomater fr\u00e5n din egen tr\u00e4dg\u00e5rd.<\/p>\n<p>Beskrivning:<\/p>\n<ul>\n<li> \u00d6ppen design av foliev\u00e4xthuset f\u00f6r tillr\u00e4cklig luftcirkulation<\/li>\n<li> St\u00e5lram med jordspett f\u00f6r stabil st\u00e4llning<\/li>\n<li> Ett v\u00e4lvat tak p\u00e5 tomatv\u00e4xthuset f\u00f6rhindrar att det h\u00e4nger<\/li>\n<li> Med 3-h\u00f6rn och 4-h\u00f6rn anslutningar f\u00f6r enkel montering<\/li>\n<li> F\u00e4st presenningen s\u00e4kert p\u00e5 ramen med plastkl\u00e4mmor<\/li>\n<li> Vi rekommenderar tv\u00e5 personer f\u00f6r monteringen<\/li>\n<\/ul>\n<p> Tekniska data:<\/p>\n<ul>\n<li> F\u00e4rg: Gr\u00f6n<\/li>\n<li> Material: St\u00e5l, plast<\/li>\n<li> Totala m\u00e5tt: 400L x 120B x 170H cm<\/li>\n<li> Avst\u00e5nd mellan b\u00e5garna: 100 cm<\/li>\n<li> Diameter p\u00e5 st\u00e5lst\u00e5ngen: 19 mm<\/li>\n<\/ul>\n<p>Inneh\u00e5ll:<\/p>\n<ul>\n<li> 1 x Tomatv\u00e4xthus<\/li>\n<li> 10 x Jordspett<\/li>\n<li> 16 x Plastkl\u00e4mmor<\/li>\n<\/ul>\n","protected":false},"excerpt":{"rendered":"<p>Uppt\u00e4ck tomatv\u00e4xthuset som uppfyller alla dina \u00f6nskem\u00e5l! Detta speciellt utvecklade v\u00e4xthus fr\u00e5n [BRAND NAME] erbjuder gott om vertikalt utrymme f\u00f6r&#8230;<\/p>\n","protected":false},"featured_media":104125,"template":"","meta":[],"product_brand":[],"product_cat":[903,858,443],"product_tag":[],"class_list":{"0":"post-104140","1":"product","2":"type-product","3":"status-publish","4":"has-post-thumbnail","6":"product_cat-plastvaxthus","7":"product_cat-tradgard-terrass","8":"product_cat-vaxthus-tradgardsskotsel","10":"first","11":"instock","12":"sale","13":"taxable","14":"shipping-taxable","15":"purchasable","16":"product-type-simple"},"yoast_head":"<!-- This site is optimized with the Yoast SEO plugin v25.4 - https:\/\/yoast.com\/wordpress\/plugins\/seo\/ -->\n<title>TRUUSK V\u00e4derbest\u00e4ndigt V\u00e4xthus med B\u00e5gtak - Jordankare - 400 x 120 x 170cm - Gr\u00f6n - TRUUSK - Hem, Tr\u00e4dg\u00e5rd &amp; Fritid<\/title>\n<meta name=\"robots\" content=\"index, follow, max-snippet:-1, max-image-preview:large, max-video-preview:-1\" \/>\n<link rel=\"canonical\" href=\"https:\/\/truusk.store\/sv\/produkt\/truusk-vaderbestandigt-vaxthus-med-bagtak-jordankare-400-x-120-x-170cm-gron\/\" \/>\n<meta property=\"og:locale\" content=\"sv_SE\" \/>\n<meta property=\"og:type\" content=\"article\" \/>\n<meta property=\"og:title\" content=\"TRUUSK V\u00e4derbest\u00e4ndigt V\u00e4xthus med B\u00e5gtak - Jordankare - 400 x 120 x 170cm - Gr\u00f6n - TRUUSK - Hem, Tr\u00e4dg\u00e5rd &amp; Fritid\" \/>\n<meta property=\"og:description\" content=\"Uppt\u00e4ck tomatv\u00e4xthuset som uppfyller alla dina \u00f6nskem\u00e5l! Detta speciellt utvecklade v\u00e4xthus fr\u00e5n [BRAND NAME] erbjuder gott om vertikalt utrymme f\u00f6r...\" \/>\n<meta property=\"og:url\" content=\"https:\/\/truusk.store\/sv\/produkt\/truusk-vaderbestandigt-vaxthus-med-bagtak-jordankare-400-x-120-x-170cm-gron\/\" \/>\n<meta property=\"og:site_name\" content=\"TRUUSK - Hem, Tr\u00e4dg\u00e5rd &amp; Fritid\" \/>\n<meta property=\"article:modified_time\" content=\"2026-03-12T07:51:10+00:00\" \/>\n<meta property=\"og:image\" content=\"https:\/\/i0.wp.com\/truusk.se\/wp-content\/uploads\/2026\/02\/vinterbestandigt-vaxthus-med-bagtak-jordankare-vaxthus-400-x-120-x-170cm-gron-1.webp?fit=2000%2C2000&ssl=1\" \/>\n\t<meta property=\"og:image:width\" content=\"2000\" \/>\n\t<meta property=\"og:image:height\" content=\"2000\" \/>\n\t<meta property=\"og:image:type\" content=\"image\/webp\" \/>\n<meta name=\"twitter:card\" content=\"summary_large_image\" \/>\n<meta name=\"twitter:label1\" content=\"Ber\u00e4knad l\u00e4stid\" \/>\n\t<meta name=\"twitter:data1\" content=\"1 minut\" \/>\n<!-- \/ Yoast SEO plugin. -->","yoast_head_json":{"title":"TRUUSK V\u00e4derbest\u00e4ndigt V\u00e4xthus med B\u00e5gtak - Jordankare - 400 x 120 x 170cm - Gr\u00f6n - TRUUSK - Hem, Tr\u00e4dg\u00e5rd &amp; Fritid","robots":{"index":"index","follow":"follow","max-snippet":"max-snippet:-1","max-image-preview":"max-image-preview:large","max-video-preview":"max-video-preview:-1"},"canonical":"https:\/\/truusk.store\/sv\/produkt\/truusk-vaderbestandigt-vaxthus-med-bagtak-jordankare-400-x-120-x-170cm-gron\/","og_locale":"sv_SE","og_type":"article","og_title":"TRUUSK V\u00e4derbest\u00e4ndigt V\u00e4xthus med B\u00e5gtak - Jordankare - 400 x 120 x 170cm - Gr\u00f6n - TRUUSK - Hem, Tr\u00e4dg\u00e5rd &amp; Fritid","og_description":"Uppt\u00e4ck tomatv\u00e4xthuset som uppfyller alla dina \u00f6nskem\u00e5l! Detta speciellt utvecklade v\u00e4xthus fr\u00e5n [BRAND NAME] erbjuder gott om vertikalt utrymme f\u00f6r...","og_url":"https:\/\/truusk.store\/sv\/produkt\/truusk-vaderbestandigt-vaxthus-med-bagtak-jordankare-400-x-120-x-170cm-gron\/","og_site_name":"TRUUSK - Hem, Tr\u00e4dg\u00e5rd &amp; Fritid","article_modified_time":"2026-03-12T07:51:10+00:00","og_image":[{"width":2000,"height":2000,"url":"https:\/\/i0.wp.com\/truusk.se\/wp-content\/uploads\/2026\/02\/vinterbestandigt-vaxthus-med-bagtak-jordankare-vaxthus-400-x-120-x-170cm-gron-1.webp?fit=2000%2C2000&ssl=1","type":"image\/webp"}],"twitter_card":"summary_large_image","twitter_misc":{"Ber\u00e4knad l\u00e4stid":"1 minut"},"schema":{"@context":"https:\/\/schema.org","@graph":[{"@type":"WebPage","@id":"https:\/\/truusk.store\/sv\/produkt\/truusk-vaderbestandigt-vaxthus-med-bagtak-jordankare-400-x-120-x-170cm-gron\/","url":"https:\/\/truusk.store\/sv\/produkt\/truusk-vaderbestandigt-vaxthus-med-bagtak-jordankare-400-x-120-x-170cm-gron\/","name":"TRUUSK V\u00e4derbest\u00e4ndigt V\u00e4xthus med B\u00e5gtak - Jordankare - 400 x 120 x 170cm - Gr\u00f6n - TRUUSK - Hem, Tr\u00e4dg\u00e5rd &amp; Fritid","isPartOf":{"@id":"https:\/\/truusk.store\/sv\/#website"},"primaryImageOfPage":{"@id":"https:\/\/truusk.store\/sv\/produkt\/truusk-vaderbestandigt-vaxthus-med-bagtak-jordankare-400-x-120-x-170cm-gron\/#primaryimage"},"image":{"@id":"https:\/\/truusk.store\/sv\/produkt\/truusk-vaderbestandigt-vaxthus-med-bagtak-jordankare-400-x-120-x-170cm-gron\/#primaryimage"},"thumbnailUrl":"https:\/\/i0.wp.com\/truusk.store\/wp-content\/uploads\/2026\/02\/vinterbestandigt-vaxthus-med-bagtak-jordankare-vaxthus-400-x-120-x-170cm-gron-1.webp?fit=2000%2C2000&ssl=1","datePublished":"2026-02-09T04:43:27+00:00","dateModified":"2026-03-12T07:51:10+00:00","breadcrumb":{"@id":"https:\/\/truusk.store\/sv\/produkt\/truusk-vaderbestandigt-vaxthus-med-bagtak-jordankare-400-x-120-x-170cm-gron\/#breadcrumb"},"inLanguage":"sv-SE","potentialAction":[{"@type":"ReadAction","target":["https:\/\/truusk.store\/sv\/produkt\/truusk-vaderbestandigt-vaxthus-med-bagtak-jordankare-400-x-120-x-170cm-gron\/"]}]},{"@type":"ImageObject","inLanguage":"sv-SE","@id":"https:\/\/truusk.store\/sv\/produkt\/truusk-vaderbestandigt-vaxthus-med-bagtak-jordankare-400-x-120-x-170cm-gron\/#primaryimage","url":"https:\/\/i0.wp.com\/truusk.store\/wp-content\/uploads\/2026\/02\/vinterbestandigt-vaxthus-med-bagtak-jordankare-vaxthus-400-x-120-x-170cm-gron-1.webp?fit=2000%2C2000&ssl=1","contentUrl":"https:\/\/i0.wp.com\/truusk.store\/wp-content\/uploads\/2026\/02\/vinterbestandigt-vaxthus-med-bagtak-jordankare-vaxthus-400-x-120-x-170cm-gron-1.webp?fit=2000%2C2000&ssl=1","width":2000,"height":2000},{"@type":"BreadcrumbList","@id":"https:\/\/truusk.store\/sv\/produkt\/truusk-vaderbestandigt-vaxthus-med-bagtak-jordankare-400-x-120-x-170cm-gron\/#breadcrumb","itemListElement":[{"@type":"ListItem","position":1,"name":"Home","item":"https:\/\/truusk.store\/sv\/"},{"@type":"ListItem","position":2,"name":"Shop","item":"https:\/\/truusk.store\/shop\/"},{"@type":"ListItem","position":3,"name":"TRUUSK V\u00e4derbest\u00e4ndigt V\u00e4xthus med B\u00e5gtak &#8211; Jordankare &#8211; 400 x 120 x 170cm &#8211; Gr\u00f6n"}]},{"@type":"WebSite","@id":"https:\/\/truusk.store\/sv\/#website","url":"https:\/\/truusk.store\/sv\/","name":"TRUUSK - Hem, Tr\u00e4dg\u00e5rd & Fritid","description":"","publisher":{"@id":"https:\/\/truusk.store\/sv\/#organization"},"potentialAction":[{"@type":"SearchAction","target":{"@type":"EntryPoint","urlTemplate":"https:\/\/truusk.store\/sv\/?s={search_term_string}"},"query-input":{"@type":"PropertyValueSpecification","valueRequired":true,"valueName":"search_term_string"}}],"inLanguage":"sv-SE"},{"@type":"Organization","@id":"https:\/\/truusk.store\/sv\/#organization","name":"TRUUSK - Hem, Tr\u00e4dg\u00e5rd & Fritid","url":"https:\/\/truusk.store\/sv\/","logo":{"@type":"ImageObject","inLanguage":"sv-SE","@id":"https:\/\/truusk.store\/sv\/#\/schema\/logo\/image\/","url":"https:\/\/i0.wp.com\/truusk.store\/wp-content\/uploads\/2026\/03\/cropped-TRUUSK.png?fit=2032%2C917&ssl=1","contentUrl":"https:\/\/i0.wp.com\/truusk.store\/wp-content\/uploads\/2026\/03\/cropped-TRUUSK.png?fit=2032%2C917&ssl=1","width":2032,"height":917,"caption":"TRUUSK - Hem, Tr\u00e4dg\u00e5rd & Fritid"},"image":{"@id":"https:\/\/truusk.store\/sv\/#\/schema\/logo\/image\/"}}]}},"jetpack_sharing_enabled":true,"_links":{"self":[{"href":"https:\/\/truusk.store\/sv\/wp-json\/wp\/v2\/product\/104140","targetHints":{"allow":["GET"]}}],"collection":[{"href":"https:\/\/truusk.store\/sv\/wp-json\/wp\/v2\/product"}],"about":[{"href":"https:\/\/truusk.store\/sv\/wp-json\/wp\/v2\/types\/product"}],"wp:featuredmedia":[{"embeddable":true,"href":"https:\/\/truusk.store\/sv\/wp-json\/wp\/v2\/media\/104125"}],"wp:attachment":[{"href":"https:\/\/truusk.store\/sv\/wp-json\/wp\/v2\/media?parent=104140"}],"wp:term":[{"taxonomy":"product_brand","embeddable":true,"href":"https:\/\/truusk.store\/sv\/wp-json\/wp\/v2\/product_brand?post=104140"},{"taxonomy":"product_cat","embeddable":true,"href":"https:\/\/truusk.store\/sv\/wp-json\/wp\/v2\/product_cat?post=104140"},{"taxonomy":"product_tag","embeddable":true,"href":"https:\/\/truusk.store\/sv\/wp-json\/wp\/v2\/product_tag?post=104140"}],"curies":[{"name":"wp","href":"https:\/\/api.w.org\/{rel}","templated":true}]}}