{"id":104155,"date":"2026-02-09T05:44:34","date_gmt":"2026-02-09T04:44:34","guid":{"rendered":"https:\/\/truusk.store\/product\/hogbadd-i-tra-planteringsbadd-med-avdelare-och-oppen-botten-tidig-badd-tradgardsbadd-235-x-66-x-26-cm-naturligt-tra\/"},"modified":"2026-03-12T08:51:10","modified_gmt":"2026-03-12T07:51:10","slug":"truusk-hogbadd-i-naturligt-tra-planteringsbadd-med-avdelare-oppen-botten-tidig-badd-235x66x26-cm-tradgardsbadd","status":"publish","type":"product","link":"https:\/\/truusk.store\/sv\/produkt\/truusk-hogbadd-i-naturligt-tra-planteringsbadd-med-avdelare-oppen-botten-tidig-badd-235x66x26-cm-tradgardsbadd\/","title":{"rendered":"TRUUSK H\u00f6gb\u00e4dd i Naturligt Tr\u00e4 &#8211; Planteringsb\u00e4dd med Avdelare &#8211; \u00d6ppen Botten &#8211; Tidig B\u00e4dd 235x66x26 cm &#8211; Tr\u00e4dg\u00e5rdsb\u00e4dd"},"content":{"rendered":"<p>Forma om din tr\u00e4dg\u00e5rd med [BRAND NAME] tr\u00e4planteringsk\u00e4rl! Den funktionella h\u00f6gkvarteret har en rymlig planteringsl\u00e5da med skiljev\u00e4gg, idealisk f\u00f6r olika typer av v\u00e4xter. Tack vare pluggsystemet \u00e4r monteringen enkel. Individualisera planteringsl\u00e5dan i din favoritf\u00e4rg, medan den \u00f6ppna basen fr\u00e4mjar h\u00e4lsosam rotv\u00e4xt. Praktisk och stilfull &#8211; det perfekta tillskottet till ditt utomhusomr\u00e5de!<\/p>\n<p>Beskrivning:<\/p>\n<ul>\n<li> Stort balkongh\u00f6gkvarter med skiljev\u00e4gg anpassar sig till olika rotbehov<\/li>\n<li> \u00d6ppen botten av balkongens \u00f6rtb\u00e4dd fr\u00e4mjar rotv\u00e4xt och f\u00f6rhindrar vattenstagnation<\/li>\n<li> Massivt tr\u00e4konstruktion motst\u00e5r deformation och sprickor<\/li>\n<li> L\u00e4mplig f\u00f6r DIY-m\u00e5lning f\u00f6r att anpassa tr\u00e4dg\u00e5rdsestetiken<\/li>\n<li> Pluggsystemet underl\u00e4ttar monteringen<\/li>\n<li> Monteringen kr\u00e4vs<\/li>\n<\/ul>\n<p> Tekniska data:<\/p>\n<ul>\n<li> F\u00e4rg: Naturtr\u00e4<\/li>\n<li> Material: Grantr\u00e4<\/li>\n<li> Totala dimensioner: 235L x 66B x 26H cm<\/li>\n<li> Planteringsomr\u00e5dets storlek: 112,5L x 57B x 23H cm<\/li>\n<\/ul>\n<p>Leverans inneh\u00e5ller:<\/p>\n<ul>\n<li> 1 x H\u00f6gb\u00e4dd<\/li>\n<li> 1 x Instruktioner<\/li>\n<\/ul>\n","protected":false},"excerpt":{"rendered":"<p>Forma om din tr\u00e4dg\u00e5rd med [BRAND NAME] tr\u00e4planteringsk\u00e4rl! Den funktionella h\u00f6gkvarteret har en rymlig planteringsl\u00e5da med skiljev\u00e4gg, idealisk f\u00f6r olika&#8230;<\/p>\n","protected":false},"featured_media":104143,"template":"","meta":[],"product_brand":[],"product_cat":[922,858,443],"product_tag":[],"class_list":{"0":"post-104155","1":"product","2":"type-product","3":"status-publish","4":"has-post-thumbnail","6":"product_cat-planteringskarl","7":"product_cat-tradgard-terrass","8":"product_cat-vaxthus-tradgardsskotsel","10":"first","11":"instock","12":"sale","13":"taxable","14":"shipping-taxable","15":"purchasable","16":"product-type-simple"},"yoast_head":"<!-- This site is optimized with the Yoast SEO plugin v25.4 - https:\/\/yoast.com\/wordpress\/plugins\/seo\/ -->\n<title>TRUUSK H\u00f6gb\u00e4dd i Naturligt Tr\u00e4 - Planteringsb\u00e4dd med Avdelare - \u00d6ppen Botten - Tidig B\u00e4dd 235x66x26 cm - Tr\u00e4dg\u00e5rdsb\u00e4dd - TRUUSK - Hem, Tr\u00e4dg\u00e5rd &amp; Fritid<\/title>\n<meta name=\"robots\" content=\"index, follow, max-snippet:-1, max-image-preview:large, max-video-preview:-1\" \/>\n<link rel=\"canonical\" href=\"https:\/\/truusk.store\/sv\/produkt\/truusk-hogbadd-i-naturligt-tra-planteringsbadd-med-avdelare-oppen-botten-tidig-badd-235x66x26-cm-tradgardsbadd\/\" \/>\n<meta property=\"og:locale\" content=\"sv_SE\" \/>\n<meta property=\"og:type\" content=\"article\" \/>\n<meta property=\"og:title\" content=\"TRUUSK H\u00f6gb\u00e4dd i Naturligt Tr\u00e4 - Planteringsb\u00e4dd med Avdelare - \u00d6ppen Botten - Tidig B\u00e4dd 235x66x26 cm - Tr\u00e4dg\u00e5rdsb\u00e4dd - TRUUSK - Hem, Tr\u00e4dg\u00e5rd &amp; Fritid\" \/>\n<meta property=\"og:description\" content=\"Forma om din tr\u00e4dg\u00e5rd med [BRAND NAME] tr\u00e4planteringsk\u00e4rl! Den funktionella h\u00f6gkvarteret har en rymlig planteringsl\u00e5da med skiljev\u00e4gg, idealisk f\u00f6r olika...\" \/>\n<meta property=\"og:url\" content=\"https:\/\/truusk.store\/sv\/produkt\/truusk-hogbadd-i-naturligt-tra-planteringsbadd-med-avdelare-oppen-botten-tidig-badd-235x66x26-cm-tradgardsbadd\/\" \/>\n<meta property=\"og:site_name\" content=\"TRUUSK - Hem, Tr\u00e4dg\u00e5rd &amp; Fritid\" \/>\n<meta property=\"article:modified_time\" content=\"2026-03-12T07:51:10+00:00\" \/>\n<meta property=\"og:image\" content=\"https:\/\/i0.wp.com\/truusk.se\/wp-content\/uploads\/2026\/02\/hogbadd-i-tra-planteringsbadd-med-avdelare-och-oppen-botten-tidig-badd-tradgardsbadd-235-x-66-x-26-cm-naturligt-tra-1.webp?fit=2000%2C2000&ssl=1\" \/>\n\t<meta property=\"og:image:width\" content=\"2000\" \/>\n\t<meta property=\"og:image:height\" content=\"2000\" \/>\n\t<meta property=\"og:image:type\" content=\"image\/webp\" \/>\n<meta name=\"twitter:card\" content=\"summary_large_image\" \/>\n<meta name=\"twitter:label1\" content=\"Ber\u00e4knad l\u00e4stid\" \/>\n\t<meta name=\"twitter:data1\" content=\"1 minut\" \/>\n<!-- \/ Yoast SEO plugin. -->","yoast_head_json":{"title":"TRUUSK H\u00f6gb\u00e4dd i Naturligt Tr\u00e4 - Planteringsb\u00e4dd med Avdelare - \u00d6ppen Botten - Tidig B\u00e4dd 235x66x26 cm - Tr\u00e4dg\u00e5rdsb\u00e4dd - TRUUSK - Hem, Tr\u00e4dg\u00e5rd &amp; Fritid","robots":{"index":"index","follow":"follow","max-snippet":"max-snippet:-1","max-image-preview":"max-image-preview:large","max-video-preview":"max-video-preview:-1"},"canonical":"https:\/\/truusk.store\/sv\/produkt\/truusk-hogbadd-i-naturligt-tra-planteringsbadd-med-avdelare-oppen-botten-tidig-badd-235x66x26-cm-tradgardsbadd\/","og_locale":"sv_SE","og_type":"article","og_title":"TRUUSK H\u00f6gb\u00e4dd i Naturligt Tr\u00e4 - Planteringsb\u00e4dd med Avdelare - \u00d6ppen Botten - Tidig B\u00e4dd 235x66x26 cm - Tr\u00e4dg\u00e5rdsb\u00e4dd - TRUUSK - Hem, Tr\u00e4dg\u00e5rd &amp; Fritid","og_description":"Forma om din tr\u00e4dg\u00e5rd med [BRAND NAME] tr\u00e4planteringsk\u00e4rl! Den funktionella h\u00f6gkvarteret har en rymlig planteringsl\u00e5da med skiljev\u00e4gg, idealisk f\u00f6r olika...","og_url":"https:\/\/truusk.store\/sv\/produkt\/truusk-hogbadd-i-naturligt-tra-planteringsbadd-med-avdelare-oppen-botten-tidig-badd-235x66x26-cm-tradgardsbadd\/","og_site_name":"TRUUSK - Hem, Tr\u00e4dg\u00e5rd &amp; Fritid","article_modified_time":"2026-03-12T07:51:10+00:00","og_image":[{"width":2000,"height":2000,"url":"https:\/\/i0.wp.com\/truusk.se\/wp-content\/uploads\/2026\/02\/hogbadd-i-tra-planteringsbadd-med-avdelare-och-oppen-botten-tidig-badd-tradgardsbadd-235-x-66-x-26-cm-naturligt-tra-1.webp?fit=2000%2C2000&ssl=1","type":"image\/webp"}],"twitter_card":"summary_large_image","twitter_misc":{"Ber\u00e4knad l\u00e4stid":"1 minut"},"schema":{"@context":"https:\/\/schema.org","@graph":[{"@type":"WebPage","@id":"https:\/\/truusk.store\/sv\/produkt\/truusk-hogbadd-i-naturligt-tra-planteringsbadd-med-avdelare-oppen-botten-tidig-badd-235x66x26-cm-tradgardsbadd\/","url":"https:\/\/truusk.store\/sv\/produkt\/truusk-hogbadd-i-naturligt-tra-planteringsbadd-med-avdelare-oppen-botten-tidig-badd-235x66x26-cm-tradgardsbadd\/","name":"TRUUSK H\u00f6gb\u00e4dd i Naturligt Tr\u00e4 - Planteringsb\u00e4dd med Avdelare - \u00d6ppen Botten - Tidig B\u00e4dd 235x66x26 cm - Tr\u00e4dg\u00e5rdsb\u00e4dd - TRUUSK - Hem, Tr\u00e4dg\u00e5rd &amp; Fritid","isPartOf":{"@id":"https:\/\/truusk.store\/sv\/#website"},"primaryImageOfPage":{"@id":"https:\/\/truusk.store\/sv\/produkt\/truusk-hogbadd-i-naturligt-tra-planteringsbadd-med-avdelare-oppen-botten-tidig-badd-235x66x26-cm-tradgardsbadd\/#primaryimage"},"image":{"@id":"https:\/\/truusk.store\/sv\/produkt\/truusk-hogbadd-i-naturligt-tra-planteringsbadd-med-avdelare-oppen-botten-tidig-badd-235x66x26-cm-tradgardsbadd\/#primaryimage"},"thumbnailUrl":"https:\/\/i0.wp.com\/truusk.store\/wp-content\/uploads\/2026\/02\/hogbadd-i-tra-planteringsbadd-med-avdelare-och-oppen-botten-tidig-badd-tradgardsbadd-235-x-66-x-26-cm-naturligt-tra-1.webp?fit=2000%2C2000&ssl=1","datePublished":"2026-02-09T04:44:34+00:00","dateModified":"2026-03-12T07:51:10+00:00","breadcrumb":{"@id":"https:\/\/truusk.store\/sv\/produkt\/truusk-hogbadd-i-naturligt-tra-planteringsbadd-med-avdelare-oppen-botten-tidig-badd-235x66x26-cm-tradgardsbadd\/#breadcrumb"},"inLanguage":"sv-SE","potentialAction":[{"@type":"ReadAction","target":["https:\/\/truusk.store\/sv\/produkt\/truusk-hogbadd-i-naturligt-tra-planteringsbadd-med-avdelare-oppen-botten-tidig-badd-235x66x26-cm-tradgardsbadd\/"]}]},{"@type":"ImageObject","inLanguage":"sv-SE","@id":"https:\/\/truusk.store\/sv\/produkt\/truusk-hogbadd-i-naturligt-tra-planteringsbadd-med-avdelare-oppen-botten-tidig-badd-235x66x26-cm-tradgardsbadd\/#primaryimage","url":"https:\/\/i0.wp.com\/truusk.store\/wp-content\/uploads\/2026\/02\/hogbadd-i-tra-planteringsbadd-med-avdelare-och-oppen-botten-tidig-badd-tradgardsbadd-235-x-66-x-26-cm-naturligt-tra-1.webp?fit=2000%2C2000&ssl=1","contentUrl":"https:\/\/i0.wp.com\/truusk.store\/wp-content\/uploads\/2026\/02\/hogbadd-i-tra-planteringsbadd-med-avdelare-och-oppen-botten-tidig-badd-tradgardsbadd-235-x-66-x-26-cm-naturligt-tra-1.webp?fit=2000%2C2000&ssl=1","width":2000,"height":2000},{"@type":"BreadcrumbList","@id":"https:\/\/truusk.store\/sv\/produkt\/truusk-hogbadd-i-naturligt-tra-planteringsbadd-med-avdelare-oppen-botten-tidig-badd-235x66x26-cm-tradgardsbadd\/#breadcrumb","itemListElement":[{"@type":"ListItem","position":1,"name":"Home","item":"https:\/\/truusk.store\/sv\/"},{"@type":"ListItem","position":2,"name":"Shop","item":"https:\/\/truusk.store\/shop\/"},{"@type":"ListItem","position":3,"name":"TRUUSK H\u00f6gb\u00e4dd i Naturligt Tr\u00e4 &#8211; Planteringsb\u00e4dd med Avdelare &#8211; \u00d6ppen Botten &#8211; Tidig B\u00e4dd 235x66x26 cm &#8211; Tr\u00e4dg\u00e5rdsb\u00e4dd"}]},{"@type":"WebSite","@id":"https:\/\/truusk.store\/sv\/#website","url":"https:\/\/truusk.store\/sv\/","name":"TRUUSK - Hem, Tr\u00e4dg\u00e5rd & Fritid","description":"","publisher":{"@id":"https:\/\/truusk.store\/sv\/#organization"},"potentialAction":[{"@type":"SearchAction","target":{"@type":"EntryPoint","urlTemplate":"https:\/\/truusk.store\/sv\/?s={search_term_string}"},"query-input":{"@type":"PropertyValueSpecification","valueRequired":true,"valueName":"search_term_string"}}],"inLanguage":"sv-SE"},{"@type":"Organization","@id":"https:\/\/truusk.store\/sv\/#organization","name":"TRUUSK - Hem, Tr\u00e4dg\u00e5rd & Fritid","url":"https:\/\/truusk.store\/sv\/","logo":{"@type":"ImageObject","inLanguage":"sv-SE","@id":"https:\/\/truusk.store\/sv\/#\/schema\/logo\/image\/","url":"https:\/\/i0.wp.com\/truusk.store\/wp-content\/uploads\/2026\/03\/cropped-TRUUSK.png?fit=2032%2C917&ssl=1","contentUrl":"https:\/\/i0.wp.com\/truusk.store\/wp-content\/uploads\/2026\/03\/cropped-TRUUSK.png?fit=2032%2C917&ssl=1","width":2032,"height":917,"caption":"TRUUSK - Hem, Tr\u00e4dg\u00e5rd & Fritid"},"image":{"@id":"https:\/\/truusk.store\/sv\/#\/schema\/logo\/image\/"}}]}},"jetpack_sharing_enabled":true,"_links":{"self":[{"href":"https:\/\/truusk.store\/sv\/wp-json\/wp\/v2\/product\/104155","targetHints":{"allow":["GET"]}}],"collection":[{"href":"https:\/\/truusk.store\/sv\/wp-json\/wp\/v2\/product"}],"about":[{"href":"https:\/\/truusk.store\/sv\/wp-json\/wp\/v2\/types\/product"}],"wp:featuredmedia":[{"embeddable":true,"href":"https:\/\/truusk.store\/sv\/wp-json\/wp\/v2\/media\/104143"}],"wp:attachment":[{"href":"https:\/\/truusk.store\/sv\/wp-json\/wp\/v2\/media?parent=104155"}],"wp:term":[{"taxonomy":"product_brand","embeddable":true,"href":"https:\/\/truusk.store\/sv\/wp-json\/wp\/v2\/product_brand?post=104155"},{"taxonomy":"product_cat","embeddable":true,"href":"https:\/\/truusk.store\/sv\/wp-json\/wp\/v2\/product_cat?post=104155"},{"taxonomy":"product_tag","embeddable":true,"href":"https:\/\/truusk.store\/sv\/wp-json\/wp\/v2\/product_tag?post=104155"}],"curies":[{"name":"wp","href":"https:\/\/api.w.org\/{rel}","templated":true}]}}