{"id":104165,"date":"2026-02-09T05:45:50","date_gmt":"2026-02-09T04:45:50","guid":{"rendered":"https:\/\/truusk.store\/product\/7-vanings-vaxtstall-130-cm-hogt-blomstall-stegad-vaxthylla-i-tra-flervanings-ljusbrun\/"},"modified":"2026-03-12T08:51:16","modified_gmt":"2026-03-12T07:51:16","slug":"truusk-7-vanings-vaxtstall-130-cm-hogt-blomstall-stegad-vaxthylla-i-tra-flervanings-ljusbrun","status":"publish","type":"product","link":"https:\/\/truusk.store\/sv\/produkt\/truusk-7-vanings-vaxtstall-130-cm-hogt-blomstall-stegad-vaxthylla-i-tra-flervanings-ljusbrun\/","title":{"rendered":"TRUUSK 7-v\u00e5nings V\u00e4xtst\u00e4ll &#8211; 130 Cm H\u00f6gt Blomst\u00e4ll &#8211; Stegad V\u00e4xthylla I Tr\u00e4 &#8211; Flerv\u00e5nings Ljusbrun"},"content":{"rendered":"<p>F\u00f6rvandla varje h\u00f6rn av ditt hem med [BRAND NAME] v\u00e4xtst\u00e4ll, en stilfull kombination av st\u00e5l och grantr\u00e4. Detta flerniv\u00e5 v\u00e4xtst\u00e4ll utm\u00e4rker sig med en unik, f\u00f6rskjuten design och har plats f\u00f6r upp till 7 krukor &#8211; perfekt f\u00f6r att visa upp dina v\u00e4xter b\u00e5de inomhus och utomhus. Det \u00e4r inte bara l\u00e4mpligt f\u00f6r v\u00e4xter, utan kan ocks\u00e5 anv\u00e4ndas som ett elegant h\u00f6rnhylla f\u00f6r dekoration, b\u00f6cker och foton.<\/p>\n<p>Beskrivning:<\/p>\n<ul>\n<li> Stegad struktur av blomsterst\u00e4ll h\u00e5ller sju krukor f\u00f6r olika planth\u00f6jder<\/li>\n<li> Pulverlackerad st\u00e5lram och rektangul\u00e4r bas av grantr\u00e4 garanterar h\u00e5llbarhet<\/li>\n<li> Passar perfekt i h\u00f6rn och utnyttjar sm\u00e5 utrymmen effektivt<\/li>\n<li> Ger enkelt en modern touch till inredningen<\/li>\n<li> M\u00e5ngsidig design, l\u00e4mplig f\u00f6r v\u00e4xter, b\u00f6cker eller dekorationer<\/li>\n<li> Enkel att montera<\/li>\n<\/ul>\n<p> Tekniska data:<\/p>\n<ul>\n<li> F\u00e4rg: Ljusbrun+Svart<\/li>\n<li> Material: St\u00e5l, Grantr\u00e4<\/li>\n<li> Totala dimensioner: 56B x 44D x 130H cm<\/li>\n<li> Basstorlek: 39B x 30D cm<\/li>\n<li> Hyllstorlek: 24B x 20D cm, 20B x 20D cm<\/li>\n<li> Hyllh\u00f6jd fr\u00e5n golvet: 2 cm, 43 cm, 59 cm, 78 cm, 94,5 cm, 113 cm, 130 cm (nedifr\u00e5n och upp)<\/li>\n<li> Max. belastning: 15 kg (per hylla)<\/li>\n<\/ul>\n<p>Leveransinneh\u00e5ll:<\/p>\n<ul>\n<li> 1 x Blomsterst\u00e4ll<\/li>\n<li> 1 x Instruktioner<\/li>\n<\/ul>\n","protected":false},"excerpt":{"rendered":"<p>F\u00f6rvandla varje h\u00f6rn av ditt hem med [BRAND NAME] v\u00e4xtst\u00e4ll, en stilfull kombination av st\u00e5l och grantr\u00e4. Detta flerniv\u00e5 v\u00e4xtst\u00e4ll&#8230;<\/p>\n","protected":false},"featured_media":104156,"template":"","meta":[],"product_brand":[],"product_cat":[884,858,443,883],"product_tag":[],"class_list":{"0":"post-104165","1":"product","2":"type-product","3":"status-publish","4":"has-post-thumbnail","6":"product_cat-pflanzentreppen","7":"product_cat-tradgard-terrass","8":"product_cat-vaxthus-tradgardsskotsel","9":"product_cat-vaxttrappor-hyllor","11":"first","12":"instock","13":"sale","14":"taxable","15":"shipping-taxable","16":"purchasable","17":"product-type-simple"},"yoast_head":"<!-- This site is optimized with the Yoast SEO plugin v25.4 - https:\/\/yoast.com\/wordpress\/plugins\/seo\/ -->\n<title>TRUUSK 7-v\u00e5nings V\u00e4xtst\u00e4ll - 130 Cm H\u00f6gt Blomst\u00e4ll - Stegad V\u00e4xthylla I Tr\u00e4 - Flerv\u00e5nings Ljusbrun - TRUUSK - Hem, Tr\u00e4dg\u00e5rd &amp; Fritid<\/title>\n<meta name=\"robots\" content=\"index, follow, max-snippet:-1, max-image-preview:large, max-video-preview:-1\" \/>\n<link rel=\"canonical\" href=\"https:\/\/truusk.store\/sv\/produkt\/truusk-7-vanings-vaxtstall-130-cm-hogt-blomstall-stegad-vaxthylla-i-tra-flervanings-ljusbrun\/\" \/>\n<meta property=\"og:locale\" content=\"sv_SE\" \/>\n<meta property=\"og:type\" content=\"article\" \/>\n<meta property=\"og:title\" content=\"TRUUSK 7-v\u00e5nings V\u00e4xtst\u00e4ll - 130 Cm H\u00f6gt Blomst\u00e4ll - Stegad V\u00e4xthylla I Tr\u00e4 - Flerv\u00e5nings Ljusbrun - TRUUSK - Hem, Tr\u00e4dg\u00e5rd &amp; Fritid\" \/>\n<meta property=\"og:description\" content=\"F\u00f6rvandla varje h\u00f6rn av ditt hem med [BRAND NAME] v\u00e4xtst\u00e4ll, en stilfull kombination av st\u00e5l och grantr\u00e4. Detta flerniv\u00e5 v\u00e4xtst\u00e4ll...\" \/>\n<meta property=\"og:url\" content=\"https:\/\/truusk.store\/sv\/produkt\/truusk-7-vanings-vaxtstall-130-cm-hogt-blomstall-stegad-vaxthylla-i-tra-flervanings-ljusbrun\/\" \/>\n<meta property=\"og:site_name\" content=\"TRUUSK - Hem, Tr\u00e4dg\u00e5rd &amp; Fritid\" \/>\n<meta property=\"article:modified_time\" content=\"2026-03-12T07:51:16+00:00\" \/>\n<meta property=\"og:image\" content=\"https:\/\/i0.wp.com\/truusk.se\/wp-content\/uploads\/2026\/02\/7-vanings-vaxtstall-130-cm-hogt-blomstall-stegad-vaxthylla-i-tra-flervanings-ljusbrun-1.webp?fit=2000%2C2000&ssl=1\" \/>\n\t<meta property=\"og:image:width\" content=\"2000\" \/>\n\t<meta property=\"og:image:height\" content=\"2000\" \/>\n\t<meta property=\"og:image:type\" content=\"image\/webp\" \/>\n<meta name=\"twitter:card\" content=\"summary_large_image\" \/>\n<meta name=\"twitter:label1\" content=\"Ber\u00e4knad l\u00e4stid\" \/>\n\t<meta name=\"twitter:data1\" content=\"1 minut\" \/>\n<!-- \/ Yoast SEO plugin. -->","yoast_head_json":{"title":"TRUUSK 7-v\u00e5nings V\u00e4xtst\u00e4ll - 130 Cm H\u00f6gt Blomst\u00e4ll - Stegad V\u00e4xthylla I Tr\u00e4 - Flerv\u00e5nings Ljusbrun - TRUUSK - Hem, Tr\u00e4dg\u00e5rd &amp; Fritid","robots":{"index":"index","follow":"follow","max-snippet":"max-snippet:-1","max-image-preview":"max-image-preview:large","max-video-preview":"max-video-preview:-1"},"canonical":"https:\/\/truusk.store\/sv\/produkt\/truusk-7-vanings-vaxtstall-130-cm-hogt-blomstall-stegad-vaxthylla-i-tra-flervanings-ljusbrun\/","og_locale":"sv_SE","og_type":"article","og_title":"TRUUSK 7-v\u00e5nings V\u00e4xtst\u00e4ll - 130 Cm H\u00f6gt Blomst\u00e4ll - Stegad V\u00e4xthylla I Tr\u00e4 - Flerv\u00e5nings Ljusbrun - TRUUSK - Hem, Tr\u00e4dg\u00e5rd &amp; Fritid","og_description":"F\u00f6rvandla varje h\u00f6rn av ditt hem med [BRAND NAME] v\u00e4xtst\u00e4ll, en stilfull kombination av st\u00e5l och grantr\u00e4. Detta flerniv\u00e5 v\u00e4xtst\u00e4ll...","og_url":"https:\/\/truusk.store\/sv\/produkt\/truusk-7-vanings-vaxtstall-130-cm-hogt-blomstall-stegad-vaxthylla-i-tra-flervanings-ljusbrun\/","og_site_name":"TRUUSK - Hem, Tr\u00e4dg\u00e5rd &amp; Fritid","article_modified_time":"2026-03-12T07:51:16+00:00","og_image":[{"width":2000,"height":2000,"url":"https:\/\/i0.wp.com\/truusk.se\/wp-content\/uploads\/2026\/02\/7-vanings-vaxtstall-130-cm-hogt-blomstall-stegad-vaxthylla-i-tra-flervanings-ljusbrun-1.webp?fit=2000%2C2000&ssl=1","type":"image\/webp"}],"twitter_card":"summary_large_image","twitter_misc":{"Ber\u00e4knad l\u00e4stid":"1 minut"},"schema":{"@context":"https:\/\/schema.org","@graph":[{"@type":"WebPage","@id":"https:\/\/truusk.store\/sv\/produkt\/truusk-7-vanings-vaxtstall-130-cm-hogt-blomstall-stegad-vaxthylla-i-tra-flervanings-ljusbrun\/","url":"https:\/\/truusk.store\/sv\/produkt\/truusk-7-vanings-vaxtstall-130-cm-hogt-blomstall-stegad-vaxthylla-i-tra-flervanings-ljusbrun\/","name":"TRUUSK 7-v\u00e5nings V\u00e4xtst\u00e4ll - 130 Cm H\u00f6gt Blomst\u00e4ll - Stegad V\u00e4xthylla I Tr\u00e4 - Flerv\u00e5nings Ljusbrun - TRUUSK - Hem, Tr\u00e4dg\u00e5rd &amp; Fritid","isPartOf":{"@id":"https:\/\/truusk.store\/sv\/#website"},"primaryImageOfPage":{"@id":"https:\/\/truusk.store\/sv\/produkt\/truusk-7-vanings-vaxtstall-130-cm-hogt-blomstall-stegad-vaxthylla-i-tra-flervanings-ljusbrun\/#primaryimage"},"image":{"@id":"https:\/\/truusk.store\/sv\/produkt\/truusk-7-vanings-vaxtstall-130-cm-hogt-blomstall-stegad-vaxthylla-i-tra-flervanings-ljusbrun\/#primaryimage"},"thumbnailUrl":"https:\/\/i0.wp.com\/truusk.store\/wp-content\/uploads\/2026\/02\/7-vanings-vaxtstall-130-cm-hogt-blomstall-stegad-vaxthylla-i-tra-flervanings-ljusbrun-1.webp?fit=2000%2C2000&ssl=1","datePublished":"2026-02-09T04:45:50+00:00","dateModified":"2026-03-12T07:51:16+00:00","breadcrumb":{"@id":"https:\/\/truusk.store\/sv\/produkt\/truusk-7-vanings-vaxtstall-130-cm-hogt-blomstall-stegad-vaxthylla-i-tra-flervanings-ljusbrun\/#breadcrumb"},"inLanguage":"sv-SE","potentialAction":[{"@type":"ReadAction","target":["https:\/\/truusk.store\/sv\/produkt\/truusk-7-vanings-vaxtstall-130-cm-hogt-blomstall-stegad-vaxthylla-i-tra-flervanings-ljusbrun\/"]}]},{"@type":"ImageObject","inLanguage":"sv-SE","@id":"https:\/\/truusk.store\/sv\/produkt\/truusk-7-vanings-vaxtstall-130-cm-hogt-blomstall-stegad-vaxthylla-i-tra-flervanings-ljusbrun\/#primaryimage","url":"https:\/\/i0.wp.com\/truusk.store\/wp-content\/uploads\/2026\/02\/7-vanings-vaxtstall-130-cm-hogt-blomstall-stegad-vaxthylla-i-tra-flervanings-ljusbrun-1.webp?fit=2000%2C2000&ssl=1","contentUrl":"https:\/\/i0.wp.com\/truusk.store\/wp-content\/uploads\/2026\/02\/7-vanings-vaxtstall-130-cm-hogt-blomstall-stegad-vaxthylla-i-tra-flervanings-ljusbrun-1.webp?fit=2000%2C2000&ssl=1","width":2000,"height":2000},{"@type":"BreadcrumbList","@id":"https:\/\/truusk.store\/sv\/produkt\/truusk-7-vanings-vaxtstall-130-cm-hogt-blomstall-stegad-vaxthylla-i-tra-flervanings-ljusbrun\/#breadcrumb","itemListElement":[{"@type":"ListItem","position":1,"name":"Home","item":"https:\/\/truusk.store\/sv\/"},{"@type":"ListItem","position":2,"name":"Shop","item":"https:\/\/truusk.store\/shop\/"},{"@type":"ListItem","position":3,"name":"TRUUSK 7-v\u00e5nings V\u00e4xtst\u00e4ll &#8211; 130 Cm H\u00f6gt Blomst\u00e4ll &#8211; Stegad V\u00e4xthylla I Tr\u00e4 &#8211; Flerv\u00e5nings Ljusbrun"}]},{"@type":"WebSite","@id":"https:\/\/truusk.store\/sv\/#website","url":"https:\/\/truusk.store\/sv\/","name":"TRUUSK - Hem, Tr\u00e4dg\u00e5rd & Fritid","description":"","publisher":{"@id":"https:\/\/truusk.store\/sv\/#organization"},"potentialAction":[{"@type":"SearchAction","target":{"@type":"EntryPoint","urlTemplate":"https:\/\/truusk.store\/sv\/?s={search_term_string}"},"query-input":{"@type":"PropertyValueSpecification","valueRequired":true,"valueName":"search_term_string"}}],"inLanguage":"sv-SE"},{"@type":"Organization","@id":"https:\/\/truusk.store\/sv\/#organization","name":"TRUUSK - Hem, Tr\u00e4dg\u00e5rd & Fritid","url":"https:\/\/truusk.store\/sv\/","logo":{"@type":"ImageObject","inLanguage":"sv-SE","@id":"https:\/\/truusk.store\/sv\/#\/schema\/logo\/image\/","url":"https:\/\/i0.wp.com\/truusk.store\/wp-content\/uploads\/2026\/03\/cropped-TRUUSK.png?fit=2032%2C917&ssl=1","contentUrl":"https:\/\/i0.wp.com\/truusk.store\/wp-content\/uploads\/2026\/03\/cropped-TRUUSK.png?fit=2032%2C917&ssl=1","width":2032,"height":917,"caption":"TRUUSK - Hem, Tr\u00e4dg\u00e5rd & Fritid"},"image":{"@id":"https:\/\/truusk.store\/sv\/#\/schema\/logo\/image\/"}}]}},"jetpack_sharing_enabled":true,"_links":{"self":[{"href":"https:\/\/truusk.store\/sv\/wp-json\/wp\/v2\/product\/104165","targetHints":{"allow":["GET"]}}],"collection":[{"href":"https:\/\/truusk.store\/sv\/wp-json\/wp\/v2\/product"}],"about":[{"href":"https:\/\/truusk.store\/sv\/wp-json\/wp\/v2\/types\/product"}],"wp:featuredmedia":[{"embeddable":true,"href":"https:\/\/truusk.store\/sv\/wp-json\/wp\/v2\/media\/104156"}],"wp:attachment":[{"href":"https:\/\/truusk.store\/sv\/wp-json\/wp\/v2\/media?parent=104165"}],"wp:term":[{"taxonomy":"product_brand","embeddable":true,"href":"https:\/\/truusk.store\/sv\/wp-json\/wp\/v2\/product_brand?post=104165"},{"taxonomy":"product_cat","embeddable":true,"href":"https:\/\/truusk.store\/sv\/wp-json\/wp\/v2\/product_cat?post=104165"},{"taxonomy":"product_tag","embeddable":true,"href":"https:\/\/truusk.store\/sv\/wp-json\/wp\/v2\/product_tag?post=104165"}],"curies":[{"name":"wp","href":"https:\/\/api.w.org\/{rel}","templated":true}]}}