{"id":104185,"date":"2026-02-09T05:47:35","date_gmt":"2026-02-09T04:47:35","guid":{"rendered":"https:\/\/truusk.store\/product\/hogbadd-med-klatterstallning-i-tra-upphojd-blomlada-med-spalje-draneringshal-nonwoven-60-x-39-x-120-cm-naturligt-tra\/"},"modified":"2026-03-12T08:51:17","modified_gmt":"2026-03-12T07:51:17","slug":"truusk-hogbadd-med-klatterstallning-i-tra-upphojd-blomlada-med-spalje-draneringshal-nonwoven-60-x-39-x-120-cm-naturligt","status":"publish","type":"product","link":"https:\/\/truusk.store\/sv\/produkt\/truusk-hogbadd-med-klatterstallning-i-tra-upphojd-blomlada-med-spalje-draneringshal-nonwoven-60-x-39-x-120-cm-naturligt\/","title":{"rendered":"TRUUSK H\u00f6gb\u00e4dd med kl\u00e4tterst\u00e4llning i tr\u00e4 &#8211; Upph\u00f6jd bloml\u00e5da med spalj\u00e9 &#8211; Dr\u00e4neringsh\u00e5l &#8211; Nonwoven 60 x 39 x 120 cm &#8211; Naturligt"},"content":{"rendered":"<p>Ge ditt utomhusomr\u00e5de elegans och funktionalitet med [BRAND NAME] bloml\u00e5da med kl\u00e4tterst\u00f6d. Tillverkad av v\u00e4derbest\u00e4ndigt grantr\u00e4, erbjuder denna tr\u00e4dg\u00e5rdsb\u00e4dd stabilitet och h\u00e5llbarhet. Idealisk f\u00f6r kl\u00e4tterv\u00e4xter som klematis, rosor och passionsblommor. Den gener\u00f6sa planteringsytan skapar utrymme f\u00f6r blommor, \u00f6rter eller gr\u00f6nsaker och f\u00f6rvandlar balkonger, terrasser eller tr\u00e4dg\u00e5rdar till blomstrande mini-oaser.<\/p>\n<p>Beskrivning:<\/p>\n<ul>\n<li> Planteringsl\u00e5dan har ett elegant r\u00e4fflat st\u00f6d f\u00f6r kl\u00e4tterv\u00e4xter<\/li>\n<li> Erbjuder ett gener\u00f6st planteringsomr\u00e5de f\u00f6r odling av blommor, \u00f6rter eller gr\u00f6nsaker<\/li>\n<li> Tillverkad av grantr\u00e4 som motst\u00e5r sprickbildning och garanterar l\u00e5ngvarig h\u00e5llbarhet<\/li>\n<li> Utrustad med ett integrerat dr\u00e4neringsh\u00e5l f\u00f6r att undvika vattenstagnation<\/li>\n<li> Med en tygb\u00e4ddsfodral f\u00f6r att h\u00e5lla jorden p\u00e5 plats<\/li>\n<li> Montering kr\u00e4vs<\/li>\n<\/ul>\n<p> Tekniska specifikationer:<\/p>\n<ul>\n<li> F\u00e4rg: Naturtr\u00e4<\/li>\n<li> Material: Grantr\u00e4<\/li>\n<li> Totala dimensioner: 60L x 39B x 120H cm<\/li>\n<li> Planteringsomr\u00e5dets dimensioner: 54L x 32B x 25H cm<\/li>\n<li> St\u00f6dets dimensioner: 60B x 86H cm<\/li>\n<li> B\u00e4rkapacitet: 30 kg<\/li>\n<\/ul>\n<p>Leveransinneh\u00e5ll:<\/p>\n<ul>\n<li> 1 x Tr\u00e4dg\u00e5rdsb\u00e4dd med st\u00f6d<\/li>\n<li> 1 x Bruksanvisning<\/li>\n<\/ul>\n","protected":false},"excerpt":{"rendered":"<p>Ge ditt utomhusomr\u00e5de elegans och funktionalitet med [BRAND NAME] bloml\u00e5da med kl\u00e4tterst\u00f6d. Tillverkad av v\u00e4derbest\u00e4ndigt grantr\u00e4, erbjuder denna tr\u00e4dg\u00e5rdsb\u00e4dd stabilitet&#8230;<\/p>\n","protected":false},"featured_media":104174,"template":"","meta":[],"product_brand":[],"product_cat":[922,858,443],"product_tag":[],"class_list":{"0":"post-104185","1":"product","2":"type-product","3":"status-publish","4":"has-post-thumbnail","6":"product_cat-planteringskarl","7":"product_cat-tradgard-terrass","8":"product_cat-vaxthus-tradgardsskotsel","10":"first","11":"instock","12":"sale","13":"taxable","14":"shipping-taxable","15":"purchasable","16":"product-type-simple"},"yoast_head":"<!-- This site is optimized with the Yoast SEO plugin v25.4 - https:\/\/yoast.com\/wordpress\/plugins\/seo\/ -->\n<title>TRUUSK H\u00f6gb\u00e4dd med kl\u00e4tterst\u00e4llning i tr\u00e4 - Upph\u00f6jd bloml\u00e5da med spalj\u00e9 - Dr\u00e4neringsh\u00e5l - Nonwoven 60 x 39 x 120 cm - Naturligt - TRUUSK - Hem, Tr\u00e4dg\u00e5rd &amp; Fritid<\/title>\n<meta name=\"robots\" content=\"index, follow, max-snippet:-1, max-image-preview:large, max-video-preview:-1\" \/>\n<link rel=\"canonical\" href=\"https:\/\/truusk.store\/sv\/produkt\/truusk-hogbadd-med-klatterstallning-i-tra-upphojd-blomlada-med-spalje-draneringshal-nonwoven-60-x-39-x-120-cm-naturligt\/\" \/>\n<meta property=\"og:locale\" content=\"sv_SE\" \/>\n<meta property=\"og:type\" content=\"article\" \/>\n<meta property=\"og:title\" content=\"TRUUSK H\u00f6gb\u00e4dd med kl\u00e4tterst\u00e4llning i tr\u00e4 - Upph\u00f6jd bloml\u00e5da med spalj\u00e9 - Dr\u00e4neringsh\u00e5l - Nonwoven 60 x 39 x 120 cm - Naturligt - TRUUSK - Hem, Tr\u00e4dg\u00e5rd &amp; Fritid\" \/>\n<meta property=\"og:description\" content=\"Ge ditt utomhusomr\u00e5de elegans och funktionalitet med [BRAND NAME] bloml\u00e5da med kl\u00e4tterst\u00f6d. Tillverkad av v\u00e4derbest\u00e4ndigt grantr\u00e4, erbjuder denna tr\u00e4dg\u00e5rdsb\u00e4dd stabilitet...\" \/>\n<meta property=\"og:url\" content=\"https:\/\/truusk.store\/sv\/produkt\/truusk-hogbadd-med-klatterstallning-i-tra-upphojd-blomlada-med-spalje-draneringshal-nonwoven-60-x-39-x-120-cm-naturligt\/\" \/>\n<meta property=\"og:site_name\" content=\"TRUUSK - Hem, Tr\u00e4dg\u00e5rd &amp; Fritid\" \/>\n<meta property=\"article:modified_time\" content=\"2026-03-12T07:51:17+00:00\" \/>\n<meta property=\"og:image\" content=\"https:\/\/i0.wp.com\/truusk.se\/wp-content\/uploads\/2026\/02\/hogbadd-med-klatterstallning-i-tra-upphojd-blomlada-med-spalje-draneringshal-nonwoven-60-x-39-x-120-cm-naturligt-tra-1.webp?fit=2000%2C2000&ssl=1\" \/>\n\t<meta property=\"og:image:width\" content=\"2000\" \/>\n\t<meta property=\"og:image:height\" content=\"2000\" \/>\n\t<meta property=\"og:image:type\" content=\"image\/webp\" \/>\n<meta name=\"twitter:card\" content=\"summary_large_image\" \/>\n<meta name=\"twitter:label1\" content=\"Ber\u00e4knad l\u00e4stid\" \/>\n\t<meta name=\"twitter:data1\" content=\"1 minut\" \/>\n<!-- \/ Yoast SEO plugin. -->","yoast_head_json":{"title":"TRUUSK H\u00f6gb\u00e4dd med kl\u00e4tterst\u00e4llning i tr\u00e4 - Upph\u00f6jd bloml\u00e5da med spalj\u00e9 - Dr\u00e4neringsh\u00e5l - Nonwoven 60 x 39 x 120 cm - Naturligt - TRUUSK - Hem, Tr\u00e4dg\u00e5rd &amp; Fritid","robots":{"index":"index","follow":"follow","max-snippet":"max-snippet:-1","max-image-preview":"max-image-preview:large","max-video-preview":"max-video-preview:-1"},"canonical":"https:\/\/truusk.store\/sv\/produkt\/truusk-hogbadd-med-klatterstallning-i-tra-upphojd-blomlada-med-spalje-draneringshal-nonwoven-60-x-39-x-120-cm-naturligt\/","og_locale":"sv_SE","og_type":"article","og_title":"TRUUSK H\u00f6gb\u00e4dd med kl\u00e4tterst\u00e4llning i tr\u00e4 - Upph\u00f6jd bloml\u00e5da med spalj\u00e9 - Dr\u00e4neringsh\u00e5l - Nonwoven 60 x 39 x 120 cm - Naturligt - TRUUSK - Hem, Tr\u00e4dg\u00e5rd &amp; Fritid","og_description":"Ge ditt utomhusomr\u00e5de elegans och funktionalitet med [BRAND NAME] bloml\u00e5da med kl\u00e4tterst\u00f6d. Tillverkad av v\u00e4derbest\u00e4ndigt grantr\u00e4, erbjuder denna tr\u00e4dg\u00e5rdsb\u00e4dd stabilitet...","og_url":"https:\/\/truusk.store\/sv\/produkt\/truusk-hogbadd-med-klatterstallning-i-tra-upphojd-blomlada-med-spalje-draneringshal-nonwoven-60-x-39-x-120-cm-naturligt\/","og_site_name":"TRUUSK - Hem, Tr\u00e4dg\u00e5rd &amp; Fritid","article_modified_time":"2026-03-12T07:51:17+00:00","og_image":[{"width":2000,"height":2000,"url":"https:\/\/i0.wp.com\/truusk.se\/wp-content\/uploads\/2026\/02\/hogbadd-med-klatterstallning-i-tra-upphojd-blomlada-med-spalje-draneringshal-nonwoven-60-x-39-x-120-cm-naturligt-tra-1.webp?fit=2000%2C2000&ssl=1","type":"image\/webp"}],"twitter_card":"summary_large_image","twitter_misc":{"Ber\u00e4knad l\u00e4stid":"1 minut"},"schema":{"@context":"https:\/\/schema.org","@graph":[{"@type":"WebPage","@id":"https:\/\/truusk.store\/sv\/produkt\/truusk-hogbadd-med-klatterstallning-i-tra-upphojd-blomlada-med-spalje-draneringshal-nonwoven-60-x-39-x-120-cm-naturligt\/","url":"https:\/\/truusk.store\/sv\/produkt\/truusk-hogbadd-med-klatterstallning-i-tra-upphojd-blomlada-med-spalje-draneringshal-nonwoven-60-x-39-x-120-cm-naturligt\/","name":"TRUUSK H\u00f6gb\u00e4dd med kl\u00e4tterst\u00e4llning i tr\u00e4 - Upph\u00f6jd bloml\u00e5da med spalj\u00e9 - Dr\u00e4neringsh\u00e5l - Nonwoven 60 x 39 x 120 cm - Naturligt - TRUUSK - Hem, Tr\u00e4dg\u00e5rd &amp; Fritid","isPartOf":{"@id":"https:\/\/truusk.store\/sv\/#website"},"primaryImageOfPage":{"@id":"https:\/\/truusk.store\/sv\/produkt\/truusk-hogbadd-med-klatterstallning-i-tra-upphojd-blomlada-med-spalje-draneringshal-nonwoven-60-x-39-x-120-cm-naturligt\/#primaryimage"},"image":{"@id":"https:\/\/truusk.store\/sv\/produkt\/truusk-hogbadd-med-klatterstallning-i-tra-upphojd-blomlada-med-spalje-draneringshal-nonwoven-60-x-39-x-120-cm-naturligt\/#primaryimage"},"thumbnailUrl":"https:\/\/i0.wp.com\/truusk.store\/wp-content\/uploads\/2026\/02\/hogbadd-med-klatterstallning-i-tra-upphojd-blomlada-med-spalje-draneringshal-nonwoven-60-x-39-x-120-cm-naturligt-tra-1.webp?fit=2000%2C2000&ssl=1","datePublished":"2026-02-09T04:47:35+00:00","dateModified":"2026-03-12T07:51:17+00:00","breadcrumb":{"@id":"https:\/\/truusk.store\/sv\/produkt\/truusk-hogbadd-med-klatterstallning-i-tra-upphojd-blomlada-med-spalje-draneringshal-nonwoven-60-x-39-x-120-cm-naturligt\/#breadcrumb"},"inLanguage":"sv-SE","potentialAction":[{"@type":"ReadAction","target":["https:\/\/truusk.store\/sv\/produkt\/truusk-hogbadd-med-klatterstallning-i-tra-upphojd-blomlada-med-spalje-draneringshal-nonwoven-60-x-39-x-120-cm-naturligt\/"]}]},{"@type":"ImageObject","inLanguage":"sv-SE","@id":"https:\/\/truusk.store\/sv\/produkt\/truusk-hogbadd-med-klatterstallning-i-tra-upphojd-blomlada-med-spalje-draneringshal-nonwoven-60-x-39-x-120-cm-naturligt\/#primaryimage","url":"https:\/\/i0.wp.com\/truusk.store\/wp-content\/uploads\/2026\/02\/hogbadd-med-klatterstallning-i-tra-upphojd-blomlada-med-spalje-draneringshal-nonwoven-60-x-39-x-120-cm-naturligt-tra-1.webp?fit=2000%2C2000&ssl=1","contentUrl":"https:\/\/i0.wp.com\/truusk.store\/wp-content\/uploads\/2026\/02\/hogbadd-med-klatterstallning-i-tra-upphojd-blomlada-med-spalje-draneringshal-nonwoven-60-x-39-x-120-cm-naturligt-tra-1.webp?fit=2000%2C2000&ssl=1","width":2000,"height":2000},{"@type":"BreadcrumbList","@id":"https:\/\/truusk.store\/sv\/produkt\/truusk-hogbadd-med-klatterstallning-i-tra-upphojd-blomlada-med-spalje-draneringshal-nonwoven-60-x-39-x-120-cm-naturligt\/#breadcrumb","itemListElement":[{"@type":"ListItem","position":1,"name":"Home","item":"https:\/\/truusk.store\/sv\/"},{"@type":"ListItem","position":2,"name":"Shop","item":"https:\/\/truusk.store\/shop\/"},{"@type":"ListItem","position":3,"name":"TRUUSK H\u00f6gb\u00e4dd med kl\u00e4tterst\u00e4llning i tr\u00e4 &#8211; Upph\u00f6jd bloml\u00e5da med spalj\u00e9 &#8211; Dr\u00e4neringsh\u00e5l &#8211; Nonwoven 60 x 39 x 120 cm &#8211; Naturligt"}]},{"@type":"WebSite","@id":"https:\/\/truusk.store\/sv\/#website","url":"https:\/\/truusk.store\/sv\/","name":"TRUUSK - Hem, Tr\u00e4dg\u00e5rd & Fritid","description":"","publisher":{"@id":"https:\/\/truusk.store\/sv\/#organization"},"potentialAction":[{"@type":"SearchAction","target":{"@type":"EntryPoint","urlTemplate":"https:\/\/truusk.store\/sv\/?s={search_term_string}"},"query-input":{"@type":"PropertyValueSpecification","valueRequired":true,"valueName":"search_term_string"}}],"inLanguage":"sv-SE"},{"@type":"Organization","@id":"https:\/\/truusk.store\/sv\/#organization","name":"TRUUSK - Hem, Tr\u00e4dg\u00e5rd & Fritid","url":"https:\/\/truusk.store\/sv\/","logo":{"@type":"ImageObject","inLanguage":"sv-SE","@id":"https:\/\/truusk.store\/sv\/#\/schema\/logo\/image\/","url":"https:\/\/i0.wp.com\/truusk.store\/wp-content\/uploads\/2026\/03\/cropped-TRUUSK.png?fit=2032%2C917&ssl=1","contentUrl":"https:\/\/i0.wp.com\/truusk.store\/wp-content\/uploads\/2026\/03\/cropped-TRUUSK.png?fit=2032%2C917&ssl=1","width":2032,"height":917,"caption":"TRUUSK - Hem, Tr\u00e4dg\u00e5rd & Fritid"},"image":{"@id":"https:\/\/truusk.store\/sv\/#\/schema\/logo\/image\/"}}]}},"jetpack_sharing_enabled":true,"_links":{"self":[{"href":"https:\/\/truusk.store\/sv\/wp-json\/wp\/v2\/product\/104185","targetHints":{"allow":["GET"]}}],"collection":[{"href":"https:\/\/truusk.store\/sv\/wp-json\/wp\/v2\/product"}],"about":[{"href":"https:\/\/truusk.store\/sv\/wp-json\/wp\/v2\/types\/product"}],"wp:featuredmedia":[{"embeddable":true,"href":"https:\/\/truusk.store\/sv\/wp-json\/wp\/v2\/media\/104174"}],"wp:attachment":[{"href":"https:\/\/truusk.store\/sv\/wp-json\/wp\/v2\/media?parent=104185"}],"wp:term":[{"taxonomy":"product_brand","embeddable":true,"href":"https:\/\/truusk.store\/sv\/wp-json\/wp\/v2\/product_brand?post=104185"},{"taxonomy":"product_cat","embeddable":true,"href":"https:\/\/truusk.store\/sv\/wp-json\/wp\/v2\/product_cat?post=104185"},{"taxonomy":"product_tag","embeddable":true,"href":"https:\/\/truusk.store\/sv\/wp-json\/wp\/v2\/product_tag?post=104185"}],"curies":[{"name":"wp","href":"https:\/\/api.w.org\/{rel}","templated":true}]}}