{"id":104195,"date":"2026-02-09T05:48:35","date_gmt":"2026-02-09T04:48:35","guid":{"rendered":"https:\/\/truusk.store\/product\/fladdermuslada-3-delars-set-av-grantra-fladdermushus-for-upphangning-i-tradgardar-215-x-115-x-34-cm\/"},"modified":"2026-03-12T08:51:18","modified_gmt":"2026-03-12T07:51:18","slug":"truusk-fladdermuslada-3-delars-set-av-grantra-for-upphangning-i-tradgardar-215-x-115-x-34-cm","status":"publish","type":"product","link":"https:\/\/truusk.store\/sv\/produkt\/truusk-fladdermuslada-3-delars-set-av-grantra-for-upphangning-i-tradgardar-215-x-115-x-34-cm\/","title":{"rendered":"TRUUSK Fladdermusl\u00e5da 3-delars Set Av Grantr\u00e4 &#8211; F\u00f6r Upph\u00e4ngning I Tr\u00e4dg\u00e5rdar &#8211; 21,5 X 11,5 X 34 Cm"},"content":{"rendered":"<p>Fladdermusholkarna levereras i ett set om tre och hj\u00e4lper dig att skapa en s\u00e4ker tillflyktsort f\u00f6r dina djur. [BRAND NAME]-fladdermushuset i tr\u00e4 l\u00f6ser detta problem med sin tv\u00e5kammar-design och 15 mm tjocka konstruktion av gran. Denna f\u00f6rh\u00f6jda fladdermuslivsmilj\u00f6 efterliknar naturliga sovplatser och ger djuren en s\u00e4ker tillflyktsort fr\u00e5n rovdjur och v\u00e4derp\u00e5verkan &#8211; f\u00f6r ett balanserat ekosystem i tr\u00e4dg\u00e5rden.<\/p>\n<p>Beskrivning:<\/p>\n<ul>\n<li> Detta sparset inneh\u00e5ller tre fladdermusholkar f\u00f6r att locka fler inhemska fladderm\u00f6ss.<\/li>\n<li> Tv\u00e5 kammare och inre r\u00e4fflor skapar en inbjudande livsmilj\u00f6 f\u00f6r fladderm\u00f6ss.<\/li>\n<li> Den stora landningsplattformen och ventilations\u00f6ppningen ger komfort och enkel tillg\u00e5ng.<\/li>\n<li> Tillverkad av tjockt grantr\u00e4 med v\u00e4derbest\u00e4ndig lack.<\/li>\n<li> Dessa fladdermusholkar skyddar fladderm\u00f6ssen mot markrovf\u00e5glar som tv\u00e4ttbj\u00f6rnar.<\/li>\n<li> De erbjuder en naturlig metod f\u00f6r att bek\u00e4mpa myggor och andra tr\u00e4dg\u00e5rdsskadeg\u00f6rare.<\/li>\n<li> Montering kr\u00e4vs.<\/li>\n<\/ul>\n<p> Tekniska specifikationer:<\/p>\n<ul>\n<li> F\u00e4rg: Naturtr\u00e4+Brun<\/li>\n<li> Material: Grantr\u00e4<\/li>\n<li> Totala dimensioner: 21,5L x 11,5B x 34H cm<\/li>\n<li> Landningsplats: 18B x 5H cm<\/li>\n<li> Inre utrymme: 15B x 2T x 22H cm (F\u00f6rsta v\u00e5ningen), 15B x 2T x 21H cm (Andra v\u00e5ningen)<\/li>\n<\/ul>\n<p>Leveransinneh\u00e5ll:<\/p>\n<ul>\n<li> 3 x Fladdermusholk<\/li>\n<li> 1 x Instruktioner<\/li>\n<\/ul>\n","protected":false},"excerpt":{"rendered":"<p>Fladdermusholkarna levereras i ett set om tre och hj\u00e4lper dig att skapa en s\u00e4ker tillflyktsort f\u00f6r dina djur. [BRAND NAME]-fladdermushuset&#8230;<\/p>\n","protected":false},"featured_media":104186,"template":"","meta":[],"product_brand":[],"product_cat":[895,598,597],"product_tag":[],"class_list":{"0":"post-104195","1":"product","2":"type-product","3":"status-publish","4":"has-post-thumbnail","6":"product_cat-djurutrustning","7":"product_cat-sma-djurstallar","8":"product_cat-sma-djurtillbehor","10":"first","11":"instock","12":"sale","13":"taxable","14":"shipping-taxable","15":"purchasable","16":"product-type-simple"},"yoast_head":"<!-- This site is optimized with the Yoast SEO plugin v25.4 - https:\/\/yoast.com\/wordpress\/plugins\/seo\/ -->\n<title>TRUUSK Fladdermusl\u00e5da 3-delars Set Av Grantr\u00e4 - F\u00f6r Upph\u00e4ngning I Tr\u00e4dg\u00e5rdar - 21,5 X 11,5 X 34 Cm - TRUUSK - Hem, Tr\u00e4dg\u00e5rd &amp; Fritid<\/title>\n<meta name=\"robots\" content=\"index, follow, max-snippet:-1, max-image-preview:large, max-video-preview:-1\" \/>\n<link rel=\"canonical\" href=\"https:\/\/truusk.store\/sv\/produkt\/truusk-fladdermuslada-3-delars-set-av-grantra-for-upphangning-i-tradgardar-215-x-115-x-34-cm\/\" \/>\n<meta property=\"og:locale\" content=\"sv_SE\" \/>\n<meta property=\"og:type\" content=\"article\" \/>\n<meta property=\"og:title\" content=\"TRUUSK Fladdermusl\u00e5da 3-delars Set Av Grantr\u00e4 - F\u00f6r Upph\u00e4ngning I Tr\u00e4dg\u00e5rdar - 21,5 X 11,5 X 34 Cm - TRUUSK - Hem, Tr\u00e4dg\u00e5rd &amp; Fritid\" \/>\n<meta property=\"og:description\" content=\"Fladdermusholkarna levereras i ett set om tre och hj\u00e4lper dig att skapa en s\u00e4ker tillflyktsort f\u00f6r dina djur. [BRAND NAME]-fladdermushuset...\" \/>\n<meta property=\"og:url\" content=\"https:\/\/truusk.store\/sv\/produkt\/truusk-fladdermuslada-3-delars-set-av-grantra-for-upphangning-i-tradgardar-215-x-115-x-34-cm\/\" \/>\n<meta property=\"og:site_name\" content=\"TRUUSK - Hem, Tr\u00e4dg\u00e5rd &amp; Fritid\" \/>\n<meta property=\"article:modified_time\" content=\"2026-03-12T07:51:18+00:00\" \/>\n<meta property=\"og:image\" content=\"https:\/\/i0.wp.com\/truusk.se\/wp-content\/uploads\/2026\/02\/fladdermuslada-3-delars-set-av-grantra-fladdermushus-for-upphangning-i-tradgardar-215-x-115-x-34-cm-1.webp?fit=2000%2C2000&ssl=1\" \/>\n\t<meta property=\"og:image:width\" content=\"2000\" \/>\n\t<meta property=\"og:image:height\" content=\"2000\" \/>\n\t<meta property=\"og:image:type\" content=\"image\/webp\" \/>\n<meta name=\"twitter:card\" content=\"summary_large_image\" \/>\n<meta name=\"twitter:label1\" content=\"Ber\u00e4knad l\u00e4stid\" \/>\n\t<meta name=\"twitter:data1\" content=\"1 minut\" \/>\n<!-- \/ Yoast SEO plugin. -->","yoast_head_json":{"title":"TRUUSK Fladdermusl\u00e5da 3-delars Set Av Grantr\u00e4 - F\u00f6r Upph\u00e4ngning I Tr\u00e4dg\u00e5rdar - 21,5 X 11,5 X 34 Cm - TRUUSK - Hem, Tr\u00e4dg\u00e5rd &amp; Fritid","robots":{"index":"index","follow":"follow","max-snippet":"max-snippet:-1","max-image-preview":"max-image-preview:large","max-video-preview":"max-video-preview:-1"},"canonical":"https:\/\/truusk.store\/sv\/produkt\/truusk-fladdermuslada-3-delars-set-av-grantra-for-upphangning-i-tradgardar-215-x-115-x-34-cm\/","og_locale":"sv_SE","og_type":"article","og_title":"TRUUSK Fladdermusl\u00e5da 3-delars Set Av Grantr\u00e4 - F\u00f6r Upph\u00e4ngning I Tr\u00e4dg\u00e5rdar - 21,5 X 11,5 X 34 Cm - TRUUSK - Hem, Tr\u00e4dg\u00e5rd &amp; Fritid","og_description":"Fladdermusholkarna levereras i ett set om tre och hj\u00e4lper dig att skapa en s\u00e4ker tillflyktsort f\u00f6r dina djur. [BRAND NAME]-fladdermushuset...","og_url":"https:\/\/truusk.store\/sv\/produkt\/truusk-fladdermuslada-3-delars-set-av-grantra-for-upphangning-i-tradgardar-215-x-115-x-34-cm\/","og_site_name":"TRUUSK - Hem, Tr\u00e4dg\u00e5rd &amp; Fritid","article_modified_time":"2026-03-12T07:51:18+00:00","og_image":[{"width":2000,"height":2000,"url":"https:\/\/i0.wp.com\/truusk.se\/wp-content\/uploads\/2026\/02\/fladdermuslada-3-delars-set-av-grantra-fladdermushus-for-upphangning-i-tradgardar-215-x-115-x-34-cm-1.webp?fit=2000%2C2000&ssl=1","type":"image\/webp"}],"twitter_card":"summary_large_image","twitter_misc":{"Ber\u00e4knad l\u00e4stid":"1 minut"},"schema":{"@context":"https:\/\/schema.org","@graph":[{"@type":"WebPage","@id":"https:\/\/truusk.store\/sv\/produkt\/truusk-fladdermuslada-3-delars-set-av-grantra-for-upphangning-i-tradgardar-215-x-115-x-34-cm\/","url":"https:\/\/truusk.store\/sv\/produkt\/truusk-fladdermuslada-3-delars-set-av-grantra-for-upphangning-i-tradgardar-215-x-115-x-34-cm\/","name":"TRUUSK Fladdermusl\u00e5da 3-delars Set Av Grantr\u00e4 - F\u00f6r Upph\u00e4ngning I Tr\u00e4dg\u00e5rdar - 21,5 X 11,5 X 34 Cm - TRUUSK - Hem, Tr\u00e4dg\u00e5rd &amp; Fritid","isPartOf":{"@id":"https:\/\/truusk.store\/sv\/#website"},"primaryImageOfPage":{"@id":"https:\/\/truusk.store\/sv\/produkt\/truusk-fladdermuslada-3-delars-set-av-grantra-for-upphangning-i-tradgardar-215-x-115-x-34-cm\/#primaryimage"},"image":{"@id":"https:\/\/truusk.store\/sv\/produkt\/truusk-fladdermuslada-3-delars-set-av-grantra-for-upphangning-i-tradgardar-215-x-115-x-34-cm\/#primaryimage"},"thumbnailUrl":"https:\/\/i0.wp.com\/truusk.store\/wp-content\/uploads\/2026\/02\/fladdermuslada-3-delars-set-av-grantra-fladdermushus-for-upphangning-i-tradgardar-215-x-115-x-34-cm-1.webp?fit=2000%2C2000&ssl=1","datePublished":"2026-02-09T04:48:35+00:00","dateModified":"2026-03-12T07:51:18+00:00","breadcrumb":{"@id":"https:\/\/truusk.store\/sv\/produkt\/truusk-fladdermuslada-3-delars-set-av-grantra-for-upphangning-i-tradgardar-215-x-115-x-34-cm\/#breadcrumb"},"inLanguage":"sv-SE","potentialAction":[{"@type":"ReadAction","target":["https:\/\/truusk.store\/sv\/produkt\/truusk-fladdermuslada-3-delars-set-av-grantra-for-upphangning-i-tradgardar-215-x-115-x-34-cm\/"]}]},{"@type":"ImageObject","inLanguage":"sv-SE","@id":"https:\/\/truusk.store\/sv\/produkt\/truusk-fladdermuslada-3-delars-set-av-grantra-for-upphangning-i-tradgardar-215-x-115-x-34-cm\/#primaryimage","url":"https:\/\/i0.wp.com\/truusk.store\/wp-content\/uploads\/2026\/02\/fladdermuslada-3-delars-set-av-grantra-fladdermushus-for-upphangning-i-tradgardar-215-x-115-x-34-cm-1.webp?fit=2000%2C2000&ssl=1","contentUrl":"https:\/\/i0.wp.com\/truusk.store\/wp-content\/uploads\/2026\/02\/fladdermuslada-3-delars-set-av-grantra-fladdermushus-for-upphangning-i-tradgardar-215-x-115-x-34-cm-1.webp?fit=2000%2C2000&ssl=1","width":2000,"height":2000},{"@type":"BreadcrumbList","@id":"https:\/\/truusk.store\/sv\/produkt\/truusk-fladdermuslada-3-delars-set-av-grantra-for-upphangning-i-tradgardar-215-x-115-x-34-cm\/#breadcrumb","itemListElement":[{"@type":"ListItem","position":1,"name":"Home","item":"https:\/\/truusk.store\/sv\/"},{"@type":"ListItem","position":2,"name":"Shop","item":"https:\/\/truusk.store\/shop\/"},{"@type":"ListItem","position":3,"name":"TRUUSK Fladdermusl\u00e5da 3-delars Set Av Grantr\u00e4 &#8211; F\u00f6r Upph\u00e4ngning I Tr\u00e4dg\u00e5rdar &#8211; 21,5 X 11,5 X 34 Cm"}]},{"@type":"WebSite","@id":"https:\/\/truusk.store\/sv\/#website","url":"https:\/\/truusk.store\/sv\/","name":"TRUUSK - Hem, Tr\u00e4dg\u00e5rd & Fritid","description":"","publisher":{"@id":"https:\/\/truusk.store\/sv\/#organization"},"potentialAction":[{"@type":"SearchAction","target":{"@type":"EntryPoint","urlTemplate":"https:\/\/truusk.store\/sv\/?s={search_term_string}"},"query-input":{"@type":"PropertyValueSpecification","valueRequired":true,"valueName":"search_term_string"}}],"inLanguage":"sv-SE"},{"@type":"Organization","@id":"https:\/\/truusk.store\/sv\/#organization","name":"TRUUSK - Hem, Tr\u00e4dg\u00e5rd & Fritid","url":"https:\/\/truusk.store\/sv\/","logo":{"@type":"ImageObject","inLanguage":"sv-SE","@id":"https:\/\/truusk.store\/sv\/#\/schema\/logo\/image\/","url":"https:\/\/i0.wp.com\/truusk.store\/wp-content\/uploads\/2026\/03\/cropped-TRUUSK.png?fit=2032%2C917&ssl=1","contentUrl":"https:\/\/i0.wp.com\/truusk.store\/wp-content\/uploads\/2026\/03\/cropped-TRUUSK.png?fit=2032%2C917&ssl=1","width":2032,"height":917,"caption":"TRUUSK - Hem, Tr\u00e4dg\u00e5rd & Fritid"},"image":{"@id":"https:\/\/truusk.store\/sv\/#\/schema\/logo\/image\/"}}]}},"jetpack_sharing_enabled":true,"_links":{"self":[{"href":"https:\/\/truusk.store\/sv\/wp-json\/wp\/v2\/product\/104195","targetHints":{"allow":["GET"]}}],"collection":[{"href":"https:\/\/truusk.store\/sv\/wp-json\/wp\/v2\/product"}],"about":[{"href":"https:\/\/truusk.store\/sv\/wp-json\/wp\/v2\/types\/product"}],"wp:featuredmedia":[{"embeddable":true,"href":"https:\/\/truusk.store\/sv\/wp-json\/wp\/v2\/media\/104186"}],"wp:attachment":[{"href":"https:\/\/truusk.store\/sv\/wp-json\/wp\/v2\/media?parent=104195"}],"wp:term":[{"taxonomy":"product_brand","embeddable":true,"href":"https:\/\/truusk.store\/sv\/wp-json\/wp\/v2\/product_brand?post=104195"},{"taxonomy":"product_cat","embeddable":true,"href":"https:\/\/truusk.store\/sv\/wp-json\/wp\/v2\/product_cat?post=104195"},{"taxonomy":"product_tag","embeddable":true,"href":"https:\/\/truusk.store\/sv\/wp-json\/wp\/v2\/product_tag?post=104195"}],"curies":[{"name":"wp","href":"https:\/\/api.w.org\/{rel}","templated":true}]}}