{"id":104225,"date":"2026-02-09T05:51:34","date_gmt":"2026-02-09T04:51:34","guid":{"rendered":"https:\/\/truusk.store\/product\/pergola-387-x-297-m-terrassoverdrag-med-skjutbart-tak-2-insynsskydd-uv-50-morkgra\/"},"modified":"2026-03-12T08:51:20","modified_gmt":"2026-03-12T07:51:20","slug":"truusk-hundvagn-och-kattvagn-2-i-1-hopfallbar-med-regnskydd-natventiler-kudde-for-husdjur-upp-till-10-kg-khaki-8","status":"publish","type":"product","link":"https:\/\/truusk.store\/sv\/produkt\/truusk-hundvagn-och-kattvagn-2-i-1-hopfallbar-med-regnskydd-natventiler-kudde-for-husdjur-upp-till-10-kg-khaki-8\/","title":{"rendered":"TRUUSK Hundvagn och Kattvagn 2-i-1 &#8211; Hopf\u00e4llbar med Regnskydd &#8211; N\u00e4tventiler &#8211; Kudde &#8211; F\u00f6r Husdjur upp till 10 kg &#8211; Khaki"},"content":{"rendered":"<p>Njut av solen eller skuggan med [BRAND NAME] pergola och inf\u00e4llbart tak. Gr\u00f6nska dina insynsskydd med kl\u00e4tterv\u00e4xter. Det UV50+ PA-belagda taket skyddar mot solen. Rostfritt st\u00e5l och markankare ger stabilitet. Tack vare aluminiumskenor \u00e4r taket l\u00e4tt att flytta. Den perfekta pergolan f\u00f6r en bekv\u00e4m utomhusupplevelse!<\/p>\n<p>Beskrivning:<\/p>\n<ul>\n<li> Plantering av kl\u00e4tterv\u00e4xter p\u00e5 insynsskydd fr\u00e4mjar frodig gr\u00f6nska och f\u00f6rb\u00e4ttrar skuggt\u00e4ckningen<\/li>\n<li> Det inf\u00e4llbara taket sl\u00e4pper in solljus eller ger UV50+ skydd vid behov<\/li>\n<li> Pulverlackerade st\u00e5lramen p\u00e5 tr\u00e4dg\u00e5rdspaviljongen \u00e4r rostbest\u00e4ndig och stabil<\/li>\n<li> Aluminiumskenor ger en smidig anv\u00e4ndning<\/li>\n<li> Dr\u00e4neringsh\u00e5l f\u00f6rhindrar vattenansamling<\/li>\n<li> Inneh\u00e5ller 8 markankare och 8 expanderbultar f\u00f6r montering<\/li>\n<\/ul>\n<p> Tekniska data:<\/p>\n<ul>\n<li> F\u00e4rg: M\u00f6rkgr\u00e5<\/li>\n<li> Material: St\u00e5l, aluminium, polyester<\/li>\n<li> Totala dimensioner: 387L x 297B x 220H cm<\/li>\n<li> Pelaravst\u00e5nd: 368L x 280B cm<\/li>\n<li> Pelarstorlek: 60L x 60B mm<\/li>\n<li> Sn\u00f6belastning: 5 kg\/\u33a1<\/li>\n<\/ul>\n<p>Leveransinneh\u00e5ll:<\/p>\n<ul>\n<li> 1 x Pergola<\/li>\n<li> 8 x Markankare<\/li>\n<li> 8 x Expanderbult<\/li>\n<li> 1 x Instruktioner<\/li>\n<\/ul>\n","protected":false},"excerpt":{"rendered":"<p>Njut av solen eller skuggan med [BRAND NAME] pergola och inf\u00e4llbart tak. Gr\u00f6nska dina insynsskydd med kl\u00e4tterv\u00e4xter. Det UV50+ PA-belagda&#8230;<\/p>\n","protected":false},"featured_media":104216,"template":"","meta":[],"product_brand":[],"product_cat":[478,858,476],"product_tag":[],"class_list":{"0":"post-104225","1":"product","2":"type-product","3":"status-publish","4":"has-post-thumbnail","6":"product_cat-pergola","7":"product_cat-tradgard-terrass","8":"product_cat-tradgardspaviljonger","10":"first","11":"instock","12":"sale","13":"taxable","14":"shipping-taxable","15":"purchasable","16":"product-type-simple"},"yoast_head":"<!-- This site is optimized with the Yoast SEO plugin v25.4 - https:\/\/yoast.com\/wordpress\/plugins\/seo\/ -->\n<title>TRUUSK Hundvagn och Kattvagn 2-i-1 - Hopf\u00e4llbar med Regnskydd - N\u00e4tventiler - Kudde - F\u00f6r Husdjur upp till 10 kg - Khaki - TRUUSK - Hem, Tr\u00e4dg\u00e5rd &amp; Fritid<\/title>\n<meta name=\"robots\" content=\"index, follow, max-snippet:-1, max-image-preview:large, max-video-preview:-1\" \/>\n<link rel=\"canonical\" href=\"https:\/\/truusk.store\/sv\/produkt\/truusk-hundvagn-och-kattvagn-2-i-1-hopfallbar-med-regnskydd-natventiler-kudde-for-husdjur-upp-till-10-kg-khaki-8\/\" \/>\n<meta property=\"og:locale\" content=\"sv_SE\" \/>\n<meta property=\"og:type\" content=\"article\" \/>\n<meta property=\"og:title\" content=\"TRUUSK Hundvagn och Kattvagn 2-i-1 - Hopf\u00e4llbar med Regnskydd - N\u00e4tventiler - Kudde - F\u00f6r Husdjur upp till 10 kg - Khaki - TRUUSK - Hem, Tr\u00e4dg\u00e5rd &amp; Fritid\" \/>\n<meta property=\"og:description\" content=\"Njut av solen eller skuggan med [BRAND NAME] pergola och inf\u00e4llbart tak. Gr\u00f6nska dina insynsskydd med kl\u00e4tterv\u00e4xter. Det UV50+ PA-belagda...\" \/>\n<meta property=\"og:url\" content=\"https:\/\/truusk.store\/sv\/produkt\/truusk-hundvagn-och-kattvagn-2-i-1-hopfallbar-med-regnskydd-natventiler-kudde-for-husdjur-upp-till-10-kg-khaki-8\/\" \/>\n<meta property=\"og:site_name\" content=\"TRUUSK - Hem, Tr\u00e4dg\u00e5rd &amp; Fritid\" \/>\n<meta property=\"article:modified_time\" content=\"2026-03-12T07:51:20+00:00\" \/>\n<meta property=\"og:image\" content=\"https:\/\/i0.wp.com\/truusk.se\/wp-content\/uploads\/2026\/02\/pergola-387-x-297-m-terrassoverdrag-med-skjutbart-tak-2-insynsskydd-uv-50-morkgra-1.webp?fit=2000%2C2000&ssl=1\" \/>\n\t<meta property=\"og:image:width\" content=\"2000\" \/>\n\t<meta property=\"og:image:height\" content=\"2000\" \/>\n\t<meta property=\"og:image:type\" content=\"image\/webp\" \/>\n<meta name=\"twitter:card\" content=\"summary_large_image\" \/>\n<meta name=\"twitter:label1\" content=\"Ber\u00e4knad l\u00e4stid\" \/>\n\t<meta name=\"twitter:data1\" content=\"1 minut\" \/>\n<!-- \/ Yoast SEO plugin. -->","yoast_head_json":{"title":"TRUUSK Hundvagn och Kattvagn 2-i-1 - Hopf\u00e4llbar med Regnskydd - N\u00e4tventiler - Kudde - F\u00f6r Husdjur upp till 10 kg - Khaki - TRUUSK - Hem, Tr\u00e4dg\u00e5rd &amp; Fritid","robots":{"index":"index","follow":"follow","max-snippet":"max-snippet:-1","max-image-preview":"max-image-preview:large","max-video-preview":"max-video-preview:-1"},"canonical":"https:\/\/truusk.store\/sv\/produkt\/truusk-hundvagn-och-kattvagn-2-i-1-hopfallbar-med-regnskydd-natventiler-kudde-for-husdjur-upp-till-10-kg-khaki-8\/","og_locale":"sv_SE","og_type":"article","og_title":"TRUUSK Hundvagn och Kattvagn 2-i-1 - Hopf\u00e4llbar med Regnskydd - N\u00e4tventiler - Kudde - F\u00f6r Husdjur upp till 10 kg - Khaki - TRUUSK - Hem, Tr\u00e4dg\u00e5rd &amp; Fritid","og_description":"Njut av solen eller skuggan med [BRAND NAME] pergola och inf\u00e4llbart tak. Gr\u00f6nska dina insynsskydd med kl\u00e4tterv\u00e4xter. Det UV50+ PA-belagda...","og_url":"https:\/\/truusk.store\/sv\/produkt\/truusk-hundvagn-och-kattvagn-2-i-1-hopfallbar-med-regnskydd-natventiler-kudde-for-husdjur-upp-till-10-kg-khaki-8\/","og_site_name":"TRUUSK - Hem, Tr\u00e4dg\u00e5rd &amp; Fritid","article_modified_time":"2026-03-12T07:51:20+00:00","og_image":[{"width":2000,"height":2000,"url":"https:\/\/i0.wp.com\/truusk.se\/wp-content\/uploads\/2026\/02\/pergola-387-x-297-m-terrassoverdrag-med-skjutbart-tak-2-insynsskydd-uv-50-morkgra-1.webp?fit=2000%2C2000&ssl=1","type":"image\/webp"}],"twitter_card":"summary_large_image","twitter_misc":{"Ber\u00e4knad l\u00e4stid":"1 minut"},"schema":{"@context":"https:\/\/schema.org","@graph":[{"@type":"WebPage","@id":"https:\/\/truusk.store\/sv\/produkt\/truusk-hundvagn-och-kattvagn-2-i-1-hopfallbar-med-regnskydd-natventiler-kudde-for-husdjur-upp-till-10-kg-khaki-8\/","url":"https:\/\/truusk.store\/sv\/produkt\/truusk-hundvagn-och-kattvagn-2-i-1-hopfallbar-med-regnskydd-natventiler-kudde-for-husdjur-upp-till-10-kg-khaki-8\/","name":"TRUUSK Hundvagn och Kattvagn 2-i-1 - Hopf\u00e4llbar med Regnskydd - N\u00e4tventiler - Kudde - F\u00f6r Husdjur upp till 10 kg - Khaki - TRUUSK - Hem, Tr\u00e4dg\u00e5rd &amp; Fritid","isPartOf":{"@id":"https:\/\/truusk.store\/sv\/#website"},"primaryImageOfPage":{"@id":"https:\/\/truusk.store\/sv\/produkt\/truusk-hundvagn-och-kattvagn-2-i-1-hopfallbar-med-regnskydd-natventiler-kudde-for-husdjur-upp-till-10-kg-khaki-8\/#primaryimage"},"image":{"@id":"https:\/\/truusk.store\/sv\/produkt\/truusk-hundvagn-och-kattvagn-2-i-1-hopfallbar-med-regnskydd-natventiler-kudde-for-husdjur-upp-till-10-kg-khaki-8\/#primaryimage"},"thumbnailUrl":"https:\/\/i0.wp.com\/truusk.store\/wp-content\/uploads\/2026\/02\/pergola-387-x-297-m-terrassoverdrag-med-skjutbart-tak-2-insynsskydd-uv-50-morkgra-1.webp?fit=2000%2C2000&ssl=1","datePublished":"2026-02-09T04:51:34+00:00","dateModified":"2026-03-12T07:51:20+00:00","breadcrumb":{"@id":"https:\/\/truusk.store\/sv\/produkt\/truusk-hundvagn-och-kattvagn-2-i-1-hopfallbar-med-regnskydd-natventiler-kudde-for-husdjur-upp-till-10-kg-khaki-8\/#breadcrumb"},"inLanguage":"sv-SE","potentialAction":[{"@type":"ReadAction","target":["https:\/\/truusk.store\/sv\/produkt\/truusk-hundvagn-och-kattvagn-2-i-1-hopfallbar-med-regnskydd-natventiler-kudde-for-husdjur-upp-till-10-kg-khaki-8\/"]}]},{"@type":"ImageObject","inLanguage":"sv-SE","@id":"https:\/\/truusk.store\/sv\/produkt\/truusk-hundvagn-och-kattvagn-2-i-1-hopfallbar-med-regnskydd-natventiler-kudde-for-husdjur-upp-till-10-kg-khaki-8\/#primaryimage","url":"https:\/\/i0.wp.com\/truusk.store\/wp-content\/uploads\/2026\/02\/pergola-387-x-297-m-terrassoverdrag-med-skjutbart-tak-2-insynsskydd-uv-50-morkgra-1.webp?fit=2000%2C2000&ssl=1","contentUrl":"https:\/\/i0.wp.com\/truusk.store\/wp-content\/uploads\/2026\/02\/pergola-387-x-297-m-terrassoverdrag-med-skjutbart-tak-2-insynsskydd-uv-50-morkgra-1.webp?fit=2000%2C2000&ssl=1","width":2000,"height":2000},{"@type":"BreadcrumbList","@id":"https:\/\/truusk.store\/sv\/produkt\/truusk-hundvagn-och-kattvagn-2-i-1-hopfallbar-med-regnskydd-natventiler-kudde-for-husdjur-upp-till-10-kg-khaki-8\/#breadcrumb","itemListElement":[{"@type":"ListItem","position":1,"name":"Home","item":"https:\/\/truusk.store\/sv\/"},{"@type":"ListItem","position":2,"name":"Shop","item":"https:\/\/truusk.store\/shop\/"},{"@type":"ListItem","position":3,"name":"TRUUSK Hundvagn och Kattvagn 2-i-1 &#8211; Hopf\u00e4llbar med Regnskydd &#8211; N\u00e4tventiler &#8211; Kudde &#8211; F\u00f6r Husdjur upp till 10 kg &#8211; Khaki"}]},{"@type":"WebSite","@id":"https:\/\/truusk.store\/sv\/#website","url":"https:\/\/truusk.store\/sv\/","name":"TRUUSK - Hem, Tr\u00e4dg\u00e5rd & Fritid","description":"","publisher":{"@id":"https:\/\/truusk.store\/sv\/#organization"},"potentialAction":[{"@type":"SearchAction","target":{"@type":"EntryPoint","urlTemplate":"https:\/\/truusk.store\/sv\/?s={search_term_string}"},"query-input":{"@type":"PropertyValueSpecification","valueRequired":true,"valueName":"search_term_string"}}],"inLanguage":"sv-SE"},{"@type":"Organization","@id":"https:\/\/truusk.store\/sv\/#organization","name":"TRUUSK - Hem, Tr\u00e4dg\u00e5rd & Fritid","url":"https:\/\/truusk.store\/sv\/","logo":{"@type":"ImageObject","inLanguage":"sv-SE","@id":"https:\/\/truusk.store\/sv\/#\/schema\/logo\/image\/","url":"https:\/\/i0.wp.com\/truusk.store\/wp-content\/uploads\/2026\/03\/cropped-TRUUSK.png?fit=2032%2C917&ssl=1","contentUrl":"https:\/\/i0.wp.com\/truusk.store\/wp-content\/uploads\/2026\/03\/cropped-TRUUSK.png?fit=2032%2C917&ssl=1","width":2032,"height":917,"caption":"TRUUSK - Hem, Tr\u00e4dg\u00e5rd & Fritid"},"image":{"@id":"https:\/\/truusk.store\/sv\/#\/schema\/logo\/image\/"}}]}},"jetpack_sharing_enabled":true,"_links":{"self":[{"href":"https:\/\/truusk.store\/sv\/wp-json\/wp\/v2\/product\/104225","targetHints":{"allow":["GET"]}}],"collection":[{"href":"https:\/\/truusk.store\/sv\/wp-json\/wp\/v2\/product"}],"about":[{"href":"https:\/\/truusk.store\/sv\/wp-json\/wp\/v2\/types\/product"}],"wp:featuredmedia":[{"embeddable":true,"href":"https:\/\/truusk.store\/sv\/wp-json\/wp\/v2\/media\/104216"}],"wp:attachment":[{"href":"https:\/\/truusk.store\/sv\/wp-json\/wp\/v2\/media?parent=104225"}],"wp:term":[{"taxonomy":"product_brand","embeddable":true,"href":"https:\/\/truusk.store\/sv\/wp-json\/wp\/v2\/product_brand?post=104225"},{"taxonomy":"product_cat","embeddable":true,"href":"https:\/\/truusk.store\/sv\/wp-json\/wp\/v2\/product_cat?post=104225"},{"taxonomy":"product_tag","embeddable":true,"href":"https:\/\/truusk.store\/sv\/wp-json\/wp\/v2\/product_tag?post=104225"}],"curies":[{"name":"wp","href":"https:\/\/api.w.org\/{rel}","templated":true}]}}