{"id":104235,"date":"2026-02-09T05:52:26","date_gmt":"2026-02-09T04:52:26","guid":{"rendered":"https:\/\/truusk.store\/product\/pergola-3-x-4-m-terrasstak-med-skjuttak-magnetiska-las-uv30-beige\/"},"modified":"2026-03-12T08:51:20","modified_gmt":"2026-03-12T07:51:20","slug":"truusk-pergola-3x4m-terrasskjul-med-skjuttak-magnetiska-las-uv30-beige","status":"publish","type":"product","link":"https:\/\/truusk.store\/sv\/produkt\/truusk-pergola-3x4m-terrasskjul-med-skjuttak-magnetiska-las-uv30-beige\/","title":{"rendered":"TRUUSK Pergola 3x4m Terrasskjul med Skjuttak &#8211; Magnetiska L\u00e5s &#8211; UV30+ Beige"},"content":{"rendered":"<p>Uppt\u00e4ck charmen med [BRAND NAME] pergola med ett UV30+ skyddat, inf\u00e4llbart tak &#8211; perfekt f\u00f6r soliga dagar. Praktiska magnetiska l\u00e5s s\u00e4krar taket p\u00e5 plats. Tillverkad av en rostbest\u00e4ndig metallram och stabiliserad med markankare eller expansionsbultar, erbjuder denna terrasst\u00e4ckning stabilitet f\u00f6r daglig utomhusanv\u00e4ndning. Detta tr\u00e4dg\u00e5rdstak lovar en stabil och trevlig utomhusupplevelse!<\/p>\n<p>Beskrivning:<\/p>\n<ul>\n<li> Inf\u00e4llbart markis sl\u00e4pper in solljus eller ger UV30+ skydd vid behov<\/li>\n<li> Praktiska magnetiska l\u00e5s f\u00f6r att s\u00e4kra markisen<\/li>\n<li> 8 x 8 cm pulverlackerade metallstolpar \u00e4r rostbest\u00e4ndiga och robusta<\/li>\n<li> Aluminiumskjutreglage p\u00e5 tr\u00e4dg\u00e5rdspaviljongen ger en smidig drift<\/li>\n<li> Dr\u00e4neringsh\u00e5l f\u00f6rhindrar vattenansamlingar<\/li>\n<li> Inneh\u00e5ller 8 markankare och 8 expansionsbultar f\u00f6r fasts\u00e4ttning<\/li>\n<\/ul>\n<p> Tekniska data:<\/p>\n<ul>\n<li> F\u00e4rg: Beige<\/li>\n<li> Material: St\u00e5l, aluminium, polyester<\/li>\n<li> Totala dimensioner: 390L x 297B x 227H cm<\/li>\n<li> Kolonnavst\u00e5nd: 340L x 246B cm<\/li>\n<li> Kolonnstorlek: 80L x 80B mm<\/li>\n<li> Sn\u00f6last: 5 kg\/\u33a1<\/li>\n<\/ul>\n<p>Leveransinneh\u00e5ll:<\/p>\n<ul>\n<li> 1 x Pergola<\/li>\n<li> 8 x Markankare<\/li>\n<li> 8 x Expansionsbult<\/li>\n<li> 1 x Instruktion<\/li>\n<\/ul>\n","protected":false},"excerpt":{"rendered":"<p>Uppt\u00e4ck charmen med [BRAND NAME] pergola med ett UV30+ skyddat, inf\u00e4llbart tak &#8211; perfekt f\u00f6r soliga dagar. Praktiska magnetiska l\u00e5s&#8230;<\/p>\n","protected":false},"featured_media":104226,"template":"","meta":[],"product_brand":[],"product_cat":[478,858,476],"product_tag":[],"class_list":{"0":"post-104235","1":"product","2":"type-product","3":"status-publish","4":"has-post-thumbnail","6":"product_cat-pergola","7":"product_cat-tradgard-terrass","8":"product_cat-tradgardspaviljonger","10":"first","11":"instock","12":"sale","13":"taxable","14":"shipping-taxable","15":"purchasable","16":"product-type-simple"},"yoast_head":"<!-- This site is optimized with the Yoast SEO plugin v25.4 - https:\/\/yoast.com\/wordpress\/plugins\/seo\/ -->\n<title>TRUUSK Pergola 3x4m Terrasskjul med Skjuttak - Magnetiska L\u00e5s - UV30+ Beige - TRUUSK - Hem, Tr\u00e4dg\u00e5rd &amp; Fritid<\/title>\n<meta name=\"robots\" content=\"index, follow, max-snippet:-1, max-image-preview:large, max-video-preview:-1\" \/>\n<link rel=\"canonical\" href=\"https:\/\/truusk.store\/sv\/produkt\/truusk-pergola-3x4m-terrasskjul-med-skjuttak-magnetiska-las-uv30-beige\/\" \/>\n<meta property=\"og:locale\" content=\"sv_SE\" \/>\n<meta property=\"og:type\" content=\"article\" \/>\n<meta property=\"og:title\" content=\"TRUUSK Pergola 3x4m Terrasskjul med Skjuttak - Magnetiska L\u00e5s - UV30+ Beige - TRUUSK - Hem, Tr\u00e4dg\u00e5rd &amp; Fritid\" \/>\n<meta property=\"og:description\" content=\"Uppt\u00e4ck charmen med [BRAND NAME] pergola med ett UV30+ skyddat, inf\u00e4llbart tak &#8211; perfekt f\u00f6r soliga dagar. Praktiska magnetiska l\u00e5s...\" \/>\n<meta property=\"og:url\" content=\"https:\/\/truusk.store\/sv\/produkt\/truusk-pergola-3x4m-terrasskjul-med-skjuttak-magnetiska-las-uv30-beige\/\" \/>\n<meta property=\"og:site_name\" content=\"TRUUSK - Hem, Tr\u00e4dg\u00e5rd &amp; Fritid\" \/>\n<meta property=\"article:modified_time\" content=\"2026-03-12T07:51:20+00:00\" \/>\n<meta property=\"og:image\" content=\"https:\/\/i0.wp.com\/truusk.se\/wp-content\/uploads\/2026\/02\/pergola-3-x-4-m-terrasstak-med-skjuttak-magnetiska-las-uv30-beige-1.webp?fit=2000%2C2000&ssl=1\" \/>\n\t<meta property=\"og:image:width\" content=\"2000\" \/>\n\t<meta property=\"og:image:height\" content=\"2000\" \/>\n\t<meta property=\"og:image:type\" content=\"image\/webp\" \/>\n<meta name=\"twitter:card\" content=\"summary_large_image\" \/>\n<meta name=\"twitter:label1\" content=\"Ber\u00e4knad l\u00e4stid\" \/>\n\t<meta name=\"twitter:data1\" content=\"1 minut\" \/>\n<!-- \/ Yoast SEO plugin. -->","yoast_head_json":{"title":"TRUUSK Pergola 3x4m Terrasskjul med Skjuttak - Magnetiska L\u00e5s - UV30+ Beige - TRUUSK - Hem, Tr\u00e4dg\u00e5rd &amp; Fritid","robots":{"index":"index","follow":"follow","max-snippet":"max-snippet:-1","max-image-preview":"max-image-preview:large","max-video-preview":"max-video-preview:-1"},"canonical":"https:\/\/truusk.store\/sv\/produkt\/truusk-pergola-3x4m-terrasskjul-med-skjuttak-magnetiska-las-uv30-beige\/","og_locale":"sv_SE","og_type":"article","og_title":"TRUUSK Pergola 3x4m Terrasskjul med Skjuttak - Magnetiska L\u00e5s - UV30+ Beige - TRUUSK - Hem, Tr\u00e4dg\u00e5rd &amp; Fritid","og_description":"Uppt\u00e4ck charmen med [BRAND NAME] pergola med ett UV30+ skyddat, inf\u00e4llbart tak &#8211; perfekt f\u00f6r soliga dagar. Praktiska magnetiska l\u00e5s...","og_url":"https:\/\/truusk.store\/sv\/produkt\/truusk-pergola-3x4m-terrasskjul-med-skjuttak-magnetiska-las-uv30-beige\/","og_site_name":"TRUUSK - Hem, Tr\u00e4dg\u00e5rd &amp; Fritid","article_modified_time":"2026-03-12T07:51:20+00:00","og_image":[{"width":2000,"height":2000,"url":"https:\/\/i0.wp.com\/truusk.se\/wp-content\/uploads\/2026\/02\/pergola-3-x-4-m-terrasstak-med-skjuttak-magnetiska-las-uv30-beige-1.webp?fit=2000%2C2000&ssl=1","type":"image\/webp"}],"twitter_card":"summary_large_image","twitter_misc":{"Ber\u00e4knad l\u00e4stid":"1 minut"},"schema":{"@context":"https:\/\/schema.org","@graph":[{"@type":"WebPage","@id":"https:\/\/truusk.store\/sv\/produkt\/truusk-pergola-3x4m-terrasskjul-med-skjuttak-magnetiska-las-uv30-beige\/","url":"https:\/\/truusk.store\/sv\/produkt\/truusk-pergola-3x4m-terrasskjul-med-skjuttak-magnetiska-las-uv30-beige\/","name":"TRUUSK Pergola 3x4m Terrasskjul med Skjuttak - Magnetiska L\u00e5s - UV30+ Beige - TRUUSK - Hem, Tr\u00e4dg\u00e5rd &amp; Fritid","isPartOf":{"@id":"https:\/\/truusk.store\/sv\/#website"},"primaryImageOfPage":{"@id":"https:\/\/truusk.store\/sv\/produkt\/truusk-pergola-3x4m-terrasskjul-med-skjuttak-magnetiska-las-uv30-beige\/#primaryimage"},"image":{"@id":"https:\/\/truusk.store\/sv\/produkt\/truusk-pergola-3x4m-terrasskjul-med-skjuttak-magnetiska-las-uv30-beige\/#primaryimage"},"thumbnailUrl":"https:\/\/i0.wp.com\/truusk.store\/wp-content\/uploads\/2026\/02\/pergola-3-x-4-m-terrasstak-med-skjuttak-magnetiska-las-uv30-beige-1.webp?fit=2000%2C2000&ssl=1","datePublished":"2026-02-09T04:52:26+00:00","dateModified":"2026-03-12T07:51:20+00:00","breadcrumb":{"@id":"https:\/\/truusk.store\/sv\/produkt\/truusk-pergola-3x4m-terrasskjul-med-skjuttak-magnetiska-las-uv30-beige\/#breadcrumb"},"inLanguage":"sv-SE","potentialAction":[{"@type":"ReadAction","target":["https:\/\/truusk.store\/sv\/produkt\/truusk-pergola-3x4m-terrasskjul-med-skjuttak-magnetiska-las-uv30-beige\/"]}]},{"@type":"ImageObject","inLanguage":"sv-SE","@id":"https:\/\/truusk.store\/sv\/produkt\/truusk-pergola-3x4m-terrasskjul-med-skjuttak-magnetiska-las-uv30-beige\/#primaryimage","url":"https:\/\/i0.wp.com\/truusk.store\/wp-content\/uploads\/2026\/02\/pergola-3-x-4-m-terrasstak-med-skjuttak-magnetiska-las-uv30-beige-1.webp?fit=2000%2C2000&ssl=1","contentUrl":"https:\/\/i0.wp.com\/truusk.store\/wp-content\/uploads\/2026\/02\/pergola-3-x-4-m-terrasstak-med-skjuttak-magnetiska-las-uv30-beige-1.webp?fit=2000%2C2000&ssl=1","width":2000,"height":2000},{"@type":"BreadcrumbList","@id":"https:\/\/truusk.store\/sv\/produkt\/truusk-pergola-3x4m-terrasskjul-med-skjuttak-magnetiska-las-uv30-beige\/#breadcrumb","itemListElement":[{"@type":"ListItem","position":1,"name":"Home","item":"https:\/\/truusk.store\/sv\/"},{"@type":"ListItem","position":2,"name":"Shop","item":"https:\/\/truusk.store\/shop\/"},{"@type":"ListItem","position":3,"name":"TRUUSK Pergola 3x4m Terrasskjul med Skjuttak &#8211; Magnetiska L\u00e5s &#8211; UV30+ Beige"}]},{"@type":"WebSite","@id":"https:\/\/truusk.store\/sv\/#website","url":"https:\/\/truusk.store\/sv\/","name":"TRUUSK - Hem, Tr\u00e4dg\u00e5rd & Fritid","description":"","publisher":{"@id":"https:\/\/truusk.store\/sv\/#organization"},"potentialAction":[{"@type":"SearchAction","target":{"@type":"EntryPoint","urlTemplate":"https:\/\/truusk.store\/sv\/?s={search_term_string}"},"query-input":{"@type":"PropertyValueSpecification","valueRequired":true,"valueName":"search_term_string"}}],"inLanguage":"sv-SE"},{"@type":"Organization","@id":"https:\/\/truusk.store\/sv\/#organization","name":"TRUUSK - Hem, Tr\u00e4dg\u00e5rd & Fritid","url":"https:\/\/truusk.store\/sv\/","logo":{"@type":"ImageObject","inLanguage":"sv-SE","@id":"https:\/\/truusk.store\/sv\/#\/schema\/logo\/image\/","url":"https:\/\/i0.wp.com\/truusk.store\/wp-content\/uploads\/2026\/03\/cropped-TRUUSK.png?fit=2032%2C917&ssl=1","contentUrl":"https:\/\/i0.wp.com\/truusk.store\/wp-content\/uploads\/2026\/03\/cropped-TRUUSK.png?fit=2032%2C917&ssl=1","width":2032,"height":917,"caption":"TRUUSK - Hem, Tr\u00e4dg\u00e5rd & Fritid"},"image":{"@id":"https:\/\/truusk.store\/sv\/#\/schema\/logo\/image\/"}}]}},"jetpack_sharing_enabled":true,"_links":{"self":[{"href":"https:\/\/truusk.store\/sv\/wp-json\/wp\/v2\/product\/104235","targetHints":{"allow":["GET"]}}],"collection":[{"href":"https:\/\/truusk.store\/sv\/wp-json\/wp\/v2\/product"}],"about":[{"href":"https:\/\/truusk.store\/sv\/wp-json\/wp\/v2\/types\/product"}],"wp:featuredmedia":[{"embeddable":true,"href":"https:\/\/truusk.store\/sv\/wp-json\/wp\/v2\/media\/104226"}],"wp:attachment":[{"href":"https:\/\/truusk.store\/sv\/wp-json\/wp\/v2\/media?parent=104235"}],"wp:term":[{"taxonomy":"product_brand","embeddable":true,"href":"https:\/\/truusk.store\/sv\/wp-json\/wp\/v2\/product_brand?post=104235"},{"taxonomy":"product_cat","embeddable":true,"href":"https:\/\/truusk.store\/sv\/wp-json\/wp\/v2\/product_cat?post=104235"},{"taxonomy":"product_tag","embeddable":true,"href":"https:\/\/truusk.store\/sv\/wp-json\/wp\/v2\/product_tag?post=104235"}],"curies":[{"name":"wp","href":"https:\/\/api.w.org\/{rel}","templated":true}]}}