{"id":104245,"date":"2026-02-09T05:53:31","date_gmt":"2026-02-09T04:53:31","guid":{"rendered":"https:\/\/truusk.store\/product\/pergola-3-x-4-m-terrasstak-med-skjuttak-automatiskt-infallbara-rullgardiner-uv50-aluminiumram\/"},"modified":"2026-03-12T08:52:10","modified_gmt":"2026-03-12T07:52:10","slug":"truusk-pergola-3-x-4-m-terrasstak-med-skjuttak-automatiskt-infallbara-rullgardiner-uv50-aluminiumram","status":"publish","type":"product","link":"https:\/\/truusk.store\/sv\/produkt\/truusk-pergola-3-x-4-m-terrasstak-med-skjuttak-automatiskt-infallbara-rullgardiner-uv50-aluminiumram\/","title":{"rendered":"TRUUSK Pergola 3 x 4 m &#8211; Terrasstak med skjuttak &#8211; Automatiskt inf\u00e4llbara rullgardiner &#8211; UV50+ &#8211; Aluminiumram"},"content":{"rendered":"<p>Slappna av i solen eller i skuggan med [BRAND NAME] pergola med inf\u00e4llbart tak. Det 180 g\/m\u00b2 PA-belagda taket erbjuder UV50+-skydd, och de automatiskt inf\u00e4llbara rullgardinerna garanterar komfort och privatliv. Tillverkad av rostfritt aluminium, s\u00e4kert fastsatt med markankare eller expansionsbultar, erbjuder denna terrasstak med smidiga aluminiumskenor en stabil och trevlig utomhusupplevelse!<\/p>\n<p>Beskrivning:<\/p>\n<ul>\n<li> Rullgardiner erbjuder b\u00e5de skugga och privatliv<\/li>\n<li> Automatiskt inf\u00e4llbara rullgardiner f\u00f6r manuell upprullning<\/li>\n<li> Inf\u00e4llbart tak till\u00e5ter solljus eller erbjuder UV50+ skydd efter behov<\/li>\n<li> Pulverlackerade aluminiumst\u00f6d f\u00f6r tr\u00e4dg\u00e5rdspaviljongen \u00e4r rostbest\u00e4ndiga och robusta<\/li>\n<li> Aluminiumglidskenor ger en smidig anv\u00e4ndning<\/li>\n<li> Dr\u00e4neringsh\u00e5l f\u00f6rhindrar vattenansamling<\/li>\n<li> Inneh\u00e5ller 8 markankare och 8 expansionsbultar f\u00f6r montering<\/li>\n<\/ul>\n<p> Tekniska data:<\/p>\n<ul>\n<li> F\u00e4rg: M\u00f6rkgr\u00e5<\/li>\n<li> Material: Aluminium, st\u00e5l, polyester<\/li>\n<li> Totala dimensioner: 392L x 297B x 225H cm<\/li>\n<li> Pelaravst\u00e5nd: 342L x 246B cm<\/li>\n<li> Pelarstorlek: 80L x 80B mm<\/li>\n<li> Vindskyddsniv\u00e5: 6<\/li>\n<li> Sn\u00f6belastning: 5 kg\/\u33a1<\/li>\n<\/ul>\n<p>Leveransinneh\u00e5ll:<\/p>\n<ul>\n<li> 1 x Pergola<\/li>\n<li> 8 x Markankare<\/li>\n<li> 8 x Expansionsbultar<\/li>\n<li> 1 x Handbok<\/li>\n<\/ul>\n","protected":false},"excerpt":{"rendered":"<p>Slappna av i solen eller i skuggan med [BRAND NAME] pergola med inf\u00e4llbart tak. Det 180 g\/m\u00b2 PA-belagda taket erbjuder&#8230;<\/p>\n","protected":false},"featured_media":104236,"template":"","meta":[],"product_brand":[],"product_cat":[478,858,476],"product_tag":[],"class_list":{"0":"post-104245","1":"product","2":"type-product","3":"status-publish","4":"has-post-thumbnail","6":"product_cat-pergola","7":"product_cat-tradgard-terrass","8":"product_cat-tradgardspaviljonger","10":"first","11":"instock","12":"sale","13":"taxable","14":"shipping-taxable","15":"purchasable","16":"product-type-simple"},"yoast_head":"<!-- This site is optimized with the Yoast SEO plugin v25.4 - https:\/\/yoast.com\/wordpress\/plugins\/seo\/ -->\n<title>TRUUSK Pergola 3 x 4 m - Terrasstak med skjuttak - Automatiskt inf\u00e4llbara rullgardiner - UV50+ - Aluminiumram - TRUUSK - Hem, Tr\u00e4dg\u00e5rd &amp; Fritid<\/title>\n<meta name=\"robots\" content=\"index, follow, max-snippet:-1, max-image-preview:large, max-video-preview:-1\" \/>\n<link rel=\"canonical\" href=\"https:\/\/truusk.store\/sv\/produkt\/truusk-pergola-3-x-4-m-terrasstak-med-skjuttak-automatiskt-infallbara-rullgardiner-uv50-aluminiumram\/\" \/>\n<meta property=\"og:locale\" content=\"sv_SE\" \/>\n<meta property=\"og:type\" content=\"article\" \/>\n<meta property=\"og:title\" content=\"TRUUSK Pergola 3 x 4 m - Terrasstak med skjuttak - Automatiskt inf\u00e4llbara rullgardiner - UV50+ - Aluminiumram - TRUUSK - Hem, Tr\u00e4dg\u00e5rd &amp; Fritid\" \/>\n<meta property=\"og:description\" content=\"Slappna av i solen eller i skuggan med [BRAND NAME] pergola med inf\u00e4llbart tak. Det 180 g\/m\u00b2 PA-belagda taket erbjuder...\" \/>\n<meta property=\"og:url\" content=\"https:\/\/truusk.store\/sv\/produkt\/truusk-pergola-3-x-4-m-terrasstak-med-skjuttak-automatiskt-infallbara-rullgardiner-uv50-aluminiumram\/\" \/>\n<meta property=\"og:site_name\" content=\"TRUUSK - Hem, Tr\u00e4dg\u00e5rd &amp; Fritid\" \/>\n<meta property=\"article:modified_time\" content=\"2026-03-12T07:52:10+00:00\" \/>\n<meta property=\"og:image\" content=\"https:\/\/i0.wp.com\/truusk.se\/wp-content\/uploads\/2026\/02\/pergola-3-x-4-m-terrasstak-med-skjuttak-automatiskt-infallbara-rullgardiner-uv50-aluminiumram-1.webp?fit=2000%2C2000&ssl=1\" \/>\n\t<meta property=\"og:image:width\" content=\"2000\" \/>\n\t<meta property=\"og:image:height\" content=\"2000\" \/>\n\t<meta property=\"og:image:type\" content=\"image\/webp\" \/>\n<meta name=\"twitter:card\" content=\"summary_large_image\" \/>\n<meta name=\"twitter:label1\" content=\"Ber\u00e4knad l\u00e4stid\" \/>\n\t<meta name=\"twitter:data1\" content=\"1 minut\" \/>\n<!-- \/ Yoast SEO plugin. -->","yoast_head_json":{"title":"TRUUSK Pergola 3 x 4 m - Terrasstak med skjuttak - Automatiskt inf\u00e4llbara rullgardiner - UV50+ - Aluminiumram - TRUUSK - Hem, Tr\u00e4dg\u00e5rd &amp; Fritid","robots":{"index":"index","follow":"follow","max-snippet":"max-snippet:-1","max-image-preview":"max-image-preview:large","max-video-preview":"max-video-preview:-1"},"canonical":"https:\/\/truusk.store\/sv\/produkt\/truusk-pergola-3-x-4-m-terrasstak-med-skjuttak-automatiskt-infallbara-rullgardiner-uv50-aluminiumram\/","og_locale":"sv_SE","og_type":"article","og_title":"TRUUSK Pergola 3 x 4 m - Terrasstak med skjuttak - Automatiskt inf\u00e4llbara rullgardiner - UV50+ - Aluminiumram - TRUUSK - Hem, Tr\u00e4dg\u00e5rd &amp; Fritid","og_description":"Slappna av i solen eller i skuggan med [BRAND NAME] pergola med inf\u00e4llbart tak. Det 180 g\/m\u00b2 PA-belagda taket erbjuder...","og_url":"https:\/\/truusk.store\/sv\/produkt\/truusk-pergola-3-x-4-m-terrasstak-med-skjuttak-automatiskt-infallbara-rullgardiner-uv50-aluminiumram\/","og_site_name":"TRUUSK - Hem, Tr\u00e4dg\u00e5rd &amp; Fritid","article_modified_time":"2026-03-12T07:52:10+00:00","og_image":[{"width":2000,"height":2000,"url":"https:\/\/i0.wp.com\/truusk.se\/wp-content\/uploads\/2026\/02\/pergola-3-x-4-m-terrasstak-med-skjuttak-automatiskt-infallbara-rullgardiner-uv50-aluminiumram-1.webp?fit=2000%2C2000&ssl=1","type":"image\/webp"}],"twitter_card":"summary_large_image","twitter_misc":{"Ber\u00e4knad l\u00e4stid":"1 minut"},"schema":{"@context":"https:\/\/schema.org","@graph":[{"@type":"WebPage","@id":"https:\/\/truusk.store\/sv\/produkt\/truusk-pergola-3-x-4-m-terrasstak-med-skjuttak-automatiskt-infallbara-rullgardiner-uv50-aluminiumram\/","url":"https:\/\/truusk.store\/sv\/produkt\/truusk-pergola-3-x-4-m-terrasstak-med-skjuttak-automatiskt-infallbara-rullgardiner-uv50-aluminiumram\/","name":"TRUUSK Pergola 3 x 4 m - Terrasstak med skjuttak - Automatiskt inf\u00e4llbara rullgardiner - UV50+ - Aluminiumram - TRUUSK - Hem, Tr\u00e4dg\u00e5rd &amp; Fritid","isPartOf":{"@id":"https:\/\/truusk.store\/sv\/#website"},"primaryImageOfPage":{"@id":"https:\/\/truusk.store\/sv\/produkt\/truusk-pergola-3-x-4-m-terrasstak-med-skjuttak-automatiskt-infallbara-rullgardiner-uv50-aluminiumram\/#primaryimage"},"image":{"@id":"https:\/\/truusk.store\/sv\/produkt\/truusk-pergola-3-x-4-m-terrasstak-med-skjuttak-automatiskt-infallbara-rullgardiner-uv50-aluminiumram\/#primaryimage"},"thumbnailUrl":"https:\/\/i0.wp.com\/truusk.store\/wp-content\/uploads\/2026\/02\/pergola-3-x-4-m-terrasstak-med-skjuttak-automatiskt-infallbara-rullgardiner-uv50-aluminiumram-1.webp?fit=2000%2C2000&ssl=1","datePublished":"2026-02-09T04:53:31+00:00","dateModified":"2026-03-12T07:52:10+00:00","breadcrumb":{"@id":"https:\/\/truusk.store\/sv\/produkt\/truusk-pergola-3-x-4-m-terrasstak-med-skjuttak-automatiskt-infallbara-rullgardiner-uv50-aluminiumram\/#breadcrumb"},"inLanguage":"sv-SE","potentialAction":[{"@type":"ReadAction","target":["https:\/\/truusk.store\/sv\/produkt\/truusk-pergola-3-x-4-m-terrasstak-med-skjuttak-automatiskt-infallbara-rullgardiner-uv50-aluminiumram\/"]}]},{"@type":"ImageObject","inLanguage":"sv-SE","@id":"https:\/\/truusk.store\/sv\/produkt\/truusk-pergola-3-x-4-m-terrasstak-med-skjuttak-automatiskt-infallbara-rullgardiner-uv50-aluminiumram\/#primaryimage","url":"https:\/\/i0.wp.com\/truusk.store\/wp-content\/uploads\/2026\/02\/pergola-3-x-4-m-terrasstak-med-skjuttak-automatiskt-infallbara-rullgardiner-uv50-aluminiumram-1.webp?fit=2000%2C2000&ssl=1","contentUrl":"https:\/\/i0.wp.com\/truusk.store\/wp-content\/uploads\/2026\/02\/pergola-3-x-4-m-terrasstak-med-skjuttak-automatiskt-infallbara-rullgardiner-uv50-aluminiumram-1.webp?fit=2000%2C2000&ssl=1","width":2000,"height":2000},{"@type":"BreadcrumbList","@id":"https:\/\/truusk.store\/sv\/produkt\/truusk-pergola-3-x-4-m-terrasstak-med-skjuttak-automatiskt-infallbara-rullgardiner-uv50-aluminiumram\/#breadcrumb","itemListElement":[{"@type":"ListItem","position":1,"name":"Home","item":"https:\/\/truusk.store\/sv\/"},{"@type":"ListItem","position":2,"name":"Shop","item":"https:\/\/truusk.store\/shop\/"},{"@type":"ListItem","position":3,"name":"TRUUSK Pergola 3 x 4 m &#8211; Terrasstak med skjuttak &#8211; Automatiskt inf\u00e4llbara rullgardiner &#8211; UV50+ &#8211; Aluminiumram"}]},{"@type":"WebSite","@id":"https:\/\/truusk.store\/sv\/#website","url":"https:\/\/truusk.store\/sv\/","name":"TRUUSK - Hem, Tr\u00e4dg\u00e5rd & Fritid","description":"","publisher":{"@id":"https:\/\/truusk.store\/sv\/#organization"},"potentialAction":[{"@type":"SearchAction","target":{"@type":"EntryPoint","urlTemplate":"https:\/\/truusk.store\/sv\/?s={search_term_string}"},"query-input":{"@type":"PropertyValueSpecification","valueRequired":true,"valueName":"search_term_string"}}],"inLanguage":"sv-SE"},{"@type":"Organization","@id":"https:\/\/truusk.store\/sv\/#organization","name":"TRUUSK - Hem, Tr\u00e4dg\u00e5rd & Fritid","url":"https:\/\/truusk.store\/sv\/","logo":{"@type":"ImageObject","inLanguage":"sv-SE","@id":"https:\/\/truusk.store\/sv\/#\/schema\/logo\/image\/","url":"https:\/\/i0.wp.com\/truusk.store\/wp-content\/uploads\/2026\/03\/cropped-TRUUSK.png?fit=2032%2C917&ssl=1","contentUrl":"https:\/\/i0.wp.com\/truusk.store\/wp-content\/uploads\/2026\/03\/cropped-TRUUSK.png?fit=2032%2C917&ssl=1","width":2032,"height":917,"caption":"TRUUSK - Hem, Tr\u00e4dg\u00e5rd & Fritid"},"image":{"@id":"https:\/\/truusk.store\/sv\/#\/schema\/logo\/image\/"}}]}},"jetpack_sharing_enabled":true,"_links":{"self":[{"href":"https:\/\/truusk.store\/sv\/wp-json\/wp\/v2\/product\/104245","targetHints":{"allow":["GET"]}}],"collection":[{"href":"https:\/\/truusk.store\/sv\/wp-json\/wp\/v2\/product"}],"about":[{"href":"https:\/\/truusk.store\/sv\/wp-json\/wp\/v2\/types\/product"}],"wp:featuredmedia":[{"embeddable":true,"href":"https:\/\/truusk.store\/sv\/wp-json\/wp\/v2\/media\/104236"}],"wp:attachment":[{"href":"https:\/\/truusk.store\/sv\/wp-json\/wp\/v2\/media?parent=104245"}],"wp:term":[{"taxonomy":"product_brand","embeddable":true,"href":"https:\/\/truusk.store\/sv\/wp-json\/wp\/v2\/product_brand?post=104245"},{"taxonomy":"product_cat","embeddable":true,"href":"https:\/\/truusk.store\/sv\/wp-json\/wp\/v2\/product_cat?post=104245"},{"taxonomy":"product_tag","embeddable":true,"href":"https:\/\/truusk.store\/sv\/wp-json\/wp\/v2\/product_tag?post=104245"}],"curies":[{"name":"wp","href":"https:\/\/api.w.org\/{rel}","templated":true}]}}