{"id":104265,"date":"2026-02-09T05:55:49","date_gmt":"2026-02-09T04:55:49","guid":{"rendered":"https:\/\/truusk.store\/product\/bokhylla-med-5-nivaer-staende-hylla-med-led-belysning-7-ljusfarger-for-vardagsrum-60-x-30-x-179-cm-svart\/"},"modified":"2026-03-12T08:52:17","modified_gmt":"2026-03-12T07:52:17","slug":"truusk-bokhylla-med-led-belysning-5-nivaer-7-ljusfarger-for-vardagsrum-60x30x179-cm-svart","status":"publish","type":"product","link":"https:\/\/truusk.store\/sv\/produkt\/truusk-bokhylla-med-led-belysning-5-nivaer-7-ljusfarger-for-vardagsrum-60x30x179-cm-svart\/","title":{"rendered":"TRUUSK Bokhylla med LED-belysning &#8211; 5 niv\u00e5er &#8211; 7 ljusf\u00e4rger &#8211; F\u00f6r vardagsrum &#8211; 60x30x179 cm &#8211; Svart"},"content":{"rendered":"<p>Oordning i bokhyllan kan f\u00e5 ett elegant utrymme att se oroligt och oorganiserat ut, medan dina favoritsamlingar f\u00f6rsvinner i m\u00f6rkret. [BRAND NAME] bokhylla r\u00e5der bot p\u00e5 detta med fem \u00f6ppna hyllplan. Den i\u00f6gonfallande industriella stilen och den inbyggda hyllbelysningen g\u00f6r din samling till en stilfull, tillg\u00e4nglig galleri som b\u00e5de ger struktur och en st\u00e4mningsfull atmosf\u00e4r.<\/p>\n<p>Beskrivning:<\/p>\n<ul>\n<li> Varje av de fem niv\u00e5erna har en LED-ljusremsa med 7 f\u00e4rger<\/li>\n<li> Fem \u00f6ppna niv\u00e5er av h\u00f6ghyllan erbjuder gott om lagringsutrymme f\u00f6r b\u00f6cker och dekorativa f\u00f6rem\u00e5l<\/li>\n<li> I industriell stil med svart st\u00e5lram och rustika sp\u00e5nskivor<\/li>\n<li> Solid st\u00e5lram och sp\u00e5nskiva av st\u00e5ende hylla kan b\u00e4ra upp till 10 kg per hyllplan<\/li>\n<li> Inkluderar anti-tip set och justerbara f\u00f6tter f\u00f6r \u00f6kad stabilitet<\/li>\n<li> H\u00f6g, smal konstruktion sparar utrymme i alla vardagsrum, sovrum eller kontor<\/li>\n<li> Montering kr\u00e4vs<\/li>\n<\/ul>\n<p> Tekniska data:<\/p>\n<ul>\n<li> F\u00e4rg: Svart<\/li>\n<li> LED-ljusf\u00e4rg: 7 f\u00e4rger (R\u00f6d, Orange, Gul, Gr\u00f6n, Cyan, Bl\u00e5, Lila)<\/li>\n<li> Material: Sp\u00e5nskiva, St\u00e5l<\/li>\n<li> Totala dimensioner: 60B x 30T x 179H cm<\/li>\n<li> Hyllstorlek: 57B x 30T x 32,5H cm<\/li>\n<li> H\u00f6jd fr\u00e5n golvet: 7,7 cm<\/li>\n<li> USB-ing\u00e5ng: AC 5V, 60Hz<\/li>\n<li> Effekt: 10W<\/li>\n<li> Belastningskapacitet: 60 kg (totalt), 10 kg (hylla)<\/li>\n<\/ul>\n<p>Leverans inneh\u00e5ller:<\/p>\n<ul>\n<li> 1 x Bokhylla<\/li>\n<li> 1 x Bruksanvisning<\/li>\n<\/ul>\n","protected":false},"excerpt":{"rendered":"<p>Oordning i bokhyllan kan f\u00e5 ett elegant utrymme att se oroligt och oorganiserat ut, medan dina favoritsamlingar f\u00f6rsvinner i m\u00f6rkret&#8230;.<\/p>\n","protected":false},"featured_media":104256,"template":"","meta":[],"product_brand":[],"product_cat":[977,872,871],"product_tag":[],"class_list":{"0":"post-104265","1":"product","2":"type-product","3":"status-publish","4":"has-post-thumbnail","6":"product_cat-bok-staende-hyllor","7":"product_cat-hemmakontor-arbetsplats","8":"product_cat-hus-hem","10":"first","11":"instock","12":"sale","13":"taxable","14":"shipping-taxable","15":"purchasable","16":"product-type-simple"},"yoast_head":"<!-- This site is optimized with the Yoast SEO plugin v25.4 - https:\/\/yoast.com\/wordpress\/plugins\/seo\/ -->\n<title>TRUUSK Bokhylla med LED-belysning - 5 niv\u00e5er - 7 ljusf\u00e4rger - F\u00f6r vardagsrum - 60x30x179 cm - Svart - TRUUSK - Hem, Tr\u00e4dg\u00e5rd &amp; Fritid<\/title>\n<meta name=\"robots\" content=\"index, follow, max-snippet:-1, max-image-preview:large, max-video-preview:-1\" \/>\n<link rel=\"canonical\" href=\"https:\/\/truusk.store\/sv\/produkt\/truusk-bokhylla-med-led-belysning-5-nivaer-7-ljusfarger-for-vardagsrum-60x30x179-cm-svart\/\" \/>\n<meta property=\"og:locale\" content=\"sv_SE\" \/>\n<meta property=\"og:type\" content=\"article\" \/>\n<meta property=\"og:title\" content=\"TRUUSK Bokhylla med LED-belysning - 5 niv\u00e5er - 7 ljusf\u00e4rger - F\u00f6r vardagsrum - 60x30x179 cm - Svart - TRUUSK - Hem, Tr\u00e4dg\u00e5rd &amp; Fritid\" \/>\n<meta property=\"og:description\" content=\"Oordning i bokhyllan kan f\u00e5 ett elegant utrymme att se oroligt och oorganiserat ut, medan dina favoritsamlingar f\u00f6rsvinner i m\u00f6rkret....\" \/>\n<meta property=\"og:url\" content=\"https:\/\/truusk.store\/sv\/produkt\/truusk-bokhylla-med-led-belysning-5-nivaer-7-ljusfarger-for-vardagsrum-60x30x179-cm-svart\/\" \/>\n<meta property=\"og:site_name\" content=\"TRUUSK - Hem, Tr\u00e4dg\u00e5rd &amp; Fritid\" \/>\n<meta property=\"article:modified_time\" content=\"2026-03-12T07:52:17+00:00\" \/>\n<meta property=\"og:image\" content=\"https:\/\/i0.wp.com\/truusk.se\/wp-content\/uploads\/2026\/02\/bokhylla-med-5-nivaer-staende-hylla-med-led-belysning-7-ljusfarger-for-vardagsrum-60-x-30-x-179-cm-svart-1.webp?fit=2000%2C2000&ssl=1\" \/>\n\t<meta property=\"og:image:width\" content=\"2000\" \/>\n\t<meta property=\"og:image:height\" content=\"2000\" \/>\n\t<meta property=\"og:image:type\" content=\"image\/webp\" \/>\n<meta name=\"twitter:card\" content=\"summary_large_image\" \/>\n<meta name=\"twitter:label1\" content=\"Ber\u00e4knad l\u00e4stid\" \/>\n\t<meta name=\"twitter:data1\" content=\"1 minut\" \/>\n<!-- \/ Yoast SEO plugin. -->","yoast_head_json":{"title":"TRUUSK Bokhylla med LED-belysning - 5 niv\u00e5er - 7 ljusf\u00e4rger - F\u00f6r vardagsrum - 60x30x179 cm - Svart - TRUUSK - Hem, Tr\u00e4dg\u00e5rd &amp; Fritid","robots":{"index":"index","follow":"follow","max-snippet":"max-snippet:-1","max-image-preview":"max-image-preview:large","max-video-preview":"max-video-preview:-1"},"canonical":"https:\/\/truusk.store\/sv\/produkt\/truusk-bokhylla-med-led-belysning-5-nivaer-7-ljusfarger-for-vardagsrum-60x30x179-cm-svart\/","og_locale":"sv_SE","og_type":"article","og_title":"TRUUSK Bokhylla med LED-belysning - 5 niv\u00e5er - 7 ljusf\u00e4rger - F\u00f6r vardagsrum - 60x30x179 cm - Svart - TRUUSK - Hem, Tr\u00e4dg\u00e5rd &amp; Fritid","og_description":"Oordning i bokhyllan kan f\u00e5 ett elegant utrymme att se oroligt och oorganiserat ut, medan dina favoritsamlingar f\u00f6rsvinner i m\u00f6rkret....","og_url":"https:\/\/truusk.store\/sv\/produkt\/truusk-bokhylla-med-led-belysning-5-nivaer-7-ljusfarger-for-vardagsrum-60x30x179-cm-svart\/","og_site_name":"TRUUSK - Hem, Tr\u00e4dg\u00e5rd &amp; Fritid","article_modified_time":"2026-03-12T07:52:17+00:00","og_image":[{"width":2000,"height":2000,"url":"https:\/\/i0.wp.com\/truusk.se\/wp-content\/uploads\/2026\/02\/bokhylla-med-5-nivaer-staende-hylla-med-led-belysning-7-ljusfarger-for-vardagsrum-60-x-30-x-179-cm-svart-1.webp?fit=2000%2C2000&ssl=1","type":"image\/webp"}],"twitter_card":"summary_large_image","twitter_misc":{"Ber\u00e4knad l\u00e4stid":"1 minut"},"schema":{"@context":"https:\/\/schema.org","@graph":[{"@type":"WebPage","@id":"https:\/\/truusk.store\/sv\/produkt\/truusk-bokhylla-med-led-belysning-5-nivaer-7-ljusfarger-for-vardagsrum-60x30x179-cm-svart\/","url":"https:\/\/truusk.store\/sv\/produkt\/truusk-bokhylla-med-led-belysning-5-nivaer-7-ljusfarger-for-vardagsrum-60x30x179-cm-svart\/","name":"TRUUSK Bokhylla med LED-belysning - 5 niv\u00e5er - 7 ljusf\u00e4rger - F\u00f6r vardagsrum - 60x30x179 cm - Svart - TRUUSK - Hem, Tr\u00e4dg\u00e5rd &amp; Fritid","isPartOf":{"@id":"https:\/\/truusk.store\/sv\/#website"},"primaryImageOfPage":{"@id":"https:\/\/truusk.store\/sv\/produkt\/truusk-bokhylla-med-led-belysning-5-nivaer-7-ljusfarger-for-vardagsrum-60x30x179-cm-svart\/#primaryimage"},"image":{"@id":"https:\/\/truusk.store\/sv\/produkt\/truusk-bokhylla-med-led-belysning-5-nivaer-7-ljusfarger-for-vardagsrum-60x30x179-cm-svart\/#primaryimage"},"thumbnailUrl":"https:\/\/i0.wp.com\/truusk.store\/wp-content\/uploads\/2026\/02\/bokhylla-med-5-nivaer-staende-hylla-med-led-belysning-7-ljusfarger-for-vardagsrum-60-x-30-x-179-cm-svart-1.webp?fit=2000%2C2000&ssl=1","datePublished":"2026-02-09T04:55:49+00:00","dateModified":"2026-03-12T07:52:17+00:00","breadcrumb":{"@id":"https:\/\/truusk.store\/sv\/produkt\/truusk-bokhylla-med-led-belysning-5-nivaer-7-ljusfarger-for-vardagsrum-60x30x179-cm-svart\/#breadcrumb"},"inLanguage":"sv-SE","potentialAction":[{"@type":"ReadAction","target":["https:\/\/truusk.store\/sv\/produkt\/truusk-bokhylla-med-led-belysning-5-nivaer-7-ljusfarger-for-vardagsrum-60x30x179-cm-svart\/"]}]},{"@type":"ImageObject","inLanguage":"sv-SE","@id":"https:\/\/truusk.store\/sv\/produkt\/truusk-bokhylla-med-led-belysning-5-nivaer-7-ljusfarger-for-vardagsrum-60x30x179-cm-svart\/#primaryimage","url":"https:\/\/i0.wp.com\/truusk.store\/wp-content\/uploads\/2026\/02\/bokhylla-med-5-nivaer-staende-hylla-med-led-belysning-7-ljusfarger-for-vardagsrum-60-x-30-x-179-cm-svart-1.webp?fit=2000%2C2000&ssl=1","contentUrl":"https:\/\/i0.wp.com\/truusk.store\/wp-content\/uploads\/2026\/02\/bokhylla-med-5-nivaer-staende-hylla-med-led-belysning-7-ljusfarger-for-vardagsrum-60-x-30-x-179-cm-svart-1.webp?fit=2000%2C2000&ssl=1","width":2000,"height":2000},{"@type":"BreadcrumbList","@id":"https:\/\/truusk.store\/sv\/produkt\/truusk-bokhylla-med-led-belysning-5-nivaer-7-ljusfarger-for-vardagsrum-60x30x179-cm-svart\/#breadcrumb","itemListElement":[{"@type":"ListItem","position":1,"name":"Home","item":"https:\/\/truusk.store\/sv\/"},{"@type":"ListItem","position":2,"name":"Shop","item":"https:\/\/truusk.store\/shop\/"},{"@type":"ListItem","position":3,"name":"TRUUSK Bokhylla med LED-belysning &#8211; 5 niv\u00e5er &#8211; 7 ljusf\u00e4rger &#8211; F\u00f6r vardagsrum &#8211; 60x30x179 cm &#8211; Svart"}]},{"@type":"WebSite","@id":"https:\/\/truusk.store\/sv\/#website","url":"https:\/\/truusk.store\/sv\/","name":"TRUUSK - Hem, Tr\u00e4dg\u00e5rd & Fritid","description":"","publisher":{"@id":"https:\/\/truusk.store\/sv\/#organization"},"potentialAction":[{"@type":"SearchAction","target":{"@type":"EntryPoint","urlTemplate":"https:\/\/truusk.store\/sv\/?s={search_term_string}"},"query-input":{"@type":"PropertyValueSpecification","valueRequired":true,"valueName":"search_term_string"}}],"inLanguage":"sv-SE"},{"@type":"Organization","@id":"https:\/\/truusk.store\/sv\/#organization","name":"TRUUSK - Hem, Tr\u00e4dg\u00e5rd & Fritid","url":"https:\/\/truusk.store\/sv\/","logo":{"@type":"ImageObject","inLanguage":"sv-SE","@id":"https:\/\/truusk.store\/sv\/#\/schema\/logo\/image\/","url":"https:\/\/i0.wp.com\/truusk.store\/wp-content\/uploads\/2026\/03\/cropped-TRUUSK.png?fit=2032%2C917&ssl=1","contentUrl":"https:\/\/i0.wp.com\/truusk.store\/wp-content\/uploads\/2026\/03\/cropped-TRUUSK.png?fit=2032%2C917&ssl=1","width":2032,"height":917,"caption":"TRUUSK - Hem, Tr\u00e4dg\u00e5rd & Fritid"},"image":{"@id":"https:\/\/truusk.store\/sv\/#\/schema\/logo\/image\/"}}]}},"jetpack_sharing_enabled":true,"_links":{"self":[{"href":"https:\/\/truusk.store\/sv\/wp-json\/wp\/v2\/product\/104265","targetHints":{"allow":["GET"]}}],"collection":[{"href":"https:\/\/truusk.store\/sv\/wp-json\/wp\/v2\/product"}],"about":[{"href":"https:\/\/truusk.store\/sv\/wp-json\/wp\/v2\/types\/product"}],"wp:featuredmedia":[{"embeddable":true,"href":"https:\/\/truusk.store\/sv\/wp-json\/wp\/v2\/media\/104256"}],"wp:attachment":[{"href":"https:\/\/truusk.store\/sv\/wp-json\/wp\/v2\/media?parent=104265"}],"wp:term":[{"taxonomy":"product_brand","embeddable":true,"href":"https:\/\/truusk.store\/sv\/wp-json\/wp\/v2\/product_brand?post=104265"},{"taxonomy":"product_cat","embeddable":true,"href":"https:\/\/truusk.store\/sv\/wp-json\/wp\/v2\/product_cat?post=104265"},{"taxonomy":"product_tag","embeddable":true,"href":"https:\/\/truusk.store\/sv\/wp-json\/wp\/v2\/product_tag?post=104265"}],"curies":[{"name":"wp","href":"https:\/\/api.w.org\/{rel}","templated":true}]}}