{"id":104276,"date":"2026-02-09T05:57:00","date_gmt":"2026-02-09T04:57:00","guid":{"rendered":"https:\/\/truusk.store\/product\/honshus-307%e3%8e%a1-med-trafrihetsgard-vattentatt-tyg-sakerhetslas-for-6-8-hons-17-x-18-x-18-m\/"},"modified":"2026-03-12T08:52:20","modified_gmt":"2026-03-12T07:52:20","slug":"truusk-honshus-307%e3%8e%a1-med-trafrihetsgard-vattentatt-tyg-sakerhetslas-for-6-8-hons-17-x-18-x-18-m","status":"publish","type":"product","link":"https:\/\/truusk.store\/sv\/produkt\/truusk-honshus-307%e3%8e%a1-med-trafrihetsgard-vattentatt-tyg-sakerhetslas-for-6-8-hons-17-x-18-x-18-m\/","title":{"rendered":"TRUUSK H\u00f6nshus 3,07\u33a1 med Tr\u00e4frihetsg\u00e5rd &#8211; Vattent\u00e4tt Tyg &#8211; S\u00e4kerhetsl\u00e5s &#8211; F\u00f6r 6-8 H\u00f6ns &#8211; 1,7 x 1,8 x 1,8 m"},"content":{"rendered":"<p>F\u00f6rvandla din tr\u00e4dg\u00e5rd till ett paradis f\u00f6r fj\u00e4derf\u00e4 med [BRAND NAME] h\u00f6nsg\u00e5rd! Denna rymliga, g\u00e5ngbara h\u00f6nsg\u00e5rd erbjuder dina fj\u00e4derf\u00e4na ett s\u00e4kert hem med ett stabilt, finmaskigt n\u00e4t och ett stort livsrum utrustat med tv\u00e5 n\u00e4stl\u00e5dor och sittpinnar. Den vattent\u00e4ta och UV-resistenta \u00f6verdraget ser till att de f\u00f6rblir torra och skyddade \u00e5ret runt. En underbar g\u00e5rd f\u00f6r dina lyckliga h\u00f6ns!<\/p>\n<p>Beskrivning:<\/p>\n<ul>\n<li> Tv\u00e5-personers montering m\u00f6jlig p\u00e5 100 minuter f\u00f6r enkel uppbyggnad<\/li>\n<li> Liten n\u00e4tstorlek m\u00e4ter 1,2L x 1,2B cm, \u00f6kar s\u00e4kerheten<\/li>\n<li> D\u00f6rr utrustad med s\u00e4kra l\u00e5s f\u00f6r att skydda djuren<\/li>\n<li> Rymligt 3,07\u33a1 stort bostadsomr\u00e5de med v\u00e4sentliga bekv\u00e4mligheter f\u00f6r komfort<\/li>\n<li> Rymmer 6-8 fj\u00e4derf\u00e4, idealiskt f\u00f6r flockar<\/li>\n<li> Vattent\u00e4t och UV-resistent \u00f6verdrag skyddar mot v\u00e4derp\u00e5verkan<\/li>\n<li> Delad fr\u00e4mre d\u00f6rrdesign underl\u00e4ttar utfodring utan fullst\u00e4ndig \u00e5tkomst<\/li>\n<li> Liten d\u00f6rr kompatibel med en automatisk husdjursd\u00f6rr av storlek 25B x 35H cm<\/li>\n<\/ul>\n<p> Tekniska data:<\/p>\n<ul>\n<li> F\u00e4rg: Gul+Gr\u00e5<\/li>\n<li> Material: Grantr\u00e4<\/li>\n<li> Totala dimensioner: 168B x 183T x 182H cm<\/li>\n<li> N\u00e4stl\u00e5da: 58L x 30B x 39H cm<\/li>\n<li> N\u00e4stl\u00e5dans d\u00f6rr: 25B x 36H cm<\/li>\n<li> \u00d6verdrag ovan: 229L x 122B cm<\/li>\n<li> Fr\u00e4mre d\u00f6rr: 46B x 86H cm (ovan), 46B x 65H cm (nedan)<\/li>\n<li> Liten d\u00f6rr: 22B x 33H cm<\/li>\n<li> N\u00e4tmask: 1,2L x 1,2B cm<\/li>\n<\/ul>\n<p>Leverans inneh\u00e5ller:<\/p>\n<ul>\n<li> 1 x Djurl\u00f6p<\/li>\n<li> 1 x \u00d6verdrag<\/li>\n<li> 2 x N\u00e4stl\u00e5dor<\/li>\n<li> 2 x Sittpinnar<\/li>\n<li> 1 x Instruktioner<\/li>\n<\/ul>\n","protected":false},"excerpt":{"rendered":"<p>F\u00f6rvandla din tr\u00e4dg\u00e5rd till ett paradis f\u00f6r fj\u00e4derf\u00e4 med [BRAND NAME] h\u00f6nsg\u00e5rd! Denna rymliga, g\u00e5ngbara h\u00f6nsg\u00e5rd erbjuder dina fj\u00e4derf\u00e4na ett&#8230;<\/p>\n","protected":false},"featured_media":104266,"template":"","meta":[],"product_brand":[],"product_cat":[878,601,602],"product_tag":[],"class_list":{"0":"post-104276","1":"product","2":"type-product","3":"status-publish","4":"has-post-thumbnail","6":"product_cat-djurbehov","7":"product_cat-fageltillbehor","8":"product_cat-honshus","10":"first","11":"instock","12":"sale","13":"taxable","14":"shipping-taxable","15":"purchasable","16":"product-type-simple"},"yoast_head":"<!-- This site is optimized with the Yoast SEO plugin v25.4 - https:\/\/yoast.com\/wordpress\/plugins\/seo\/ -->\n<title>TRUUSK H\u00f6nshus 3,07\u33a1 med Tr\u00e4frihetsg\u00e5rd - Vattent\u00e4tt Tyg - S\u00e4kerhetsl\u00e5s - F\u00f6r 6-8 H\u00f6ns - 1,7 x 1,8 x 1,8 m - TRUUSK - Hem, Tr\u00e4dg\u00e5rd &amp; Fritid<\/title>\n<meta name=\"robots\" content=\"index, follow, max-snippet:-1, max-image-preview:large, max-video-preview:-1\" \/>\n<link rel=\"canonical\" href=\"https:\/\/truusk.store\/sv\/produkt\/truusk-honshus-307%e3%8e%a1-med-trafrihetsgard-vattentatt-tyg-sakerhetslas-for-6-8-hons-17-x-18-x-18-m\/\" \/>\n<meta property=\"og:locale\" content=\"sv_SE\" \/>\n<meta property=\"og:type\" content=\"article\" \/>\n<meta property=\"og:title\" content=\"TRUUSK H\u00f6nshus 3,07\u33a1 med Tr\u00e4frihetsg\u00e5rd - Vattent\u00e4tt Tyg - S\u00e4kerhetsl\u00e5s - F\u00f6r 6-8 H\u00f6ns - 1,7 x 1,8 x 1,8 m - TRUUSK - Hem, Tr\u00e4dg\u00e5rd &amp; Fritid\" \/>\n<meta property=\"og:description\" content=\"F\u00f6rvandla din tr\u00e4dg\u00e5rd till ett paradis f\u00f6r fj\u00e4derf\u00e4 med [BRAND NAME] h\u00f6nsg\u00e5rd! Denna rymliga, g\u00e5ngbara h\u00f6nsg\u00e5rd erbjuder dina fj\u00e4derf\u00e4na ett...\" \/>\n<meta property=\"og:url\" content=\"https:\/\/truusk.store\/sv\/produkt\/truusk-honshus-307%e3%8e%a1-med-trafrihetsgard-vattentatt-tyg-sakerhetslas-for-6-8-hons-17-x-18-x-18-m\/\" \/>\n<meta property=\"og:site_name\" content=\"TRUUSK - Hem, Tr\u00e4dg\u00e5rd &amp; Fritid\" \/>\n<meta property=\"article:modified_time\" content=\"2026-03-12T07:52:20+00:00\" \/>\n<meta property=\"og:image\" content=\"https:\/\/i0.wp.com\/truusk.se\/wp-content\/uploads\/2026\/02\/honshus-307e38ea1-med-trafrihetsgard-vattentatt-tyg-sakerhetslas-for-6-8-hons-17-x-18-x-18-m-1.webp?fit=2000%2C2000&ssl=1\" \/>\n\t<meta property=\"og:image:width\" content=\"2000\" \/>\n\t<meta property=\"og:image:height\" content=\"2000\" \/>\n\t<meta property=\"og:image:type\" content=\"image\/webp\" \/>\n<meta name=\"twitter:card\" content=\"summary_large_image\" \/>\n<meta name=\"twitter:label1\" content=\"Ber\u00e4knad l\u00e4stid\" \/>\n\t<meta name=\"twitter:data1\" content=\"1 minut\" \/>\n<!-- \/ Yoast SEO plugin. -->","yoast_head_json":{"title":"TRUUSK H\u00f6nshus 3,07\u33a1 med Tr\u00e4frihetsg\u00e5rd - Vattent\u00e4tt Tyg - S\u00e4kerhetsl\u00e5s - F\u00f6r 6-8 H\u00f6ns - 1,7 x 1,8 x 1,8 m - TRUUSK - Hem, Tr\u00e4dg\u00e5rd &amp; Fritid","robots":{"index":"index","follow":"follow","max-snippet":"max-snippet:-1","max-image-preview":"max-image-preview:large","max-video-preview":"max-video-preview:-1"},"canonical":"https:\/\/truusk.store\/sv\/produkt\/truusk-honshus-307%e3%8e%a1-med-trafrihetsgard-vattentatt-tyg-sakerhetslas-for-6-8-hons-17-x-18-x-18-m\/","og_locale":"sv_SE","og_type":"article","og_title":"TRUUSK H\u00f6nshus 3,07\u33a1 med Tr\u00e4frihetsg\u00e5rd - Vattent\u00e4tt Tyg - S\u00e4kerhetsl\u00e5s - F\u00f6r 6-8 H\u00f6ns - 1,7 x 1,8 x 1,8 m - TRUUSK - Hem, Tr\u00e4dg\u00e5rd &amp; Fritid","og_description":"F\u00f6rvandla din tr\u00e4dg\u00e5rd till ett paradis f\u00f6r fj\u00e4derf\u00e4 med [BRAND NAME] h\u00f6nsg\u00e5rd! Denna rymliga, g\u00e5ngbara h\u00f6nsg\u00e5rd erbjuder dina fj\u00e4derf\u00e4na ett...","og_url":"https:\/\/truusk.store\/sv\/produkt\/truusk-honshus-307%e3%8e%a1-med-trafrihetsgard-vattentatt-tyg-sakerhetslas-for-6-8-hons-17-x-18-x-18-m\/","og_site_name":"TRUUSK - Hem, Tr\u00e4dg\u00e5rd &amp; Fritid","article_modified_time":"2026-03-12T07:52:20+00:00","og_image":[{"width":2000,"height":2000,"url":"https:\/\/i0.wp.com\/truusk.se\/wp-content\/uploads\/2026\/02\/honshus-307e38ea1-med-trafrihetsgard-vattentatt-tyg-sakerhetslas-for-6-8-hons-17-x-18-x-18-m-1.webp?fit=2000%2C2000&ssl=1","type":"image\/webp"}],"twitter_card":"summary_large_image","twitter_misc":{"Ber\u00e4knad l\u00e4stid":"1 minut"},"schema":{"@context":"https:\/\/schema.org","@graph":[{"@type":"WebPage","@id":"https:\/\/truusk.store\/sv\/produkt\/truusk-honshus-307%e3%8e%a1-med-trafrihetsgard-vattentatt-tyg-sakerhetslas-for-6-8-hons-17-x-18-x-18-m\/","url":"https:\/\/truusk.store\/sv\/produkt\/truusk-honshus-307%e3%8e%a1-med-trafrihetsgard-vattentatt-tyg-sakerhetslas-for-6-8-hons-17-x-18-x-18-m\/","name":"TRUUSK H\u00f6nshus 3,07\u33a1 med Tr\u00e4frihetsg\u00e5rd - Vattent\u00e4tt Tyg - S\u00e4kerhetsl\u00e5s - F\u00f6r 6-8 H\u00f6ns - 1,7 x 1,8 x 1,8 m - TRUUSK - Hem, Tr\u00e4dg\u00e5rd &amp; Fritid","isPartOf":{"@id":"https:\/\/truusk.store\/sv\/#website"},"primaryImageOfPage":{"@id":"https:\/\/truusk.store\/sv\/produkt\/truusk-honshus-307%e3%8e%a1-med-trafrihetsgard-vattentatt-tyg-sakerhetslas-for-6-8-hons-17-x-18-x-18-m\/#primaryimage"},"image":{"@id":"https:\/\/truusk.store\/sv\/produkt\/truusk-honshus-307%e3%8e%a1-med-trafrihetsgard-vattentatt-tyg-sakerhetslas-for-6-8-hons-17-x-18-x-18-m\/#primaryimage"},"thumbnailUrl":"https:\/\/i0.wp.com\/truusk.store\/wp-content\/uploads\/2026\/02\/honshus-307e38ea1-med-trafrihetsgard-vattentatt-tyg-sakerhetslas-for-6-8-hons-17-x-18-x-18-m-1.webp?fit=2000%2C2000&ssl=1","datePublished":"2026-02-09T04:57:00+00:00","dateModified":"2026-03-12T07:52:20+00:00","breadcrumb":{"@id":"https:\/\/truusk.store\/sv\/produkt\/truusk-honshus-307%e3%8e%a1-med-trafrihetsgard-vattentatt-tyg-sakerhetslas-for-6-8-hons-17-x-18-x-18-m\/#breadcrumb"},"inLanguage":"sv-SE","potentialAction":[{"@type":"ReadAction","target":["https:\/\/truusk.store\/sv\/produkt\/truusk-honshus-307%e3%8e%a1-med-trafrihetsgard-vattentatt-tyg-sakerhetslas-for-6-8-hons-17-x-18-x-18-m\/"]}]},{"@type":"ImageObject","inLanguage":"sv-SE","@id":"https:\/\/truusk.store\/sv\/produkt\/truusk-honshus-307%e3%8e%a1-med-trafrihetsgard-vattentatt-tyg-sakerhetslas-for-6-8-hons-17-x-18-x-18-m\/#primaryimage","url":"https:\/\/i0.wp.com\/truusk.store\/wp-content\/uploads\/2026\/02\/honshus-307e38ea1-med-trafrihetsgard-vattentatt-tyg-sakerhetslas-for-6-8-hons-17-x-18-x-18-m-1.webp?fit=2000%2C2000&ssl=1","contentUrl":"https:\/\/i0.wp.com\/truusk.store\/wp-content\/uploads\/2026\/02\/honshus-307e38ea1-med-trafrihetsgard-vattentatt-tyg-sakerhetslas-for-6-8-hons-17-x-18-x-18-m-1.webp?fit=2000%2C2000&ssl=1","width":2000,"height":2000},{"@type":"BreadcrumbList","@id":"https:\/\/truusk.store\/sv\/produkt\/truusk-honshus-307%e3%8e%a1-med-trafrihetsgard-vattentatt-tyg-sakerhetslas-for-6-8-hons-17-x-18-x-18-m\/#breadcrumb","itemListElement":[{"@type":"ListItem","position":1,"name":"Home","item":"https:\/\/truusk.store\/sv\/"},{"@type":"ListItem","position":2,"name":"Shop","item":"https:\/\/truusk.store\/shop\/"},{"@type":"ListItem","position":3,"name":"TRUUSK H\u00f6nshus 3,07\u33a1 med Tr\u00e4frihetsg\u00e5rd &#8211; Vattent\u00e4tt Tyg &#8211; S\u00e4kerhetsl\u00e5s &#8211; F\u00f6r 6-8 H\u00f6ns &#8211; 1,7 x 1,8 x 1,8 m"}]},{"@type":"WebSite","@id":"https:\/\/truusk.store\/sv\/#website","url":"https:\/\/truusk.store\/sv\/","name":"TRUUSK - Hem, Tr\u00e4dg\u00e5rd & Fritid","description":"","publisher":{"@id":"https:\/\/truusk.store\/sv\/#organization"},"potentialAction":[{"@type":"SearchAction","target":{"@type":"EntryPoint","urlTemplate":"https:\/\/truusk.store\/sv\/?s={search_term_string}"},"query-input":{"@type":"PropertyValueSpecification","valueRequired":true,"valueName":"search_term_string"}}],"inLanguage":"sv-SE"},{"@type":"Organization","@id":"https:\/\/truusk.store\/sv\/#organization","name":"TRUUSK - Hem, Tr\u00e4dg\u00e5rd & Fritid","url":"https:\/\/truusk.store\/sv\/","logo":{"@type":"ImageObject","inLanguage":"sv-SE","@id":"https:\/\/truusk.store\/sv\/#\/schema\/logo\/image\/","url":"https:\/\/i0.wp.com\/truusk.store\/wp-content\/uploads\/2026\/03\/cropped-TRUUSK.png?fit=2032%2C917&ssl=1","contentUrl":"https:\/\/i0.wp.com\/truusk.store\/wp-content\/uploads\/2026\/03\/cropped-TRUUSK.png?fit=2032%2C917&ssl=1","width":2032,"height":917,"caption":"TRUUSK - Hem, Tr\u00e4dg\u00e5rd & Fritid"},"image":{"@id":"https:\/\/truusk.store\/sv\/#\/schema\/logo\/image\/"}}]}},"jetpack_sharing_enabled":true,"_links":{"self":[{"href":"https:\/\/truusk.store\/sv\/wp-json\/wp\/v2\/product\/104276","targetHints":{"allow":["GET"]}}],"collection":[{"href":"https:\/\/truusk.store\/sv\/wp-json\/wp\/v2\/product"}],"about":[{"href":"https:\/\/truusk.store\/sv\/wp-json\/wp\/v2\/types\/product"}],"wp:featuredmedia":[{"embeddable":true,"href":"https:\/\/truusk.store\/sv\/wp-json\/wp\/v2\/media\/104266"}],"wp:attachment":[{"href":"https:\/\/truusk.store\/sv\/wp-json\/wp\/v2\/media?parent=104276"}],"wp:term":[{"taxonomy":"product_brand","embeddable":true,"href":"https:\/\/truusk.store\/sv\/wp-json\/wp\/v2\/product_brand?post=104276"},{"taxonomy":"product_cat","embeddable":true,"href":"https:\/\/truusk.store\/sv\/wp-json\/wp\/v2\/product_cat?post=104276"},{"taxonomy":"product_tag","embeddable":true,"href":"https:\/\/truusk.store\/sv\/wp-json\/wp\/v2\/product_tag?post=104276"}],"curies":[{"name":"wp","href":"https:\/\/api.w.org\/{rel}","templated":true}]}}