{"id":104298,"date":"2026-02-09T05:58:57","date_gmt":"2026-02-09T04:58:57","guid":{"rendered":"https:\/\/truusk.store\/product\/kycklingkoja-i-tra-med-frigang-sakerhetslas-dorr-4-nastlador-for-8-12-kycklingar-ca-28-x-18-x-19-m-gul\/"},"modified":"2026-03-12T08:52:24","modified_gmt":"2026-03-12T07:52:24","slug":"truusk-kycklingkoja-i-tra-med-frigang-och-sakerhetslas-dorr-4-nastlador-for-8-12-kycklingar-gul-28-x-18-x-19-m","status":"publish","type":"product","link":"https:\/\/truusk.store\/sv\/produkt\/truusk-kycklingkoja-i-tra-med-frigang-och-sakerhetslas-dorr-4-nastlador-for-8-12-kycklingar-gul-28-x-18-x-19-m\/","title":{"rendered":"TRUUSK Kycklingkoja i tr\u00e4 &#8211; Med frig\u00e5ng och s\u00e4kerhetsl\u00e5s &#8211; D\u00f6rr &#8211; 4 n\u00e4stl\u00e5dor &#8211; F\u00f6r 8-12 kycklingar &#8211; Gul &#8211; 2,8 x 1,8 x 1,9 m"},"content":{"rendered":"<p>[BRAND NAME] h\u00f6nsg\u00e5rd erbjuder ett rymligt omr\u00e5de f\u00f6r 8-12 h\u00f6ns d\u00e4r de kan r\u00f6ra sig fritt. Den t\u00e4ckta designen ger skugga och skydd mot regn, medan de klimatresistenta materialen garanterar djurens och milj\u00f6ns v\u00e4lbefinnande. Med en inbyggd v\u00e4rpreda erbjuder h\u00f6nsg\u00e5rden en praktisk l\u00f6sning f\u00f6r f\u00f6rvaring av \u00e4gg. Den stora fr\u00e4mre d\u00f6rren och den lilla ing\u00e5ngen g\u00f6r det enkelt f\u00f6r dig och dina djur att komma in.<\/p>\n<p>Beskrivning:<\/p>\n<ul>\n<li> Stor och rymlig med 5,2 m\u00b2 g\u00e5rd och 2,8 m l\u00e4ngd<\/li>\n<li> Metalln\u00e4t, l\u00e4mpligt f\u00f6r utomhusbruk<\/li>\n<li> Fyra v\u00e4rpredor f\u00f6r att l\u00e4gga och kl\u00e4cka \u00e4gg<\/li>\n<li> Skuggande tak skyddar djuren mot regn och UV-str\u00e5lar, h\u00e5ller dem svala, torra och bekv\u00e4ma<\/li>\n<li> H\u00f6g konstruktion g\u00f6r det enkelt f\u00f6r \u00e4garna att komma in och ut ur matningsomr\u00e5det<\/li>\n<li> L\u00e4tt tillg\u00e4nglighet f\u00f6r dig och dina djur genom en stor fr\u00e4mre d\u00f6rr och en liten djurklaff<\/li>\n<li> Kan anv\u00e4ndas tillsammans med ett tr\u00e4kycklinghus<\/li>\n<\/ul>\n<p> Tekniska data:<\/p>\n<ul>\n<li> F\u00e4rg: Gul<\/li>\n<li> Material: Grantr\u00e4, metall<\/li>\n<li> Totala dimensioner: 280L x 185,5B x 188H cm<\/li>\n<li> Takfotsh\u00f6jd: 116 cm<\/li>\n<li> Tak: 260L x 140B cm<\/li>\n<li> D\u00f6rrar: 54B x 63,6H cm (\u00f6vre), 54B x 88,8H cm (nedre), 23B x 33,5H cm (liten), 61,4B x 32H cm (v\u00e4rpreda)<\/li>\n<li> V\u00e4rpreda: 137L x 30B cm (totalt), 34L x 30B x 37H cm (enskilt)<\/li>\n<li> Utomhus sittplats v\u00e4rpreda: 137L x 25B cm<\/li>\n<li> Ramp: 64,5L x 24B cm<\/li>\n<li> Maskstorlek: 1,2L x 1,2B cm<\/li>\n<li> Rekommenderad storlek p\u00e5 h\u00f6nshus: 120L x 140B x 100H cm<\/li>\n<\/ul>\n<p>Leveransinneh\u00e5ll:<\/p>\n<ul>\n<li> 1 x h\u00f6nshus<\/li>\n<li> 1 x v\u00e4rpreda<\/li>\n<li> 1 x instruktioner<\/li>\n<li>Viktigt: Vi levererar artikeln till dig kostnadsfritt till trottoarkanten. Var v\u00e4nlig och se till att adressen och telefonnumret \u00e4r korrekt.<\/li>\n<\/ul>\n","protected":false},"excerpt":{"rendered":"<p>[BRAND NAME] h\u00f6nsg\u00e5rd erbjuder ett rymligt omr\u00e5de f\u00f6r 8-12 h\u00f6ns d\u00e4r de kan r\u00f6ra sig fritt. Den t\u00e4ckta designen ger&#8230;<\/p>\n","protected":false},"featured_media":104286,"template":"","meta":[],"product_brand":[],"product_cat":[878,601,602],"product_tag":[],"class_list":{"0":"post-104298","1":"product","2":"type-product","3":"status-publish","4":"has-post-thumbnail","6":"product_cat-djurbehov","7":"product_cat-fageltillbehor","8":"product_cat-honshus","10":"first","11":"instock","12":"sale","13":"taxable","14":"shipping-taxable","15":"purchasable","16":"product-type-simple"},"yoast_head":"<!-- This site is optimized with the Yoast SEO plugin v25.4 - https:\/\/yoast.com\/wordpress\/plugins\/seo\/ -->\n<title>TRUUSK Kycklingkoja i tr\u00e4 - Med frig\u00e5ng och s\u00e4kerhetsl\u00e5s - D\u00f6rr - 4 n\u00e4stl\u00e5dor - F\u00f6r 8-12 kycklingar - Gul - 2,8 x 1,8 x 1,9 m - TRUUSK - Hem, Tr\u00e4dg\u00e5rd &amp; Fritid<\/title>\n<meta name=\"robots\" content=\"index, follow, max-snippet:-1, max-image-preview:large, max-video-preview:-1\" \/>\n<link rel=\"canonical\" href=\"https:\/\/truusk.store\/sv\/produkt\/truusk-kycklingkoja-i-tra-med-frigang-och-sakerhetslas-dorr-4-nastlador-for-8-12-kycklingar-gul-28-x-18-x-19-m\/\" \/>\n<meta property=\"og:locale\" content=\"sv_SE\" \/>\n<meta property=\"og:type\" content=\"article\" \/>\n<meta property=\"og:title\" content=\"TRUUSK Kycklingkoja i tr\u00e4 - Med frig\u00e5ng och s\u00e4kerhetsl\u00e5s - D\u00f6rr - 4 n\u00e4stl\u00e5dor - F\u00f6r 8-12 kycklingar - Gul - 2,8 x 1,8 x 1,9 m - TRUUSK - Hem, Tr\u00e4dg\u00e5rd &amp; Fritid\" \/>\n<meta property=\"og:description\" content=\"[BRAND NAME] h\u00f6nsg\u00e5rd erbjuder ett rymligt omr\u00e5de f\u00f6r 8-12 h\u00f6ns d\u00e4r de kan r\u00f6ra sig fritt. Den t\u00e4ckta designen ger...\" \/>\n<meta property=\"og:url\" content=\"https:\/\/truusk.store\/sv\/produkt\/truusk-kycklingkoja-i-tra-med-frigang-och-sakerhetslas-dorr-4-nastlador-for-8-12-kycklingar-gul-28-x-18-x-19-m\/\" \/>\n<meta property=\"og:site_name\" content=\"TRUUSK - Hem, Tr\u00e4dg\u00e5rd &amp; Fritid\" \/>\n<meta property=\"article:modified_time\" content=\"2026-03-12T07:52:24+00:00\" \/>\n<meta property=\"og:image\" content=\"https:\/\/i0.wp.com\/truusk.se\/wp-content\/uploads\/2026\/02\/kycklingkoja-i-tra-med-frigang-sakerhetslas-dorr-4-nastlador-for-8-12-kycklingar-ca-28-x-18-x-19-m-gul-1.webp?fit=2000%2C2000&ssl=1\" \/>\n\t<meta property=\"og:image:width\" content=\"2000\" \/>\n\t<meta property=\"og:image:height\" content=\"2000\" \/>\n\t<meta property=\"og:image:type\" content=\"image\/webp\" \/>\n<meta name=\"twitter:card\" content=\"summary_large_image\" \/>\n<meta name=\"twitter:label1\" content=\"Ber\u00e4knad l\u00e4stid\" \/>\n\t<meta name=\"twitter:data1\" content=\"2 minuter\" \/>\n<!-- \/ Yoast SEO plugin. -->","yoast_head_json":{"title":"TRUUSK Kycklingkoja i tr\u00e4 - Med frig\u00e5ng och s\u00e4kerhetsl\u00e5s - D\u00f6rr - 4 n\u00e4stl\u00e5dor - F\u00f6r 8-12 kycklingar - Gul - 2,8 x 1,8 x 1,9 m - TRUUSK - Hem, Tr\u00e4dg\u00e5rd &amp; Fritid","robots":{"index":"index","follow":"follow","max-snippet":"max-snippet:-1","max-image-preview":"max-image-preview:large","max-video-preview":"max-video-preview:-1"},"canonical":"https:\/\/truusk.store\/sv\/produkt\/truusk-kycklingkoja-i-tra-med-frigang-och-sakerhetslas-dorr-4-nastlador-for-8-12-kycklingar-gul-28-x-18-x-19-m\/","og_locale":"sv_SE","og_type":"article","og_title":"TRUUSK Kycklingkoja i tr\u00e4 - Med frig\u00e5ng och s\u00e4kerhetsl\u00e5s - D\u00f6rr - 4 n\u00e4stl\u00e5dor - F\u00f6r 8-12 kycklingar - Gul - 2,8 x 1,8 x 1,9 m - TRUUSK - Hem, Tr\u00e4dg\u00e5rd &amp; Fritid","og_description":"[BRAND NAME] h\u00f6nsg\u00e5rd erbjuder ett rymligt omr\u00e5de f\u00f6r 8-12 h\u00f6ns d\u00e4r de kan r\u00f6ra sig fritt. Den t\u00e4ckta designen ger...","og_url":"https:\/\/truusk.store\/sv\/produkt\/truusk-kycklingkoja-i-tra-med-frigang-och-sakerhetslas-dorr-4-nastlador-for-8-12-kycklingar-gul-28-x-18-x-19-m\/","og_site_name":"TRUUSK - Hem, Tr\u00e4dg\u00e5rd &amp; Fritid","article_modified_time":"2026-03-12T07:52:24+00:00","og_image":[{"width":2000,"height":2000,"url":"https:\/\/i0.wp.com\/truusk.se\/wp-content\/uploads\/2026\/02\/kycklingkoja-i-tra-med-frigang-sakerhetslas-dorr-4-nastlador-for-8-12-kycklingar-ca-28-x-18-x-19-m-gul-1.webp?fit=2000%2C2000&ssl=1","type":"image\/webp"}],"twitter_card":"summary_large_image","twitter_misc":{"Ber\u00e4knad l\u00e4stid":"2 minuter"},"schema":{"@context":"https:\/\/schema.org","@graph":[{"@type":"WebPage","@id":"https:\/\/truusk.store\/sv\/produkt\/truusk-kycklingkoja-i-tra-med-frigang-och-sakerhetslas-dorr-4-nastlador-for-8-12-kycklingar-gul-28-x-18-x-19-m\/","url":"https:\/\/truusk.store\/sv\/produkt\/truusk-kycklingkoja-i-tra-med-frigang-och-sakerhetslas-dorr-4-nastlador-for-8-12-kycklingar-gul-28-x-18-x-19-m\/","name":"TRUUSK Kycklingkoja i tr\u00e4 - Med frig\u00e5ng och s\u00e4kerhetsl\u00e5s - D\u00f6rr - 4 n\u00e4stl\u00e5dor - F\u00f6r 8-12 kycklingar - Gul - 2,8 x 1,8 x 1,9 m - TRUUSK - Hem, Tr\u00e4dg\u00e5rd &amp; Fritid","isPartOf":{"@id":"https:\/\/truusk.store\/sv\/#website"},"primaryImageOfPage":{"@id":"https:\/\/truusk.store\/sv\/produkt\/truusk-kycklingkoja-i-tra-med-frigang-och-sakerhetslas-dorr-4-nastlador-for-8-12-kycklingar-gul-28-x-18-x-19-m\/#primaryimage"},"image":{"@id":"https:\/\/truusk.store\/sv\/produkt\/truusk-kycklingkoja-i-tra-med-frigang-och-sakerhetslas-dorr-4-nastlador-for-8-12-kycklingar-gul-28-x-18-x-19-m\/#primaryimage"},"thumbnailUrl":"https:\/\/i0.wp.com\/truusk.store\/wp-content\/uploads\/2026\/02\/kycklingkoja-i-tra-med-frigang-sakerhetslas-dorr-4-nastlador-for-8-12-kycklingar-ca-28-x-18-x-19-m-gul-1.webp?fit=2000%2C2000&ssl=1","datePublished":"2026-02-09T04:58:57+00:00","dateModified":"2026-03-12T07:52:24+00:00","breadcrumb":{"@id":"https:\/\/truusk.store\/sv\/produkt\/truusk-kycklingkoja-i-tra-med-frigang-och-sakerhetslas-dorr-4-nastlador-for-8-12-kycklingar-gul-28-x-18-x-19-m\/#breadcrumb"},"inLanguage":"sv-SE","potentialAction":[{"@type":"ReadAction","target":["https:\/\/truusk.store\/sv\/produkt\/truusk-kycklingkoja-i-tra-med-frigang-och-sakerhetslas-dorr-4-nastlador-for-8-12-kycklingar-gul-28-x-18-x-19-m\/"]}]},{"@type":"ImageObject","inLanguage":"sv-SE","@id":"https:\/\/truusk.store\/sv\/produkt\/truusk-kycklingkoja-i-tra-med-frigang-och-sakerhetslas-dorr-4-nastlador-for-8-12-kycklingar-gul-28-x-18-x-19-m\/#primaryimage","url":"https:\/\/i0.wp.com\/truusk.store\/wp-content\/uploads\/2026\/02\/kycklingkoja-i-tra-med-frigang-sakerhetslas-dorr-4-nastlador-for-8-12-kycklingar-ca-28-x-18-x-19-m-gul-1.webp?fit=2000%2C2000&ssl=1","contentUrl":"https:\/\/i0.wp.com\/truusk.store\/wp-content\/uploads\/2026\/02\/kycklingkoja-i-tra-med-frigang-sakerhetslas-dorr-4-nastlador-for-8-12-kycklingar-ca-28-x-18-x-19-m-gul-1.webp?fit=2000%2C2000&ssl=1","width":2000,"height":2000},{"@type":"BreadcrumbList","@id":"https:\/\/truusk.store\/sv\/produkt\/truusk-kycklingkoja-i-tra-med-frigang-och-sakerhetslas-dorr-4-nastlador-for-8-12-kycklingar-gul-28-x-18-x-19-m\/#breadcrumb","itemListElement":[{"@type":"ListItem","position":1,"name":"Home","item":"https:\/\/truusk.store\/sv\/"},{"@type":"ListItem","position":2,"name":"Shop","item":"https:\/\/truusk.store\/shop\/"},{"@type":"ListItem","position":3,"name":"TRUUSK Kycklingkoja i tr\u00e4 &#8211; Med frig\u00e5ng och s\u00e4kerhetsl\u00e5s &#8211; D\u00f6rr &#8211; 4 n\u00e4stl\u00e5dor &#8211; F\u00f6r 8-12 kycklingar &#8211; Gul &#8211; 2,8 x 1,8 x 1,9 m"}]},{"@type":"WebSite","@id":"https:\/\/truusk.store\/sv\/#website","url":"https:\/\/truusk.store\/sv\/","name":"TRUUSK - Hem, Tr\u00e4dg\u00e5rd & Fritid","description":"","publisher":{"@id":"https:\/\/truusk.store\/sv\/#organization"},"potentialAction":[{"@type":"SearchAction","target":{"@type":"EntryPoint","urlTemplate":"https:\/\/truusk.store\/sv\/?s={search_term_string}"},"query-input":{"@type":"PropertyValueSpecification","valueRequired":true,"valueName":"search_term_string"}}],"inLanguage":"sv-SE"},{"@type":"Organization","@id":"https:\/\/truusk.store\/sv\/#organization","name":"TRUUSK - Hem, Tr\u00e4dg\u00e5rd & Fritid","url":"https:\/\/truusk.store\/sv\/","logo":{"@type":"ImageObject","inLanguage":"sv-SE","@id":"https:\/\/truusk.store\/sv\/#\/schema\/logo\/image\/","url":"https:\/\/i0.wp.com\/truusk.store\/wp-content\/uploads\/2026\/03\/cropped-TRUUSK.png?fit=2032%2C917&ssl=1","contentUrl":"https:\/\/i0.wp.com\/truusk.store\/wp-content\/uploads\/2026\/03\/cropped-TRUUSK.png?fit=2032%2C917&ssl=1","width":2032,"height":917,"caption":"TRUUSK - Hem, Tr\u00e4dg\u00e5rd & Fritid"},"image":{"@id":"https:\/\/truusk.store\/sv\/#\/schema\/logo\/image\/"}}]}},"jetpack_sharing_enabled":true,"_links":{"self":[{"href":"https:\/\/truusk.store\/sv\/wp-json\/wp\/v2\/product\/104298","targetHints":{"allow":["GET"]}}],"collection":[{"href":"https:\/\/truusk.store\/sv\/wp-json\/wp\/v2\/product"}],"about":[{"href":"https:\/\/truusk.store\/sv\/wp-json\/wp\/v2\/types\/product"}],"wp:featuredmedia":[{"embeddable":true,"href":"https:\/\/truusk.store\/sv\/wp-json\/wp\/v2\/media\/104286"}],"wp:attachment":[{"href":"https:\/\/truusk.store\/sv\/wp-json\/wp\/v2\/media?parent=104298"}],"wp:term":[{"taxonomy":"product_brand","embeddable":true,"href":"https:\/\/truusk.store\/sv\/wp-json\/wp\/v2\/product_brand?post=104298"},{"taxonomy":"product_cat","embeddable":true,"href":"https:\/\/truusk.store\/sv\/wp-json\/wp\/v2\/product_cat?post=104298"},{"taxonomy":"product_tag","embeddable":true,"href":"https:\/\/truusk.store\/sv\/wp-json\/wp\/v2\/product_tag?post=104298"}],"curies":[{"name":"wp","href":"https:\/\/api.w.org\/{rel}","templated":true}]}}