{"id":104305,"date":"2026-02-09T05:59:34","date_gmt":"2026-02-09T04:59:34","guid":{"rendered":"https:\/\/truusk.store\/product\/grillvagn-3-vaningar-grillbord-med-rostfritt-stal-arbetsyta-rullar-mobil-serveringsvagn-50-x-50-x-90-cm-svart\/"},"modified":"2026-03-12T08:52:27","modified_gmt":"2026-03-12T07:52:27","slug":"truusk-grillvagn-3-vaningar-rostfritt-stal-mobil-serveringsvagn-svart-50-x-50-x-90-cm","status":"publish","type":"product","link":"https:\/\/truusk.store\/sv\/produkt\/truusk-grillvagn-3-vaningar-rostfritt-stal-mobil-serveringsvagn-svart-50-x-50-x-90-cm\/","title":{"rendered":"TRUUSK Grillvagn 3-v\u00e5ningar &#8211; Rostfritt St\u00e5l &#8211; Mobil Serveringsvagn &#8211; Svart &#8211; 50 x 50 x 90 cm"},"content":{"rendered":"<p>\u00c4r du tr\u00f6tt p\u00e5 att jonglera tallrikar och ingredienser? Grillbordet fr\u00e5n [BRAND NAME] skapar ordning. Med en rostfri arbetsyta och pulverlackerad metallram ger sidovagnen utrymme f\u00f6r f\u00f6rberedelse och grillning. Skapa kulinariska m\u00e4sterverk utan anstr\u00e4ngning och f\u00f6rvandla varje grillfest till en imponerande h\u00e4ndelse.<\/p>\n<p>Beskrivning:<\/p>\n<ul>\n<li> Rostfri yta garanterar h\u00e5llbarhet och enkel reng\u00f6ring<\/li>\n<li> Pulverlackerad metallram f\u00f6r p\u00e5litlig utomhusanv\u00e4ndning<\/li>\n<li> Utrustad med tre hyllor f\u00f6r att ordentligt f\u00f6rvara grilltillbeh\u00f6r<\/li>\n<li> Fyra hjul m\u00f6jligg\u00f6r enkel mobilitet, tv\u00e5 av dem med l\u00e5sbromsar f\u00f6r stabilitet<\/li>\n<li> Kan anv\u00e4ndas som grillbord, pizzaugnsbord, serveringsvagn eller planteringsbord<\/li>\n<li> Montering kr\u00e4vs<\/li>\n<\/ul>\n<p> Tekniska specifikationer:<\/p>\n<ul>\n<li> F\u00e4rg: Svart<\/li>\n<li> Material: Rostfritt st\u00e5l, Metall<\/li>\n<li> Totala dimensioner: 50B x 50D x 90H cm<\/li>\n<li> Bordsskivans storlek: 50B x 50D cm<\/li>\n<li> Hyllstorlek: 49,5B x 49,5D cm<\/li>\n<li> Hyllh\u00f6jd: 36 cm<\/li>\n<li> Markfrig\u00e5ng: 9 cm<\/li>\n<li> B\u00e4rkapacitet: 50 kg (per hylla)<\/li>\n<\/ul>\n<p>Leveransinneh\u00e5ll:<\/p>\n<ul>\n<li> 1 x Grillvagn<\/li>\n<li> 1 x Instruktioner<\/li>\n<\/ul>\n","protected":false},"excerpt":{"rendered":"<p>\u00c4r du tr\u00f6tt p\u00e5 att jonglera tallrikar och ingredienser? Grillbordet fr\u00e5n [BRAND NAME] skapar ordning. Med en rostfri arbetsyta och&#8230;<\/p>\n","protected":false},"featured_media":104293,"template":"","meta":[],"product_brand":[],"product_cat":[1043,440,858],"product_tag":[],"class_list":{"0":"post-104305","1":"product","2":"type-product","3":"status-publish","4":"has-post-thumbnail","6":"product_cat-grilla-varma","7":"product_cat-grillar","8":"product_cat-tradgard-terrass","10":"first","11":"instock","12":"sale","13":"taxable","14":"shipping-taxable","15":"purchasable","16":"product-type-simple"},"yoast_head":"<!-- This site is optimized with the Yoast SEO plugin v25.4 - https:\/\/yoast.com\/wordpress\/plugins\/seo\/ -->\n<title>TRUUSK Grillvagn 3-v\u00e5ningar - Rostfritt St\u00e5l - Mobil Serveringsvagn - Svart - 50 x 50 x 90 cm - TRUUSK - Hem, Tr\u00e4dg\u00e5rd &amp; Fritid<\/title>\n<meta name=\"robots\" content=\"index, follow, max-snippet:-1, max-image-preview:large, max-video-preview:-1\" \/>\n<link rel=\"canonical\" href=\"https:\/\/truusk.store\/sv\/produkt\/truusk-grillvagn-3-vaningar-rostfritt-stal-mobil-serveringsvagn-svart-50-x-50-x-90-cm\/\" \/>\n<meta property=\"og:locale\" content=\"sv_SE\" \/>\n<meta property=\"og:type\" content=\"article\" \/>\n<meta property=\"og:title\" content=\"TRUUSK Grillvagn 3-v\u00e5ningar - Rostfritt St\u00e5l - Mobil Serveringsvagn - Svart - 50 x 50 x 90 cm - TRUUSK - Hem, Tr\u00e4dg\u00e5rd &amp; Fritid\" \/>\n<meta property=\"og:description\" content=\"\u00c4r du tr\u00f6tt p\u00e5 att jonglera tallrikar och ingredienser? Grillbordet fr\u00e5n [BRAND NAME] skapar ordning. Med en rostfri arbetsyta och...\" \/>\n<meta property=\"og:url\" content=\"https:\/\/truusk.store\/sv\/produkt\/truusk-grillvagn-3-vaningar-rostfritt-stal-mobil-serveringsvagn-svart-50-x-50-x-90-cm\/\" \/>\n<meta property=\"og:site_name\" content=\"TRUUSK - Hem, Tr\u00e4dg\u00e5rd &amp; Fritid\" \/>\n<meta property=\"article:modified_time\" content=\"2026-03-12T07:52:27+00:00\" \/>\n<meta property=\"og:image\" content=\"https:\/\/i0.wp.com\/truusk.se\/wp-content\/uploads\/2026\/02\/grillvagn-3-vaningar-grillbord-med-rostfritt-stal-arbetsyta-rullar-mobil-serveringsvagn-50-x-50-x-90-cm-svart-1.webp?fit=2000%2C2000&ssl=1\" \/>\n\t<meta property=\"og:image:width\" content=\"2000\" \/>\n\t<meta property=\"og:image:height\" content=\"2000\" \/>\n\t<meta property=\"og:image:type\" content=\"image\/webp\" \/>\n<meta name=\"twitter:card\" content=\"summary_large_image\" \/>\n<meta name=\"twitter:label1\" content=\"Ber\u00e4knad l\u00e4stid\" \/>\n\t<meta name=\"twitter:data1\" content=\"1 minut\" \/>\n<!-- \/ Yoast SEO plugin. -->","yoast_head_json":{"title":"TRUUSK Grillvagn 3-v\u00e5ningar - Rostfritt St\u00e5l - Mobil Serveringsvagn - Svart - 50 x 50 x 90 cm - TRUUSK - Hem, Tr\u00e4dg\u00e5rd &amp; Fritid","robots":{"index":"index","follow":"follow","max-snippet":"max-snippet:-1","max-image-preview":"max-image-preview:large","max-video-preview":"max-video-preview:-1"},"canonical":"https:\/\/truusk.store\/sv\/produkt\/truusk-grillvagn-3-vaningar-rostfritt-stal-mobil-serveringsvagn-svart-50-x-50-x-90-cm\/","og_locale":"sv_SE","og_type":"article","og_title":"TRUUSK Grillvagn 3-v\u00e5ningar - Rostfritt St\u00e5l - Mobil Serveringsvagn - Svart - 50 x 50 x 90 cm - TRUUSK - Hem, Tr\u00e4dg\u00e5rd &amp; Fritid","og_description":"\u00c4r du tr\u00f6tt p\u00e5 att jonglera tallrikar och ingredienser? Grillbordet fr\u00e5n [BRAND NAME] skapar ordning. Med en rostfri arbetsyta och...","og_url":"https:\/\/truusk.store\/sv\/produkt\/truusk-grillvagn-3-vaningar-rostfritt-stal-mobil-serveringsvagn-svart-50-x-50-x-90-cm\/","og_site_name":"TRUUSK - Hem, Tr\u00e4dg\u00e5rd &amp; Fritid","article_modified_time":"2026-03-12T07:52:27+00:00","og_image":[{"width":2000,"height":2000,"url":"https:\/\/i0.wp.com\/truusk.se\/wp-content\/uploads\/2026\/02\/grillvagn-3-vaningar-grillbord-med-rostfritt-stal-arbetsyta-rullar-mobil-serveringsvagn-50-x-50-x-90-cm-svart-1.webp?fit=2000%2C2000&ssl=1","type":"image\/webp"}],"twitter_card":"summary_large_image","twitter_misc":{"Ber\u00e4knad l\u00e4stid":"1 minut"},"schema":{"@context":"https:\/\/schema.org","@graph":[{"@type":"WebPage","@id":"https:\/\/truusk.store\/sv\/produkt\/truusk-grillvagn-3-vaningar-rostfritt-stal-mobil-serveringsvagn-svart-50-x-50-x-90-cm\/","url":"https:\/\/truusk.store\/sv\/produkt\/truusk-grillvagn-3-vaningar-rostfritt-stal-mobil-serveringsvagn-svart-50-x-50-x-90-cm\/","name":"TRUUSK Grillvagn 3-v\u00e5ningar - Rostfritt St\u00e5l - Mobil Serveringsvagn - Svart - 50 x 50 x 90 cm - TRUUSK - Hem, Tr\u00e4dg\u00e5rd &amp; Fritid","isPartOf":{"@id":"https:\/\/truusk.store\/sv\/#website"},"primaryImageOfPage":{"@id":"https:\/\/truusk.store\/sv\/produkt\/truusk-grillvagn-3-vaningar-rostfritt-stal-mobil-serveringsvagn-svart-50-x-50-x-90-cm\/#primaryimage"},"image":{"@id":"https:\/\/truusk.store\/sv\/produkt\/truusk-grillvagn-3-vaningar-rostfritt-stal-mobil-serveringsvagn-svart-50-x-50-x-90-cm\/#primaryimage"},"thumbnailUrl":"https:\/\/i0.wp.com\/truusk.store\/wp-content\/uploads\/2026\/02\/grillvagn-3-vaningar-grillbord-med-rostfritt-stal-arbetsyta-rullar-mobil-serveringsvagn-50-x-50-x-90-cm-svart-1.webp?fit=2000%2C2000&ssl=1","datePublished":"2026-02-09T04:59:34+00:00","dateModified":"2026-03-12T07:52:27+00:00","breadcrumb":{"@id":"https:\/\/truusk.store\/sv\/produkt\/truusk-grillvagn-3-vaningar-rostfritt-stal-mobil-serveringsvagn-svart-50-x-50-x-90-cm\/#breadcrumb"},"inLanguage":"sv-SE","potentialAction":[{"@type":"ReadAction","target":["https:\/\/truusk.store\/sv\/produkt\/truusk-grillvagn-3-vaningar-rostfritt-stal-mobil-serveringsvagn-svart-50-x-50-x-90-cm\/"]}]},{"@type":"ImageObject","inLanguage":"sv-SE","@id":"https:\/\/truusk.store\/sv\/produkt\/truusk-grillvagn-3-vaningar-rostfritt-stal-mobil-serveringsvagn-svart-50-x-50-x-90-cm\/#primaryimage","url":"https:\/\/i0.wp.com\/truusk.store\/wp-content\/uploads\/2026\/02\/grillvagn-3-vaningar-grillbord-med-rostfritt-stal-arbetsyta-rullar-mobil-serveringsvagn-50-x-50-x-90-cm-svart-1.webp?fit=2000%2C2000&ssl=1","contentUrl":"https:\/\/i0.wp.com\/truusk.store\/wp-content\/uploads\/2026\/02\/grillvagn-3-vaningar-grillbord-med-rostfritt-stal-arbetsyta-rullar-mobil-serveringsvagn-50-x-50-x-90-cm-svart-1.webp?fit=2000%2C2000&ssl=1","width":2000,"height":2000},{"@type":"BreadcrumbList","@id":"https:\/\/truusk.store\/sv\/produkt\/truusk-grillvagn-3-vaningar-rostfritt-stal-mobil-serveringsvagn-svart-50-x-50-x-90-cm\/#breadcrumb","itemListElement":[{"@type":"ListItem","position":1,"name":"Home","item":"https:\/\/truusk.store\/sv\/"},{"@type":"ListItem","position":2,"name":"Shop","item":"https:\/\/truusk.store\/shop\/"},{"@type":"ListItem","position":3,"name":"TRUUSK Grillvagn 3-v\u00e5ningar &#8211; Rostfritt St\u00e5l &#8211; Mobil Serveringsvagn &#8211; Svart &#8211; 50 x 50 x 90 cm"}]},{"@type":"WebSite","@id":"https:\/\/truusk.store\/sv\/#website","url":"https:\/\/truusk.store\/sv\/","name":"TRUUSK - Hem, Tr\u00e4dg\u00e5rd & Fritid","description":"","publisher":{"@id":"https:\/\/truusk.store\/sv\/#organization"},"potentialAction":[{"@type":"SearchAction","target":{"@type":"EntryPoint","urlTemplate":"https:\/\/truusk.store\/sv\/?s={search_term_string}"},"query-input":{"@type":"PropertyValueSpecification","valueRequired":true,"valueName":"search_term_string"}}],"inLanguage":"sv-SE"},{"@type":"Organization","@id":"https:\/\/truusk.store\/sv\/#organization","name":"TRUUSK - Hem, Tr\u00e4dg\u00e5rd & Fritid","url":"https:\/\/truusk.store\/sv\/","logo":{"@type":"ImageObject","inLanguage":"sv-SE","@id":"https:\/\/truusk.store\/sv\/#\/schema\/logo\/image\/","url":"https:\/\/i0.wp.com\/truusk.store\/wp-content\/uploads\/2026\/03\/cropped-TRUUSK.png?fit=2032%2C917&ssl=1","contentUrl":"https:\/\/i0.wp.com\/truusk.store\/wp-content\/uploads\/2026\/03\/cropped-TRUUSK.png?fit=2032%2C917&ssl=1","width":2032,"height":917,"caption":"TRUUSK - Hem, Tr\u00e4dg\u00e5rd & Fritid"},"image":{"@id":"https:\/\/truusk.store\/sv\/#\/schema\/logo\/image\/"}}]}},"jetpack_sharing_enabled":true,"_links":{"self":[{"href":"https:\/\/truusk.store\/sv\/wp-json\/wp\/v2\/product\/104305","targetHints":{"allow":["GET"]}}],"collection":[{"href":"https:\/\/truusk.store\/sv\/wp-json\/wp\/v2\/product"}],"about":[{"href":"https:\/\/truusk.store\/sv\/wp-json\/wp\/v2\/types\/product"}],"wp:featuredmedia":[{"embeddable":true,"href":"https:\/\/truusk.store\/sv\/wp-json\/wp\/v2\/media\/104293"}],"wp:attachment":[{"href":"https:\/\/truusk.store\/sv\/wp-json\/wp\/v2\/media?parent=104305"}],"wp:term":[{"taxonomy":"product_brand","embeddable":true,"href":"https:\/\/truusk.store\/sv\/wp-json\/wp\/v2\/product_brand?post=104305"},{"taxonomy":"product_cat","embeddable":true,"href":"https:\/\/truusk.store\/sv\/wp-json\/wp\/v2\/product_cat?post=104305"},{"taxonomy":"product_tag","embeddable":true,"href":"https:\/\/truusk.store\/sv\/wp-json\/wp\/v2\/product_tag?post=104305"}],"curies":[{"name":"wp","href":"https:\/\/api.w.org\/{rel}","templated":true}]}}