{"id":104355,"date":"2026-02-09T06:04:30","date_gmt":"2026-02-09T05:04:30","guid":{"rendered":"https:\/\/truusk.store\/product\/hogbadd-med-klatterstallning-metall-planteringslada-med-skyddskant-handskar-220-x-110-x-150-cm-morkgra\/"},"modified":"2026-03-12T08:52:41","modified_gmt":"2026-03-12T07:52:41","slug":"truusk-hogbadd-med-klatterstallning-metall-planteringslada-skyddskant-handskar-220-x-110-x-150-cm-morkgra","status":"publish","type":"product","link":"https:\/\/truusk.store\/sv\/produkt\/truusk-hogbadd-med-klatterstallning-metall-planteringslada-skyddskant-handskar-220-x-110-x-150-cm-morkgra\/","title":{"rendered":"TRUUSK H\u00f6gb\u00e4dd Med Kl\u00e4tterst\u00e4llning &#8211; Metall Planteringsl\u00e5da &#8211; Skyddskant &#8211; Handskar &#8211; 220 x 110 x 150 cm &#8211; M\u00f6rkgr\u00e5"},"content":{"rendered":"<p>Ge din tr\u00e4dg\u00e5rd utrymme och st\u00f6d med [BRAND NAME] h\u00f6g s\u00e4ng med kl\u00e4tterst\u00f6d. Kl\u00e4tterst\u00f6det sparar utrymme, m\u00f6jligg\u00f6r tillv\u00e4xt f\u00f6r kl\u00e4tterv\u00e4xter och erbjuder plats f\u00f6r dekorationer. F\u00f6rzinkat metall st\u00e5r emot v\u00e4der, modul\u00e4ra paneler anpassar sig, och det \u00f6ppna bottenutformningen s\u00e4kerst\u00e4ller dr\u00e4nering och f\u00f6rhindrar rotr\u00f6ta &#8211; f\u00f6r h\u00e4lsosam v\u00e4xttillv\u00e4xt.<\/p>\n<p>Beskrivning:<\/p>\n<ul>\n<li> Rymlig balkong h\u00f6g s\u00e4ng erbjuder mer planteringsyta f\u00f6r gr\u00f6nsaker, \u00f6rter och blommor<\/li>\n<li> M\u00e5ngsidigt kl\u00e4tterst\u00f6d erbjuder tillf\u00f6rlitligt st\u00f6d f\u00f6r kl\u00e4tterv\u00e4xter<\/li>\n<li> Robust, galvaniserat metall motst\u00e5r rost och v\u00e4der f\u00f6r l\u00e5ngvarig anv\u00e4ndning<\/li>\n<li> Inbyggda inre st\u00f6dst\u00e4nger f\u00f6rb\u00e4ttrar stabiliteten<\/li>\n<li> Modul\u00e4r design m\u00f6jligg\u00f6r flexibel rund eller oval montering<\/li>\n<li> Sl\u00e4t rullad kant f\u00f6rb\u00e4ttrar s\u00e4kerheten under montering<\/li>\n<li> \u00d6ppen botten design s\u00e4kerst\u00e4ller b\u00e4ttre dr\u00e4nering och f\u00f6rhindrar rotr\u00f6ta<\/li>\n<\/ul>\n<p> Tekniska specifikationer:<\/p>\n<ul>\n<li> F\u00e4rg: M\u00f6rkgr\u00e5<\/li>\n<li> Material: F\u00f6rzinkat metall<\/li>\n<li> Storlek p\u00e5 h\u00f6g s\u00e4ng: 220L x 110B x 150H cm<\/li>\n<li> Storlek p\u00e5 planteringsomr\u00e5de: 219L x 109B x 30H cm<\/li>\n<li> Storlek p\u00e5 kl\u00e4tterst\u00f6d: 220B x 121H cm<\/li>\n<\/ul>\n<p>Inneh\u00e5ll:<\/p>\n<ul>\n<li> 1 x h\u00f6g s\u00e4ng med kl\u00e4tterst\u00f6d<\/li>\n<li> 1 par handskar<\/li>\n<li> 1 x instruktioner<\/li>\n<\/ul>\n","protected":false},"excerpt":{"rendered":"<p>Ge din tr\u00e4dg\u00e5rd utrymme och st\u00f6d med [BRAND NAME] h\u00f6g s\u00e4ng med kl\u00e4tterst\u00f6d. Kl\u00e4tterst\u00f6det sparar utrymme, m\u00f6jligg\u00f6r tillv\u00e4xt f\u00f6r kl\u00e4tterv\u00e4xter&#8230;<\/p>\n","protected":false},"featured_media":104346,"template":"","meta":[],"product_brand":[],"product_cat":[922,858,443],"product_tag":[],"class_list":{"0":"post-104355","1":"product","2":"type-product","3":"status-publish","4":"has-post-thumbnail","6":"product_cat-planteringskarl","7":"product_cat-tradgard-terrass","8":"product_cat-vaxthus-tradgardsskotsel","10":"first","11":"instock","12":"sale","13":"taxable","14":"shipping-taxable","15":"purchasable","16":"product-type-simple"},"yoast_head":"<!-- This site is optimized with the Yoast SEO plugin v25.4 - https:\/\/yoast.com\/wordpress\/plugins\/seo\/ -->\n<title>TRUUSK H\u00f6gb\u00e4dd Med Kl\u00e4tterst\u00e4llning - Metall Planteringsl\u00e5da - Skyddskant - Handskar - 220 x 110 x 150 cm - M\u00f6rkgr\u00e5 - TRUUSK - Hem, Tr\u00e4dg\u00e5rd &amp; Fritid<\/title>\n<meta name=\"robots\" content=\"index, follow, max-snippet:-1, max-image-preview:large, max-video-preview:-1\" \/>\n<link rel=\"canonical\" href=\"https:\/\/truusk.store\/sv\/produkt\/truusk-hogbadd-med-klatterstallning-metall-planteringslada-skyddskant-handskar-220-x-110-x-150-cm-morkgra\/\" \/>\n<meta property=\"og:locale\" content=\"sv_SE\" \/>\n<meta property=\"og:type\" content=\"article\" \/>\n<meta property=\"og:title\" content=\"TRUUSK H\u00f6gb\u00e4dd Med Kl\u00e4tterst\u00e4llning - Metall Planteringsl\u00e5da - Skyddskant - Handskar - 220 x 110 x 150 cm - M\u00f6rkgr\u00e5 - TRUUSK - Hem, Tr\u00e4dg\u00e5rd &amp; Fritid\" \/>\n<meta property=\"og:description\" content=\"Ge din tr\u00e4dg\u00e5rd utrymme och st\u00f6d med [BRAND NAME] h\u00f6g s\u00e4ng med kl\u00e4tterst\u00f6d. Kl\u00e4tterst\u00f6det sparar utrymme, m\u00f6jligg\u00f6r tillv\u00e4xt f\u00f6r kl\u00e4tterv\u00e4xter...\" \/>\n<meta property=\"og:url\" content=\"https:\/\/truusk.store\/sv\/produkt\/truusk-hogbadd-med-klatterstallning-metall-planteringslada-skyddskant-handskar-220-x-110-x-150-cm-morkgra\/\" \/>\n<meta property=\"og:site_name\" content=\"TRUUSK - Hem, Tr\u00e4dg\u00e5rd &amp; Fritid\" \/>\n<meta property=\"article:modified_time\" content=\"2026-03-12T07:52:41+00:00\" \/>\n<meta property=\"og:image\" content=\"https:\/\/i0.wp.com\/truusk.se\/wp-content\/uploads\/2026\/02\/hogbadd-med-klatterstallning-metall-planteringslada-med-skyddskant-handskar-220-x-110-x-150-cm-morkgra-1.webp?fit=2000%2C2000&ssl=1\" \/>\n\t<meta property=\"og:image:width\" content=\"2000\" \/>\n\t<meta property=\"og:image:height\" content=\"2000\" \/>\n\t<meta property=\"og:image:type\" content=\"image\/webp\" \/>\n<meta name=\"twitter:card\" content=\"summary_large_image\" \/>\n<meta name=\"twitter:label1\" content=\"Ber\u00e4knad l\u00e4stid\" \/>\n\t<meta name=\"twitter:data1\" content=\"1 minut\" \/>\n<!-- \/ Yoast SEO plugin. -->","yoast_head_json":{"title":"TRUUSK H\u00f6gb\u00e4dd Med Kl\u00e4tterst\u00e4llning - Metall Planteringsl\u00e5da - Skyddskant - Handskar - 220 x 110 x 150 cm - M\u00f6rkgr\u00e5 - TRUUSK - Hem, Tr\u00e4dg\u00e5rd &amp; Fritid","robots":{"index":"index","follow":"follow","max-snippet":"max-snippet:-1","max-image-preview":"max-image-preview:large","max-video-preview":"max-video-preview:-1"},"canonical":"https:\/\/truusk.store\/sv\/produkt\/truusk-hogbadd-med-klatterstallning-metall-planteringslada-skyddskant-handskar-220-x-110-x-150-cm-morkgra\/","og_locale":"sv_SE","og_type":"article","og_title":"TRUUSK H\u00f6gb\u00e4dd Med Kl\u00e4tterst\u00e4llning - Metall Planteringsl\u00e5da - Skyddskant - Handskar - 220 x 110 x 150 cm - M\u00f6rkgr\u00e5 - TRUUSK - Hem, Tr\u00e4dg\u00e5rd &amp; Fritid","og_description":"Ge din tr\u00e4dg\u00e5rd utrymme och st\u00f6d med [BRAND NAME] h\u00f6g s\u00e4ng med kl\u00e4tterst\u00f6d. Kl\u00e4tterst\u00f6det sparar utrymme, m\u00f6jligg\u00f6r tillv\u00e4xt f\u00f6r kl\u00e4tterv\u00e4xter...","og_url":"https:\/\/truusk.store\/sv\/produkt\/truusk-hogbadd-med-klatterstallning-metall-planteringslada-skyddskant-handskar-220-x-110-x-150-cm-morkgra\/","og_site_name":"TRUUSK - Hem, Tr\u00e4dg\u00e5rd &amp; Fritid","article_modified_time":"2026-03-12T07:52:41+00:00","og_image":[{"width":2000,"height":2000,"url":"https:\/\/i0.wp.com\/truusk.se\/wp-content\/uploads\/2026\/02\/hogbadd-med-klatterstallning-metall-planteringslada-med-skyddskant-handskar-220-x-110-x-150-cm-morkgra-1.webp?fit=2000%2C2000&ssl=1","type":"image\/webp"}],"twitter_card":"summary_large_image","twitter_misc":{"Ber\u00e4knad l\u00e4stid":"1 minut"},"schema":{"@context":"https:\/\/schema.org","@graph":[{"@type":"WebPage","@id":"https:\/\/truusk.store\/sv\/produkt\/truusk-hogbadd-med-klatterstallning-metall-planteringslada-skyddskant-handskar-220-x-110-x-150-cm-morkgra\/","url":"https:\/\/truusk.store\/sv\/produkt\/truusk-hogbadd-med-klatterstallning-metall-planteringslada-skyddskant-handskar-220-x-110-x-150-cm-morkgra\/","name":"TRUUSK H\u00f6gb\u00e4dd Med Kl\u00e4tterst\u00e4llning - Metall Planteringsl\u00e5da - Skyddskant - Handskar - 220 x 110 x 150 cm - M\u00f6rkgr\u00e5 - TRUUSK - Hem, Tr\u00e4dg\u00e5rd &amp; Fritid","isPartOf":{"@id":"https:\/\/truusk.store\/sv\/#website"},"primaryImageOfPage":{"@id":"https:\/\/truusk.store\/sv\/produkt\/truusk-hogbadd-med-klatterstallning-metall-planteringslada-skyddskant-handskar-220-x-110-x-150-cm-morkgra\/#primaryimage"},"image":{"@id":"https:\/\/truusk.store\/sv\/produkt\/truusk-hogbadd-med-klatterstallning-metall-planteringslada-skyddskant-handskar-220-x-110-x-150-cm-morkgra\/#primaryimage"},"thumbnailUrl":"https:\/\/i0.wp.com\/truusk.store\/wp-content\/uploads\/2026\/02\/hogbadd-med-klatterstallning-metall-planteringslada-med-skyddskant-handskar-220-x-110-x-150-cm-morkgra-1.webp?fit=2000%2C2000&ssl=1","datePublished":"2026-02-09T05:04:30+00:00","dateModified":"2026-03-12T07:52:41+00:00","breadcrumb":{"@id":"https:\/\/truusk.store\/sv\/produkt\/truusk-hogbadd-med-klatterstallning-metall-planteringslada-skyddskant-handskar-220-x-110-x-150-cm-morkgra\/#breadcrumb"},"inLanguage":"sv-SE","potentialAction":[{"@type":"ReadAction","target":["https:\/\/truusk.store\/sv\/produkt\/truusk-hogbadd-med-klatterstallning-metall-planteringslada-skyddskant-handskar-220-x-110-x-150-cm-morkgra\/"]}]},{"@type":"ImageObject","inLanguage":"sv-SE","@id":"https:\/\/truusk.store\/sv\/produkt\/truusk-hogbadd-med-klatterstallning-metall-planteringslada-skyddskant-handskar-220-x-110-x-150-cm-morkgra\/#primaryimage","url":"https:\/\/i0.wp.com\/truusk.store\/wp-content\/uploads\/2026\/02\/hogbadd-med-klatterstallning-metall-planteringslada-med-skyddskant-handskar-220-x-110-x-150-cm-morkgra-1.webp?fit=2000%2C2000&ssl=1","contentUrl":"https:\/\/i0.wp.com\/truusk.store\/wp-content\/uploads\/2026\/02\/hogbadd-med-klatterstallning-metall-planteringslada-med-skyddskant-handskar-220-x-110-x-150-cm-morkgra-1.webp?fit=2000%2C2000&ssl=1","width":2000,"height":2000},{"@type":"BreadcrumbList","@id":"https:\/\/truusk.store\/sv\/produkt\/truusk-hogbadd-med-klatterstallning-metall-planteringslada-skyddskant-handskar-220-x-110-x-150-cm-morkgra\/#breadcrumb","itemListElement":[{"@type":"ListItem","position":1,"name":"Home","item":"https:\/\/truusk.store\/sv\/"},{"@type":"ListItem","position":2,"name":"Shop","item":"https:\/\/truusk.store\/shop\/"},{"@type":"ListItem","position":3,"name":"TRUUSK H\u00f6gb\u00e4dd Med Kl\u00e4tterst\u00e4llning &#8211; Metall Planteringsl\u00e5da &#8211; Skyddskant &#8211; Handskar &#8211; 220 x 110 x 150 cm &#8211; M\u00f6rkgr\u00e5"}]},{"@type":"WebSite","@id":"https:\/\/truusk.store\/sv\/#website","url":"https:\/\/truusk.store\/sv\/","name":"TRUUSK - Hem, Tr\u00e4dg\u00e5rd & Fritid","description":"","publisher":{"@id":"https:\/\/truusk.store\/sv\/#organization"},"potentialAction":[{"@type":"SearchAction","target":{"@type":"EntryPoint","urlTemplate":"https:\/\/truusk.store\/sv\/?s={search_term_string}"},"query-input":{"@type":"PropertyValueSpecification","valueRequired":true,"valueName":"search_term_string"}}],"inLanguage":"sv-SE"},{"@type":"Organization","@id":"https:\/\/truusk.store\/sv\/#organization","name":"TRUUSK - Hem, Tr\u00e4dg\u00e5rd & Fritid","url":"https:\/\/truusk.store\/sv\/","logo":{"@type":"ImageObject","inLanguage":"sv-SE","@id":"https:\/\/truusk.store\/sv\/#\/schema\/logo\/image\/","url":"https:\/\/i0.wp.com\/truusk.store\/wp-content\/uploads\/2026\/03\/cropped-TRUUSK.png?fit=2032%2C917&ssl=1","contentUrl":"https:\/\/i0.wp.com\/truusk.store\/wp-content\/uploads\/2026\/03\/cropped-TRUUSK.png?fit=2032%2C917&ssl=1","width":2032,"height":917,"caption":"TRUUSK - Hem, Tr\u00e4dg\u00e5rd & Fritid"},"image":{"@id":"https:\/\/truusk.store\/sv\/#\/schema\/logo\/image\/"}}]}},"jetpack_sharing_enabled":true,"_links":{"self":[{"href":"https:\/\/truusk.store\/sv\/wp-json\/wp\/v2\/product\/104355","targetHints":{"allow":["GET"]}}],"collection":[{"href":"https:\/\/truusk.store\/sv\/wp-json\/wp\/v2\/product"}],"about":[{"href":"https:\/\/truusk.store\/sv\/wp-json\/wp\/v2\/types\/product"}],"wp:featuredmedia":[{"embeddable":true,"href":"https:\/\/truusk.store\/sv\/wp-json\/wp\/v2\/media\/104346"}],"wp:attachment":[{"href":"https:\/\/truusk.store\/sv\/wp-json\/wp\/v2\/media?parent=104355"}],"wp:term":[{"taxonomy":"product_brand","embeddable":true,"href":"https:\/\/truusk.store\/sv\/wp-json\/wp\/v2\/product_brand?post=104355"},{"taxonomy":"product_cat","embeddable":true,"href":"https:\/\/truusk.store\/sv\/wp-json\/wp\/v2\/product_cat?post=104355"},{"taxonomy":"product_tag","embeddable":true,"href":"https:\/\/truusk.store\/sv\/wp-json\/wp\/v2\/product_tag?post=104355"}],"curies":[{"name":"wp","href":"https:\/\/api.w.org\/{rel}","templated":true}]}}