{"id":104365,"date":"2026-02-09T06:05:29","date_gmt":"2026-02-09T05:05:29","guid":{"rendered":"https:\/\/truusk.store\/product\/hojdstallbart-staskrivbord-rullbart-sitt-sta-skrivbord-med-tangentbordsfack-hjul-och-stalram-vit\/"},"modified":"2026-03-12T08:52:45","modified_gmt":"2026-03-12T07:52:45","slug":"truusk-justerbart-stabord-rullbart-med-tangentbordsfack-hjul-stalram-vit","status":"publish","type":"product","link":"https:\/\/truusk.store\/sv\/produkt\/truusk-justerbart-stabord-rullbart-med-tangentbordsfack-hjul-stalram-vit\/","title":{"rendered":"TRUUSK Justerbart St\u00e5bord &#8211; Rullbart Med Tangentbordsfack &#8211; Hjul &#8211; St\u00e5lram &#8211; Vit"},"content":{"rendered":"<p>Har du tr\u00f6ttnat p\u00e5 att k\u00e4nna dig inst\u00e4ngd och sp\u00e4nd vid ditt skrivbord? [BRAND NAME] skrivbord ger nytt liv till din arbetsdag. Det glider smidigt in i varje h\u00f6rn, medan det ergonomiska tangentbordshyllan g\u00f6r skrivandet behagligt och minskar belastningen p\u00e5 handleder och axlar. Justera h\u00f6jden p\u00e5 detta st\u00e5ende skrivbord smidigt f\u00f6r att hitta din optimala rytm och f\u00f6rvandla din kompakta l\u00e4genhet till ett dynamiskt, bekv\u00e4mt kontor.<\/p>\n<p>Beskrivning:<\/p>\n<ul>\n<li> Justerar omedelbart fr\u00e5n 71-107 cm med en pneumatisk lyft f\u00f6r ett h\u00e4lsosammare arbete<\/li>\n<li> Inbyggd tangentbordshylla p\u00e5 datorbordet h\u00e5ller handlederna bekv\u00e4ma och minskar belastningen<\/li>\n<li> Mjukt glidande hjul g\u00f6r det enkelt att flytta mellan olika rum<\/li>\n<li> Den kompakta bredden p\u00e5 laptopbordet p\u00e5 65 cm passar perfekt i mindre bostadsutrymmen<\/li>\n<li> Tillverkad med en robust st\u00e5lram som garanterar h\u00e5llbarhet och enkelt b\u00e4r upp till 15 kg<\/li>\n<li> Belagd bordsskiva \u00e4r vattent\u00e4t och l\u00e4tt att reng\u00f6ra<\/li>\n<li> Montering kr\u00e4vs<\/li>\n<\/ul>\n<p> Tekniska specifikationer:<\/p>\n<ul>\n<li> F\u00e4rg: Vit<\/li>\n<li> Material: MDF, St\u00e5l<\/li>\n<li> Totala dimensioner: 65B x 60D x 71-107H cm<\/li>\n<li> Storlek p\u00e5 bordsskiva: 65B x 43D cm<\/li>\n<li> Storlek p\u00e5 tangentbordshylla: 60B x 28D cm<\/li>\n<li> Maximal belastning: 15 kg<\/li>\n<\/ul>\n<p>Ing\u00e5r i leveransen:<\/p>\n<ul>\n<li> 1 x St\u00e5ende skrivbord<\/li>\n<li> 1 x Instruktioner<\/li>\n<\/ul>\n","protected":false},"excerpt":{"rendered":"<p>Har du tr\u00f6ttnat p\u00e5 att k\u00e4nna dig inst\u00e4ngd och sp\u00e4nd vid ditt skrivbord? [BRAND NAME] skrivbord ger nytt liv till&#8230;<\/p>\n","protected":false},"featured_media":104356,"template":"","meta":[],"product_brand":[],"product_cat":[872,871,502],"product_tag":[],"class_list":{"0":"post-104365","1":"product","2":"type-product","3":"status-publish","4":"has-post-thumbnail","6":"product_cat-hemmakontor-arbetsplats","7":"product_cat-hus-hem","8":"product_cat-skrivbord","10":"first","11":"instock","12":"sale","13":"taxable","14":"shipping-taxable","15":"purchasable","16":"product-type-simple"},"yoast_head":"<!-- This site is optimized with the Yoast SEO plugin v25.4 - https:\/\/yoast.com\/wordpress\/plugins\/seo\/ -->\n<title>TRUUSK Justerbart St\u00e5bord - Rullbart Med Tangentbordsfack - Hjul - St\u00e5lram - Vit - TRUUSK - Hem, Tr\u00e4dg\u00e5rd &amp; Fritid<\/title>\n<meta name=\"robots\" content=\"index, follow, max-snippet:-1, max-image-preview:large, max-video-preview:-1\" \/>\n<link rel=\"canonical\" href=\"https:\/\/truusk.store\/sv\/produkt\/truusk-justerbart-stabord-rullbart-med-tangentbordsfack-hjul-stalram-vit\/\" \/>\n<meta property=\"og:locale\" content=\"sv_SE\" \/>\n<meta property=\"og:type\" content=\"article\" \/>\n<meta property=\"og:title\" content=\"TRUUSK Justerbart St\u00e5bord - Rullbart Med Tangentbordsfack - Hjul - St\u00e5lram - Vit - TRUUSK - Hem, Tr\u00e4dg\u00e5rd &amp; Fritid\" \/>\n<meta property=\"og:description\" content=\"Har du tr\u00f6ttnat p\u00e5 att k\u00e4nna dig inst\u00e4ngd och sp\u00e4nd vid ditt skrivbord? [BRAND NAME] skrivbord ger nytt liv till...\" \/>\n<meta property=\"og:url\" content=\"https:\/\/truusk.store\/sv\/produkt\/truusk-justerbart-stabord-rullbart-med-tangentbordsfack-hjul-stalram-vit\/\" \/>\n<meta property=\"og:site_name\" content=\"TRUUSK - Hem, Tr\u00e4dg\u00e5rd &amp; Fritid\" \/>\n<meta property=\"article:modified_time\" content=\"2026-03-12T07:52:45+00:00\" \/>\n<meta property=\"og:image\" content=\"https:\/\/i0.wp.com\/truusk.se\/wp-content\/uploads\/2026\/02\/hojdstallbart-staskrivbord-rullbart-sitt-sta-skrivbord-med-tangentbordsfack-hjul-och-stalram-vit-1.webp?fit=2000%2C2000&ssl=1\" \/>\n\t<meta property=\"og:image:width\" content=\"2000\" \/>\n\t<meta property=\"og:image:height\" content=\"2000\" \/>\n\t<meta property=\"og:image:type\" content=\"image\/webp\" \/>\n<meta name=\"twitter:card\" content=\"summary_large_image\" \/>\n<meta name=\"twitter:label1\" content=\"Ber\u00e4knad l\u00e4stid\" \/>\n\t<meta name=\"twitter:data1\" content=\"1 minut\" \/>\n<!-- \/ Yoast SEO plugin. -->","yoast_head_json":{"title":"TRUUSK Justerbart St\u00e5bord - Rullbart Med Tangentbordsfack - Hjul - St\u00e5lram - Vit - TRUUSK - Hem, Tr\u00e4dg\u00e5rd &amp; Fritid","robots":{"index":"index","follow":"follow","max-snippet":"max-snippet:-1","max-image-preview":"max-image-preview:large","max-video-preview":"max-video-preview:-1"},"canonical":"https:\/\/truusk.store\/sv\/produkt\/truusk-justerbart-stabord-rullbart-med-tangentbordsfack-hjul-stalram-vit\/","og_locale":"sv_SE","og_type":"article","og_title":"TRUUSK Justerbart St\u00e5bord - Rullbart Med Tangentbordsfack - Hjul - St\u00e5lram - Vit - TRUUSK - Hem, Tr\u00e4dg\u00e5rd &amp; Fritid","og_description":"Har du tr\u00f6ttnat p\u00e5 att k\u00e4nna dig inst\u00e4ngd och sp\u00e4nd vid ditt skrivbord? [BRAND NAME] skrivbord ger nytt liv till...","og_url":"https:\/\/truusk.store\/sv\/produkt\/truusk-justerbart-stabord-rullbart-med-tangentbordsfack-hjul-stalram-vit\/","og_site_name":"TRUUSK - Hem, Tr\u00e4dg\u00e5rd &amp; Fritid","article_modified_time":"2026-03-12T07:52:45+00:00","og_image":[{"width":2000,"height":2000,"url":"https:\/\/i0.wp.com\/truusk.se\/wp-content\/uploads\/2026\/02\/hojdstallbart-staskrivbord-rullbart-sitt-sta-skrivbord-med-tangentbordsfack-hjul-och-stalram-vit-1.webp?fit=2000%2C2000&ssl=1","type":"image\/webp"}],"twitter_card":"summary_large_image","twitter_misc":{"Ber\u00e4knad l\u00e4stid":"1 minut"},"schema":{"@context":"https:\/\/schema.org","@graph":[{"@type":"WebPage","@id":"https:\/\/truusk.store\/sv\/produkt\/truusk-justerbart-stabord-rullbart-med-tangentbordsfack-hjul-stalram-vit\/","url":"https:\/\/truusk.store\/sv\/produkt\/truusk-justerbart-stabord-rullbart-med-tangentbordsfack-hjul-stalram-vit\/","name":"TRUUSK Justerbart St\u00e5bord - Rullbart Med Tangentbordsfack - Hjul - St\u00e5lram - Vit - TRUUSK - Hem, Tr\u00e4dg\u00e5rd &amp; Fritid","isPartOf":{"@id":"https:\/\/truusk.store\/sv\/#website"},"primaryImageOfPage":{"@id":"https:\/\/truusk.store\/sv\/produkt\/truusk-justerbart-stabord-rullbart-med-tangentbordsfack-hjul-stalram-vit\/#primaryimage"},"image":{"@id":"https:\/\/truusk.store\/sv\/produkt\/truusk-justerbart-stabord-rullbart-med-tangentbordsfack-hjul-stalram-vit\/#primaryimage"},"thumbnailUrl":"https:\/\/i0.wp.com\/truusk.store\/wp-content\/uploads\/2026\/02\/hojdstallbart-staskrivbord-rullbart-sitt-sta-skrivbord-med-tangentbordsfack-hjul-och-stalram-vit-1.webp?fit=2000%2C2000&ssl=1","datePublished":"2026-02-09T05:05:29+00:00","dateModified":"2026-03-12T07:52:45+00:00","breadcrumb":{"@id":"https:\/\/truusk.store\/sv\/produkt\/truusk-justerbart-stabord-rullbart-med-tangentbordsfack-hjul-stalram-vit\/#breadcrumb"},"inLanguage":"sv-SE","potentialAction":[{"@type":"ReadAction","target":["https:\/\/truusk.store\/sv\/produkt\/truusk-justerbart-stabord-rullbart-med-tangentbordsfack-hjul-stalram-vit\/"]}]},{"@type":"ImageObject","inLanguage":"sv-SE","@id":"https:\/\/truusk.store\/sv\/produkt\/truusk-justerbart-stabord-rullbart-med-tangentbordsfack-hjul-stalram-vit\/#primaryimage","url":"https:\/\/i0.wp.com\/truusk.store\/wp-content\/uploads\/2026\/02\/hojdstallbart-staskrivbord-rullbart-sitt-sta-skrivbord-med-tangentbordsfack-hjul-och-stalram-vit-1.webp?fit=2000%2C2000&ssl=1","contentUrl":"https:\/\/i0.wp.com\/truusk.store\/wp-content\/uploads\/2026\/02\/hojdstallbart-staskrivbord-rullbart-sitt-sta-skrivbord-med-tangentbordsfack-hjul-och-stalram-vit-1.webp?fit=2000%2C2000&ssl=1","width":2000,"height":2000},{"@type":"BreadcrumbList","@id":"https:\/\/truusk.store\/sv\/produkt\/truusk-justerbart-stabord-rullbart-med-tangentbordsfack-hjul-stalram-vit\/#breadcrumb","itemListElement":[{"@type":"ListItem","position":1,"name":"Home","item":"https:\/\/truusk.store\/sv\/"},{"@type":"ListItem","position":2,"name":"Shop","item":"https:\/\/truusk.store\/shop\/"},{"@type":"ListItem","position":3,"name":"TRUUSK Justerbart St\u00e5bord &#8211; Rullbart Med Tangentbordsfack &#8211; Hjul &#8211; St\u00e5lram &#8211; Vit"}]},{"@type":"WebSite","@id":"https:\/\/truusk.store\/sv\/#website","url":"https:\/\/truusk.store\/sv\/","name":"TRUUSK - Hem, Tr\u00e4dg\u00e5rd & Fritid","description":"","publisher":{"@id":"https:\/\/truusk.store\/sv\/#organization"},"potentialAction":[{"@type":"SearchAction","target":{"@type":"EntryPoint","urlTemplate":"https:\/\/truusk.store\/sv\/?s={search_term_string}"},"query-input":{"@type":"PropertyValueSpecification","valueRequired":true,"valueName":"search_term_string"}}],"inLanguage":"sv-SE"},{"@type":"Organization","@id":"https:\/\/truusk.store\/sv\/#organization","name":"TRUUSK - Hem, Tr\u00e4dg\u00e5rd & Fritid","url":"https:\/\/truusk.store\/sv\/","logo":{"@type":"ImageObject","inLanguage":"sv-SE","@id":"https:\/\/truusk.store\/sv\/#\/schema\/logo\/image\/","url":"https:\/\/i0.wp.com\/truusk.store\/wp-content\/uploads\/2026\/03\/cropped-TRUUSK.png?fit=2032%2C917&ssl=1","contentUrl":"https:\/\/i0.wp.com\/truusk.store\/wp-content\/uploads\/2026\/03\/cropped-TRUUSK.png?fit=2032%2C917&ssl=1","width":2032,"height":917,"caption":"TRUUSK - Hem, Tr\u00e4dg\u00e5rd & Fritid"},"image":{"@id":"https:\/\/truusk.store\/sv\/#\/schema\/logo\/image\/"}}]}},"jetpack_sharing_enabled":true,"_links":{"self":[{"href":"https:\/\/truusk.store\/sv\/wp-json\/wp\/v2\/product\/104365","targetHints":{"allow":["GET"]}}],"collection":[{"href":"https:\/\/truusk.store\/sv\/wp-json\/wp\/v2\/product"}],"about":[{"href":"https:\/\/truusk.store\/sv\/wp-json\/wp\/v2\/types\/product"}],"wp:featuredmedia":[{"embeddable":true,"href":"https:\/\/truusk.store\/sv\/wp-json\/wp\/v2\/media\/104356"}],"wp:attachment":[{"href":"https:\/\/truusk.store\/sv\/wp-json\/wp\/v2\/media?parent=104365"}],"wp:term":[{"taxonomy":"product_brand","embeddable":true,"href":"https:\/\/truusk.store\/sv\/wp-json\/wp\/v2\/product_brand?post=104365"},{"taxonomy":"product_cat","embeddable":true,"href":"https:\/\/truusk.store\/sv\/wp-json\/wp\/v2\/product_cat?post=104365"},{"taxonomy":"product_tag","embeddable":true,"href":"https:\/\/truusk.store\/sv\/wp-json\/wp\/v2\/product_tag?post=104365"}],"curies":[{"name":"wp","href":"https:\/\/api.w.org\/{rel}","templated":true}]}}