{"id":104375,"date":"2026-02-09T06:06:37","date_gmt":"2026-02-09T05:06:37","guid":{"rendered":"https:\/\/truusk.store\/product\/hogbadd-med-klatterstallning-metall-planteringslada-med-handskar-tradgardslada-160-x-90-x-180-cm-morkgra\/"},"modified":"2026-03-12T08:52:46","modified_gmt":"2026-03-12T07:52:46","slug":"truusk-hogbadd-med-klatterstallning-metall-planteringslada-med-handskar-tradgardslada-160-x-90-x-180-cm-morkgra","status":"publish","type":"product","link":"https:\/\/truusk.store\/sv\/produkt\/truusk-hogbadd-med-klatterstallning-metall-planteringslada-med-handskar-tradgardslada-160-x-90-x-180-cm-morkgra\/","title":{"rendered":"TRUUSK H\u00f6gb\u00e4dd Med Kl\u00e4tterst\u00e4llning &#8211; Metall Planteringsl\u00e5da Med Handskar &#8211; Tr\u00e4dg\u00e5rdsl\u00e5da 160 X 90 X 180 Cm &#8211; M\u00f6rkgr\u00e5"},"content":{"rendered":"<p>Ge din tr\u00e4dg\u00e5rd utrymme med denna h\u00f6gkvarter med kl\u00e4tterst\u00e4llning fr\u00e5n [BRAND NAME]. En kl\u00e4tterst\u00e4llning m\u00f6jligg\u00f6r vertikal tillv\u00e4xt och sparar utrymme. Galvaniserat metall st\u00e5r emot v\u00e4der, modul\u00e4ra paneler anpassar b\u00e4dden. \u00d6ppen botten design f\u00f6rb\u00e4ttrar dr\u00e4nering och f\u00f6rhindrar rotr\u00f6ta, f\u00f6r blomstrande v\u00e4xter s\u00e4song efter s\u00e4song.<\/p>\n<p>Beskrivning:<\/p>\n<ul>\n<li> Rymlig planteringsk\u00e4rl med kl\u00e4tterst\u00e4llning erbjuder djupt planteringsutrymme f\u00f6r gr\u00f6nsaker, \u00f6rter och blommor<\/li>\n<li> B\u00e5gformad st\u00e4llning ger p\u00e5litligt st\u00f6d f\u00f6r kl\u00e4tterv\u00e4xter<\/li>\n<li> Solid, galvaniserat metall motst\u00e5r rost och v\u00e4der f\u00f6r l\u00e5ngvarig anv\u00e4ndning<\/li>\n<li> Modul\u00e4r design m\u00f6jligg\u00f6r flexibel rund eller oval montering<\/li>\n<li> Sl\u00e4t \u00f6vre kant f\u00f6rb\u00e4ttrar s\u00e4kerheten under montering<\/li>\n<li> \u00d6ppen botten design ger b\u00e4ttre dr\u00e4nering och f\u00f6rhindrar rotr\u00f6ta<\/li>\n<\/ul>\n<p> Tekniska specifikationer:<\/p>\n<ul>\n<li> F\u00e4rg: M\u00f6rkgr\u00e5<\/li>\n<li> Material: Galvaniserat metall, st\u00e5l<\/li>\n<li> Storlek p\u00e5 h\u00f6gkvarter: 160L x 90B x 180H cm<\/li>\n<li> Storlek p\u00e5 planteringsomr\u00e5de: 159L x 89B x 30H cm<\/li>\n<li> Storlek p\u00e5 kl\u00e4tterst\u00e4llning: 86L x 75B x 150H cm<\/li>\n<\/ul>\n<p>Leveransinneh\u00e5ll:<\/p>\n<ul>\n<li> 1 x h\u00f6gkvarter med kl\u00e4tterb\u00e5ge<\/li>\n<li> 1 par handskar<\/li>\n<li> 1 x instruktioner<\/li>\n<\/ul>\n","protected":false},"excerpt":{"rendered":"<p>Ge din tr\u00e4dg\u00e5rd utrymme med denna h\u00f6gkvarter med kl\u00e4tterst\u00e4llning fr\u00e5n [BRAND NAME]. En kl\u00e4tterst\u00e4llning m\u00f6jligg\u00f6r vertikal tillv\u00e4xt och sparar utrymme&#8230;.<\/p>\n","protected":false},"featured_media":104366,"template":"","meta":[],"product_brand":[],"product_cat":[924,858,443],"product_tag":[],"class_list":{"0":"post-104375","1":"product","2":"type-product","3":"status-publish","4":"has-post-thumbnail","6":"product_cat-plantkarl","7":"product_cat-tradgard-terrass","8":"product_cat-vaxthus-tradgardsskotsel","10":"first","11":"instock","12":"sale","13":"taxable","14":"shipping-taxable","15":"purchasable","16":"product-type-simple"},"yoast_head":"<!-- This site is optimized with the Yoast SEO plugin v25.4 - https:\/\/yoast.com\/wordpress\/plugins\/seo\/ -->\n<title>TRUUSK H\u00f6gb\u00e4dd Med Kl\u00e4tterst\u00e4llning - Metall Planteringsl\u00e5da Med Handskar - Tr\u00e4dg\u00e5rdsl\u00e5da 160 X 90 X 180 Cm - M\u00f6rkgr\u00e5 - TRUUSK - Hem, Tr\u00e4dg\u00e5rd &amp; Fritid<\/title>\n<meta name=\"robots\" content=\"index, follow, max-snippet:-1, max-image-preview:large, max-video-preview:-1\" \/>\n<link rel=\"canonical\" href=\"https:\/\/truusk.store\/sv\/produkt\/truusk-hogbadd-med-klatterstallning-metall-planteringslada-med-handskar-tradgardslada-160-x-90-x-180-cm-morkgra\/\" \/>\n<meta property=\"og:locale\" content=\"sv_SE\" \/>\n<meta property=\"og:type\" content=\"article\" \/>\n<meta property=\"og:title\" content=\"TRUUSK H\u00f6gb\u00e4dd Med Kl\u00e4tterst\u00e4llning - Metall Planteringsl\u00e5da Med Handskar - Tr\u00e4dg\u00e5rdsl\u00e5da 160 X 90 X 180 Cm - M\u00f6rkgr\u00e5 - TRUUSK - Hem, Tr\u00e4dg\u00e5rd &amp; Fritid\" \/>\n<meta property=\"og:description\" content=\"Ge din tr\u00e4dg\u00e5rd utrymme med denna h\u00f6gkvarter med kl\u00e4tterst\u00e4llning fr\u00e5n [BRAND NAME]. En kl\u00e4tterst\u00e4llning m\u00f6jligg\u00f6r vertikal tillv\u00e4xt och sparar utrymme....\" \/>\n<meta property=\"og:url\" content=\"https:\/\/truusk.store\/sv\/produkt\/truusk-hogbadd-med-klatterstallning-metall-planteringslada-med-handskar-tradgardslada-160-x-90-x-180-cm-morkgra\/\" \/>\n<meta property=\"og:site_name\" content=\"TRUUSK - Hem, Tr\u00e4dg\u00e5rd &amp; Fritid\" \/>\n<meta property=\"article:modified_time\" content=\"2026-03-12T07:52:46+00:00\" \/>\n<meta property=\"og:image\" content=\"https:\/\/i0.wp.com\/truusk.se\/wp-content\/uploads\/2026\/02\/hogbadd-med-klatterstallning-metall-planteringslada-med-handskar-tradgardslada-160-x-90-x-180-cm-morkgra-1.webp?fit=2000%2C2000&ssl=1\" \/>\n\t<meta property=\"og:image:width\" content=\"2000\" \/>\n\t<meta property=\"og:image:height\" content=\"2000\" \/>\n\t<meta property=\"og:image:type\" content=\"image\/webp\" \/>\n<meta name=\"twitter:card\" content=\"summary_large_image\" \/>\n<meta name=\"twitter:label1\" content=\"Ber\u00e4knad l\u00e4stid\" \/>\n\t<meta name=\"twitter:data1\" content=\"1 minut\" \/>\n<!-- \/ Yoast SEO plugin. -->","yoast_head_json":{"title":"TRUUSK H\u00f6gb\u00e4dd Med Kl\u00e4tterst\u00e4llning - Metall Planteringsl\u00e5da Med Handskar - Tr\u00e4dg\u00e5rdsl\u00e5da 160 X 90 X 180 Cm - M\u00f6rkgr\u00e5 - TRUUSK - Hem, Tr\u00e4dg\u00e5rd &amp; Fritid","robots":{"index":"index","follow":"follow","max-snippet":"max-snippet:-1","max-image-preview":"max-image-preview:large","max-video-preview":"max-video-preview:-1"},"canonical":"https:\/\/truusk.store\/sv\/produkt\/truusk-hogbadd-med-klatterstallning-metall-planteringslada-med-handskar-tradgardslada-160-x-90-x-180-cm-morkgra\/","og_locale":"sv_SE","og_type":"article","og_title":"TRUUSK H\u00f6gb\u00e4dd Med Kl\u00e4tterst\u00e4llning - Metall Planteringsl\u00e5da Med Handskar - Tr\u00e4dg\u00e5rdsl\u00e5da 160 X 90 X 180 Cm - M\u00f6rkgr\u00e5 - TRUUSK - Hem, Tr\u00e4dg\u00e5rd &amp; Fritid","og_description":"Ge din tr\u00e4dg\u00e5rd utrymme med denna h\u00f6gkvarter med kl\u00e4tterst\u00e4llning fr\u00e5n [BRAND NAME]. En kl\u00e4tterst\u00e4llning m\u00f6jligg\u00f6r vertikal tillv\u00e4xt och sparar utrymme....","og_url":"https:\/\/truusk.store\/sv\/produkt\/truusk-hogbadd-med-klatterstallning-metall-planteringslada-med-handskar-tradgardslada-160-x-90-x-180-cm-morkgra\/","og_site_name":"TRUUSK - Hem, Tr\u00e4dg\u00e5rd &amp; Fritid","article_modified_time":"2026-03-12T07:52:46+00:00","og_image":[{"width":2000,"height":2000,"url":"https:\/\/i0.wp.com\/truusk.se\/wp-content\/uploads\/2026\/02\/hogbadd-med-klatterstallning-metall-planteringslada-med-handskar-tradgardslada-160-x-90-x-180-cm-morkgra-1.webp?fit=2000%2C2000&ssl=1","type":"image\/webp"}],"twitter_card":"summary_large_image","twitter_misc":{"Ber\u00e4knad l\u00e4stid":"1 minut"},"schema":{"@context":"https:\/\/schema.org","@graph":[{"@type":"WebPage","@id":"https:\/\/truusk.store\/sv\/produkt\/truusk-hogbadd-med-klatterstallning-metall-planteringslada-med-handskar-tradgardslada-160-x-90-x-180-cm-morkgra\/","url":"https:\/\/truusk.store\/sv\/produkt\/truusk-hogbadd-med-klatterstallning-metall-planteringslada-med-handskar-tradgardslada-160-x-90-x-180-cm-morkgra\/","name":"TRUUSK H\u00f6gb\u00e4dd Med Kl\u00e4tterst\u00e4llning - Metall Planteringsl\u00e5da Med Handskar - Tr\u00e4dg\u00e5rdsl\u00e5da 160 X 90 X 180 Cm - M\u00f6rkgr\u00e5 - TRUUSK - Hem, Tr\u00e4dg\u00e5rd &amp; Fritid","isPartOf":{"@id":"https:\/\/truusk.store\/sv\/#website"},"primaryImageOfPage":{"@id":"https:\/\/truusk.store\/sv\/produkt\/truusk-hogbadd-med-klatterstallning-metall-planteringslada-med-handskar-tradgardslada-160-x-90-x-180-cm-morkgra\/#primaryimage"},"image":{"@id":"https:\/\/truusk.store\/sv\/produkt\/truusk-hogbadd-med-klatterstallning-metall-planteringslada-med-handskar-tradgardslada-160-x-90-x-180-cm-morkgra\/#primaryimage"},"thumbnailUrl":"https:\/\/i0.wp.com\/truusk.store\/wp-content\/uploads\/2026\/02\/hogbadd-med-klatterstallning-metall-planteringslada-med-handskar-tradgardslada-160-x-90-x-180-cm-morkgra-1.webp?fit=2000%2C2000&ssl=1","datePublished":"2026-02-09T05:06:37+00:00","dateModified":"2026-03-12T07:52:46+00:00","breadcrumb":{"@id":"https:\/\/truusk.store\/sv\/produkt\/truusk-hogbadd-med-klatterstallning-metall-planteringslada-med-handskar-tradgardslada-160-x-90-x-180-cm-morkgra\/#breadcrumb"},"inLanguage":"sv-SE","potentialAction":[{"@type":"ReadAction","target":["https:\/\/truusk.store\/sv\/produkt\/truusk-hogbadd-med-klatterstallning-metall-planteringslada-med-handskar-tradgardslada-160-x-90-x-180-cm-morkgra\/"]}]},{"@type":"ImageObject","inLanguage":"sv-SE","@id":"https:\/\/truusk.store\/sv\/produkt\/truusk-hogbadd-med-klatterstallning-metall-planteringslada-med-handskar-tradgardslada-160-x-90-x-180-cm-morkgra\/#primaryimage","url":"https:\/\/i0.wp.com\/truusk.store\/wp-content\/uploads\/2026\/02\/hogbadd-med-klatterstallning-metall-planteringslada-med-handskar-tradgardslada-160-x-90-x-180-cm-morkgra-1.webp?fit=2000%2C2000&ssl=1","contentUrl":"https:\/\/i0.wp.com\/truusk.store\/wp-content\/uploads\/2026\/02\/hogbadd-med-klatterstallning-metall-planteringslada-med-handskar-tradgardslada-160-x-90-x-180-cm-morkgra-1.webp?fit=2000%2C2000&ssl=1","width":2000,"height":2000},{"@type":"BreadcrumbList","@id":"https:\/\/truusk.store\/sv\/produkt\/truusk-hogbadd-med-klatterstallning-metall-planteringslada-med-handskar-tradgardslada-160-x-90-x-180-cm-morkgra\/#breadcrumb","itemListElement":[{"@type":"ListItem","position":1,"name":"Home","item":"https:\/\/truusk.store\/sv\/"},{"@type":"ListItem","position":2,"name":"Shop","item":"https:\/\/truusk.store\/shop\/"},{"@type":"ListItem","position":3,"name":"TRUUSK H\u00f6gb\u00e4dd Med Kl\u00e4tterst\u00e4llning &#8211; Metall Planteringsl\u00e5da Med Handskar &#8211; Tr\u00e4dg\u00e5rdsl\u00e5da 160 X 90 X 180 Cm &#8211; M\u00f6rkgr\u00e5"}]},{"@type":"WebSite","@id":"https:\/\/truusk.store\/sv\/#website","url":"https:\/\/truusk.store\/sv\/","name":"TRUUSK - Hem, Tr\u00e4dg\u00e5rd & Fritid","description":"","publisher":{"@id":"https:\/\/truusk.store\/sv\/#organization"},"potentialAction":[{"@type":"SearchAction","target":{"@type":"EntryPoint","urlTemplate":"https:\/\/truusk.store\/sv\/?s={search_term_string}"},"query-input":{"@type":"PropertyValueSpecification","valueRequired":true,"valueName":"search_term_string"}}],"inLanguage":"sv-SE"},{"@type":"Organization","@id":"https:\/\/truusk.store\/sv\/#organization","name":"TRUUSK - Hem, Tr\u00e4dg\u00e5rd & Fritid","url":"https:\/\/truusk.store\/sv\/","logo":{"@type":"ImageObject","inLanguage":"sv-SE","@id":"https:\/\/truusk.store\/sv\/#\/schema\/logo\/image\/","url":"https:\/\/i0.wp.com\/truusk.store\/wp-content\/uploads\/2026\/03\/cropped-TRUUSK.png?fit=2032%2C917&ssl=1","contentUrl":"https:\/\/i0.wp.com\/truusk.store\/wp-content\/uploads\/2026\/03\/cropped-TRUUSK.png?fit=2032%2C917&ssl=1","width":2032,"height":917,"caption":"TRUUSK - Hem, Tr\u00e4dg\u00e5rd & Fritid"},"image":{"@id":"https:\/\/truusk.store\/sv\/#\/schema\/logo\/image\/"}}]}},"jetpack_sharing_enabled":true,"_links":{"self":[{"href":"https:\/\/truusk.store\/sv\/wp-json\/wp\/v2\/product\/104375","targetHints":{"allow":["GET"]}}],"collection":[{"href":"https:\/\/truusk.store\/sv\/wp-json\/wp\/v2\/product"}],"about":[{"href":"https:\/\/truusk.store\/sv\/wp-json\/wp\/v2\/types\/product"}],"wp:featuredmedia":[{"embeddable":true,"href":"https:\/\/truusk.store\/sv\/wp-json\/wp\/v2\/media\/104366"}],"wp:attachment":[{"href":"https:\/\/truusk.store\/sv\/wp-json\/wp\/v2\/media?parent=104375"}],"wp:term":[{"taxonomy":"product_brand","embeddable":true,"href":"https:\/\/truusk.store\/sv\/wp-json\/wp\/v2\/product_brand?post=104375"},{"taxonomy":"product_cat","embeddable":true,"href":"https:\/\/truusk.store\/sv\/wp-json\/wp\/v2\/product_cat?post=104375"},{"taxonomy":"product_tag","embeddable":true,"href":"https:\/\/truusk.store\/sv\/wp-json\/wp\/v2\/product_tag?post=104375"}],"curies":[{"name":"wp","href":"https:\/\/api.w.org\/{rel}","templated":true}]}}