{"id":104385,"date":"2026-02-09T06:07:30","date_gmt":"2026-02-09T05:07:30","guid":{"rendered":"https:\/\/truusk.store\/product\/hojdstallbart-skrivbord-rullande-skrivbord-med-lutande-bordsskiva-sakerhetsstopp-hjul-vit\/"},"modified":"2026-03-12T08:52:47","modified_gmt":"2026-03-12T07:52:47","slug":"truusk-justerbart-rullbord-med-lutande-skiva-sakerhetsstopp-hjul-vit","status":"publish","type":"product","link":"https:\/\/truusk.store\/sv\/produkt\/truusk-justerbart-rullbord-med-lutande-skiva-sakerhetsstopp-hjul-vit\/","title":{"rendered":"TRUUSK Justerbart Rullbord med Lutande Skiva &#8211; S\u00e4kerhetsstopp &#8211; Hjul &#8211; Vit"},"content":{"rendered":"<p>K\u00e4nner du dig f\u00e5ngad av ett statiskt skrivbord? [BRAND NAME] h\u00f6j- och s\u00e4nkbara laptopbord ger ny energi till din dag. Tack vare pneumatisk lyft kan du enkelt v\u00e4xla mellan att sitta och st\u00e5. Med hjul f\u00f6r mobilitet, erbjuder det en lutande bordsskiva f\u00f6r l\u00e4sstativ- eller stafflifunktion. H\u00f6jden kan justeras f\u00f6r att passa dina behov och fr\u00e4mjar frihet och kreativitet.<\/p>\n<p>Beskrivning:<\/p>\n<ul>\n<li> Justerar omedelbart fr\u00e5n 75-114 cm med en pneumatisk lyft f\u00f6r h\u00e4lsosamt arbete<\/li>\n<li> Lutande bordsskiva p\u00e5 laptopbordet upp till 90\u00b0 skapar ett m\u00e5ngsidigt utrymme f\u00f6r kreativa uppgifter<\/li>\n<li> Skrivbordets s\u00e4kerhetsstopp s\u00e4krar den lutande bordsskivan och f\u00f6rhindrar oavsiktligt glidning<\/li>\n<li> 360\u00b0-hjul p\u00e5 st\u00e5bordet med bromsar erbjuder b\u00e5de enkel mobilitet och stabil l\u00e5sning<\/li>\n<li> Den kompakta bredden p\u00e5 datorbordet p\u00e5 60,5 cm passar perfekt i mindre bostadsutrymmen<\/li>\n<li> Tillverkad med en robust st\u00e5lram som garanterar h\u00e5llbarhet och enkelt b\u00e4r upp till 25 kg<\/li>\n<li> Montering kr\u00e4vs<\/li>\n<\/ul>\n<p> Tekniska data:<\/p>\n<ul>\n<li> F\u00e4rg: Vit<\/li>\n<li> Material: MDF, St\u00e5l<\/li>\n<li> Totala dimensioner: 60,5B x 52D x 75-114H cm<\/li>\n<li> Storlek p\u00e5 bordsskiva: 60B x 52D cm<\/li>\n<li> Maximal belastning: 25 kg<\/li>\n<\/ul>\n<p>Leveransinneh\u00e5ll:<\/p>\n<ul>\n<li> 1 x St\u00e5skrivbord<\/li>\n<li> 1 x Instruktioner<\/li>\n<\/ul>\n","protected":false},"excerpt":{"rendered":"<p>K\u00e4nner du dig f\u00e5ngad av ett statiskt skrivbord? [BRAND NAME] h\u00f6j- och s\u00e4nkbara laptopbord ger ny energi till din dag&#8230;.<\/p>\n","protected":false},"featured_media":104376,"template":"","meta":[],"product_brand":[],"product_cat":[872,871,502],"product_tag":[],"class_list":{"0":"post-104385","1":"product","2":"type-product","3":"status-publish","4":"has-post-thumbnail","6":"product_cat-hemmakontor-arbetsplats","7":"product_cat-hus-hem","8":"product_cat-skrivbord","10":"first","11":"instock","12":"sale","13":"taxable","14":"shipping-taxable","15":"purchasable","16":"product-type-simple"},"yoast_head":"<!-- This site is optimized with the Yoast SEO plugin v25.4 - https:\/\/yoast.com\/wordpress\/plugins\/seo\/ -->\n<title>TRUUSK Justerbart Rullbord med Lutande Skiva - S\u00e4kerhetsstopp - Hjul - Vit - TRUUSK - Hem, Tr\u00e4dg\u00e5rd &amp; Fritid<\/title>\n<meta name=\"robots\" content=\"index, follow, max-snippet:-1, max-image-preview:large, max-video-preview:-1\" \/>\n<link rel=\"canonical\" href=\"https:\/\/truusk.store\/sv\/produkt\/truusk-justerbart-rullbord-med-lutande-skiva-sakerhetsstopp-hjul-vit\/\" \/>\n<meta property=\"og:locale\" content=\"sv_SE\" \/>\n<meta property=\"og:type\" content=\"article\" \/>\n<meta property=\"og:title\" content=\"TRUUSK Justerbart Rullbord med Lutande Skiva - S\u00e4kerhetsstopp - Hjul - Vit - TRUUSK - Hem, Tr\u00e4dg\u00e5rd &amp; Fritid\" \/>\n<meta property=\"og:description\" content=\"K\u00e4nner du dig f\u00e5ngad av ett statiskt skrivbord? [BRAND NAME] h\u00f6j- och s\u00e4nkbara laptopbord ger ny energi till din dag....\" \/>\n<meta property=\"og:url\" content=\"https:\/\/truusk.store\/sv\/produkt\/truusk-justerbart-rullbord-med-lutande-skiva-sakerhetsstopp-hjul-vit\/\" \/>\n<meta property=\"og:site_name\" content=\"TRUUSK - Hem, Tr\u00e4dg\u00e5rd &amp; Fritid\" \/>\n<meta property=\"article:modified_time\" content=\"2026-03-12T07:52:47+00:00\" \/>\n<meta property=\"og:image\" content=\"https:\/\/i0.wp.com\/truusk.se\/wp-content\/uploads\/2026\/02\/hojdstallbart-skrivbord-rullande-skrivbord-med-lutande-bordsskiva-sakerhetsstopp-hjul-vit-1.webp?fit=2000%2C2000&ssl=1\" \/>\n\t<meta property=\"og:image:width\" content=\"2000\" \/>\n\t<meta property=\"og:image:height\" content=\"2000\" \/>\n\t<meta property=\"og:image:type\" content=\"image\/webp\" \/>\n<meta name=\"twitter:card\" content=\"summary_large_image\" \/>\n<meta name=\"twitter:label1\" content=\"Ber\u00e4knad l\u00e4stid\" \/>\n\t<meta name=\"twitter:data1\" content=\"1 minut\" \/>\n<!-- \/ Yoast SEO plugin. -->","yoast_head_json":{"title":"TRUUSK Justerbart Rullbord med Lutande Skiva - S\u00e4kerhetsstopp - Hjul - Vit - TRUUSK - Hem, Tr\u00e4dg\u00e5rd &amp; Fritid","robots":{"index":"index","follow":"follow","max-snippet":"max-snippet:-1","max-image-preview":"max-image-preview:large","max-video-preview":"max-video-preview:-1"},"canonical":"https:\/\/truusk.store\/sv\/produkt\/truusk-justerbart-rullbord-med-lutande-skiva-sakerhetsstopp-hjul-vit\/","og_locale":"sv_SE","og_type":"article","og_title":"TRUUSK Justerbart Rullbord med Lutande Skiva - S\u00e4kerhetsstopp - Hjul - Vit - TRUUSK - Hem, Tr\u00e4dg\u00e5rd &amp; Fritid","og_description":"K\u00e4nner du dig f\u00e5ngad av ett statiskt skrivbord? [BRAND NAME] h\u00f6j- och s\u00e4nkbara laptopbord ger ny energi till din dag....","og_url":"https:\/\/truusk.store\/sv\/produkt\/truusk-justerbart-rullbord-med-lutande-skiva-sakerhetsstopp-hjul-vit\/","og_site_name":"TRUUSK - Hem, Tr\u00e4dg\u00e5rd &amp; Fritid","article_modified_time":"2026-03-12T07:52:47+00:00","og_image":[{"width":2000,"height":2000,"url":"https:\/\/i0.wp.com\/truusk.se\/wp-content\/uploads\/2026\/02\/hojdstallbart-skrivbord-rullande-skrivbord-med-lutande-bordsskiva-sakerhetsstopp-hjul-vit-1.webp?fit=2000%2C2000&ssl=1","type":"image\/webp"}],"twitter_card":"summary_large_image","twitter_misc":{"Ber\u00e4knad l\u00e4stid":"1 minut"},"schema":{"@context":"https:\/\/schema.org","@graph":[{"@type":"WebPage","@id":"https:\/\/truusk.store\/sv\/produkt\/truusk-justerbart-rullbord-med-lutande-skiva-sakerhetsstopp-hjul-vit\/","url":"https:\/\/truusk.store\/sv\/produkt\/truusk-justerbart-rullbord-med-lutande-skiva-sakerhetsstopp-hjul-vit\/","name":"TRUUSK Justerbart Rullbord med Lutande Skiva - S\u00e4kerhetsstopp - Hjul - Vit - TRUUSK - Hem, Tr\u00e4dg\u00e5rd &amp; Fritid","isPartOf":{"@id":"https:\/\/truusk.store\/sv\/#website"},"primaryImageOfPage":{"@id":"https:\/\/truusk.store\/sv\/produkt\/truusk-justerbart-rullbord-med-lutande-skiva-sakerhetsstopp-hjul-vit\/#primaryimage"},"image":{"@id":"https:\/\/truusk.store\/sv\/produkt\/truusk-justerbart-rullbord-med-lutande-skiva-sakerhetsstopp-hjul-vit\/#primaryimage"},"thumbnailUrl":"https:\/\/i0.wp.com\/truusk.store\/wp-content\/uploads\/2026\/02\/hojdstallbart-skrivbord-rullande-skrivbord-med-lutande-bordsskiva-sakerhetsstopp-hjul-vit-1.webp?fit=2000%2C2000&ssl=1","datePublished":"2026-02-09T05:07:30+00:00","dateModified":"2026-03-12T07:52:47+00:00","breadcrumb":{"@id":"https:\/\/truusk.store\/sv\/produkt\/truusk-justerbart-rullbord-med-lutande-skiva-sakerhetsstopp-hjul-vit\/#breadcrumb"},"inLanguage":"sv-SE","potentialAction":[{"@type":"ReadAction","target":["https:\/\/truusk.store\/sv\/produkt\/truusk-justerbart-rullbord-med-lutande-skiva-sakerhetsstopp-hjul-vit\/"]}]},{"@type":"ImageObject","inLanguage":"sv-SE","@id":"https:\/\/truusk.store\/sv\/produkt\/truusk-justerbart-rullbord-med-lutande-skiva-sakerhetsstopp-hjul-vit\/#primaryimage","url":"https:\/\/i0.wp.com\/truusk.store\/wp-content\/uploads\/2026\/02\/hojdstallbart-skrivbord-rullande-skrivbord-med-lutande-bordsskiva-sakerhetsstopp-hjul-vit-1.webp?fit=2000%2C2000&ssl=1","contentUrl":"https:\/\/i0.wp.com\/truusk.store\/wp-content\/uploads\/2026\/02\/hojdstallbart-skrivbord-rullande-skrivbord-med-lutande-bordsskiva-sakerhetsstopp-hjul-vit-1.webp?fit=2000%2C2000&ssl=1","width":2000,"height":2000},{"@type":"BreadcrumbList","@id":"https:\/\/truusk.store\/sv\/produkt\/truusk-justerbart-rullbord-med-lutande-skiva-sakerhetsstopp-hjul-vit\/#breadcrumb","itemListElement":[{"@type":"ListItem","position":1,"name":"Home","item":"https:\/\/truusk.store\/sv\/"},{"@type":"ListItem","position":2,"name":"Shop","item":"https:\/\/truusk.store\/shop\/"},{"@type":"ListItem","position":3,"name":"TRUUSK Justerbart Rullbord med Lutande Skiva &#8211; S\u00e4kerhetsstopp &#8211; Hjul &#8211; Vit"}]},{"@type":"WebSite","@id":"https:\/\/truusk.store\/sv\/#website","url":"https:\/\/truusk.store\/sv\/","name":"TRUUSK - Hem, Tr\u00e4dg\u00e5rd & Fritid","description":"","publisher":{"@id":"https:\/\/truusk.store\/sv\/#organization"},"potentialAction":[{"@type":"SearchAction","target":{"@type":"EntryPoint","urlTemplate":"https:\/\/truusk.store\/sv\/?s={search_term_string}"},"query-input":{"@type":"PropertyValueSpecification","valueRequired":true,"valueName":"search_term_string"}}],"inLanguage":"sv-SE"},{"@type":"Organization","@id":"https:\/\/truusk.store\/sv\/#organization","name":"TRUUSK - Hem, Tr\u00e4dg\u00e5rd & Fritid","url":"https:\/\/truusk.store\/sv\/","logo":{"@type":"ImageObject","inLanguage":"sv-SE","@id":"https:\/\/truusk.store\/sv\/#\/schema\/logo\/image\/","url":"https:\/\/i0.wp.com\/truusk.store\/wp-content\/uploads\/2026\/03\/cropped-TRUUSK.png?fit=2032%2C917&ssl=1","contentUrl":"https:\/\/i0.wp.com\/truusk.store\/wp-content\/uploads\/2026\/03\/cropped-TRUUSK.png?fit=2032%2C917&ssl=1","width":2032,"height":917,"caption":"TRUUSK - Hem, Tr\u00e4dg\u00e5rd & Fritid"},"image":{"@id":"https:\/\/truusk.store\/sv\/#\/schema\/logo\/image\/"}}]}},"jetpack_sharing_enabled":true,"_links":{"self":[{"href":"https:\/\/truusk.store\/sv\/wp-json\/wp\/v2\/product\/104385","targetHints":{"allow":["GET"]}}],"collection":[{"href":"https:\/\/truusk.store\/sv\/wp-json\/wp\/v2\/product"}],"about":[{"href":"https:\/\/truusk.store\/sv\/wp-json\/wp\/v2\/types\/product"}],"wp:featuredmedia":[{"embeddable":true,"href":"https:\/\/truusk.store\/sv\/wp-json\/wp\/v2\/media\/104376"}],"wp:attachment":[{"href":"https:\/\/truusk.store\/sv\/wp-json\/wp\/v2\/media?parent=104385"}],"wp:term":[{"taxonomy":"product_brand","embeddable":true,"href":"https:\/\/truusk.store\/sv\/wp-json\/wp\/v2\/product_brand?post=104385"},{"taxonomy":"product_cat","embeddable":true,"href":"https:\/\/truusk.store\/sv\/wp-json\/wp\/v2\/product_cat?post=104385"},{"taxonomy":"product_tag","embeddable":true,"href":"https:\/\/truusk.store\/sv\/wp-json\/wp\/v2\/product_tag?post=104385"}],"curies":[{"name":"wp","href":"https:\/\/api.w.org\/{rel}","templated":true}]}}