{"id":104395,"date":"2026-02-09T06:08:44","date_gmt":"2026-02-09T05:08:44","guid":{"rendered":"https:\/\/truusk.store\/product\/modulart-hornsoffa-l-format-soffbadd-med-djup-sittplats-breda-armstod-2-kuddar-morkgra\/"},"modified":"2026-03-12T08:52:51","modified_gmt":"2026-03-12T07:52:51","slug":"truusk-hundsoffa-modulart-l-format-med-djup-sittplats-breda-armstod-2-kuddar-morkgra","status":"publish","type":"product","link":"https:\/\/truusk.store\/sv\/produkt\/truusk-hundsoffa-modulart-l-format-med-djup-sittplats-breda-armstod-2-kuddar-morkgra\/","title":{"rendered":"TRUUSK Hundsoffa &#8211; Modul\u00e4rt L-format med Djup Sittplats &#8211; Breda Armst\u00f6d &#8211; 2 Kuddar &#8211; M\u00f6rkgr\u00e5"},"content":{"rendered":"<p>F\u00f6rvandla ditt vardagsrum med [BRAND NAME] Modul\u00e4ra H\u00f6rnsoffa! Den m\u00e5ngsidiga 2-i-1-designen g\u00f6r att du kan v\u00e4xla mellan en rymlig L-formad soffa och en mysig b\u00e4ddsoffa &#8211; perfekt f\u00f6r underh\u00e5llning eller avkoppling. Njut av komforten av h\u00f6gdensitetsskum som anpassar sig efter din kropp men fortfarande ger st\u00f6d. Kl\u00e4dd i mjuk manchestertyg, ger denna h\u00f6rnsoffa varje rum en touch av retro charm.<\/p>\n<p>Beskrivning:<\/p>\n<ul>\n<li> Modul\u00e4r design av soffgruppen kan enkelt omvandlas till en b\u00e4ddsoffa eller en L-formad soffa<\/li>\n<li> H\u00f6g densitetsskum ger l\u00e5ngvarig komfort och f\u00f6rhindrar att det h\u00e4nger<\/li>\n<li> Kl\u00e4dd med mjuk manchestertyg som ger en mysig och retroestetisk look<\/li>\n<li> Extra djupa sittplatser erbjuder plats att koppla av eller kura upp sig<\/li>\n<li> Breda armst\u00f6d p\u00e5 soffgruppen fungerar samtidigt som hyllor f\u00f6r praktisk komfort<\/li>\n<li> En konstruktion utan montering g\u00f6r det omedelbart redo att anv\u00e4ndas<\/li>\n<li> Avtagbara, tv\u00e4ttbara ryggkudd\u00f6verdrag och kudd\u00f6verdrag underl\u00e4ttar reng\u00f6ring<\/li>\n<li> Konstruktionen av flexibelt skum ger ett s\u00e4krare utrymme.<\/li>\n<\/ul>\n<p> Tekniska data:<\/p>\n<ul>\n<li> F\u00e4rg: M\u00f6rkgr\u00e5<\/li>\n<li> Material: Manchester (100% Polyester), h\u00f6gdensitetsskum<\/li>\n<li> Totala dimensioner: 267L x 168B x 85H cm (L-formad soffa), 192L x 168B x 85H cm (b\u00e4ddsoffa)<\/li>\n<li> 3-sits soffa storlek: 216B x 42H cm<\/li>\n<li> Enkel sitsstorlek: 72B x 72T cm<\/li>\n<li> Chaiselongue storlek: 72\/96B x 143T cm (bak-\/frambredd)<\/li>\n<li> Ryggst\u00f6d storlek: 216B x 24T x 45H cm<\/li>\n<li> Armst\u00f6d storlek: 96L x 24B cm<\/li>\n<li> Armst\u00f6dsh\u00f6jd fr\u00e5n golvet: 60 cm<\/li>\n<li> S\u00e4ngyta storlek: 144\/168B x 143T cm (bak-\/frambredd)<\/li>\n<li> Ryggkudde storlek: 72L x 44B x 20H cm<\/li>\n<li> Dekorativ kudde storlek: 40L x 40B x 13H cm<\/li>\n<li> Maximal belastningskapacitet: 120 kg (per sits)<\/li>\n<\/ul>\n<p>Leverans inneh\u00e5ller:<\/p>\n<ul>\n<li> 1 x Modul\u00e4r soffsektion<\/li>\n<li> 2 x Dekorativa kuddar<\/li>\n<li> 1 x Bruksanvisning<\/li>\n<\/ul>\n","protected":false},"excerpt":{"rendered":"<p>F\u00f6rvandla ditt vardagsrum med [BRAND NAME] Modul\u00e4ra H\u00f6rnsoffa! Den m\u00e5ngsidiga 2-i-1-designen g\u00f6r att du kan v\u00e4xla mellan en rymlig L-formad&#8230;<\/p>\n","protected":false},"featured_media":104386,"template":"","meta":[],"product_brand":[],"product_cat":[1037,871,937,910],"product_tag":[],"class_list":{"0":"post-104395","1":"product","2":"type-product","3":"status-publish","4":"has-post-thumbnail","6":"product_cat-ecksofas","7":"product_cat-hus-hem","8":"product_cat-soffor","9":"product_cat-vardagsrum","11":"first","12":"instock","13":"sale","14":"taxable","15":"shipping-taxable","16":"purchasable","17":"product-type-simple"},"yoast_head":"<!-- This site is optimized with the Yoast SEO plugin v25.4 - https:\/\/yoast.com\/wordpress\/plugins\/seo\/ -->\n<title>TRUUSK Hundsoffa - Modul\u00e4rt L-format med Djup Sittplats - Breda Armst\u00f6d - 2 Kuddar - M\u00f6rkgr\u00e5 - TRUUSK - Hem, Tr\u00e4dg\u00e5rd &amp; Fritid<\/title>\n<meta name=\"robots\" content=\"index, follow, max-snippet:-1, max-image-preview:large, max-video-preview:-1\" \/>\n<link rel=\"canonical\" href=\"https:\/\/truusk.store\/sv\/produkt\/truusk-hundsoffa-modulart-l-format-med-djup-sittplats-breda-armstod-2-kuddar-morkgra\/\" \/>\n<meta property=\"og:locale\" content=\"sv_SE\" \/>\n<meta property=\"og:type\" content=\"article\" \/>\n<meta property=\"og:title\" content=\"TRUUSK Hundsoffa - Modul\u00e4rt L-format med Djup Sittplats - Breda Armst\u00f6d - 2 Kuddar - M\u00f6rkgr\u00e5 - TRUUSK - Hem, Tr\u00e4dg\u00e5rd &amp; Fritid\" \/>\n<meta property=\"og:description\" content=\"F\u00f6rvandla ditt vardagsrum med [BRAND NAME] Modul\u00e4ra H\u00f6rnsoffa! Den m\u00e5ngsidiga 2-i-1-designen g\u00f6r att du kan v\u00e4xla mellan en rymlig L-formad...\" \/>\n<meta property=\"og:url\" content=\"https:\/\/truusk.store\/sv\/produkt\/truusk-hundsoffa-modulart-l-format-med-djup-sittplats-breda-armstod-2-kuddar-morkgra\/\" \/>\n<meta property=\"og:site_name\" content=\"TRUUSK - Hem, Tr\u00e4dg\u00e5rd &amp; Fritid\" \/>\n<meta property=\"article:modified_time\" content=\"2026-03-12T07:52:51+00:00\" \/>\n<meta property=\"og:image\" content=\"https:\/\/i0.wp.com\/truusk.se\/wp-content\/uploads\/2026\/02\/modulart-hornsoffa-l-format-soffbadd-med-djup-sittplats-breda-armstod-2-kuddar-morkgra-1.webp?fit=2000%2C2000&ssl=1\" \/>\n\t<meta property=\"og:image:width\" content=\"2000\" \/>\n\t<meta property=\"og:image:height\" content=\"2000\" \/>\n\t<meta property=\"og:image:type\" content=\"image\/webp\" \/>\n<meta name=\"twitter:card\" content=\"summary_large_image\" \/>\n<meta name=\"twitter:label1\" content=\"Ber\u00e4knad l\u00e4stid\" \/>\n\t<meta name=\"twitter:data1\" content=\"1 minut\" \/>\n<!-- \/ Yoast SEO plugin. -->","yoast_head_json":{"title":"TRUUSK Hundsoffa - Modul\u00e4rt L-format med Djup Sittplats - Breda Armst\u00f6d - 2 Kuddar - M\u00f6rkgr\u00e5 - TRUUSK - Hem, Tr\u00e4dg\u00e5rd &amp; Fritid","robots":{"index":"index","follow":"follow","max-snippet":"max-snippet:-1","max-image-preview":"max-image-preview:large","max-video-preview":"max-video-preview:-1"},"canonical":"https:\/\/truusk.store\/sv\/produkt\/truusk-hundsoffa-modulart-l-format-med-djup-sittplats-breda-armstod-2-kuddar-morkgra\/","og_locale":"sv_SE","og_type":"article","og_title":"TRUUSK Hundsoffa - Modul\u00e4rt L-format med Djup Sittplats - Breda Armst\u00f6d - 2 Kuddar - M\u00f6rkgr\u00e5 - TRUUSK - Hem, Tr\u00e4dg\u00e5rd &amp; Fritid","og_description":"F\u00f6rvandla ditt vardagsrum med [BRAND NAME] Modul\u00e4ra H\u00f6rnsoffa! Den m\u00e5ngsidiga 2-i-1-designen g\u00f6r att du kan v\u00e4xla mellan en rymlig L-formad...","og_url":"https:\/\/truusk.store\/sv\/produkt\/truusk-hundsoffa-modulart-l-format-med-djup-sittplats-breda-armstod-2-kuddar-morkgra\/","og_site_name":"TRUUSK - Hem, Tr\u00e4dg\u00e5rd &amp; Fritid","article_modified_time":"2026-03-12T07:52:51+00:00","og_image":[{"width":2000,"height":2000,"url":"https:\/\/i0.wp.com\/truusk.se\/wp-content\/uploads\/2026\/02\/modulart-hornsoffa-l-format-soffbadd-med-djup-sittplats-breda-armstod-2-kuddar-morkgra-1.webp?fit=2000%2C2000&ssl=1","type":"image\/webp"}],"twitter_card":"summary_large_image","twitter_misc":{"Ber\u00e4knad l\u00e4stid":"1 minut"},"schema":{"@context":"https:\/\/schema.org","@graph":[{"@type":"WebPage","@id":"https:\/\/truusk.store\/sv\/produkt\/truusk-hundsoffa-modulart-l-format-med-djup-sittplats-breda-armstod-2-kuddar-morkgra\/","url":"https:\/\/truusk.store\/sv\/produkt\/truusk-hundsoffa-modulart-l-format-med-djup-sittplats-breda-armstod-2-kuddar-morkgra\/","name":"TRUUSK Hundsoffa - Modul\u00e4rt L-format med Djup Sittplats - Breda Armst\u00f6d - 2 Kuddar - M\u00f6rkgr\u00e5 - TRUUSK - Hem, Tr\u00e4dg\u00e5rd &amp; Fritid","isPartOf":{"@id":"https:\/\/truusk.store\/sv\/#website"},"primaryImageOfPage":{"@id":"https:\/\/truusk.store\/sv\/produkt\/truusk-hundsoffa-modulart-l-format-med-djup-sittplats-breda-armstod-2-kuddar-morkgra\/#primaryimage"},"image":{"@id":"https:\/\/truusk.store\/sv\/produkt\/truusk-hundsoffa-modulart-l-format-med-djup-sittplats-breda-armstod-2-kuddar-morkgra\/#primaryimage"},"thumbnailUrl":"https:\/\/i0.wp.com\/truusk.store\/wp-content\/uploads\/2026\/02\/modulart-hornsoffa-l-format-soffbadd-med-djup-sittplats-breda-armstod-2-kuddar-morkgra-1.webp?fit=2000%2C2000&ssl=1","datePublished":"2026-02-09T05:08:44+00:00","dateModified":"2026-03-12T07:52:51+00:00","breadcrumb":{"@id":"https:\/\/truusk.store\/sv\/produkt\/truusk-hundsoffa-modulart-l-format-med-djup-sittplats-breda-armstod-2-kuddar-morkgra\/#breadcrumb"},"inLanguage":"sv-SE","potentialAction":[{"@type":"ReadAction","target":["https:\/\/truusk.store\/sv\/produkt\/truusk-hundsoffa-modulart-l-format-med-djup-sittplats-breda-armstod-2-kuddar-morkgra\/"]}]},{"@type":"ImageObject","inLanguage":"sv-SE","@id":"https:\/\/truusk.store\/sv\/produkt\/truusk-hundsoffa-modulart-l-format-med-djup-sittplats-breda-armstod-2-kuddar-morkgra\/#primaryimage","url":"https:\/\/i0.wp.com\/truusk.store\/wp-content\/uploads\/2026\/02\/modulart-hornsoffa-l-format-soffbadd-med-djup-sittplats-breda-armstod-2-kuddar-morkgra-1.webp?fit=2000%2C2000&ssl=1","contentUrl":"https:\/\/i0.wp.com\/truusk.store\/wp-content\/uploads\/2026\/02\/modulart-hornsoffa-l-format-soffbadd-med-djup-sittplats-breda-armstod-2-kuddar-morkgra-1.webp?fit=2000%2C2000&ssl=1","width":2000,"height":2000},{"@type":"BreadcrumbList","@id":"https:\/\/truusk.store\/sv\/produkt\/truusk-hundsoffa-modulart-l-format-med-djup-sittplats-breda-armstod-2-kuddar-morkgra\/#breadcrumb","itemListElement":[{"@type":"ListItem","position":1,"name":"Home","item":"https:\/\/truusk.store\/sv\/"},{"@type":"ListItem","position":2,"name":"Shop","item":"https:\/\/truusk.store\/shop\/"},{"@type":"ListItem","position":3,"name":"TRUUSK Hundsoffa &#8211; Modul\u00e4rt L-format med Djup Sittplats &#8211; Breda Armst\u00f6d &#8211; 2 Kuddar &#8211; M\u00f6rkgr\u00e5"}]},{"@type":"WebSite","@id":"https:\/\/truusk.store\/sv\/#website","url":"https:\/\/truusk.store\/sv\/","name":"TRUUSK - Hem, Tr\u00e4dg\u00e5rd & Fritid","description":"","publisher":{"@id":"https:\/\/truusk.store\/sv\/#organization"},"potentialAction":[{"@type":"SearchAction","target":{"@type":"EntryPoint","urlTemplate":"https:\/\/truusk.store\/sv\/?s={search_term_string}"},"query-input":{"@type":"PropertyValueSpecification","valueRequired":true,"valueName":"search_term_string"}}],"inLanguage":"sv-SE"},{"@type":"Organization","@id":"https:\/\/truusk.store\/sv\/#organization","name":"TRUUSK - Hem, Tr\u00e4dg\u00e5rd & Fritid","url":"https:\/\/truusk.store\/sv\/","logo":{"@type":"ImageObject","inLanguage":"sv-SE","@id":"https:\/\/truusk.store\/sv\/#\/schema\/logo\/image\/","url":"https:\/\/i0.wp.com\/truusk.store\/wp-content\/uploads\/2026\/03\/cropped-TRUUSK.png?fit=2032%2C917&ssl=1","contentUrl":"https:\/\/i0.wp.com\/truusk.store\/wp-content\/uploads\/2026\/03\/cropped-TRUUSK.png?fit=2032%2C917&ssl=1","width":2032,"height":917,"caption":"TRUUSK - Hem, Tr\u00e4dg\u00e5rd & Fritid"},"image":{"@id":"https:\/\/truusk.store\/sv\/#\/schema\/logo\/image\/"}}]}},"jetpack_sharing_enabled":true,"_links":{"self":[{"href":"https:\/\/truusk.store\/sv\/wp-json\/wp\/v2\/product\/104395","targetHints":{"allow":["GET"]}}],"collection":[{"href":"https:\/\/truusk.store\/sv\/wp-json\/wp\/v2\/product"}],"about":[{"href":"https:\/\/truusk.store\/sv\/wp-json\/wp\/v2\/types\/product"}],"wp:featuredmedia":[{"embeddable":true,"href":"https:\/\/truusk.store\/sv\/wp-json\/wp\/v2\/media\/104386"}],"wp:attachment":[{"href":"https:\/\/truusk.store\/sv\/wp-json\/wp\/v2\/media?parent=104395"}],"wp:term":[{"taxonomy":"product_brand","embeddable":true,"href":"https:\/\/truusk.store\/sv\/wp-json\/wp\/v2\/product_brand?post=104395"},{"taxonomy":"product_cat","embeddable":true,"href":"https:\/\/truusk.store\/sv\/wp-json\/wp\/v2\/product_cat?post=104395"},{"taxonomy":"product_tag","embeddable":true,"href":"https:\/\/truusk.store\/sv\/wp-json\/wp\/v2\/product_tag?post=104395"}],"curies":[{"name":"wp","href":"https:\/\/api.w.org\/{rel}","templated":true}]}}