{"id":104415,"date":"2026-02-09T06:10:39","date_gmt":"2026-02-09T05:10:39","guid":{"rendered":"https:\/\/truusk.store\/product\/8-pack-sandsackar-for-paviljongfotter-40-kg-slitstarka-sandsackar-av-600d-oxford-tyg-utan-sand-svart\/"},"modified":"2026-03-12T08:52:53","modified_gmt":"2026-03-12T07:52:53","slug":"truusk-8-pack-sandsackar-for-paviljongfotter-40-kg-slitstarka-sandsackar-av-600d-oxford-tyg-utan-sand-svart","status":"publish","type":"product","link":"https:\/\/truusk.store\/sv\/produkt\/truusk-8-pack-sandsackar-for-paviljongfotter-40-kg-slitstarka-sandsackar-av-600d-oxford-tyg-utan-sand-svart\/","title":{"rendered":"TRUUSK 8-pack Sands\u00e4ckar F\u00f6r Paviljongf\u00f6tter &#8211; 40 Kg &#8211; Slitstarka Sands\u00e4ckar Av 600D Oxford-tyg &#8211; Utan Sand &#8211; Svart"},"content":{"rendered":"<p>Med dessa t\u00e4ltvikter f\u00f6rblir ditt t\u00e4lt s\u00e4kert. [BRAND NAME] vikter f\u00f6r paviljonger tillverkade av robust 600D Oxford-tyg \u00e4r idealiska f\u00f6r utomhusbruk. Tack vare snabbsp\u00e4nnet och kardborrebandet kan de enkelt f\u00e4stas p\u00e5 t\u00e4ltben eller markst\u00e4nger. Perfekt f\u00f6r camping, fester, picknick, festivaler, marknader, grillfester, sportevenemang, stranden eller var som helst med en baldakin eller t\u00e4lt.<\/p>\n<p>Beskrivning:<\/p>\n<ul>\n<li> Set med 8 paviljongvikter: H\u00e5ller upp till 5 kg vikt i v\u00e5t sand. (Ingen sand ing\u00e5r)<\/li>\n<li> Kardborreband f\u00f6r h\u00f6g vindmotst\u00e5nd och enkel \u00f6ppning f\u00f6r snabb p\u00e5fyllning<\/li>\n<li> B\u00e4rhandtag f\u00f6r enkel transport<\/li>\n<li> L\u00e4mplig f\u00f6r alla baldakiner eller t\u00e4lt (benstorlek: \u226430 x 30 mm)<\/li>\n<\/ul>\n<p> Tekniska data:<\/p>\n<ul>\n<li> F\u00e4rg: Svart<\/li>\n<li> Material: Oxford-tyg<\/li>\n<li> M\u00e5tt: 20B x 50H cm (per sands\u00e4ck)<\/li>\n<li> \u00d6ppningsdiameter upptill: 40 cm<\/li>\n<li> L\u00e4mplig f\u00f6r benstorlek: \u226430 x 30 mm<\/li>\n<\/ul>\n<p> Leveransinneh\u00e5ll:<\/p>\n<ul>\n<li> 8 x Baldakin-sands\u00e4ck<\/li>\n<li> 1 x Bruksanvisning<\/li>\n<\/ul>\n","protected":false},"excerpt":{"rendered":"<p>Med dessa t\u00e4ltvikter f\u00f6rblir ditt t\u00e4lt s\u00e4kert. [BRAND NAME] vikter f\u00f6r paviljonger tillverkade av robust 600D Oxford-tyg \u00e4r idealiska f\u00f6r&#8230;<\/p>\n","protected":false},"featured_media":104403,"template":"","meta":[],"product_brand":[],"product_cat":[1060,858,476],"product_tag":[],"class_list":{"0":"post-104415","1":"product","2":"type-product","3":"status-publish","4":"has-post-thumbnail","6":"product_cat-tillbehor-for-paviljonger","7":"product_cat-tradgard-terrass","8":"product_cat-tradgardspaviljonger","10":"first","11":"instock","12":"sale","13":"taxable","14":"shipping-taxable","15":"purchasable","16":"product-type-simple"},"yoast_head":"<!-- This site is optimized with the Yoast SEO plugin v25.4 - https:\/\/yoast.com\/wordpress\/plugins\/seo\/ -->\n<title>TRUUSK 8-pack Sands\u00e4ckar F\u00f6r Paviljongf\u00f6tter - 40 Kg - Slitstarka Sands\u00e4ckar Av 600D Oxford-tyg - Utan Sand - Svart - TRUUSK - Hem, Tr\u00e4dg\u00e5rd &amp; Fritid<\/title>\n<meta name=\"robots\" content=\"index, follow, max-snippet:-1, max-image-preview:large, max-video-preview:-1\" \/>\n<link rel=\"canonical\" href=\"https:\/\/truusk.store\/sv\/produkt\/truusk-8-pack-sandsackar-for-paviljongfotter-40-kg-slitstarka-sandsackar-av-600d-oxford-tyg-utan-sand-svart\/\" \/>\n<meta property=\"og:locale\" content=\"sv_SE\" \/>\n<meta property=\"og:type\" content=\"article\" \/>\n<meta property=\"og:title\" content=\"TRUUSK 8-pack Sands\u00e4ckar F\u00f6r Paviljongf\u00f6tter - 40 Kg - Slitstarka Sands\u00e4ckar Av 600D Oxford-tyg - Utan Sand - Svart - TRUUSK - Hem, Tr\u00e4dg\u00e5rd &amp; Fritid\" \/>\n<meta property=\"og:description\" content=\"Med dessa t\u00e4ltvikter f\u00f6rblir ditt t\u00e4lt s\u00e4kert. [BRAND NAME] vikter f\u00f6r paviljonger tillverkade av robust 600D Oxford-tyg \u00e4r idealiska f\u00f6r...\" \/>\n<meta property=\"og:url\" content=\"https:\/\/truusk.store\/sv\/produkt\/truusk-8-pack-sandsackar-for-paviljongfotter-40-kg-slitstarka-sandsackar-av-600d-oxford-tyg-utan-sand-svart\/\" \/>\n<meta property=\"og:site_name\" content=\"TRUUSK - Hem, Tr\u00e4dg\u00e5rd &amp; Fritid\" \/>\n<meta property=\"article:modified_time\" content=\"2026-03-12T07:52:53+00:00\" \/>\n<meta property=\"og:image\" content=\"https:\/\/i0.wp.com\/truusk.se\/wp-content\/uploads\/2026\/02\/8-pack-sandsackar-for-paviljongfotter-40-kg-slitstarka-sandsackar-av-600d-oxford-tyg-utan-sand-svart-1.webp?fit=2000%2C2000&ssl=1\" \/>\n\t<meta property=\"og:image:width\" content=\"2000\" \/>\n\t<meta property=\"og:image:height\" content=\"2000\" \/>\n\t<meta property=\"og:image:type\" content=\"image\/webp\" \/>\n<meta name=\"twitter:card\" content=\"summary_large_image\" \/>\n<meta name=\"twitter:label1\" content=\"Ber\u00e4knad l\u00e4stid\" \/>\n\t<meta name=\"twitter:data1\" content=\"1 minut\" \/>\n<!-- \/ Yoast SEO plugin. -->","yoast_head_json":{"title":"TRUUSK 8-pack Sands\u00e4ckar F\u00f6r Paviljongf\u00f6tter - 40 Kg - Slitstarka Sands\u00e4ckar Av 600D Oxford-tyg - Utan Sand - Svart - TRUUSK - Hem, Tr\u00e4dg\u00e5rd &amp; Fritid","robots":{"index":"index","follow":"follow","max-snippet":"max-snippet:-1","max-image-preview":"max-image-preview:large","max-video-preview":"max-video-preview:-1"},"canonical":"https:\/\/truusk.store\/sv\/produkt\/truusk-8-pack-sandsackar-for-paviljongfotter-40-kg-slitstarka-sandsackar-av-600d-oxford-tyg-utan-sand-svart\/","og_locale":"sv_SE","og_type":"article","og_title":"TRUUSK 8-pack Sands\u00e4ckar F\u00f6r Paviljongf\u00f6tter - 40 Kg - Slitstarka Sands\u00e4ckar Av 600D Oxford-tyg - Utan Sand - Svart - TRUUSK - Hem, Tr\u00e4dg\u00e5rd &amp; Fritid","og_description":"Med dessa t\u00e4ltvikter f\u00f6rblir ditt t\u00e4lt s\u00e4kert. [BRAND NAME] vikter f\u00f6r paviljonger tillverkade av robust 600D Oxford-tyg \u00e4r idealiska f\u00f6r...","og_url":"https:\/\/truusk.store\/sv\/produkt\/truusk-8-pack-sandsackar-for-paviljongfotter-40-kg-slitstarka-sandsackar-av-600d-oxford-tyg-utan-sand-svart\/","og_site_name":"TRUUSK - Hem, Tr\u00e4dg\u00e5rd &amp; Fritid","article_modified_time":"2026-03-12T07:52:53+00:00","og_image":[{"width":2000,"height":2000,"url":"https:\/\/i0.wp.com\/truusk.se\/wp-content\/uploads\/2026\/02\/8-pack-sandsackar-for-paviljongfotter-40-kg-slitstarka-sandsackar-av-600d-oxford-tyg-utan-sand-svart-1.webp?fit=2000%2C2000&ssl=1","type":"image\/webp"}],"twitter_card":"summary_large_image","twitter_misc":{"Ber\u00e4knad l\u00e4stid":"1 minut"},"schema":{"@context":"https:\/\/schema.org","@graph":[{"@type":"WebPage","@id":"https:\/\/truusk.store\/sv\/produkt\/truusk-8-pack-sandsackar-for-paviljongfotter-40-kg-slitstarka-sandsackar-av-600d-oxford-tyg-utan-sand-svart\/","url":"https:\/\/truusk.store\/sv\/produkt\/truusk-8-pack-sandsackar-for-paviljongfotter-40-kg-slitstarka-sandsackar-av-600d-oxford-tyg-utan-sand-svart\/","name":"TRUUSK 8-pack Sands\u00e4ckar F\u00f6r Paviljongf\u00f6tter - 40 Kg - Slitstarka Sands\u00e4ckar Av 600D Oxford-tyg - Utan Sand - Svart - TRUUSK - Hem, Tr\u00e4dg\u00e5rd &amp; Fritid","isPartOf":{"@id":"https:\/\/truusk.store\/sv\/#website"},"primaryImageOfPage":{"@id":"https:\/\/truusk.store\/sv\/produkt\/truusk-8-pack-sandsackar-for-paviljongfotter-40-kg-slitstarka-sandsackar-av-600d-oxford-tyg-utan-sand-svart\/#primaryimage"},"image":{"@id":"https:\/\/truusk.store\/sv\/produkt\/truusk-8-pack-sandsackar-for-paviljongfotter-40-kg-slitstarka-sandsackar-av-600d-oxford-tyg-utan-sand-svart\/#primaryimage"},"thumbnailUrl":"https:\/\/i0.wp.com\/truusk.store\/wp-content\/uploads\/2026\/02\/8-pack-sandsackar-for-paviljongfotter-40-kg-slitstarka-sandsackar-av-600d-oxford-tyg-utan-sand-svart-1.webp?fit=2000%2C2000&ssl=1","datePublished":"2026-02-09T05:10:39+00:00","dateModified":"2026-03-12T07:52:53+00:00","breadcrumb":{"@id":"https:\/\/truusk.store\/sv\/produkt\/truusk-8-pack-sandsackar-for-paviljongfotter-40-kg-slitstarka-sandsackar-av-600d-oxford-tyg-utan-sand-svart\/#breadcrumb"},"inLanguage":"sv-SE","potentialAction":[{"@type":"ReadAction","target":["https:\/\/truusk.store\/sv\/produkt\/truusk-8-pack-sandsackar-for-paviljongfotter-40-kg-slitstarka-sandsackar-av-600d-oxford-tyg-utan-sand-svart\/"]}]},{"@type":"ImageObject","inLanguage":"sv-SE","@id":"https:\/\/truusk.store\/sv\/produkt\/truusk-8-pack-sandsackar-for-paviljongfotter-40-kg-slitstarka-sandsackar-av-600d-oxford-tyg-utan-sand-svart\/#primaryimage","url":"https:\/\/i0.wp.com\/truusk.store\/wp-content\/uploads\/2026\/02\/8-pack-sandsackar-for-paviljongfotter-40-kg-slitstarka-sandsackar-av-600d-oxford-tyg-utan-sand-svart-1.webp?fit=2000%2C2000&ssl=1","contentUrl":"https:\/\/i0.wp.com\/truusk.store\/wp-content\/uploads\/2026\/02\/8-pack-sandsackar-for-paviljongfotter-40-kg-slitstarka-sandsackar-av-600d-oxford-tyg-utan-sand-svart-1.webp?fit=2000%2C2000&ssl=1","width":2000,"height":2000},{"@type":"BreadcrumbList","@id":"https:\/\/truusk.store\/sv\/produkt\/truusk-8-pack-sandsackar-for-paviljongfotter-40-kg-slitstarka-sandsackar-av-600d-oxford-tyg-utan-sand-svart\/#breadcrumb","itemListElement":[{"@type":"ListItem","position":1,"name":"Home","item":"https:\/\/truusk.store\/sv\/"},{"@type":"ListItem","position":2,"name":"Shop","item":"https:\/\/truusk.store\/shop\/"},{"@type":"ListItem","position":3,"name":"TRUUSK 8-pack Sands\u00e4ckar F\u00f6r Paviljongf\u00f6tter &#8211; 40 Kg &#8211; Slitstarka Sands\u00e4ckar Av 600D Oxford-tyg &#8211; Utan Sand &#8211; Svart"}]},{"@type":"WebSite","@id":"https:\/\/truusk.store\/sv\/#website","url":"https:\/\/truusk.store\/sv\/","name":"TRUUSK - Hem, Tr\u00e4dg\u00e5rd & Fritid","description":"","publisher":{"@id":"https:\/\/truusk.store\/sv\/#organization"},"potentialAction":[{"@type":"SearchAction","target":{"@type":"EntryPoint","urlTemplate":"https:\/\/truusk.store\/sv\/?s={search_term_string}"},"query-input":{"@type":"PropertyValueSpecification","valueRequired":true,"valueName":"search_term_string"}}],"inLanguage":"sv-SE"},{"@type":"Organization","@id":"https:\/\/truusk.store\/sv\/#organization","name":"TRUUSK - Hem, Tr\u00e4dg\u00e5rd & Fritid","url":"https:\/\/truusk.store\/sv\/","logo":{"@type":"ImageObject","inLanguage":"sv-SE","@id":"https:\/\/truusk.store\/sv\/#\/schema\/logo\/image\/","url":"https:\/\/i0.wp.com\/truusk.store\/wp-content\/uploads\/2026\/03\/cropped-TRUUSK.png?fit=2032%2C917&ssl=1","contentUrl":"https:\/\/i0.wp.com\/truusk.store\/wp-content\/uploads\/2026\/03\/cropped-TRUUSK.png?fit=2032%2C917&ssl=1","width":2032,"height":917,"caption":"TRUUSK - Hem, Tr\u00e4dg\u00e5rd & Fritid"},"image":{"@id":"https:\/\/truusk.store\/sv\/#\/schema\/logo\/image\/"}}]}},"jetpack_sharing_enabled":true,"_links":{"self":[{"href":"https:\/\/truusk.store\/sv\/wp-json\/wp\/v2\/product\/104415","targetHints":{"allow":["GET"]}}],"collection":[{"href":"https:\/\/truusk.store\/sv\/wp-json\/wp\/v2\/product"}],"about":[{"href":"https:\/\/truusk.store\/sv\/wp-json\/wp\/v2\/types\/product"}],"wp:featuredmedia":[{"embeddable":true,"href":"https:\/\/truusk.store\/sv\/wp-json\/wp\/v2\/media\/104403"}],"wp:attachment":[{"href":"https:\/\/truusk.store\/sv\/wp-json\/wp\/v2\/media?parent=104415"}],"wp:term":[{"taxonomy":"product_brand","embeddable":true,"href":"https:\/\/truusk.store\/sv\/wp-json\/wp\/v2\/product_brand?post=104415"},{"taxonomy":"product_cat","embeddable":true,"href":"https:\/\/truusk.store\/sv\/wp-json\/wp\/v2\/product_cat?post=104415"},{"taxonomy":"product_tag","embeddable":true,"href":"https:\/\/truusk.store\/sv\/wp-json\/wp\/v2\/product_tag?post=104415"}],"curies":[{"name":"wp","href":"https:\/\/api.w.org\/{rel}","templated":true}]}}